{"id":4135,"date":"2018-09-09T09:40:25","date_gmt":"2018-09-09T09:40:25","guid":{"rendered":"https:\/\/www.mouldprecision.com\/?page_id=4135"},"modified":"2018-09-09T09:46:26","modified_gmt":"2018-09-09T09:46:26","slug":"servicos","status":"publish","type":"page","link":"https:\/\/www.mouldprecision.com\/pt-pt\/servicos.html","title":{"rendered":"Servi\u00e7os"},"content":{"rendered":"<div id=\"pl-4135\"  class=\"panel-layout\" >\n<div id=\"pg-4135-0\"  class=\"panel-grid panel-no-style\" >\n<div id=\"pgc-4135-0-0\"  class=\"panel-grid-cell\"  data-weight=\"1\" >\n<div id=\"panel-4135-0-0-0\" class=\"so-panel widget widget_business-kit-features business-kit-features features-section panel-first-child panel-last-child\" data-index=\"0\" data-style=\"{&quot;background_image_attachment&quot;:false,&quot;background_display&quot;:&quot;tile&quot;}\" >\n\t\t\t<div class=\"features-holder\">\n\n\t\t\t\t\n\t\t\t\t\t<div class=\"section-title\">\n\n\t\t\t\t        <h3 class=\"widget-title\">Servi\u00e7os:<\/h3>\n\t\t\t        <\/div>\n\t\t        \t\t        \n\t\t\t\t<div class=\"features-wrapper\">\n\t\t\t\t\t\n\t\t\t\t\t\n\t\t\t\t\t\t\t\t\t\t\t\t\t\t\t\t\t\t\t\t\n\t\t\t\t\t\t\t\t<div class=\"inner-wrapper\">\n\n\t\t\t\t\t\t\t\t\t\t\t\t\t\t\t\t\t\t\t\n\t\t\t\t\t\t\t\t\t\t<div class=\"features-item\">\n\n\t\t\t\t\t\t\t\t\t\t    <div class=\"features-inner\">\n\n\t\t\t\t\t\t\t\t\t\t        <div class=\"feature-icon\">\n\t\t\t\t\t\t\t\t\t\t            <span class=\"icon-lightbulb\"><\/span>\n\t\t\t\t\t\t\t\t\t\t        <\/div> <!-- .feature-icon -->\n\n\t\t\t\t\t\t\t\t\t\t        <div class=\"features-text-wrap\">\n\t\t\t\t\t\t\t\t\t\t            \n\t\t\t\t\t\t\t\t\t            \t\n\t\t\t\t\t\t\t\t\t\t            <h2><a href=\"https:\/\/www.mouldprecision.com\/pt-pt\/servicos\/molde-diseno.html\">Molde dise\u00f1o<\/a><\/h2>\n\n\t\t\t\t\t\t\t\t\t\t              \t<p>Grande projeto de molde \u00e9 um meio sucesso de molde de alta qualidade. Nossos engenheiros de molde de intelig\u00eancia, oferecer-lhe DFM, Moldflow, Layout de molde 2D e 3D desenho de molde, eles s\u00e3o qualificados e experi\u00eancia...<\/p>\n\t\t\t\t\t\t\t\t\t\t        <\/div>\n\n\t\t\t\t\t\t\t\t\t\t    <\/div> <!-- .features-inner -->\n\n\t\t\t\t\t\t\t\t\t\t<\/div> <!-- .features-item -->\n\n\t\t\t\t\t\t\t\t\t\t\t\t\t\t\t\t\t\t\t\n\t\t\t\t\t\t\t\t\t\t<div class=\"features-item\">\n\n\t\t\t\t\t\t\t\t\t\t    <div class=\"features-inner\">\n\n\t\t\t\t\t\t\t\t\t\t        <div class=\"feature-icon\">\n\t\t\t\t\t\t\t\t\t\t            <span class=\"icon-tools-2\"><\/span>\n\t\t\t\t\t\t\t\t\t\t        <\/div> <!-- .feature-icon -->\n\n\t\t\t\t\t\t\t\t\t\t        <div class=\"features-text-wrap\">\n\t\t\t\t\t\t\t\t\t\t            \n\t\t\t\t\t\t\t\t\t            \t\n\t\t\t\t\t\t\t\t\t\t            <h2><a href=\"https:\/\/www.mouldprecision.com\/pt-pt\/servicos\/moldes-fabricacao.html\">Moldes fabrica\u00e7\u00e3o<\/a><\/h2>\n\n\t\t\t\t\t\t\t\t\t\t              \t<p>Fabrica\u00e7\u00e3o de moldes na China, moldes de exporta\u00e7\u00e3o para a Europa e Am\u00e9rica. N\u00f3s temos a experi\u00eancia rica para o servi\u00e7o de fabrica\u00e7\u00e3o de moldes de inje\u00e7\u00e3o de pl\u00e1stico, com padr\u00e3o LKM, HASCO ou DME, e...<\/p>\n\t\t\t\t\t\t\t\t\t\t        <\/div>\n\n\t\t\t\t\t\t\t\t\t\t    <\/div> <!-- .features-inner -->\n\n\t\t\t\t\t\t\t\t\t\t<\/div> <!-- .features-item -->\n\n\t\t\t\t\t\t\t\t\t\t\t\t\t\t\t\t\t\t\t\n\t\t\t\t\t\t\t\t\t\t<div class=\"features-item\">\n\n\t\t\t\t\t\t\t\t\t\t    <div class=\"features-inner\">\n\n\t\t\t\t\t\t\t\t\t\t        <div class=\"feature-icon\">\n\t\t\t\t\t\t\t\t\t\t            <span class=\"icon-aperture\"><\/span>\n\t\t\t\t\t\t\t\t\t\t        <\/div> <!-- .feature-icon -->\n\n\t\t\t\t\t\t\t\t\t\t        <div class=\"features-text-wrap\">\n\t\t\t\t\t\t\t\t\t\t            \n\t\t\t\t\t\t\t\t\t            \t\n\t\t\t\t\t\t\t\t\t\t            <h2><a href=\"https:\/\/www.mouldprecision.com\/pt-pt\/servicos\/plasticos-inyeccion.html\">Pl\u00e1sticos inyecci\u00f3n<\/a><\/h2>\n\n\t\t\t\t\t\t\t\t\t\t              \t<p>Servi\u00e7o de moldagem de pl\u00e1stico: Oferecemos servi\u00e7os personalizados de moldagem de pl\u00e1stico, qualquer quantidade \u00e9 bem-vinda e a capacidade \u00e9 de 60 a 1800 toneladas. Voc\u00ea obter\u00e1 produto de moldagem de pl\u00e1stico de alta qualidade, com...<\/p>\n\t\t\t\t\t\t\t\t\t\t        <\/div>\n\n\t\t\t\t\t\t\t\t\t\t    <\/div> <!-- .features-inner -->\n\n\t\t\t\t\t\t\t\t\t\t<\/div> <!-- .features-item -->\n\n\t\t\t\t\t\t\t\t\t\t\t\t\t\t\t\t\t\t\t\n\t\t\t\t\t\t\t\t\t\t<div class=\"features-item\">\n\n\t\t\t\t\t\t\t\t\t\t    <div class=\"features-inner\">\n\n\t\t\t\t\t\t\t\t\t\t        <div class=\"feature-icon\">\n\t\t\t\t\t\t\t\t\t\t            <span class=\"icon-pencil\"><\/span>\n\t\t\t\t\t\t\t\t\t\t        <\/div> <!-- .feature-icon -->\n\n\t\t\t\t\t\t\t\t\t\t        <div class=\"features-text-wrap\">\n\t\t\t\t\t\t\t\t\t\t            \n\t\t\t\t\t\t\t\t\t            \t\n\t\t\t\t\t\t\t\t\t\t            <h2><a href=\"https:\/\/www.mouldprecision.com\/pt-pt\/faq.html\">FAQ<\/a><\/h2>\n\n\t\t\t\t\t\t\t\t\t\t              \t<p>FAQ- Perguntas Frequentes Qual o servi\u00e7o que voc\u00ea oferece? Fabrica\u00e7\u00e3o de moldes por inje\u00e7\u00e3o de pl\u00e1stico, moldagem por inje\u00e7\u00e3o de pl\u00e1stico e usinagem de precis\u00e3o Qual \u00e9 o principal produto que voc\u00ea est\u00e1 a fazer? Molde...<\/p>\n\t\t\t\t\t\t\t\t\t\t        <\/div>\n\n\t\t\t\t\t\t\t\t\t\t    <\/div> <!-- .features-inner -->\n\n\t\t\t\t\t\t\t\t\t\t<\/div> <!-- .features-item -->\n\n\t\t\t\t\t\t\t\t\t\t\t\t\t\t\t\t\t\t\t\n\t\t\t\t\t\t\t\t\t\t<div class=\"features-item\">\n\n\t\t\t\t\t\t\t\t\t\t    <div class=\"features-inner\">\n\n\t\t\t\t\t\t\t\t\t\t        <div class=\"feature-icon\">\n\t\t\t\t\t\t\t\t\t\t            <span class=\"icon-presentation\"><\/span>\n\t\t\t\t\t\t\t\t\t\t        <\/div> <!-- .feature-icon -->\n\n\t\t\t\t\t\t\t\t\t\t        <div class=\"features-text-wrap\">\n\t\t\t\t\t\t\t\t\t\t            \n\t\t\t\t\t\t\t\t\t            \t\n\t\t\t\t\t\t\t\t\t\t            <h2><a href=\"https:\/\/www.mouldprecision.com\/pt-pt\/servicos\/projeto-procedimento.html\">Projeto procedimento<\/a><\/h2>\n\n\t\t\t\t\t\t\t\t\t\t              \t<p>Procedimento de Projeto A boa solu\u00e7\u00e3o e o sistema podem faz\u00ea-lo f\u00e1cil e suave. O projeto come\u00e7a quando recebemos seu RFQ. N\u00f3s oferecemos-lhe cota\u00e7\u00e3o ap\u00f3s confirmar informa\u00e7\u00f5es b\u00e1sicas. Como o a\u00e7o para o n\u00facleo e a...<\/p>\n\t\t\t\t\t\t\t\t\t\t        <\/div>\n\n\t\t\t\t\t\t\t\t\t\t    <\/div> <!-- .features-inner -->\n\n\t\t\t\t\t\t\t\t\t\t<\/div> <!-- .features-item -->\n\n\t\t\t\t\t\t\t\t\t\t\t\t\t\t\t\t\t\t\t\n\t\t\t\t\t\t\t\t\t\t<div class=\"features-item\">\n\n\t\t\t\t\t\t\t\t\t\t    <div class=\"features-inner\">\n\n\t\t\t\t\t\t\t\t\t\t        <div class=\"feature-icon\">\n\t\t\t\t\t\t\t\t\t\t            <span class=\"icon-magnifying-glass\"><\/span>\n\t\t\t\t\t\t\t\t\t\t        <\/div> <!-- .feature-icon -->\n\n\t\t\t\t\t\t\t\t\t\t        <div class=\"features-text-wrap\">\n\t\t\t\t\t\t\t\t\t\t            \n\t\t\t\t\t\t\t\t\t            \t\n\t\t\t\t\t\t\t\t\t\t            <h2><a href=\"https:\/\/www.mouldprecision.com\/pt-pt\/qualidade-controle.html\">Qualidade controle<\/a><\/h2>\n\n\t\t\t\t\t\t\t\t\t\t              \t<p>N\u00f3s seguimos o gerenciamento do PDCA. \u00c9 boa solu\u00e7\u00e3o e sistema para molde normal e fabrica\u00e7\u00e3o de molde urgente. Oferecemos Relat\u00f3rio Semanal para controle de qualidade de fabrica\u00e7\u00e3o de moldes e entrega pontual. As quatro fases...<\/p>\n\t\t\t\t\t\t\t\t\t\t        <\/div>\n\n\t\t\t\t\t\t\t\t\t\t    <\/div> <!-- .features-inner -->\n\n\t\t\t\t\t\t\t\t\t\t<\/div> <!-- .features-item -->\n\n\t\t\t\t\t\t\t\t\t\n\t\t\t\t\t\t\t\t<\/div><!-- .inner-wrapper -->\n\n\t\t\t\t\t\t\t\n\t\t\t\t\t\t\n\t\t\t\t<\/div><!-- .features-wrapper -->\n\n\t\t\t<\/div>\n\n\t\t\t<\/div>\n<\/div>\n<\/div>\n<\/div>\n<!-- Begin Yuzo --><div class='yuzo_related_post style-1'  data-version='5.12.89'><!-- without result --><div class='yuzo_clearfixed yuzo__title yuzo__title'><h5>Related Post<\/h5><\/div>\n<\/div>  <!-- End Yuzo :) -->","protected":false},"excerpt":{"rendered":"<p>Related Post<\/p>\n","protected":false},"author":2,"featured_media":0,"parent":0,"menu_order":0,"comment_status":"closed","ping_status":"closed","template":"templates\/full-width-page.php","meta":{"footnotes":""},"class_list":["post-4135","page","type-page","status-publish","hentry"],"yoast_head":"<!-- This site is optimized with the Yoast SEO plugin v27.2 - https:\/\/yoast.com\/product\/yoast-seo-wordpress\/ -->\n<title>Servi\u00e7os | China mould maker,mould making company &amp; manufacturer<\/title>\n<meta name=\"robots\" content=\"index, follow, max-snippet:-1, max-image-preview:large, max-video-preview:-1\" \/>\n<link rel=\"canonical\" href=\"https:\/\/www.mouldprecision.com\/pt-pt\/servicos.html\" \/>\n<meta property=\"og:locale\" content=\"pt_PT\" \/>\n<meta property=\"og:type\" content=\"article\" \/>\n<meta property=\"og:title\" content=\"Servi\u00e7os | China mould maker,mould making company &amp; manufacturer\" \/>\n<meta property=\"og:description\" content=\"Related Post\" \/>\n<meta property=\"og:url\" content=\"https:\/\/www.mouldprecision.com\/pt-pt\/servicos.html\" \/>\n<meta property=\"og:site_name\" content=\"China mould maker,mould making company &amp; manufacturer\" \/>\n<meta property=\"article:modified_time\" content=\"2018-09-09T09:46:26+00:00\" \/>\n<meta name=\"twitter:card\" content=\"summary_large_image\" \/>\n<script type=\"application\/ld+json\" class=\"yoast-schema-graph\">{\"@context\":\"https:\/\/schema.org\",\"@graph\":[{\"@type\":\"WebPage\",\"@id\":\"https:\/\/www.mouldprecision.com\/pt-pt\/servicos.html\",\"url\":\"https:\/\/www.mouldprecision.com\/pt-pt\/servicos.html\",\"name\":\"Servi\u00e7os | China mould maker,mould making company &amp; manufacturer\",\"isPartOf\":{\"@id\":\"https:\/\/www.mouldprecision.com\/#website\"},\"datePublished\":\"2018-09-09T09:40:25+00:00\",\"dateModified\":\"2018-09-09T09:46:26+00:00\",\"breadcrumb\":{\"@id\":\"https:\/\/www.mouldprecision.com\/pt-pt\/servicos.html#breadcrumb\"},\"inLanguage\":\"pt-PT\",\"potentialAction\":[{\"@type\":\"ReadAction\",\"target\":[\"https:\/\/www.mouldprecision.com\/pt-pt\/servicos.html\"]}]},{\"@type\":\"BreadcrumbList\",\"@id\":\"https:\/\/www.mouldprecision.com\/pt-pt\/servicos.html#breadcrumb\",\"itemListElement\":[{\"@type\":\"ListItem\",\"position\":1,\"name\":\"Home\",\"item\":\"https:\/\/www.mouldprecision.com\/pt-pt\"},{\"@type\":\"ListItem\",\"position\":2,\"name\":\"Servi\u00e7os\"}]},{\"@type\":\"WebSite\",\"@id\":\"https:\/\/www.mouldprecision.com\/#website\",\"url\":\"https:\/\/www.mouldprecision.com\/\",\"name\":\"China mould maker,mould making company &amp; manufacturer\",\"description\":\"\",\"publisher\":{\"@id\":\"https:\/\/www.mouldprecision.com\/#organization\"},\"potentialAction\":[{\"@type\":\"SearchAction\",\"target\":{\"@type\":\"EntryPoint\",\"urlTemplate\":\"https:\/\/www.mouldprecision.com\/?s={search_term_string}\"},\"query-input\":{\"@type\":\"PropertyValueSpecification\",\"valueRequired\":true,\"valueName\":\"search_term_string\"}}],\"inLanguage\":\"pt-PT\"},{\"@type\":\"Organization\",\"@id\":\"https:\/\/www.mouldprecision.com\/#organization\",\"name\":\"China mould maker,mould making company &amp; manufacturer\",\"url\":\"https:\/\/www.mouldprecision.com\/\",\"logo\":{\"@type\":\"ImageObject\",\"inLanguage\":\"pt-PT\",\"@id\":\"https:\/\/www.mouldprecision.com\/#\/schema\/logo\/image\/\",\"url\":\"https:\/\/www.mouldprecision.com\/wp-content\/uploads\/2018\/08\/MP-logo.png\",\"contentUrl\":\"https:\/\/www.mouldprecision.com\/wp-content\/uploads\/2018\/08\/MP-logo.png\",\"width\":156,\"height\":59,\"caption\":\"China mould maker,mould making company &amp; manufacturer\"},\"image\":{\"@id\":\"https:\/\/www.mouldprecision.com\/#\/schema\/logo\/image\/\"}}]}<\/script>\n<!-- \/ Yoast SEO plugin. -->","yoast_head_json":{"title":"Servi\u00e7os | China mould maker,mould making company &amp; manufacturer","robots":{"index":"index","follow":"follow","max-snippet":"max-snippet:-1","max-image-preview":"max-image-preview:large","max-video-preview":"max-video-preview:-1"},"canonical":"https:\/\/www.mouldprecision.com\/pt-pt\/servicos.html","og_locale":"pt_PT","og_type":"article","og_title":"Servi\u00e7os | China mould maker,mould making company &amp; manufacturer","og_description":"Related Post","og_url":"https:\/\/www.mouldprecision.com\/pt-pt\/servicos.html","og_site_name":"China mould maker,mould making company &amp; manufacturer","article_modified_time":"2018-09-09T09:46:26+00:00","twitter_card":"summary_large_image","schema":{"@context":"https:\/\/schema.org","@graph":[{"@type":"WebPage","@id":"https:\/\/www.mouldprecision.com\/pt-pt\/servicos.html","url":"https:\/\/www.mouldprecision.com\/pt-pt\/servicos.html","name":"Servi\u00e7os | China mould maker,mould making company &amp; manufacturer","isPartOf":{"@id":"https:\/\/www.mouldprecision.com\/#website"},"datePublished":"2018-09-09T09:40:25+00:00","dateModified":"2018-09-09T09:46:26+00:00","breadcrumb":{"@id":"https:\/\/www.mouldprecision.com\/pt-pt\/servicos.html#breadcrumb"},"inLanguage":"pt-PT","potentialAction":[{"@type":"ReadAction","target":["https:\/\/www.mouldprecision.com\/pt-pt\/servicos.html"]}]},{"@type":"BreadcrumbList","@id":"https:\/\/www.mouldprecision.com\/pt-pt\/servicos.html#breadcrumb","itemListElement":[{"@type":"ListItem","position":1,"name":"Home","item":"https:\/\/www.mouldprecision.com\/pt-pt"},{"@type":"ListItem","position":2,"name":"Servi\u00e7os"}]},{"@type":"WebSite","@id":"https:\/\/www.mouldprecision.com\/#website","url":"https:\/\/www.mouldprecision.com\/","name":"China mould maker,mould making company &amp; manufacturer","description":"","publisher":{"@id":"https:\/\/www.mouldprecision.com\/#organization"},"potentialAction":[{"@type":"SearchAction","target":{"@type":"EntryPoint","urlTemplate":"https:\/\/www.mouldprecision.com\/?s={search_term_string}"},"query-input":{"@type":"PropertyValueSpecification","valueRequired":true,"valueName":"search_term_string"}}],"inLanguage":"pt-PT"},{"@type":"Organization","@id":"https:\/\/www.mouldprecision.com\/#organization","name":"China mould maker,mould making company &amp; manufacturer","url":"https:\/\/www.mouldprecision.com\/","logo":{"@type":"ImageObject","inLanguage":"pt-PT","@id":"https:\/\/www.mouldprecision.com\/#\/schema\/logo\/image\/","url":"https:\/\/www.mouldprecision.com\/wp-content\/uploads\/2018\/08\/MP-logo.png","contentUrl":"https:\/\/www.mouldprecision.com\/wp-content\/uploads\/2018\/08\/MP-logo.png","width":156,"height":59,"caption":"China mould maker,mould making company &amp; manufacturer"},"image":{"@id":"https:\/\/www.mouldprecision.com\/#\/schema\/logo\/image\/"}}]}},"_links":{"self":[{"href":"https:\/\/www.mouldprecision.com\/pt-pt\/wp-json\/wp\/v2\/pages\/4135","targetHints":{"allow":["GET"]}}],"collection":[{"href":"https:\/\/www.mouldprecision.com\/pt-pt\/wp-json\/wp\/v2\/pages"}],"about":[{"href":"https:\/\/www.mouldprecision.com\/pt-pt\/wp-json\/wp\/v2\/types\/page"}],"author":[{"embeddable":true,"href":"https:\/\/www.mouldprecision.com\/pt-pt\/wp-json\/wp\/v2\/users\/2"}],"replies":[{"embeddable":true,"href":"https:\/\/www.mouldprecision.com\/pt-pt\/wp-json\/wp\/v2\/comments?post=4135"}],"version-history":[{"count":0,"href":"https:\/\/www.mouldprecision.com\/pt-pt\/wp-json\/wp\/v2\/pages\/4135\/revisions"}],"wp:attachment":[{"href":"https:\/\/www.mouldprecision.com\/pt-pt\/wp-json\/wp\/v2\/media?parent=4135"}],"curies":[{"name":"wp","href":"https:\/\/api.w.org\/{rel}","templated":true}]}}