{"id":4119,"date":"2018-09-09T09:38:01","date_gmt":"2018-09-09T09:38:01","guid":{"rendered":"https:\/\/www.mouldprecision.com\/?page_id=4119"},"modified":"2018-09-09T09:38:01","modified_gmt":"2018-09-09T09:38:01","slug":"max-save-30-moldes-fabricacao-custo","status":"publish","type":"page","link":"https:\/\/www.mouldprecision.com\/pt-pt\/slider\/max-save-30-moldes-fabricacao-custo.html","title":{"rendered":"Max save 30% moldes fabrica\u00e7\u00e3o custo"},"content":{"rendered":"<h2><strong>Economize 30% no custo de fabrica\u00e7\u00e3o de moldes? Voc\u00ea est\u00e1 de brincadeira?<\/strong><\/h2>\n<p>A maioria dos clientes terceirizam o <a href=\"https:\/\/www.mouldprecision.com\/pt-pt\/empresa.html\"><strong>molde para a China<\/strong> <\/a>porque \u00a0consideram o baixo custo. O tempo de lucro inesperado da fabrica\u00e7\u00e3o de moldes se foi, o custo \u00e9 muito claro. Al\u00e9m disso, o custo da China aumenta ano a ano.<\/p>\n<p><strong>O custo de fabrica\u00e7\u00e3o de moldes pode estar considerando duas partes.<\/strong><\/p>\n<h3>1. O pr\u00f3prio projeto<\/h3>\n<p>Considere o mesmo desenho do molde, pegue um molde simples como exemplo, parte de placa ABS, base de molde LKM, 150 x 150mm, sem deslizador ou levantador, 1 cavidade, molde de duas placas, porta direta, P20 para n\u00facleo e cavidade, pino ejetor normal , corredor frio, 400 # de areia de papel para polimento. Qual \u00e9 o pre\u00e7o?<\/p>\n<p><em><strong>\u00c9 o molde, o custo \u00e9 de 1500 $, o pre\u00e7o pode ser 2000 $, 3000 $ ou 5000 $.<\/strong><\/em><\/p>\n<h3>2. O pr\u00f3prio fabricante de moldes<\/h3>\n<p><em><strong>A f\u00f3rmula do custo de fabrica\u00e7\u00e3o do molde pode ser:<\/strong><\/em><br \/>\n<em>CUSTO = 30% de material de molde + 50% de processamento + 10% de desenho + 10% de outro<\/em><\/p>\n<p>N\u00f3s n\u00e3o somos grandes f\u00e1bricas, sem muitas m\u00e1quinas. O custo de usinagem e opera\u00e7\u00e3o da f\u00e1brica \u00e9 de 50 a 60% da fabrica\u00e7\u00e3o de moldes. Como sabemos, o custo de usinagem \u00e9 alto quando est\u00e1 ocupado, mas baixo quando n\u00e3o est\u00e1 ocupado.<\/p>\n<p>N\u00f3s integramos os elementos de fabrica\u00e7\u00e3o de moldes, que tem boa capacidade de m\u00e1quina e com bom pre\u00e7o.<\/p>\n<p>N\u00f3s economizamos custo para usinagem e opera\u00e7\u00e3o de f\u00e1brica. Essa \u00e9 a raz\u00e3o pela qual voc\u00ea poderia economizar at\u00e9 30% de custo de fabrica\u00e7\u00e3o de moldes.<\/p>\n<style type=\"text\/css\">\n#foogallery-gallery-3726 .fg-image { width: 255px; }\n#foogallery-gallery-3726 { --fg-gutter: 10px; }<\/style>\n\t\t\t<style type=\"text\/css\">\n#foogallery-gallery-3726_1 .fg-image { width: 255px; }\n#foogallery-gallery-3726_1 { --fg-gutter: 10px; }<\/style>\n\t\t\t<div class=\"foogallery foogallery-container foogallery-default foogallery-lightbox-foobox fg-center fg-default fg-ready fg-light fg-loaded-fade-in fg-hover-fade\" id=\"foogallery-gallery-3726_1\" data-foogallery=\"{&quot;item&quot;:{&quot;showCaptionTitle&quot;:true,&quot;showCaptionDescription&quot;:false},&quot;lazy&quot;:true}\" style=\"--fg-title-line-clamp: 0; --fg-description-line-clamp: 0;\" >\n\t<div class=\"fg-item fg-type-image fg-idle\"><figure class=\"fg-item-inner\"><a href=\"https:\/\/www.mouldprecision.com\/wp-content\/uploads\/2018\/09\/part116.jpg\" data-caption-title=\"part116\" data-attachment-id=\"5060\" data-type=\"image\" class=\"fg-thumb\"><span class=\"fg-image-wrap\"><img fetchpriority=\"high\" decoding=\"async\" width=\"255\" height=\"200\" class=\"skip-lazy fg-image\" data-src-fg=\"https:\/\/www.mouldprecision.com\/wp-content\/uploads\/cache\/2018\/09\/part116\/3801455083.jpg\" src=\"data:image\/svg+xml,%3Csvg%20xmlns%3D%22http%3A%2F%2Fwww.w3.org%2F2000%2Fsvg%22%20width%3D%22255%22%20height%3D%22200%22%20viewBox%3D%220%200%20255%20200%22%3E%3C%2Fsvg%3E\" loading=\"eager\"><\/span><span class=\"fg-image-overlay\"><\/span><\/a><figcaption class=\"fg-caption\"><div class=\"fg-caption-inner\"><div class=\"fg-caption-title\">part116<\/div><\/div><\/figcaption><\/figure><div class=\"fg-loader\"><\/div><\/div><div class=\"fg-item fg-type-image fg-idle\"><figure class=\"fg-item-inner\"><a href=\"https:\/\/www.mouldprecision.com\/wp-content\/uploads\/2018\/09\/mold-design116.jpg\" data-caption-title=\"mold-design116\" data-attachment-id=\"5058\" data-type=\"image\" class=\"fg-thumb\"><span class=\"fg-image-wrap\"><img decoding=\"async\" width=\"255\" height=\"200\" class=\"skip-lazy fg-image\" data-src-fg=\"https:\/\/www.mouldprecision.com\/wp-content\/uploads\/cache\/2018\/09\/mold-design116\/508853380.jpg\" src=\"data:image\/svg+xml,%3Csvg%20xmlns%3D%22http%3A%2F%2Fwww.w3.org%2F2000%2Fsvg%22%20width%3D%22255%22%20height%3D%22200%22%20viewBox%3D%220%200%20255%20200%22%3E%3C%2Fsvg%3E\" loading=\"eager\"><\/span><span class=\"fg-image-overlay\"><\/span><\/a><figcaption class=\"fg-caption\"><div class=\"fg-caption-inner\"><div class=\"fg-caption-title\">mold-design116<\/div><\/div><\/figcaption><\/figure><div class=\"fg-loader\"><\/div><\/div><div class=\"fg-item fg-type-image fg-idle\"><figure class=\"fg-item-inner\"><a href=\"https:\/\/www.mouldprecision.com\/wp-content\/uploads\/2018\/09\/3D-mold116.jpg\" data-caption-title=\"3D-mold116\" data-attachment-id=\"5056\" data-type=\"image\" class=\"fg-thumb\"><span class=\"fg-image-wrap\"><img decoding=\"async\" width=\"255\" height=\"200\" class=\"skip-lazy fg-image\" data-src-fg=\"https:\/\/www.mouldprecision.com\/wp-content\/uploads\/cache\/2018\/09\/3D-mold116\/813648272.jpg\" src=\"data:image\/svg+xml,%3Csvg%20xmlns%3D%22http%3A%2F%2Fwww.w3.org%2F2000%2Fsvg%22%20width%3D%22255%22%20height%3D%22200%22%20viewBox%3D%220%200%20255%20200%22%3E%3C%2Fsvg%3E\" loading=\"eager\"><\/span><span class=\"fg-image-overlay\"><\/span><\/a><figcaption class=\"fg-caption\"><div class=\"fg-caption-inner\"><div class=\"fg-caption-title\">3D-mold116<\/div><\/div><\/figcaption><\/figure><div class=\"fg-loader\"><\/div><\/div><div class=\"fg-item fg-type-image fg-idle\"><figure class=\"fg-item-inner\"><a href=\"https:\/\/www.mouldprecision.com\/wp-content\/uploads\/2018\/09\/part-sample116.jpg\" data-caption-title=\"part-sample116\" data-attachment-id=\"5061\" data-type=\"image\" class=\"fg-thumb\"><span class=\"fg-image-wrap\"><img decoding=\"async\" width=\"255\" height=\"200\" class=\"skip-lazy fg-image\" data-src-fg=\"https:\/\/www.mouldprecision.com\/wp-content\/uploads\/cache\/2018\/09\/part-sample116\/1585803592.jpg\" src=\"data:image\/svg+xml,%3Csvg%20xmlns%3D%22http%3A%2F%2Fwww.w3.org%2F2000%2Fsvg%22%20width%3D%22255%22%20height%3D%22200%22%20viewBox%3D%220%200%20255%20200%22%3E%3C%2Fsvg%3E\" loading=\"eager\"><\/span><span class=\"fg-image-overlay\"><\/span><\/a><figcaption class=\"fg-caption\"><div class=\"fg-caption-inner\"><div class=\"fg-caption-title\">part-sample116<\/div><\/div><\/figcaption><\/figure><div class=\"fg-loader\"><\/div><\/div><div class=\"fg-item fg-type-image fg-idle\"><figure class=\"fg-item-inner\"><a href=\"https:\/\/www.mouldprecision.com\/wp-content\/uploads\/2018\/09\/mold116.jpg\" data-caption-title=\"mold116\" data-attachment-id=\"5057\" data-type=\"image\" class=\"fg-thumb\"><span class=\"fg-image-wrap\"><img decoding=\"async\" width=\"255\" height=\"200\" class=\"skip-lazy fg-image\" data-src-fg=\"https:\/\/www.mouldprecision.com\/wp-content\/uploads\/cache\/2018\/09\/mold116\/395202434.jpg\" src=\"data:image\/svg+xml,%3Csvg%20xmlns%3D%22http%3A%2F%2Fwww.w3.org%2F2000%2Fsvg%22%20width%3D%22255%22%20height%3D%22200%22%20viewBox%3D%220%200%20255%20200%22%3E%3C%2Fsvg%3E\" loading=\"eager\"><\/span><span class=\"fg-image-overlay\"><\/span><\/a><figcaption class=\"fg-caption\"><div class=\"fg-caption-inner\"><div class=\"fg-caption-title\">mold116<\/div><\/div><\/figcaption><\/figure><div class=\"fg-loader\"><\/div><\/div><div class=\"fg-item fg-type-image fg-idle\"><figure class=\"fg-item-inner\"><a href=\"https:\/\/www.mouldprecision.com\/wp-content\/uploads\/2018\/09\/mold-pack116.jpg\" data-caption-title=\"mold-pack116\" data-attachment-id=\"5059\" data-type=\"image\" class=\"fg-thumb\"><span class=\"fg-image-wrap\"><img decoding=\"async\" width=\"255\" height=\"200\" class=\"skip-lazy fg-image\" data-src-fg=\"https:\/\/www.mouldprecision.com\/wp-content\/uploads\/cache\/2018\/09\/mold-pack116\/1778120646.jpg\" src=\"data:image\/svg+xml,%3Csvg%20xmlns%3D%22http%3A%2F%2Fwww.w3.org%2F2000%2Fsvg%22%20width%3D%22255%22%20height%3D%22200%22%20viewBox%3D%220%200%20255%20200%22%3E%3C%2Fsvg%3E\" loading=\"eager\"><\/span><span class=\"fg-image-overlay\"><\/span><\/a><figcaption class=\"fg-caption\"><div class=\"fg-caption-inner\"><div class=\"fg-caption-title\">mold-pack116<\/div><\/div><\/figcaption><\/figure><div class=\"fg-loader\"><\/div><\/div><\/div>\n\n<!-- Begin Yuzo --><div class='yuzo_related_post style-1'  data-version='5.12.89'><!-- without result --><div class='yuzo_clearfixed yuzo__title yuzo__title'><h5>Related Post<\/h5><\/div>\n<\/div>  <!-- End Yuzo :) -->","protected":false},"excerpt":{"rendered":"<p>Economize 30% no custo de fabrica\u00e7\u00e3o de moldes? Voc\u00ea est\u00e1 de brincadeira? A maioria dos clientes terceirizam o molde para a China porque \u00a0consideram o baixo custo. O tempo de lucro inesperado da fabrica\u00e7\u00e3o de moldes se foi, o custo \u00e9 muito claro. Al\u00e9m disso, o custo da China aumenta ano a ano. O custo [&hellip;]<\/p>\n","protected":false},"author":2,"featured_media":0,"parent":4108,"menu_order":0,"comment_status":"closed","ping_status":"closed","template":"","meta":{"footnotes":""},"class_list":["post-4119","page","type-page","status-publish","hentry"],"yoast_head":"<!-- This site is optimized with the Yoast SEO plugin v27.2 - https:\/\/yoast.com\/product\/yoast-seo-wordpress\/ -->\n<title>Max save 30% moldes fabrica\u00e7\u00e3o custo | China mould maker,mould making company &amp; manufacturer<\/title>\n<meta name=\"description\" content=\"A maioria dos clientes terceirizam o molde para a China porque \u00a0consideram o baixo custo. O tempo de lucro inesperado da fabrica\u00e7\u00e3o de moldes se foi, o custo \u00e9 muito claro. Al\u00e9m disso, o custo da China aumenta ano a ano.\" \/>\n<meta name=\"robots\" content=\"index, follow, max-snippet:-1, max-image-preview:large, max-video-preview:-1\" \/>\n<link rel=\"canonical\" href=\"https:\/\/www.mouldprecision.com\/pt-pt\/slider\/max-save-30-moldes-fabricacao-custo.html\" \/>\n<meta property=\"og:locale\" content=\"pt_PT\" \/>\n<meta property=\"og:type\" content=\"article\" \/>\n<meta property=\"og:title\" content=\"Max save 30% moldes fabrica\u00e7\u00e3o custo | China mould maker,mould making company &amp; manufacturer\" \/>\n<meta property=\"og:description\" content=\"A maioria dos clientes terceirizam o molde para a China porque \u00a0consideram o baixo custo. O tempo de lucro inesperado da fabrica\u00e7\u00e3o de moldes se foi, o custo \u00e9 muito claro. Al\u00e9m disso, o custo da China aumenta ano a ano.\" \/>\n<meta property=\"og:url\" content=\"https:\/\/www.mouldprecision.com\/pt-pt\/slider\/max-save-30-moldes-fabricacao-custo.html\" \/>\n<meta property=\"og:site_name\" content=\"China mould maker,mould making company &amp; manufacturer\" \/>\n<meta name=\"twitter:card\" content=\"summary_large_image\" \/>\n<meta name=\"twitter:label1\" content=\"Tempo estimado de leitura\" \/>\n\t<meta name=\"twitter:data1\" content=\"1 minuto\" \/>\n<script type=\"application\/ld+json\" class=\"yoast-schema-graph\">{\"@context\":\"https:\/\/schema.org\",\"@graph\":[{\"@type\":\"WebPage\",\"@id\":\"https:\/\/www.mouldprecision.com\/pt-pt\/slider\/max-save-30-moldes-fabricacao-custo.html\",\"url\":\"https:\/\/www.mouldprecision.com\/pt-pt\/slider\/max-save-30-moldes-fabricacao-custo.html\",\"name\":\"Max save 30% moldes fabrica\u00e7\u00e3o custo | China mould maker,mould making company &amp; manufacturer\",\"isPartOf\":{\"@id\":\"https:\/\/www.mouldprecision.com\/#website\"},\"datePublished\":\"2018-09-09T09:38:01+00:00\",\"description\":\"A maioria dos clientes terceirizam o molde para a China porque \u00a0consideram o baixo custo. O tempo de lucro inesperado da fabrica\u00e7\u00e3o de moldes se foi, o custo \u00e9 muito claro. Al\u00e9m disso, o custo da China aumenta ano a ano.\",\"breadcrumb\":{\"@id\":\"https:\/\/www.mouldprecision.com\/pt-pt\/slider\/max-save-30-moldes-fabricacao-custo.html#breadcrumb\"},\"inLanguage\":\"pt-PT\",\"potentialAction\":[{\"@type\":\"ReadAction\",\"target\":[\"https:\/\/www.mouldprecision.com\/pt-pt\/slider\/max-save-30-moldes-fabricacao-custo.html\"]}]},{\"@type\":\"BreadcrumbList\",\"@id\":\"https:\/\/www.mouldprecision.com\/pt-pt\/slider\/max-save-30-moldes-fabricacao-custo.html#breadcrumb\",\"itemListElement\":[{\"@type\":\"ListItem\",\"position\":1,\"name\":\"Home\",\"item\":\"https:\/\/www.mouldprecision.com\/pt-pt\"},{\"@type\":\"ListItem\",\"position\":2,\"name\":\"Slider\",\"item\":\"https:\/\/www.mouldprecision.com\/pt-pt\/slider.html\"},{\"@type\":\"ListItem\",\"position\":3,\"name\":\"Max save 30% moldes fabrica\u00e7\u00e3o custo\"}]},{\"@type\":\"WebSite\",\"@id\":\"https:\/\/www.mouldprecision.com\/#website\",\"url\":\"https:\/\/www.mouldprecision.com\/\",\"name\":\"China mould maker,mould making company &amp; manufacturer\",\"description\":\"\",\"publisher\":{\"@id\":\"https:\/\/www.mouldprecision.com\/#organization\"},\"potentialAction\":[{\"@type\":\"SearchAction\",\"target\":{\"@type\":\"EntryPoint\",\"urlTemplate\":\"https:\/\/www.mouldprecision.com\/?s={search_term_string}\"},\"query-input\":{\"@type\":\"PropertyValueSpecification\",\"valueRequired\":true,\"valueName\":\"search_term_string\"}}],\"inLanguage\":\"pt-PT\"},{\"@type\":\"Organization\",\"@id\":\"https:\/\/www.mouldprecision.com\/#organization\",\"name\":\"China mould maker,mould making company &amp; manufacturer\",\"url\":\"https:\/\/www.mouldprecision.com\/\",\"logo\":{\"@type\":\"ImageObject\",\"inLanguage\":\"pt-PT\",\"@id\":\"https:\/\/www.mouldprecision.com\/#\/schema\/logo\/image\/\",\"url\":\"https:\/\/www.mouldprecision.com\/wp-content\/uploads\/2018\/08\/MP-logo.png\",\"contentUrl\":\"https:\/\/www.mouldprecision.com\/wp-content\/uploads\/2018\/08\/MP-logo.png\",\"width\":156,\"height\":59,\"caption\":\"China mould maker,mould making company &amp; manufacturer\"},\"image\":{\"@id\":\"https:\/\/www.mouldprecision.com\/#\/schema\/logo\/image\/\"}}]}<\/script>\n<!-- \/ Yoast SEO plugin. -->","yoast_head_json":{"title":"Max save 30% moldes fabrica\u00e7\u00e3o custo | China mould maker,mould making company &amp; manufacturer","description":"A maioria dos clientes terceirizam o molde para a China porque \u00a0consideram o baixo custo. O tempo de lucro inesperado da fabrica\u00e7\u00e3o de moldes se foi, o custo \u00e9 muito claro. Al\u00e9m disso, o custo da China aumenta ano a ano.","robots":{"index":"index","follow":"follow","max-snippet":"max-snippet:-1","max-image-preview":"max-image-preview:large","max-video-preview":"max-video-preview:-1"},"canonical":"https:\/\/www.mouldprecision.com\/pt-pt\/slider\/max-save-30-moldes-fabricacao-custo.html","og_locale":"pt_PT","og_type":"article","og_title":"Max save 30% moldes fabrica\u00e7\u00e3o custo | China mould maker,mould making company &amp; manufacturer","og_description":"A maioria dos clientes terceirizam o molde para a China porque \u00a0consideram o baixo custo. O tempo de lucro inesperado da fabrica\u00e7\u00e3o de moldes se foi, o custo \u00e9 muito claro. Al\u00e9m disso, o custo da China aumenta ano a ano.","og_url":"https:\/\/www.mouldprecision.com\/pt-pt\/slider\/max-save-30-moldes-fabricacao-custo.html","og_site_name":"China mould maker,mould making company &amp; manufacturer","twitter_card":"summary_large_image","twitter_misc":{"Tempo estimado de leitura":"1 minuto"},"schema":{"@context":"https:\/\/schema.org","@graph":[{"@type":"WebPage","@id":"https:\/\/www.mouldprecision.com\/pt-pt\/slider\/max-save-30-moldes-fabricacao-custo.html","url":"https:\/\/www.mouldprecision.com\/pt-pt\/slider\/max-save-30-moldes-fabricacao-custo.html","name":"Max save 30% moldes fabrica\u00e7\u00e3o custo | China mould maker,mould making company &amp; manufacturer","isPartOf":{"@id":"https:\/\/www.mouldprecision.com\/#website"},"datePublished":"2018-09-09T09:38:01+00:00","description":"A maioria dos clientes terceirizam o molde para a China porque \u00a0consideram o baixo custo. O tempo de lucro inesperado da fabrica\u00e7\u00e3o de moldes se foi, o custo \u00e9 muito claro. Al\u00e9m disso, o custo da China aumenta ano a ano.","breadcrumb":{"@id":"https:\/\/www.mouldprecision.com\/pt-pt\/slider\/max-save-30-moldes-fabricacao-custo.html#breadcrumb"},"inLanguage":"pt-PT","potentialAction":[{"@type":"ReadAction","target":["https:\/\/www.mouldprecision.com\/pt-pt\/slider\/max-save-30-moldes-fabricacao-custo.html"]}]},{"@type":"BreadcrumbList","@id":"https:\/\/www.mouldprecision.com\/pt-pt\/slider\/max-save-30-moldes-fabricacao-custo.html#breadcrumb","itemListElement":[{"@type":"ListItem","position":1,"name":"Home","item":"https:\/\/www.mouldprecision.com\/pt-pt"},{"@type":"ListItem","position":2,"name":"Slider","item":"https:\/\/www.mouldprecision.com\/pt-pt\/slider.html"},{"@type":"ListItem","position":3,"name":"Max save 30% moldes fabrica\u00e7\u00e3o custo"}]},{"@type":"WebSite","@id":"https:\/\/www.mouldprecision.com\/#website","url":"https:\/\/www.mouldprecision.com\/","name":"China mould maker,mould making company &amp; manufacturer","description":"","publisher":{"@id":"https:\/\/www.mouldprecision.com\/#organization"},"potentialAction":[{"@type":"SearchAction","target":{"@type":"EntryPoint","urlTemplate":"https:\/\/www.mouldprecision.com\/?s={search_term_string}"},"query-input":{"@type":"PropertyValueSpecification","valueRequired":true,"valueName":"search_term_string"}}],"inLanguage":"pt-PT"},{"@type":"Organization","@id":"https:\/\/www.mouldprecision.com\/#organization","name":"China mould maker,mould making company &amp; manufacturer","url":"https:\/\/www.mouldprecision.com\/","logo":{"@type":"ImageObject","inLanguage":"pt-PT","@id":"https:\/\/www.mouldprecision.com\/#\/schema\/logo\/image\/","url":"https:\/\/www.mouldprecision.com\/wp-content\/uploads\/2018\/08\/MP-logo.png","contentUrl":"https:\/\/www.mouldprecision.com\/wp-content\/uploads\/2018\/08\/MP-logo.png","width":156,"height":59,"caption":"China mould maker,mould making company &amp; manufacturer"},"image":{"@id":"https:\/\/www.mouldprecision.com\/#\/schema\/logo\/image\/"}}]}},"_links":{"self":[{"href":"https:\/\/www.mouldprecision.com\/pt-pt\/wp-json\/wp\/v2\/pages\/4119","targetHints":{"allow":["GET"]}}],"collection":[{"href":"https:\/\/www.mouldprecision.com\/pt-pt\/wp-json\/wp\/v2\/pages"}],"about":[{"href":"https:\/\/www.mouldprecision.com\/pt-pt\/wp-json\/wp\/v2\/types\/page"}],"author":[{"embeddable":true,"href":"https:\/\/www.mouldprecision.com\/pt-pt\/wp-json\/wp\/v2\/users\/2"}],"replies":[{"embeddable":true,"href":"https:\/\/www.mouldprecision.com\/pt-pt\/wp-json\/wp\/v2\/comments?post=4119"}],"version-history":[{"count":0,"href":"https:\/\/www.mouldprecision.com\/pt-pt\/wp-json\/wp\/v2\/pages\/4119\/revisions"}],"up":[{"embeddable":true,"href":"https:\/\/www.mouldprecision.com\/pt-pt\/wp-json\/wp\/v2\/pages\/4108"}],"wp:attachment":[{"href":"https:\/\/www.mouldprecision.com\/pt-pt\/wp-json\/wp\/v2\/media?parent=4119"}],"curies":[{"name":"wp","href":"https:\/\/api.w.org\/{rel}","templated":true}]}}