{"id":4117,"date":"2018-09-09T09:30:42","date_gmt":"2018-09-09T09:30:42","guid":{"rendered":"https:\/\/www.mouldprecision.com\/?page_id=4117"},"modified":"2018-09-09T09:30:42","modified_gmt":"2018-09-09T09:30:42","slug":"testimonials","status":"publish","type":"page","link":"https:\/\/www.mouldprecision.com\/pt-pt\/testimonials.html","title":{"rendered":"Testimonials"},"content":{"rendered":"\n      <div class=\"tt-testimonials\">\n\n        <div class=\"tt-testimonial-item-main\">\n       \n            \n                    <div class=\"tt-testimonial-item\">\n\n                        <div class=\"tt-testimonial-inner\">\n\n                                                        \n                            <div class=\"tt-testimonial-caption\">\n                                <p>MP realmente faz um bom trabalho para a constru\u00e7\u00e3o de moldes, eu os recomendo aos meus amigos como um fornecedor de moldes na China.<\/p>\n<!-- Begin Yuzo --><div class='yuzo_related_post style-1'  data-version='5.12.89'><!-- without result --><div class='yuzo_clearfixed yuzo__title yuzo__title'><h5>Related Post<\/h5><\/div>\n<\/div>  <!-- End Yuzo :) -->                            <\/div> \n\n                            <div class=\"tt-testimonial-meta\">\n                                <span class=\"tt-testimonial-title\">Anton Dwi Gunarto &#8212; PE(USA)<\/span>\n                            <\/div>\n\n                        <\/div>\n\n                    <\/div>\n\n            \n                    <div class=\"tt-testimonial-item\">\n\n                        <div class=\"tt-testimonial-inner\">\n\n                                                        \n                            <div class=\"tt-testimonial-caption\">\n                                <p>Eles fazem um bom trabalho. Nossas pe\u00e7as de usinagem de precis\u00e3o s\u00e3o \u00f3timas. Eu gostaria de entregar mais projetos de pe\u00e7as de usinagem de precis\u00e3o para MP.<\/p>\n<!-- Begin Yuzo --><div class='yuzo_related_post style-1'  data-version='5.12.89'><!-- without result --><div class='yuzo_clearfixed yuzo__title yuzo__title'><h5>Related Post<\/h5><\/div>\n<\/div>  <!-- End Yuzo :) -->                            <\/div> \n\n                            <div class=\"tt-testimonial-meta\">\n                                <span class=\"tt-testimonial-title\">Ivan Kekic &#8212; PE(Austr\u00e1lia)<\/span>\n                            <\/div>\n\n                        <\/div>\n\n                    <\/div>\n\n            \n                    <div class=\"tt-testimonial-item\">\n\n                        <div class=\"tt-testimonial-inner\">\n\n                                                        \n                            <div class=\"tt-testimonial-caption\">\n                                <p>Eu procuro moldagem e moldagem de empresas na China pelo Google. Sou pequena e feliz pelo profissionalismo, qualidade, pre\u00e7o e prazo de entrega deles. Espero que possamos trabalhar para o pr\u00f3ximo projeto em breve.<\/p>\n<!-- Begin Yuzo --><div class='yuzo_related_post style-1'  data-version='5.12.89'><!-- without result --><div class='yuzo_clearfixed yuzo__title yuzo__title'><h5>Related Post<\/h5><\/div>\n<\/div>  <!-- End Yuzo :) -->                            <\/div> \n\n                            <div class=\"tt-testimonial-meta\">\n                                <span class=\"tt-testimonial-title\">Tim Maxwell &#8212; PE(Canad\u00e1)<\/span>\n                            <\/div>\n\n                        <\/div>\n\n                    <\/div>\n\n            \n                    <div class=\"tt-testimonial-item\">\n\n                        <div class=\"tt-testimonial-inner\">\n\n                                                        \n                            <div class=\"tt-testimonial-caption\">\n                                <p>Ao pesquisar &#8220;fabricante de moldes da China&#8221; no Google. Tenho muita sorte em encontr\u00e1-los, bom pre\u00e7o e boa qualidade com prazos de entrega curtos. N\u00f3s temos uma coopera\u00e7\u00e3o boa e est\u00e1vel agora.<\/p>\n<!-- Begin Yuzo --><div class='yuzo_related_post style-1'  data-version='5.12.89'><!-- without result --><div class='yuzo_clearfixed yuzo__title yuzo__title'><h5>Related Post<\/h5><\/div>\n<\/div>  <!-- End Yuzo :) -->                            <\/div> \n\n                            <div class=\"tt-testimonial-meta\">\n                                <span class=\"tt-testimonial-title\">Davide Albiero &#8212; R&#038;D Dept.(It\u00e1lia)<\/span>\n                            <\/div>\n\n                        <\/div>\n\n                    <\/div>\n\n            \n                    <div class=\"tt-testimonial-item\">\n\n                        <div class=\"tt-testimonial-inner\">\n\n                                                        \n                            <div class=\"tt-testimonial-caption\">\n                                <p>\u00c9 um fabricante de moldes profissional na China. Eles fazem muito bem para um \u00f3timo design de moldes e fabrica\u00e7\u00e3o de moldes de alta qualidade. Nossa coopera\u00e7\u00e3o \u00e9 feliz.<\/p>\n<!-- Begin Yuzo --><div class='yuzo_related_post style-1'  data-version='5.12.89'><!-- without result --><div class='yuzo_clearfixed yuzo__title yuzo__title'><h5>Related Post<\/h5><\/div>\n<\/div>  <!-- End Yuzo :) -->                            <\/div> \n\n                            <div class=\"tt-testimonial-meta\">\n                                <span class=\"tt-testimonial-title\">Dieter Herber &#8212; CEO(Alemanha)<\/span>\n                            <\/div>\n\n                        <\/div>\n\n                    <\/div>\n\n            \n        <\/div>\n\n      <\/div><!-- .testimonials-widget -->\n\n    \n<!-- Begin Yuzo --><div class='yuzo_related_post style-1'  data-version='5.12.89'><!-- without result --><div class='yuzo_clearfixed yuzo__title yuzo__title'><h5>Related Post<\/h5><\/div>\n<\/div>  <!-- End Yuzo :) -->","protected":false},"excerpt":{"rendered":"<p>Related Post<\/p>\n","protected":false},"author":2,"featured_media":0,"parent":0,"menu_order":0,"comment_status":"closed","ping_status":"closed","template":"templates\/full-width-page.php","meta":{"footnotes":""},"class_list":["post-4117","page","type-page","status-publish","hentry"],"yoast_head":"<!-- This site is optimized with the Yoast SEO plugin v27.2 - https:\/\/yoast.com\/product\/yoast-seo-wordpress\/ -->\n<title>Testimonials | China mould maker,mould making company &amp; manufacturer<\/title>\n<meta name=\"robots\" content=\"index, follow, max-snippet:-1, max-image-preview:large, max-video-preview:-1\" \/>\n<link rel=\"canonical\" href=\"https:\/\/www.mouldprecision.com\/pt-pt\/testimonials.html\" \/>\n<meta property=\"og:locale\" content=\"pt_PT\" \/>\n<meta property=\"og:type\" content=\"article\" \/>\n<meta property=\"og:title\" content=\"Testimonials | China mould maker,mould making company &amp; manufacturer\" \/>\n<meta property=\"og:description\" content=\"Related Post\" \/>\n<meta property=\"og:url\" content=\"https:\/\/www.mouldprecision.com\/pt-pt\/testimonials.html\" \/>\n<meta property=\"og:site_name\" content=\"China mould maker,mould making company &amp; manufacturer\" \/>\n<meta name=\"twitter:card\" content=\"summary_large_image\" \/>\n<script type=\"application\/ld+json\" class=\"yoast-schema-graph\">{\"@context\":\"https:\/\/schema.org\",\"@graph\":[{\"@type\":\"WebPage\",\"@id\":\"https:\/\/www.mouldprecision.com\/pt-pt\/testimonials.html\",\"url\":\"https:\/\/www.mouldprecision.com\/pt-pt\/testimonials.html\",\"name\":\"Testimonials | China mould maker,mould making company &amp; manufacturer\",\"isPartOf\":{\"@id\":\"https:\/\/www.mouldprecision.com\/#website\"},\"datePublished\":\"2018-09-09T09:30:42+00:00\",\"breadcrumb\":{\"@id\":\"https:\/\/www.mouldprecision.com\/pt-pt\/testimonials.html#breadcrumb\"},\"inLanguage\":\"pt-PT\",\"potentialAction\":[{\"@type\":\"ReadAction\",\"target\":[\"https:\/\/www.mouldprecision.com\/pt-pt\/testimonials.html\"]}]},{\"@type\":\"BreadcrumbList\",\"@id\":\"https:\/\/www.mouldprecision.com\/pt-pt\/testimonials.html#breadcrumb\",\"itemListElement\":[{\"@type\":\"ListItem\",\"position\":1,\"name\":\"Home\",\"item\":\"https:\/\/www.mouldprecision.com\/pt-pt\"},{\"@type\":\"ListItem\",\"position\":2,\"name\":\"Testimonials\"}]},{\"@type\":\"WebSite\",\"@id\":\"https:\/\/www.mouldprecision.com\/#website\",\"url\":\"https:\/\/www.mouldprecision.com\/\",\"name\":\"China mould maker,mould making company &amp; manufacturer\",\"description\":\"\",\"publisher\":{\"@id\":\"https:\/\/www.mouldprecision.com\/#organization\"},\"potentialAction\":[{\"@type\":\"SearchAction\",\"target\":{\"@type\":\"EntryPoint\",\"urlTemplate\":\"https:\/\/www.mouldprecision.com\/?s={search_term_string}\"},\"query-input\":{\"@type\":\"PropertyValueSpecification\",\"valueRequired\":true,\"valueName\":\"search_term_string\"}}],\"inLanguage\":\"pt-PT\"},{\"@type\":\"Organization\",\"@id\":\"https:\/\/www.mouldprecision.com\/#organization\",\"name\":\"China mould maker,mould making company &amp; manufacturer\",\"url\":\"https:\/\/www.mouldprecision.com\/\",\"logo\":{\"@type\":\"ImageObject\",\"inLanguage\":\"pt-PT\",\"@id\":\"https:\/\/www.mouldprecision.com\/#\/schema\/logo\/image\/\",\"url\":\"https:\/\/www.mouldprecision.com\/wp-content\/uploads\/2018\/08\/MP-logo.png\",\"contentUrl\":\"https:\/\/www.mouldprecision.com\/wp-content\/uploads\/2018\/08\/MP-logo.png\",\"width\":156,\"height\":59,\"caption\":\"China mould maker,mould making company &amp; manufacturer\"},\"image\":{\"@id\":\"https:\/\/www.mouldprecision.com\/#\/schema\/logo\/image\/\"}}]}<\/script>\n<!-- \/ Yoast SEO plugin. -->","yoast_head_json":{"title":"Testimonials | China mould maker,mould making company &amp; manufacturer","robots":{"index":"index","follow":"follow","max-snippet":"max-snippet:-1","max-image-preview":"max-image-preview:large","max-video-preview":"max-video-preview:-1"},"canonical":"https:\/\/www.mouldprecision.com\/pt-pt\/testimonials.html","og_locale":"pt_PT","og_type":"article","og_title":"Testimonials | China mould maker,mould making company &amp; manufacturer","og_description":"Related Post","og_url":"https:\/\/www.mouldprecision.com\/pt-pt\/testimonials.html","og_site_name":"China mould maker,mould making company &amp; manufacturer","twitter_card":"summary_large_image","schema":{"@context":"https:\/\/schema.org","@graph":[{"@type":"WebPage","@id":"https:\/\/www.mouldprecision.com\/pt-pt\/testimonials.html","url":"https:\/\/www.mouldprecision.com\/pt-pt\/testimonials.html","name":"Testimonials | China mould maker,mould making company &amp; manufacturer","isPartOf":{"@id":"https:\/\/www.mouldprecision.com\/#website"},"datePublished":"2018-09-09T09:30:42+00:00","breadcrumb":{"@id":"https:\/\/www.mouldprecision.com\/pt-pt\/testimonials.html#breadcrumb"},"inLanguage":"pt-PT","potentialAction":[{"@type":"ReadAction","target":["https:\/\/www.mouldprecision.com\/pt-pt\/testimonials.html"]}]},{"@type":"BreadcrumbList","@id":"https:\/\/www.mouldprecision.com\/pt-pt\/testimonials.html#breadcrumb","itemListElement":[{"@type":"ListItem","position":1,"name":"Home","item":"https:\/\/www.mouldprecision.com\/pt-pt"},{"@type":"ListItem","position":2,"name":"Testimonials"}]},{"@type":"WebSite","@id":"https:\/\/www.mouldprecision.com\/#website","url":"https:\/\/www.mouldprecision.com\/","name":"China mould maker,mould making company &amp; manufacturer","description":"","publisher":{"@id":"https:\/\/www.mouldprecision.com\/#organization"},"potentialAction":[{"@type":"SearchAction","target":{"@type":"EntryPoint","urlTemplate":"https:\/\/www.mouldprecision.com\/?s={search_term_string}"},"query-input":{"@type":"PropertyValueSpecification","valueRequired":true,"valueName":"search_term_string"}}],"inLanguage":"pt-PT"},{"@type":"Organization","@id":"https:\/\/www.mouldprecision.com\/#organization","name":"China mould maker,mould making company &amp; manufacturer","url":"https:\/\/www.mouldprecision.com\/","logo":{"@type":"ImageObject","inLanguage":"pt-PT","@id":"https:\/\/www.mouldprecision.com\/#\/schema\/logo\/image\/","url":"https:\/\/www.mouldprecision.com\/wp-content\/uploads\/2018\/08\/MP-logo.png","contentUrl":"https:\/\/www.mouldprecision.com\/wp-content\/uploads\/2018\/08\/MP-logo.png","width":156,"height":59,"caption":"China mould maker,mould making company &amp; manufacturer"},"image":{"@id":"https:\/\/www.mouldprecision.com\/#\/schema\/logo\/image\/"}}]}},"_links":{"self":[{"href":"https:\/\/www.mouldprecision.com\/pt-pt\/wp-json\/wp\/v2\/pages\/4117","targetHints":{"allow":["GET"]}}],"collection":[{"href":"https:\/\/www.mouldprecision.com\/pt-pt\/wp-json\/wp\/v2\/pages"}],"about":[{"href":"https:\/\/www.mouldprecision.com\/pt-pt\/wp-json\/wp\/v2\/types\/page"}],"author":[{"embeddable":true,"href":"https:\/\/www.mouldprecision.com\/pt-pt\/wp-json\/wp\/v2\/users\/2"}],"replies":[{"embeddable":true,"href":"https:\/\/www.mouldprecision.com\/pt-pt\/wp-json\/wp\/v2\/comments?post=4117"}],"version-history":[{"count":0,"href":"https:\/\/www.mouldprecision.com\/pt-pt\/wp-json\/wp\/v2\/pages\/4117\/revisions"}],"wp:attachment":[{"href":"https:\/\/www.mouldprecision.com\/pt-pt\/wp-json\/wp\/v2\/media?parent=4117"}],"curies":[{"name":"wp","href":"https:\/\/api.w.org\/{rel}","templated":true}]}}