{"id":4109,"date":"2018-09-09T09:23:38","date_gmt":"2018-09-09T09:23:38","guid":{"rendered":"https:\/\/www.mouldprecision.com\/?page_id=4109"},"modified":"2018-09-09T09:32:23","modified_gmt":"2018-09-09T09:32:23","slug":"rapido-moldes-fabricante","status":"publish","type":"page","link":"https:\/\/www.mouldprecision.com\/pt-pt\/slider\/rapido-moldes-fabricante.html","title":{"rendered":"R\u00e1pido moldes fabricante"},"content":{"rendered":"<h2><strong>Tempo \u00e9 dinheiro. Quanto menos tempo de espera, mais competitivo.<\/strong><\/h2>\n<p>N\u00f3s somos<a href=\"https:\/\/www.mouldprecision.com\/pt-pt\/empresa.html\"><strong> fabricante de moldes muito r\u00e1pido na China<\/strong><\/a>, como temos uma SOLU\u00c7\u00c3O para o molde normal e fabrica\u00e7\u00e3o de moldes urgentes.<\/p>\n<h2><strong>Como economizar tempo como um fabricante r\u00e1pido de moldes?<\/strong><\/h2>\n<p><em>1. N\u00f3s compramos o material primeiramente durante o projeto do molde 3D, uma vez que voc\u00ea coloca a ordem e diz que \u00e9 urgente. Quando o dinheiro vem em nosso banco, o a\u00e7o do n\u00facleo e da cavidade est\u00e1 sendo usinado em nossa f\u00e1brica.<\/em><br \/>\n<em>2. Certifique-se de que n\u00e3o h\u00e1 perda de tempo para esperar pela m\u00e1quina, isso significa que o a\u00e7o ser\u00e1 usinado sem qualquer espera.<\/em><br \/>\n<em>3. Cuida do risco do projeto. Talvez precise comprar a\u00e7o extra por acidente.<\/em><\/p>\n<h2><strong>Deixe os projetos dizendo:<\/strong><\/h2>\n<h3><strong>26 dias de trabalho de T1 para molde de 550 x 600 mm com 16 deslizadores<\/strong><\/h3>\n<p>A pe\u00e7a \u00e9 simples, mas n\u00e3o \u00e9 um molde pequeno. Al\u00e9m disso, existem 16 deslizadores. Precisamos fazer teste de molde em tempo muito curto, pois \u00e9 muito urgente e importante para o cliente. A chave \u00e9 garantir que os deslizadores se movam bem e isso realmente acontece.<\/p>\n<p>&#8220;Voc\u00ea \u00e9 o fabricante de moldes muito r\u00e1pido na China, eu gosto&#8221;, disse Jerry quando ele est\u00e1 a ver julgamento de molde aqui.<\/p>\n<style type=\"text\/css\">\n#foogallery-gallery-879 .fg-image { width: 251px; }\n#foogallery-gallery-879 { --fg-gutter: 10px; }<\/style>\n\t\t\t<style type=\"text\/css\">\n#foogallery-gallery-879_1 .fg-image { width: 251px; }\n#foogallery-gallery-879_1 { --fg-gutter: 10px; }<\/style>\n\t\t\t<div class=\"foogallery foogallery-container foogallery-default foogallery-lightbox-foobox fg-left fg-default fg-ready fg-light fg-loading-default fg-loaded-fade-in fg-hover-fade fg-hover-zoom2\" id=\"foogallery-gallery-879_1\" data-foogallery=\"{&quot;item&quot;:{&quot;showCaptionTitle&quot;:false,&quot;showCaptionDescription&quot;:false},&quot;lazy&quot;:true}\" style=\"--fg-title-line-clamp: 0; --fg-description-line-clamp: 0;\" >\n\t<div class=\"fg-item fg-type-image fg-idle\"><figure class=\"fg-item-inner\"><a href=\"https:\/\/www.mouldprecision.com\/wp-content\/uploads\/2018\/08\/fast-1.jpg\" data-attachment-id=\"2304\" data-type=\"image\" class=\"fg-thumb\"><span class=\"fg-image-wrap\"><img decoding=\"async\" width=\"251\" height=\"190\" class=\"skip-lazy fg-image\" data-src-fg=\"https:\/\/www.mouldprecision.com\/wp-content\/uploads\/cache\/2018\/08\/fast-1\/896930243.jpg\" src=\"data:image\/svg+xml,%3Csvg%20xmlns%3D%22http%3A%2F%2Fwww.w3.org%2F2000%2Fsvg%22%20width%3D%22251%22%20height%3D%22190%22%20viewBox%3D%220%200%20251%20190%22%3E%3C%2Fsvg%3E\" loading=\"eager\"><\/span><span class=\"fg-image-overlay\"><\/span><\/a><\/figure><div class=\"fg-loader\"><\/div><\/div><div class=\"fg-item fg-type-image fg-idle\"><figure class=\"fg-item-inner\"><a href=\"https:\/\/www.mouldprecision.com\/wp-content\/uploads\/2018\/08\/fast-2.jpg\" data-attachment-id=\"2305\" data-type=\"image\" class=\"fg-thumb\"><span class=\"fg-image-wrap\"><img decoding=\"async\" width=\"251\" height=\"190\" class=\"skip-lazy fg-image\" data-src-fg=\"https:\/\/www.mouldprecision.com\/wp-content\/uploads\/cache\/2018\/08\/fast-2\/505576552.jpg\" src=\"data:image\/svg+xml,%3Csvg%20xmlns%3D%22http%3A%2F%2Fwww.w3.org%2F2000%2Fsvg%22%20width%3D%22251%22%20height%3D%22190%22%20viewBox%3D%220%200%20251%20190%22%3E%3C%2Fsvg%3E\" loading=\"eager\"><\/span><span class=\"fg-image-overlay\"><\/span><\/a><\/figure><div class=\"fg-loader\"><\/div><\/div><div class=\"fg-item fg-type-image fg-idle\"><figure class=\"fg-item-inner\"><a href=\"https:\/\/www.mouldprecision.com\/wp-content\/uploads\/2018\/08\/fast-3.jpg\" data-attachment-id=\"2306\" data-type=\"image\" class=\"fg-thumb\"><span class=\"fg-image-wrap\"><img decoding=\"async\" width=\"251\" height=\"190\" class=\"skip-lazy fg-image\" data-src-fg=\"https:\/\/www.mouldprecision.com\/wp-content\/uploads\/cache\/2018\/08\/fast-3\/3885286511.jpg\" src=\"data:image\/svg+xml,%3Csvg%20xmlns%3D%22http%3A%2F%2Fwww.w3.org%2F2000%2Fsvg%22%20width%3D%22251%22%20height%3D%22190%22%20viewBox%3D%220%200%20251%20190%22%3E%3C%2Fsvg%3E\" loading=\"eager\"><\/span><span class=\"fg-image-overlay\"><\/span><\/a><\/figure><div class=\"fg-loader\"><\/div><\/div><div class=\"fg-item fg-type-image fg-idle\"><figure class=\"fg-item-inner\"><a href=\"https:\/\/www.mouldprecision.com\/wp-content\/uploads\/2018\/08\/fast-4.jpg\" data-attachment-id=\"2307\" data-type=\"image\" class=\"fg-thumb\"><span class=\"fg-image-wrap\"><img decoding=\"async\" width=\"251\" height=\"190\" class=\"skip-lazy fg-image\" data-src-fg=\"https:\/\/www.mouldprecision.com\/wp-content\/uploads\/cache\/2018\/08\/fast-4\/1217046334.jpg\" src=\"data:image\/svg+xml,%3Csvg%20xmlns%3D%22http%3A%2F%2Fwww.w3.org%2F2000%2Fsvg%22%20width%3D%22251%22%20height%3D%22190%22%20viewBox%3D%220%200%20251%20190%22%3E%3C%2Fsvg%3E\" loading=\"eager\"><\/span><span class=\"fg-image-overlay\"><\/span><\/a><\/figure><div class=\"fg-loader\"><\/div><\/div><div class=\"fg-item fg-type-image fg-idle\"><figure class=\"fg-item-inner\"><a href=\"https:\/\/www.mouldprecision.com\/wp-content\/uploads\/2018\/08\/fast-5.jpg\" data-attachment-id=\"2308\" data-type=\"image\" class=\"fg-thumb\"><span class=\"fg-image-wrap\"><img decoding=\"async\" width=\"251\" height=\"190\" class=\"skip-lazy fg-image\" data-src-fg=\"https:\/\/www.mouldprecision.com\/wp-content\/uploads\/cache\/2018\/08\/fast-5\/1699675485.jpg\" src=\"data:image\/svg+xml,%3Csvg%20xmlns%3D%22http%3A%2F%2Fwww.w3.org%2F2000%2Fsvg%22%20width%3D%22251%22%20height%3D%22190%22%20viewBox%3D%220%200%20251%20190%22%3E%3C%2Fsvg%3E\" loading=\"eager\"><\/span><span class=\"fg-image-overlay\"><\/span><\/a><\/figure><div class=\"fg-loader\"><\/div><\/div><div class=\"fg-item fg-type-image fg-idle\"><figure class=\"fg-item-inner\"><a href=\"https:\/\/www.mouldprecision.com\/wp-content\/uploads\/2018\/08\/fast-6.jpg\" data-attachment-id=\"2309\" data-type=\"image\" class=\"fg-thumb\"><span class=\"fg-image-wrap\"><img decoding=\"async\" width=\"251\" height=\"190\" class=\"skip-lazy fg-image\" data-src-fg=\"https:\/\/www.mouldprecision.com\/wp-content\/uploads\/cache\/2018\/08\/fast-6\/1310363894.jpg\" src=\"data:image\/svg+xml,%3Csvg%20xmlns%3D%22http%3A%2F%2Fwww.w3.org%2F2000%2Fsvg%22%20width%3D%22251%22%20height%3D%22190%22%20viewBox%3D%220%200%20251%20190%22%3E%3C%2Fsvg%3E\" loading=\"eager\"><\/span><span class=\"fg-image-overlay\"><\/span><\/a><\/figure><div class=\"fg-loader\"><\/div><\/div><div class=\"fg-item fg-type-image fg-idle\"><figure class=\"fg-item-inner\"><a href=\"https:\/\/www.mouldprecision.com\/wp-content\/uploads\/2018\/08\/fast-7.jpg\" data-attachment-id=\"2310\" data-type=\"image\" class=\"fg-thumb\"><span class=\"fg-image-wrap\"><img decoding=\"async\" width=\"251\" height=\"190\" class=\"skip-lazy fg-image\" data-src-fg=\"https:\/\/www.mouldprecision.com\/wp-content\/uploads\/cache\/2018\/08\/fast-7\/1900390767.jpg\" src=\"data:image\/svg+xml,%3Csvg%20xmlns%3D%22http%3A%2F%2Fwww.w3.org%2F2000%2Fsvg%22%20width%3D%22251%22%20height%3D%22190%22%20viewBox%3D%220%200%20251%20190%22%3E%3C%2Fsvg%3E\" loading=\"eager\"><\/span><span class=\"fg-image-overlay\"><\/span><\/a><\/figure><div class=\"fg-loader\"><\/div><\/div><div class=\"fg-item fg-type-image fg-idle\"><figure class=\"fg-item-inner\"><a href=\"https:\/\/www.mouldprecision.com\/wp-content\/uploads\/2018\/08\/fast-8.jpg\" data-attachment-id=\"2311\" data-type=\"image\" class=\"fg-thumb\"><span class=\"fg-image-wrap\"><img decoding=\"async\" width=\"251\" height=\"190\" class=\"skip-lazy fg-image\" data-src-fg=\"https:\/\/www.mouldprecision.com\/wp-content\/uploads\/cache\/2018\/08\/fast-8\/230609291.jpg\" src=\"data:image\/svg+xml,%3Csvg%20xmlns%3D%22http%3A%2F%2Fwww.w3.org%2F2000%2Fsvg%22%20width%3D%22251%22%20height%3D%22190%22%20viewBox%3D%220%200%20251%20190%22%3E%3C%2Fsvg%3E\" loading=\"eager\"><\/span><span class=\"fg-image-overlay\"><\/span><\/a><\/figure><div class=\"fg-loader\"><\/div><\/div><div class=\"fg-item fg-type-image fg-idle\"><figure class=\"fg-item-inner\"><a href=\"https:\/\/www.mouldprecision.com\/wp-content\/uploads\/2018\/08\/fast-9.jpg\" data-attachment-id=\"2312\" data-type=\"image\" class=\"fg-thumb\"><span class=\"fg-image-wrap\"><img decoding=\"async\" width=\"251\" height=\"190\" class=\"skip-lazy fg-image\" data-src-fg=\"https:\/\/www.mouldprecision.com\/wp-content\/uploads\/cache\/2018\/08\/fast-9\/4094192012.jpg\" src=\"data:image\/svg+xml,%3Csvg%20xmlns%3D%22http%3A%2F%2Fwww.w3.org%2F2000%2Fsvg%22%20width%3D%22251%22%20height%3D%22190%22%20viewBox%3D%220%200%20251%20190%22%3E%3C%2Fsvg%3E\" loading=\"eager\"><\/span><span class=\"fg-image-overlay\"><\/span><\/a><\/figure><div class=\"fg-loader\"><\/div><\/div><\/div>\n\n<p>&nbsp;<\/p>\n<!-- Begin Yuzo --><div class='yuzo_related_post style-1'  data-version='5.12.89'><!-- without result --><div class='yuzo_clearfixed yuzo__title yuzo__title'><h5>Related Post<\/h5><\/div>\n<\/div>  <!-- End Yuzo :) -->","protected":false},"excerpt":{"rendered":"<p>Tempo \u00e9 dinheiro. Quanto menos tempo de espera, mais competitivo. N\u00f3s somos fabricante de moldes muito r\u00e1pido na China, como temos uma SOLU\u00c7\u00c3O para o molde normal e fabrica\u00e7\u00e3o de moldes urgentes. Como economizar tempo como um fabricante r\u00e1pido de moldes? 1. N\u00f3s compramos o material primeiramente durante o projeto do molde 3D, uma vez [&hellip;]<\/p>\n","protected":false},"author":2,"featured_media":2301,"parent":4108,"menu_order":0,"comment_status":"closed","ping_status":"closed","template":"","meta":{"footnotes":""},"class_list":["post-4109","page","type-page","status-publish","has-post-thumbnail","hentry"],"yoast_head":"<!-- This site is optimized with the Yoast SEO plugin v27.2 - https:\/\/yoast.com\/product\/yoast-seo-wordpress\/ -->\n<title>R\u00e1pido moldes fabricante | China mould maker,mould making company &amp; manufacturer<\/title>\n<meta name=\"description\" content=\"N\u00f3s somos fabricante de moldes muito r\u00e1pido na China, como temos uma SOLU\u00c7\u00c3O para o molde normal e fabrica\u00e7\u00e3o de moldes urgentes.\" \/>\n<meta name=\"robots\" content=\"index, follow, max-snippet:-1, max-image-preview:large, max-video-preview:-1\" \/>\n<link rel=\"canonical\" href=\"https:\/\/www.mouldprecision.com\/pt-pt\/slider\/rapido-moldes-fabricante.html\" \/>\n<meta property=\"og:locale\" content=\"pt_PT\" \/>\n<meta property=\"og:type\" content=\"article\" \/>\n<meta property=\"og:title\" content=\"R\u00e1pido moldes fabricante | China mould maker,mould making company &amp; manufacturer\" \/>\n<meta property=\"og:description\" content=\"N\u00f3s somos fabricante de moldes muito r\u00e1pido na China, como temos uma SOLU\u00c7\u00c3O para o molde normal e fabrica\u00e7\u00e3o de moldes urgentes.\" \/>\n<meta property=\"og:url\" content=\"https:\/\/www.mouldprecision.com\/pt-pt\/slider\/rapido-moldes-fabricante.html\" \/>\n<meta property=\"og:site_name\" content=\"China mould maker,mould making company &amp; manufacturer\" \/>\n<meta property=\"article:modified_time\" content=\"2018-09-09T09:32:23+00:00\" \/>\n<meta property=\"og:image\" content=\"https:\/\/www.mouldprecision.com\/wp-content\/uploads\/2018\/08\/plastic-mould-china.jpg\" \/>\n\t<meta property=\"og:image:width\" content=\"1366\" \/>\n\t<meta property=\"og:image:height\" content=\"426\" \/>\n\t<meta property=\"og:image:type\" content=\"image\/jpeg\" \/>\n<meta name=\"twitter:card\" content=\"summary_large_image\" \/>\n<meta name=\"twitter:label1\" content=\"Tempo estimado de leitura\" \/>\n\t<meta name=\"twitter:data1\" content=\"1 minuto\" \/>\n<script type=\"application\/ld+json\" class=\"yoast-schema-graph\">{\"@context\":\"https:\/\/schema.org\",\"@graph\":[{\"@type\":\"WebPage\",\"@id\":\"https:\/\/www.mouldprecision.com\/pt-pt\/slider\/rapido-moldes-fabricante.html\",\"url\":\"https:\/\/www.mouldprecision.com\/pt-pt\/slider\/rapido-moldes-fabricante.html\",\"name\":\"R\u00e1pido moldes fabricante | China mould maker,mould making company &amp; manufacturer\",\"isPartOf\":{\"@id\":\"https:\/\/www.mouldprecision.com\/#website\"},\"primaryImageOfPage\":{\"@id\":\"https:\/\/www.mouldprecision.com\/pt-pt\/slider\/rapido-moldes-fabricante.html#primaryimage\"},\"image\":{\"@id\":\"https:\/\/www.mouldprecision.com\/pt-pt\/slider\/rapido-moldes-fabricante.html#primaryimage\"},\"thumbnailUrl\":\"https:\/\/www.mouldprecision.com\/wp-content\/uploads\/2018\/08\/plastic-mould-china.jpg\",\"datePublished\":\"2018-09-09T09:23:38+00:00\",\"dateModified\":\"2018-09-09T09:32:23+00:00\",\"description\":\"N\u00f3s somos fabricante de moldes muito r\u00e1pido na China, como temos uma SOLU\u00c7\u00c3O para o molde normal e fabrica\u00e7\u00e3o de moldes urgentes.\",\"breadcrumb\":{\"@id\":\"https:\/\/www.mouldprecision.com\/pt-pt\/slider\/rapido-moldes-fabricante.html#breadcrumb\"},\"inLanguage\":\"pt-PT\",\"potentialAction\":[{\"@type\":\"ReadAction\",\"target\":[\"https:\/\/www.mouldprecision.com\/pt-pt\/slider\/rapido-moldes-fabricante.html\"]}]},{\"@type\":\"ImageObject\",\"inLanguage\":\"pt-PT\",\"@id\":\"https:\/\/www.mouldprecision.com\/pt-pt\/slider\/rapido-moldes-fabricante.html#primaryimage\",\"url\":\"https:\/\/www.mouldprecision.com\/wp-content\/uploads\/2018\/08\/plastic-mould-china.jpg\",\"contentUrl\":\"https:\/\/www.mouldprecision.com\/wp-content\/uploads\/2018\/08\/plastic-mould-china.jpg\",\"width\":1366,\"height\":426,\"caption\":\"plastic mould china\"},{\"@type\":\"BreadcrumbList\",\"@id\":\"https:\/\/www.mouldprecision.com\/pt-pt\/slider\/rapido-moldes-fabricante.html#breadcrumb\",\"itemListElement\":[{\"@type\":\"ListItem\",\"position\":1,\"name\":\"Home\",\"item\":\"https:\/\/www.mouldprecision.com\/pt-pt\"},{\"@type\":\"ListItem\",\"position\":2,\"name\":\"Slider\",\"item\":\"https:\/\/www.mouldprecision.com\/pt-pt\/slider.html\"},{\"@type\":\"ListItem\",\"position\":3,\"name\":\"R\u00e1pido moldes fabricante\"}]},{\"@type\":\"WebSite\",\"@id\":\"https:\/\/www.mouldprecision.com\/#website\",\"url\":\"https:\/\/www.mouldprecision.com\/\",\"name\":\"China mould maker,mould making company &amp; manufacturer\",\"description\":\"\",\"publisher\":{\"@id\":\"https:\/\/www.mouldprecision.com\/#organization\"},\"potentialAction\":[{\"@type\":\"SearchAction\",\"target\":{\"@type\":\"EntryPoint\",\"urlTemplate\":\"https:\/\/www.mouldprecision.com\/?s={search_term_string}\"},\"query-input\":{\"@type\":\"PropertyValueSpecification\",\"valueRequired\":true,\"valueName\":\"search_term_string\"}}],\"inLanguage\":\"pt-PT\"},{\"@type\":\"Organization\",\"@id\":\"https:\/\/www.mouldprecision.com\/#organization\",\"name\":\"China mould maker,mould making company &amp; manufacturer\",\"url\":\"https:\/\/www.mouldprecision.com\/\",\"logo\":{\"@type\":\"ImageObject\",\"inLanguage\":\"pt-PT\",\"@id\":\"https:\/\/www.mouldprecision.com\/#\/schema\/logo\/image\/\",\"url\":\"https:\/\/www.mouldprecision.com\/wp-content\/uploads\/2018\/08\/MP-logo.png\",\"contentUrl\":\"https:\/\/www.mouldprecision.com\/wp-content\/uploads\/2018\/08\/MP-logo.png\",\"width\":156,\"height\":59,\"caption\":\"China mould maker,mould making company &amp; manufacturer\"},\"image\":{\"@id\":\"https:\/\/www.mouldprecision.com\/#\/schema\/logo\/image\/\"}}]}<\/script>\n<!-- \/ Yoast SEO plugin. -->","yoast_head_json":{"title":"R\u00e1pido moldes fabricante | China mould maker,mould making company &amp; manufacturer","description":"N\u00f3s somos fabricante de moldes muito r\u00e1pido na China, como temos uma SOLU\u00c7\u00c3O para o molde normal e fabrica\u00e7\u00e3o de moldes urgentes.","robots":{"index":"index","follow":"follow","max-snippet":"max-snippet:-1","max-image-preview":"max-image-preview:large","max-video-preview":"max-video-preview:-1"},"canonical":"https:\/\/www.mouldprecision.com\/pt-pt\/slider\/rapido-moldes-fabricante.html","og_locale":"pt_PT","og_type":"article","og_title":"R\u00e1pido moldes fabricante | China mould maker,mould making company &amp; manufacturer","og_description":"N\u00f3s somos fabricante de moldes muito r\u00e1pido na China, como temos uma SOLU\u00c7\u00c3O para o molde normal e fabrica\u00e7\u00e3o de moldes urgentes.","og_url":"https:\/\/www.mouldprecision.com\/pt-pt\/slider\/rapido-moldes-fabricante.html","og_site_name":"China mould maker,mould making company &amp; manufacturer","article_modified_time":"2018-09-09T09:32:23+00:00","og_image":[{"width":1366,"height":426,"url":"https:\/\/www.mouldprecision.com\/wp-content\/uploads\/2018\/08\/plastic-mould-china.jpg","type":"image\/jpeg"}],"twitter_card":"summary_large_image","twitter_misc":{"Tempo estimado de leitura":"1 minuto"},"schema":{"@context":"https:\/\/schema.org","@graph":[{"@type":"WebPage","@id":"https:\/\/www.mouldprecision.com\/pt-pt\/slider\/rapido-moldes-fabricante.html","url":"https:\/\/www.mouldprecision.com\/pt-pt\/slider\/rapido-moldes-fabricante.html","name":"R\u00e1pido moldes fabricante | China mould maker,mould making company &amp; manufacturer","isPartOf":{"@id":"https:\/\/www.mouldprecision.com\/#website"},"primaryImageOfPage":{"@id":"https:\/\/www.mouldprecision.com\/pt-pt\/slider\/rapido-moldes-fabricante.html#primaryimage"},"image":{"@id":"https:\/\/www.mouldprecision.com\/pt-pt\/slider\/rapido-moldes-fabricante.html#primaryimage"},"thumbnailUrl":"https:\/\/www.mouldprecision.com\/wp-content\/uploads\/2018\/08\/plastic-mould-china.jpg","datePublished":"2018-09-09T09:23:38+00:00","dateModified":"2018-09-09T09:32:23+00:00","description":"N\u00f3s somos fabricante de moldes muito r\u00e1pido na China, como temos uma SOLU\u00c7\u00c3O para o molde normal e fabrica\u00e7\u00e3o de moldes urgentes.","breadcrumb":{"@id":"https:\/\/www.mouldprecision.com\/pt-pt\/slider\/rapido-moldes-fabricante.html#breadcrumb"},"inLanguage":"pt-PT","potentialAction":[{"@type":"ReadAction","target":["https:\/\/www.mouldprecision.com\/pt-pt\/slider\/rapido-moldes-fabricante.html"]}]},{"@type":"ImageObject","inLanguage":"pt-PT","@id":"https:\/\/www.mouldprecision.com\/pt-pt\/slider\/rapido-moldes-fabricante.html#primaryimage","url":"https:\/\/www.mouldprecision.com\/wp-content\/uploads\/2018\/08\/plastic-mould-china.jpg","contentUrl":"https:\/\/www.mouldprecision.com\/wp-content\/uploads\/2018\/08\/plastic-mould-china.jpg","width":1366,"height":426,"caption":"plastic mould china"},{"@type":"BreadcrumbList","@id":"https:\/\/www.mouldprecision.com\/pt-pt\/slider\/rapido-moldes-fabricante.html#breadcrumb","itemListElement":[{"@type":"ListItem","position":1,"name":"Home","item":"https:\/\/www.mouldprecision.com\/pt-pt"},{"@type":"ListItem","position":2,"name":"Slider","item":"https:\/\/www.mouldprecision.com\/pt-pt\/slider.html"},{"@type":"ListItem","position":3,"name":"R\u00e1pido moldes fabricante"}]},{"@type":"WebSite","@id":"https:\/\/www.mouldprecision.com\/#website","url":"https:\/\/www.mouldprecision.com\/","name":"China mould maker,mould making company &amp; manufacturer","description":"","publisher":{"@id":"https:\/\/www.mouldprecision.com\/#organization"},"potentialAction":[{"@type":"SearchAction","target":{"@type":"EntryPoint","urlTemplate":"https:\/\/www.mouldprecision.com\/?s={search_term_string}"},"query-input":{"@type":"PropertyValueSpecification","valueRequired":true,"valueName":"search_term_string"}}],"inLanguage":"pt-PT"},{"@type":"Organization","@id":"https:\/\/www.mouldprecision.com\/#organization","name":"China mould maker,mould making company &amp; manufacturer","url":"https:\/\/www.mouldprecision.com\/","logo":{"@type":"ImageObject","inLanguage":"pt-PT","@id":"https:\/\/www.mouldprecision.com\/#\/schema\/logo\/image\/","url":"https:\/\/www.mouldprecision.com\/wp-content\/uploads\/2018\/08\/MP-logo.png","contentUrl":"https:\/\/www.mouldprecision.com\/wp-content\/uploads\/2018\/08\/MP-logo.png","width":156,"height":59,"caption":"China mould maker,mould making company &amp; manufacturer"},"image":{"@id":"https:\/\/www.mouldprecision.com\/#\/schema\/logo\/image\/"}}]}},"_links":{"self":[{"href":"https:\/\/www.mouldprecision.com\/pt-pt\/wp-json\/wp\/v2\/pages\/4109","targetHints":{"allow":["GET"]}}],"collection":[{"href":"https:\/\/www.mouldprecision.com\/pt-pt\/wp-json\/wp\/v2\/pages"}],"about":[{"href":"https:\/\/www.mouldprecision.com\/pt-pt\/wp-json\/wp\/v2\/types\/page"}],"author":[{"embeddable":true,"href":"https:\/\/www.mouldprecision.com\/pt-pt\/wp-json\/wp\/v2\/users\/2"}],"replies":[{"embeddable":true,"href":"https:\/\/www.mouldprecision.com\/pt-pt\/wp-json\/wp\/v2\/comments?post=4109"}],"version-history":[{"count":0,"href":"https:\/\/www.mouldprecision.com\/pt-pt\/wp-json\/wp\/v2\/pages\/4109\/revisions"}],"up":[{"embeddable":true,"href":"https:\/\/www.mouldprecision.com\/pt-pt\/wp-json\/wp\/v2\/pages\/4108"}],"wp:featuredmedia":[{"embeddable":true,"href":"https:\/\/www.mouldprecision.com\/pt-pt\/wp-json\/wp\/v2\/media\/2301"}],"wp:attachment":[{"href":"https:\/\/www.mouldprecision.com\/pt-pt\/wp-json\/wp\/v2\/media?parent=4109"}],"curies":[{"name":"wp","href":"https:\/\/api.w.org\/{rel}","templated":true}]}}