{"id":4103,"date":"2018-09-09T08:44:30","date_gmt":"2018-09-09T08:44:30","guid":{"rendered":"https:\/\/www.mouldprecision.com\/?page_id=4103"},"modified":"2018-09-09T08:44:30","modified_gmt":"2018-09-09T08:44:30","slug":"projeto-procedimento","status":"publish","type":"page","link":"https:\/\/www.mouldprecision.com\/pt-pt\/servicos\/projeto-procedimento.html","title":{"rendered":"Projeto procedimento"},"content":{"rendered":"<h1><strong>Procedimento de Projeto<\/strong><\/h1>\n<h2><strong>A boa solu\u00e7\u00e3o e o sistema podem faz\u00ea-lo f\u00e1cil e suave.<\/strong><\/h2>\n<p><img loading=\"lazy\" decoding=\"async\" class=\"alignnone size-medium wp-image-1239\" src=\"https:\/\/www.mouldprecision.com\/wp-content\/uploads\/2018\/08\/project-procedure.jpg\" alt=\"Project Procedure\" width=\"800\" height=\"661\" \/><\/p>\n<p><strong>O projeto come\u00e7a <\/strong>quando recebemos seu RFQ. N\u00f3s oferecemos-lhe cota\u00e7\u00e3o ap\u00f3s confirmar informa\u00e7\u00f5es b\u00e1sicas. Como o a\u00e7o para o n\u00facleo e a cavidade, o n\u00famero da cavidade, a placa dois ou o molde de tr\u00eas placas etc.<\/p>\n<p><strong>O DFM \u00e9 iniciado<\/strong> quando a ordem \u00e9 feito. Ser\u00e1 oferta em 1-3 dias. O desenho do molde 2D e o desenho do molde 3D ser\u00e3o oferecidos posteriormente.<\/p>\n<p><strong>O molde n\u00e3o est\u00e1 <\/strong><strong>a <\/strong><strong>faze<\/strong><strong>r<\/strong> at\u00e9 que o desenho do molde seja aprovado pelo cliente.<\/p>\n<p><strong>O relat\u00f3rio semanal <\/strong>ser\u00e1 oferecido na segunda-feira. \u00c9 fotos fechadas. Ent\u00e3o voc\u00ea pode saber qual \u00e9 o detalhe do processamento real.<\/p>\n<p><strong>O <\/strong><strong>R<\/strong><strong>elat\u00f3rio de <\/strong><strong>T<\/strong><strong>este do <\/strong><strong>M<\/strong><strong>olde e a <\/strong><strong>I<\/strong><strong>nspe\u00e7\u00e3o da <\/strong><strong>A<\/strong><strong>mostra<\/strong> ser\u00e3o oferecidos ap\u00f3s o Teste do Molde.<\/p>\n<p><strong>O molde <\/strong>ser\u00e1 embalagem uma vez que a amostra \u00e9 aprovada antes do envio.<\/p>\n<!-- Begin Yuzo --><div class='yuzo_related_post style-1'  data-version='5.12.89'><!-- without result --><div class='yuzo_clearfixed yuzo__title yuzo__title'><h5>Related Post<\/h5><\/div>\n<\/div>  <!-- End Yuzo :) -->","protected":false},"excerpt":{"rendered":"<p>Procedimento de Projeto A boa solu\u00e7\u00e3o e o sistema podem faz\u00ea-lo f\u00e1cil e suave. O projeto come\u00e7a quando recebemos seu RFQ. N\u00f3s oferecemos-lhe cota\u00e7\u00e3o ap\u00f3s confirmar informa\u00e7\u00f5es b\u00e1sicas. Como o a\u00e7o para o n\u00facleo e a cavidade, o n\u00famero da cavidade, a placa dois ou o molde de tr\u00eas placas etc. O DFM \u00e9 iniciado [&hellip;]<\/p>\n","protected":false},"author":2,"featured_media":0,"parent":4135,"menu_order":0,"comment_status":"closed","ping_status":"closed","template":"","meta":{"footnotes":""},"class_list":["post-4103","page","type-page","status-publish","hentry"],"yoast_head":"<!-- This site is optimized with the Yoast SEO plugin v27.2 - https:\/\/yoast.com\/product\/yoast-seo-wordpress\/ -->\n<title>Projeto procedimento | China mould maker,mould making company &amp; manufacturer<\/title>\n<meta name=\"robots\" content=\"index, follow, max-snippet:-1, max-image-preview:large, max-video-preview:-1\" \/>\n<link rel=\"canonical\" href=\"https:\/\/www.mouldprecision.com\/pt-pt\/servicos\/projeto-procedimento.html\" \/>\n<meta property=\"og:locale\" content=\"pt_PT\" \/>\n<meta property=\"og:type\" content=\"article\" \/>\n<meta property=\"og:title\" content=\"Projeto procedimento | China mould maker,mould making company &amp; manufacturer\" \/>\n<meta property=\"og:description\" content=\"Procedimento de Projeto A boa solu\u00e7\u00e3o e o sistema podem faz\u00ea-lo f\u00e1cil e suave. O projeto come\u00e7a quando recebemos seu RFQ. N\u00f3s oferecemos-lhe cota\u00e7\u00e3o ap\u00f3s confirmar informa\u00e7\u00f5es b\u00e1sicas. Como o a\u00e7o para o n\u00facleo e a cavidade, o n\u00famero da cavidade, a placa dois ou o molde de tr\u00eas placas etc. O DFM \u00e9 iniciado [&hellip;]\" \/>\n<meta property=\"og:url\" content=\"https:\/\/www.mouldprecision.com\/pt-pt\/servicos\/projeto-procedimento.html\" \/>\n<meta property=\"og:site_name\" content=\"China mould maker,mould making company &amp; manufacturer\" \/>\n<meta property=\"og:image\" content=\"https:\/\/www.mouldprecision.com\/wp-content\/uploads\/2018\/08\/project-procedure.jpg\" \/>\n<meta name=\"twitter:card\" content=\"summary_large_image\" \/>\n<meta name=\"twitter:label1\" content=\"Tempo estimado de leitura\" \/>\n\t<meta name=\"twitter:data1\" content=\"1 minuto\" \/>\n<script type=\"application\/ld+json\" class=\"yoast-schema-graph\">{\"@context\":\"https:\/\/schema.org\",\"@graph\":[{\"@type\":\"WebPage\",\"@id\":\"https:\/\/www.mouldprecision.com\/pt-pt\/servicos\/projeto-procedimento.html\",\"url\":\"https:\/\/www.mouldprecision.com\/pt-pt\/servicos\/projeto-procedimento.html\",\"name\":\"Projeto procedimento | China mould maker,mould making company &amp; manufacturer\",\"isPartOf\":{\"@id\":\"https:\/\/www.mouldprecision.com\/#website\"},\"primaryImageOfPage\":{\"@id\":\"https:\/\/www.mouldprecision.com\/pt-pt\/servicos\/projeto-procedimento.html#primaryimage\"},\"image\":{\"@id\":\"https:\/\/www.mouldprecision.com\/pt-pt\/servicos\/projeto-procedimento.html#primaryimage\"},\"thumbnailUrl\":\"https:\/\/www.mouldprecision.com\/wp-content\/uploads\/2018\/08\/project-procedure.jpg\",\"datePublished\":\"2018-09-09T08:44:30+00:00\",\"breadcrumb\":{\"@id\":\"https:\/\/www.mouldprecision.com\/pt-pt\/servicos\/projeto-procedimento.html#breadcrumb\"},\"inLanguage\":\"pt-PT\",\"potentialAction\":[{\"@type\":\"ReadAction\",\"target\":[\"https:\/\/www.mouldprecision.com\/pt-pt\/servicos\/projeto-procedimento.html\"]}]},{\"@type\":\"ImageObject\",\"inLanguage\":\"pt-PT\",\"@id\":\"https:\/\/www.mouldprecision.com\/pt-pt\/servicos\/projeto-procedimento.html#primaryimage\",\"url\":\"https:\/\/www.mouldprecision.com\/wp-content\/uploads\/2018\/08\/project-procedure.jpg\",\"contentUrl\":\"https:\/\/www.mouldprecision.com\/wp-content\/uploads\/2018\/08\/project-procedure.jpg\"},{\"@type\":\"BreadcrumbList\",\"@id\":\"https:\/\/www.mouldprecision.com\/pt-pt\/servicos\/projeto-procedimento.html#breadcrumb\",\"itemListElement\":[{\"@type\":\"ListItem\",\"position\":1,\"name\":\"Home\",\"item\":\"https:\/\/www.mouldprecision.com\/pt-pt\"},{\"@type\":\"ListItem\",\"position\":2,\"name\":\"Servi\u00e7os\",\"item\":\"https:\/\/www.mouldprecision.com\/pt-pt\/servicos.html\"},{\"@type\":\"ListItem\",\"position\":3,\"name\":\"Projeto procedimento\"}]},{\"@type\":\"WebSite\",\"@id\":\"https:\/\/www.mouldprecision.com\/#website\",\"url\":\"https:\/\/www.mouldprecision.com\/\",\"name\":\"China mould maker,mould making company &amp; manufacturer\",\"description\":\"\",\"publisher\":{\"@id\":\"https:\/\/www.mouldprecision.com\/#organization\"},\"potentialAction\":[{\"@type\":\"SearchAction\",\"target\":{\"@type\":\"EntryPoint\",\"urlTemplate\":\"https:\/\/www.mouldprecision.com\/?s={search_term_string}\"},\"query-input\":{\"@type\":\"PropertyValueSpecification\",\"valueRequired\":true,\"valueName\":\"search_term_string\"}}],\"inLanguage\":\"pt-PT\"},{\"@type\":\"Organization\",\"@id\":\"https:\/\/www.mouldprecision.com\/#organization\",\"name\":\"China mould maker,mould making company &amp; manufacturer\",\"url\":\"https:\/\/www.mouldprecision.com\/\",\"logo\":{\"@type\":\"ImageObject\",\"inLanguage\":\"pt-PT\",\"@id\":\"https:\/\/www.mouldprecision.com\/#\/schema\/logo\/image\/\",\"url\":\"https:\/\/www.mouldprecision.com\/wp-content\/uploads\/2018\/08\/MP-logo.png\",\"contentUrl\":\"https:\/\/www.mouldprecision.com\/wp-content\/uploads\/2018\/08\/MP-logo.png\",\"width\":156,\"height\":59,\"caption\":\"China mould maker,mould making company &amp; manufacturer\"},\"image\":{\"@id\":\"https:\/\/www.mouldprecision.com\/#\/schema\/logo\/image\/\"}}]}<\/script>\n<!-- \/ Yoast SEO plugin. -->","yoast_head_json":{"title":"Projeto procedimento | China mould maker,mould making company &amp; manufacturer","robots":{"index":"index","follow":"follow","max-snippet":"max-snippet:-1","max-image-preview":"max-image-preview:large","max-video-preview":"max-video-preview:-1"},"canonical":"https:\/\/www.mouldprecision.com\/pt-pt\/servicos\/projeto-procedimento.html","og_locale":"pt_PT","og_type":"article","og_title":"Projeto procedimento | China mould maker,mould making company &amp; manufacturer","og_description":"Procedimento de Projeto A boa solu\u00e7\u00e3o e o sistema podem faz\u00ea-lo f\u00e1cil e suave. O projeto come\u00e7a quando recebemos seu RFQ. N\u00f3s oferecemos-lhe cota\u00e7\u00e3o ap\u00f3s confirmar informa\u00e7\u00f5es b\u00e1sicas. Como o a\u00e7o para o n\u00facleo e a cavidade, o n\u00famero da cavidade, a placa dois ou o molde de tr\u00eas placas etc. O DFM \u00e9 iniciado [&hellip;]","og_url":"https:\/\/www.mouldprecision.com\/pt-pt\/servicos\/projeto-procedimento.html","og_site_name":"China mould maker,mould making company &amp; manufacturer","og_image":[{"url":"https:\/\/www.mouldprecision.com\/wp-content\/uploads\/2018\/08\/project-procedure.jpg","type":"","width":"","height":""}],"twitter_card":"summary_large_image","twitter_misc":{"Tempo estimado de leitura":"1 minuto"},"schema":{"@context":"https:\/\/schema.org","@graph":[{"@type":"WebPage","@id":"https:\/\/www.mouldprecision.com\/pt-pt\/servicos\/projeto-procedimento.html","url":"https:\/\/www.mouldprecision.com\/pt-pt\/servicos\/projeto-procedimento.html","name":"Projeto procedimento | China mould maker,mould making company &amp; manufacturer","isPartOf":{"@id":"https:\/\/www.mouldprecision.com\/#website"},"primaryImageOfPage":{"@id":"https:\/\/www.mouldprecision.com\/pt-pt\/servicos\/projeto-procedimento.html#primaryimage"},"image":{"@id":"https:\/\/www.mouldprecision.com\/pt-pt\/servicos\/projeto-procedimento.html#primaryimage"},"thumbnailUrl":"https:\/\/www.mouldprecision.com\/wp-content\/uploads\/2018\/08\/project-procedure.jpg","datePublished":"2018-09-09T08:44:30+00:00","breadcrumb":{"@id":"https:\/\/www.mouldprecision.com\/pt-pt\/servicos\/projeto-procedimento.html#breadcrumb"},"inLanguage":"pt-PT","potentialAction":[{"@type":"ReadAction","target":["https:\/\/www.mouldprecision.com\/pt-pt\/servicos\/projeto-procedimento.html"]}]},{"@type":"ImageObject","inLanguage":"pt-PT","@id":"https:\/\/www.mouldprecision.com\/pt-pt\/servicos\/projeto-procedimento.html#primaryimage","url":"https:\/\/www.mouldprecision.com\/wp-content\/uploads\/2018\/08\/project-procedure.jpg","contentUrl":"https:\/\/www.mouldprecision.com\/wp-content\/uploads\/2018\/08\/project-procedure.jpg"},{"@type":"BreadcrumbList","@id":"https:\/\/www.mouldprecision.com\/pt-pt\/servicos\/projeto-procedimento.html#breadcrumb","itemListElement":[{"@type":"ListItem","position":1,"name":"Home","item":"https:\/\/www.mouldprecision.com\/pt-pt"},{"@type":"ListItem","position":2,"name":"Servi\u00e7os","item":"https:\/\/www.mouldprecision.com\/pt-pt\/servicos.html"},{"@type":"ListItem","position":3,"name":"Projeto procedimento"}]},{"@type":"WebSite","@id":"https:\/\/www.mouldprecision.com\/#website","url":"https:\/\/www.mouldprecision.com\/","name":"China mould maker,mould making company &amp; manufacturer","description":"","publisher":{"@id":"https:\/\/www.mouldprecision.com\/#organization"},"potentialAction":[{"@type":"SearchAction","target":{"@type":"EntryPoint","urlTemplate":"https:\/\/www.mouldprecision.com\/?s={search_term_string}"},"query-input":{"@type":"PropertyValueSpecification","valueRequired":true,"valueName":"search_term_string"}}],"inLanguage":"pt-PT"},{"@type":"Organization","@id":"https:\/\/www.mouldprecision.com\/#organization","name":"China mould maker,mould making company &amp; manufacturer","url":"https:\/\/www.mouldprecision.com\/","logo":{"@type":"ImageObject","inLanguage":"pt-PT","@id":"https:\/\/www.mouldprecision.com\/#\/schema\/logo\/image\/","url":"https:\/\/www.mouldprecision.com\/wp-content\/uploads\/2018\/08\/MP-logo.png","contentUrl":"https:\/\/www.mouldprecision.com\/wp-content\/uploads\/2018\/08\/MP-logo.png","width":156,"height":59,"caption":"China mould maker,mould making company &amp; manufacturer"},"image":{"@id":"https:\/\/www.mouldprecision.com\/#\/schema\/logo\/image\/"}}]}},"_links":{"self":[{"href":"https:\/\/www.mouldprecision.com\/pt-pt\/wp-json\/wp\/v2\/pages\/4103","targetHints":{"allow":["GET"]}}],"collection":[{"href":"https:\/\/www.mouldprecision.com\/pt-pt\/wp-json\/wp\/v2\/pages"}],"about":[{"href":"https:\/\/www.mouldprecision.com\/pt-pt\/wp-json\/wp\/v2\/types\/page"}],"author":[{"embeddable":true,"href":"https:\/\/www.mouldprecision.com\/pt-pt\/wp-json\/wp\/v2\/users\/2"}],"replies":[{"embeddable":true,"href":"https:\/\/www.mouldprecision.com\/pt-pt\/wp-json\/wp\/v2\/comments?post=4103"}],"version-history":[{"count":0,"href":"https:\/\/www.mouldprecision.com\/pt-pt\/wp-json\/wp\/v2\/pages\/4103\/revisions"}],"up":[{"embeddable":true,"href":"https:\/\/www.mouldprecision.com\/pt-pt\/wp-json\/wp\/v2\/pages\/4135"}],"wp:attachment":[{"href":"https:\/\/www.mouldprecision.com\/pt-pt\/wp-json\/wp\/v2\/media?parent=4103"}],"curies":[{"name":"wp","href":"https:\/\/api.w.org\/{rel}","templated":true}]}}