{"id":4098,"date":"2018-09-09T08:38:54","date_gmt":"2018-09-09T08:38:54","guid":{"rendered":"https:\/\/www.mouldprecision.com\/?page_id=4098"},"modified":"2018-09-09T08:38:54","modified_gmt":"2018-09-09T08:38:54","slug":"moldes-fabricacao","status":"publish","type":"page","link":"https:\/\/www.mouldprecision.com\/pt-pt\/servicos\/moldes-fabricacao.html","title":{"rendered":"Moldes fabrica\u00e7\u00e3o"},"content":{"rendered":"<h2><strong>Fabrica\u00e7\u00e3o de moldes na China, moldes de exporta\u00e7\u00e3o para a Europa e Am\u00e9rica.<\/strong><\/h2>\n<p>N\u00f3s temos a experi\u00eancia rica para o servi\u00e7o de fabrica\u00e7\u00e3o de moldes de inje\u00e7\u00e3o de pl\u00e1stico, com padr\u00e3o LKM, HASCO ou DME, e especifica\u00e7\u00e3o de exig\u00eancia do cliente. 90% das exporta\u00e7\u00f5es de moldes para a Europa e Am\u00e9rica do Norte.<\/p>\n<h2><strong>Servi\u00e7o de Fabrica\u00e7\u00e3o de Moldes:<\/strong><\/h2>\n<p>Somos capazes de fabricar moldes desde o molde Classe 105 para prot\u00f3tipos e execu\u00e7\u00f5es de baixo volume, at\u00e9 moldes Classe 101 capazes de milh\u00f5es de ciclos. Todas as <strong>especifica\u00e7\u00f5es do<\/strong> <strong>molde SPI<\/strong> s\u00e3o bem-vindas.<\/p>\n<style type=\"text\/css\">\n#foogallery-gallery-633 .fg-image { width: 251px; }\n#foogallery-gallery-633 { --fg-gutter: 10px; }<\/style>\n\t\t\t<style type=\"text\/css\">\n#foogallery-gallery-633_1 .fg-image { width: 251px; }\n#foogallery-gallery-633_1 { --fg-gutter: 10px; }<\/style>\n\t\t\t<div class=\"foogallery foogallery-container foogallery-default foogallery-lightbox-foobox fg-center fg-default fg-ready fg-light fg-hover-scale fg-hover-instant\" id=\"foogallery-gallery-633_1\" data-foogallery=\"{&quot;item&quot;:{&quot;showCaptionTitle&quot;:true,&quot;showCaptionDescription&quot;:false},&quot;lazy&quot;:true}\" style=\"--fg-title-line-clamp: 0; --fg-description-line-clamp: 0;\" >\n\t<div class=\"fg-item fg-type-image fg-idle\"><figure class=\"fg-item-inner\"><a href=\"https:\/\/www.mouldprecision.com\/wp-content\/uploads\/2018\/08\/CNC-machining.jpg\" data-attachment-id=\"2246\" data-type=\"image\" class=\"fg-thumb\"><span class=\"fg-image-wrap\"><img decoding=\"async\" width=\"251\" height=\"190\" class=\"skip-lazy fg-image\" data-src-fg=\"https:\/\/www.mouldprecision.com\/wp-content\/uploads\/cache\/2018\/08\/CNC-machining\/3972012230.jpg\" src=\"data:image\/svg+xml,%3Csvg%20xmlns%3D%22http%3A%2F%2Fwww.w3.org%2F2000%2Fsvg%22%20width%3D%22251%22%20height%3D%22190%22%20viewBox%3D%220%200%20251%20190%22%3E%3C%2Fsvg%3E\" loading=\"eager\"><\/span><span class=\"fg-image-overlay\"><\/span><\/a><\/figure><div class=\"fg-loader\"><\/div><\/div><div class=\"fg-item fg-type-image fg-idle\"><figure class=\"fg-item-inner\"><a href=\"https:\/\/www.mouldprecision.com\/wp-content\/uploads\/2018\/08\/EDM-machining.jpg\" data-attachment-id=\"2247\" data-type=\"image\" class=\"fg-thumb\"><span class=\"fg-image-wrap\"><img decoding=\"async\" width=\"251\" height=\"190\" class=\"skip-lazy fg-image\" data-src-fg=\"https:\/\/www.mouldprecision.com\/wp-content\/uploads\/cache\/2018\/08\/EDM-machining\/1455439027.jpg\" src=\"data:image\/svg+xml,%3Csvg%20xmlns%3D%22http%3A%2F%2Fwww.w3.org%2F2000%2Fsvg%22%20width%3D%22251%22%20height%3D%22190%22%20viewBox%3D%220%200%20251%20190%22%3E%3C%2Fsvg%3E\" loading=\"eager\"><\/span><span class=\"fg-image-overlay\"><\/span><\/a><\/figure><div class=\"fg-loader\"><\/div><\/div><div class=\"fg-item fg-type-image fg-idle\"><figure class=\"fg-item-inner\"><a href=\"https:\/\/www.mouldprecision.com\/wp-content\/uploads\/2018\/08\/plastic-mould-fitting.jpg\" data-attachment-id=\"2251\" data-type=\"image\" class=\"fg-thumb\"><span class=\"fg-image-wrap\"><img decoding=\"async\" width=\"251\" height=\"190\" class=\"skip-lazy fg-image\" data-src-fg=\"https:\/\/www.mouldprecision.com\/wp-content\/uploads\/cache\/2018\/08\/plastic-mould-fitting\/1487514068.jpg\" src=\"data:image\/svg+xml,%3Csvg%20xmlns%3D%22http%3A%2F%2Fwww.w3.org%2F2000%2Fsvg%22%20width%3D%22251%22%20height%3D%22190%22%20viewBox%3D%220%200%20251%20190%22%3E%3C%2Fsvg%3E\" loading=\"eager\"><\/span><span class=\"fg-image-overlay\"><\/span><\/a><\/figure><div class=\"fg-loader\"><\/div><\/div><div class=\"fg-item fg-type-image fg-idle\"><figure class=\"fg-item-inner\"><a href=\"https:\/\/www.mouldprecision.com\/wp-content\/uploads\/2018\/08\/plastic-mould.jpg\" data-attachment-id=\"2250\" data-type=\"image\" class=\"fg-thumb\"><span class=\"fg-image-wrap\"><img decoding=\"async\" width=\"251\" height=\"190\" class=\"skip-lazy fg-image\" data-src-fg=\"https:\/\/www.mouldprecision.com\/wp-content\/uploads\/cache\/2018\/08\/plastic-mould\/2709449950.jpg\" src=\"data:image\/svg+xml,%3Csvg%20xmlns%3D%22http%3A%2F%2Fwww.w3.org%2F2000%2Fsvg%22%20width%3D%22251%22%20height%3D%22190%22%20viewBox%3D%220%200%20251%20190%22%3E%3C%2Fsvg%3E\" loading=\"eager\"><\/span><span class=\"fg-image-overlay\"><\/span><\/a><\/figure><div class=\"fg-loader\"><\/div><\/div><div class=\"fg-item fg-type-image fg-idle\"><figure class=\"fg-item-inner\"><a href=\"https:\/\/www.mouldprecision.com\/wp-content\/uploads\/2018\/08\/mould-packing.jpg\" data-attachment-id=\"3228\" data-type=\"image\" class=\"fg-thumb\"><span class=\"fg-image-wrap\"><img decoding=\"async\" width=\"251\" height=\"190\" class=\"skip-lazy fg-image\" data-src-fg=\"https:\/\/www.mouldprecision.com\/wp-content\/uploads\/cache\/2018\/08\/mould-packing\/539675544.jpg\" src=\"data:image\/svg+xml,%3Csvg%20xmlns%3D%22http%3A%2F%2Fwww.w3.org%2F2000%2Fsvg%22%20width%3D%22251%22%20height%3D%22190%22%20viewBox%3D%220%200%20251%20190%22%3E%3C%2Fsvg%3E\" loading=\"eager\"><\/span><span class=\"fg-image-overlay\"><\/span><\/a><\/figure><div class=\"fg-loader\"><\/div><\/div><div class=\"fg-item fg-type-image fg-idle\"><figure class=\"fg-item-inner\"><a href=\"https:\/\/www.mouldprecision.com\/wp-content\/uploads\/2018\/08\/plastic-mould-plywood.jpg\" data-attachment-id=\"2252\" data-type=\"image\" class=\"fg-thumb\"><span class=\"fg-image-wrap\"><img decoding=\"async\" width=\"251\" height=\"190\" class=\"skip-lazy fg-image\" data-src-fg=\"https:\/\/www.mouldprecision.com\/wp-content\/uploads\/cache\/2018\/08\/plastic-mould-plywood\/2366503643.jpg\" src=\"data:image\/svg+xml,%3Csvg%20xmlns%3D%22http%3A%2F%2Fwww.w3.org%2F2000%2Fsvg%22%20width%3D%22251%22%20height%3D%22190%22%20viewBox%3D%220%200%20251%20190%22%3E%3C%2Fsvg%3E\" loading=\"eager\"><\/span><span class=\"fg-image-overlay\"><\/span><\/a><\/figure><div class=\"fg-loader\"><\/div><\/div><\/div>\n\n<p>Quando voc\u00ea entrega a fabrica\u00e7\u00e3o de moldes para n\u00f3s, voc\u00ea est\u00e1 a adquirir um molde de qualidade com uma s\u00f3lida reputa\u00e7\u00e3o por tr\u00e1s disso. Nossas instala\u00e7\u00f5es e o talento de nossa equipa s\u00f3 podem ser descritos como inovadores &#8211; <strong>inteligentes, criativos e responsivos.<\/strong><\/p>\n<h2><strong>Informa\u00e7\u00f5es de Fabrica\u00e7\u00e3o de Moldes:<\/strong><\/h2>\n<p><strong>Unidades do molde:<\/strong> Molde m\u00e9trico, molde de polegadas<\/p>\n<h3>A\u00e7o do Molde:<\/h3>\n<ul class=\"pd6\">\n<li><strong>LKM:<\/strong> LKM2344, LKM838H, LKM2311, LKM2312, LKM718H, LKM738H<\/li>\n<li><strong>ASSAB (Su\u00e9cia):<\/strong> IMPAX718H, STAVAX S136, STAVAX S136H<\/li>\n<li><strong>DAIDO (Jap\u00e3o):<\/strong> PX88, NAK55, NAK80. DC11, DC53<\/li>\n<li><strong>FINKL (Am\u00e9rica):<\/strong> P20HH, P20LQ, H13<\/li>\n<li><strong>AUBERT &amp; DUVAL (Fran\u00e7a):<\/strong> ADC3, SMV3W<\/li>\n<\/ul>\n<p><strong>Base do Molde:<\/strong> DME, HASCO, LKM, China<br \/>\n<strong>Pe\u00e7as Padr\u00e3o:<\/strong> DME, HASCO, LKM<br \/>\n<strong>Corredor Quente:<\/strong> Mould MASTER, HUSKY, HASCO, DME, YUDO, INCOE<br \/>\n<strong>Polimento \/ Textura: <\/strong>SPI, VDI 3400, Mould-TECH, YS<br \/>\n<strong>Toler\u00e2ncia Moldada:<\/strong> +- 0.01mm<br \/>\n<strong>Tamanho do Molde:<\/strong> at\u00e9 10 toneladas<br \/>\n<strong>Prazo de Execu\u00e7\u00e3o:<\/strong> 2-10 semanas<\/p>\n<style type=\"text\/css\">\n#foogallery-gallery-1012 .fg-image { width: 251px; }\n#foogallery-gallery-1012 { --fg-gutter: 10px; }<\/style>\n\t\t\t<style type=\"text\/css\">\n#foogallery-gallery-1012_1 .fg-image { width: 251px; }\n#foogallery-gallery-1012_1 { --fg-gutter: 10px; }<\/style>\n\t\t\t<div class=\"foogallery foogallery-container foogallery-default foogallery-lightbox-none fg-center fg-default fg-ready fg-light fg-hover-instant\" id=\"foogallery-gallery-1012_1\" data-foogallery=\"{&quot;item&quot;:{&quot;showCaptionTitle&quot;:false,&quot;showCaptionDescription&quot;:false},&quot;lazy&quot;:true}\" style=\"--fg-title-line-clamp: 0; --fg-description-line-clamp: 0;\" >\n\t<div class=\"fg-item fg-type-image fg-idle\"><figure class=\"fg-item-inner\"><a href=\"https:\/\/www.mouldprecision.com\/wp-content\/uploads\/2018\/08\/weekly-processing-report-1.png\" data-attachment-id=\"2300\" data-type=\"image\" class=\"fg-thumb\"><span class=\"fg-image-wrap\"><img decoding=\"async\" width=\"251\" height=\"43\" class=\"skip-lazy fg-image\" data-src-fg=\"https:\/\/www.mouldprecision.com\/wp-content\/uploads\/2018\/08\/weekly-processing-report-1.png\" src=\"data:image\/svg+xml,%3Csvg%20xmlns%3D%22http%3A%2F%2Fwww.w3.org%2F2000%2Fsvg%22%20width%3D%22251%22%20height%3D%2243%22%20viewBox%3D%220%200%20251%2043%22%3E%3C%2Fsvg%3E\" loading=\"eager\"><\/span><span class=\"fg-image-overlay\"><\/span><\/a><\/figure><div class=\"fg-loader\"><\/div><\/div><div class=\"fg-item fg-type-iframe fg-idle\"><figure class=\"fg-item-inner\"><a href=\"https:\/\/www.mouldprecision.com\/wp-content\/uploads\/2018\/07\/T1_MP1425_2014_12_22.pdf\" data-attachment-id=\"2297\" data-type=\"iframe\" class=\"fg-thumb\"><span class=\"fg-image-wrap\"><img decoding=\"async\" width=\"251\" height=\"43\" class=\"skip-lazy fg-image\" data-src-fg=\"https:\/\/www.mouldprecision.com\/wp-content\/uploads\/2018\/08\/mould-trial-report-1.png\" src=\"data:image\/svg+xml,%3Csvg%20xmlns%3D%22http%3A%2F%2Fwww.w3.org%2F2000%2Fsvg%22%20width%3D%22251%22%20height%3D%2243%22%20viewBox%3D%220%200%20251%2043%22%3E%3C%2Fsvg%3E\" loading=\"eager\"><\/span><span class=\"fg-image-overlay\"><\/span><\/a><\/figure><div class=\"fg-loader\"><\/div><\/div><div class=\"fg-item fg-type-iframe fg-idle\"><figure class=\"fg-item-inner\"><a href=\"https:\/\/www.mouldprecision.com\/wp-content\/uploads\/2018\/07\/MP-Finished-Mold-Checklist.pdf\" data-attachment-id=\"2291\" data-type=\"iframe\" class=\"fg-thumb\"><span class=\"fg-image-wrap\"><img decoding=\"async\" width=\"251\" height=\"43\" class=\"skip-lazy fg-image\" data-src-fg=\"https:\/\/www.mouldprecision.com\/wp-content\/uploads\/2018\/08\/finished-mould-checklist-1.png\" src=\"data:image\/svg+xml,%3Csvg%20xmlns%3D%22http%3A%2F%2Fwww.w3.org%2F2000%2Fsvg%22%20width%3D%22251%22%20height%3D%2243%22%20viewBox%3D%220%200%20251%2043%22%3E%3C%2Fsvg%3E\" loading=\"eager\"><\/span><span class=\"fg-image-overlay\"><\/span><\/a><\/figure><div class=\"fg-loader\"><\/div><\/div><\/div>\n\n<p>Nossos engenheiros e fabricantes de moldes t\u00eam d\u00e9cadas de experi\u00eancia na produ\u00e7\u00e3o de moldes de alta toler\u00e2ncia e alta complexidade. Essa experi\u00eancia, precis\u00e3o e conhecimento significa que <strong>podemos fabricar moldes &#8211; de simples a extremamente complexos<\/strong>. Tal como o molde multi-cavidade, molde de multi-deslizador, desapertar o molde, molde de inser\u00e7\u00e3o e sobre o molde etc.<\/p>\n<h4><strong>Ensaio de Molde<\/strong><\/h4>\n<p>Temos testes internos de moldes de 100 toneladas a 450 toneladas. N\u00f3s integramos f\u00e1brica de teste de molde profissional para projeto especial, como PVC, pl\u00e1stico POM, parte clara ou pl\u00e1stico maior. Todos os moldes de inje\u00e7\u00e3o de pl\u00e1stico s\u00e3o bem organizados para armazenamento ap\u00f3s o teste de molde.<\/p>\n<h4><strong>Manuten\u00e7\u00e3o de Moldes<\/strong><\/h4>\n<p>Para facilitar e melhorar a troca ou manuten\u00e7\u00e3o do molde, embalamos bem o molde e entregamos o molde com desenhos de projeto 2D \/ 3D, dados de programa\u00e7\u00e3o NC contidos em um CD. O cobre do EDM, as inser\u00e7\u00f5es permut\u00e1veis, as pe\u00e7as desgastando etc. est\u00e3o embalados bem e enviados com molde.<\/p>\n<h4>&#8211;&gt;\u00a0<a href=\"https:\/\/www.mouldprecision.com\/pt-pt\/productos.html\">Productos<\/a><\/h4>\n<!-- Begin Yuzo --><div class='yuzo_related_post style-1'  data-version='5.12.89'><!-- without result --><div class='yuzo_clearfixed yuzo__title yuzo__title'><h5>Related Post<\/h5><\/div>\n<\/div>  <!-- End Yuzo :) -->","protected":false},"excerpt":{"rendered":"<p>Fabrica\u00e7\u00e3o de moldes na China, moldes de exporta\u00e7\u00e3o para a Europa e Am\u00e9rica. N\u00f3s temos a experi\u00eancia rica para o servi\u00e7o de fabrica\u00e7\u00e3o de moldes de inje\u00e7\u00e3o de pl\u00e1stico, com padr\u00e3o LKM, HASCO ou DME, e especifica\u00e7\u00e3o de exig\u00eancia do cliente. 90% das exporta\u00e7\u00f5es de moldes para a Europa e Am\u00e9rica do Norte. Servi\u00e7o de [&hellip;]<\/p>\n","protected":false},"author":2,"featured_media":0,"parent":4135,"menu_order":0,"comment_status":"closed","ping_status":"closed","template":"","meta":{"footnotes":""},"class_list":["post-4098","page","type-page","status-publish","hentry"],"yoast_head":"<!-- This site is optimized with the Yoast SEO plugin v27.2 - https:\/\/yoast.com\/product\/yoast-seo-wordpress\/ -->\n<title>Moldes fabrica\u00e7\u00e3o | China mould maker,mould making company &amp; manufacturer<\/title>\n<meta name=\"robots\" content=\"index, follow, max-snippet:-1, max-image-preview:large, max-video-preview:-1\" \/>\n<link rel=\"canonical\" href=\"https:\/\/www.mouldprecision.com\/pt-pt\/servicos\/moldes-fabricacao.html\" \/>\n<meta property=\"og:locale\" content=\"pt_PT\" \/>\n<meta property=\"og:type\" content=\"article\" \/>\n<meta property=\"og:title\" content=\"Moldes fabrica\u00e7\u00e3o | China mould maker,mould making company &amp; manufacturer\" \/>\n<meta property=\"og:description\" content=\"Fabrica\u00e7\u00e3o de moldes na China, moldes de exporta\u00e7\u00e3o para a Europa e Am\u00e9rica. N\u00f3s temos a experi\u00eancia rica para o servi\u00e7o de fabrica\u00e7\u00e3o de moldes de inje\u00e7\u00e3o de pl\u00e1stico, com padr\u00e3o LKM, HASCO ou DME, e especifica\u00e7\u00e3o de exig\u00eancia do cliente. 90% das exporta\u00e7\u00f5es de moldes para a Europa e Am\u00e9rica do Norte. Servi\u00e7o de [&hellip;]\" \/>\n<meta property=\"og:url\" content=\"https:\/\/www.mouldprecision.com\/pt-pt\/servicos\/moldes-fabricacao.html\" \/>\n<meta property=\"og:site_name\" content=\"China mould maker,mould making company &amp; manufacturer\" \/>\n<meta name=\"twitter:card\" content=\"summary_large_image\" \/>\n<meta name=\"twitter:label1\" content=\"Tempo estimado de leitura\" \/>\n\t<meta name=\"twitter:data1\" content=\"2 minutos\" \/>\n<script type=\"application\/ld+json\" class=\"yoast-schema-graph\">{\"@context\":\"https:\/\/schema.org\",\"@graph\":[{\"@type\":\"WebPage\",\"@id\":\"https:\/\/www.mouldprecision.com\/pt-pt\/servicos\/moldes-fabricacao.html\",\"url\":\"https:\/\/www.mouldprecision.com\/pt-pt\/servicos\/moldes-fabricacao.html\",\"name\":\"Moldes fabrica\u00e7\u00e3o | China mould maker,mould making company &amp; manufacturer\",\"isPartOf\":{\"@id\":\"https:\/\/www.mouldprecision.com\/#website\"},\"datePublished\":\"2018-09-09T08:38:54+00:00\",\"breadcrumb\":{\"@id\":\"https:\/\/www.mouldprecision.com\/pt-pt\/servicos\/moldes-fabricacao.html#breadcrumb\"},\"inLanguage\":\"pt-PT\",\"potentialAction\":[{\"@type\":\"ReadAction\",\"target\":[\"https:\/\/www.mouldprecision.com\/pt-pt\/servicos\/moldes-fabricacao.html\"]}]},{\"@type\":\"BreadcrumbList\",\"@id\":\"https:\/\/www.mouldprecision.com\/pt-pt\/servicos\/moldes-fabricacao.html#breadcrumb\",\"itemListElement\":[{\"@type\":\"ListItem\",\"position\":1,\"name\":\"Home\",\"item\":\"https:\/\/www.mouldprecision.com\/pt-pt\"},{\"@type\":\"ListItem\",\"position\":2,\"name\":\"Servi\u00e7os\",\"item\":\"https:\/\/www.mouldprecision.com\/pt-pt\/servicos.html\"},{\"@type\":\"ListItem\",\"position\":3,\"name\":\"Moldes fabrica\u00e7\u00e3o\"}]},{\"@type\":\"WebSite\",\"@id\":\"https:\/\/www.mouldprecision.com\/#website\",\"url\":\"https:\/\/www.mouldprecision.com\/\",\"name\":\"China mould maker,mould making company &amp; manufacturer\",\"description\":\"\",\"publisher\":{\"@id\":\"https:\/\/www.mouldprecision.com\/#organization\"},\"potentialAction\":[{\"@type\":\"SearchAction\",\"target\":{\"@type\":\"EntryPoint\",\"urlTemplate\":\"https:\/\/www.mouldprecision.com\/?s={search_term_string}\"},\"query-input\":{\"@type\":\"PropertyValueSpecification\",\"valueRequired\":true,\"valueName\":\"search_term_string\"}}],\"inLanguage\":\"pt-PT\"},{\"@type\":\"Organization\",\"@id\":\"https:\/\/www.mouldprecision.com\/#organization\",\"name\":\"China mould maker,mould making company &amp; manufacturer\",\"url\":\"https:\/\/www.mouldprecision.com\/\",\"logo\":{\"@type\":\"ImageObject\",\"inLanguage\":\"pt-PT\",\"@id\":\"https:\/\/www.mouldprecision.com\/#\/schema\/logo\/image\/\",\"url\":\"https:\/\/www.mouldprecision.com\/wp-content\/uploads\/2018\/08\/MP-logo.png\",\"contentUrl\":\"https:\/\/www.mouldprecision.com\/wp-content\/uploads\/2018\/08\/MP-logo.png\",\"width\":156,\"height\":59,\"caption\":\"China mould maker,mould making company &amp; manufacturer\"},\"image\":{\"@id\":\"https:\/\/www.mouldprecision.com\/#\/schema\/logo\/image\/\"}}]}<\/script>\n<!-- \/ Yoast SEO plugin. -->","yoast_head_json":{"title":"Moldes fabrica\u00e7\u00e3o | China mould maker,mould making company &amp; manufacturer","robots":{"index":"index","follow":"follow","max-snippet":"max-snippet:-1","max-image-preview":"max-image-preview:large","max-video-preview":"max-video-preview:-1"},"canonical":"https:\/\/www.mouldprecision.com\/pt-pt\/servicos\/moldes-fabricacao.html","og_locale":"pt_PT","og_type":"article","og_title":"Moldes fabrica\u00e7\u00e3o | China mould maker,mould making company &amp; manufacturer","og_description":"Fabrica\u00e7\u00e3o de moldes na China, moldes de exporta\u00e7\u00e3o para a Europa e Am\u00e9rica. N\u00f3s temos a experi\u00eancia rica para o servi\u00e7o de fabrica\u00e7\u00e3o de moldes de inje\u00e7\u00e3o de pl\u00e1stico, com padr\u00e3o LKM, HASCO ou DME, e especifica\u00e7\u00e3o de exig\u00eancia do cliente. 90% das exporta\u00e7\u00f5es de moldes para a Europa e Am\u00e9rica do Norte. Servi\u00e7o de [&hellip;]","og_url":"https:\/\/www.mouldprecision.com\/pt-pt\/servicos\/moldes-fabricacao.html","og_site_name":"China mould maker,mould making company &amp; manufacturer","twitter_card":"summary_large_image","twitter_misc":{"Tempo estimado de leitura":"2 minutos"},"schema":{"@context":"https:\/\/schema.org","@graph":[{"@type":"WebPage","@id":"https:\/\/www.mouldprecision.com\/pt-pt\/servicos\/moldes-fabricacao.html","url":"https:\/\/www.mouldprecision.com\/pt-pt\/servicos\/moldes-fabricacao.html","name":"Moldes fabrica\u00e7\u00e3o | China mould maker,mould making company &amp; manufacturer","isPartOf":{"@id":"https:\/\/www.mouldprecision.com\/#website"},"datePublished":"2018-09-09T08:38:54+00:00","breadcrumb":{"@id":"https:\/\/www.mouldprecision.com\/pt-pt\/servicos\/moldes-fabricacao.html#breadcrumb"},"inLanguage":"pt-PT","potentialAction":[{"@type":"ReadAction","target":["https:\/\/www.mouldprecision.com\/pt-pt\/servicos\/moldes-fabricacao.html"]}]},{"@type":"BreadcrumbList","@id":"https:\/\/www.mouldprecision.com\/pt-pt\/servicos\/moldes-fabricacao.html#breadcrumb","itemListElement":[{"@type":"ListItem","position":1,"name":"Home","item":"https:\/\/www.mouldprecision.com\/pt-pt"},{"@type":"ListItem","position":2,"name":"Servi\u00e7os","item":"https:\/\/www.mouldprecision.com\/pt-pt\/servicos.html"},{"@type":"ListItem","position":3,"name":"Moldes fabrica\u00e7\u00e3o"}]},{"@type":"WebSite","@id":"https:\/\/www.mouldprecision.com\/#website","url":"https:\/\/www.mouldprecision.com\/","name":"China mould maker,mould making company &amp; manufacturer","description":"","publisher":{"@id":"https:\/\/www.mouldprecision.com\/#organization"},"potentialAction":[{"@type":"SearchAction","target":{"@type":"EntryPoint","urlTemplate":"https:\/\/www.mouldprecision.com\/?s={search_term_string}"},"query-input":{"@type":"PropertyValueSpecification","valueRequired":true,"valueName":"search_term_string"}}],"inLanguage":"pt-PT"},{"@type":"Organization","@id":"https:\/\/www.mouldprecision.com\/#organization","name":"China mould maker,mould making company &amp; manufacturer","url":"https:\/\/www.mouldprecision.com\/","logo":{"@type":"ImageObject","inLanguage":"pt-PT","@id":"https:\/\/www.mouldprecision.com\/#\/schema\/logo\/image\/","url":"https:\/\/www.mouldprecision.com\/wp-content\/uploads\/2018\/08\/MP-logo.png","contentUrl":"https:\/\/www.mouldprecision.com\/wp-content\/uploads\/2018\/08\/MP-logo.png","width":156,"height":59,"caption":"China mould maker,mould making company &amp; manufacturer"},"image":{"@id":"https:\/\/www.mouldprecision.com\/#\/schema\/logo\/image\/"}}]}},"_links":{"self":[{"href":"https:\/\/www.mouldprecision.com\/pt-pt\/wp-json\/wp\/v2\/pages\/4098","targetHints":{"allow":["GET"]}}],"collection":[{"href":"https:\/\/www.mouldprecision.com\/pt-pt\/wp-json\/wp\/v2\/pages"}],"about":[{"href":"https:\/\/www.mouldprecision.com\/pt-pt\/wp-json\/wp\/v2\/types\/page"}],"author":[{"embeddable":true,"href":"https:\/\/www.mouldprecision.com\/pt-pt\/wp-json\/wp\/v2\/users\/2"}],"replies":[{"embeddable":true,"href":"https:\/\/www.mouldprecision.com\/pt-pt\/wp-json\/wp\/v2\/comments?post=4098"}],"version-history":[{"count":0,"href":"https:\/\/www.mouldprecision.com\/pt-pt\/wp-json\/wp\/v2\/pages\/4098\/revisions"}],"up":[{"embeddable":true,"href":"https:\/\/www.mouldprecision.com\/pt-pt\/wp-json\/wp\/v2\/pages\/4135"}],"wp:attachment":[{"href":"https:\/\/www.mouldprecision.com\/pt-pt\/wp-json\/wp\/v2\/media?parent=4098"}],"curies":[{"name":"wp","href":"https:\/\/api.w.org\/{rel}","templated":true}]}}