{"id":4096,"date":"2018-09-09T08:39:19","date_gmt":"2018-09-09T08:39:19","guid":{"rendered":"https:\/\/www.mouldprecision.com\/?page_id=4096"},"modified":"2018-09-09T09:43:27","modified_gmt":"2018-09-09T09:43:27","slug":"molde-diseno","status":"publish","type":"page","link":"https:\/\/www.mouldprecision.com\/pt-pt\/servicos\/molde-diseno.html","title":{"rendered":"Molde dise\u00f1o"},"content":{"rendered":"<h2><strong>Grande projeto de molde \u00e9 um meio sucesso de molde de alta qualidade.<\/strong><\/h2>\n<p>Nossos engenheiros de molde de intelig\u00eancia, oferecer-lhe DFM, Moldflow, Layout de molde 2D e 3D desenho de molde, eles s\u00e3o qualificados e experi\u00eancia rica usam CAE \/ CAD \/ CAM para fabrica\u00e7\u00e3o de moldes e an\u00e1lise de moldagem por inje\u00e7\u00e3o.<\/p>\n<p>Para DFM, \u00e9 um arquivo PPT que inclui informa\u00e7\u00f5es b\u00e1sicas do molde, como n\u00famero do molde, tipo de pl\u00e1stico e encolhimento, n\u00famero de cavidade etc. e layout da pe\u00e7a, linha de pe\u00e7a, projeto do rotor, modo bloqueado, m\u00e9todo de eje\u00e7\u00e3o, layout de resfriamento e ventila\u00e7\u00e3o etc.<\/p>\n<h3>Prazo de execu\u00e7\u00e3o para o projeto do molde:<\/h3>\n<p><strong>1-3 dias para DFM(Design para Fabrica\u00e7\u00e3o, PPT)<br \/>\n1-3 dias para o Layout de Moldes 2D, (. DWG)<br \/>\n1-3 dias 3D Mould Desenhos (. STP ou. X-T)<\/strong><\/p>\n<p>&nbsp;<\/p>\n<style type=\"text\/css\">\n#foogallery-gallery-826 .fg-image { width: 251px; }\n#foogallery-gallery-826 { --fg-gutter: 10px; }<\/style>\n\t\t\t<style type=\"text\/css\">\n#foogallery-gallery-826_1 .fg-image { width: 251px; }\n#foogallery-gallery-826_1 { --fg-gutter: 10px; }<\/style>\n\t\t\t<div class=\"foogallery foogallery-container foogallery-default foogallery-lightbox-foobox fg-center fg-default fg-ready fg-light fg-loaded-fade-in fg-hover-scale fg-hover-fade fg-hover-zoom\" id=\"foogallery-gallery-826_1\" data-foogallery=\"{&quot;item&quot;:{&quot;showCaptionTitle&quot;:true,&quot;showCaptionDescription&quot;:true},&quot;lazy&quot;:true}\" style=\"--fg-title-line-clamp: 0; --fg-description-line-clamp: 0;\" >\n\t<div class=\"fg-item fg-type-image fg-idle\"><figure class=\"fg-item-inner\"><a href=\"https:\/\/www.mouldprecision.com\/wp-content\/uploads\/2018\/08\/mould-design.jpg\" data-attachment-id=\"2245\" data-type=\"image\" class=\"fg-thumb\"><span class=\"fg-image-wrap\"><img decoding=\"async\" width=\"251\" height=\"190\" class=\"skip-lazy fg-image\" data-src-fg=\"https:\/\/www.mouldprecision.com\/wp-content\/uploads\/cache\/2018\/08\/mould-design\/3781705153.jpg\" src=\"data:image\/svg+xml,%3Csvg%20xmlns%3D%22http%3A%2F%2Fwww.w3.org%2F2000%2Fsvg%22%20width%3D%22251%22%20height%3D%22190%22%20viewBox%3D%220%200%20251%20190%22%3E%3C%2Fsvg%3E\" loading=\"eager\"><\/span><span class=\"fg-image-overlay\"><\/span><\/a><\/figure><div class=\"fg-loader\"><\/div><\/div><div class=\"fg-item fg-type-image fg-idle\"><figure class=\"fg-item-inner\"><a href=\"https:\/\/www.mouldprecision.com\/wp-content\/uploads\/2018\/08\/3D-mould-design.jpg\" data-attachment-id=\"2242\" data-type=\"image\" class=\"fg-thumb\"><span class=\"fg-image-wrap\"><img decoding=\"async\" width=\"251\" height=\"190\" class=\"skip-lazy fg-image\" data-src-fg=\"https:\/\/www.mouldprecision.com\/wp-content\/uploads\/cache\/2018\/08\/3D-mould-design\/3570254831.jpg\" src=\"data:image\/svg+xml,%3Csvg%20xmlns%3D%22http%3A%2F%2Fwww.w3.org%2F2000%2Fsvg%22%20width%3D%22251%22%20height%3D%22190%22%20viewBox%3D%220%200%20251%20190%22%3E%3C%2Fsvg%3E\" loading=\"eager\"><\/span><span class=\"fg-image-overlay\"><\/span><\/a><\/figure><div class=\"fg-loader\"><\/div><\/div><div class=\"fg-item fg-type-image fg-idle\"><figure class=\"fg-item-inner\"><a href=\"https:\/\/www.mouldprecision.com\/wp-content\/uploads\/2018\/08\/3D-mould.jpg\" data-attachment-id=\"2241\" data-type=\"image\" class=\"fg-thumb\"><span class=\"fg-image-wrap\"><img decoding=\"async\" width=\"251\" height=\"190\" class=\"skip-lazy fg-image\" data-src-fg=\"https:\/\/www.mouldprecision.com\/wp-content\/uploads\/cache\/2018\/08\/3D-mould\/1241497928.jpg\" src=\"data:image\/svg+xml,%3Csvg%20xmlns%3D%22http%3A%2F%2Fwww.w3.org%2F2000%2Fsvg%22%20width%3D%22251%22%20height%3D%22190%22%20viewBox%3D%220%200%20251%20190%22%3E%3C%2Fsvg%3E\" loading=\"eager\"><\/span><span class=\"fg-image-overlay\"><\/span><\/a><\/figure><div class=\"fg-loader\"><\/div><\/div><\/div>\n\n<p>&nbsp;<\/p>\n<h3><strong>An\u00e1lise MoldFlow:<\/strong><\/h3>\n<p><img loading=\"lazy\" decoding=\"async\" class=\"alignnone size-medium wp-image-2158\" src=\"https:\/\/www.mouldprecision.com\/wp-content\/uploads\/2018\/08\/mold-flow-analysis.gif\" alt=\"Moldflow analysis\" width=\"600\" height=\"303\" \/><\/p>\n<h3><strong>O software:<\/strong><\/h3>\n<ul class=\"pd6\">\n<li>Pro \/ ENGINEER (Modelagem 3D)<\/li>\n<li>Unigraphics (Modelagem 3D)<\/li>\n<li>Solidworks (Modelagem 3D)<\/li>\n<li>AutoCAD (Modelagem 2D)<\/li>\n<li>Consultor de Moldes de Fluxo de Metal (Simula\u00e7\u00e3o de Fluxo \/ Deforma\u00e7\u00e3o Pl\u00e1stica)<\/li>\n<li>MasterCAM (Programa\u00e7\u00e3o CNC)<\/li>\n<li>Unigraphics (Programa\u00e7\u00e3o CNC)<\/li>\n<li>Est\u00fadio Geomagic (Digitaliza\u00e7\u00e3o de Amostra)<\/li>\n<\/ul>\n<p>O formato do arquivo de desenho:<strong> DWG, DXF e PDF de Desenho 2D, IGES, STEP, STP, X-T, STL etc. para Desenho 3D.<\/strong><\/p>\n<h4>&#8211;&gt;\u00a0<a href=\"https:\/\/www.mouldprecision.com\/pt-pt\/servicos\/moldes-fabricacao.html\">Moldes <strong>Fabrica\u00e7\u00e3o<\/strong><\/a><\/h4>\n<!-- Begin Yuzo --><div class='yuzo_related_post style-1'  data-version='5.12.89'><!-- without result --><div class='yuzo_clearfixed yuzo__title yuzo__title'><h5>Related Post<\/h5><\/div>\n<\/div>  <!-- End Yuzo :) -->","protected":false},"excerpt":{"rendered":"<p>Grande projeto de molde \u00e9 um meio sucesso de molde de alta qualidade. Nossos engenheiros de molde de intelig\u00eancia, oferecer-lhe DFM, Moldflow, Layout de molde 2D e 3D desenho de molde, eles s\u00e3o qualificados e experi\u00eancia rica usam CAE \/ CAD \/ CAM para fabrica\u00e7\u00e3o de moldes e an\u00e1lise de moldagem por inje\u00e7\u00e3o. Para DFM, [&hellip;]<\/p>\n","protected":false},"author":2,"featured_media":0,"parent":4135,"menu_order":0,"comment_status":"closed","ping_status":"closed","template":"","meta":{"footnotes":""},"class_list":["post-4096","page","type-page","status-publish","hentry"],"yoast_head":"<!-- This site is optimized with the Yoast SEO plugin v27.2 - https:\/\/yoast.com\/product\/yoast-seo-wordpress\/ -->\n<title>Molde dise\u00f1o | China mould maker,mould making company &amp; manufacturer<\/title>\n<meta name=\"robots\" content=\"index, follow, max-snippet:-1, max-image-preview:large, max-video-preview:-1\" \/>\n<link rel=\"canonical\" href=\"https:\/\/www.mouldprecision.com\/pt-pt\/servicos\/molde-diseno.html\" \/>\n<meta property=\"og:locale\" content=\"pt_PT\" \/>\n<meta property=\"og:type\" content=\"article\" \/>\n<meta property=\"og:title\" content=\"Molde dise\u00f1o | China mould maker,mould making company &amp; manufacturer\" \/>\n<meta property=\"og:description\" content=\"Grande projeto de molde \u00e9 um meio sucesso de molde de alta qualidade. Nossos engenheiros de molde de intelig\u00eancia, oferecer-lhe DFM, Moldflow, Layout de molde 2D e 3D desenho de molde, eles s\u00e3o qualificados e experi\u00eancia rica usam CAE \/ CAD \/ CAM para fabrica\u00e7\u00e3o de moldes e an\u00e1lise de moldagem por inje\u00e7\u00e3o. Para DFM, [&hellip;]\" \/>\n<meta property=\"og:url\" content=\"https:\/\/www.mouldprecision.com\/pt-pt\/servicos\/molde-diseno.html\" \/>\n<meta property=\"og:site_name\" content=\"China mould maker,mould making company &amp; manufacturer\" \/>\n<meta property=\"article:modified_time\" content=\"2018-09-09T09:43:27+00:00\" \/>\n<meta property=\"og:image\" content=\"https:\/\/www.mouldprecision.com\/wp-content\/uploads\/2018\/08\/mold-flow-analysis.gif\" \/>\n<meta name=\"twitter:card\" content=\"summary_large_image\" \/>\n<meta name=\"twitter:label1\" content=\"Tempo estimado de leitura\" \/>\n\t<meta name=\"twitter:data1\" content=\"1 minuto\" \/>\n<script type=\"application\/ld+json\" class=\"yoast-schema-graph\">{\"@context\":\"https:\/\/schema.org\",\"@graph\":[{\"@type\":\"WebPage\",\"@id\":\"https:\/\/www.mouldprecision.com\/pt-pt\/servicos\/molde-diseno.html\",\"url\":\"https:\/\/www.mouldprecision.com\/pt-pt\/servicos\/molde-diseno.html\",\"name\":\"Molde dise\u00f1o | China mould maker,mould making company &amp; manufacturer\",\"isPartOf\":{\"@id\":\"https:\/\/www.mouldprecision.com\/#website\"},\"primaryImageOfPage\":{\"@id\":\"https:\/\/www.mouldprecision.com\/pt-pt\/servicos\/molde-diseno.html#primaryimage\"},\"image\":{\"@id\":\"https:\/\/www.mouldprecision.com\/pt-pt\/servicos\/molde-diseno.html#primaryimage\"},\"thumbnailUrl\":\"https:\/\/www.mouldprecision.com\/wp-content\/uploads\/2018\/08\/mold-flow-analysis.gif\",\"datePublished\":\"2018-09-09T08:39:19+00:00\",\"dateModified\":\"2018-09-09T09:43:27+00:00\",\"breadcrumb\":{\"@id\":\"https:\/\/www.mouldprecision.com\/pt-pt\/servicos\/molde-diseno.html#breadcrumb\"},\"inLanguage\":\"pt-PT\",\"potentialAction\":[{\"@type\":\"ReadAction\",\"target\":[\"https:\/\/www.mouldprecision.com\/pt-pt\/servicos\/molde-diseno.html\"]}]},{\"@type\":\"ImageObject\",\"inLanguage\":\"pt-PT\",\"@id\":\"https:\/\/www.mouldprecision.com\/pt-pt\/servicos\/molde-diseno.html#primaryimage\",\"url\":\"https:\/\/www.mouldprecision.com\/wp-content\/uploads\/2018\/08\/mold-flow-analysis.gif\",\"contentUrl\":\"https:\/\/www.mouldprecision.com\/wp-content\/uploads\/2018\/08\/mold-flow-analysis.gif\"},{\"@type\":\"BreadcrumbList\",\"@id\":\"https:\/\/www.mouldprecision.com\/pt-pt\/servicos\/molde-diseno.html#breadcrumb\",\"itemListElement\":[{\"@type\":\"ListItem\",\"position\":1,\"name\":\"Home\",\"item\":\"https:\/\/www.mouldprecision.com\/pt-pt\"},{\"@type\":\"ListItem\",\"position\":2,\"name\":\"Servi\u00e7os\",\"item\":\"https:\/\/www.mouldprecision.com\/pt-pt\/servicos.html\"},{\"@type\":\"ListItem\",\"position\":3,\"name\":\"Molde dise\u00f1o\"}]},{\"@type\":\"WebSite\",\"@id\":\"https:\/\/www.mouldprecision.com\/#website\",\"url\":\"https:\/\/www.mouldprecision.com\/\",\"name\":\"China mould maker,mould making company &amp; manufacturer\",\"description\":\"\",\"publisher\":{\"@id\":\"https:\/\/www.mouldprecision.com\/#organization\"},\"potentialAction\":[{\"@type\":\"SearchAction\",\"target\":{\"@type\":\"EntryPoint\",\"urlTemplate\":\"https:\/\/www.mouldprecision.com\/?s={search_term_string}\"},\"query-input\":{\"@type\":\"PropertyValueSpecification\",\"valueRequired\":true,\"valueName\":\"search_term_string\"}}],\"inLanguage\":\"pt-PT\"},{\"@type\":\"Organization\",\"@id\":\"https:\/\/www.mouldprecision.com\/#organization\",\"name\":\"China mould maker,mould making company &amp; manufacturer\",\"url\":\"https:\/\/www.mouldprecision.com\/\",\"logo\":{\"@type\":\"ImageObject\",\"inLanguage\":\"pt-PT\",\"@id\":\"https:\/\/www.mouldprecision.com\/#\/schema\/logo\/image\/\",\"url\":\"https:\/\/www.mouldprecision.com\/wp-content\/uploads\/2018\/08\/MP-logo.png\",\"contentUrl\":\"https:\/\/www.mouldprecision.com\/wp-content\/uploads\/2018\/08\/MP-logo.png\",\"width\":156,\"height\":59,\"caption\":\"China mould maker,mould making company &amp; manufacturer\"},\"image\":{\"@id\":\"https:\/\/www.mouldprecision.com\/#\/schema\/logo\/image\/\"}}]}<\/script>\n<!-- \/ Yoast SEO plugin. -->","yoast_head_json":{"title":"Molde dise\u00f1o | China mould maker,mould making company &amp; manufacturer","robots":{"index":"index","follow":"follow","max-snippet":"max-snippet:-1","max-image-preview":"max-image-preview:large","max-video-preview":"max-video-preview:-1"},"canonical":"https:\/\/www.mouldprecision.com\/pt-pt\/servicos\/molde-diseno.html","og_locale":"pt_PT","og_type":"article","og_title":"Molde dise\u00f1o | China mould maker,mould making company &amp; manufacturer","og_description":"Grande projeto de molde \u00e9 um meio sucesso de molde de alta qualidade. Nossos engenheiros de molde de intelig\u00eancia, oferecer-lhe DFM, Moldflow, Layout de molde 2D e 3D desenho de molde, eles s\u00e3o qualificados e experi\u00eancia rica usam CAE \/ CAD \/ CAM para fabrica\u00e7\u00e3o de moldes e an\u00e1lise de moldagem por inje\u00e7\u00e3o. Para DFM, [&hellip;]","og_url":"https:\/\/www.mouldprecision.com\/pt-pt\/servicos\/molde-diseno.html","og_site_name":"China mould maker,mould making company &amp; manufacturer","article_modified_time":"2018-09-09T09:43:27+00:00","og_image":[{"url":"https:\/\/www.mouldprecision.com\/wp-content\/uploads\/2018\/08\/mold-flow-analysis.gif","type":"","width":"","height":""}],"twitter_card":"summary_large_image","twitter_misc":{"Tempo estimado de leitura":"1 minuto"},"schema":{"@context":"https:\/\/schema.org","@graph":[{"@type":"WebPage","@id":"https:\/\/www.mouldprecision.com\/pt-pt\/servicos\/molde-diseno.html","url":"https:\/\/www.mouldprecision.com\/pt-pt\/servicos\/molde-diseno.html","name":"Molde dise\u00f1o | China mould maker,mould making company &amp; manufacturer","isPartOf":{"@id":"https:\/\/www.mouldprecision.com\/#website"},"primaryImageOfPage":{"@id":"https:\/\/www.mouldprecision.com\/pt-pt\/servicos\/molde-diseno.html#primaryimage"},"image":{"@id":"https:\/\/www.mouldprecision.com\/pt-pt\/servicos\/molde-diseno.html#primaryimage"},"thumbnailUrl":"https:\/\/www.mouldprecision.com\/wp-content\/uploads\/2018\/08\/mold-flow-analysis.gif","datePublished":"2018-09-09T08:39:19+00:00","dateModified":"2018-09-09T09:43:27+00:00","breadcrumb":{"@id":"https:\/\/www.mouldprecision.com\/pt-pt\/servicos\/molde-diseno.html#breadcrumb"},"inLanguage":"pt-PT","potentialAction":[{"@type":"ReadAction","target":["https:\/\/www.mouldprecision.com\/pt-pt\/servicos\/molde-diseno.html"]}]},{"@type":"ImageObject","inLanguage":"pt-PT","@id":"https:\/\/www.mouldprecision.com\/pt-pt\/servicos\/molde-diseno.html#primaryimage","url":"https:\/\/www.mouldprecision.com\/wp-content\/uploads\/2018\/08\/mold-flow-analysis.gif","contentUrl":"https:\/\/www.mouldprecision.com\/wp-content\/uploads\/2018\/08\/mold-flow-analysis.gif"},{"@type":"BreadcrumbList","@id":"https:\/\/www.mouldprecision.com\/pt-pt\/servicos\/molde-diseno.html#breadcrumb","itemListElement":[{"@type":"ListItem","position":1,"name":"Home","item":"https:\/\/www.mouldprecision.com\/pt-pt"},{"@type":"ListItem","position":2,"name":"Servi\u00e7os","item":"https:\/\/www.mouldprecision.com\/pt-pt\/servicos.html"},{"@type":"ListItem","position":3,"name":"Molde dise\u00f1o"}]},{"@type":"WebSite","@id":"https:\/\/www.mouldprecision.com\/#website","url":"https:\/\/www.mouldprecision.com\/","name":"China mould maker,mould making company &amp; manufacturer","description":"","publisher":{"@id":"https:\/\/www.mouldprecision.com\/#organization"},"potentialAction":[{"@type":"SearchAction","target":{"@type":"EntryPoint","urlTemplate":"https:\/\/www.mouldprecision.com\/?s={search_term_string}"},"query-input":{"@type":"PropertyValueSpecification","valueRequired":true,"valueName":"search_term_string"}}],"inLanguage":"pt-PT"},{"@type":"Organization","@id":"https:\/\/www.mouldprecision.com\/#organization","name":"China mould maker,mould making company &amp; manufacturer","url":"https:\/\/www.mouldprecision.com\/","logo":{"@type":"ImageObject","inLanguage":"pt-PT","@id":"https:\/\/www.mouldprecision.com\/#\/schema\/logo\/image\/","url":"https:\/\/www.mouldprecision.com\/wp-content\/uploads\/2018\/08\/MP-logo.png","contentUrl":"https:\/\/www.mouldprecision.com\/wp-content\/uploads\/2018\/08\/MP-logo.png","width":156,"height":59,"caption":"China mould maker,mould making company &amp; manufacturer"},"image":{"@id":"https:\/\/www.mouldprecision.com\/#\/schema\/logo\/image\/"}}]}},"_links":{"self":[{"href":"https:\/\/www.mouldprecision.com\/pt-pt\/wp-json\/wp\/v2\/pages\/4096","targetHints":{"allow":["GET"]}}],"collection":[{"href":"https:\/\/www.mouldprecision.com\/pt-pt\/wp-json\/wp\/v2\/pages"}],"about":[{"href":"https:\/\/www.mouldprecision.com\/pt-pt\/wp-json\/wp\/v2\/types\/page"}],"author":[{"embeddable":true,"href":"https:\/\/www.mouldprecision.com\/pt-pt\/wp-json\/wp\/v2\/users\/2"}],"replies":[{"embeddable":true,"href":"https:\/\/www.mouldprecision.com\/pt-pt\/wp-json\/wp\/v2\/comments?post=4096"}],"version-history":[{"count":0,"href":"https:\/\/www.mouldprecision.com\/pt-pt\/wp-json\/wp\/v2\/pages\/4096\/revisions"}],"up":[{"embeddable":true,"href":"https:\/\/www.mouldprecision.com\/pt-pt\/wp-json\/wp\/v2\/pages\/4135"}],"wp:attachment":[{"href":"https:\/\/www.mouldprecision.com\/pt-pt\/wp-json\/wp\/v2\/media?parent=4096"}],"curies":[{"name":"wp","href":"https:\/\/api.w.org\/{rel}","templated":true}]}}