{"id":4084,"date":"2018-09-09T08:17:28","date_gmt":"2018-09-09T08:17:28","guid":{"rendered":"https:\/\/www.mouldprecision.com\/?page_id=4084"},"modified":"2018-09-09T08:21:24","modified_gmt":"2018-09-09T08:21:24","slug":"qualidade-controle","status":"publish","type":"page","link":"https:\/\/www.mouldprecision.com\/pt-pt\/qualidade-controle.html","title":{"rendered":"Qualidade controle"},"content":{"rendered":"<div id=\"pl-48\" class=\"panel-layout\">\n<div id=\"pg-48-0\" class=\"panel-grid panel-no-style\">\n<div id=\"pgc-48-0-0\" class=\"panel-grid-cell\" data-weight=\"1\">\n<div id=\"panel-48-0-0-0\" class=\"so-panel widget widget_sow-editor panel-first-child\" data-index=\"0\">\n<div class=\"so-widget-sow-editor so-widget-sow-editor-base\">\n<div class=\"siteorigin-widget-tinymce textwidget\">\n<p>N\u00f3s seguimos o gerenciamento do <strong>PDCA<\/strong>. \u00c9 boa solu\u00e7\u00e3o e sistema para molde normal e fabrica\u00e7\u00e3o de molde urgente. Oferecemos Relat\u00f3rio Semanal para controle de qualidade de fabrica\u00e7\u00e3o de moldes e entrega pontual.<\/p>\n<p><img loading=\"lazy\" decoding=\"async\" class=\"alignnone size-medium wp-image-1808\" src=\"https:\/\/www.mouldprecision.com\/wp-content\/uploads\/2018\/08\/PDCA.jpg\" alt=\"PDCA for mould making quality control\" width=\"650\" height=\"177\" \/><\/p>\n<p><em><strong>As quatro fases s\u00e3o:<\/strong><\/em><\/p>\n<ul class=\"pd6\">\n<li><strong>Plan<\/strong><strong>o<\/strong><strong>:<\/strong> identificar e analisar o problema ou oportunidade, desenvolver hip\u00f3teses sobre quais podem ser os problemas e decidir qual deles s\u00e3o testados.<\/li>\n<li><strong>Fa<\/strong><strong>zer<\/strong><strong>:<\/strong> teste a solu\u00e7\u00e3o potencial, idealmente em pequena escala, e me\u00e7a os resultados.<\/li>\n<li><strong>Verificar \/ estudar: <\/strong>estude o resultado, me\u00e7a a efic\u00e1cia e decida se a hip\u00f3tese \u00e9 apoiada ou n\u00e3o.<\/li>\n<li><strong>Agir:<\/strong> se a solu\u00e7\u00e3o foi bem sucedida, implemente-a.<\/li>\n<\/ul>\n<p>A boa qualidade est\u00e1 em cada detalhe, em cada etapa, no projeto de molde, na compra material &amp; na inspe\u00e7\u00e3o, no usinado &amp; montagem etc.<\/p>\n<h3><strong>M\u00e1quina de inspe\u00e7\u00e3o e ferramentas:<\/strong><\/h3>\n<ul class=\"pd6\">\n<li>1 conjunto CMM<\/li>\n<li>conjunto de projetor de medi\u00e7\u00e3o \u00f3ptica<\/li>\n<li>Medidor de dureza<\/li>\n<li>Compasso de calibre vernier, micr\u00f4metro, calibre do plugue grosso \/ fino, calibre do parafuso<\/li>\n<li>Microsc\u00f3pio de Fabricante de ferramentas, altura mestre, placa de superf\u00edcie<\/li>\n<\/ul>\n<style type=\"text\/css\">\n#foogallery-gallery-1028 .fg-image { width: 251px; }\n#foogallery-gallery-1028 { --fg-gutter: 10px; }<\/style>\n\t\t\t<style type=\"text\/css\">\n#foogallery-gallery-1028_1 .fg-image { width: 251px; }\n#foogallery-gallery-1028_1 { --fg-gutter: 10px; }<\/style>\n\t\t\t<div class=\"foogallery foogallery-container foogallery-default foogallery-lightbox-foobox fg-center fg-default fg-ready fg-light fg-loaded-fade-in fg-caption-hover fg-hover-fade\" id=\"foogallery-gallery-1028_1\" data-foogallery=\"{&quot;item&quot;:{&quot;showCaptionTitle&quot;:true,&quot;showCaptionDescription&quot;:false},&quot;lazy&quot;:true}\" style=\"--fg-title-line-clamp: 0; --fg-description-line-clamp: 0;\" >\n\t<div class=\"fg-item fg-type-image fg-idle\"><figure class=\"fg-item-inner\"><a href=\"https:\/\/www.mouldprecision.com\/wp-content\/uploads\/2018\/08\/LKM-steel-certification.jpg\" data-caption-title=\"steel-certification\" data-attachment-id=\"2299\" data-type=\"image\" class=\"fg-thumb\"><span class=\"fg-image-wrap\"><img decoding=\"async\" width=\"251\" height=\"190\" class=\"skip-lazy fg-image\" data-src-fg=\"https:\/\/www.mouldprecision.com\/wp-content\/uploads\/2018\/08\/steel-certification.png\" src=\"data:image\/svg+xml,%3Csvg%20xmlns%3D%22http%3A%2F%2Fwww.w3.org%2F2000%2Fsvg%22%20width%3D%22251%22%20height%3D%22190%22%20viewBox%3D%220%200%20251%20190%22%3E%3C%2Fsvg%3E\" loading=\"eager\"><\/span><span class=\"fg-image-overlay\"><\/span><\/a><figcaption class=\"fg-caption\"><div class=\"fg-caption-inner\"><div class=\"fg-caption-title\">steel-certification<\/div><\/div><\/figcaption><\/figure><div class=\"fg-loader\"><\/div><\/div><div class=\"fg-item fg-type-iframe fg-idle\"><figure class=\"fg-item-inner\"><a href=\"https:\/\/www.mouldprecision.com\/wp-content\/uploads\/2018\/07\/T1_MP1425_2014_12_22.pdf\" data-caption-title=\"mould-trial-report\" data-attachment-id=\"2297\" data-type=\"iframe\" class=\"fg-thumb\"><span class=\"fg-image-wrap\"><img decoding=\"async\" width=\"251\" height=\"190\" class=\"skip-lazy fg-image\" data-src-fg=\"https:\/\/www.mouldprecision.com\/wp-content\/uploads\/2018\/08\/mould-trial-report-1.png\" src=\"data:image\/svg+xml,%3Csvg%20xmlns%3D%22http%3A%2F%2Fwww.w3.org%2F2000%2Fsvg%22%20width%3D%22251%22%20height%3D%22190%22%20viewBox%3D%220%200%20251%20190%22%3E%3C%2Fsvg%3E\" loading=\"eager\"><\/span><span class=\"fg-image-overlay\"><\/span><\/a><figcaption class=\"fg-caption\"><div class=\"fg-caption-inner\"><div class=\"fg-caption-title\">mould-trial-report<\/div><\/div><\/figcaption><\/figure><div class=\"fg-loader\"><\/div><\/div><div class=\"fg-item fg-type-iframe fg-idle\"><figure class=\"fg-item-inner\"><a href=\"https:\/\/www.mouldprecision.com\/wp-content\/uploads\/2018\/07\/MP-Finished-Mold-Checklist.pdf\" data-caption-title=\"finished-mould-checklist\" data-attachment-id=\"2291\" data-type=\"iframe\" class=\"fg-thumb\"><span class=\"fg-image-wrap\"><img decoding=\"async\" width=\"251\" height=\"190\" class=\"skip-lazy fg-image\" data-src-fg=\"https:\/\/www.mouldprecision.com\/wp-content\/uploads\/2018\/08\/finished-mould-checklist-1.png\" src=\"data:image\/svg+xml,%3Csvg%20xmlns%3D%22http%3A%2F%2Fwww.w3.org%2F2000%2Fsvg%22%20width%3D%22251%22%20height%3D%22190%22%20viewBox%3D%220%200%20251%20190%22%3E%3C%2Fsvg%3E\" loading=\"eager\"><\/span><span class=\"fg-image-overlay\"><\/span><\/a><figcaption class=\"fg-caption\"><div class=\"fg-caption-inner\"><div class=\"fg-caption-title\">finished-mould-checklist<\/div><\/div><\/figcaption><\/figure><div class=\"fg-loader\"><\/div><\/div><div class=\"fg-item fg-type-image fg-idle\"><figure class=\"fg-item-inner\"><a href=\"https:\/\/www.mouldprecision.com\/wp-content\/uploads\/2018\/08\/3MM-inspection.jpg\" data-caption-title=\"3MM-inspection\" data-attachment-id=\"2290\" data-type=\"image\" class=\"fg-thumb\"><span class=\"fg-image-wrap\"><img decoding=\"async\" width=\"251\" height=\"190\" class=\"skip-lazy fg-image\" data-src-fg=\"https:\/\/www.mouldprecision.com\/wp-content\/uploads\/cache\/2018\/08\/3MM-inspection\/384997435.jpg\" src=\"data:image\/svg+xml,%3Csvg%20xmlns%3D%22http%3A%2F%2Fwww.w3.org%2F2000%2Fsvg%22%20width%3D%22251%22%20height%3D%22190%22%20viewBox%3D%220%200%20251%20190%22%3E%3C%2Fsvg%3E\" loading=\"eager\"><\/span><span class=\"fg-image-overlay\"><\/span><\/a><figcaption class=\"fg-caption\"><div class=\"fg-caption-inner\"><div class=\"fg-caption-title\">3MM-inspection<\/div><\/div><\/figcaption><\/figure><div class=\"fg-loader\"><\/div><\/div><div class=\"fg-item fg-type-image fg-idle\"><figure class=\"fg-item-inner\"><a href=\"https:\/\/www.mouldprecision.com\/wp-content\/uploads\/2018\/08\/heat-treatment.jpg\" data-caption-title=\"heat-treatment\" data-attachment-id=\"2292\" data-type=\"image\" class=\"fg-thumb\"><span class=\"fg-image-wrap\"><img decoding=\"async\" width=\"251\" height=\"190\" class=\"skip-lazy fg-image\" data-src-fg=\"https:\/\/www.mouldprecision.com\/wp-content\/uploads\/cache\/2018\/08\/heat-treatment-1\/2997920157.jpg\" src=\"data:image\/svg+xml,%3Csvg%20xmlns%3D%22http%3A%2F%2Fwww.w3.org%2F2000%2Fsvg%22%20width%3D%22251%22%20height%3D%22190%22%20viewBox%3D%220%200%20251%20190%22%3E%3C%2Fsvg%3E\" loading=\"eager\"><\/span><span class=\"fg-image-overlay\"><\/span><\/a><figcaption class=\"fg-caption\"><div class=\"fg-caption-inner\"><div class=\"fg-caption-title\">heat-treatment<\/div><\/div><\/figcaption><\/figure><div class=\"fg-loader\"><\/div><\/div><div class=\"fg-item fg-type-iframe fg-idle\"><figure class=\"fg-item-inner\"><a href=\"https:\/\/www.mouldprecision.com\/wp-content\/uploads\/2018\/07\/MP-1425-weekly-reportR2.pdf\" data-caption-title=\"mould-quality-control\" data-attachment-id=\"2296\" data-type=\"iframe\" class=\"fg-thumb\"><span class=\"fg-image-wrap\"><img decoding=\"async\" width=\"251\" height=\"190\" class=\"skip-lazy fg-image\" data-src-fg=\"https:\/\/www.mouldprecision.com\/wp-content\/uploads\/cache\/2018\/08\/mould-quality-control\/410346183.jpg\" src=\"data:image\/svg+xml,%3Csvg%20xmlns%3D%22http%3A%2F%2Fwww.w3.org%2F2000%2Fsvg%22%20width%3D%22251%22%20height%3D%22190%22%20viewBox%3D%220%200%20251%20190%22%3E%3C%2Fsvg%3E\" loading=\"eager\"><\/span><span class=\"fg-image-overlay\"><\/span><\/a><figcaption class=\"fg-caption\"><div class=\"fg-caption-inner\"><div class=\"fg-caption-title\">mould-quality-control<\/div><\/div><\/figcaption><\/figure><div class=\"fg-loader\"><\/div><\/div><\/div>\n\n<h4><strong>Conte\u00fado de inspe\u00e7\u00e3o:<\/strong><\/h4>\n<ul class=\"pd6\">\n<li>Verifica\u00e7\u00e3o Da Folha De Especifica\u00e7\u00f5es Do Molde Do Cliente<\/li>\n<li>Controle De Otimiza\u00e7\u00e3o De Projeto<\/li>\n<li>Inspe\u00e7\u00e3o Da Dureza Do A\u00e7o Do Molde<\/li>\n<li>Inspe\u00e7\u00e3o De Eletrodos De Molde<\/li>\n<li>Inspe\u00e7\u00e3o Da Dimens\u00e3o Do N\u00facleo Do Molde e Do A\u00e7o Da Cavidade<\/li>\n<li>Inspe\u00e7\u00e3o Pr\u00e9-Montagem De Moldes<\/li>\n<li>Relat\u00f3rio De Teste De Molde e Inspe\u00e7\u00e3o De Amostras<\/li>\n<li>Inspe\u00e7\u00e3o Final Pr\u00e9-Embarque Do Molde<\/li>\n<li>Inspe\u00e7\u00e3o De Embalagens De Moldes<\/li>\n<\/ul>\n<h3>Parceiro de qualidade:<\/h3>\n<\/div>\n<\/div>\n<\/div>\n<div id=\"panel-48-0-0-1\" class=\"so-panel widget widget_theme-toolkit-partners theme_toolkit_partners panel-last-child\" data-index=\"1\" data-style=\"{&quot;background_image_attachment&quot;:false,&quot;background_display&quot;:&quot;tile&quot;}\">\n                <div class=\"tt-partners-wrap\">\n\n                    \n      <div class=\"tt-partners\">\n\n        <div class=\"inner-wrapper\">\n\n            <div class=\"tt-partners-main\">\n\n                \n                    <div class=\"tt-partners-item\">\n                    \n                        <div class=\"tt-partners-thumb\">\n                            <img loading=\"lazy\" decoding=\"async\" width=\"234\" height=\"100\" src=\"https:\/\/www.mouldprecision.com\/wp-content\/uploads\/2018\/08\/partner-1.png\" class=\"attachment-full size-full wp-post-image\" alt=\"partner\" \/>                        <\/div>\n                        \n                    <\/div>\n\n                    \n                    <div class=\"tt-partners-item\">\n                    \n                        <div class=\"tt-partners-thumb\">\n                            <img loading=\"lazy\" decoding=\"async\" width=\"234\" height=\"100\" src=\"https:\/\/www.mouldprecision.com\/wp-content\/uploads\/2018\/08\/partner-2.png\" class=\"attachment-full size-full wp-post-image\" alt=\"partner\" \/>                        <\/div>\n                        \n                    <\/div>\n\n                    \n                    <div class=\"tt-partners-item\">\n                    \n                        <div class=\"tt-partners-thumb\">\n                            <img loading=\"lazy\" decoding=\"async\" width=\"234\" height=\"100\" src=\"https:\/\/www.mouldprecision.com\/wp-content\/uploads\/2018\/08\/partner-3.png\" class=\"attachment-full size-full wp-post-image\" alt=\"partner\" \/>                        <\/div>\n                        \n                    <\/div>\n\n                    \n                    <div class=\"tt-partners-item\">\n                    \n                        <div class=\"tt-partners-thumb\">\n                            <img loading=\"lazy\" decoding=\"async\" width=\"234\" height=\"100\" src=\"https:\/\/www.mouldprecision.com\/wp-content\/uploads\/2018\/08\/partner-4.png\" class=\"attachment-full size-full wp-post-image\" alt=\"partner\" \/>                        <\/div>\n                        \n                    <\/div>\n\n                    \n                    <div class=\"tt-partners-item\">\n                    \n                        <div class=\"tt-partners-thumb\">\n                            <img loading=\"lazy\" decoding=\"async\" width=\"234\" height=\"100\" src=\"https:\/\/www.mouldprecision.com\/wp-content\/uploads\/2018\/08\/partner-5.png\" class=\"attachment-full size-full wp-post-image\" alt=\"partner\" \/>                        <\/div>\n                        \n                    <\/div>\n\n                    \n                    <div class=\"tt-partners-item\">\n                    \n                        <div class=\"tt-partners-thumb\">\n                            <img loading=\"lazy\" decoding=\"async\" width=\"234\" height=\"100\" src=\"https:\/\/www.mouldprecision.com\/wp-content\/uploads\/2018\/08\/partner-6.png\" class=\"attachment-full size-full wp-post-image\" alt=\"partner\" \/>                        <\/div>\n                        \n                    <\/div>\n\n                    \n            <\/div>\n\n        <\/div><!-- .inner-wrapper -->\n\n      <\/div><!-- .tt-partners-widget -->\n\n                    \n                <\/div>\n\n                <\/div>\n<\/div>\n<\/div>\n<\/div>\n<!-- Begin Yuzo --><div class='yuzo_related_post style-1'  data-version='5.12.89'><!-- without result --><div class='yuzo_clearfixed yuzo__title yuzo__title'><h5>Related Post<\/h5><\/div>\n<\/div>  <!-- End Yuzo :) -->","protected":false},"excerpt":{"rendered":"<p>N\u00f3s seguimos o gerenciamento do PDCA. \u00c9 boa solu\u00e7\u00e3o e sistema para molde normal e fabrica\u00e7\u00e3o de molde urgente. Oferecemos Relat\u00f3rio Semanal para controle de qualidade de fabrica\u00e7\u00e3o de moldes e entrega pontual. As quatro fases s\u00e3o: Plano: identificar e analisar o problema ou oportunidade, desenvolver hip\u00f3teses sobre quais podem ser os problemas e decidir [&hellip;]<\/p>\n","protected":false},"author":2,"featured_media":0,"parent":0,"menu_order":0,"comment_status":"closed","ping_status":"closed","template":"","meta":{"footnotes":""},"class_list":["post-4084","page","type-page","status-publish","hentry"],"yoast_head":"<!-- This site is optimized with the Yoast SEO plugin v27.2 - https:\/\/yoast.com\/product\/yoast-seo-wordpress\/ -->\n<title>Qualidade controle | China mould maker,mould making company &amp; manufacturer<\/title>\n<meta name=\"robots\" content=\"index, follow, max-snippet:-1, max-image-preview:large, max-video-preview:-1\" \/>\n<link rel=\"canonical\" href=\"https:\/\/www.mouldprecision.com\/pt-pt\/qualidade-controle.html\" \/>\n<meta property=\"og:locale\" content=\"pt_PT\" \/>\n<meta property=\"og:type\" content=\"article\" \/>\n<meta property=\"og:title\" content=\"Qualidade controle | China mould maker,mould making company &amp; manufacturer\" \/>\n<meta property=\"og:description\" content=\"N\u00f3s seguimos o gerenciamento do PDCA. \u00c9 boa solu\u00e7\u00e3o e sistema para molde normal e fabrica\u00e7\u00e3o de molde urgente. Oferecemos Relat\u00f3rio Semanal para controle de qualidade de fabrica\u00e7\u00e3o de moldes e entrega pontual. As quatro fases s\u00e3o: Plano: identificar e analisar o problema ou oportunidade, desenvolver hip\u00f3teses sobre quais podem ser os problemas e decidir [&hellip;]\" \/>\n<meta property=\"og:url\" content=\"https:\/\/www.mouldprecision.com\/pt-pt\/qualidade-controle.html\" \/>\n<meta property=\"og:site_name\" content=\"China mould maker,mould making company &amp; manufacturer\" \/>\n<meta property=\"article:modified_time\" content=\"2018-09-09T08:21:24+00:00\" \/>\n<meta property=\"og:image\" content=\"https:\/\/www.mouldprecision.com\/wp-content\/uploads\/2018\/08\/PDCA.jpg\" \/>\n<meta name=\"twitter:card\" content=\"summary_large_image\" \/>\n<meta name=\"twitter:label1\" content=\"Tempo estimado de leitura\" \/>\n\t<meta name=\"twitter:data1\" content=\"1 minuto\" \/>\n<script type=\"application\/ld+json\" class=\"yoast-schema-graph\">{\"@context\":\"https:\/\/schema.org\",\"@graph\":[{\"@type\":\"WebPage\",\"@id\":\"https:\/\/www.mouldprecision.com\/pt-pt\/qualidade-controle.html\",\"url\":\"https:\/\/www.mouldprecision.com\/pt-pt\/qualidade-controle.html\",\"name\":\"Qualidade controle | China mould maker,mould making company &amp; manufacturer\",\"isPartOf\":{\"@id\":\"https:\/\/www.mouldprecision.com\/#website\"},\"primaryImageOfPage\":{\"@id\":\"https:\/\/www.mouldprecision.com\/pt-pt\/qualidade-controle.html#primaryimage\"},\"image\":{\"@id\":\"https:\/\/www.mouldprecision.com\/pt-pt\/qualidade-controle.html#primaryimage\"},\"thumbnailUrl\":\"https:\/\/www.mouldprecision.com\/wp-content\/uploads\/2018\/08\/PDCA.jpg\",\"datePublished\":\"2018-09-09T08:17:28+00:00\",\"dateModified\":\"2018-09-09T08:21:24+00:00\",\"breadcrumb\":{\"@id\":\"https:\/\/www.mouldprecision.com\/pt-pt\/qualidade-controle.html#breadcrumb\"},\"inLanguage\":\"pt-PT\",\"potentialAction\":[{\"@type\":\"ReadAction\",\"target\":[\"https:\/\/www.mouldprecision.com\/pt-pt\/qualidade-controle.html\"]}]},{\"@type\":\"ImageObject\",\"inLanguage\":\"pt-PT\",\"@id\":\"https:\/\/www.mouldprecision.com\/pt-pt\/qualidade-controle.html#primaryimage\",\"url\":\"https:\/\/www.mouldprecision.com\/wp-content\/uploads\/2018\/08\/PDCA.jpg\",\"contentUrl\":\"https:\/\/www.mouldprecision.com\/wp-content\/uploads\/2018\/08\/PDCA.jpg\"},{\"@type\":\"BreadcrumbList\",\"@id\":\"https:\/\/www.mouldprecision.com\/pt-pt\/qualidade-controle.html#breadcrumb\",\"itemListElement\":[{\"@type\":\"ListItem\",\"position\":1,\"name\":\"Home\",\"item\":\"https:\/\/www.mouldprecision.com\/pt-pt\"},{\"@type\":\"ListItem\",\"position\":2,\"name\":\"Qualidade controle\"}]},{\"@type\":\"WebSite\",\"@id\":\"https:\/\/www.mouldprecision.com\/#website\",\"url\":\"https:\/\/www.mouldprecision.com\/\",\"name\":\"China mould maker,mould making company &amp; manufacturer\",\"description\":\"\",\"publisher\":{\"@id\":\"https:\/\/www.mouldprecision.com\/#organization\"},\"potentialAction\":[{\"@type\":\"SearchAction\",\"target\":{\"@type\":\"EntryPoint\",\"urlTemplate\":\"https:\/\/www.mouldprecision.com\/?s={search_term_string}\"},\"query-input\":{\"@type\":\"PropertyValueSpecification\",\"valueRequired\":true,\"valueName\":\"search_term_string\"}}],\"inLanguage\":\"pt-PT\"},{\"@type\":\"Organization\",\"@id\":\"https:\/\/www.mouldprecision.com\/#organization\",\"name\":\"China mould maker,mould making company &amp; manufacturer\",\"url\":\"https:\/\/www.mouldprecision.com\/\",\"logo\":{\"@type\":\"ImageObject\",\"inLanguage\":\"pt-PT\",\"@id\":\"https:\/\/www.mouldprecision.com\/#\/schema\/logo\/image\/\",\"url\":\"https:\/\/www.mouldprecision.com\/wp-content\/uploads\/2018\/08\/MP-logo.png\",\"contentUrl\":\"https:\/\/www.mouldprecision.com\/wp-content\/uploads\/2018\/08\/MP-logo.png\",\"width\":156,\"height\":59,\"caption\":\"China mould maker,mould making company &amp; manufacturer\"},\"image\":{\"@id\":\"https:\/\/www.mouldprecision.com\/#\/schema\/logo\/image\/\"}}]}<\/script>\n<!-- \/ Yoast SEO plugin. -->","yoast_head_json":{"title":"Qualidade controle | China mould maker,mould making company &amp; manufacturer","robots":{"index":"index","follow":"follow","max-snippet":"max-snippet:-1","max-image-preview":"max-image-preview:large","max-video-preview":"max-video-preview:-1"},"canonical":"https:\/\/www.mouldprecision.com\/pt-pt\/qualidade-controle.html","og_locale":"pt_PT","og_type":"article","og_title":"Qualidade controle | China mould maker,mould making company &amp; manufacturer","og_description":"N\u00f3s seguimos o gerenciamento do PDCA. \u00c9 boa solu\u00e7\u00e3o e sistema para molde normal e fabrica\u00e7\u00e3o de molde urgente. Oferecemos Relat\u00f3rio Semanal para controle de qualidade de fabrica\u00e7\u00e3o de moldes e entrega pontual. As quatro fases s\u00e3o: Plano: identificar e analisar o problema ou oportunidade, desenvolver hip\u00f3teses sobre quais podem ser os problemas e decidir [&hellip;]","og_url":"https:\/\/www.mouldprecision.com\/pt-pt\/qualidade-controle.html","og_site_name":"China mould maker,mould making company &amp; manufacturer","article_modified_time":"2018-09-09T08:21:24+00:00","og_image":[{"url":"https:\/\/www.mouldprecision.com\/wp-content\/uploads\/2018\/08\/PDCA.jpg","type":"","width":"","height":""}],"twitter_card":"summary_large_image","twitter_misc":{"Tempo estimado de leitura":"1 minuto"},"schema":{"@context":"https:\/\/schema.org","@graph":[{"@type":"WebPage","@id":"https:\/\/www.mouldprecision.com\/pt-pt\/qualidade-controle.html","url":"https:\/\/www.mouldprecision.com\/pt-pt\/qualidade-controle.html","name":"Qualidade controle | China mould maker,mould making company &amp; manufacturer","isPartOf":{"@id":"https:\/\/www.mouldprecision.com\/#website"},"primaryImageOfPage":{"@id":"https:\/\/www.mouldprecision.com\/pt-pt\/qualidade-controle.html#primaryimage"},"image":{"@id":"https:\/\/www.mouldprecision.com\/pt-pt\/qualidade-controle.html#primaryimage"},"thumbnailUrl":"https:\/\/www.mouldprecision.com\/wp-content\/uploads\/2018\/08\/PDCA.jpg","datePublished":"2018-09-09T08:17:28+00:00","dateModified":"2018-09-09T08:21:24+00:00","breadcrumb":{"@id":"https:\/\/www.mouldprecision.com\/pt-pt\/qualidade-controle.html#breadcrumb"},"inLanguage":"pt-PT","potentialAction":[{"@type":"ReadAction","target":["https:\/\/www.mouldprecision.com\/pt-pt\/qualidade-controle.html"]}]},{"@type":"ImageObject","inLanguage":"pt-PT","@id":"https:\/\/www.mouldprecision.com\/pt-pt\/qualidade-controle.html#primaryimage","url":"https:\/\/www.mouldprecision.com\/wp-content\/uploads\/2018\/08\/PDCA.jpg","contentUrl":"https:\/\/www.mouldprecision.com\/wp-content\/uploads\/2018\/08\/PDCA.jpg"},{"@type":"BreadcrumbList","@id":"https:\/\/www.mouldprecision.com\/pt-pt\/qualidade-controle.html#breadcrumb","itemListElement":[{"@type":"ListItem","position":1,"name":"Home","item":"https:\/\/www.mouldprecision.com\/pt-pt"},{"@type":"ListItem","position":2,"name":"Qualidade controle"}]},{"@type":"WebSite","@id":"https:\/\/www.mouldprecision.com\/#website","url":"https:\/\/www.mouldprecision.com\/","name":"China mould maker,mould making company &amp; manufacturer","description":"","publisher":{"@id":"https:\/\/www.mouldprecision.com\/#organization"},"potentialAction":[{"@type":"SearchAction","target":{"@type":"EntryPoint","urlTemplate":"https:\/\/www.mouldprecision.com\/?s={search_term_string}"},"query-input":{"@type":"PropertyValueSpecification","valueRequired":true,"valueName":"search_term_string"}}],"inLanguage":"pt-PT"},{"@type":"Organization","@id":"https:\/\/www.mouldprecision.com\/#organization","name":"China mould maker,mould making company &amp; manufacturer","url":"https:\/\/www.mouldprecision.com\/","logo":{"@type":"ImageObject","inLanguage":"pt-PT","@id":"https:\/\/www.mouldprecision.com\/#\/schema\/logo\/image\/","url":"https:\/\/www.mouldprecision.com\/wp-content\/uploads\/2018\/08\/MP-logo.png","contentUrl":"https:\/\/www.mouldprecision.com\/wp-content\/uploads\/2018\/08\/MP-logo.png","width":156,"height":59,"caption":"China mould maker,mould making company &amp; manufacturer"},"image":{"@id":"https:\/\/www.mouldprecision.com\/#\/schema\/logo\/image\/"}}]}},"_links":{"self":[{"href":"https:\/\/www.mouldprecision.com\/pt-pt\/wp-json\/wp\/v2\/pages\/4084","targetHints":{"allow":["GET"]}}],"collection":[{"href":"https:\/\/www.mouldprecision.com\/pt-pt\/wp-json\/wp\/v2\/pages"}],"about":[{"href":"https:\/\/www.mouldprecision.com\/pt-pt\/wp-json\/wp\/v2\/types\/page"}],"author":[{"embeddable":true,"href":"https:\/\/www.mouldprecision.com\/pt-pt\/wp-json\/wp\/v2\/users\/2"}],"replies":[{"embeddable":true,"href":"https:\/\/www.mouldprecision.com\/pt-pt\/wp-json\/wp\/v2\/comments?post=4084"}],"version-history":[{"count":0,"href":"https:\/\/www.mouldprecision.com\/pt-pt\/wp-json\/wp\/v2\/pages\/4084\/revisions"}],"wp:attachment":[{"href":"https:\/\/www.mouldprecision.com\/pt-pt\/wp-json\/wp\/v2\/media?parent=4084"}],"curies":[{"name":"wp","href":"https:\/\/api.w.org\/{rel}","templated":true}]}}