{"id":4074,"date":"2018-09-09T07:57:51","date_gmt":"2018-09-09T07:57:51","guid":{"rendered":"https:\/\/www.mouldprecision.com\/?page_id=4074"},"modified":"2018-09-09T07:57:51","modified_gmt":"2018-09-09T07:57:51","slug":"faq","status":"publish","type":"page","link":"https:\/\/www.mouldprecision.com\/pt-pt\/faq.html","title":{"rendered":"FAQ"},"content":{"rendered":"<h2>FAQ- Perguntas Frequentes<\/h2>\n<p><strong>Qual o servi\u00e7o que voc\u00ea oferece?<\/strong><\/p>\n<p>Fabrica\u00e7\u00e3o de moldes por inje\u00e7\u00e3o de pl\u00e1stico, moldagem por inje\u00e7\u00e3o de pl\u00e1stico e usinagem de precis\u00e3o<\/p>\n<p><strong>Qual \u00e9 o principal produto que voc\u00ea est\u00e1 a fazer?<\/strong><\/p>\n<p>Molde de inje\u00e7\u00e3o pl\u00e1stica<\/p>\n<p><strong>Qual \u00e9 o padr\u00e3o de fabrica\u00e7\u00e3o de moldes?<\/strong><\/p>\n<p>Molde M\u00e9trico ou Molde de Polegadas<\/p>\n<p><strong>Voc\u00ea poderia fazer o molde do corredor quente?<\/strong><\/p>\n<p>Sim, n\u00f3s fazemos, usa MoldMASTER, HASCO, DME, YUDO e Marca na China<\/p>\n<p><strong>O que voc\u00ea precisa para cota\u00e7\u00e3o?<\/strong><\/p>\n<p>O desenho da divis\u00f3ria 3D e 2D s\u00e3o perfeitos, com seu exigido, tais como o a\u00e7o para o n\u00facleo e a cavidade, o n\u00famero da cavidade etc.<\/p>\n<p><strong>Voc\u00ea poderia citar por amostra ou foto?<\/strong><\/p>\n<p>N\u00e3o \u00e9 problema. O pre\u00e7o de precis\u00e3o precisa de mais informa\u00e7\u00f5es.<\/p>\n<p><strong>Quanto tempo receberei a cota\u00e7\u00e3o?<\/strong><\/p>\n<p>Dentro de 24 horas<\/p>\n<p><strong>Qual \u00e9 o prazo de pagamento para fabrica\u00e7\u00e3o de moldes?<\/strong><\/p>\n<p>T \/ T: 50% como dep\u00f3sito com ordem, 30% recebem amostras T1, e 20% da amostra aprovada e antes da entrega.<\/p>\n<p><strong>O que \u00e9 software de design de molde que voc\u00ea usa?<\/strong><\/p>\n<ul>\n<li>AutoCAD (modelagem 2D)<\/li>\n<li>Consultor de moldes de fluxo de metal (simula\u00e7\u00e3o de fluxo \/ deforma\u00e7\u00e3o pl\u00e1stica)<\/li>\n<li>Pro \/ ENGINEER (modelagem 3D)<\/li>\n<li>Unigraphics (modelagem 3D)<\/li>\n<li>Obras s\u00f3lidas (modelagem 3D)<\/li>\n<\/ul>\n<p><strong>Qual \u00e9 o prazo de entrega do projeto do molde?<\/strong><\/p>\n<p>1-3 dias para DFM, layout de molde 2D e desenho do molde 3D<\/p>\n<p><strong>Qual \u00e9 o tamanho m\u00e1ximo de fabrica\u00e7\u00e3o de moldes?<\/strong><\/p>\n<p>At\u00e9 10 toneladas de peso.<\/p>\n<p><strong>Qual \u00e9 a toler\u00e2ncia da fabrica\u00e7\u00e3o de moldes?<\/strong><\/p>\n<p>Usinado \u00e9 + &#8211; 0,005mm, parte moldada \u00e9 + &#8211; 0.02mm<\/p>\n<p><strong>Qual \u00e9 o tempo de espera do molde?<\/strong><\/p>\n<p>3-5 semanas para um molde pequeno e m\u00e9dio, e 6-9 semanas para grandes mais de 1,5 metros.<\/p>\n<p><strong>Voc\u00ea pode combinar com uma cor espec\u00edfica?<\/strong><\/p>\n<p>Sim, n\u00f3s podemos. Por favor, ofere\u00e7a o n\u00famero de RAL ou PANTONE<\/p>\n<p><strong>Qual \u00e9 a quantidade de amostra experimental do molde?<\/strong><\/p>\n<p>3 tiros em uma cor no habitual \u00e9 gr\u00e1tis e frete gr\u00e1tis, mais est\u00e1 ok<\/p>\n<!-- Begin Yuzo --><div class='yuzo_related_post style-1'  data-version='5.12.89'><!-- without result --><div class='yuzo_clearfixed yuzo__title yuzo__title'><h5>Related Post<\/h5><\/div>\n<\/div>  <!-- End Yuzo :) -->","protected":false},"excerpt":{"rendered":"<p>FAQ- Perguntas Frequentes Qual o servi\u00e7o que voc\u00ea oferece? Fabrica\u00e7\u00e3o de moldes por inje\u00e7\u00e3o de pl\u00e1stico, moldagem por inje\u00e7\u00e3o de pl\u00e1stico e usinagem de precis\u00e3o Qual \u00e9 o principal produto que voc\u00ea est\u00e1 a fazer? Molde de inje\u00e7\u00e3o pl\u00e1stica Qual \u00e9 o padr\u00e3o de fabrica\u00e7\u00e3o de moldes? Molde M\u00e9trico ou Molde de Polegadas Voc\u00ea poderia [&hellip;]<\/p>\n","protected":false},"author":2,"featured_media":0,"parent":0,"menu_order":0,"comment_status":"closed","ping_status":"closed","template":"","meta":{"footnotes":""},"class_list":["post-4074","page","type-page","status-publish","hentry"],"yoast_head":"<!-- This site is optimized with the Yoast SEO plugin v27.2 - https:\/\/yoast.com\/product\/yoast-seo-wordpress\/ -->\n<title>FAQ | China mould maker,mould making company &amp; manufacturer<\/title>\n<meta name=\"robots\" content=\"index, follow, max-snippet:-1, max-image-preview:large, max-video-preview:-1\" \/>\n<link rel=\"canonical\" href=\"https:\/\/www.mouldprecision.com\/pt-pt\/faq.html\" \/>\n<meta property=\"og:locale\" content=\"pt_PT\" \/>\n<meta property=\"og:type\" content=\"article\" \/>\n<meta property=\"og:title\" content=\"FAQ | China mould maker,mould making company &amp; manufacturer\" \/>\n<meta property=\"og:description\" content=\"FAQ- Perguntas Frequentes Qual o servi\u00e7o que voc\u00ea oferece? Fabrica\u00e7\u00e3o de moldes por inje\u00e7\u00e3o de pl\u00e1stico, moldagem por inje\u00e7\u00e3o de pl\u00e1stico e usinagem de precis\u00e3o Qual \u00e9 o principal produto que voc\u00ea est\u00e1 a fazer? Molde de inje\u00e7\u00e3o pl\u00e1stica Qual \u00e9 o padr\u00e3o de fabrica\u00e7\u00e3o de moldes? Molde M\u00e9trico ou Molde de Polegadas Voc\u00ea poderia [&hellip;]\" \/>\n<meta property=\"og:url\" content=\"https:\/\/www.mouldprecision.com\/pt-pt\/faq.html\" \/>\n<meta property=\"og:site_name\" content=\"China mould maker,mould making company &amp; manufacturer\" \/>\n<meta name=\"twitter:card\" content=\"summary_large_image\" \/>\n<meta name=\"twitter:label1\" content=\"Tempo estimado de leitura\" \/>\n\t<meta name=\"twitter:data1\" content=\"2 minutos\" \/>\n<script type=\"application\/ld+json\" class=\"yoast-schema-graph\">{\"@context\":\"https:\/\/schema.org\",\"@graph\":[{\"@type\":\"WebPage\",\"@id\":\"https:\/\/www.mouldprecision.com\/pt-pt\/faq.html\",\"url\":\"https:\/\/www.mouldprecision.com\/pt-pt\/faq.html\",\"name\":\"FAQ | China mould maker,mould making company &amp; manufacturer\",\"isPartOf\":{\"@id\":\"https:\/\/www.mouldprecision.com\/#website\"},\"datePublished\":\"2018-09-09T07:57:51+00:00\",\"breadcrumb\":{\"@id\":\"https:\/\/www.mouldprecision.com\/pt-pt\/faq.html#breadcrumb\"},\"inLanguage\":\"pt-PT\",\"potentialAction\":[{\"@type\":\"ReadAction\",\"target\":[\"https:\/\/www.mouldprecision.com\/pt-pt\/faq.html\"]}]},{\"@type\":\"BreadcrumbList\",\"@id\":\"https:\/\/www.mouldprecision.com\/pt-pt\/faq.html#breadcrumb\",\"itemListElement\":[{\"@type\":\"ListItem\",\"position\":1,\"name\":\"Home\",\"item\":\"https:\/\/www.mouldprecision.com\/pt-pt\"},{\"@type\":\"ListItem\",\"position\":2,\"name\":\"FAQ\"}]},{\"@type\":\"WebSite\",\"@id\":\"https:\/\/www.mouldprecision.com\/#website\",\"url\":\"https:\/\/www.mouldprecision.com\/\",\"name\":\"China mould maker,mould making company &amp; manufacturer\",\"description\":\"\",\"publisher\":{\"@id\":\"https:\/\/www.mouldprecision.com\/#organization\"},\"potentialAction\":[{\"@type\":\"SearchAction\",\"target\":{\"@type\":\"EntryPoint\",\"urlTemplate\":\"https:\/\/www.mouldprecision.com\/?s={search_term_string}\"},\"query-input\":{\"@type\":\"PropertyValueSpecification\",\"valueRequired\":true,\"valueName\":\"search_term_string\"}}],\"inLanguage\":\"pt-PT\"},{\"@type\":\"Organization\",\"@id\":\"https:\/\/www.mouldprecision.com\/#organization\",\"name\":\"China mould maker,mould making company &amp; manufacturer\",\"url\":\"https:\/\/www.mouldprecision.com\/\",\"logo\":{\"@type\":\"ImageObject\",\"inLanguage\":\"pt-PT\",\"@id\":\"https:\/\/www.mouldprecision.com\/#\/schema\/logo\/image\/\",\"url\":\"https:\/\/www.mouldprecision.com\/wp-content\/uploads\/2018\/08\/MP-logo.png\",\"contentUrl\":\"https:\/\/www.mouldprecision.com\/wp-content\/uploads\/2018\/08\/MP-logo.png\",\"width\":156,\"height\":59,\"caption\":\"China mould maker,mould making company &amp; manufacturer\"},\"image\":{\"@id\":\"https:\/\/www.mouldprecision.com\/#\/schema\/logo\/image\/\"}}]}<\/script>\n<!-- \/ Yoast SEO plugin. -->","yoast_head_json":{"title":"FAQ | China mould maker,mould making company &amp; manufacturer","robots":{"index":"index","follow":"follow","max-snippet":"max-snippet:-1","max-image-preview":"max-image-preview:large","max-video-preview":"max-video-preview:-1"},"canonical":"https:\/\/www.mouldprecision.com\/pt-pt\/faq.html","og_locale":"pt_PT","og_type":"article","og_title":"FAQ | China mould maker,mould making company &amp; manufacturer","og_description":"FAQ- Perguntas Frequentes Qual o servi\u00e7o que voc\u00ea oferece? Fabrica\u00e7\u00e3o de moldes por inje\u00e7\u00e3o de pl\u00e1stico, moldagem por inje\u00e7\u00e3o de pl\u00e1stico e usinagem de precis\u00e3o Qual \u00e9 o principal produto que voc\u00ea est\u00e1 a fazer? Molde de inje\u00e7\u00e3o pl\u00e1stica Qual \u00e9 o padr\u00e3o de fabrica\u00e7\u00e3o de moldes? Molde M\u00e9trico ou Molde de Polegadas Voc\u00ea poderia [&hellip;]","og_url":"https:\/\/www.mouldprecision.com\/pt-pt\/faq.html","og_site_name":"China mould maker,mould making company &amp; manufacturer","twitter_card":"summary_large_image","twitter_misc":{"Tempo estimado de leitura":"2 minutos"},"schema":{"@context":"https:\/\/schema.org","@graph":[{"@type":"WebPage","@id":"https:\/\/www.mouldprecision.com\/pt-pt\/faq.html","url":"https:\/\/www.mouldprecision.com\/pt-pt\/faq.html","name":"FAQ | China mould maker,mould making company &amp; manufacturer","isPartOf":{"@id":"https:\/\/www.mouldprecision.com\/#website"},"datePublished":"2018-09-09T07:57:51+00:00","breadcrumb":{"@id":"https:\/\/www.mouldprecision.com\/pt-pt\/faq.html#breadcrumb"},"inLanguage":"pt-PT","potentialAction":[{"@type":"ReadAction","target":["https:\/\/www.mouldprecision.com\/pt-pt\/faq.html"]}]},{"@type":"BreadcrumbList","@id":"https:\/\/www.mouldprecision.com\/pt-pt\/faq.html#breadcrumb","itemListElement":[{"@type":"ListItem","position":1,"name":"Home","item":"https:\/\/www.mouldprecision.com\/pt-pt"},{"@type":"ListItem","position":2,"name":"FAQ"}]},{"@type":"WebSite","@id":"https:\/\/www.mouldprecision.com\/#website","url":"https:\/\/www.mouldprecision.com\/","name":"China mould maker,mould making company &amp; manufacturer","description":"","publisher":{"@id":"https:\/\/www.mouldprecision.com\/#organization"},"potentialAction":[{"@type":"SearchAction","target":{"@type":"EntryPoint","urlTemplate":"https:\/\/www.mouldprecision.com\/?s={search_term_string}"},"query-input":{"@type":"PropertyValueSpecification","valueRequired":true,"valueName":"search_term_string"}}],"inLanguage":"pt-PT"},{"@type":"Organization","@id":"https:\/\/www.mouldprecision.com\/#organization","name":"China mould maker,mould making company &amp; manufacturer","url":"https:\/\/www.mouldprecision.com\/","logo":{"@type":"ImageObject","inLanguage":"pt-PT","@id":"https:\/\/www.mouldprecision.com\/#\/schema\/logo\/image\/","url":"https:\/\/www.mouldprecision.com\/wp-content\/uploads\/2018\/08\/MP-logo.png","contentUrl":"https:\/\/www.mouldprecision.com\/wp-content\/uploads\/2018\/08\/MP-logo.png","width":156,"height":59,"caption":"China mould maker,mould making company &amp; manufacturer"},"image":{"@id":"https:\/\/www.mouldprecision.com\/#\/schema\/logo\/image\/"}}]}},"_links":{"self":[{"href":"https:\/\/www.mouldprecision.com\/pt-pt\/wp-json\/wp\/v2\/pages\/4074","targetHints":{"allow":["GET"]}}],"collection":[{"href":"https:\/\/www.mouldprecision.com\/pt-pt\/wp-json\/wp\/v2\/pages"}],"about":[{"href":"https:\/\/www.mouldprecision.com\/pt-pt\/wp-json\/wp\/v2\/types\/page"}],"author":[{"embeddable":true,"href":"https:\/\/www.mouldprecision.com\/pt-pt\/wp-json\/wp\/v2\/users\/2"}],"replies":[{"embeddable":true,"href":"https:\/\/www.mouldprecision.com\/pt-pt\/wp-json\/wp\/v2\/comments?post=4074"}],"version-history":[{"count":0,"href":"https:\/\/www.mouldprecision.com\/pt-pt\/wp-json\/wp\/v2\/pages\/4074\/revisions"}],"wp:attachment":[{"href":"https:\/\/www.mouldprecision.com\/pt-pt\/wp-json\/wp\/v2\/media?parent=4074"}],"curies":[{"name":"wp","href":"https:\/\/api.w.org\/{rel}","templated":true}]}}