{"id":4069,"date":"2018-09-09T07:34:34","date_gmt":"2018-09-09T07:34:34","guid":{"rendered":"https:\/\/www.mouldprecision.com\/?page_id=4069"},"modified":"2018-10-09T03:01:22","modified_gmt":"2018-10-09T03:01:22","slug":"empresa","status":"publish","type":"page","link":"https:\/\/www.mouldprecision.com\/pt-pt\/empresa.html","title":{"rendered":"Empresa"},"content":{"rendered":"<div id=\"pl-34\" class=\"panel-layout\">\n<div id=\"pg-34-0\" class=\"panel-grid panel-no-style\">\n<div id=\"pgc-34-0-0\" class=\"panel-grid-cell\" data-weight=\"1\">\n<div id=\"panel-34-0-0-0\" class=\"so-panel widget widget_sow-editor panel-first-child\" data-index=\"0\">\n<div class=\"so-widget-sow-editor so-widget-sow-editor-base\">\n<div class=\"siteorigin-widget-tinymce textwidget\">\n<p><a href=\"http:\/\/www.mouldprecision.com\/pt-pt\"><strong>Moldes Precision Co., Ltd.<\/strong><\/a>\u00a0\u00a0\u00e9 um <strong>fabricante de moldes de pl\u00e1stico<\/strong> privado em Dongguan China, focanado a fabrica\u00e7\u00e3o de<strong> moldes de inje\u00e7\u00e3o de pl\u00e1stico<\/strong> e oferecendo <strong>prazo de entrega curto<\/strong>, <strong>custo eficiente e pagamento flex\u00edvel,<\/strong> a fim de aumentar o seu competitivo no mercado de moldes, serve para as ind\u00fastrias de Automotiva, Eletr\u00f4nica, Industrial, M\u00e9dica e Embalagem desde 2014.<\/p>\n<h2>Voc\u00ea vai obter boa qualidade e pre\u00e7o para:<\/h2>\n<p><img loading=\"lazy\" decoding=\"async\" class=\"alignright\" src=\"https:\/\/www.mouldprecision.com\/wp-content\/uploads\/2018\/08\/plastic-mould-maker-china.jpg\" alt=\"plastic mould maker china\" width=\"360\" height=\"258\" \/><\/p>\n<ul class=\"pd6\">\n<li><strong> Fabrica\u00e7\u00e3o de Moldes para Inje\u00e7\u00e3o de Pl\u00e1stico<\/strong><\/li>\n<li><strong> Usinagem de Alta Precis\u00e3o<\/strong><\/li>\n<li><strong> Moldagem por Inje\u00e7\u00e3o Personalizada<\/strong><\/li>\n<\/ul>\n<h2>Voc\u00ea ficar\u00e1 mais competitivo por:<\/h2>\n<ul class=\"pd6\">\n<li><strong> 15 dias T0 para fabrica\u00e7\u00e3o de moldes urgentes<\/strong><\/li>\n<li><strong> M\u00e1xima economia de 30% na fabrica\u00e7\u00e3o de moldes<\/strong><\/li>\n<li><strong> Pagamento salarial ap\u00f3s entregar 60 dias<\/strong><\/li>\n<\/ul>\n<h2>Voc\u00ea receber\u00e1 o benef\u00edcio de pagamento VIP:<\/h2>\n<ul class=\"pd6\">\n<li><strong> Menos de 5.000 $, 0 com ordem, 100% antes do envio<\/strong><\/li>\n<li><strong> 5000 $ a 10.000 $, 30% com ordem, 70% antes do envio<\/strong><\/li>\n<li><strong> Mais de 10.000 $, 40% com ordem, 45% antes do envio e 15% em 60 dias<\/strong><\/li>\n<\/ul>\n<\/div>\n<\/div>\n<\/div>\n<div id=\"panel-34-0-0-1\" class=\"so-panel widget widget_business-kit-counter business-kit-facts facts-counter-section panel-last-child\" data-index=\"1\" data-style=\"{&quot;background_image_attachment&quot;:false,&quot;background_display&quot;:&quot;tile&quot;}\">\t\t\t\n\t\t\t<div class=\"counter-wrapper\">\n\n\t\t\t\t\n\n\t\t\t\t<div class=\"inner-wrapper fact-fourth\">\n\t\t\t\t\t\n\t\t\t\t\t\t\t<div class=\"counter-item counter-one\">\n\t\t\t\t\t\t\t    <div class=\"counter-inner\">\n\t\t\t\t\t\t\t    \t\t\t\t\t\t\t\t    \t\t<div class=\"counter-icon\">\n\t\t\t\t\t\t\t    \t\t\t<span class=\"icon-alarmclock\"><\/span>\n\t\t\t\t\t\t\t    \t\t<\/div>\n\t\t\t\t\t\t\t    \t\t\t\t\t\t\t\t\t       \n\n\t\t\t\t\t\t\t        <div class=\"counter-text-wrap\">\n\t\t\t\t\t\t\t        \t\t\t\t\t\t\t\t        \t\t<span class=\"count\">12<\/span>\n\t\t\t\t\t\t\t        \t\t\n\t\t\t\t\t\t\t        \t\t\t\t\t\t\t\t        \t\t<p>Quote within 12 hours<\/p>\n\t\t\t\t\t\t\t        \t\t\n\t\t\t\t\t\t\t        <\/div> <!-- .counter-text-wrap -->\n\t\t\t\t\t\t\t    <\/div> <!-- .counter-inner -->\n\t\t\t\t\t\t\t<\/div> <!-- .counter-item -->\n\n\t\t\t\t\t\t\t\n\t\t\t\t\t\t\t<div class=\"counter-item counter-two\">\n\t\t\t\t\t\t\t    <div class=\"counter-inner\">\n\t\t\t\t\t\t\t    \t\t\t\t\t\t\t\t    \t\t<div class=\"counter-icon\">\n\t\t\t\t\t\t\t    \t\t\t<span class=\"icon-calendar\"><\/span>\n\t\t\t\t\t\t\t    \t\t<\/div>\n\t\t\t\t\t\t\t    \t\t\t\t\t\t\t\t\t       \n\n\t\t\t\t\t\t\t        <div class=\"counter-text-wrap\">\n\t\t\t\t\t\t\t        \t\t\t\t\t\t\t\t        \t\t<span class=\"count\">15<\/span>\n\t\t\t\t\t\t\t        \t\t\n\t\t\t\t\t\t\t        \t\t\t\t\t\t\t\t        \t\t<p>Fast 15 days for T0<\/p>\n\t\t\t\t\t\t\t        \t\t\n\t\t\t\t\t\t\t        <\/div> <!-- .counter-text-wrap -->\n\t\t\t\t\t\t\t    <\/div> <!-- .counter-inner -->\n\t\t\t\t\t\t\t<\/div> <!-- .counter-item -->\n\n\t\t\t\t\t\t\t\n\t\t\t\t\t\t\t<div class=\"counter-item counter-three\">\n\t\t\t\t\t\t\t    <div class=\"counter-inner\">\n\t\t\t\t\t\t\t    \t\t\t\t\t\t\t\t    \t\t<div class=\"counter-icon\">\n\t\t\t\t\t\t\t    \t\t\t<span class=\"icon-wallet\"><\/span>\n\t\t\t\t\t\t\t    \t\t<\/div>\n\t\t\t\t\t\t\t    \t\t\t\t\t\t\t\t\t       \n\n\t\t\t\t\t\t\t        <div class=\"counter-text-wrap\">\n\t\t\t\t\t\t\t        \t\t\t\t\t\t\t\t        \t\t<span class=\"count\">20<\/span>\n\t\t\t\t\t\t\t        \t\t\n\t\t\t\t\t\t\t        \t\t\t\t\t\t\t\t        \t\t<p>Max save 30% cost<\/p>\n\t\t\t\t\t\t\t        \t\t\n\t\t\t\t\t\t\t        <\/div> <!-- .counter-text-wrap -->\n\t\t\t\t\t\t\t    <\/div> <!-- .counter-inner -->\n\t\t\t\t\t\t\t<\/div> <!-- .counter-item -->\n\n\t\t\t\t\t\t\t\n\t\t\t\t\t\t\t<div class=\"counter-item counter-four\">\n\t\t\t\t\t\t\t    <div class=\"counter-inner\">\n\t\t\t\t\t\t\t    \t\t\t\t\t\t\t\t    \t\t<div class=\"counter-icon\">\n\t\t\t\t\t\t\t    \t\t\t<span class=\"icon-calendar\"><\/span>\n\t\t\t\t\t\t\t    \t\t<\/div>\n\t\t\t\t\t\t\t    \t\t\t\t\t\t\t\t\t       \n\n\t\t\t\t\t\t\t        <div class=\"counter-text-wrap\">\n\t\t\t\t\t\t\t        \t\t\t\t\t\t\t\t        \t\t<span class=\"count\">60<\/span>\n\t\t\t\t\t\t\t        \t\t\n\t\t\t\t\t\t\t        \t\t\t\t\t\t\t\t        \t\t<p>balance in 60 days deliver<\/p>\n\t\t\t\t\t\t\t        \t\t\n\t\t\t\t\t\t\t        <\/div> <!-- .counter-text-wrap -->\n\t\t\t\t\t\t\t    <\/div> <!-- .counter-inner -->\n\t\t\t\t\t\t\t<\/div> <!-- .counter-item -->\n\n\t\t\t\t\t\t\t\t\t\t\t<\/div><!-- .counter-wrapper -->\n\n\t\t\t<\/div><!-- .some-facts -->\n\n\t\t\t<\/div>\n<\/div>\n<\/div>\n<div id=\"pg-34-1\" class=\"panel-grid panel-no-style\">\n<div id=\"pgc-34-1-0\" class=\"panel-grid-cell\" data-weight=\"1\">\n<div id=\"panel-34-1-0-0\" class=\"so-panel widget widget_sow-editor panel-first-child panel-last-child\" data-index=\"2\">\n<div class=\"so-widget-sow-editor so-widget-sow-editor-base\">\n<div class=\"siteorigin-widget-tinymce textwidget\">\n<h2>Seu fabricante de moldes de pl\u00e1stico offshore<\/h2>\n<p>Para ser o fabricante priorit\u00e1rio de <strong>moldes de pl\u00e1stico na China<\/strong>, estamos a trabalhar com esfor\u00e7o. Quando voc\u00ea entrega para a fabrica\u00e7\u00e3o de moldes para n\u00f3s, voc\u00ea est\u00e1 a obter um molde com uma s\u00f3lida reputa\u00e7\u00e3o por tr\u00e1s dele.<\/p>\n<p>N\u00f3s somos <strong>o fabricante de moldes profissional<\/strong> na China, tem uma boa solu\u00e7\u00e3o para o molde normal e projeto urgente, apenas <strong>15 dias T0 para fazer o molde r\u00e1pido. <\/strong>Al\u00e9m disso, poder\u00edamos <strong>economizar 30% do custo de fabrica\u00e7\u00e3o de moldes<\/strong>. O mais importante \u00e9 que aceitamos <strong>o pagamento do saldo em 60 dias<\/strong> <strong>ap\u00f3s a entrega <\/strong>para o cliente VIP.<\/p>\n<p><strong>Com base na capacidade de fabrica\u00e7\u00e3o de Dongguan,<\/strong> trabalhamos com esfor\u00e7o para integrar os elementos de fabrica\u00e7\u00e3o de moldes. Workshops CNC, Workshops de EDM, Workshops de Moldagem por Inje\u00e7\u00e3o e F\u00e1bricas de Teste de Moldes Profissionais. \u00c9 por isso que<strong> podemos oferecer um pre\u00e7o melhor.<\/strong><\/p>\n<p>&nbsp;<\/p>\n<p><strong>A integra\u00e7\u00e3o \u00e9 a melhor solu\u00e7\u00e3o<\/strong> para fabricantes de moldes pequenos e m\u00e9dios, com base na coopera\u00e7\u00e3o constante com parceiros e funcion\u00e1rios. Ficamos com boa reputa\u00e7\u00e3o dos clientes, como somos <strong>profissionais, eficientes e respons\u00e1veis.<\/strong><\/p>\n<\/div>\n<\/div>\n<\/div>\n<\/div>\n<\/div>\n<\/div>\n<!-- Begin Yuzo --><div class='yuzo_related_post style-1'  data-version='5.12.89'><!-- without result --><div class='yuzo_clearfixed yuzo__title yuzo__title'><h5>Related Post<\/h5><\/div>\n<\/div>  <!-- End Yuzo :) -->","protected":false},"excerpt":{"rendered":"<p>Moldes Precision Co., Ltd.\u00a0\u00a0\u00e9 um fabricante de moldes de pl\u00e1stico privado em Dongguan China, focanado a fabrica\u00e7\u00e3o de moldes de inje\u00e7\u00e3o de pl\u00e1stico e oferecendo prazo de entrega curto, custo eficiente e pagamento flex\u00edvel, a fim de aumentar o seu competitivo no mercado de moldes, serve para as ind\u00fastrias de Automotiva, Eletr\u00f4nica, Industrial, M\u00e9dica e [&hellip;]<\/p>\n","protected":false},"author":2,"featured_media":2238,"parent":0,"menu_order":0,"comment_status":"closed","ping_status":"closed","template":"","meta":{"footnotes":""},"class_list":["post-4069","page","type-page","status-publish","has-post-thumbnail","hentry"],"yoast_head":"<!-- This site is optimized with the Yoast SEO plugin v27.2 - https:\/\/yoast.com\/product\/yoast-seo-wordpress\/ -->\n<title>Empresa | China mould maker,mould making company &amp; manufacturer<\/title>\n<meta name=\"description\" content=\"Mould Precision Co., Ltd.\u00a0\u00a0\u00e9 um fabricante de moldes de pl\u00e1stico privado em Dongguan China, focanado a fabrica\u00e7\u00e3o de moldes de inje\u00e7\u00e3o de pl\u00e1stico e oferecendo prazo de entrega curto.\" \/>\n<meta name=\"robots\" content=\"index, follow, max-snippet:-1, max-image-preview:large, max-video-preview:-1\" \/>\n<link rel=\"canonical\" href=\"https:\/\/www.mouldprecision.com\/pt-pt\/empresa.html\" \/>\n<meta property=\"og:locale\" content=\"pt_PT\" \/>\n<meta property=\"og:type\" content=\"article\" \/>\n<meta property=\"og:title\" content=\"Empresa | China mould maker,mould making company &amp; manufacturer\" \/>\n<meta property=\"og:description\" content=\"Mould Precision Co., Ltd.\u00a0\u00a0\u00e9 um fabricante de moldes de pl\u00e1stico privado em Dongguan China, focanado a fabrica\u00e7\u00e3o de moldes de inje\u00e7\u00e3o de pl\u00e1stico e oferecendo prazo de entrega curto.\" \/>\n<meta property=\"og:url\" content=\"https:\/\/www.mouldprecision.com\/pt-pt\/empresa.html\" \/>\n<meta property=\"og:site_name\" content=\"China mould maker,mould making company &amp; manufacturer\" \/>\n<meta property=\"article:modified_time\" content=\"2018-10-09T03:01:22+00:00\" \/>\n<meta property=\"og:image\" content=\"https:\/\/www.mouldprecision.com\/wp-content\/uploads\/2018\/08\/plastic-mould-maker-china.jpg\" \/>\n\t<meta property=\"og:image:width\" content=\"488\" \/>\n\t<meta property=\"og:image:height\" content=\"350\" \/>\n\t<meta property=\"og:image:type\" content=\"image\/jpeg\" \/>\n<meta name=\"twitter:card\" content=\"summary_large_image\" \/>\n<meta name=\"twitter:label1\" content=\"Tempo estimado de leitura\" \/>\n\t<meta name=\"twitter:data1\" content=\"2 minutos\" \/>\n<script type=\"application\/ld+json\" class=\"yoast-schema-graph\">{\"@context\":\"https:\/\/schema.org\",\"@graph\":[{\"@type\":\"WebPage\",\"@id\":\"https:\/\/www.mouldprecision.com\/pt-pt\/empresa.html\",\"url\":\"https:\/\/www.mouldprecision.com\/pt-pt\/empresa.html\",\"name\":\"Empresa | China mould maker,mould making company &amp; manufacturer\",\"isPartOf\":{\"@id\":\"https:\/\/www.mouldprecision.com\/#website\"},\"primaryImageOfPage\":{\"@id\":\"https:\/\/www.mouldprecision.com\/pt-pt\/empresa.html#primaryimage\"},\"image\":{\"@id\":\"https:\/\/www.mouldprecision.com\/pt-pt\/empresa.html#primaryimage\"},\"thumbnailUrl\":\"https:\/\/www.mouldprecision.com\/wp-content\/uploads\/2018\/08\/plastic-mould-maker-china.jpg\",\"datePublished\":\"2018-09-09T07:34:34+00:00\",\"dateModified\":\"2018-10-09T03:01:22+00:00\",\"description\":\"Mould Precision Co., Ltd.\u00a0\u00a0\u00e9 um fabricante de moldes de pl\u00e1stico privado em Dongguan China, focanado a fabrica\u00e7\u00e3o de moldes de inje\u00e7\u00e3o de pl\u00e1stico e oferecendo prazo de entrega curto.\",\"breadcrumb\":{\"@id\":\"https:\/\/www.mouldprecision.com\/pt-pt\/empresa.html#breadcrumb\"},\"inLanguage\":\"pt-PT\",\"potentialAction\":[{\"@type\":\"ReadAction\",\"target\":[\"https:\/\/www.mouldprecision.com\/pt-pt\/empresa.html\"]}]},{\"@type\":\"ImageObject\",\"inLanguage\":\"pt-PT\",\"@id\":\"https:\/\/www.mouldprecision.com\/pt-pt\/empresa.html#primaryimage\",\"url\":\"https:\/\/www.mouldprecision.com\/wp-content\/uploads\/2018\/08\/plastic-mould-maker-china.jpg\",\"contentUrl\":\"https:\/\/www.mouldprecision.com\/wp-content\/uploads\/2018\/08\/plastic-mould-maker-china.jpg\",\"width\":488,\"height\":350,\"caption\":\"China mould maker\"},{\"@type\":\"BreadcrumbList\",\"@id\":\"https:\/\/www.mouldprecision.com\/pt-pt\/empresa.html#breadcrumb\",\"itemListElement\":[{\"@type\":\"ListItem\",\"position\":1,\"name\":\"Home\",\"item\":\"https:\/\/www.mouldprecision.com\/pt-pt\"},{\"@type\":\"ListItem\",\"position\":2,\"name\":\"Empresa\"}]},{\"@type\":\"WebSite\",\"@id\":\"https:\/\/www.mouldprecision.com\/#website\",\"url\":\"https:\/\/www.mouldprecision.com\/\",\"name\":\"China mould maker,mould making company &amp; manufacturer\",\"description\":\"\",\"publisher\":{\"@id\":\"https:\/\/www.mouldprecision.com\/#organization\"},\"potentialAction\":[{\"@type\":\"SearchAction\",\"target\":{\"@type\":\"EntryPoint\",\"urlTemplate\":\"https:\/\/www.mouldprecision.com\/?s={search_term_string}\"},\"query-input\":{\"@type\":\"PropertyValueSpecification\",\"valueRequired\":true,\"valueName\":\"search_term_string\"}}],\"inLanguage\":\"pt-PT\"},{\"@type\":\"Organization\",\"@id\":\"https:\/\/www.mouldprecision.com\/#organization\",\"name\":\"China mould maker,mould making company &amp; manufacturer\",\"url\":\"https:\/\/www.mouldprecision.com\/\",\"logo\":{\"@type\":\"ImageObject\",\"inLanguage\":\"pt-PT\",\"@id\":\"https:\/\/www.mouldprecision.com\/#\/schema\/logo\/image\/\",\"url\":\"https:\/\/www.mouldprecision.com\/wp-content\/uploads\/2018\/08\/MP-logo.png\",\"contentUrl\":\"https:\/\/www.mouldprecision.com\/wp-content\/uploads\/2018\/08\/MP-logo.png\",\"width\":156,\"height\":59,\"caption\":\"China mould maker,mould making company &amp; manufacturer\"},\"image\":{\"@id\":\"https:\/\/www.mouldprecision.com\/#\/schema\/logo\/image\/\"}}]}<\/script>\n<!-- \/ Yoast SEO plugin. -->","yoast_head_json":{"title":"Empresa | China mould maker,mould making company &amp; manufacturer","description":"Mould Precision Co., Ltd.\u00a0\u00a0\u00e9 um fabricante de moldes de pl\u00e1stico privado em Dongguan China, focanado a fabrica\u00e7\u00e3o de moldes de inje\u00e7\u00e3o de pl\u00e1stico e oferecendo prazo de entrega curto.","robots":{"index":"index","follow":"follow","max-snippet":"max-snippet:-1","max-image-preview":"max-image-preview:large","max-video-preview":"max-video-preview:-1"},"canonical":"https:\/\/www.mouldprecision.com\/pt-pt\/empresa.html","og_locale":"pt_PT","og_type":"article","og_title":"Empresa | China mould maker,mould making company &amp; manufacturer","og_description":"Mould Precision Co., Ltd.\u00a0\u00a0\u00e9 um fabricante de moldes de pl\u00e1stico privado em Dongguan China, focanado a fabrica\u00e7\u00e3o de moldes de inje\u00e7\u00e3o de pl\u00e1stico e oferecendo prazo de entrega curto.","og_url":"https:\/\/www.mouldprecision.com\/pt-pt\/empresa.html","og_site_name":"China mould maker,mould making company &amp; manufacturer","article_modified_time":"2018-10-09T03:01:22+00:00","og_image":[{"width":488,"height":350,"url":"https:\/\/www.mouldprecision.com\/wp-content\/uploads\/2018\/08\/plastic-mould-maker-china.jpg","type":"image\/jpeg"}],"twitter_card":"summary_large_image","twitter_misc":{"Tempo estimado de leitura":"2 minutos"},"schema":{"@context":"https:\/\/schema.org","@graph":[{"@type":"WebPage","@id":"https:\/\/www.mouldprecision.com\/pt-pt\/empresa.html","url":"https:\/\/www.mouldprecision.com\/pt-pt\/empresa.html","name":"Empresa | China mould maker,mould making company &amp; manufacturer","isPartOf":{"@id":"https:\/\/www.mouldprecision.com\/#website"},"primaryImageOfPage":{"@id":"https:\/\/www.mouldprecision.com\/pt-pt\/empresa.html#primaryimage"},"image":{"@id":"https:\/\/www.mouldprecision.com\/pt-pt\/empresa.html#primaryimage"},"thumbnailUrl":"https:\/\/www.mouldprecision.com\/wp-content\/uploads\/2018\/08\/plastic-mould-maker-china.jpg","datePublished":"2018-09-09T07:34:34+00:00","dateModified":"2018-10-09T03:01:22+00:00","description":"Mould Precision Co., Ltd.\u00a0\u00a0\u00e9 um fabricante de moldes de pl\u00e1stico privado em Dongguan China, focanado a fabrica\u00e7\u00e3o de moldes de inje\u00e7\u00e3o de pl\u00e1stico e oferecendo prazo de entrega curto.","breadcrumb":{"@id":"https:\/\/www.mouldprecision.com\/pt-pt\/empresa.html#breadcrumb"},"inLanguage":"pt-PT","potentialAction":[{"@type":"ReadAction","target":["https:\/\/www.mouldprecision.com\/pt-pt\/empresa.html"]}]},{"@type":"ImageObject","inLanguage":"pt-PT","@id":"https:\/\/www.mouldprecision.com\/pt-pt\/empresa.html#primaryimage","url":"https:\/\/www.mouldprecision.com\/wp-content\/uploads\/2018\/08\/plastic-mould-maker-china.jpg","contentUrl":"https:\/\/www.mouldprecision.com\/wp-content\/uploads\/2018\/08\/plastic-mould-maker-china.jpg","width":488,"height":350,"caption":"China mould maker"},{"@type":"BreadcrumbList","@id":"https:\/\/www.mouldprecision.com\/pt-pt\/empresa.html#breadcrumb","itemListElement":[{"@type":"ListItem","position":1,"name":"Home","item":"https:\/\/www.mouldprecision.com\/pt-pt"},{"@type":"ListItem","position":2,"name":"Empresa"}]},{"@type":"WebSite","@id":"https:\/\/www.mouldprecision.com\/#website","url":"https:\/\/www.mouldprecision.com\/","name":"China mould maker,mould making company &amp; manufacturer","description":"","publisher":{"@id":"https:\/\/www.mouldprecision.com\/#organization"},"potentialAction":[{"@type":"SearchAction","target":{"@type":"EntryPoint","urlTemplate":"https:\/\/www.mouldprecision.com\/?s={search_term_string}"},"query-input":{"@type":"PropertyValueSpecification","valueRequired":true,"valueName":"search_term_string"}}],"inLanguage":"pt-PT"},{"@type":"Organization","@id":"https:\/\/www.mouldprecision.com\/#organization","name":"China mould maker,mould making company &amp; manufacturer","url":"https:\/\/www.mouldprecision.com\/","logo":{"@type":"ImageObject","inLanguage":"pt-PT","@id":"https:\/\/www.mouldprecision.com\/#\/schema\/logo\/image\/","url":"https:\/\/www.mouldprecision.com\/wp-content\/uploads\/2018\/08\/MP-logo.png","contentUrl":"https:\/\/www.mouldprecision.com\/wp-content\/uploads\/2018\/08\/MP-logo.png","width":156,"height":59,"caption":"China mould maker,mould making company &amp; manufacturer"},"image":{"@id":"https:\/\/www.mouldprecision.com\/#\/schema\/logo\/image\/"}}]}},"_links":{"self":[{"href":"https:\/\/www.mouldprecision.com\/pt-pt\/wp-json\/wp\/v2\/pages\/4069","targetHints":{"allow":["GET"]}}],"collection":[{"href":"https:\/\/www.mouldprecision.com\/pt-pt\/wp-json\/wp\/v2\/pages"}],"about":[{"href":"https:\/\/www.mouldprecision.com\/pt-pt\/wp-json\/wp\/v2\/types\/page"}],"author":[{"embeddable":true,"href":"https:\/\/www.mouldprecision.com\/pt-pt\/wp-json\/wp\/v2\/users\/2"}],"replies":[{"embeddable":true,"href":"https:\/\/www.mouldprecision.com\/pt-pt\/wp-json\/wp\/v2\/comments?post=4069"}],"version-history":[{"count":0,"href":"https:\/\/www.mouldprecision.com\/pt-pt\/wp-json\/wp\/v2\/pages\/4069\/revisions"}],"wp:featuredmedia":[{"embeddable":true,"href":"https:\/\/www.mouldprecision.com\/pt-pt\/wp-json\/wp\/v2\/media\/2238"}],"wp:attachment":[{"href":"https:\/\/www.mouldprecision.com\/pt-pt\/wp-json\/wp\/v2\/media?parent=4069"}],"curies":[{"name":"wp","href":"https:\/\/api.w.org\/{rel}","templated":true}]}}