{"id":4118,"date":"2018-09-09T09:30:39","date_gmt":"2018-09-09T09:30:39","guid":{"rendered":"https:\/\/www.mouldprecision.com\/?page_id=4118"},"modified":"2018-09-09T09:30:39","modified_gmt":"2018-09-09T09:30:39","slug":"testimonials","status":"publish","type":"page","link":"https:\/\/www.mouldprecision.com\/fr\/testimonials.html","title":{"rendered":"Testimonials"},"content":{"rendered":"\n      <div class=\"tt-testimonials\">\n\n        <div class=\"tt-testimonial-item-main\">\n       \n            \n                    <div class=\"tt-testimonial-item\">\n\n                        <div class=\"tt-testimonial-inner\">\n\n                                                        \n                            <div class=\"tt-testimonial-caption\">\n                                <p>MP fait vraiment du bon travail pour la construction de moules, je les recommande \u00e0 mes amis en tant que fournisseur de moules en Chine.<\/p>\n<!-- Begin Yuzo --><div class='yuzo_related_post style-1'  data-version='5.12.89'><!-- without result --><div class='yuzo_clearfixed yuzo__title yuzo__title'><h5>Related Post<\/h5><\/div>\n<\/div>  <!-- End Yuzo :) -->                            <\/div> \n\n                            <div class=\"tt-testimonial-meta\">\n                                <span class=\"tt-testimonial-title\">Ivan Kekic &#8212; Product Manager(l&#8217;australie)<\/span>\n                            <\/div>\n\n                        <\/div>\n\n                    <\/div>\n\n            \n                    <div class=\"tt-testimonial-item\">\n\n                        <div class=\"tt-testimonial-inner\">\n\n                                                        \n                            <div class=\"tt-testimonial-caption\">\n                                <p>Ils font du bon travail. Nos pi\u00e8ces d&#8217;usinage de pr\u00e9cision sont excellentes. J&#8217;aimerais confier d&#8217;autres projets d&#8217;usinage de pr\u00e9cision \u00e0 MP.<\/p>\n<!-- Begin Yuzo --><div class='yuzo_related_post style-1'  data-version='5.12.89'><!-- without result --><div class='yuzo_clearfixed yuzo__title yuzo__title'><h5>Related Post<\/h5><\/div>\n<\/div>  <!-- End Yuzo :) -->                            <\/div> \n\n                            <div class=\"tt-testimonial-meta\">\n                                <span class=\"tt-testimonial-title\">Anton Dwi Gunarto &#8212; PE(USA)<\/span>\n                            <\/div>\n\n                        <\/div>\n\n                    <\/div>\n\n            \n                    <div class=\"tt-testimonial-item\">\n\n                        <div class=\"tt-testimonial-inner\">\n\n                                                        \n                            <div class=\"tt-testimonial-caption\">\n                                <p>Je recherche une entreprise de fabrication de moules et de moulage en Chine par Google. Je suis court et heureux pour leur professionnalisme, leur qualit\u00e9, leur prix et leur d\u00e9lai de livraison. J&#8217;esp\u00e8re que nous pourrons travailler pour le prochain projet bient\u00f4t.<\/p>\n<!-- Begin Yuzo --><div class='yuzo_related_post style-1'  data-version='5.12.89'><!-- without result --><div class='yuzo_clearfixed yuzo__title yuzo__title'><h5>Related Post<\/h5><\/div>\n<\/div>  <!-- End Yuzo :) -->                            <\/div> \n\n                            <div class=\"tt-testimonial-meta\">\n                                <span class=\"tt-testimonial-title\">Tim Maxwell &#8212; PE(Canada)<\/span>\n                            <\/div>\n\n                        <\/div>\n\n                    <\/div>\n\n            \n                    <div class=\"tt-testimonial-item\">\n\n                        <div class=\"tt-testimonial-inner\">\n\n                                                        \n                            <div class=\"tt-testimonial-caption\">\n                                <p>Lorsque vous recherchez &ldquo;<a class=\"lar-automated-link\" href=\"https:\/\/www.mouldprecision.com\" 3180  target=\"_self\">China mould maker<\/a>(Fabricant de moules en Chine)&rdquo; dans Google. J&rsquo;ai beaucoup de chance de les trouver, bon prix et de bonne qualit&eacute; avec des d&eacute;lais courts. Nous avons une bonne et constante coop&eacute;ration maintenant.<\/p>\n\n<!-- Begin Yuzo --><div class='yuzo_related_post style-1'  data-version='5.12.89'><!-- without result --><div class='yuzo_clearfixed yuzo__title yuzo__title'><h5>Related Post<\/h5><\/div>\n<\/div>  <!-- End Yuzo :) -->                            <\/div> \n\n                            <div class=\"tt-testimonial-meta\">\n                                <span class=\"tt-testimonial-title\">Davide Albiero &#8212; R&#038;D Dept.(l&#8217;italie)<\/span>\n                            <\/div>\n\n                        <\/div>\n\n                    <\/div>\n\n            \n                    <div class=\"tt-testimonial-item\">\n\n                        <div class=\"tt-testimonial-inner\">\n\n                                                        \n                            <div class=\"tt-testimonial-caption\">\n                                <p>C&#8217;est un fabricant de moules professionnel en Chine. Ils se d\u00e9brouillent tr\u00e8s bien pour la conception de moules et la fabrication de moules de haute qualit\u00e9. Notre coop\u00e9ration est heureuse.<\/p>\n<!-- Begin Yuzo --><div class='yuzo_related_post style-1'  data-version='5.12.89'><!-- without result --><div class='yuzo_clearfixed yuzo__title yuzo__title'><h5>Related Post<\/h5><\/div>\n<\/div>  <!-- End Yuzo :) -->                            <\/div> \n\n                            <div class=\"tt-testimonial-meta\">\n                                <span class=\"tt-testimonial-title\">Dieter Herber &#8212; CEO(l&#8217;allemagne)<\/span>\n                            <\/div>\n\n                        <\/div>\n\n                    <\/div>\n\n            \n        <\/div>\n\n      <\/div><!-- .testimonials-widget -->\n\n    \n<!-- Begin Yuzo --><div class='yuzo_related_post style-1'  data-version='5.12.89'><!-- without result --><div class='yuzo_clearfixed yuzo__title yuzo__title'><h5>Related Post<\/h5><\/div>\n<\/div>  <!-- End Yuzo :) -->","protected":false},"excerpt":{"rendered":"<p>Related Post<\/p>\n","protected":false},"author":2,"featured_media":0,"parent":0,"menu_order":0,"comment_status":"closed","ping_status":"closed","template":"templates\/full-width-page.php","meta":{"footnotes":""},"class_list":["post-4118","page","type-page","status-publish","hentry"],"yoast_head":"<!-- This site is optimized with the Yoast SEO plugin v27.2 - https:\/\/yoast.com\/product\/yoast-seo-wordpress\/ -->\n<title>Testimonials | China mould maker,mould making company &amp; manufacturer<\/title>\n<meta name=\"robots\" content=\"index, follow, max-snippet:-1, max-image-preview:large, max-video-preview:-1\" \/>\n<link rel=\"canonical\" href=\"https:\/\/www.mouldprecision.com\/fr\/testimonials.html\" \/>\n<meta property=\"og:locale\" content=\"fr_FR\" \/>\n<meta property=\"og:type\" content=\"article\" \/>\n<meta property=\"og:title\" content=\"Testimonials | China mould maker,mould making company &amp; manufacturer\" \/>\n<meta property=\"og:description\" content=\"Related Post\" \/>\n<meta property=\"og:url\" content=\"https:\/\/www.mouldprecision.com\/fr\/testimonials.html\" \/>\n<meta property=\"og:site_name\" content=\"China mould maker,mould making company &amp; manufacturer\" \/>\n<meta name=\"twitter:card\" content=\"summary_large_image\" \/>\n<script type=\"application\/ld+json\" class=\"yoast-schema-graph\">{\"@context\":\"https:\/\/schema.org\",\"@graph\":[{\"@type\":\"WebPage\",\"@id\":\"https:\/\/www.mouldprecision.com\/fr\/testimonials.html\",\"url\":\"https:\/\/www.mouldprecision.com\/fr\/testimonials.html\",\"name\":\"Testimonials | China mould maker,mould making company &amp; manufacturer\",\"isPartOf\":{\"@id\":\"https:\/\/www.mouldprecision.com\/#website\"},\"datePublished\":\"2018-09-09T09:30:39+00:00\",\"breadcrumb\":{\"@id\":\"https:\/\/www.mouldprecision.com\/fr\/testimonials.html#breadcrumb\"},\"inLanguage\":\"fr-FR\",\"potentialAction\":[{\"@type\":\"ReadAction\",\"target\":[\"https:\/\/www.mouldprecision.com\/fr\/testimonials.html\"]}]},{\"@type\":\"BreadcrumbList\",\"@id\":\"https:\/\/www.mouldprecision.com\/fr\/testimonials.html#breadcrumb\",\"itemListElement\":[{\"@type\":\"ListItem\",\"position\":1,\"name\":\"Home\",\"item\":\"https:\/\/www.mouldprecision.com\/fr\"},{\"@type\":\"ListItem\",\"position\":2,\"name\":\"Testimonials\"}]},{\"@type\":\"WebSite\",\"@id\":\"https:\/\/www.mouldprecision.com\/#website\",\"url\":\"https:\/\/www.mouldprecision.com\/\",\"name\":\"China mould maker,mould making company &amp; manufacturer\",\"description\":\"\",\"publisher\":{\"@id\":\"https:\/\/www.mouldprecision.com\/#organization\"},\"potentialAction\":[{\"@type\":\"SearchAction\",\"target\":{\"@type\":\"EntryPoint\",\"urlTemplate\":\"https:\/\/www.mouldprecision.com\/?s={search_term_string}\"},\"query-input\":{\"@type\":\"PropertyValueSpecification\",\"valueRequired\":true,\"valueName\":\"search_term_string\"}}],\"inLanguage\":\"fr-FR\"},{\"@type\":\"Organization\",\"@id\":\"https:\/\/www.mouldprecision.com\/#organization\",\"name\":\"China mould maker,mould making company &amp; manufacturer\",\"url\":\"https:\/\/www.mouldprecision.com\/\",\"logo\":{\"@type\":\"ImageObject\",\"inLanguage\":\"fr-FR\",\"@id\":\"https:\/\/www.mouldprecision.com\/#\/schema\/logo\/image\/\",\"url\":\"https:\/\/www.mouldprecision.com\/wp-content\/uploads\/2018\/08\/MP-logo.png\",\"contentUrl\":\"https:\/\/www.mouldprecision.com\/wp-content\/uploads\/2018\/08\/MP-logo.png\",\"width\":156,\"height\":59,\"caption\":\"China mould maker,mould making company &amp; manufacturer\"},\"image\":{\"@id\":\"https:\/\/www.mouldprecision.com\/#\/schema\/logo\/image\/\"}}]}<\/script>\n<!-- \/ Yoast SEO plugin. -->","yoast_head_json":{"title":"Testimonials | China mould maker,mould making company &amp; manufacturer","robots":{"index":"index","follow":"follow","max-snippet":"max-snippet:-1","max-image-preview":"max-image-preview:large","max-video-preview":"max-video-preview:-1"},"canonical":"https:\/\/www.mouldprecision.com\/fr\/testimonials.html","og_locale":"fr_FR","og_type":"article","og_title":"Testimonials | China mould maker,mould making company &amp; manufacturer","og_description":"Related Post","og_url":"https:\/\/www.mouldprecision.com\/fr\/testimonials.html","og_site_name":"China mould maker,mould making company &amp; manufacturer","twitter_card":"summary_large_image","schema":{"@context":"https:\/\/schema.org","@graph":[{"@type":"WebPage","@id":"https:\/\/www.mouldprecision.com\/fr\/testimonials.html","url":"https:\/\/www.mouldprecision.com\/fr\/testimonials.html","name":"Testimonials | China mould maker,mould making company &amp; manufacturer","isPartOf":{"@id":"https:\/\/www.mouldprecision.com\/#website"},"datePublished":"2018-09-09T09:30:39+00:00","breadcrumb":{"@id":"https:\/\/www.mouldprecision.com\/fr\/testimonials.html#breadcrumb"},"inLanguage":"fr-FR","potentialAction":[{"@type":"ReadAction","target":["https:\/\/www.mouldprecision.com\/fr\/testimonials.html"]}]},{"@type":"BreadcrumbList","@id":"https:\/\/www.mouldprecision.com\/fr\/testimonials.html#breadcrumb","itemListElement":[{"@type":"ListItem","position":1,"name":"Home","item":"https:\/\/www.mouldprecision.com\/fr"},{"@type":"ListItem","position":2,"name":"Testimonials"}]},{"@type":"WebSite","@id":"https:\/\/www.mouldprecision.com\/#website","url":"https:\/\/www.mouldprecision.com\/","name":"China mould maker,mould making company &amp; manufacturer","description":"","publisher":{"@id":"https:\/\/www.mouldprecision.com\/#organization"},"potentialAction":[{"@type":"SearchAction","target":{"@type":"EntryPoint","urlTemplate":"https:\/\/www.mouldprecision.com\/?s={search_term_string}"},"query-input":{"@type":"PropertyValueSpecification","valueRequired":true,"valueName":"search_term_string"}}],"inLanguage":"fr-FR"},{"@type":"Organization","@id":"https:\/\/www.mouldprecision.com\/#organization","name":"China mould maker,mould making company &amp; manufacturer","url":"https:\/\/www.mouldprecision.com\/","logo":{"@type":"ImageObject","inLanguage":"fr-FR","@id":"https:\/\/www.mouldprecision.com\/#\/schema\/logo\/image\/","url":"https:\/\/www.mouldprecision.com\/wp-content\/uploads\/2018\/08\/MP-logo.png","contentUrl":"https:\/\/www.mouldprecision.com\/wp-content\/uploads\/2018\/08\/MP-logo.png","width":156,"height":59,"caption":"China mould maker,mould making company &amp; manufacturer"},"image":{"@id":"https:\/\/www.mouldprecision.com\/#\/schema\/logo\/image\/"}}]}},"_links":{"self":[{"href":"https:\/\/www.mouldprecision.com\/fr\/wp-json\/wp\/v2\/pages\/4118","targetHints":{"allow":["GET"]}}],"collection":[{"href":"https:\/\/www.mouldprecision.com\/fr\/wp-json\/wp\/v2\/pages"}],"about":[{"href":"https:\/\/www.mouldprecision.com\/fr\/wp-json\/wp\/v2\/types\/page"}],"author":[{"embeddable":true,"href":"https:\/\/www.mouldprecision.com\/fr\/wp-json\/wp\/v2\/users\/2"}],"replies":[{"embeddable":true,"href":"https:\/\/www.mouldprecision.com\/fr\/wp-json\/wp\/v2\/comments?post=4118"}],"version-history":[{"count":0,"href":"https:\/\/www.mouldprecision.com\/fr\/wp-json\/wp\/v2\/pages\/4118\/revisions"}],"wp:attachment":[{"href":"https:\/\/www.mouldprecision.com\/fr\/wp-json\/wp\/v2\/media?parent=4118"}],"curies":[{"name":"wp","href":"https:\/\/api.w.org\/{rel}","templated":true}]}}