{"id":4042,"date":"2018-09-09T02:24:11","date_gmt":"2018-09-09T02:24:11","guid":{"rendered":"https:\/\/www.mouldprecision.com\/?page_id=4042"},"modified":"2018-09-09T09:49:05","modified_gmt":"2018-09-09T09:49:05","slug":"services","status":"publish","type":"page","link":"https:\/\/www.mouldprecision.com\/fr\/services.html","title":{"rendered":"Services"},"content":{"rendered":"<div id=\"pl-4042\"  class=\"panel-layout\" >\n<div id=\"pg-4042-0\"  class=\"panel-grid panel-no-style\" >\n<div id=\"pgc-4042-0-0\"  class=\"panel-grid-cell\"  data-weight=\"1\" >\n<div id=\"panel-4042-0-0-0\" class=\"so-panel widget widget_business-kit-features business-kit-features features-section panel-first-child panel-last-child\" data-index=\"0\" data-style=\"{&quot;background_image_attachment&quot;:false,&quot;background_display&quot;:&quot;tile&quot;}\" >\n\t\t\t<div class=\"features-holder\">\n\n\t\t\t\t\n\t\t\t\t\t<div class=\"section-title\">\n\n\t\t\t\t        <h3 class=\"widget-title\">Services:<\/h3>\n\t\t\t        <\/div>\n\t\t        \t\t        \n\t\t\t\t<div class=\"features-wrapper\">\n\t\t\t\t\t\n\t\t\t\t\t\n\t\t\t\t\t\t\t\t\t\t\t\t\t\t\t\t\t\t\t\t\n\t\t\t\t\t\t\t\t<div class=\"inner-wrapper\">\n\n\t\t\t\t\t\t\t\t\t\t\t\t\t\t\t\t\t\t\t\n\t\t\t\t\t\t\t\t\t\t<div class=\"features-item\">\n\n\t\t\t\t\t\t\t\t\t\t    <div class=\"features-inner\">\n\n\t\t\t\t\t\t\t\t\t\t        <div class=\"feature-icon\">\n\t\t\t\t\t\t\t\t\t\t            <span class=\"icon-lightbulb\"><\/span>\n\t\t\t\t\t\t\t\t\t\t        <\/div> <!-- .feature-icon -->\n\n\t\t\t\t\t\t\t\t\t\t        <div class=\"features-text-wrap\">\n\t\t\t\t\t\t\t\t\t\t            \n\t\t\t\t\t\t\t\t\t            \t\n\t\t\t\t\t\t\t\t\t\t            <h2><a href=\"https:\/\/www.mouldprecision.com\/fr\/services\/moule-conception.html\">Moules Conception<\/a><\/h2>\n\n\t\t\t\t\t\t\t\t\t\t              \t<p>Un bon design de moule est la moiti\u00e9 du succ\u00e8s d'un moule de haute qualit\u00e9. Nos ing\u00e9nieurs mold mold intelligence, vous offriront DFM, Moldflow, 2D Mold Layout et 3D Mold Drawing, ils sont qualifi\u00e9s et riches...<\/p>\n\t\t\t\t\t\t\t\t\t\t        <\/div>\n\n\t\t\t\t\t\t\t\t\t\t    <\/div> <!-- .features-inner -->\n\n\t\t\t\t\t\t\t\t\t\t<\/div> <!-- .features-item -->\n\n\t\t\t\t\t\t\t\t\t\t\t\t\t\t\t\t\t\t\t\n\t\t\t\t\t\t\t\t\t\t<div class=\"features-item\">\n\n\t\t\t\t\t\t\t\t\t\t    <div class=\"features-inner\">\n\n\t\t\t\t\t\t\t\t\t\t        <div class=\"feature-icon\">\n\t\t\t\t\t\t\t\t\t\t            <span class=\"icon-tools-2\"><\/span>\n\t\t\t\t\t\t\t\t\t\t        <\/div> <!-- .feature-icon -->\n\n\t\t\t\t\t\t\t\t\t\t        <div class=\"features-text-wrap\">\n\t\t\t\t\t\t\t\t\t\t            \n\t\t\t\t\t\t\t\t\t            \t\n\t\t\t\t\t\t\t\t\t\t            <h2><a href=\"https:\/\/www.mouldprecision.com\/fr\/services\/moules-fabrication.html\">Moules Fabrication<\/a><\/h2>\n\n\t\t\t\t\t\t\t\t\t\t              \t<p>Fabrication de moules en Chine, exportation de moules vers l'Europe et l'Am\u00e9rique. Nous avons une riche exp\u00e9rience dans le service de fabrication de moules d'injection plastique, avec les normes LKM, HASCO ou DME, et la sp\u00e9cification...<\/p>\n\t\t\t\t\t\t\t\t\t\t        <\/div>\n\n\t\t\t\t\t\t\t\t\t\t    <\/div> <!-- .features-inner -->\n\n\t\t\t\t\t\t\t\t\t\t<\/div> <!-- .features-item -->\n\n\t\t\t\t\t\t\t\t\t\t\t\t\t\t\t\t\t\t\t\n\t\t\t\t\t\t\t\t\t\t<div class=\"features-item\">\n\n\t\t\t\t\t\t\t\t\t\t    <div class=\"features-inner\">\n\n\t\t\t\t\t\t\t\t\t\t        <div class=\"feature-icon\">\n\t\t\t\t\t\t\t\t\t\t            <span class=\"icon-aperture\"><\/span>\n\t\t\t\t\t\t\t\t\t\t        <\/div> <!-- .feature-icon -->\n\n\t\t\t\t\t\t\t\t\t\t        <div class=\"features-text-wrap\">\n\t\t\t\t\t\t\t\t\t\t            \n\t\t\t\t\t\t\t\t\t            \t\n\t\t\t\t\t\t\t\t\t\t            <h2><a href=\"https:\/\/www.mouldprecision.com\/fr\/services\/plastique-moulage.html\">Plastique moulage<\/a><\/h2>\n\n\t\t\t\t\t\t\t\t\t\t              \t<p>Service de moulage de plastique : Nous offrons des services de moulage de plastique sur mesure, n'importe quelle quantit\u00e9 est la bienvenue, et la capacit\u00e9 est de 60 \u00e0 1800 tonnes. Vous obtiendrez un produit de...<\/p>\n\t\t\t\t\t\t\t\t\t\t        <\/div>\n\n\t\t\t\t\t\t\t\t\t\t    <\/div> <!-- .features-inner -->\n\n\t\t\t\t\t\t\t\t\t\t<\/div> <!-- .features-item -->\n\n\t\t\t\t\t\t\t\t\t\t\t\t\t\t\t\t\t\t\t\n\t\t\t\t\t\t\t\t\t\t<div class=\"features-item\">\n\n\t\t\t\t\t\t\t\t\t\t    <div class=\"features-inner\">\n\n\t\t\t\t\t\t\t\t\t\t        <div class=\"feature-icon\">\n\t\t\t\t\t\t\t\t\t\t            <span class=\"icon-pencil\"><\/span>\n\t\t\t\t\t\t\t\t\t\t        <\/div> <!-- .feature-icon -->\n\n\t\t\t\t\t\t\t\t\t\t        <div class=\"features-text-wrap\">\n\t\t\t\t\t\t\t\t\t\t            \n\t\t\t\t\t\t\t\t\t            \t\n\t\t\t\t\t\t\t\t\t\t            <h2><a href=\"https:\/\/www.mouldprecision.com\/fr\/faq.html\">FAQ<\/a><\/h2>\n\n\t\t\t\t\t\t\t\t\t\t              \t<p>FAQ - Foire aux questions Quel est le service que vous offrez ? Fabrication de moules d'injection plastique, moulage par injection plastique et usinage de pr\u00e9cision. Quel est le produit principal que vous fabriquez ? Moule...<\/p>\n\t\t\t\t\t\t\t\t\t\t        <\/div>\n\n\t\t\t\t\t\t\t\t\t\t    <\/div> <!-- .features-inner -->\n\n\t\t\t\t\t\t\t\t\t\t<\/div> <!-- .features-item -->\n\n\t\t\t\t\t\t\t\t\t\t\t\t\t\t\t\t\t\t\t\n\t\t\t\t\t\t\t\t\t\t<div class=\"features-item\">\n\n\t\t\t\t\t\t\t\t\t\t    <div class=\"features-inner\">\n\n\t\t\t\t\t\t\t\t\t\t        <div class=\"feature-icon\">\n\t\t\t\t\t\t\t\t\t\t            <span class=\"icon-presentation\"><\/span>\n\t\t\t\t\t\t\t\t\t\t        <\/div> <!-- .feature-icon -->\n\n\t\t\t\t\t\t\t\t\t\t        <div class=\"features-text-wrap\">\n\t\t\t\t\t\t\t\t\t\t            \n\t\t\t\t\t\t\t\t\t            \t\n\t\t\t\t\t\t\t\t\t\t            <h2><a href=\"https:\/\/www.mouldprecision.com\/fr\/services\/projet-procedure.html\">Projet proc\u00e9dure<\/a><\/h2>\n\n\t\t\t\t\t\t\t\t\t\t              \t<p>Proc\u00e9dure du projet La bonne solution et le bon syst\u00e8me pourraient le rendre facile et lisse. Le projet commence lorsque nous recevons votre demande de prix. Nous vous proposons un devis apr\u00e8s confirmation des informations de...<\/p>\n\t\t\t\t\t\t\t\t\t\t        <\/div>\n\n\t\t\t\t\t\t\t\t\t\t    <\/div> <!-- .features-inner -->\n\n\t\t\t\t\t\t\t\t\t\t<\/div> <!-- .features-item -->\n\n\t\t\t\t\t\t\t\t\t\t\t\t\t\t\t\t\t\t\t\n\t\t\t\t\t\t\t\t\t\t<div class=\"features-item\">\n\n\t\t\t\t\t\t\t\t\t\t    <div class=\"features-inner\">\n\n\t\t\t\t\t\t\t\t\t\t        <div class=\"feature-icon\">\n\t\t\t\t\t\t\t\t\t\t            <span class=\"icon-magnifying-glass\"><\/span>\n\t\t\t\t\t\t\t\t\t\t        <\/div> <!-- .feature-icon -->\n\n\t\t\t\t\t\t\t\t\t\t        <div class=\"features-text-wrap\">\n\t\t\t\t\t\t\t\t\t\t            \n\t\t\t\t\t\t\t\t\t            \t\n\t\t\t\t\t\t\t\t\t\t            <h2><a href=\"https:\/\/www.mouldprecision.com\/fr\/qualite-controle.html\">Qualit\u00e9 Contr\u00f4le<\/a><\/h2>\n\n\t\t\t\t\t\t\t\t\t\t              \t<p>Nous suivons la gestion du PDCA. C'est une bonne solution et un bon syst\u00e8me pour la fabrication de moules normaux et urgente.\u00a0Nous offrons un rapport hebdomadaire pour le contr\u00f4le de la qualit\u00e9 de la fabrication des...<\/p>\n\t\t\t\t\t\t\t\t\t\t        <\/div>\n\n\t\t\t\t\t\t\t\t\t\t    <\/div> <!-- .features-inner -->\n\n\t\t\t\t\t\t\t\t\t\t<\/div> <!-- .features-item -->\n\n\t\t\t\t\t\t\t\t\t\n\t\t\t\t\t\t\t\t<\/div><!-- .inner-wrapper -->\n\n\t\t\t\t\t\t\t\n\t\t\t\t\t\t\n\t\t\t\t<\/div><!-- .features-wrapper -->\n\n\t\t\t<\/div>\n\n\t\t\t<\/div>\n<\/div>\n<\/div>\n<\/div>\n<!-- Begin Yuzo --><div class='yuzo_related_post style-1'  data-version='5.12.89'><!-- without result --><div class='yuzo_clearfixed yuzo__title yuzo__title'><h5>Related Post<\/h5><\/div>\n<\/div>  <!-- End Yuzo :) -->","protected":false},"excerpt":{"rendered":"<p>Related Post<\/p>\n","protected":false},"author":2,"featured_media":0,"parent":0,"menu_order":0,"comment_status":"closed","ping_status":"closed","template":"templates\/full-width-page.php","meta":{"footnotes":""},"class_list":["post-4042","page","type-page","status-publish","hentry"],"yoast_head":"<!-- This site is optimized with the Yoast SEO plugin v27.2 - https:\/\/yoast.com\/product\/yoast-seo-wordpress\/ -->\n<title>Services | China mould maker,mould making company &amp; manufacturer<\/title>\n<meta name=\"robots\" content=\"index, follow, max-snippet:-1, max-image-preview:large, max-video-preview:-1\" \/>\n<link rel=\"canonical\" href=\"https:\/\/www.mouldprecision.com\/fr\/services.html\" \/>\n<meta property=\"og:locale\" content=\"fr_FR\" \/>\n<meta property=\"og:type\" content=\"article\" \/>\n<meta property=\"og:title\" content=\"Services | China mould maker,mould making company &amp; manufacturer\" \/>\n<meta property=\"og:description\" content=\"Related Post\" \/>\n<meta property=\"og:url\" content=\"https:\/\/www.mouldprecision.com\/fr\/services.html\" \/>\n<meta property=\"og:site_name\" content=\"China mould maker,mould making company &amp; manufacturer\" \/>\n<meta property=\"article:modified_time\" content=\"2018-09-09T09:49:05+00:00\" \/>\n<meta name=\"twitter:card\" content=\"summary_large_image\" \/>\n<script type=\"application\/ld+json\" class=\"yoast-schema-graph\">{\"@context\":\"https:\/\/schema.org\",\"@graph\":[{\"@type\":\"WebPage\",\"@id\":\"https:\/\/www.mouldprecision.com\/fr\/services.html\",\"url\":\"https:\/\/www.mouldprecision.com\/fr\/services.html\",\"name\":\"Services | China mould maker,mould making company &amp; manufacturer\",\"isPartOf\":{\"@id\":\"https:\/\/www.mouldprecision.com\/#website\"},\"datePublished\":\"2018-09-09T02:24:11+00:00\",\"dateModified\":\"2018-09-09T09:49:05+00:00\",\"breadcrumb\":{\"@id\":\"https:\/\/www.mouldprecision.com\/fr\/services.html#breadcrumb\"},\"inLanguage\":\"fr-FR\",\"potentialAction\":[{\"@type\":\"ReadAction\",\"target\":[\"https:\/\/www.mouldprecision.com\/fr\/services.html\"]}]},{\"@type\":\"BreadcrumbList\",\"@id\":\"https:\/\/www.mouldprecision.com\/fr\/services.html#breadcrumb\",\"itemListElement\":[{\"@type\":\"ListItem\",\"position\":1,\"name\":\"Home\",\"item\":\"https:\/\/www.mouldprecision.com\/fr\"},{\"@type\":\"ListItem\",\"position\":2,\"name\":\"Services\"}]},{\"@type\":\"WebSite\",\"@id\":\"https:\/\/www.mouldprecision.com\/#website\",\"url\":\"https:\/\/www.mouldprecision.com\/\",\"name\":\"China mould maker,mould making company &amp; manufacturer\",\"description\":\"\",\"publisher\":{\"@id\":\"https:\/\/www.mouldprecision.com\/#organization\"},\"potentialAction\":[{\"@type\":\"SearchAction\",\"target\":{\"@type\":\"EntryPoint\",\"urlTemplate\":\"https:\/\/www.mouldprecision.com\/?s={search_term_string}\"},\"query-input\":{\"@type\":\"PropertyValueSpecification\",\"valueRequired\":true,\"valueName\":\"search_term_string\"}}],\"inLanguage\":\"fr-FR\"},{\"@type\":\"Organization\",\"@id\":\"https:\/\/www.mouldprecision.com\/#organization\",\"name\":\"China mould maker,mould making company &amp; manufacturer\",\"url\":\"https:\/\/www.mouldprecision.com\/\",\"logo\":{\"@type\":\"ImageObject\",\"inLanguage\":\"fr-FR\",\"@id\":\"https:\/\/www.mouldprecision.com\/#\/schema\/logo\/image\/\",\"url\":\"https:\/\/www.mouldprecision.com\/wp-content\/uploads\/2018\/08\/MP-logo.png\",\"contentUrl\":\"https:\/\/www.mouldprecision.com\/wp-content\/uploads\/2018\/08\/MP-logo.png\",\"width\":156,\"height\":59,\"caption\":\"China mould maker,mould making company &amp; manufacturer\"},\"image\":{\"@id\":\"https:\/\/www.mouldprecision.com\/#\/schema\/logo\/image\/\"}}]}<\/script>\n<!-- \/ Yoast SEO plugin. -->","yoast_head_json":{"title":"Services | China mould maker,mould making company &amp; manufacturer","robots":{"index":"index","follow":"follow","max-snippet":"max-snippet:-1","max-image-preview":"max-image-preview:large","max-video-preview":"max-video-preview:-1"},"canonical":"https:\/\/www.mouldprecision.com\/fr\/services.html","og_locale":"fr_FR","og_type":"article","og_title":"Services | China mould maker,mould making company &amp; manufacturer","og_description":"Related Post","og_url":"https:\/\/www.mouldprecision.com\/fr\/services.html","og_site_name":"China mould maker,mould making company &amp; manufacturer","article_modified_time":"2018-09-09T09:49:05+00:00","twitter_card":"summary_large_image","schema":{"@context":"https:\/\/schema.org","@graph":[{"@type":"WebPage","@id":"https:\/\/www.mouldprecision.com\/fr\/services.html","url":"https:\/\/www.mouldprecision.com\/fr\/services.html","name":"Services | China mould maker,mould making company &amp; manufacturer","isPartOf":{"@id":"https:\/\/www.mouldprecision.com\/#website"},"datePublished":"2018-09-09T02:24:11+00:00","dateModified":"2018-09-09T09:49:05+00:00","breadcrumb":{"@id":"https:\/\/www.mouldprecision.com\/fr\/services.html#breadcrumb"},"inLanguage":"fr-FR","potentialAction":[{"@type":"ReadAction","target":["https:\/\/www.mouldprecision.com\/fr\/services.html"]}]},{"@type":"BreadcrumbList","@id":"https:\/\/www.mouldprecision.com\/fr\/services.html#breadcrumb","itemListElement":[{"@type":"ListItem","position":1,"name":"Home","item":"https:\/\/www.mouldprecision.com\/fr"},{"@type":"ListItem","position":2,"name":"Services"}]},{"@type":"WebSite","@id":"https:\/\/www.mouldprecision.com\/#website","url":"https:\/\/www.mouldprecision.com\/","name":"China mould maker,mould making company &amp; manufacturer","description":"","publisher":{"@id":"https:\/\/www.mouldprecision.com\/#organization"},"potentialAction":[{"@type":"SearchAction","target":{"@type":"EntryPoint","urlTemplate":"https:\/\/www.mouldprecision.com\/?s={search_term_string}"},"query-input":{"@type":"PropertyValueSpecification","valueRequired":true,"valueName":"search_term_string"}}],"inLanguage":"fr-FR"},{"@type":"Organization","@id":"https:\/\/www.mouldprecision.com\/#organization","name":"China mould maker,mould making company &amp; manufacturer","url":"https:\/\/www.mouldprecision.com\/","logo":{"@type":"ImageObject","inLanguage":"fr-FR","@id":"https:\/\/www.mouldprecision.com\/#\/schema\/logo\/image\/","url":"https:\/\/www.mouldprecision.com\/wp-content\/uploads\/2018\/08\/MP-logo.png","contentUrl":"https:\/\/www.mouldprecision.com\/wp-content\/uploads\/2018\/08\/MP-logo.png","width":156,"height":59,"caption":"China mould maker,mould making company &amp; manufacturer"},"image":{"@id":"https:\/\/www.mouldprecision.com\/#\/schema\/logo\/image\/"}}]}},"_links":{"self":[{"href":"https:\/\/www.mouldprecision.com\/fr\/wp-json\/wp\/v2\/pages\/4042","targetHints":{"allow":["GET"]}}],"collection":[{"href":"https:\/\/www.mouldprecision.com\/fr\/wp-json\/wp\/v2\/pages"}],"about":[{"href":"https:\/\/www.mouldprecision.com\/fr\/wp-json\/wp\/v2\/types\/page"}],"author":[{"embeddable":true,"href":"https:\/\/www.mouldprecision.com\/fr\/wp-json\/wp\/v2\/users\/2"}],"replies":[{"embeddable":true,"href":"https:\/\/www.mouldprecision.com\/fr\/wp-json\/wp\/v2\/comments?post=4042"}],"version-history":[{"count":0,"href":"https:\/\/www.mouldprecision.com\/fr\/wp-json\/wp\/v2\/pages\/4042\/revisions"}],"wp:attachment":[{"href":"https:\/\/www.mouldprecision.com\/fr\/wp-json\/wp\/v2\/media?parent=4042"}],"curies":[{"name":"wp","href":"https:\/\/api.w.org\/{rel}","templated":true}]}}