{"id":4026,"date":"2018-09-09T02:07:38","date_gmt":"2018-09-09T02:07:38","guid":{"rendered":"https:\/\/www.mouldprecision.com\/?page_id=4026"},"modified":"2018-09-09T07:07:22","modified_gmt":"2018-09-09T07:07:22","slug":"professional-moules-fabricant","status":"publish","type":"page","link":"https:\/\/www.mouldprecision.com\/fr\/slider\/professional-moules-fabricant.html","title":{"rendered":"Professional moules fabricant"},"content":{"rendered":"<p>Mould Precision Co. est un <a href=\"https:\/\/www.mouldprecision.com\/fr\/entreprise.html\">fabricant professionnel de moules en plastique<\/a>, avec plus de 10 ans d&#8217;exp\u00e9rience dans la conception et la fabrication de moules, et exporte des milliers de moules d&#8217;injection plastique dans le monde entier.<\/p>\n<h1>Service professionnel:<\/h1>\n<p>Le vrai probl\u00e8me de faire des affaires avec le fabricant de moules en Chine est que, la vente de l&#8217;anglais est bon mais mauvais en technologie, l&#8217;ing\u00e9nieur est bon pour la technologie mais mauvais pour l&#8217;anglais non plus. Vous devez payer beaucoup de frais avec une grande usine, et payer beaucoup plus de temps avec une petite.<\/p>\n<p>Ce n&#8217;est pas un probl\u00e8me pour nous. Tout notre personnel travaille dans une grande usine avant, nous avons form\u00e9 \u00e0 la fois pour les ventes et l&#8217;ing\u00e9nierie.<\/p>\n<p>De RFQ, PLACE ORDER, MOLD DESIGN, MOLD MANUFACTURING, WEEKLY REPORT, MOLD TRIAL \u00e0 SHIPPING, il est lisse et heureux. En tant que producteur professionnel de moules en Chine, Easy est simple. La simplicit\u00e9, c&#8217;est le succ\u00e8s !<\/p>\n<p>En un mot, la fabrication de moules est une affaire d&#8217;exp\u00e9rience, quelle que soit la conception de moules, la fabrication de moules ou l&#8217;exp\u00e9dition.<\/p>\n<h2>Pour les d\u00e9veloppeurs de produits :<\/h2>\n<p>Vous obtiendrez la <em><strong>meilleure solution<\/strong> <\/em>pour le prototypage, le type de fabrication de moules et la production de moulage.<\/p>\n<h2>Pour le n\u00e9gociant en moules :<\/h2>\n<p>Nous vous offrirons un <strong>meilleur prix, une bonne qualit\u00e9<\/strong> et des d\u00e9lais courts pour la fabrication de moules.<\/p>\n<style type=\"text\/css\">\n#foogallery-gallery-3726 .fg-image { width: 255px; }\n#foogallery-gallery-3726 { --fg-gutter: 10px; }<\/style>\n\t\t\t<style type=\"text\/css\">\n#foogallery-gallery-3726_1 .fg-image { width: 255px; }\n#foogallery-gallery-3726_1 { --fg-gutter: 10px; }<\/style>\n\t\t\t<div class=\"foogallery foogallery-container foogallery-default foogallery-lightbox-foobox fg-center fg-default fg-ready fg-light fg-loaded-fade-in fg-hover-fade\" id=\"foogallery-gallery-3726_1\" data-foogallery=\"{&quot;item&quot;:{&quot;showCaptionTitle&quot;:true,&quot;showCaptionDescription&quot;:false},&quot;lazy&quot;:true}\" style=\"--fg-title-line-clamp: 0; --fg-description-line-clamp: 0;\" >\n\t<div class=\"fg-item fg-type-image fg-idle\"><figure class=\"fg-item-inner\"><a href=\"https:\/\/www.mouldprecision.com\/wp-content\/uploads\/2018\/09\/part116.jpg\" data-caption-title=\"part116\" data-attachment-id=\"5060\" data-type=\"image\" class=\"fg-thumb\"><span class=\"fg-image-wrap\"><img fetchpriority=\"high\" decoding=\"async\" width=\"255\" height=\"200\" class=\"skip-lazy fg-image\" data-src-fg=\"https:\/\/www.mouldprecision.com\/wp-content\/uploads\/cache\/2018\/09\/part116\/3801455083.jpg\" src=\"data:image\/svg+xml,%3Csvg%20xmlns%3D%22http%3A%2F%2Fwww.w3.org%2F2000%2Fsvg%22%20width%3D%22255%22%20height%3D%22200%22%20viewBox%3D%220%200%20255%20200%22%3E%3C%2Fsvg%3E\" loading=\"eager\"><\/span><span class=\"fg-image-overlay\"><\/span><\/a><figcaption class=\"fg-caption\"><div class=\"fg-caption-inner\"><div class=\"fg-caption-title\">part116<\/div><\/div><\/figcaption><\/figure><div class=\"fg-loader\"><\/div><\/div><div class=\"fg-item fg-type-image fg-idle\"><figure class=\"fg-item-inner\"><a href=\"https:\/\/www.mouldprecision.com\/wp-content\/uploads\/2018\/09\/mold-design116.jpg\" data-caption-title=\"mold-design116\" data-attachment-id=\"5058\" data-type=\"image\" class=\"fg-thumb\"><span class=\"fg-image-wrap\"><img decoding=\"async\" width=\"255\" height=\"200\" class=\"skip-lazy fg-image\" data-src-fg=\"https:\/\/www.mouldprecision.com\/wp-content\/uploads\/cache\/2018\/09\/mold-design116\/508853380.jpg\" src=\"data:image\/svg+xml,%3Csvg%20xmlns%3D%22http%3A%2F%2Fwww.w3.org%2F2000%2Fsvg%22%20width%3D%22255%22%20height%3D%22200%22%20viewBox%3D%220%200%20255%20200%22%3E%3C%2Fsvg%3E\" loading=\"eager\"><\/span><span class=\"fg-image-overlay\"><\/span><\/a><figcaption class=\"fg-caption\"><div class=\"fg-caption-inner\"><div class=\"fg-caption-title\">mold-design116<\/div><\/div><\/figcaption><\/figure><div class=\"fg-loader\"><\/div><\/div><div class=\"fg-item fg-type-image fg-idle\"><figure class=\"fg-item-inner\"><a href=\"https:\/\/www.mouldprecision.com\/wp-content\/uploads\/2018\/09\/3D-mold116.jpg\" data-caption-title=\"3D-mold116\" data-attachment-id=\"5056\" data-type=\"image\" class=\"fg-thumb\"><span class=\"fg-image-wrap\"><img decoding=\"async\" width=\"255\" height=\"200\" class=\"skip-lazy fg-image\" data-src-fg=\"https:\/\/www.mouldprecision.com\/wp-content\/uploads\/cache\/2018\/09\/3D-mold116\/813648272.jpg\" src=\"data:image\/svg+xml,%3Csvg%20xmlns%3D%22http%3A%2F%2Fwww.w3.org%2F2000%2Fsvg%22%20width%3D%22255%22%20height%3D%22200%22%20viewBox%3D%220%200%20255%20200%22%3E%3C%2Fsvg%3E\" loading=\"eager\"><\/span><span class=\"fg-image-overlay\"><\/span><\/a><figcaption class=\"fg-caption\"><div class=\"fg-caption-inner\"><div class=\"fg-caption-title\">3D-mold116<\/div><\/div><\/figcaption><\/figure><div class=\"fg-loader\"><\/div><\/div><div class=\"fg-item fg-type-image fg-idle\"><figure class=\"fg-item-inner\"><a href=\"https:\/\/www.mouldprecision.com\/wp-content\/uploads\/2018\/09\/part-sample116.jpg\" data-caption-title=\"part-sample116\" data-attachment-id=\"5061\" data-type=\"image\" class=\"fg-thumb\"><span class=\"fg-image-wrap\"><img decoding=\"async\" width=\"255\" height=\"200\" class=\"skip-lazy fg-image\" data-src-fg=\"https:\/\/www.mouldprecision.com\/wp-content\/uploads\/cache\/2018\/09\/part-sample116\/1585803592.jpg\" src=\"data:image\/svg+xml,%3Csvg%20xmlns%3D%22http%3A%2F%2Fwww.w3.org%2F2000%2Fsvg%22%20width%3D%22255%22%20height%3D%22200%22%20viewBox%3D%220%200%20255%20200%22%3E%3C%2Fsvg%3E\" loading=\"eager\"><\/span><span class=\"fg-image-overlay\"><\/span><\/a><figcaption class=\"fg-caption\"><div class=\"fg-caption-inner\"><div class=\"fg-caption-title\">part-sample116<\/div><\/div><\/figcaption><\/figure><div class=\"fg-loader\"><\/div><\/div><div class=\"fg-item fg-type-image fg-idle\"><figure class=\"fg-item-inner\"><a href=\"https:\/\/www.mouldprecision.com\/wp-content\/uploads\/2018\/09\/mold116.jpg\" data-caption-title=\"mold116\" data-attachment-id=\"5057\" data-type=\"image\" class=\"fg-thumb\"><span class=\"fg-image-wrap\"><img decoding=\"async\" width=\"255\" height=\"200\" class=\"skip-lazy fg-image\" data-src-fg=\"https:\/\/www.mouldprecision.com\/wp-content\/uploads\/cache\/2018\/09\/mold116\/395202434.jpg\" src=\"data:image\/svg+xml,%3Csvg%20xmlns%3D%22http%3A%2F%2Fwww.w3.org%2F2000%2Fsvg%22%20width%3D%22255%22%20height%3D%22200%22%20viewBox%3D%220%200%20255%20200%22%3E%3C%2Fsvg%3E\" loading=\"eager\"><\/span><span class=\"fg-image-overlay\"><\/span><\/a><figcaption class=\"fg-caption\"><div class=\"fg-caption-inner\"><div class=\"fg-caption-title\">mold116<\/div><\/div><\/figcaption><\/figure><div class=\"fg-loader\"><\/div><\/div><div class=\"fg-item fg-type-image fg-idle\"><figure class=\"fg-item-inner\"><a href=\"https:\/\/www.mouldprecision.com\/wp-content\/uploads\/2018\/09\/mold-pack116.jpg\" data-caption-title=\"mold-pack116\" data-attachment-id=\"5059\" data-type=\"image\" class=\"fg-thumb\"><span class=\"fg-image-wrap\"><img decoding=\"async\" width=\"255\" height=\"200\" class=\"skip-lazy fg-image\" data-src-fg=\"https:\/\/www.mouldprecision.com\/wp-content\/uploads\/cache\/2018\/09\/mold-pack116\/1778120646.jpg\" src=\"data:image\/svg+xml,%3Csvg%20xmlns%3D%22http%3A%2F%2Fwww.w3.org%2F2000%2Fsvg%22%20width%3D%22255%22%20height%3D%22200%22%20viewBox%3D%220%200%20255%20200%22%3E%3C%2Fsvg%3E\" loading=\"eager\"><\/span><span class=\"fg-image-overlay\"><\/span><\/a><figcaption class=\"fg-caption\"><div class=\"fg-caption-inner\"><div class=\"fg-caption-title\">mold-pack116<\/div><\/div><\/figcaption><\/figure><div class=\"fg-loader\"><\/div><\/div><\/div>\n\n<p>&nbsp;<\/p>\n<!-- Begin Yuzo --><div class='yuzo_related_post style-1'  data-version='5.12.89'><!-- without result --><div class='yuzo_clearfixed yuzo__title yuzo__title'><h5>Related Post<\/h5><\/div>\n<\/div>  <!-- End Yuzo :) -->","protected":false},"excerpt":{"rendered":"<p>Mould Precision Co. est un fabricant professionnel de moules en plastique, avec plus de 10 ans d&#8217;exp\u00e9rience dans la conception et la fabrication de moules, et exporte des milliers de moules d&#8217;injection plastique dans le monde entier. Service professionnel: Le vrai probl\u00e8me de faire des affaires avec le fabricant de moules en Chine est que, [&hellip;]<\/p>\n","protected":false},"author":2,"featured_media":2302,"parent":4023,"menu_order":0,"comment_status":"closed","ping_status":"closed","template":"","meta":{"footnotes":""},"class_list":["post-4026","page","type-page","status-publish","has-post-thumbnail","hentry"],"yoast_head":"<!-- This site is optimized with the Yoast SEO plugin v27.2 - https:\/\/yoast.com\/product\/yoast-seo-wordpress\/ -->\n<title>Professional moules fabricant | China mould maker,mould making company &amp; manufacturer<\/title>\n<meta name=\"robots\" content=\"index, follow, max-snippet:-1, max-image-preview:large, max-video-preview:-1\" \/>\n<link rel=\"canonical\" href=\"https:\/\/www.mouldprecision.com\/fr\/slider\/professional-moules-fabricant.html\" \/>\n<meta property=\"og:locale\" content=\"fr_FR\" \/>\n<meta property=\"og:type\" content=\"article\" \/>\n<meta property=\"og:title\" content=\"Professional moules fabricant | China mould maker,mould making company &amp; manufacturer\" \/>\n<meta property=\"og:description\" content=\"Mould Precision Co. est un fabricant professionnel de moules en plastique, avec plus de 10 ans d&#8217;exp\u00e9rience dans la conception et la fabrication de moules, et exporte des milliers de moules d&#8217;injection plastique dans le monde entier. Service professionnel: Le vrai probl\u00e8me de faire des affaires avec le fabricant de moules en Chine est que, [&hellip;]\" \/>\n<meta property=\"og:url\" content=\"https:\/\/www.mouldprecision.com\/fr\/slider\/professional-moules-fabricant.html\" \/>\n<meta property=\"og:site_name\" content=\"China mould maker,mould making company &amp; manufacturer\" \/>\n<meta property=\"article:modified_time\" content=\"2018-09-09T07:07:22+00:00\" \/>\n<meta property=\"og:image\" content=\"https:\/\/www.mouldprecision.com\/wp-content\/uploads\/2018\/08\/plastic-mould-maker.jpg\" \/>\n\t<meta property=\"og:image:width\" content=\"1366\" \/>\n\t<meta property=\"og:image:height\" content=\"460\" \/>\n\t<meta property=\"og:image:type\" content=\"image\/jpeg\" \/>\n<meta name=\"twitter:card\" content=\"summary_large_image\" \/>\n<meta name=\"twitter:label1\" content=\"Dur\u00e9e de lecture estim\u00e9e\" \/>\n\t<meta name=\"twitter:data1\" content=\"1 minute\" \/>\n<script type=\"application\/ld+json\" class=\"yoast-schema-graph\">{\"@context\":\"https:\/\/schema.org\",\"@graph\":[{\"@type\":\"WebPage\",\"@id\":\"https:\/\/www.mouldprecision.com\/fr\/slider\/professional-moules-fabricant.html\",\"url\":\"https:\/\/www.mouldprecision.com\/fr\/slider\/professional-moules-fabricant.html\",\"name\":\"Professional moules fabricant | China mould maker,mould making company &amp; manufacturer\",\"isPartOf\":{\"@id\":\"https:\/\/www.mouldprecision.com\/#website\"},\"primaryImageOfPage\":{\"@id\":\"https:\/\/www.mouldprecision.com\/fr\/slider\/professional-moules-fabricant.html#primaryimage\"},\"image\":{\"@id\":\"https:\/\/www.mouldprecision.com\/fr\/slider\/professional-moules-fabricant.html#primaryimage\"},\"thumbnailUrl\":\"https:\/\/www.mouldprecision.com\/wp-content\/uploads\/2018\/08\/plastic-mould-maker.jpg\",\"datePublished\":\"2018-09-09T02:07:38+00:00\",\"dateModified\":\"2018-09-09T07:07:22+00:00\",\"breadcrumb\":{\"@id\":\"https:\/\/www.mouldprecision.com\/fr\/slider\/professional-moules-fabricant.html#breadcrumb\"},\"inLanguage\":\"fr-FR\",\"potentialAction\":[{\"@type\":\"ReadAction\",\"target\":[\"https:\/\/www.mouldprecision.com\/fr\/slider\/professional-moules-fabricant.html\"]}]},{\"@type\":\"ImageObject\",\"inLanguage\":\"fr-FR\",\"@id\":\"https:\/\/www.mouldprecision.com\/fr\/slider\/professional-moules-fabricant.html#primaryimage\",\"url\":\"https:\/\/www.mouldprecision.com\/wp-content\/uploads\/2018\/08\/plastic-mould-maker.jpg\",\"contentUrl\":\"https:\/\/www.mouldprecision.com\/wp-content\/uploads\/2018\/08\/plastic-mould-maker.jpg\",\"width\":1366,\"height\":460,\"caption\":\"plastic mould maker\"},{\"@type\":\"BreadcrumbList\",\"@id\":\"https:\/\/www.mouldprecision.com\/fr\/slider\/professional-moules-fabricant.html#breadcrumb\",\"itemListElement\":[{\"@type\":\"ListItem\",\"position\":1,\"name\":\"Home\",\"item\":\"https:\/\/www.mouldprecision.com\/fr\"},{\"@type\":\"ListItem\",\"position\":2,\"name\":\"Slider\",\"item\":\"https:\/\/www.mouldprecision.com\/fr\/slider.html\"},{\"@type\":\"ListItem\",\"position\":3,\"name\":\"Professional moules fabricant\"}]},{\"@type\":\"WebSite\",\"@id\":\"https:\/\/www.mouldprecision.com\/#website\",\"url\":\"https:\/\/www.mouldprecision.com\/\",\"name\":\"China mould maker,mould making company &amp; manufacturer\",\"description\":\"\",\"publisher\":{\"@id\":\"https:\/\/www.mouldprecision.com\/#organization\"},\"potentialAction\":[{\"@type\":\"SearchAction\",\"target\":{\"@type\":\"EntryPoint\",\"urlTemplate\":\"https:\/\/www.mouldprecision.com\/?s={search_term_string}\"},\"query-input\":{\"@type\":\"PropertyValueSpecification\",\"valueRequired\":true,\"valueName\":\"search_term_string\"}}],\"inLanguage\":\"fr-FR\"},{\"@type\":\"Organization\",\"@id\":\"https:\/\/www.mouldprecision.com\/#organization\",\"name\":\"China mould maker,mould making company &amp; manufacturer\",\"url\":\"https:\/\/www.mouldprecision.com\/\",\"logo\":{\"@type\":\"ImageObject\",\"inLanguage\":\"fr-FR\",\"@id\":\"https:\/\/www.mouldprecision.com\/#\/schema\/logo\/image\/\",\"url\":\"https:\/\/www.mouldprecision.com\/wp-content\/uploads\/2018\/08\/MP-logo.png\",\"contentUrl\":\"https:\/\/www.mouldprecision.com\/wp-content\/uploads\/2018\/08\/MP-logo.png\",\"width\":156,\"height\":59,\"caption\":\"China mould maker,mould making company &amp; manufacturer\"},\"image\":{\"@id\":\"https:\/\/www.mouldprecision.com\/#\/schema\/logo\/image\/\"}}]}<\/script>\n<!-- \/ Yoast SEO plugin. -->","yoast_head_json":{"title":"Professional moules fabricant | China mould maker,mould making company &amp; manufacturer","robots":{"index":"index","follow":"follow","max-snippet":"max-snippet:-1","max-image-preview":"max-image-preview:large","max-video-preview":"max-video-preview:-1"},"canonical":"https:\/\/www.mouldprecision.com\/fr\/slider\/professional-moules-fabricant.html","og_locale":"fr_FR","og_type":"article","og_title":"Professional moules fabricant | China mould maker,mould making company &amp; manufacturer","og_description":"Mould Precision Co. est un fabricant professionnel de moules en plastique, avec plus de 10 ans d&#8217;exp\u00e9rience dans la conception et la fabrication de moules, et exporte des milliers de moules d&#8217;injection plastique dans le monde entier. Service professionnel: Le vrai probl\u00e8me de faire des affaires avec le fabricant de moules en Chine est que, [&hellip;]","og_url":"https:\/\/www.mouldprecision.com\/fr\/slider\/professional-moules-fabricant.html","og_site_name":"China mould maker,mould making company &amp; manufacturer","article_modified_time":"2018-09-09T07:07:22+00:00","og_image":[{"width":1366,"height":460,"url":"https:\/\/www.mouldprecision.com\/wp-content\/uploads\/2018\/08\/plastic-mould-maker.jpg","type":"image\/jpeg"}],"twitter_card":"summary_large_image","twitter_misc":{"Dur\u00e9e de lecture estim\u00e9e":"1 minute"},"schema":{"@context":"https:\/\/schema.org","@graph":[{"@type":"WebPage","@id":"https:\/\/www.mouldprecision.com\/fr\/slider\/professional-moules-fabricant.html","url":"https:\/\/www.mouldprecision.com\/fr\/slider\/professional-moules-fabricant.html","name":"Professional moules fabricant | China mould maker,mould making company &amp; manufacturer","isPartOf":{"@id":"https:\/\/www.mouldprecision.com\/#website"},"primaryImageOfPage":{"@id":"https:\/\/www.mouldprecision.com\/fr\/slider\/professional-moules-fabricant.html#primaryimage"},"image":{"@id":"https:\/\/www.mouldprecision.com\/fr\/slider\/professional-moules-fabricant.html#primaryimage"},"thumbnailUrl":"https:\/\/www.mouldprecision.com\/wp-content\/uploads\/2018\/08\/plastic-mould-maker.jpg","datePublished":"2018-09-09T02:07:38+00:00","dateModified":"2018-09-09T07:07:22+00:00","breadcrumb":{"@id":"https:\/\/www.mouldprecision.com\/fr\/slider\/professional-moules-fabricant.html#breadcrumb"},"inLanguage":"fr-FR","potentialAction":[{"@type":"ReadAction","target":["https:\/\/www.mouldprecision.com\/fr\/slider\/professional-moules-fabricant.html"]}]},{"@type":"ImageObject","inLanguage":"fr-FR","@id":"https:\/\/www.mouldprecision.com\/fr\/slider\/professional-moules-fabricant.html#primaryimage","url":"https:\/\/www.mouldprecision.com\/wp-content\/uploads\/2018\/08\/plastic-mould-maker.jpg","contentUrl":"https:\/\/www.mouldprecision.com\/wp-content\/uploads\/2018\/08\/plastic-mould-maker.jpg","width":1366,"height":460,"caption":"plastic mould maker"},{"@type":"BreadcrumbList","@id":"https:\/\/www.mouldprecision.com\/fr\/slider\/professional-moules-fabricant.html#breadcrumb","itemListElement":[{"@type":"ListItem","position":1,"name":"Home","item":"https:\/\/www.mouldprecision.com\/fr"},{"@type":"ListItem","position":2,"name":"Slider","item":"https:\/\/www.mouldprecision.com\/fr\/slider.html"},{"@type":"ListItem","position":3,"name":"Professional moules fabricant"}]},{"@type":"WebSite","@id":"https:\/\/www.mouldprecision.com\/#website","url":"https:\/\/www.mouldprecision.com\/","name":"China mould maker,mould making company &amp; manufacturer","description":"","publisher":{"@id":"https:\/\/www.mouldprecision.com\/#organization"},"potentialAction":[{"@type":"SearchAction","target":{"@type":"EntryPoint","urlTemplate":"https:\/\/www.mouldprecision.com\/?s={search_term_string}"},"query-input":{"@type":"PropertyValueSpecification","valueRequired":true,"valueName":"search_term_string"}}],"inLanguage":"fr-FR"},{"@type":"Organization","@id":"https:\/\/www.mouldprecision.com\/#organization","name":"China mould maker,mould making company &amp; manufacturer","url":"https:\/\/www.mouldprecision.com\/","logo":{"@type":"ImageObject","inLanguage":"fr-FR","@id":"https:\/\/www.mouldprecision.com\/#\/schema\/logo\/image\/","url":"https:\/\/www.mouldprecision.com\/wp-content\/uploads\/2018\/08\/MP-logo.png","contentUrl":"https:\/\/www.mouldprecision.com\/wp-content\/uploads\/2018\/08\/MP-logo.png","width":156,"height":59,"caption":"China mould maker,mould making company &amp; manufacturer"},"image":{"@id":"https:\/\/www.mouldprecision.com\/#\/schema\/logo\/image\/"}}]}},"_links":{"self":[{"href":"https:\/\/www.mouldprecision.com\/fr\/wp-json\/wp\/v2\/pages\/4026","targetHints":{"allow":["GET"]}}],"collection":[{"href":"https:\/\/www.mouldprecision.com\/fr\/wp-json\/wp\/v2\/pages"}],"about":[{"href":"https:\/\/www.mouldprecision.com\/fr\/wp-json\/wp\/v2\/types\/page"}],"author":[{"embeddable":true,"href":"https:\/\/www.mouldprecision.com\/fr\/wp-json\/wp\/v2\/users\/2"}],"replies":[{"embeddable":true,"href":"https:\/\/www.mouldprecision.com\/fr\/wp-json\/wp\/v2\/comments?post=4026"}],"version-history":[{"count":0,"href":"https:\/\/www.mouldprecision.com\/fr\/wp-json\/wp\/v2\/pages\/4026\/revisions"}],"up":[{"embeddable":true,"href":"https:\/\/www.mouldprecision.com\/fr\/wp-json\/wp\/v2\/pages\/4023"}],"wp:featuredmedia":[{"embeddable":true,"href":"https:\/\/www.mouldprecision.com\/fr\/wp-json\/wp\/v2\/media\/2302"}],"wp:attachment":[{"href":"https:\/\/www.mouldprecision.com\/fr\/wp-json\/wp\/v2\/media?parent=4026"}],"curies":[{"name":"wp","href":"https:\/\/api.w.org\/{rel}","templated":true}]}}