{"id":4020,"date":"2018-09-09T02:00:38","date_gmt":"2018-09-09T02:00:38","guid":{"rendered":"https:\/\/www.mouldprecision.com\/?page_id=4020"},"modified":"2018-09-09T07:08:01","modified_gmt":"2018-09-09T07:08:01","slug":"economiser-30-couts-moules-fabrication","status":"publish","type":"page","link":"https:\/\/www.mouldprecision.com\/fr\/slider\/economiser-30-couts-moules-fabrication.html","title":{"rendered":"\u00c9conomiser 30% co\u00fbts moules fabrication"},"content":{"rendered":"<h2>\u00c9conomiser 30 % des co\u00fbts de fabrication de moules ? Vous plaisantez ?<\/h2>\n<p>La plupart des clients externalisent le <a href=\"https:\/\/www.mouldprecision.com\/fr\/entreprise.html\"><strong>moule en Chine<\/strong> <\/a>est consid\u00e9r\u00e9 comme un produit \u00e0 faible co\u00fbt. Le temps des b\u00e9n\u00e9fices exceptionnels de la fabrication de moules est r\u00e9volu, le co\u00fbt est tr\u00e8s clair. Qui plus est, le co\u00fbt de la Chine augmente d&#8217;ann\u00e9e en ann\u00e9e.<\/p>\n<h3>Le co\u00fbt de la fabrication des moules pourrait prendre en compte deux parties.<\/h3>\n<h3>1. Le projet lui-m\u00eame<\/h3>\n<p>Consid\u00e9rez le m\u00eame dessin de moule, prenez un moule simple comme exemple, pi\u00e8ce de plaque ABS, base de moule LKM, 150 x 150 mm, sans coulisseau ou \u00e9l\u00e9vateur, 1 cavit\u00e9, deux moules \u00e0 plaque, porte directe, P20 pour le noyau et la cavit\u00e9, \u00e9jecteur normal, coulisseau \u00e0 froid, 400# papier sabl\u00e9 pour le polissage. Quel est le prix ?<br \/>\nC&#8217;est de la moisissure, le co\u00fbt est de 1500$, le prix pourrait \u00eatre de 2000$, 3000$ ou 5000$.<\/p>\n<h3>2. Le mouliste lui-m\u00eame<\/h3>\n<p><strong>La formule du co\u00fbt de fabrication du moule pourrait \u00eatre :<\/strong><\/p>\n<p><em>CO\u00dbT = 30 % de mat\u00e9riau du moule + 50 % de transformation + 10 % de conception + 10 % d&#8217;autres mat\u00e9riaux.<\/em><\/p>\n<p>Nous ne sommes pas une grande usine, sans beaucoup de machines. Le co\u00fbt de l&#8217;usinage et de l&#8217;exploitation de l&#8217;usine est de 50 \u00e0 60 % de la fabrication des moules. Comme nous le savons tous, le co\u00fbt de l&#8217;usinage est \u00e9lev\u00e9 lorsqu&#8217;il est occup\u00e9, mais faible lorsqu&#8217;il n&#8217;est pas occup\u00e9.<\/p>\n<p>Nous int\u00e9grons les \u00e9l\u00e9ments de fabrication de moule, qui a une bonne capacit\u00e9 de machine et avec un bon prix.<\/p>\n<p>Nous r\u00e9duisons les co\u00fbts d&#8217;usinage et de fonctionnement en usine. C&#8217;est la raison pour laquelle nous avons pu vous faire \u00e9conomiser au maximum 30% des co\u00fbts de fabrication de moules.<\/p>\n<style type=\"text\/css\">\n#foogallery-gallery-3726 .fg-image { width: 255px; }\n#foogallery-gallery-3726 { --fg-gutter: 10px; }<\/style>\n\t\t\t<style type=\"text\/css\">\n#foogallery-gallery-3726_1 .fg-image { width: 255px; }\n#foogallery-gallery-3726_1 { --fg-gutter: 10px; }<\/style>\n\t\t\t<div class=\"foogallery foogallery-container foogallery-default foogallery-lightbox-foobox fg-center fg-default fg-ready fg-light fg-loaded-fade-in fg-hover-fade\" id=\"foogallery-gallery-3726_1\" data-foogallery=\"{&quot;item&quot;:{&quot;showCaptionTitle&quot;:true,&quot;showCaptionDescription&quot;:false},&quot;lazy&quot;:true}\" style=\"--fg-title-line-clamp: 0; --fg-description-line-clamp: 0;\" >\n\t<div class=\"fg-item fg-type-image fg-idle\"><figure class=\"fg-item-inner\"><a href=\"https:\/\/www.mouldprecision.com\/wp-content\/uploads\/2018\/09\/part116.jpg\" data-caption-title=\"part116\" data-attachment-id=\"5060\" data-type=\"image\" class=\"fg-thumb\"><span class=\"fg-image-wrap\"><img fetchpriority=\"high\" decoding=\"async\" width=\"255\" height=\"200\" class=\"skip-lazy fg-image\" data-src-fg=\"https:\/\/www.mouldprecision.com\/wp-content\/uploads\/cache\/2018\/09\/part116\/3801455083.jpg\" src=\"data:image\/svg+xml,%3Csvg%20xmlns%3D%22http%3A%2F%2Fwww.w3.org%2F2000%2Fsvg%22%20width%3D%22255%22%20height%3D%22200%22%20viewBox%3D%220%200%20255%20200%22%3E%3C%2Fsvg%3E\" loading=\"eager\"><\/span><span class=\"fg-image-overlay\"><\/span><\/a><figcaption class=\"fg-caption\"><div class=\"fg-caption-inner\"><div class=\"fg-caption-title\">part116<\/div><\/div><\/figcaption><\/figure><div class=\"fg-loader\"><\/div><\/div><div class=\"fg-item fg-type-image fg-idle\"><figure class=\"fg-item-inner\"><a href=\"https:\/\/www.mouldprecision.com\/wp-content\/uploads\/2018\/09\/mold-design116.jpg\" data-caption-title=\"mold-design116\" data-attachment-id=\"5058\" data-type=\"image\" class=\"fg-thumb\"><span class=\"fg-image-wrap\"><img decoding=\"async\" width=\"255\" height=\"200\" class=\"skip-lazy fg-image\" data-src-fg=\"https:\/\/www.mouldprecision.com\/wp-content\/uploads\/cache\/2018\/09\/mold-design116\/508853380.jpg\" src=\"data:image\/svg+xml,%3Csvg%20xmlns%3D%22http%3A%2F%2Fwww.w3.org%2F2000%2Fsvg%22%20width%3D%22255%22%20height%3D%22200%22%20viewBox%3D%220%200%20255%20200%22%3E%3C%2Fsvg%3E\" loading=\"eager\"><\/span><span class=\"fg-image-overlay\"><\/span><\/a><figcaption class=\"fg-caption\"><div class=\"fg-caption-inner\"><div class=\"fg-caption-title\">mold-design116<\/div><\/div><\/figcaption><\/figure><div class=\"fg-loader\"><\/div><\/div><div class=\"fg-item fg-type-image fg-idle\"><figure class=\"fg-item-inner\"><a href=\"https:\/\/www.mouldprecision.com\/wp-content\/uploads\/2018\/09\/3D-mold116.jpg\" data-caption-title=\"3D-mold116\" data-attachment-id=\"5056\" data-type=\"image\" class=\"fg-thumb\"><span class=\"fg-image-wrap\"><img decoding=\"async\" width=\"255\" height=\"200\" class=\"skip-lazy fg-image\" data-src-fg=\"https:\/\/www.mouldprecision.com\/wp-content\/uploads\/cache\/2018\/09\/3D-mold116\/813648272.jpg\" src=\"data:image\/svg+xml,%3Csvg%20xmlns%3D%22http%3A%2F%2Fwww.w3.org%2F2000%2Fsvg%22%20width%3D%22255%22%20height%3D%22200%22%20viewBox%3D%220%200%20255%20200%22%3E%3C%2Fsvg%3E\" loading=\"eager\"><\/span><span class=\"fg-image-overlay\"><\/span><\/a><figcaption class=\"fg-caption\"><div class=\"fg-caption-inner\"><div class=\"fg-caption-title\">3D-mold116<\/div><\/div><\/figcaption><\/figure><div class=\"fg-loader\"><\/div><\/div><div class=\"fg-item fg-type-image fg-idle\"><figure class=\"fg-item-inner\"><a href=\"https:\/\/www.mouldprecision.com\/wp-content\/uploads\/2018\/09\/part-sample116.jpg\" data-caption-title=\"part-sample116\" data-attachment-id=\"5061\" data-type=\"image\" class=\"fg-thumb\"><span class=\"fg-image-wrap\"><img decoding=\"async\" width=\"255\" height=\"200\" class=\"skip-lazy fg-image\" data-src-fg=\"https:\/\/www.mouldprecision.com\/wp-content\/uploads\/cache\/2018\/09\/part-sample116\/1585803592.jpg\" src=\"data:image\/svg+xml,%3Csvg%20xmlns%3D%22http%3A%2F%2Fwww.w3.org%2F2000%2Fsvg%22%20width%3D%22255%22%20height%3D%22200%22%20viewBox%3D%220%200%20255%20200%22%3E%3C%2Fsvg%3E\" loading=\"eager\"><\/span><span class=\"fg-image-overlay\"><\/span><\/a><figcaption class=\"fg-caption\"><div class=\"fg-caption-inner\"><div class=\"fg-caption-title\">part-sample116<\/div><\/div><\/figcaption><\/figure><div class=\"fg-loader\"><\/div><\/div><div class=\"fg-item fg-type-image fg-idle\"><figure class=\"fg-item-inner\"><a href=\"https:\/\/www.mouldprecision.com\/wp-content\/uploads\/2018\/09\/mold116.jpg\" data-caption-title=\"mold116\" data-attachment-id=\"5057\" data-type=\"image\" class=\"fg-thumb\"><span class=\"fg-image-wrap\"><img decoding=\"async\" width=\"255\" height=\"200\" class=\"skip-lazy fg-image\" data-src-fg=\"https:\/\/www.mouldprecision.com\/wp-content\/uploads\/cache\/2018\/09\/mold116\/395202434.jpg\" src=\"data:image\/svg+xml,%3Csvg%20xmlns%3D%22http%3A%2F%2Fwww.w3.org%2F2000%2Fsvg%22%20width%3D%22255%22%20height%3D%22200%22%20viewBox%3D%220%200%20255%20200%22%3E%3C%2Fsvg%3E\" loading=\"eager\"><\/span><span class=\"fg-image-overlay\"><\/span><\/a><figcaption class=\"fg-caption\"><div class=\"fg-caption-inner\"><div class=\"fg-caption-title\">mold116<\/div><\/div><\/figcaption><\/figure><div class=\"fg-loader\"><\/div><\/div><div class=\"fg-item fg-type-image fg-idle\"><figure class=\"fg-item-inner\"><a href=\"https:\/\/www.mouldprecision.com\/wp-content\/uploads\/2018\/09\/mold-pack116.jpg\" data-caption-title=\"mold-pack116\" data-attachment-id=\"5059\" data-type=\"image\" class=\"fg-thumb\"><span class=\"fg-image-wrap\"><img decoding=\"async\" width=\"255\" height=\"200\" class=\"skip-lazy fg-image\" data-src-fg=\"https:\/\/www.mouldprecision.com\/wp-content\/uploads\/cache\/2018\/09\/mold-pack116\/1778120646.jpg\" src=\"data:image\/svg+xml,%3Csvg%20xmlns%3D%22http%3A%2F%2Fwww.w3.org%2F2000%2Fsvg%22%20width%3D%22255%22%20height%3D%22200%22%20viewBox%3D%220%200%20255%20200%22%3E%3C%2Fsvg%3E\" loading=\"eager\"><\/span><span class=\"fg-image-overlay\"><\/span><\/a><figcaption class=\"fg-caption\"><div class=\"fg-caption-inner\"><div class=\"fg-caption-title\">mold-pack116<\/div><\/div><\/figcaption><\/figure><div class=\"fg-loader\"><\/div><\/div><\/div>\n\n<!-- Begin Yuzo --><div class='yuzo_related_post style-1'  data-version='5.12.89'><!-- without result --><div class='yuzo_clearfixed yuzo__title yuzo__title'><h5>Related Post<\/h5><\/div>\n<\/div>  <!-- End Yuzo :) -->","protected":false},"excerpt":{"rendered":"<p>\u00c9conomiser 30 % des co\u00fbts de fabrication de moules ? Vous plaisantez ? La plupart des clients externalisent le moule en Chine est consid\u00e9r\u00e9 comme un produit \u00e0 faible co\u00fbt. Le temps des b\u00e9n\u00e9fices exceptionnels de la fabrication de moules est r\u00e9volu, le co\u00fbt est tr\u00e8s clair. Qui plus est, le co\u00fbt de la Chine [&hellip;]<\/p>\n","protected":false},"author":2,"featured_media":0,"parent":4023,"menu_order":0,"comment_status":"closed","ping_status":"closed","template":"","meta":{"footnotes":""},"class_list":["post-4020","page","type-page","status-publish","hentry"],"yoast_head":"<!-- This site is optimized with the Yoast SEO plugin v27.2 - https:\/\/yoast.com\/product\/yoast-seo-wordpress\/ -->\n<title>\u00c9conomiser 30% co\u00fbts moules fabrication | China mould maker,mould making company &amp; manufacturer<\/title>\n<meta name=\"description\" content=\"Most customer outsource mould to China is consider low cost. The time of windfall profit of mould making is gone, the cost is very clear.\" \/>\n<meta name=\"robots\" content=\"index, follow, max-snippet:-1, max-image-preview:large, max-video-preview:-1\" \/>\n<link rel=\"canonical\" href=\"https:\/\/www.mouldprecision.com\/fr\/slider\/economiser-30-couts-moules-fabrication.html\" \/>\n<meta property=\"og:locale\" content=\"fr_FR\" \/>\n<meta property=\"og:type\" content=\"article\" \/>\n<meta property=\"og:title\" content=\"\u00c9conomiser 30% co\u00fbts moules fabrication | China mould maker,mould making company &amp; manufacturer\" \/>\n<meta property=\"og:description\" content=\"Most customer outsource mould to China is consider low cost. The time of windfall profit of mould making is gone, the cost is very clear.\" \/>\n<meta property=\"og:url\" content=\"https:\/\/www.mouldprecision.com\/fr\/slider\/economiser-30-couts-moules-fabrication.html\" \/>\n<meta property=\"og:site_name\" content=\"China mould maker,mould making company &amp; manufacturer\" \/>\n<meta property=\"article:modified_time\" content=\"2018-09-09T07:08:01+00:00\" \/>\n<meta name=\"twitter:card\" content=\"summary_large_image\" \/>\n<meta name=\"twitter:label1\" content=\"Dur\u00e9e de lecture estim\u00e9e\" \/>\n\t<meta name=\"twitter:data1\" content=\"1 minute\" \/>\n<script type=\"application\/ld+json\" class=\"yoast-schema-graph\">{\"@context\":\"https:\/\/schema.org\",\"@graph\":[{\"@type\":\"WebPage\",\"@id\":\"https:\/\/www.mouldprecision.com\/fr\/slider\/economiser-30-couts-moules-fabrication.html\",\"url\":\"https:\/\/www.mouldprecision.com\/fr\/slider\/economiser-30-couts-moules-fabrication.html\",\"name\":\"\u00c9conomiser 30% co\u00fbts moules fabrication | China mould maker,mould making company &amp; manufacturer\",\"isPartOf\":{\"@id\":\"https:\/\/www.mouldprecision.com\/#website\"},\"datePublished\":\"2018-09-09T02:00:38+00:00\",\"dateModified\":\"2018-09-09T07:08:01+00:00\",\"description\":\"Most customer outsource mould to China is consider low cost. The time of windfall profit of mould making is gone, the cost is very clear.\",\"breadcrumb\":{\"@id\":\"https:\/\/www.mouldprecision.com\/fr\/slider\/economiser-30-couts-moules-fabrication.html#breadcrumb\"},\"inLanguage\":\"fr-FR\",\"potentialAction\":[{\"@type\":\"ReadAction\",\"target\":[\"https:\/\/www.mouldprecision.com\/fr\/slider\/economiser-30-couts-moules-fabrication.html\"]}]},{\"@type\":\"BreadcrumbList\",\"@id\":\"https:\/\/www.mouldprecision.com\/fr\/slider\/economiser-30-couts-moules-fabrication.html#breadcrumb\",\"itemListElement\":[{\"@type\":\"ListItem\",\"position\":1,\"name\":\"Home\",\"item\":\"https:\/\/www.mouldprecision.com\/fr\"},{\"@type\":\"ListItem\",\"position\":2,\"name\":\"Slider\",\"item\":\"https:\/\/www.mouldprecision.com\/fr\/slider.html\"},{\"@type\":\"ListItem\",\"position\":3,\"name\":\"\u00c9conomiser 30% co\u00fbts moules fabrication\"}]},{\"@type\":\"WebSite\",\"@id\":\"https:\/\/www.mouldprecision.com\/#website\",\"url\":\"https:\/\/www.mouldprecision.com\/\",\"name\":\"China mould maker,mould making company &amp; manufacturer\",\"description\":\"\",\"publisher\":{\"@id\":\"https:\/\/www.mouldprecision.com\/#organization\"},\"potentialAction\":[{\"@type\":\"SearchAction\",\"target\":{\"@type\":\"EntryPoint\",\"urlTemplate\":\"https:\/\/www.mouldprecision.com\/?s={search_term_string}\"},\"query-input\":{\"@type\":\"PropertyValueSpecification\",\"valueRequired\":true,\"valueName\":\"search_term_string\"}}],\"inLanguage\":\"fr-FR\"},{\"@type\":\"Organization\",\"@id\":\"https:\/\/www.mouldprecision.com\/#organization\",\"name\":\"China mould maker,mould making company &amp; manufacturer\",\"url\":\"https:\/\/www.mouldprecision.com\/\",\"logo\":{\"@type\":\"ImageObject\",\"inLanguage\":\"fr-FR\",\"@id\":\"https:\/\/www.mouldprecision.com\/#\/schema\/logo\/image\/\",\"url\":\"https:\/\/www.mouldprecision.com\/wp-content\/uploads\/2018\/08\/MP-logo.png\",\"contentUrl\":\"https:\/\/www.mouldprecision.com\/wp-content\/uploads\/2018\/08\/MP-logo.png\",\"width\":156,\"height\":59,\"caption\":\"China mould maker,mould making company &amp; manufacturer\"},\"image\":{\"@id\":\"https:\/\/www.mouldprecision.com\/#\/schema\/logo\/image\/\"}}]}<\/script>\n<!-- \/ Yoast SEO plugin. -->","yoast_head_json":{"title":"\u00c9conomiser 30% co\u00fbts moules fabrication | China mould maker,mould making company &amp; manufacturer","description":"Most customer outsource mould to China is consider low cost. The time of windfall profit of mould making is gone, the cost is very clear.","robots":{"index":"index","follow":"follow","max-snippet":"max-snippet:-1","max-image-preview":"max-image-preview:large","max-video-preview":"max-video-preview:-1"},"canonical":"https:\/\/www.mouldprecision.com\/fr\/slider\/economiser-30-couts-moules-fabrication.html","og_locale":"fr_FR","og_type":"article","og_title":"\u00c9conomiser 30% co\u00fbts moules fabrication | China mould maker,mould making company &amp; manufacturer","og_description":"Most customer outsource mould to China is consider low cost. The time of windfall profit of mould making is gone, the cost is very clear.","og_url":"https:\/\/www.mouldprecision.com\/fr\/slider\/economiser-30-couts-moules-fabrication.html","og_site_name":"China mould maker,mould making company &amp; manufacturer","article_modified_time":"2018-09-09T07:08:01+00:00","twitter_card":"summary_large_image","twitter_misc":{"Dur\u00e9e de lecture estim\u00e9e":"1 minute"},"schema":{"@context":"https:\/\/schema.org","@graph":[{"@type":"WebPage","@id":"https:\/\/www.mouldprecision.com\/fr\/slider\/economiser-30-couts-moules-fabrication.html","url":"https:\/\/www.mouldprecision.com\/fr\/slider\/economiser-30-couts-moules-fabrication.html","name":"\u00c9conomiser 30% co\u00fbts moules fabrication | China mould maker,mould making company &amp; manufacturer","isPartOf":{"@id":"https:\/\/www.mouldprecision.com\/#website"},"datePublished":"2018-09-09T02:00:38+00:00","dateModified":"2018-09-09T07:08:01+00:00","description":"Most customer outsource mould to China is consider low cost. The time of windfall profit of mould making is gone, the cost is very clear.","breadcrumb":{"@id":"https:\/\/www.mouldprecision.com\/fr\/slider\/economiser-30-couts-moules-fabrication.html#breadcrumb"},"inLanguage":"fr-FR","potentialAction":[{"@type":"ReadAction","target":["https:\/\/www.mouldprecision.com\/fr\/slider\/economiser-30-couts-moules-fabrication.html"]}]},{"@type":"BreadcrumbList","@id":"https:\/\/www.mouldprecision.com\/fr\/slider\/economiser-30-couts-moules-fabrication.html#breadcrumb","itemListElement":[{"@type":"ListItem","position":1,"name":"Home","item":"https:\/\/www.mouldprecision.com\/fr"},{"@type":"ListItem","position":2,"name":"Slider","item":"https:\/\/www.mouldprecision.com\/fr\/slider.html"},{"@type":"ListItem","position":3,"name":"\u00c9conomiser 30% co\u00fbts moules fabrication"}]},{"@type":"WebSite","@id":"https:\/\/www.mouldprecision.com\/#website","url":"https:\/\/www.mouldprecision.com\/","name":"China mould maker,mould making company &amp; manufacturer","description":"","publisher":{"@id":"https:\/\/www.mouldprecision.com\/#organization"},"potentialAction":[{"@type":"SearchAction","target":{"@type":"EntryPoint","urlTemplate":"https:\/\/www.mouldprecision.com\/?s={search_term_string}"},"query-input":{"@type":"PropertyValueSpecification","valueRequired":true,"valueName":"search_term_string"}}],"inLanguage":"fr-FR"},{"@type":"Organization","@id":"https:\/\/www.mouldprecision.com\/#organization","name":"China mould maker,mould making company &amp; manufacturer","url":"https:\/\/www.mouldprecision.com\/","logo":{"@type":"ImageObject","inLanguage":"fr-FR","@id":"https:\/\/www.mouldprecision.com\/#\/schema\/logo\/image\/","url":"https:\/\/www.mouldprecision.com\/wp-content\/uploads\/2018\/08\/MP-logo.png","contentUrl":"https:\/\/www.mouldprecision.com\/wp-content\/uploads\/2018\/08\/MP-logo.png","width":156,"height":59,"caption":"China mould maker,mould making company &amp; manufacturer"},"image":{"@id":"https:\/\/www.mouldprecision.com\/#\/schema\/logo\/image\/"}}]}},"_links":{"self":[{"href":"https:\/\/www.mouldprecision.com\/fr\/wp-json\/wp\/v2\/pages\/4020","targetHints":{"allow":["GET"]}}],"collection":[{"href":"https:\/\/www.mouldprecision.com\/fr\/wp-json\/wp\/v2\/pages"}],"about":[{"href":"https:\/\/www.mouldprecision.com\/fr\/wp-json\/wp\/v2\/types\/page"}],"author":[{"embeddable":true,"href":"https:\/\/www.mouldprecision.com\/fr\/wp-json\/wp\/v2\/users\/2"}],"replies":[{"embeddable":true,"href":"https:\/\/www.mouldprecision.com\/fr\/wp-json\/wp\/v2\/comments?post=4020"}],"version-history":[{"count":0,"href":"https:\/\/www.mouldprecision.com\/fr\/wp-json\/wp\/v2\/pages\/4020\/revisions"}],"up":[{"embeddable":true,"href":"https:\/\/www.mouldprecision.com\/fr\/wp-json\/wp\/v2\/pages\/4023"}],"wp:attachment":[{"href":"https:\/\/www.mouldprecision.com\/fr\/wp-json\/wp\/v2\/media?parent=4020"}],"curies":[{"name":"wp","href":"https:\/\/api.w.org\/{rel}","templated":true}]}}