{"id":4011,"date":"2018-09-09T01:48:12","date_gmt":"2018-09-09T01:48:12","guid":{"rendered":"https:\/\/www.mouldprecision.com\/?page_id=4011"},"modified":"2018-09-09T03:03:55","modified_gmt":"2018-09-09T03:03:55","slug":"plastique-moulage","status":"publish","type":"page","link":"https:\/\/www.mouldprecision.com\/fr\/services\/plastique-moulage.html","title":{"rendered":"Plastique moulage"},"content":{"rendered":"<h2>Service de moulage de plastique :<\/h2>\n<p>Nous offrons des services de moulage de plastique sur mesure, n&#8217;importe quelle quantit\u00e9 est la bienvenue, et la capacit\u00e9 est de <strong>60 \u00e0 1800<\/strong> tonnes.<\/p>\n<p>Vous obtiendrez un produit de moulage plastique de haute qualit\u00e9, avec un service satisfaisant de Plastic Selected, Test d&#8217;\u00e9chantillon gratuit, Spot Check and Painting ou Ultrasonic Welding etc, quand vous mettez la production de moulage ici.<\/p>\n<style type=\"text\/css\">\n#foogallery-gallery-701 .fg-image { width: 251px; }\n#foogallery-gallery-701 { --fg-gutter: 10px; }<\/style>\n\t\t\t<style type=\"text\/css\">\n#foogallery-gallery-701_1 .fg-image { width: 251px; }\n#foogallery-gallery-701_1 { --fg-gutter: 10px; }<\/style>\n\t\t\t<div class=\"foogallery foogallery-container foogallery-default foogallery-lightbox-foobox fg-center fg-default fg-ready fg-light fg-hover-scale fg-hover-fade\" id=\"foogallery-gallery-701_1\" data-foogallery=\"{&quot;item&quot;:{&quot;showCaptionTitle&quot;:true,&quot;showCaptionDescription&quot;:true},&quot;lazy&quot;:true}\" style=\"--fg-title-line-clamp: 0; --fg-description-line-clamp: 0;\" >\n\t<div class=\"fg-item fg-type-image fg-idle\"><figure class=\"fg-item-inner\"><a href=\"https:\/\/www.mouldprecision.com\/wp-content\/uploads\/2018\/08\/external-thread-moulded-1.jpg\" data-attachment-id=\"2362\" data-type=\"image\" class=\"fg-thumb\"><span class=\"fg-image-wrap\"><img decoding=\"async\" width=\"251\" height=\"190\" class=\"skip-lazy fg-image\" data-src-fg=\"https:\/\/www.mouldprecision.com\/wp-content\/uploads\/cache\/2018\/08\/external-thread-moulded-1\/114150542.jpg\" src=\"data:image\/svg+xml,%3Csvg%20xmlns%3D%22http%3A%2F%2Fwww.w3.org%2F2000%2Fsvg%22%20width%3D%22251%22%20height%3D%22190%22%20viewBox%3D%220%200%20251%20190%22%3E%3C%2Fsvg%3E\" loading=\"eager\"><\/span><span class=\"fg-image-overlay\"><\/span><\/a><\/figure><div class=\"fg-loader\"><\/div><\/div><div class=\"fg-item fg-type-image fg-idle\"><figure class=\"fg-item-inner\"><a href=\"https:\/\/www.mouldprecision.com\/wp-content\/uploads\/2018\/08\/plastic-moulded-part10-1.jpg\" data-attachment-id=\"2390\" data-type=\"image\" class=\"fg-thumb\"><span class=\"fg-image-wrap\"><img decoding=\"async\" width=\"251\" height=\"190\" class=\"skip-lazy fg-image\" data-src-fg=\"https:\/\/www.mouldprecision.com\/wp-content\/uploads\/cache\/2018\/08\/plastic-moulded-part10-1\/1850472122.jpg\" src=\"data:image\/svg+xml,%3Csvg%20xmlns%3D%22http%3A%2F%2Fwww.w3.org%2F2000%2Fsvg%22%20width%3D%22251%22%20height%3D%22190%22%20viewBox%3D%220%200%20251%20190%22%3E%3C%2Fsvg%3E\" loading=\"eager\"><\/span><span class=\"fg-image-overlay\"><\/span><\/a><\/figure><div class=\"fg-loader\"><\/div><\/div><div class=\"fg-item fg-type-image fg-idle\"><figure class=\"fg-item-inner\"><a href=\"https:\/\/www.mouldprecision.com\/wp-content\/uploads\/2018\/08\/plastic-moulded-part2-1.jpg\" data-attachment-id=\"2382\" data-type=\"image\" class=\"fg-thumb\"><span class=\"fg-image-wrap\"><img decoding=\"async\" width=\"251\" height=\"190\" class=\"skip-lazy fg-image\" data-src-fg=\"https:\/\/www.mouldprecision.com\/wp-content\/uploads\/cache\/2018\/08\/plastic-moulded-part2-1\/4037634199.jpg\" src=\"data:image\/svg+xml,%3Csvg%20xmlns%3D%22http%3A%2F%2Fwww.w3.org%2F2000%2Fsvg%22%20width%3D%22251%22%20height%3D%22190%22%20viewBox%3D%220%200%20251%20190%22%3E%3C%2Fsvg%3E\" loading=\"eager\"><\/span><span class=\"fg-image-overlay\"><\/span><\/a><\/figure><div class=\"fg-loader\"><\/div><\/div><div class=\"fg-item fg-type-image fg-idle\"><figure class=\"fg-item-inner\"><a href=\"https:\/\/www.mouldprecision.com\/wp-content\/uploads\/2018\/08\/plastic-moulded-part9-1.jpg\" data-attachment-id=\"2389\" data-type=\"image\" class=\"fg-thumb\"><span class=\"fg-image-wrap\"><img decoding=\"async\" width=\"251\" height=\"190\" class=\"skip-lazy fg-image\" data-src-fg=\"https:\/\/www.mouldprecision.com\/wp-content\/uploads\/cache\/2018\/08\/plastic-moulded-part9-1\/598985421.jpg\" src=\"data:image\/svg+xml,%3Csvg%20xmlns%3D%22http%3A%2F%2Fwww.w3.org%2F2000%2Fsvg%22%20width%3D%22251%22%20height%3D%22190%22%20viewBox%3D%220%200%20251%20190%22%3E%3C%2Fsvg%3E\" loading=\"eager\"><\/span><span class=\"fg-image-overlay\"><\/span><\/a><\/figure><div class=\"fg-loader\"><\/div><\/div><div class=\"fg-item fg-type-image fg-idle\"><figure class=\"fg-item-inner\"><a href=\"https:\/\/www.mouldprecision.com\/wp-content\/uploads\/2018\/08\/insert-moulded1-1.jpg\" data-attachment-id=\"2368\" data-type=\"image\" class=\"fg-thumb\"><span class=\"fg-image-wrap\"><img decoding=\"async\" width=\"251\" height=\"190\" class=\"skip-lazy fg-image\" data-src-fg=\"https:\/\/www.mouldprecision.com\/wp-content\/uploads\/cache\/2018\/08\/insert-moulded1-1\/578452242.jpg\" src=\"data:image\/svg+xml,%3Csvg%20xmlns%3D%22http%3A%2F%2Fwww.w3.org%2F2000%2Fsvg%22%20width%3D%22251%22%20height%3D%22190%22%20viewBox%3D%220%200%20251%20190%22%3E%3C%2Fsvg%3E\" loading=\"eager\"><\/span><span class=\"fg-image-overlay\"><\/span><\/a><\/figure><div class=\"fg-loader\"><\/div><\/div><div class=\"fg-item fg-type-image fg-idle\"><figure class=\"fg-item-inner\"><a href=\"https:\/\/www.mouldprecision.com\/wp-content\/uploads\/2018\/08\/plastic-moulded-part14.jpg\" data-attachment-id=\"2393\" data-type=\"image\" class=\"fg-thumb\"><span class=\"fg-image-wrap\"><img decoding=\"async\" width=\"251\" height=\"190\" class=\"skip-lazy fg-image\" data-src-fg=\"https:\/\/www.mouldprecision.com\/wp-content\/uploads\/cache\/2018\/08\/plastic-moulded-part14\/3206349181.jpg\" src=\"data:image\/svg+xml,%3Csvg%20xmlns%3D%22http%3A%2F%2Fwww.w3.org%2F2000%2Fsvg%22%20width%3D%22251%22%20height%3D%22190%22%20viewBox%3D%220%200%20251%20190%22%3E%3C%2Fsvg%3E\" loading=\"eager\"><\/span><span class=\"fg-image-overlay\"><\/span><\/a><\/figure><div class=\"fg-loader\"><\/div><\/div><\/div>\n\n<h3>La vari\u00e9t\u00e9 de mat\u00e9riel de r\u00e9sine plastique est :<\/h3>\n<h4>Classes g\u00e9n\u00e9rales :<\/h4>\n<p>ABS, FR-ABS(Straex VE-0860T, GE FR15U, Chi Mei 757), PC(GE Lexan 925A, Makrolon6555,ChiMei PC122), PC+ABS, PMMA, PP, HIPS, PE(HDPE,MDPE,LDPE).<\/p>\n<h4>Grades d&#8217;ing\u00e9nierie :<\/h4>\n<p>PA12(Grilamid TR55), PA66(Dupont Zytel Rynite132F,KOPA KN333G30), TPE(GLS CL2242,),TPR,TPU, PPS(Fortron 0220A9 130A64), LCP(Ticona Vectra A700), PEEK(VICTREX 450G), PSU(UDEL P-1700), POM(Ticona Celcon M90), PVDF(Kynar 720, 740, Solef 6010), PET(Eastman Durastar MN631), PBT(Dupont Crastin 6130, LANXESS POCAN B 3235 901510).<\/p>\n<p><a href=\"http:\/\/www.chimeicorp.com\/en-us\/products\/#plastics\"><img loading=\"lazy\" decoding=\"async\" class=\"alignnone size-full wp-image-3417\" src=\"https:\/\/www.mouldprecision.com\/wp-content\/uploads\/2018\/08\/Chimei-logo.jpg\" alt=\"\" width=\"164\" height=\"54\" \/><\/a> <a href=\"http:\/\/www.lgchem.com\"><img loading=\"lazy\" decoding=\"async\" class=\"alignnone size-medium wp-image-3418\" src=\"https:\/\/www.mouldprecision.com\/wp-content\/uploads\/2018\/08\/LG-Chem-logo.jpg\" alt=\"\" width=\"136\" height=\"54\" \/><\/a> <a href=\"http:\/\/www.dupont.com\/products-and-services\/plastics-polymers-resins.html\"><img loading=\"lazy\" decoding=\"async\" class=\"alignnone size-medium wp-image-3419\" src=\"https:\/\/www.mouldprecision.com\/wp-content\/uploads\/2018\/08\/Red_Dupont_JPG_Logo.jpg\" alt=\"\" width=\"150\" height=\"54\" \/><\/a> <a href=\"https:\/\/www.sabic.com\/en\"><img loading=\"lazy\" decoding=\"async\" class=\"alignnone size-medium wp-image-3420\" src=\"https:\/\/www.mouldprecision.com\/wp-content\/uploads\/2018\/08\/sabic-logo.jpg\" alt=\"\" width=\"161\" height=\"54\" \/><\/a><\/p>\n<h4>&#8211;&gt;\u00a0<a href=\"https:\/\/www.mouldprecision.com\/fr\/produits.html\">Produits<\/a><\/h4>\n<!-- Begin Yuzo --><div class='yuzo_related_post style-1'  data-version='5.12.89'><!-- without result --><div class='yuzo_clearfixed yuzo__title yuzo__title'><h5>Related Post<\/h5><\/div>\n<\/div>  <!-- End Yuzo :) -->","protected":false},"excerpt":{"rendered":"<p>Service de moulage de plastique : Nous offrons des services de moulage de plastique sur mesure, n&#8217;importe quelle quantit\u00e9 est la bienvenue, et la capacit\u00e9 est de 60 \u00e0 1800 tonnes. Vous obtiendrez un produit de moulage plastique de haute qualit\u00e9, avec un service satisfaisant de Plastic Selected, Test d&#8217;\u00e9chantillon gratuit, Spot Check and Painting [&hellip;]<\/p>\n","protected":false},"author":2,"featured_media":0,"parent":4042,"menu_order":0,"comment_status":"closed","ping_status":"closed","template":"","meta":{"footnotes":""},"class_list":["post-4011","page","type-page","status-publish","hentry"],"yoast_head":"<!-- This site is optimized with the Yoast SEO plugin v27.2 - https:\/\/yoast.com\/product\/yoast-seo-wordpress\/ -->\n<title>Plastique moulage | China mould maker,mould making company &amp; manufacturer<\/title>\n<meta name=\"robots\" content=\"index, follow, max-snippet:-1, max-image-preview:large, max-video-preview:-1\" \/>\n<link rel=\"canonical\" href=\"https:\/\/www.mouldprecision.com\/fr\/services\/plastique-moulage.html\" \/>\n<meta property=\"og:locale\" content=\"fr_FR\" \/>\n<meta property=\"og:type\" content=\"article\" \/>\n<meta property=\"og:title\" content=\"Plastique moulage | China mould maker,mould making company &amp; manufacturer\" \/>\n<meta property=\"og:description\" content=\"Service de moulage de plastique : Nous offrons des services de moulage de plastique sur mesure, n&#8217;importe quelle quantit\u00e9 est la bienvenue, et la capacit\u00e9 est de 60 \u00e0 1800 tonnes. Vous obtiendrez un produit de moulage plastique de haute qualit\u00e9, avec un service satisfaisant de Plastic Selected, Test d&#8217;\u00e9chantillon gratuit, Spot Check and Painting [&hellip;]\" \/>\n<meta property=\"og:url\" content=\"https:\/\/www.mouldprecision.com\/fr\/services\/plastique-moulage.html\" \/>\n<meta property=\"og:site_name\" content=\"China mould maker,mould making company &amp; manufacturer\" \/>\n<meta property=\"article:modified_time\" content=\"2018-09-09T03:03:55+00:00\" \/>\n<meta property=\"og:image\" content=\"https:\/\/www.mouldprecision.com\/wp-content\/uploads\/2018\/08\/Chimei-logo.jpg\" \/>\n<meta name=\"twitter:card\" content=\"summary_large_image\" \/>\n<meta name=\"twitter:label1\" content=\"Dur\u00e9e de lecture estim\u00e9e\" \/>\n\t<meta name=\"twitter:data1\" content=\"1 minute\" \/>\n<script type=\"application\/ld+json\" class=\"yoast-schema-graph\">{\"@context\":\"https:\/\/schema.org\",\"@graph\":[{\"@type\":\"WebPage\",\"@id\":\"https:\/\/www.mouldprecision.com\/fr\/services\/plastique-moulage.html\",\"url\":\"https:\/\/www.mouldprecision.com\/fr\/services\/plastique-moulage.html\",\"name\":\"Plastique moulage | China mould maker,mould making company &amp; manufacturer\",\"isPartOf\":{\"@id\":\"https:\/\/www.mouldprecision.com\/#website\"},\"primaryImageOfPage\":{\"@id\":\"https:\/\/www.mouldprecision.com\/fr\/services\/plastique-moulage.html#primaryimage\"},\"image\":{\"@id\":\"https:\/\/www.mouldprecision.com\/fr\/services\/plastique-moulage.html#primaryimage\"},\"thumbnailUrl\":\"https:\/\/www.mouldprecision.com\/wp-content\/uploads\/2018\/08\/Chimei-logo.jpg\",\"datePublished\":\"2018-09-09T01:48:12+00:00\",\"dateModified\":\"2018-09-09T03:03:55+00:00\",\"breadcrumb\":{\"@id\":\"https:\/\/www.mouldprecision.com\/fr\/services\/plastique-moulage.html#breadcrumb\"},\"inLanguage\":\"fr-FR\",\"potentialAction\":[{\"@type\":\"ReadAction\",\"target\":[\"https:\/\/www.mouldprecision.com\/fr\/services\/plastique-moulage.html\"]}]},{\"@type\":\"ImageObject\",\"inLanguage\":\"fr-FR\",\"@id\":\"https:\/\/www.mouldprecision.com\/fr\/services\/plastique-moulage.html#primaryimage\",\"url\":\"https:\/\/www.mouldprecision.com\/wp-content\/uploads\/2018\/08\/Chimei-logo.jpg\",\"contentUrl\":\"https:\/\/www.mouldprecision.com\/wp-content\/uploads\/2018\/08\/Chimei-logo.jpg\"},{\"@type\":\"BreadcrumbList\",\"@id\":\"https:\/\/www.mouldprecision.com\/fr\/services\/plastique-moulage.html#breadcrumb\",\"itemListElement\":[{\"@type\":\"ListItem\",\"position\":1,\"name\":\"Home\",\"item\":\"https:\/\/www.mouldprecision.com\/fr\"},{\"@type\":\"ListItem\",\"position\":2,\"name\":\"Services\",\"item\":\"https:\/\/www.mouldprecision.com\/fr\/services.html\"},{\"@type\":\"ListItem\",\"position\":3,\"name\":\"Plastique moulage\"}]},{\"@type\":\"WebSite\",\"@id\":\"https:\/\/www.mouldprecision.com\/#website\",\"url\":\"https:\/\/www.mouldprecision.com\/\",\"name\":\"China mould maker,mould making company &amp; manufacturer\",\"description\":\"\",\"publisher\":{\"@id\":\"https:\/\/www.mouldprecision.com\/#organization\"},\"potentialAction\":[{\"@type\":\"SearchAction\",\"target\":{\"@type\":\"EntryPoint\",\"urlTemplate\":\"https:\/\/www.mouldprecision.com\/?s={search_term_string}\"},\"query-input\":{\"@type\":\"PropertyValueSpecification\",\"valueRequired\":true,\"valueName\":\"search_term_string\"}}],\"inLanguage\":\"fr-FR\"},{\"@type\":\"Organization\",\"@id\":\"https:\/\/www.mouldprecision.com\/#organization\",\"name\":\"China mould maker,mould making company &amp; manufacturer\",\"url\":\"https:\/\/www.mouldprecision.com\/\",\"logo\":{\"@type\":\"ImageObject\",\"inLanguage\":\"fr-FR\",\"@id\":\"https:\/\/www.mouldprecision.com\/#\/schema\/logo\/image\/\",\"url\":\"https:\/\/www.mouldprecision.com\/wp-content\/uploads\/2018\/08\/MP-logo.png\",\"contentUrl\":\"https:\/\/www.mouldprecision.com\/wp-content\/uploads\/2018\/08\/MP-logo.png\",\"width\":156,\"height\":59,\"caption\":\"China mould maker,mould making company &amp; manufacturer\"},\"image\":{\"@id\":\"https:\/\/www.mouldprecision.com\/#\/schema\/logo\/image\/\"}}]}<\/script>\n<!-- \/ Yoast SEO plugin. -->","yoast_head_json":{"title":"Plastique moulage | China mould maker,mould making company &amp; manufacturer","robots":{"index":"index","follow":"follow","max-snippet":"max-snippet:-1","max-image-preview":"max-image-preview:large","max-video-preview":"max-video-preview:-1"},"canonical":"https:\/\/www.mouldprecision.com\/fr\/services\/plastique-moulage.html","og_locale":"fr_FR","og_type":"article","og_title":"Plastique moulage | China mould maker,mould making company &amp; manufacturer","og_description":"Service de moulage de plastique : Nous offrons des services de moulage de plastique sur mesure, n&#8217;importe quelle quantit\u00e9 est la bienvenue, et la capacit\u00e9 est de 60 \u00e0 1800 tonnes. Vous obtiendrez un produit de moulage plastique de haute qualit\u00e9, avec un service satisfaisant de Plastic Selected, Test d&#8217;\u00e9chantillon gratuit, Spot Check and Painting [&hellip;]","og_url":"https:\/\/www.mouldprecision.com\/fr\/services\/plastique-moulage.html","og_site_name":"China mould maker,mould making company &amp; manufacturer","article_modified_time":"2018-09-09T03:03:55+00:00","og_image":[{"url":"https:\/\/www.mouldprecision.com\/wp-content\/uploads\/2018\/08\/Chimei-logo.jpg","type":"","width":"","height":""}],"twitter_card":"summary_large_image","twitter_misc":{"Dur\u00e9e de lecture estim\u00e9e":"1 minute"},"schema":{"@context":"https:\/\/schema.org","@graph":[{"@type":"WebPage","@id":"https:\/\/www.mouldprecision.com\/fr\/services\/plastique-moulage.html","url":"https:\/\/www.mouldprecision.com\/fr\/services\/plastique-moulage.html","name":"Plastique moulage | China mould maker,mould making company &amp; manufacturer","isPartOf":{"@id":"https:\/\/www.mouldprecision.com\/#website"},"primaryImageOfPage":{"@id":"https:\/\/www.mouldprecision.com\/fr\/services\/plastique-moulage.html#primaryimage"},"image":{"@id":"https:\/\/www.mouldprecision.com\/fr\/services\/plastique-moulage.html#primaryimage"},"thumbnailUrl":"https:\/\/www.mouldprecision.com\/wp-content\/uploads\/2018\/08\/Chimei-logo.jpg","datePublished":"2018-09-09T01:48:12+00:00","dateModified":"2018-09-09T03:03:55+00:00","breadcrumb":{"@id":"https:\/\/www.mouldprecision.com\/fr\/services\/plastique-moulage.html#breadcrumb"},"inLanguage":"fr-FR","potentialAction":[{"@type":"ReadAction","target":["https:\/\/www.mouldprecision.com\/fr\/services\/plastique-moulage.html"]}]},{"@type":"ImageObject","inLanguage":"fr-FR","@id":"https:\/\/www.mouldprecision.com\/fr\/services\/plastique-moulage.html#primaryimage","url":"https:\/\/www.mouldprecision.com\/wp-content\/uploads\/2018\/08\/Chimei-logo.jpg","contentUrl":"https:\/\/www.mouldprecision.com\/wp-content\/uploads\/2018\/08\/Chimei-logo.jpg"},{"@type":"BreadcrumbList","@id":"https:\/\/www.mouldprecision.com\/fr\/services\/plastique-moulage.html#breadcrumb","itemListElement":[{"@type":"ListItem","position":1,"name":"Home","item":"https:\/\/www.mouldprecision.com\/fr"},{"@type":"ListItem","position":2,"name":"Services","item":"https:\/\/www.mouldprecision.com\/fr\/services.html"},{"@type":"ListItem","position":3,"name":"Plastique moulage"}]},{"@type":"WebSite","@id":"https:\/\/www.mouldprecision.com\/#website","url":"https:\/\/www.mouldprecision.com\/","name":"China mould maker,mould making company &amp; manufacturer","description":"","publisher":{"@id":"https:\/\/www.mouldprecision.com\/#organization"},"potentialAction":[{"@type":"SearchAction","target":{"@type":"EntryPoint","urlTemplate":"https:\/\/www.mouldprecision.com\/?s={search_term_string}"},"query-input":{"@type":"PropertyValueSpecification","valueRequired":true,"valueName":"search_term_string"}}],"inLanguage":"fr-FR"},{"@type":"Organization","@id":"https:\/\/www.mouldprecision.com\/#organization","name":"China mould maker,mould making company &amp; manufacturer","url":"https:\/\/www.mouldprecision.com\/","logo":{"@type":"ImageObject","inLanguage":"fr-FR","@id":"https:\/\/www.mouldprecision.com\/#\/schema\/logo\/image\/","url":"https:\/\/www.mouldprecision.com\/wp-content\/uploads\/2018\/08\/MP-logo.png","contentUrl":"https:\/\/www.mouldprecision.com\/wp-content\/uploads\/2018\/08\/MP-logo.png","width":156,"height":59,"caption":"China mould maker,mould making company &amp; manufacturer"},"image":{"@id":"https:\/\/www.mouldprecision.com\/#\/schema\/logo\/image\/"}}]}},"_links":{"self":[{"href":"https:\/\/www.mouldprecision.com\/fr\/wp-json\/wp\/v2\/pages\/4011","targetHints":{"allow":["GET"]}}],"collection":[{"href":"https:\/\/www.mouldprecision.com\/fr\/wp-json\/wp\/v2\/pages"}],"about":[{"href":"https:\/\/www.mouldprecision.com\/fr\/wp-json\/wp\/v2\/types\/page"}],"author":[{"embeddable":true,"href":"https:\/\/www.mouldprecision.com\/fr\/wp-json\/wp\/v2\/users\/2"}],"replies":[{"embeddable":true,"href":"https:\/\/www.mouldprecision.com\/fr\/wp-json\/wp\/v2\/comments?post=4011"}],"version-history":[{"count":0,"href":"https:\/\/www.mouldprecision.com\/fr\/wp-json\/wp\/v2\/pages\/4011\/revisions"}],"up":[{"embeddable":true,"href":"https:\/\/www.mouldprecision.com\/fr\/wp-json\/wp\/v2\/pages\/4042"}],"wp:attachment":[{"href":"https:\/\/www.mouldprecision.com\/fr\/wp-json\/wp\/v2\/media?parent=4011"}],"curies":[{"name":"wp","href":"https:\/\/api.w.org\/{rel}","templated":true}]}}