{"id":4005,"date":"2018-09-09T01:44:12","date_gmt":"2018-09-09T01:44:12","guid":{"rendered":"https:\/\/www.mouldprecision.com\/?page_id=4005"},"modified":"2018-09-09T01:44:12","modified_gmt":"2018-09-09T01:44:12","slug":"moules-fabrication","status":"publish","type":"page","link":"https:\/\/www.mouldprecision.com\/fr\/services\/moules-fabrication.html","title":{"rendered":"Moules Fabrication"},"content":{"rendered":"<h2><strong>Fabrication de moules en Chine, exportation de moules vers l&#8217;Europe et l&#8217;Am<\/strong><strong>\u00e9<\/strong><strong>rique.<\/strong><\/h2>\n<p>Nous avons une riche exp\u00e9rience dans le service de <strong>fabrication de moules<\/strong> d&#8217;injection plastique, avec les normes LKM, HASCO ou DME, et la sp\u00e9cification des exigences du client. 90% des exportations de moules vers l&#8217;Europe et l&#8217;Am\u00e9rique du Nord.<\/p>\n<h3>Service de fabrication de moules :<\/h3>\n<p>Nous sommes en mesure de fabriquer des moules de la classe 105 pour le <strong>prototypage<\/strong> et les petites s\u00e9ries, <strong>jusqu&#8217;au<\/strong> moule de classe 101 capable de millions de cycles. Toutes les sp\u00e9cifications SPI Mold Specifications sont les bienvenues.<\/p>\n<style type=\"text\/css\">\n#foogallery-gallery-633 .fg-image { width: 251px; }\n#foogallery-gallery-633 { --fg-gutter: 10px; }<\/style>\n\t\t\t<style type=\"text\/css\">\n#foogallery-gallery-633_1 .fg-image { width: 251px; }\n#foogallery-gallery-633_1 { --fg-gutter: 10px; }<\/style>\n\t\t\t<div class=\"foogallery foogallery-container foogallery-default foogallery-lightbox-foobox fg-center fg-default fg-ready fg-light fg-hover-scale fg-hover-instant\" id=\"foogallery-gallery-633_1\" data-foogallery=\"{&quot;item&quot;:{&quot;showCaptionTitle&quot;:true,&quot;showCaptionDescription&quot;:false},&quot;lazy&quot;:true}\" style=\"--fg-title-line-clamp: 0; --fg-description-line-clamp: 0;\" >\n\t<div class=\"fg-item fg-type-image fg-idle\"><figure class=\"fg-item-inner\"><a href=\"https:\/\/www.mouldprecision.com\/wp-content\/uploads\/2018\/08\/CNC-machining.jpg\" data-attachment-id=\"2246\" data-type=\"image\" class=\"fg-thumb\"><span class=\"fg-image-wrap\"><img decoding=\"async\" width=\"251\" height=\"190\" class=\"skip-lazy fg-image\" data-src-fg=\"https:\/\/www.mouldprecision.com\/wp-content\/uploads\/cache\/2018\/08\/CNC-machining\/3972012230.jpg\" src=\"data:image\/svg+xml,%3Csvg%20xmlns%3D%22http%3A%2F%2Fwww.w3.org%2F2000%2Fsvg%22%20width%3D%22251%22%20height%3D%22190%22%20viewBox%3D%220%200%20251%20190%22%3E%3C%2Fsvg%3E\" loading=\"eager\"><\/span><span class=\"fg-image-overlay\"><\/span><\/a><\/figure><div class=\"fg-loader\"><\/div><\/div><div class=\"fg-item fg-type-image fg-idle\"><figure class=\"fg-item-inner\"><a href=\"https:\/\/www.mouldprecision.com\/wp-content\/uploads\/2018\/08\/EDM-machining.jpg\" data-attachment-id=\"2247\" data-type=\"image\" class=\"fg-thumb\"><span class=\"fg-image-wrap\"><img decoding=\"async\" width=\"251\" height=\"190\" class=\"skip-lazy fg-image\" data-src-fg=\"https:\/\/www.mouldprecision.com\/wp-content\/uploads\/cache\/2018\/08\/EDM-machining\/1455439027.jpg\" src=\"data:image\/svg+xml,%3Csvg%20xmlns%3D%22http%3A%2F%2Fwww.w3.org%2F2000%2Fsvg%22%20width%3D%22251%22%20height%3D%22190%22%20viewBox%3D%220%200%20251%20190%22%3E%3C%2Fsvg%3E\" loading=\"eager\"><\/span><span class=\"fg-image-overlay\"><\/span><\/a><\/figure><div class=\"fg-loader\"><\/div><\/div><div class=\"fg-item fg-type-image fg-idle\"><figure class=\"fg-item-inner\"><a href=\"https:\/\/www.mouldprecision.com\/wp-content\/uploads\/2018\/08\/plastic-mould-fitting.jpg\" data-attachment-id=\"2251\" data-type=\"image\" class=\"fg-thumb\"><span class=\"fg-image-wrap\"><img decoding=\"async\" width=\"251\" height=\"190\" class=\"skip-lazy fg-image\" data-src-fg=\"https:\/\/www.mouldprecision.com\/wp-content\/uploads\/cache\/2018\/08\/plastic-mould-fitting\/1487514068.jpg\" src=\"data:image\/svg+xml,%3Csvg%20xmlns%3D%22http%3A%2F%2Fwww.w3.org%2F2000%2Fsvg%22%20width%3D%22251%22%20height%3D%22190%22%20viewBox%3D%220%200%20251%20190%22%3E%3C%2Fsvg%3E\" loading=\"eager\"><\/span><span class=\"fg-image-overlay\"><\/span><\/a><\/figure><div class=\"fg-loader\"><\/div><\/div><div class=\"fg-item fg-type-image fg-idle\"><figure class=\"fg-item-inner\"><a href=\"https:\/\/www.mouldprecision.com\/wp-content\/uploads\/2018\/08\/plastic-mould.jpg\" data-attachment-id=\"2250\" data-type=\"image\" class=\"fg-thumb\"><span class=\"fg-image-wrap\"><img decoding=\"async\" width=\"251\" height=\"190\" class=\"skip-lazy fg-image\" data-src-fg=\"https:\/\/www.mouldprecision.com\/wp-content\/uploads\/cache\/2018\/08\/plastic-mould\/2709449950.jpg\" src=\"data:image\/svg+xml,%3Csvg%20xmlns%3D%22http%3A%2F%2Fwww.w3.org%2F2000%2Fsvg%22%20width%3D%22251%22%20height%3D%22190%22%20viewBox%3D%220%200%20251%20190%22%3E%3C%2Fsvg%3E\" loading=\"eager\"><\/span><span class=\"fg-image-overlay\"><\/span><\/a><\/figure><div class=\"fg-loader\"><\/div><\/div><div class=\"fg-item fg-type-image fg-idle\"><figure class=\"fg-item-inner\"><a href=\"https:\/\/www.mouldprecision.com\/wp-content\/uploads\/2018\/08\/mould-packing.jpg\" data-attachment-id=\"3228\" data-type=\"image\" class=\"fg-thumb\"><span class=\"fg-image-wrap\"><img decoding=\"async\" width=\"251\" height=\"190\" class=\"skip-lazy fg-image\" data-src-fg=\"https:\/\/www.mouldprecision.com\/wp-content\/uploads\/cache\/2018\/08\/mould-packing\/539675544.jpg\" src=\"data:image\/svg+xml,%3Csvg%20xmlns%3D%22http%3A%2F%2Fwww.w3.org%2F2000%2Fsvg%22%20width%3D%22251%22%20height%3D%22190%22%20viewBox%3D%220%200%20251%20190%22%3E%3C%2Fsvg%3E\" loading=\"eager\"><\/span><span class=\"fg-image-overlay\"><\/span><\/a><\/figure><div class=\"fg-loader\"><\/div><\/div><div class=\"fg-item fg-type-image fg-idle\"><figure class=\"fg-item-inner\"><a href=\"https:\/\/www.mouldprecision.com\/wp-content\/uploads\/2018\/08\/plastic-mould-plywood.jpg\" data-attachment-id=\"2252\" data-type=\"image\" class=\"fg-thumb\"><span class=\"fg-image-wrap\"><img decoding=\"async\" width=\"251\" height=\"190\" class=\"skip-lazy fg-image\" data-src-fg=\"https:\/\/www.mouldprecision.com\/wp-content\/uploads\/cache\/2018\/08\/plastic-mould-plywood\/2366503643.jpg\" src=\"data:image\/svg+xml,%3Csvg%20xmlns%3D%22http%3A%2F%2Fwww.w3.org%2F2000%2Fsvg%22%20width%3D%22251%22%20height%3D%22190%22%20viewBox%3D%220%200%20251%20190%22%3E%3C%2Fsvg%3E\" loading=\"eager\"><\/span><span class=\"fg-image-overlay\"><\/span><\/a><\/figure><div class=\"fg-loader\"><\/div><\/div><\/div>\n\n<p>Lorsque vous nous confiez la fabrication de moules \u00e0 la main, vous obtenez un moule de qualit\u00e9 avec une solide r\u00e9putation derri\u00e8re lui. Nos installations et le talent de notre \u00e9quipe ne peuvent \u00eatre d\u00e9crits que comme \u00e9tant \u00e0 la fine pointe de la T<strong>echnologie &#8211; Intelligent, Cr\u00e9atif et R\u00e9actif.<\/strong><\/p>\n<h2>Information sur la fabrication de moules :<\/h2>\n<p><strong>Unit\u00e9s de moulage :<\/strong> Moule m\u00e9trique, moule en pouces<\/p>\n<h4>Acier moul\u00e9 :<\/h4>\n<ul class=\"pd6\">\n<li>LKM : LKM2344, LKM838H, LKM2311, LKM2312, LKM718H, LKM718H, LKM738H<\/li>\n<li>ASSAB (Su\u00e8de) : IMPAX718H, STAVAX S136, STAVAX S136H, STAVAX S136H<\/li>\n<li>DAIDO (Japon) : PX88, NAK55, NAK80. DC11, DC53<\/li>\n<li>FINKL (Am\u00e9rique) : P20HHH, P20LQ, H13<\/li>\n<li>AUBERT &amp; DUVAL (France) : ADC3, SMV3W<\/li>\n<\/ul>\n<p><strong>Base du moule :<\/strong> DME, HASCO, LKM, Chine<\/p>\n<p><strong>Pi\u00e8ces standard :<\/strong> DME, HASCO, LKM<\/p>\n<p><strong>Hot Runner :<\/strong> Moule MASTER, HUSKY, HASCO, DME, YUDO, YUDO, INCOE<\/p>\n<p><strong>Polissage\/Texture :<\/strong> SPI, VDI 3400, Mold-TECH, YS<\/p>\n<p><strong>Tol\u00e9rance moul\u00e9e :<\/strong> 0,01mm +- 0,01mm<\/p>\n<p><strong>Taille du moule :<\/strong> Jusqu&#8217;\u00e0 10 tonnes<\/p>\n<p><strong>D\u00e9lai de livraison :<\/strong> 2-10 semaines<\/p>\n<style type=\"text\/css\">\n#foogallery-gallery-1012 .fg-image { width: 251px; }\n#foogallery-gallery-1012 { --fg-gutter: 10px; }<\/style>\n\t\t\t<style type=\"text\/css\">\n#foogallery-gallery-1012_1 .fg-image { width: 251px; }\n#foogallery-gallery-1012_1 { --fg-gutter: 10px; }<\/style>\n\t\t\t<div class=\"foogallery foogallery-container foogallery-default foogallery-lightbox-none fg-center fg-default fg-ready fg-light fg-hover-instant\" id=\"foogallery-gallery-1012_1\" data-foogallery=\"{&quot;item&quot;:{&quot;showCaptionTitle&quot;:false,&quot;showCaptionDescription&quot;:false},&quot;lazy&quot;:true}\" style=\"--fg-title-line-clamp: 0; --fg-description-line-clamp: 0;\" >\n\t<div class=\"fg-item fg-type-image fg-idle\"><figure class=\"fg-item-inner\"><a href=\"https:\/\/www.mouldprecision.com\/wp-content\/uploads\/2018\/08\/weekly-processing-report-1.png\" data-attachment-id=\"2300\" data-type=\"image\" class=\"fg-thumb\"><span class=\"fg-image-wrap\"><img decoding=\"async\" width=\"251\" height=\"43\" class=\"skip-lazy fg-image\" data-src-fg=\"https:\/\/www.mouldprecision.com\/wp-content\/uploads\/2018\/08\/weekly-processing-report-1.png\" src=\"data:image\/svg+xml,%3Csvg%20xmlns%3D%22http%3A%2F%2Fwww.w3.org%2F2000%2Fsvg%22%20width%3D%22251%22%20height%3D%2243%22%20viewBox%3D%220%200%20251%2043%22%3E%3C%2Fsvg%3E\" loading=\"eager\"><\/span><span class=\"fg-image-overlay\"><\/span><\/a><\/figure><div class=\"fg-loader\"><\/div><\/div><div class=\"fg-item fg-type-iframe fg-idle\"><figure class=\"fg-item-inner\"><a href=\"https:\/\/www.mouldprecision.com\/wp-content\/uploads\/2018\/07\/T1_MP1425_2014_12_22.pdf\" data-attachment-id=\"2297\" data-type=\"iframe\" class=\"fg-thumb\"><span class=\"fg-image-wrap\"><img decoding=\"async\" width=\"251\" height=\"43\" class=\"skip-lazy fg-image\" data-src-fg=\"https:\/\/www.mouldprecision.com\/wp-content\/uploads\/2018\/08\/mould-trial-report-1.png\" src=\"data:image\/svg+xml,%3Csvg%20xmlns%3D%22http%3A%2F%2Fwww.w3.org%2F2000%2Fsvg%22%20width%3D%22251%22%20height%3D%2243%22%20viewBox%3D%220%200%20251%2043%22%3E%3C%2Fsvg%3E\" loading=\"eager\"><\/span><span class=\"fg-image-overlay\"><\/span><\/a><\/figure><div class=\"fg-loader\"><\/div><\/div><div class=\"fg-item fg-type-iframe fg-idle\"><figure class=\"fg-item-inner\"><a href=\"https:\/\/www.mouldprecision.com\/wp-content\/uploads\/2018\/07\/MP-Finished-Mold-Checklist.pdf\" data-attachment-id=\"2291\" data-type=\"iframe\" class=\"fg-thumb\"><span class=\"fg-image-wrap\"><img decoding=\"async\" width=\"251\" height=\"43\" class=\"skip-lazy fg-image\" data-src-fg=\"https:\/\/www.mouldprecision.com\/wp-content\/uploads\/2018\/08\/finished-mould-checklist-1.png\" src=\"data:image\/svg+xml,%3Csvg%20xmlns%3D%22http%3A%2F%2Fwww.w3.org%2F2000%2Fsvg%22%20width%3D%22251%22%20height%3D%2243%22%20viewBox%3D%220%200%20251%2043%22%3E%3C%2Fsvg%3E\" loading=\"eager\"><\/span><span class=\"fg-image-overlay\"><\/span><\/a><\/figure><div class=\"fg-loader\"><\/div><\/div><\/div>\n\n<p>Nos ing\u00e9nieurs et moulistes ont des dizaines d&#8217;ann\u00e9es <strong>d&#8217;exp\u00e9rience<\/strong> dans la production de moules tr\u00e8s complexes et \u00e0 tol\u00e9rance serr\u00e9e. Cette exp\u00e9rience, cette pr\u00e9cision et cette expertise nous permettent de fabriquer des moules, du plus simple au plus complexe. Tels que les moules \u00e0 cavit\u00e9s multiples, les moules \u00e0 glissi\u00e8res multiples, les moules \u00e0 d\u00e9visser, les moules d&#8217;insertion, les moules d&#8217;insertion et les moules de surmoulage, etc.<\/p>\n<h4>Essai de moule<\/h4>\n<p>Nous avons en interne des essais de moules de 100 tonnes \u00e0 450 tonnes de presse. Nous int\u00e9grons une usine d&#8217;essai de moules professionnels pour des projets sp\u00e9ciaux, comme le PVC, le plastique POM, la pi\u00e8ce transparente ou le plastique de plus grande taille. Tous les moules d&#8217;injection plastique sont bien organis\u00e9s pour \u00eatre stock\u00e9s apr\u00e8s l&#8217;essai du moule.<\/p>\n<h4>Entretien des Moules<\/h4>\n<p>Pour faciliter et am\u00e9liorer le changement de moule ou l&#8217;entretien, nous emballerons bien le moule et livrons le moule avec les dessins de conception 2D\/3D, les donn\u00e9es de programmation CN contenues dans un CD. Le cuivre EDM, les inserts interchangeables, les pi\u00e8ces d&#8217;usure, etc. sont bien emball\u00e9s et exp\u00e9di\u00e9s avec le moule.<\/p>\n<h4>&#8211;&gt;\u00a0<a href=\"https:\/\/www.mouldprecision.com\/fr\/produits.html\">Produits<\/a><\/h4>\n<!-- Begin Yuzo --><div class='yuzo_related_post style-1'  data-version='5.12.89'><!-- without result --><div class='yuzo_clearfixed yuzo__title yuzo__title'><h5>Related Post<\/h5><\/div>\n<\/div>  <!-- End Yuzo :) -->","protected":false},"excerpt":{"rendered":"<p>Fabrication de moules en Chine, exportation de moules vers l&#8217;Europe et l&#8217;Am\u00e9rique. Nous avons une riche exp\u00e9rience dans le service de fabrication de moules d&#8217;injection plastique, avec les normes LKM, HASCO ou DME, et la sp\u00e9cification des exigences du client. 90% des exportations de moules vers l&#8217;Europe et l&#8217;Am\u00e9rique du Nord. Service de fabrication de [&hellip;]<\/p>\n","protected":false},"author":2,"featured_media":0,"parent":4042,"menu_order":0,"comment_status":"closed","ping_status":"closed","template":"","meta":{"footnotes":""},"class_list":["post-4005","page","type-page","status-publish","hentry"],"yoast_head":"<!-- This site is optimized with the Yoast SEO plugin v27.2 - https:\/\/yoast.com\/product\/yoast-seo-wordpress\/ -->\n<title>Moules Fabrication | China mould maker,mould making company &amp; manufacturer<\/title>\n<meta name=\"description\" content=\"Nous avons une riche exp\u00e9rience dans le service de fabrication de moules d&#039;injection plastique, avec les normes LKM, HASCO ou DME, et la sp\u00e9cification des exigences du client.\" \/>\n<meta name=\"robots\" content=\"index, follow, max-snippet:-1, max-image-preview:large, max-video-preview:-1\" \/>\n<link rel=\"canonical\" href=\"https:\/\/www.mouldprecision.com\/fr\/services\/moules-fabrication.html\" \/>\n<meta property=\"og:locale\" content=\"fr_FR\" \/>\n<meta property=\"og:type\" content=\"article\" \/>\n<meta property=\"og:title\" content=\"Moules Fabrication | China mould maker,mould making company &amp; manufacturer\" \/>\n<meta property=\"og:description\" content=\"Nous avons une riche exp\u00e9rience dans le service de fabrication de moules d&#039;injection plastique, avec les normes LKM, HASCO ou DME, et la sp\u00e9cification des exigences du client.\" \/>\n<meta property=\"og:url\" content=\"https:\/\/www.mouldprecision.com\/fr\/services\/moules-fabrication.html\" \/>\n<meta property=\"og:site_name\" content=\"China mould maker,mould making company &amp; manufacturer\" \/>\n<meta name=\"twitter:card\" content=\"summary_large_image\" \/>\n<meta name=\"twitter:label1\" content=\"Dur\u00e9e de lecture estim\u00e9e\" \/>\n\t<meta name=\"twitter:data1\" content=\"2 minutes\" \/>\n<script type=\"application\/ld+json\" class=\"yoast-schema-graph\">{\"@context\":\"https:\/\/schema.org\",\"@graph\":[{\"@type\":\"WebPage\",\"@id\":\"https:\/\/www.mouldprecision.com\/fr\/services\/moules-fabrication.html\",\"url\":\"https:\/\/www.mouldprecision.com\/fr\/services\/moules-fabrication.html\",\"name\":\"Moules Fabrication | China mould maker,mould making company &amp; manufacturer\",\"isPartOf\":{\"@id\":\"https:\/\/www.mouldprecision.com\/#website\"},\"datePublished\":\"2018-09-09T01:44:12+00:00\",\"description\":\"Nous avons une riche exp\u00e9rience dans le service de fabrication de moules d'injection plastique, avec les normes LKM, HASCO ou DME, et la sp\u00e9cification des exigences du client.\",\"breadcrumb\":{\"@id\":\"https:\/\/www.mouldprecision.com\/fr\/services\/moules-fabrication.html#breadcrumb\"},\"inLanguage\":\"fr-FR\",\"potentialAction\":[{\"@type\":\"ReadAction\",\"target\":[\"https:\/\/www.mouldprecision.com\/fr\/services\/moules-fabrication.html\"]}]},{\"@type\":\"BreadcrumbList\",\"@id\":\"https:\/\/www.mouldprecision.com\/fr\/services\/moules-fabrication.html#breadcrumb\",\"itemListElement\":[{\"@type\":\"ListItem\",\"position\":1,\"name\":\"Home\",\"item\":\"https:\/\/www.mouldprecision.com\/fr\"},{\"@type\":\"ListItem\",\"position\":2,\"name\":\"Services\",\"item\":\"https:\/\/www.mouldprecision.com\/fr\/services.html\"},{\"@type\":\"ListItem\",\"position\":3,\"name\":\"Moules Fabrication\"}]},{\"@type\":\"WebSite\",\"@id\":\"https:\/\/www.mouldprecision.com\/#website\",\"url\":\"https:\/\/www.mouldprecision.com\/\",\"name\":\"China mould maker,mould making company &amp; manufacturer\",\"description\":\"\",\"publisher\":{\"@id\":\"https:\/\/www.mouldprecision.com\/#organization\"},\"potentialAction\":[{\"@type\":\"SearchAction\",\"target\":{\"@type\":\"EntryPoint\",\"urlTemplate\":\"https:\/\/www.mouldprecision.com\/?s={search_term_string}\"},\"query-input\":{\"@type\":\"PropertyValueSpecification\",\"valueRequired\":true,\"valueName\":\"search_term_string\"}}],\"inLanguage\":\"fr-FR\"},{\"@type\":\"Organization\",\"@id\":\"https:\/\/www.mouldprecision.com\/#organization\",\"name\":\"China mould maker,mould making company &amp; manufacturer\",\"url\":\"https:\/\/www.mouldprecision.com\/\",\"logo\":{\"@type\":\"ImageObject\",\"inLanguage\":\"fr-FR\",\"@id\":\"https:\/\/www.mouldprecision.com\/#\/schema\/logo\/image\/\",\"url\":\"https:\/\/www.mouldprecision.com\/wp-content\/uploads\/2018\/08\/MP-logo.png\",\"contentUrl\":\"https:\/\/www.mouldprecision.com\/wp-content\/uploads\/2018\/08\/MP-logo.png\",\"width\":156,\"height\":59,\"caption\":\"China mould maker,mould making company &amp; manufacturer\"},\"image\":{\"@id\":\"https:\/\/www.mouldprecision.com\/#\/schema\/logo\/image\/\"}}]}<\/script>\n<!-- \/ Yoast SEO plugin. -->","yoast_head_json":{"title":"Moules Fabrication | China mould maker,mould making company &amp; manufacturer","description":"Nous avons une riche exp\u00e9rience dans le service de fabrication de moules d'injection plastique, avec les normes LKM, HASCO ou DME, et la sp\u00e9cification des exigences du client.","robots":{"index":"index","follow":"follow","max-snippet":"max-snippet:-1","max-image-preview":"max-image-preview:large","max-video-preview":"max-video-preview:-1"},"canonical":"https:\/\/www.mouldprecision.com\/fr\/services\/moules-fabrication.html","og_locale":"fr_FR","og_type":"article","og_title":"Moules Fabrication | China mould maker,mould making company &amp; manufacturer","og_description":"Nous avons une riche exp\u00e9rience dans le service de fabrication de moules d'injection plastique, avec les normes LKM, HASCO ou DME, et la sp\u00e9cification des exigences du client.","og_url":"https:\/\/www.mouldprecision.com\/fr\/services\/moules-fabrication.html","og_site_name":"China mould maker,mould making company &amp; manufacturer","twitter_card":"summary_large_image","twitter_misc":{"Dur\u00e9e de lecture estim\u00e9e":"2 minutes"},"schema":{"@context":"https:\/\/schema.org","@graph":[{"@type":"WebPage","@id":"https:\/\/www.mouldprecision.com\/fr\/services\/moules-fabrication.html","url":"https:\/\/www.mouldprecision.com\/fr\/services\/moules-fabrication.html","name":"Moules Fabrication | China mould maker,mould making company &amp; manufacturer","isPartOf":{"@id":"https:\/\/www.mouldprecision.com\/#website"},"datePublished":"2018-09-09T01:44:12+00:00","description":"Nous avons une riche exp\u00e9rience dans le service de fabrication de moules d'injection plastique, avec les normes LKM, HASCO ou DME, et la sp\u00e9cification des exigences du client.","breadcrumb":{"@id":"https:\/\/www.mouldprecision.com\/fr\/services\/moules-fabrication.html#breadcrumb"},"inLanguage":"fr-FR","potentialAction":[{"@type":"ReadAction","target":["https:\/\/www.mouldprecision.com\/fr\/services\/moules-fabrication.html"]}]},{"@type":"BreadcrumbList","@id":"https:\/\/www.mouldprecision.com\/fr\/services\/moules-fabrication.html#breadcrumb","itemListElement":[{"@type":"ListItem","position":1,"name":"Home","item":"https:\/\/www.mouldprecision.com\/fr"},{"@type":"ListItem","position":2,"name":"Services","item":"https:\/\/www.mouldprecision.com\/fr\/services.html"},{"@type":"ListItem","position":3,"name":"Moules Fabrication"}]},{"@type":"WebSite","@id":"https:\/\/www.mouldprecision.com\/#website","url":"https:\/\/www.mouldprecision.com\/","name":"China mould maker,mould making company &amp; manufacturer","description":"","publisher":{"@id":"https:\/\/www.mouldprecision.com\/#organization"},"potentialAction":[{"@type":"SearchAction","target":{"@type":"EntryPoint","urlTemplate":"https:\/\/www.mouldprecision.com\/?s={search_term_string}"},"query-input":{"@type":"PropertyValueSpecification","valueRequired":true,"valueName":"search_term_string"}}],"inLanguage":"fr-FR"},{"@type":"Organization","@id":"https:\/\/www.mouldprecision.com\/#organization","name":"China mould maker,mould making company &amp; manufacturer","url":"https:\/\/www.mouldprecision.com\/","logo":{"@type":"ImageObject","inLanguage":"fr-FR","@id":"https:\/\/www.mouldprecision.com\/#\/schema\/logo\/image\/","url":"https:\/\/www.mouldprecision.com\/wp-content\/uploads\/2018\/08\/MP-logo.png","contentUrl":"https:\/\/www.mouldprecision.com\/wp-content\/uploads\/2018\/08\/MP-logo.png","width":156,"height":59,"caption":"China mould maker,mould making company &amp; manufacturer"},"image":{"@id":"https:\/\/www.mouldprecision.com\/#\/schema\/logo\/image\/"}}]}},"_links":{"self":[{"href":"https:\/\/www.mouldprecision.com\/fr\/wp-json\/wp\/v2\/pages\/4005","targetHints":{"allow":["GET"]}}],"collection":[{"href":"https:\/\/www.mouldprecision.com\/fr\/wp-json\/wp\/v2\/pages"}],"about":[{"href":"https:\/\/www.mouldprecision.com\/fr\/wp-json\/wp\/v2\/types\/page"}],"author":[{"embeddable":true,"href":"https:\/\/www.mouldprecision.com\/fr\/wp-json\/wp\/v2\/users\/2"}],"replies":[{"embeddable":true,"href":"https:\/\/www.mouldprecision.com\/fr\/wp-json\/wp\/v2\/comments?post=4005"}],"version-history":[{"count":0,"href":"https:\/\/www.mouldprecision.com\/fr\/wp-json\/wp\/v2\/pages\/4005\/revisions"}],"up":[{"embeddable":true,"href":"https:\/\/www.mouldprecision.com\/fr\/wp-json\/wp\/v2\/pages\/4042"}],"wp:attachment":[{"href":"https:\/\/www.mouldprecision.com\/fr\/wp-json\/wp\/v2\/media?parent=4005"}],"curies":[{"name":"wp","href":"https:\/\/api.w.org\/{rel}","templated":true}]}}