{"id":4002,"date":"2018-09-09T01:31:25","date_gmt":"2018-09-09T01:31:25","guid":{"rendered":"https:\/\/www.mouldprecision.com\/?page_id=4002"},"modified":"2018-09-09T01:44:41","modified_gmt":"2018-09-09T01:44:41","slug":"moule-conception","status":"publish","type":"page","link":"https:\/\/www.mouldprecision.com\/fr\/services\/moule-conception.html","title":{"rendered":"Moules Conception"},"content":{"rendered":"<h2>Un bon design de moule est la moiti\u00e9 du succ\u00e8s d&#8217;un moule de haute qualit\u00e9.<\/h2>\n<p>Nos ing\u00e9nieurs mold mold intelligence, vous offriront <strong>DFM, Moldflow, 2D Mold Layout et 3D Mold Drawing,<\/strong> ils sont qualifi\u00e9s et riches d&#8217;exp\u00e9rience utilisent CAE\/CAD\/CAM\/CAM pour la fabrication de moules et l&#8217;analyse de moulage par injection.<\/p>\n<p>Pour DFM, il s&#8217;agit d&#8217;un fichier PPT qui comprend des informations sur le moule de base, comme le num\u00e9ro de moule, le type de plastique et le retrait, le num\u00e9ro de cavit\u00e9, etc. et la disposition de la pi\u00e8ce, la ligne de pi\u00e8ce, la conception de la coulisse, la voie d&#8217;injection, la m\u00e9thode d&#8217;\u00e9jection, la disposition de refroidissement, la ventilation, etc.<\/p>\n<h3>D\u00e9lai de r\u00e9alisation de la conception du moule<\/h3>\n<div class=\"pd6\">\n<p><strong>1-3 jours pour DFM (Design for Manufacturing, PPT)<\/strong><br \/>\n<strong>1-3 jours pour la mise en page du moule 2D, (. DWG)<\/strong><br \/>\n<strong>1-3 jours Dessins de moules 3D(.STP ou.X-T)<\/strong><\/p>\n<\/div>\n<p>&nbsp;<\/p>\n<style type=\"text\/css\">\n#foogallery-gallery-826 .fg-image { width: 251px; }\n#foogallery-gallery-826 { --fg-gutter: 10px; }<\/style>\n\t\t\t<style type=\"text\/css\">\n#foogallery-gallery-826_1 .fg-image { width: 251px; }\n#foogallery-gallery-826_1 { --fg-gutter: 10px; }<\/style>\n\t\t\t<div class=\"foogallery foogallery-container foogallery-default foogallery-lightbox-foobox fg-center fg-default fg-ready fg-light fg-loaded-fade-in fg-hover-scale fg-hover-fade fg-hover-zoom\" id=\"foogallery-gallery-826_1\" data-foogallery=\"{&quot;item&quot;:{&quot;showCaptionTitle&quot;:true,&quot;showCaptionDescription&quot;:true},&quot;lazy&quot;:true}\" style=\"--fg-title-line-clamp: 0; --fg-description-line-clamp: 0;\" >\n\t<div class=\"fg-item fg-type-image fg-idle\"><figure class=\"fg-item-inner\"><a href=\"https:\/\/www.mouldprecision.com\/wp-content\/uploads\/2018\/08\/mould-design.jpg\" data-attachment-id=\"2245\" data-type=\"image\" class=\"fg-thumb\"><span class=\"fg-image-wrap\"><img decoding=\"async\" width=\"251\" height=\"190\" class=\"skip-lazy fg-image\" data-src-fg=\"https:\/\/www.mouldprecision.com\/wp-content\/uploads\/cache\/2018\/08\/mould-design\/3781705153.jpg\" src=\"data:image\/svg+xml,%3Csvg%20xmlns%3D%22http%3A%2F%2Fwww.w3.org%2F2000%2Fsvg%22%20width%3D%22251%22%20height%3D%22190%22%20viewBox%3D%220%200%20251%20190%22%3E%3C%2Fsvg%3E\" loading=\"eager\"><\/span><span class=\"fg-image-overlay\"><\/span><\/a><\/figure><div class=\"fg-loader\"><\/div><\/div><div class=\"fg-item fg-type-image fg-idle\"><figure class=\"fg-item-inner\"><a href=\"https:\/\/www.mouldprecision.com\/wp-content\/uploads\/2018\/08\/3D-mould-design.jpg\" data-attachment-id=\"2242\" data-type=\"image\" class=\"fg-thumb\"><span class=\"fg-image-wrap\"><img decoding=\"async\" width=\"251\" height=\"190\" class=\"skip-lazy fg-image\" data-src-fg=\"https:\/\/www.mouldprecision.com\/wp-content\/uploads\/cache\/2018\/08\/3D-mould-design\/3570254831.jpg\" src=\"data:image\/svg+xml,%3Csvg%20xmlns%3D%22http%3A%2F%2Fwww.w3.org%2F2000%2Fsvg%22%20width%3D%22251%22%20height%3D%22190%22%20viewBox%3D%220%200%20251%20190%22%3E%3C%2Fsvg%3E\" loading=\"eager\"><\/span><span class=\"fg-image-overlay\"><\/span><\/a><\/figure><div class=\"fg-loader\"><\/div><\/div><div class=\"fg-item fg-type-image fg-idle\"><figure class=\"fg-item-inner\"><a href=\"https:\/\/www.mouldprecision.com\/wp-content\/uploads\/2018\/08\/3D-mould.jpg\" data-attachment-id=\"2241\" data-type=\"image\" class=\"fg-thumb\"><span class=\"fg-image-wrap\"><img decoding=\"async\" width=\"251\" height=\"190\" class=\"skip-lazy fg-image\" data-src-fg=\"https:\/\/www.mouldprecision.com\/wp-content\/uploads\/cache\/2018\/08\/3D-mould\/1241497928.jpg\" src=\"data:image\/svg+xml,%3Csvg%20xmlns%3D%22http%3A%2F%2Fwww.w3.org%2F2000%2Fsvg%22%20width%3D%22251%22%20height%3D%22190%22%20viewBox%3D%220%200%20251%20190%22%3E%3C%2Fsvg%3E\" loading=\"eager\"><\/span><span class=\"fg-image-overlay\"><\/span><\/a><\/figure><div class=\"fg-loader\"><\/div><\/div><\/div>\n\n<p>&nbsp;<\/p>\n<h3><strong>MoldFlow <\/strong>l&#8217;analyse:<\/h3>\n<p><img loading=\"lazy\" decoding=\"async\" class=\"alignnone size-medium wp-image-2158\" src=\"https:\/\/www.mouldprecision.com\/wp-content\/uploads\/2018\/08\/mold-flow-analysis.gif\" alt=\"Moldflow analysis\" width=\"600\" height=\"303\" \/><\/p>\n<h3>Le logiciel :<\/h3>\n<ul class=\"pd6\">\n<li>Pro\/ENGINEER (mod\u00e9lisation 3D)<\/li>\n<li>Unigraphics (mod\u00e9lisation 3D)<\/li>\n<li>Solidworks (mod\u00e9lisation 3D)<\/li>\n<li>AutoCAD (mod\u00e9lisation 2D)<\/li>\n<li>Conseiller Moldflow Mold Mold (simulation d&#8217;\u00e9coulement plastique\/deformage)<\/li>\n<li>MasterCAM (Programmation CNC)<\/li>\n<li>Unigraphics (Programmation CNC)<\/li>\n<li>Geomagic Studio (balayage d&#8217;\u00e9chantillons)<\/li>\n<\/ul>\n<p><strong>Le format du fichier de dessin : DWG, DXF et PDF de Dessin 2D, IGES, STEP, STP, X-T, STL etc. pour le dessin 3D.<\/strong><\/p>\n<h4>&#8211;&gt; <a href=\"https:\/\/www.mouldprecision.com\/fr\/services\/moules-fabrication.html\">Moules Fabrication<\/a><\/h4>\n<!-- Begin Yuzo --><div class='yuzo_related_post style-1'  data-version='5.12.89'><!-- without result --><div class='yuzo_clearfixed yuzo__title yuzo__title'><h5>Related Post<\/h5><\/div>\n<\/div>  <!-- End Yuzo :) -->","protected":false},"excerpt":{"rendered":"<p>Un bon design de moule est la moiti\u00e9 du succ\u00e8s d&#8217;un moule de haute qualit\u00e9. Nos ing\u00e9nieurs mold mold intelligence, vous offriront DFM, Moldflow, 2D Mold Layout et 3D Mold Drawing, ils sont qualifi\u00e9s et riches d&#8217;exp\u00e9rience utilisent CAE\/CAD\/CAM\/CAM pour la fabrication de moules et l&#8217;analyse de moulage par injection. Pour DFM, il s&#8217;agit d&#8217;un [&hellip;]<\/p>\n","protected":false},"author":2,"featured_media":0,"parent":4042,"menu_order":0,"comment_status":"closed","ping_status":"closed","template":"","meta":{"footnotes":""},"class_list":["post-4002","page","type-page","status-publish","hentry"],"yoast_head":"<!-- This site is optimized with the Yoast SEO plugin v27.2 - https:\/\/yoast.com\/product\/yoast-seo-wordpress\/ -->\n<title>Moules Conception | China mould maker,mould making company &amp; manufacturer<\/title>\n<meta name=\"robots\" content=\"index, follow, max-snippet:-1, max-image-preview:large, max-video-preview:-1\" \/>\n<link rel=\"canonical\" href=\"https:\/\/www.mouldprecision.com\/fr\/services\/moule-conception.html\" \/>\n<meta property=\"og:locale\" content=\"fr_FR\" \/>\n<meta property=\"og:type\" content=\"article\" \/>\n<meta property=\"og:title\" content=\"Moules Conception | China mould maker,mould making company &amp; manufacturer\" \/>\n<meta property=\"og:description\" content=\"Un bon design de moule est la moiti\u00e9 du succ\u00e8s d&#8217;un moule de haute qualit\u00e9. Nos ing\u00e9nieurs mold mold intelligence, vous offriront DFM, Moldflow, 2D Mold Layout et 3D Mold Drawing, ils sont qualifi\u00e9s et riches d&#8217;exp\u00e9rience utilisent CAE\/CAD\/CAM\/CAM pour la fabrication de moules et l&#8217;analyse de moulage par injection. Pour DFM, il s&#8217;agit d&#8217;un [&hellip;]\" \/>\n<meta property=\"og:url\" content=\"https:\/\/www.mouldprecision.com\/fr\/services\/moule-conception.html\" \/>\n<meta property=\"og:site_name\" content=\"China mould maker,mould making company &amp; manufacturer\" \/>\n<meta property=\"article:modified_time\" content=\"2018-09-09T01:44:41+00:00\" \/>\n<meta property=\"og:image\" content=\"https:\/\/www.mouldprecision.com\/wp-content\/uploads\/2018\/08\/mold-flow-analysis.gif\" \/>\n<meta name=\"twitter:card\" content=\"summary_large_image\" \/>\n<meta name=\"twitter:label1\" content=\"Dur\u00e9e de lecture estim\u00e9e\" \/>\n\t<meta name=\"twitter:data1\" content=\"1 minute\" \/>\n<script type=\"application\/ld+json\" class=\"yoast-schema-graph\">{\"@context\":\"https:\/\/schema.org\",\"@graph\":[{\"@type\":\"WebPage\",\"@id\":\"https:\/\/www.mouldprecision.com\/fr\/services\/moule-conception.html\",\"url\":\"https:\/\/www.mouldprecision.com\/fr\/services\/moule-conception.html\",\"name\":\"Moules Conception | China mould maker,mould making company &amp; manufacturer\",\"isPartOf\":{\"@id\":\"https:\/\/www.mouldprecision.com\/#website\"},\"primaryImageOfPage\":{\"@id\":\"https:\/\/www.mouldprecision.com\/fr\/services\/moule-conception.html#primaryimage\"},\"image\":{\"@id\":\"https:\/\/www.mouldprecision.com\/fr\/services\/moule-conception.html#primaryimage\"},\"thumbnailUrl\":\"https:\/\/www.mouldprecision.com\/wp-content\/uploads\/2018\/08\/mold-flow-analysis.gif\",\"datePublished\":\"2018-09-09T01:31:25+00:00\",\"dateModified\":\"2018-09-09T01:44:41+00:00\",\"breadcrumb\":{\"@id\":\"https:\/\/www.mouldprecision.com\/fr\/services\/moule-conception.html#breadcrumb\"},\"inLanguage\":\"fr-FR\",\"potentialAction\":[{\"@type\":\"ReadAction\",\"target\":[\"https:\/\/www.mouldprecision.com\/fr\/services\/moule-conception.html\"]}]},{\"@type\":\"ImageObject\",\"inLanguage\":\"fr-FR\",\"@id\":\"https:\/\/www.mouldprecision.com\/fr\/services\/moule-conception.html#primaryimage\",\"url\":\"https:\/\/www.mouldprecision.com\/wp-content\/uploads\/2018\/08\/mold-flow-analysis.gif\",\"contentUrl\":\"https:\/\/www.mouldprecision.com\/wp-content\/uploads\/2018\/08\/mold-flow-analysis.gif\"},{\"@type\":\"BreadcrumbList\",\"@id\":\"https:\/\/www.mouldprecision.com\/fr\/services\/moule-conception.html#breadcrumb\",\"itemListElement\":[{\"@type\":\"ListItem\",\"position\":1,\"name\":\"Home\",\"item\":\"https:\/\/www.mouldprecision.com\/fr\"},{\"@type\":\"ListItem\",\"position\":2,\"name\":\"Services\",\"item\":\"https:\/\/www.mouldprecision.com\/fr\/services.html\"},{\"@type\":\"ListItem\",\"position\":3,\"name\":\"Moules Conception\"}]},{\"@type\":\"WebSite\",\"@id\":\"https:\/\/www.mouldprecision.com\/#website\",\"url\":\"https:\/\/www.mouldprecision.com\/\",\"name\":\"China mould maker,mould making company &amp; manufacturer\",\"description\":\"\",\"publisher\":{\"@id\":\"https:\/\/www.mouldprecision.com\/#organization\"},\"potentialAction\":[{\"@type\":\"SearchAction\",\"target\":{\"@type\":\"EntryPoint\",\"urlTemplate\":\"https:\/\/www.mouldprecision.com\/?s={search_term_string}\"},\"query-input\":{\"@type\":\"PropertyValueSpecification\",\"valueRequired\":true,\"valueName\":\"search_term_string\"}}],\"inLanguage\":\"fr-FR\"},{\"@type\":\"Organization\",\"@id\":\"https:\/\/www.mouldprecision.com\/#organization\",\"name\":\"China mould maker,mould making company &amp; manufacturer\",\"url\":\"https:\/\/www.mouldprecision.com\/\",\"logo\":{\"@type\":\"ImageObject\",\"inLanguage\":\"fr-FR\",\"@id\":\"https:\/\/www.mouldprecision.com\/#\/schema\/logo\/image\/\",\"url\":\"https:\/\/www.mouldprecision.com\/wp-content\/uploads\/2018\/08\/MP-logo.png\",\"contentUrl\":\"https:\/\/www.mouldprecision.com\/wp-content\/uploads\/2018\/08\/MP-logo.png\",\"width\":156,\"height\":59,\"caption\":\"China mould maker,mould making company &amp; manufacturer\"},\"image\":{\"@id\":\"https:\/\/www.mouldprecision.com\/#\/schema\/logo\/image\/\"}}]}<\/script>\n<!-- \/ Yoast SEO plugin. -->","yoast_head_json":{"title":"Moules Conception | China mould maker,mould making company &amp; manufacturer","robots":{"index":"index","follow":"follow","max-snippet":"max-snippet:-1","max-image-preview":"max-image-preview:large","max-video-preview":"max-video-preview:-1"},"canonical":"https:\/\/www.mouldprecision.com\/fr\/services\/moule-conception.html","og_locale":"fr_FR","og_type":"article","og_title":"Moules Conception | China mould maker,mould making company &amp; manufacturer","og_description":"Un bon design de moule est la moiti\u00e9 du succ\u00e8s d&#8217;un moule de haute qualit\u00e9. Nos ing\u00e9nieurs mold mold intelligence, vous offriront DFM, Moldflow, 2D Mold Layout et 3D Mold Drawing, ils sont qualifi\u00e9s et riches d&#8217;exp\u00e9rience utilisent CAE\/CAD\/CAM\/CAM pour la fabrication de moules et l&#8217;analyse de moulage par injection. Pour DFM, il s&#8217;agit d&#8217;un [&hellip;]","og_url":"https:\/\/www.mouldprecision.com\/fr\/services\/moule-conception.html","og_site_name":"China mould maker,mould making company &amp; manufacturer","article_modified_time":"2018-09-09T01:44:41+00:00","og_image":[{"url":"https:\/\/www.mouldprecision.com\/wp-content\/uploads\/2018\/08\/mold-flow-analysis.gif","type":"","width":"","height":""}],"twitter_card":"summary_large_image","twitter_misc":{"Dur\u00e9e de lecture estim\u00e9e":"1 minute"},"schema":{"@context":"https:\/\/schema.org","@graph":[{"@type":"WebPage","@id":"https:\/\/www.mouldprecision.com\/fr\/services\/moule-conception.html","url":"https:\/\/www.mouldprecision.com\/fr\/services\/moule-conception.html","name":"Moules Conception | China mould maker,mould making company &amp; manufacturer","isPartOf":{"@id":"https:\/\/www.mouldprecision.com\/#website"},"primaryImageOfPage":{"@id":"https:\/\/www.mouldprecision.com\/fr\/services\/moule-conception.html#primaryimage"},"image":{"@id":"https:\/\/www.mouldprecision.com\/fr\/services\/moule-conception.html#primaryimage"},"thumbnailUrl":"https:\/\/www.mouldprecision.com\/wp-content\/uploads\/2018\/08\/mold-flow-analysis.gif","datePublished":"2018-09-09T01:31:25+00:00","dateModified":"2018-09-09T01:44:41+00:00","breadcrumb":{"@id":"https:\/\/www.mouldprecision.com\/fr\/services\/moule-conception.html#breadcrumb"},"inLanguage":"fr-FR","potentialAction":[{"@type":"ReadAction","target":["https:\/\/www.mouldprecision.com\/fr\/services\/moule-conception.html"]}]},{"@type":"ImageObject","inLanguage":"fr-FR","@id":"https:\/\/www.mouldprecision.com\/fr\/services\/moule-conception.html#primaryimage","url":"https:\/\/www.mouldprecision.com\/wp-content\/uploads\/2018\/08\/mold-flow-analysis.gif","contentUrl":"https:\/\/www.mouldprecision.com\/wp-content\/uploads\/2018\/08\/mold-flow-analysis.gif"},{"@type":"BreadcrumbList","@id":"https:\/\/www.mouldprecision.com\/fr\/services\/moule-conception.html#breadcrumb","itemListElement":[{"@type":"ListItem","position":1,"name":"Home","item":"https:\/\/www.mouldprecision.com\/fr"},{"@type":"ListItem","position":2,"name":"Services","item":"https:\/\/www.mouldprecision.com\/fr\/services.html"},{"@type":"ListItem","position":3,"name":"Moules Conception"}]},{"@type":"WebSite","@id":"https:\/\/www.mouldprecision.com\/#website","url":"https:\/\/www.mouldprecision.com\/","name":"China mould maker,mould making company &amp; manufacturer","description":"","publisher":{"@id":"https:\/\/www.mouldprecision.com\/#organization"},"potentialAction":[{"@type":"SearchAction","target":{"@type":"EntryPoint","urlTemplate":"https:\/\/www.mouldprecision.com\/?s={search_term_string}"},"query-input":{"@type":"PropertyValueSpecification","valueRequired":true,"valueName":"search_term_string"}}],"inLanguage":"fr-FR"},{"@type":"Organization","@id":"https:\/\/www.mouldprecision.com\/#organization","name":"China mould maker,mould making company &amp; manufacturer","url":"https:\/\/www.mouldprecision.com\/","logo":{"@type":"ImageObject","inLanguage":"fr-FR","@id":"https:\/\/www.mouldprecision.com\/#\/schema\/logo\/image\/","url":"https:\/\/www.mouldprecision.com\/wp-content\/uploads\/2018\/08\/MP-logo.png","contentUrl":"https:\/\/www.mouldprecision.com\/wp-content\/uploads\/2018\/08\/MP-logo.png","width":156,"height":59,"caption":"China mould maker,mould making company &amp; manufacturer"},"image":{"@id":"https:\/\/www.mouldprecision.com\/#\/schema\/logo\/image\/"}}]}},"_links":{"self":[{"href":"https:\/\/www.mouldprecision.com\/fr\/wp-json\/wp\/v2\/pages\/4002","targetHints":{"allow":["GET"]}}],"collection":[{"href":"https:\/\/www.mouldprecision.com\/fr\/wp-json\/wp\/v2\/pages"}],"about":[{"href":"https:\/\/www.mouldprecision.com\/fr\/wp-json\/wp\/v2\/types\/page"}],"author":[{"embeddable":true,"href":"https:\/\/www.mouldprecision.com\/fr\/wp-json\/wp\/v2\/users\/2"}],"replies":[{"embeddable":true,"href":"https:\/\/www.mouldprecision.com\/fr\/wp-json\/wp\/v2\/comments?post=4002"}],"version-history":[{"count":0,"href":"https:\/\/www.mouldprecision.com\/fr\/wp-json\/wp\/v2\/pages\/4002\/revisions"}],"up":[{"embeddable":true,"href":"https:\/\/www.mouldprecision.com\/fr\/wp-json\/wp\/v2\/pages\/4042"}],"wp:attachment":[{"href":"https:\/\/www.mouldprecision.com\/fr\/wp-json\/wp\/v2\/media?parent=4002"}],"curies":[{"name":"wp","href":"https:\/\/api.w.org\/{rel}","templated":true}]}}