{"id":3982,"date":"2018-09-08T15:43:24","date_gmt":"2018-09-08T15:43:24","guid":{"rendered":"https:\/\/www.mouldprecision.com\/?page_id=3982"},"modified":"2018-09-08T15:43:24","modified_gmt":"2018-09-08T15:43:24","slug":"faq","status":"publish","type":"page","link":"https:\/\/www.mouldprecision.com\/fr\/faq.html","title":{"rendered":"FAQ"},"content":{"rendered":"<h2>FAQ &#8211; Foire aux questions<\/h2>\n<p><strong>Quel est le service que vous offrez ?<\/strong><\/p>\n<p><em>Fabrication de moules d&#8217;injection plastique, moulage par injection plastique et usinage de pr<\/em><em>\u00e9<\/em><em>cision.<\/em><\/p>\n<p><strong>Quel est le produit principal que vous fabriquez ?<\/strong><\/p>\n<p><em>Moule d&#8217;injection plastique<\/em><\/p>\n<p><strong>Quelle est la norme en mati<\/strong><strong>\u00e8<\/strong><strong>re de fabrication de moules ?<\/strong><\/p>\n<p>Moule m\u00e9trique ou en pouces<\/p>\n<p><strong>Pourriez-vous fabriquer des moules <\/strong><strong>\u00e0<\/strong><strong> canaux chauds ?<\/strong><\/p>\n<p>Oui, nous le faisons, il utilise MoldMASTER, HASCO, DME, DME, YUDO et la marque China Brand.<\/p>\n<p><strong>De quoi avez-vous besoin pour obtenir un devis ?<\/strong><\/p>\n<p><em>Dessin de pi<\/em><em>\u00e8<\/em><em>ce 3D et 2D est parfait, avec vos besoins, tels que l&#8217;acier pour le noyau et la cavit<\/em><em>\u00e9<\/em><em>, le num<\/em><em>\u00e9<\/em><em>ro de cavit<\/em><em>\u00e9<\/em><em>, etc.<\/em><\/p>\n<p><strong>Pourriez-vous citer par <\/strong><strong>\u00e9<\/strong><strong>chantillon ou photo ?<\/strong><\/p>\n<p><em>Ce n&#8217;est pas un probl<\/em><em>\u00e8<\/em><em>me. <\/em><em>Le prix de pr<\/em><em>\u00e9<\/em><em>cision a besoin de plus d&#8217;informations.<\/em><\/p>\n<p><strong>Combien de temps vais-je recevoir le devis ?<\/strong><\/p>\n<p><em>Dans les 24 heures<\/em><\/p>\n<p><strong>Quel est le d<\/strong><strong>\u00e9<\/strong><strong>lai de paiement pour la fabrication de moules ?<\/strong><\/p>\n<p>T\/T : 50% d&#8217;acompte \u00e0 la commande, 30% re\u00e7oivent des \u00e9chantillons T1, et 20% d&#8217;\u00e9chantillons approuv\u00e9s et avant livraison.<\/p>\n<p><strong>Qu&#8217;est-ce qu&#8217;un logiciel de conception de moules que vous utilisez ?<\/strong><\/p>\n<ul>\n<li>AutoCAD (mod\u00e9lisation 2D)<\/li>\n<li>Conseiller Moldflow Mold Mold (simulation d&#8217;\u00e9coulement plastique\/deformage)<\/li>\n<li>Pro\/ENGINEER (mod\u00e9lisation 3D)<\/li>\n<li>Unigraphics (mod\u00e9lisation 3D)<\/li>\n<li>Solidworks (mod\u00e9lisation 3D)<\/li>\n<\/ul>\n<p><strong>Quel est le d<\/strong><strong>\u00e9<\/strong><strong>lai de conception du moule ?<\/strong><\/p>\n<p><em>1-3 jours pour le DFM, l&#8217;implantation de moules 2D et le dessin de moules 3D<\/em><\/p>\n<p><strong>Quelle est la taille maximale de la fabrication de moules ?<\/strong><\/p>\n<p><em>Jusqu&#8217;<\/em><em>\u00e0<\/em><em> 10 tonnes de poids.<\/em><\/p>\n<p><strong>Quelle est la tol<\/strong><strong>\u00e9<\/strong><strong>rance de la fabrication de moules ?<\/strong><\/p>\n<p><em>Usin<\/em><em>\u00e9<\/em><em> est de +- 0,005mm, la pi<\/em><em>\u00e8<\/em><em>ce moul<\/em><em>\u00e9<\/em><em>e est de +- 0,02mm.<\/em><\/p>\n<p><strong>Quel est le d<\/strong><strong>\u00e9<\/strong><strong>lai de fabrication de la moisissure ?<\/strong><\/p>\n<p><em>3-5 semaines pour un moule de petite et moyenne taille, et 6-9 semaines pour un grand de plus de 1,5 m<\/em><em>\u00e8<\/em><em>tres.<\/em><\/p>\n<p><strong>Pouvez-vous faire correspondre <\/strong><strong>\u00e0<\/strong><strong> une couleur sp<\/strong><strong>\u00e9<\/strong><strong>cifique ?<\/strong><\/p>\n<p><em>Oui, nous le pouvons. Pls offrent le num<\/em><em>\u00e9<\/em><em>ro de RAL ou PANTONE.<\/em><\/p>\n<p><strong>Quelle est la QTY de l&#8217;<\/strong><strong>\u00e9<\/strong><strong>chantillon d&#8217;essai de moisissure ?<\/strong><\/p>\n<p><em>3 coups dans une couleur en habituel est gratuit et l&#8217;exp<\/em><em>\u00e9<\/em><em>dition gratuite, plus est ok.<\/em><\/p>\n<!-- Begin Yuzo --><div class='yuzo_related_post style-1'  data-version='5.12.89'><!-- without result --><div class='yuzo_clearfixed yuzo__title yuzo__title'><h5>Related Post<\/h5><\/div>\n<\/div>  <!-- End Yuzo :) -->","protected":false},"excerpt":{"rendered":"<p>FAQ &#8211; Foire aux questions Quel est le service que vous offrez ? Fabrication de moules d&#8217;injection plastique, moulage par injection plastique et usinage de pr\u00e9cision. Quel est le produit principal que vous fabriquez ? Moule d&#8217;injection plastique Quelle est la norme en mati\u00e8re de fabrication de moules ? Moule m\u00e9trique ou en pouces Pourriez-vous [&hellip;]<\/p>\n","protected":false},"author":2,"featured_media":0,"parent":0,"menu_order":0,"comment_status":"closed","ping_status":"closed","template":"","meta":{"footnotes":""},"class_list":["post-3982","page","type-page","status-publish","hentry"],"yoast_head":"<!-- This site is optimized with the Yoast SEO plugin v27.2 - https:\/\/yoast.com\/product\/yoast-seo-wordpress\/ -->\n<title>FAQ | China mould maker,mould making company &amp; manufacturer<\/title>\n<meta name=\"robots\" content=\"index, follow, max-snippet:-1, max-image-preview:large, max-video-preview:-1\" \/>\n<link rel=\"canonical\" href=\"https:\/\/www.mouldprecision.com\/fr\/faq.html\" \/>\n<meta property=\"og:locale\" content=\"fr_FR\" \/>\n<meta property=\"og:type\" content=\"article\" \/>\n<meta property=\"og:title\" content=\"FAQ | China mould maker,mould making company &amp; manufacturer\" \/>\n<meta property=\"og:description\" content=\"FAQ &#8211; Foire aux questions Quel est le service que vous offrez ? Fabrication de moules d&#8217;injection plastique, moulage par injection plastique et usinage de pr\u00e9cision. Quel est le produit principal que vous fabriquez ? Moule d&#8217;injection plastique Quelle est la norme en mati\u00e8re de fabrication de moules ? Moule m\u00e9trique ou en pouces Pourriez-vous [&hellip;]\" \/>\n<meta property=\"og:url\" content=\"https:\/\/www.mouldprecision.com\/fr\/faq.html\" \/>\n<meta property=\"og:site_name\" content=\"China mould maker,mould making company &amp; manufacturer\" \/>\n<meta name=\"twitter:card\" content=\"summary_large_image\" \/>\n<meta name=\"twitter:label1\" content=\"Dur\u00e9e de lecture estim\u00e9e\" \/>\n\t<meta name=\"twitter:data1\" content=\"2 minutes\" \/>\n<script type=\"application\/ld+json\" class=\"yoast-schema-graph\">{\"@context\":\"https:\/\/schema.org\",\"@graph\":[{\"@type\":\"WebPage\",\"@id\":\"https:\/\/www.mouldprecision.com\/fr\/faq.html\",\"url\":\"https:\/\/www.mouldprecision.com\/fr\/faq.html\",\"name\":\"FAQ | China mould maker,mould making company &amp; manufacturer\",\"isPartOf\":{\"@id\":\"https:\/\/www.mouldprecision.com\/#website\"},\"datePublished\":\"2018-09-08T15:43:24+00:00\",\"breadcrumb\":{\"@id\":\"https:\/\/www.mouldprecision.com\/fr\/faq.html#breadcrumb\"},\"inLanguage\":\"fr-FR\",\"potentialAction\":[{\"@type\":\"ReadAction\",\"target\":[\"https:\/\/www.mouldprecision.com\/fr\/faq.html\"]}]},{\"@type\":\"BreadcrumbList\",\"@id\":\"https:\/\/www.mouldprecision.com\/fr\/faq.html#breadcrumb\",\"itemListElement\":[{\"@type\":\"ListItem\",\"position\":1,\"name\":\"Home\",\"item\":\"https:\/\/www.mouldprecision.com\/fr\"},{\"@type\":\"ListItem\",\"position\":2,\"name\":\"FAQ\"}]},{\"@type\":\"WebSite\",\"@id\":\"https:\/\/www.mouldprecision.com\/#website\",\"url\":\"https:\/\/www.mouldprecision.com\/\",\"name\":\"China mould maker,mould making company &amp; manufacturer\",\"description\":\"\",\"publisher\":{\"@id\":\"https:\/\/www.mouldprecision.com\/#organization\"},\"potentialAction\":[{\"@type\":\"SearchAction\",\"target\":{\"@type\":\"EntryPoint\",\"urlTemplate\":\"https:\/\/www.mouldprecision.com\/?s={search_term_string}\"},\"query-input\":{\"@type\":\"PropertyValueSpecification\",\"valueRequired\":true,\"valueName\":\"search_term_string\"}}],\"inLanguage\":\"fr-FR\"},{\"@type\":\"Organization\",\"@id\":\"https:\/\/www.mouldprecision.com\/#organization\",\"name\":\"China mould maker,mould making company &amp; manufacturer\",\"url\":\"https:\/\/www.mouldprecision.com\/\",\"logo\":{\"@type\":\"ImageObject\",\"inLanguage\":\"fr-FR\",\"@id\":\"https:\/\/www.mouldprecision.com\/#\/schema\/logo\/image\/\",\"url\":\"https:\/\/www.mouldprecision.com\/wp-content\/uploads\/2018\/08\/MP-logo.png\",\"contentUrl\":\"https:\/\/www.mouldprecision.com\/wp-content\/uploads\/2018\/08\/MP-logo.png\",\"width\":156,\"height\":59,\"caption\":\"China mould maker,mould making company &amp; manufacturer\"},\"image\":{\"@id\":\"https:\/\/www.mouldprecision.com\/#\/schema\/logo\/image\/\"}}]}<\/script>\n<!-- \/ Yoast SEO plugin. -->","yoast_head_json":{"title":"FAQ | China mould maker,mould making company &amp; manufacturer","robots":{"index":"index","follow":"follow","max-snippet":"max-snippet:-1","max-image-preview":"max-image-preview:large","max-video-preview":"max-video-preview:-1"},"canonical":"https:\/\/www.mouldprecision.com\/fr\/faq.html","og_locale":"fr_FR","og_type":"article","og_title":"FAQ | China mould maker,mould making company &amp; manufacturer","og_description":"FAQ &#8211; Foire aux questions Quel est le service que vous offrez ? Fabrication de moules d&#8217;injection plastique, moulage par injection plastique et usinage de pr\u00e9cision. Quel est le produit principal que vous fabriquez ? Moule d&#8217;injection plastique Quelle est la norme en mati\u00e8re de fabrication de moules ? Moule m\u00e9trique ou en pouces Pourriez-vous [&hellip;]","og_url":"https:\/\/www.mouldprecision.com\/fr\/faq.html","og_site_name":"China mould maker,mould making company &amp; manufacturer","twitter_card":"summary_large_image","twitter_misc":{"Dur\u00e9e de lecture estim\u00e9e":"2 minutes"},"schema":{"@context":"https:\/\/schema.org","@graph":[{"@type":"WebPage","@id":"https:\/\/www.mouldprecision.com\/fr\/faq.html","url":"https:\/\/www.mouldprecision.com\/fr\/faq.html","name":"FAQ | China mould maker,mould making company &amp; manufacturer","isPartOf":{"@id":"https:\/\/www.mouldprecision.com\/#website"},"datePublished":"2018-09-08T15:43:24+00:00","breadcrumb":{"@id":"https:\/\/www.mouldprecision.com\/fr\/faq.html#breadcrumb"},"inLanguage":"fr-FR","potentialAction":[{"@type":"ReadAction","target":["https:\/\/www.mouldprecision.com\/fr\/faq.html"]}]},{"@type":"BreadcrumbList","@id":"https:\/\/www.mouldprecision.com\/fr\/faq.html#breadcrumb","itemListElement":[{"@type":"ListItem","position":1,"name":"Home","item":"https:\/\/www.mouldprecision.com\/fr"},{"@type":"ListItem","position":2,"name":"FAQ"}]},{"@type":"WebSite","@id":"https:\/\/www.mouldprecision.com\/#website","url":"https:\/\/www.mouldprecision.com\/","name":"China mould maker,mould making company &amp; manufacturer","description":"","publisher":{"@id":"https:\/\/www.mouldprecision.com\/#organization"},"potentialAction":[{"@type":"SearchAction","target":{"@type":"EntryPoint","urlTemplate":"https:\/\/www.mouldprecision.com\/?s={search_term_string}"},"query-input":{"@type":"PropertyValueSpecification","valueRequired":true,"valueName":"search_term_string"}}],"inLanguage":"fr-FR"},{"@type":"Organization","@id":"https:\/\/www.mouldprecision.com\/#organization","name":"China mould maker,mould making company &amp; manufacturer","url":"https:\/\/www.mouldprecision.com\/","logo":{"@type":"ImageObject","inLanguage":"fr-FR","@id":"https:\/\/www.mouldprecision.com\/#\/schema\/logo\/image\/","url":"https:\/\/www.mouldprecision.com\/wp-content\/uploads\/2018\/08\/MP-logo.png","contentUrl":"https:\/\/www.mouldprecision.com\/wp-content\/uploads\/2018\/08\/MP-logo.png","width":156,"height":59,"caption":"China mould maker,mould making company &amp; manufacturer"},"image":{"@id":"https:\/\/www.mouldprecision.com\/#\/schema\/logo\/image\/"}}]}},"_links":{"self":[{"href":"https:\/\/www.mouldprecision.com\/fr\/wp-json\/wp\/v2\/pages\/3982","targetHints":{"allow":["GET"]}}],"collection":[{"href":"https:\/\/www.mouldprecision.com\/fr\/wp-json\/wp\/v2\/pages"}],"about":[{"href":"https:\/\/www.mouldprecision.com\/fr\/wp-json\/wp\/v2\/types\/page"}],"author":[{"embeddable":true,"href":"https:\/\/www.mouldprecision.com\/fr\/wp-json\/wp\/v2\/users\/2"}],"replies":[{"embeddable":true,"href":"https:\/\/www.mouldprecision.com\/fr\/wp-json\/wp\/v2\/comments?post=3982"}],"version-history":[{"count":0,"href":"https:\/\/www.mouldprecision.com\/fr\/wp-json\/wp\/v2\/pages\/3982\/revisions"}],"wp:attachment":[{"href":"https:\/\/www.mouldprecision.com\/fr\/wp-json\/wp\/v2\/media?parent=3982"}],"curies":[{"name":"wp","href":"https:\/\/api.w.org\/{rel}","templated":true}]}}