{"id":3972,"date":"2018-09-08T15:28:59","date_gmt":"2018-09-08T15:28:59","guid":{"rendered":"https:\/\/www.mouldprecision.com\/?page_id=3972"},"modified":"2018-10-09T02:59:07","modified_gmt":"2018-10-09T02:59:07","slug":"entreprise","status":"publish","type":"page","link":"https:\/\/www.mouldprecision.com\/fr\/entreprise.html","title":{"rendered":"Entreprise"},"content":{"rendered":"<div id=\"pl-34\" class=\"panel-layout\">\n<div id=\"pg-34-0\" class=\"panel-grid panel-no-style\">\n<div id=\"pgc-34-0-0\" class=\"panel-grid-cell\" data-weight=\"1\">\n<div id=\"panel-34-0-0-0\" class=\"so-panel widget widget_sow-editor panel-first-child\" data-index=\"0\">\n<div class=\"so-widget-sow-editor so-widget-sow-editor-base\">\n<div class=\"siteorigin-widget-tinymce textwidget\">\n<p><a href=\"http:\/\/www.mouldprecision.com\/fr\"><strong><u>Moules Precision Co., Ltd.<\/u><\/strong><\/a>\u00a0 est un fabricant priv\u00e9 de <strong>moules en plastique \u00e0 Dongguan en Chine<\/strong>, qui se concentre sur la fabrication de moules d&#8217;injection plastique, et offre des d\u00e9lais de livraison courts, des co\u00fbts efficaces et de paiement flexible ,afin d&#8217;augmenter votre comp\u00e9titivit\u00e9 dans le march\u00e9 des moules, qui sert pour les industries de l&#8217;automobile, l&#8217;\u00e9lectronique, industriel, m\u00e9dical et de l&#8217;emballage depuis 2014.<\/p>\n<h3><strong>Vous obtiendrez la bonne qualit<\/strong><strong>\u00e9<\/strong><strong> &amp; le prix pour :<\/strong><\/h3>\n<p><img loading=\"lazy\" decoding=\"async\" class=\"alignright\" src=\"https:\/\/www.mouldprecision.com\/wp-content\/uploads\/2018\/08\/plastic-mould-maker-china.jpg\" alt=\"plastic mould maker china\" width=\"360\" height=\"258\" \/><\/p>\n<ul class=\"pd6\">\n<li style=\"list-style-type: none;\">\n<ul class=\"pd6\">\n<li><em><strong>Fabrication de moules d&#8217;injection plastique<\/strong><\/em><\/li>\n<li><em><strong>Usinage de haute pr\u00e9cision<\/strong><\/em><\/li>\n<li><em><strong>Moulage par injection sur mesure<\/strong><\/em><\/li>\n<\/ul>\n<\/li>\n<\/ul>\n<h3><strong>Vous deviendrez plus comp<\/strong><strong>\u00e9<\/strong><strong>titif :<\/strong><\/h3>\n<ul class=\"pd6\">\n<li><em><strong>15 jours T0 pour la fabrication urgente de moules<\/strong><\/em><\/li>\n<li><em><strong>\u00c9conomie maximale de 30 % sur la fabrication de moules<\/strong><\/em><\/li>\n<li><em><strong>Solde pay\u00e9 apr\u00e8s 60 jours de livraison<\/strong><\/em><\/li>\n<\/ul>\n<h3><strong>Vous b<\/strong><strong>\u00e9<\/strong><strong>n<\/strong><strong>\u00e9<\/strong><strong>ficierez de l&#8217;avantage du paiement VIP :<\/strong><\/h3>\n<ul class=\"pd6\">\n<li><em><strong>Moins de 5,000 $, 0 \u00e0 la commande, 100% avant exp\u00e9dition<\/strong><\/em><\/li>\n<li><em><strong>5000 $ \u00e0 10 000 $, 30% \u00e0 la commande, 70% avant exp\u00e9dition<\/strong><\/em><\/li>\n<li><em><strong>Plus de 10 000 $, 40% \u00e0 la commande, 45% avant exp\u00e9dition et 15% en 60 jours.<\/strong><\/em><\/li>\n<\/ul>\n<\/div>\n<\/div>\n<\/div>\n<div id=\"panel-34-0-0-1\" class=\"so-panel widget widget_business-kit-counter business-kit-facts facts-counter-section panel-last-child\" data-index=\"1\" data-style=\"{&quot;background_image_attachment&quot;:false,&quot;background_display&quot;:&quot;tile&quot;}\">\t\t\t\n\t\t\t<div class=\"counter-wrapper\">\n\n\t\t\t\t\n\n\t\t\t\t<div class=\"inner-wrapper fact-fourth\">\n\t\t\t\t\t\n\t\t\t\t\t\t\t<div class=\"counter-item counter-one\">\n\t\t\t\t\t\t\t    <div class=\"counter-inner\">\n\t\t\t\t\t\t\t    \t\t\t\t\t\t\t\t    \t\t<div class=\"counter-icon\">\n\t\t\t\t\t\t\t    \t\t\t<span class=\"icon-alarmclock\"><\/span>\n\t\t\t\t\t\t\t    \t\t<\/div>\n\t\t\t\t\t\t\t    \t\t\t\t\t\t\t\t\t       \n\n\t\t\t\t\t\t\t        <div class=\"counter-text-wrap\">\n\t\t\t\t\t\t\t        \t\t\t\t\t\t\t\t        \t\t<span class=\"count\">12<\/span>\n\t\t\t\t\t\t\t        \t\t\n\t\t\t\t\t\t\t        \t\t\t\t\t\t\t\t        \t\t<p>Quote within 12 hours<\/p>\n\t\t\t\t\t\t\t        \t\t\n\t\t\t\t\t\t\t        <\/div> <!-- .counter-text-wrap -->\n\t\t\t\t\t\t\t    <\/div> <!-- .counter-inner -->\n\t\t\t\t\t\t\t<\/div> <!-- .counter-item -->\n\n\t\t\t\t\t\t\t\n\t\t\t\t\t\t\t<div class=\"counter-item counter-two\">\n\t\t\t\t\t\t\t    <div class=\"counter-inner\">\n\t\t\t\t\t\t\t    \t\t\t\t\t\t\t\t    \t\t<div class=\"counter-icon\">\n\t\t\t\t\t\t\t    \t\t\t<span class=\"icon-calendar\"><\/span>\n\t\t\t\t\t\t\t    \t\t<\/div>\n\t\t\t\t\t\t\t    \t\t\t\t\t\t\t\t\t       \n\n\t\t\t\t\t\t\t        <div class=\"counter-text-wrap\">\n\t\t\t\t\t\t\t        \t\t\t\t\t\t\t\t        \t\t<span class=\"count\">15<\/span>\n\t\t\t\t\t\t\t        \t\t\n\t\t\t\t\t\t\t        \t\t\t\t\t\t\t\t        \t\t<p>Fast 15 days for T0<\/p>\n\t\t\t\t\t\t\t        \t\t\n\t\t\t\t\t\t\t        <\/div> <!-- .counter-text-wrap -->\n\t\t\t\t\t\t\t    <\/div> <!-- .counter-inner -->\n\t\t\t\t\t\t\t<\/div> <!-- .counter-item -->\n\n\t\t\t\t\t\t\t\n\t\t\t\t\t\t\t<div class=\"counter-item counter-three\">\n\t\t\t\t\t\t\t    <div class=\"counter-inner\">\n\t\t\t\t\t\t\t    \t\t\t\t\t\t\t\t    \t\t<div class=\"counter-icon\">\n\t\t\t\t\t\t\t    \t\t\t<span class=\"icon-wallet\"><\/span>\n\t\t\t\t\t\t\t    \t\t<\/div>\n\t\t\t\t\t\t\t    \t\t\t\t\t\t\t\t\t       \n\n\t\t\t\t\t\t\t        <div class=\"counter-text-wrap\">\n\t\t\t\t\t\t\t        \t\t\t\t\t\t\t\t        \t\t<span class=\"count\">20<\/span>\n\t\t\t\t\t\t\t        \t\t\n\t\t\t\t\t\t\t        \t\t\t\t\t\t\t\t        \t\t<p>Max save 30% cost<\/p>\n\t\t\t\t\t\t\t        \t\t\n\t\t\t\t\t\t\t        <\/div> <!-- .counter-text-wrap -->\n\t\t\t\t\t\t\t    <\/div> <!-- .counter-inner -->\n\t\t\t\t\t\t\t<\/div> <!-- .counter-item -->\n\n\t\t\t\t\t\t\t\n\t\t\t\t\t\t\t<div class=\"counter-item counter-four\">\n\t\t\t\t\t\t\t    <div class=\"counter-inner\">\n\t\t\t\t\t\t\t    \t\t\t\t\t\t\t\t    \t\t<div class=\"counter-icon\">\n\t\t\t\t\t\t\t    \t\t\t<span class=\"icon-calendar\"><\/span>\n\t\t\t\t\t\t\t    \t\t<\/div>\n\t\t\t\t\t\t\t    \t\t\t\t\t\t\t\t\t       \n\n\t\t\t\t\t\t\t        <div class=\"counter-text-wrap\">\n\t\t\t\t\t\t\t        \t\t\t\t\t\t\t\t        \t\t<span class=\"count\">60<\/span>\n\t\t\t\t\t\t\t        \t\t\n\t\t\t\t\t\t\t        \t\t\t\t\t\t\t\t        \t\t<p>balance in 60 days deliver<\/p>\n\t\t\t\t\t\t\t        \t\t\n\t\t\t\t\t\t\t        <\/div> <!-- .counter-text-wrap -->\n\t\t\t\t\t\t\t    <\/div> <!-- .counter-inner -->\n\t\t\t\t\t\t\t<\/div> <!-- .counter-item -->\n\n\t\t\t\t\t\t\t\t\t\t\t<\/div><!-- .counter-wrapper -->\n\n\t\t\t<\/div><!-- .some-facts -->\n\n\t\t\t<\/div>\n<\/div>\n<\/div>\n<div id=\"pg-34-1\" class=\"panel-grid panel-no-style\">\n<div id=\"pgc-34-1-0\" class=\"panel-grid-cell\" data-weight=\"1\">\n<div id=\"panel-34-1-0-0\" class=\"so-panel widget widget_sow-editor panel-first-child panel-last-child\" data-index=\"2\">\n<div class=\"so-widget-sow-editor so-widget-sow-editor-base\">\n<div class=\"siteorigin-widget-tinymce textwidget\">\n<h3><strong>Votre fabricant de moules en plastique offshore<\/strong><\/h3>\n<p>Pour \u00eatre le fabricant de moules plastiques prioritaire en Chine, nous travaillons dur. Lorsque vous nous confiez la fabrication de moules, vous obtenez un moule avec une solide r\u00e9putation derri\u00e8re lui.<\/p>\n<p>Nous sommes le <a href=\"https:\/\/www.mouldprecision.com\/fr\/slider\/professional-moules-fabricant.html\"><strong>mouliste professionnel en Chine<\/strong><\/a>, nous avons une bonne solution pour la fabrication de moules normaux et un projet urgent, seulement 15 jours T0 pour la <a href=\"https:\/\/www.mouldprecision.com\/fr\/slider\/vite-moule-createur.html\"><strong>fabrication rapide de moules<\/strong><\/a>. De plus, nous <a href=\"https:\/\/www.mouldprecision.com\/fr\/slider\/economiser-30-couts-moules-fabrication.html\"><strong>pourrions \u00e9conomiser 30% du co\u00fbt de fabrication de moules.<\/strong><\/a>\u00a0La chose la plus importante est que nous acceptons le paiement du solde dans les 60 jours apr\u00e8s la livraison pour les clients VIP.<\/p>\n<p>Bas\u00e9 sur la capacit\u00e9 de fabrication de Dongguan, nous travaillons dur pour int\u00e9grer les \u00e9l\u00e9ments de fabrication de moules. Ateliers CNC, ateliers d&#8217;\u00e9lectro\u00e9rosion, ateliers de moulage par injection et usines d&#8217;essais de moules professionnels. C&#8217;est pourquoi nous pourrions offrir un meilleur prix.<\/p>\n<p>L&#8217;int\u00e9gration est la meilleure solution pour les petits et moyens moulistes, sur la base d&#8217;une coop\u00e9ration constante avec les partenaires et les employ\u00e9s. Nous obtenons une bonne r\u00e9putation de la part de nos clients, car nous sommes <strong>Professionnels, Efficaces et Responsables.<\/strong><\/p>\n<\/div>\n<\/div>\n<\/div>\n<\/div>\n<\/div>\n<\/div>\n<!-- Begin Yuzo --><div class='yuzo_related_post style-1'  data-version='5.12.89'><!-- without result --><div class='yuzo_clearfixed yuzo__title yuzo__title'><h5>Related Post<\/h5><\/div>\n<\/div>  <!-- End Yuzo :) -->","protected":false},"excerpt":{"rendered":"<p>Moules Precision Co., Ltd.\u00a0 est un fabricant priv\u00e9 de moules en plastique \u00e0 Dongguan en Chine, qui se concentre sur la fabrication de moules d&#8217;injection plastique, et offre des d\u00e9lais de livraison courts, des co\u00fbts efficaces et de paiement flexible ,afin d&#8217;augmenter votre comp\u00e9titivit\u00e9 dans le march\u00e9 des moules, qui sert pour les industries de [&hellip;]<\/p>\n","protected":false},"author":2,"featured_media":2238,"parent":0,"menu_order":0,"comment_status":"closed","ping_status":"closed","template":"","meta":{"footnotes":""},"class_list":["post-3972","page","type-page","status-publish","has-post-thumbnail","hentry"],"yoast_head":"<!-- This site is optimized with the Yoast SEO plugin v27.2 - https:\/\/yoast.com\/product\/yoast-seo-wordpress\/ -->\n<title>Entreprise | China mould maker,mould making company &amp; manufacturer<\/title>\n<meta name=\"description\" content=\"Mould Precision Co., Ltd.\u00a0 est un fabricant priv\u00e9 de moules en plastique \u00e0 Dongguan en Chine, qui se concentre sur la fabrication de moules d&#039;injection plastique.\" \/>\n<meta name=\"robots\" content=\"index, follow, max-snippet:-1, max-image-preview:large, max-video-preview:-1\" \/>\n<link rel=\"canonical\" href=\"https:\/\/www.mouldprecision.com\/fr\/entreprise.html\" \/>\n<meta property=\"og:locale\" content=\"fr_FR\" \/>\n<meta property=\"og:type\" content=\"article\" \/>\n<meta property=\"og:title\" content=\"Entreprise | China mould maker,mould making company &amp; manufacturer\" \/>\n<meta property=\"og:description\" content=\"Mould Precision Co., Ltd.\u00a0 est un fabricant priv\u00e9 de moules en plastique \u00e0 Dongguan en Chine, qui se concentre sur la fabrication de moules d&#039;injection plastique.\" \/>\n<meta property=\"og:url\" content=\"https:\/\/www.mouldprecision.com\/fr\/entreprise.html\" \/>\n<meta property=\"og:site_name\" content=\"China mould maker,mould making company &amp; manufacturer\" \/>\n<meta property=\"article:modified_time\" content=\"2018-10-09T02:59:07+00:00\" \/>\n<meta property=\"og:image\" content=\"https:\/\/www.mouldprecision.com\/wp-content\/uploads\/2018\/08\/plastic-mould-maker-china.jpg\" \/>\n\t<meta property=\"og:image:width\" content=\"488\" \/>\n\t<meta property=\"og:image:height\" content=\"350\" \/>\n\t<meta property=\"og:image:type\" content=\"image\/jpeg\" \/>\n<meta name=\"twitter:card\" content=\"summary_large_image\" \/>\n<meta name=\"twitter:label1\" content=\"Dur\u00e9e de lecture estim\u00e9e\" \/>\n\t<meta name=\"twitter:data1\" content=\"2 minutes\" \/>\n<script type=\"application\/ld+json\" class=\"yoast-schema-graph\">{\"@context\":\"https:\/\/schema.org\",\"@graph\":[{\"@type\":\"WebPage\",\"@id\":\"https:\/\/www.mouldprecision.com\/fr\/entreprise.html\",\"url\":\"https:\/\/www.mouldprecision.com\/fr\/entreprise.html\",\"name\":\"Entreprise | China mould maker,mould making company &amp; manufacturer\",\"isPartOf\":{\"@id\":\"https:\/\/www.mouldprecision.com\/#website\"},\"primaryImageOfPage\":{\"@id\":\"https:\/\/www.mouldprecision.com\/fr\/entreprise.html#primaryimage\"},\"image\":{\"@id\":\"https:\/\/www.mouldprecision.com\/fr\/entreprise.html#primaryimage\"},\"thumbnailUrl\":\"https:\/\/www.mouldprecision.com\/wp-content\/uploads\/2018\/08\/plastic-mould-maker-china.jpg\",\"datePublished\":\"2018-09-08T15:28:59+00:00\",\"dateModified\":\"2018-10-09T02:59:07+00:00\",\"description\":\"Mould Precision Co., Ltd.\u00a0 est un fabricant priv\u00e9 de moules en plastique \u00e0 Dongguan en Chine, qui se concentre sur la fabrication de moules d'injection plastique.\",\"breadcrumb\":{\"@id\":\"https:\/\/www.mouldprecision.com\/fr\/entreprise.html#breadcrumb\"},\"inLanguage\":\"fr-FR\",\"potentialAction\":[{\"@type\":\"ReadAction\",\"target\":[\"https:\/\/www.mouldprecision.com\/fr\/entreprise.html\"]}]},{\"@type\":\"ImageObject\",\"inLanguage\":\"fr-FR\",\"@id\":\"https:\/\/www.mouldprecision.com\/fr\/entreprise.html#primaryimage\",\"url\":\"https:\/\/www.mouldprecision.com\/wp-content\/uploads\/2018\/08\/plastic-mould-maker-china.jpg\",\"contentUrl\":\"https:\/\/www.mouldprecision.com\/wp-content\/uploads\/2018\/08\/plastic-mould-maker-china.jpg\",\"width\":488,\"height\":350,\"caption\":\"China mould maker\"},{\"@type\":\"BreadcrumbList\",\"@id\":\"https:\/\/www.mouldprecision.com\/fr\/entreprise.html#breadcrumb\",\"itemListElement\":[{\"@type\":\"ListItem\",\"position\":1,\"name\":\"Home\",\"item\":\"https:\/\/www.mouldprecision.com\/fr\"},{\"@type\":\"ListItem\",\"position\":2,\"name\":\"Entreprise\"}]},{\"@type\":\"WebSite\",\"@id\":\"https:\/\/www.mouldprecision.com\/#website\",\"url\":\"https:\/\/www.mouldprecision.com\/\",\"name\":\"China mould maker,mould making company &amp; manufacturer\",\"description\":\"\",\"publisher\":{\"@id\":\"https:\/\/www.mouldprecision.com\/#organization\"},\"potentialAction\":[{\"@type\":\"SearchAction\",\"target\":{\"@type\":\"EntryPoint\",\"urlTemplate\":\"https:\/\/www.mouldprecision.com\/?s={search_term_string}\"},\"query-input\":{\"@type\":\"PropertyValueSpecification\",\"valueRequired\":true,\"valueName\":\"search_term_string\"}}],\"inLanguage\":\"fr-FR\"},{\"@type\":\"Organization\",\"@id\":\"https:\/\/www.mouldprecision.com\/#organization\",\"name\":\"China mould maker,mould making company &amp; manufacturer\",\"url\":\"https:\/\/www.mouldprecision.com\/\",\"logo\":{\"@type\":\"ImageObject\",\"inLanguage\":\"fr-FR\",\"@id\":\"https:\/\/www.mouldprecision.com\/#\/schema\/logo\/image\/\",\"url\":\"https:\/\/www.mouldprecision.com\/wp-content\/uploads\/2018\/08\/MP-logo.png\",\"contentUrl\":\"https:\/\/www.mouldprecision.com\/wp-content\/uploads\/2018\/08\/MP-logo.png\",\"width\":156,\"height\":59,\"caption\":\"China mould maker,mould making company &amp; manufacturer\"},\"image\":{\"@id\":\"https:\/\/www.mouldprecision.com\/#\/schema\/logo\/image\/\"}}]}<\/script>\n<!-- \/ Yoast SEO plugin. -->","yoast_head_json":{"title":"Entreprise | China mould maker,mould making company &amp; manufacturer","description":"Mould Precision Co., Ltd.\u00a0 est un fabricant priv\u00e9 de moules en plastique \u00e0 Dongguan en Chine, qui se concentre sur la fabrication de moules d'injection plastique.","robots":{"index":"index","follow":"follow","max-snippet":"max-snippet:-1","max-image-preview":"max-image-preview:large","max-video-preview":"max-video-preview:-1"},"canonical":"https:\/\/www.mouldprecision.com\/fr\/entreprise.html","og_locale":"fr_FR","og_type":"article","og_title":"Entreprise | China mould maker,mould making company &amp; manufacturer","og_description":"Mould Precision Co., Ltd.\u00a0 est un fabricant priv\u00e9 de moules en plastique \u00e0 Dongguan en Chine, qui se concentre sur la fabrication de moules d'injection plastique.","og_url":"https:\/\/www.mouldprecision.com\/fr\/entreprise.html","og_site_name":"China mould maker,mould making company &amp; manufacturer","article_modified_time":"2018-10-09T02:59:07+00:00","og_image":[{"width":488,"height":350,"url":"https:\/\/www.mouldprecision.com\/wp-content\/uploads\/2018\/08\/plastic-mould-maker-china.jpg","type":"image\/jpeg"}],"twitter_card":"summary_large_image","twitter_misc":{"Dur\u00e9e de lecture estim\u00e9e":"2 minutes"},"schema":{"@context":"https:\/\/schema.org","@graph":[{"@type":"WebPage","@id":"https:\/\/www.mouldprecision.com\/fr\/entreprise.html","url":"https:\/\/www.mouldprecision.com\/fr\/entreprise.html","name":"Entreprise | China mould maker,mould making company &amp; manufacturer","isPartOf":{"@id":"https:\/\/www.mouldprecision.com\/#website"},"primaryImageOfPage":{"@id":"https:\/\/www.mouldprecision.com\/fr\/entreprise.html#primaryimage"},"image":{"@id":"https:\/\/www.mouldprecision.com\/fr\/entreprise.html#primaryimage"},"thumbnailUrl":"https:\/\/www.mouldprecision.com\/wp-content\/uploads\/2018\/08\/plastic-mould-maker-china.jpg","datePublished":"2018-09-08T15:28:59+00:00","dateModified":"2018-10-09T02:59:07+00:00","description":"Mould Precision Co., Ltd.\u00a0 est un fabricant priv\u00e9 de moules en plastique \u00e0 Dongguan en Chine, qui se concentre sur la fabrication de moules d'injection plastique.","breadcrumb":{"@id":"https:\/\/www.mouldprecision.com\/fr\/entreprise.html#breadcrumb"},"inLanguage":"fr-FR","potentialAction":[{"@type":"ReadAction","target":["https:\/\/www.mouldprecision.com\/fr\/entreprise.html"]}]},{"@type":"ImageObject","inLanguage":"fr-FR","@id":"https:\/\/www.mouldprecision.com\/fr\/entreprise.html#primaryimage","url":"https:\/\/www.mouldprecision.com\/wp-content\/uploads\/2018\/08\/plastic-mould-maker-china.jpg","contentUrl":"https:\/\/www.mouldprecision.com\/wp-content\/uploads\/2018\/08\/plastic-mould-maker-china.jpg","width":488,"height":350,"caption":"China mould maker"},{"@type":"BreadcrumbList","@id":"https:\/\/www.mouldprecision.com\/fr\/entreprise.html#breadcrumb","itemListElement":[{"@type":"ListItem","position":1,"name":"Home","item":"https:\/\/www.mouldprecision.com\/fr"},{"@type":"ListItem","position":2,"name":"Entreprise"}]},{"@type":"WebSite","@id":"https:\/\/www.mouldprecision.com\/#website","url":"https:\/\/www.mouldprecision.com\/","name":"China mould maker,mould making company &amp; manufacturer","description":"","publisher":{"@id":"https:\/\/www.mouldprecision.com\/#organization"},"potentialAction":[{"@type":"SearchAction","target":{"@type":"EntryPoint","urlTemplate":"https:\/\/www.mouldprecision.com\/?s={search_term_string}"},"query-input":{"@type":"PropertyValueSpecification","valueRequired":true,"valueName":"search_term_string"}}],"inLanguage":"fr-FR"},{"@type":"Organization","@id":"https:\/\/www.mouldprecision.com\/#organization","name":"China mould maker,mould making company &amp; manufacturer","url":"https:\/\/www.mouldprecision.com\/","logo":{"@type":"ImageObject","inLanguage":"fr-FR","@id":"https:\/\/www.mouldprecision.com\/#\/schema\/logo\/image\/","url":"https:\/\/www.mouldprecision.com\/wp-content\/uploads\/2018\/08\/MP-logo.png","contentUrl":"https:\/\/www.mouldprecision.com\/wp-content\/uploads\/2018\/08\/MP-logo.png","width":156,"height":59,"caption":"China mould maker,mould making company &amp; manufacturer"},"image":{"@id":"https:\/\/www.mouldprecision.com\/#\/schema\/logo\/image\/"}}]}},"_links":{"self":[{"href":"https:\/\/www.mouldprecision.com\/fr\/wp-json\/wp\/v2\/pages\/3972","targetHints":{"allow":["GET"]}}],"collection":[{"href":"https:\/\/www.mouldprecision.com\/fr\/wp-json\/wp\/v2\/pages"}],"about":[{"href":"https:\/\/www.mouldprecision.com\/fr\/wp-json\/wp\/v2\/types\/page"}],"author":[{"embeddable":true,"href":"https:\/\/www.mouldprecision.com\/fr\/wp-json\/wp\/v2\/users\/2"}],"replies":[{"embeddable":true,"href":"https:\/\/www.mouldprecision.com\/fr\/wp-json\/wp\/v2\/comments?post=3972"}],"version-history":[{"count":0,"href":"https:\/\/www.mouldprecision.com\/fr\/wp-json\/wp\/v2\/pages\/3972\/revisions"}],"wp:featuredmedia":[{"embeddable":true,"href":"https:\/\/www.mouldprecision.com\/fr\/wp-json\/wp\/v2\/media\/2238"}],"wp:attachment":[{"href":"https:\/\/www.mouldprecision.com\/fr\/wp-json\/wp\/v2\/media?parent=3972"}],"curies":[{"name":"wp","href":"https:\/\/api.w.org\/{rel}","templated":true}]}}