{"id":3664,"date":"2018-08-30T10:35:37","date_gmt":"2018-08-30T10:35:37","guid":{"rendered":"https:\/\/www.mouldprecision.com\/?page_id=3664"},"modified":"2019-03-14T07:23:15","modified_gmt":"2019-03-14T07:23:15","slug":"max-save-30-molde-fabricacion-costo","status":"publish","type":"page","link":"https:\/\/www.mouldprecision.com\/es\/slider\/max-save-30-molde-fabricacion-costo.html","title":{"rendered":"Max save 30% molde fabricacion costo"},"content":{"rendered":"<h2>Ahorre un 30% en el costo de fabricaci\u00f3n del molde \u00bfEst\u00e1s bromeando?<\/h2>\n<p><strong>El costo de la fabricaci<\/strong><strong>\u00f3<\/strong><strong>n de moldes podr<\/strong><strong>\u00ed<\/strong><strong>a estar considerando dos partes.<\/strong><\/p>\n<p>La mayor\u00eda de los clientes que subcontratan a China se consideran de bajo costo. El tiempo de las ganancias inesperadas de la fabricaci\u00f3n de moldes se ha ido, el costo es muy claro. Adem\u00e1s, el costo de China aumenta a\u00f1o tras a\u00f1o.<\/p>\n<h2>Save 30% mould making cost?Are you kidding?<\/h2>\n<h3>The cost of mould making could be consider two parts.<\/h3>\n<h3>1.\u00a0El proyecto en s\u00ed<\/h3>\n<p>Considere el mismo dibujo de molde, tome un molde simple como ejemplo, pieza de placa de ABS, base de molde LKM, 150 x 150 mm, sin deslizador o levantador, 1 cavidad, molde de dos placas, puerta directa, P20 para n\u00facleo y cavidad, pin eyector normal , corredor fr\u00edo, 400 # de arena de papel para pulir. \u00bfCu\u00e1l es el precio?<\/p>\n<p>Es molde, el costo es de 1500 $, el precio podr\u00eda ser de 2000 $, 3000 $ o 5000 $.<\/p>\n<h3>2.\u00a0\u00a0<strong>El fabricante de moldes en s<\/strong><strong>\u00ed<\/strong><\/h3>\n<p>La f\u00f3rmula del costo de fabricaci\u00f3n del molde podr\u00eda ser:<\/p>\n<p><em><strong>COSTO = 30% de material de molde + 50% de procesamiento + 10% de dise\u00f1o + 10% de otro<\/strong><\/em><\/p>\n<p>No somos una gran f\u00e1brica, no tenemos muchas m\u00e1quinas. El costo del mecanizado y el funcionamiento de la f\u00e1brica es del 50-60% de la fabricaci\u00f3n de moldes. Como todos sabemos, el costo de mecanizado es alto cuando est\u00e1 ocupado, pero bajo cuando no est\u00e1 ocupado.<\/p>\n<p>Integramos los elementos de la fabricaci\u00f3n de moldes, que tiene buena capacidad de m\u00e1quina y buen precio.<\/p>\n<p>Ahorramos en costos de mecanizado y operaci\u00f3n de f\u00e1brica. Esa es la raz\u00f3n por la cual podr\u00edamos ahorrarle un m\u00e1ximo de 30% en el costo de fabricaci\u00f3n del molde.<\/p>\n<!-- Begin Yuzo --><div class='yuzo_related_post style-1'  data-version='5.12.89'><!-- without result --><div class='yuzo_clearfixed yuzo__title yuzo__title'><h5>Related Post<\/h5><\/div>\n<\/div>  <!-- End Yuzo :) -->","protected":false},"excerpt":{"rendered":"<p>Ahorre un 30% en el costo de fabricaci\u00f3n del molde \u00bfEst\u00e1s bromeando? El costo de la fabricaci\u00f3n de moldes podr\u00eda estar considerando dos partes. La mayor\u00eda de los clientes que subcontratan a China se consideran de bajo costo. El tiempo de las ganancias inesperadas de la fabricaci\u00f3n de moldes se ha ido, el costo es [&hellip;]<\/p>\n","protected":false},"author":2,"featured_media":0,"parent":3658,"menu_order":0,"comment_status":"closed","ping_status":"closed","template":"","meta":{"footnotes":""},"class_list":["post-3664","page","type-page","status-publish","hentry"],"yoast_head":"<!-- This site is optimized with the Yoast SEO plugin v27.2 - https:\/\/yoast.com\/product\/yoast-seo-wordpress\/ -->\n<title>Max save 30% molde fabricacion costo | China mould maker,mould making company &amp; manufacturer<\/title>\n<meta name=\"robots\" content=\"index, follow, max-snippet:-1, max-image-preview:large, max-video-preview:-1\" \/>\n<link rel=\"canonical\" href=\"https:\/\/www.mouldprecision.com\/es\/slider\/max-save-30-molde-fabricacion-costo.html\" \/>\n<meta property=\"og:locale\" content=\"es_ES\" \/>\n<meta property=\"og:type\" content=\"article\" \/>\n<meta property=\"og:title\" content=\"Max save 30% molde fabricacion costo | China mould maker,mould making company &amp; manufacturer\" \/>\n<meta property=\"og:description\" content=\"Ahorre un 30% en el costo de fabricaci\u00f3n del molde \u00bfEst\u00e1s bromeando? El costo de la fabricaci\u00f3n de moldes podr\u00eda estar considerando dos partes. La mayor\u00eda de los clientes que subcontratan a China se consideran de bajo costo. El tiempo de las ganancias inesperadas de la fabricaci\u00f3n de moldes se ha ido, el costo es [&hellip;]\" \/>\n<meta property=\"og:url\" content=\"https:\/\/www.mouldprecision.com\/es\/slider\/max-save-30-molde-fabricacion-costo.html\" \/>\n<meta property=\"og:site_name\" content=\"China mould maker,mould making company &amp; manufacturer\" \/>\n<meta property=\"article:modified_time\" content=\"2019-03-14T07:23:15+00:00\" \/>\n<meta name=\"twitter:card\" content=\"summary_large_image\" \/>\n<meta name=\"twitter:label1\" content=\"Tiempo de lectura\" \/>\n\t<meta name=\"twitter:data1\" content=\"1 minute\" \/>\n<script type=\"application\/ld+json\" class=\"yoast-schema-graph\">{\"@context\":\"https:\/\/schema.org\",\"@graph\":[{\"@type\":\"WebPage\",\"@id\":\"https:\/\/www.mouldprecision.com\/es\/slider\/max-save-30-molde-fabricacion-costo.html\",\"url\":\"https:\/\/www.mouldprecision.com\/es\/slider\/max-save-30-molde-fabricacion-costo.html\",\"name\":\"Max save 30% molde fabricacion costo | China mould maker,mould making company &amp; manufacturer\",\"isPartOf\":{\"@id\":\"https:\/\/www.mouldprecision.com\/#website\"},\"datePublished\":\"2018-08-30T10:35:37+00:00\",\"dateModified\":\"2019-03-14T07:23:15+00:00\",\"breadcrumb\":{\"@id\":\"https:\/\/www.mouldprecision.com\/es\/slider\/max-save-30-molde-fabricacion-costo.html#breadcrumb\"},\"inLanguage\":\"es-ES\",\"potentialAction\":[{\"@type\":\"ReadAction\",\"target\":[\"https:\/\/www.mouldprecision.com\/es\/slider\/max-save-30-molde-fabricacion-costo.html\"]}]},{\"@type\":\"BreadcrumbList\",\"@id\":\"https:\/\/www.mouldprecision.com\/es\/slider\/max-save-30-molde-fabricacion-costo.html#breadcrumb\",\"itemListElement\":[{\"@type\":\"ListItem\",\"position\":1,\"name\":\"Home\",\"item\":\"https:\/\/www.mouldprecision.com\/es\"},{\"@type\":\"ListItem\",\"position\":2,\"name\":\"Slider\",\"item\":\"https:\/\/www.mouldprecision.com\/es\/slider.html\"},{\"@type\":\"ListItem\",\"position\":3,\"name\":\"Max save 30% molde fabricacion costo\"}]},{\"@type\":\"WebSite\",\"@id\":\"https:\/\/www.mouldprecision.com\/#website\",\"url\":\"https:\/\/www.mouldprecision.com\/\",\"name\":\"China mould maker,mould making company &amp; manufacturer\",\"description\":\"\",\"publisher\":{\"@id\":\"https:\/\/www.mouldprecision.com\/#organization\"},\"potentialAction\":[{\"@type\":\"SearchAction\",\"target\":{\"@type\":\"EntryPoint\",\"urlTemplate\":\"https:\/\/www.mouldprecision.com\/?s={search_term_string}\"},\"query-input\":{\"@type\":\"PropertyValueSpecification\",\"valueRequired\":true,\"valueName\":\"search_term_string\"}}],\"inLanguage\":\"es-ES\"},{\"@type\":\"Organization\",\"@id\":\"https:\/\/www.mouldprecision.com\/#organization\",\"name\":\"China mould maker,mould making company &amp; manufacturer\",\"url\":\"https:\/\/www.mouldprecision.com\/\",\"logo\":{\"@type\":\"ImageObject\",\"inLanguage\":\"es-ES\",\"@id\":\"https:\/\/www.mouldprecision.com\/#\/schema\/logo\/image\/\",\"url\":\"https:\/\/www.mouldprecision.com\/wp-content\/uploads\/2018\/08\/MP-logo.png\",\"contentUrl\":\"https:\/\/www.mouldprecision.com\/wp-content\/uploads\/2018\/08\/MP-logo.png\",\"width\":156,\"height\":59,\"caption\":\"China mould maker,mould making company &amp; manufacturer\"},\"image\":{\"@id\":\"https:\/\/www.mouldprecision.com\/#\/schema\/logo\/image\/\"}}]}<\/script>\n<!-- \/ Yoast SEO plugin. -->","yoast_head_json":{"title":"Max save 30% molde fabricacion costo | China mould maker,mould making company &amp; manufacturer","robots":{"index":"index","follow":"follow","max-snippet":"max-snippet:-1","max-image-preview":"max-image-preview:large","max-video-preview":"max-video-preview:-1"},"canonical":"https:\/\/www.mouldprecision.com\/es\/slider\/max-save-30-molde-fabricacion-costo.html","og_locale":"es_ES","og_type":"article","og_title":"Max save 30% molde fabricacion costo | China mould maker,mould making company &amp; manufacturer","og_description":"Ahorre un 30% en el costo de fabricaci\u00f3n del molde \u00bfEst\u00e1s bromeando? El costo de la fabricaci\u00f3n de moldes podr\u00eda estar considerando dos partes. La mayor\u00eda de los clientes que subcontratan a China se consideran de bajo costo. El tiempo de las ganancias inesperadas de la fabricaci\u00f3n de moldes se ha ido, el costo es [&hellip;]","og_url":"https:\/\/www.mouldprecision.com\/es\/slider\/max-save-30-molde-fabricacion-costo.html","og_site_name":"China mould maker,mould making company &amp; manufacturer","article_modified_time":"2019-03-14T07:23:15+00:00","twitter_card":"summary_large_image","twitter_misc":{"Tiempo de lectura":"1 minute"},"schema":{"@context":"https:\/\/schema.org","@graph":[{"@type":"WebPage","@id":"https:\/\/www.mouldprecision.com\/es\/slider\/max-save-30-molde-fabricacion-costo.html","url":"https:\/\/www.mouldprecision.com\/es\/slider\/max-save-30-molde-fabricacion-costo.html","name":"Max save 30% molde fabricacion costo | China mould maker,mould making company &amp; manufacturer","isPartOf":{"@id":"https:\/\/www.mouldprecision.com\/#website"},"datePublished":"2018-08-30T10:35:37+00:00","dateModified":"2019-03-14T07:23:15+00:00","breadcrumb":{"@id":"https:\/\/www.mouldprecision.com\/es\/slider\/max-save-30-molde-fabricacion-costo.html#breadcrumb"},"inLanguage":"es-ES","potentialAction":[{"@type":"ReadAction","target":["https:\/\/www.mouldprecision.com\/es\/slider\/max-save-30-molde-fabricacion-costo.html"]}]},{"@type":"BreadcrumbList","@id":"https:\/\/www.mouldprecision.com\/es\/slider\/max-save-30-molde-fabricacion-costo.html#breadcrumb","itemListElement":[{"@type":"ListItem","position":1,"name":"Home","item":"https:\/\/www.mouldprecision.com\/es"},{"@type":"ListItem","position":2,"name":"Slider","item":"https:\/\/www.mouldprecision.com\/es\/slider.html"},{"@type":"ListItem","position":3,"name":"Max save 30% molde fabricacion costo"}]},{"@type":"WebSite","@id":"https:\/\/www.mouldprecision.com\/#website","url":"https:\/\/www.mouldprecision.com\/","name":"China mould maker,mould making company &amp; manufacturer","description":"","publisher":{"@id":"https:\/\/www.mouldprecision.com\/#organization"},"potentialAction":[{"@type":"SearchAction","target":{"@type":"EntryPoint","urlTemplate":"https:\/\/www.mouldprecision.com\/?s={search_term_string}"},"query-input":{"@type":"PropertyValueSpecification","valueRequired":true,"valueName":"search_term_string"}}],"inLanguage":"es-ES"},{"@type":"Organization","@id":"https:\/\/www.mouldprecision.com\/#organization","name":"China mould maker,mould making company &amp; manufacturer","url":"https:\/\/www.mouldprecision.com\/","logo":{"@type":"ImageObject","inLanguage":"es-ES","@id":"https:\/\/www.mouldprecision.com\/#\/schema\/logo\/image\/","url":"https:\/\/www.mouldprecision.com\/wp-content\/uploads\/2018\/08\/MP-logo.png","contentUrl":"https:\/\/www.mouldprecision.com\/wp-content\/uploads\/2018\/08\/MP-logo.png","width":156,"height":59,"caption":"China mould maker,mould making company &amp; manufacturer"},"image":{"@id":"https:\/\/www.mouldprecision.com\/#\/schema\/logo\/image\/"}}]}},"_links":{"self":[{"href":"https:\/\/www.mouldprecision.com\/es\/wp-json\/wp\/v2\/pages\/3664","targetHints":{"allow":["GET"]}}],"collection":[{"href":"https:\/\/www.mouldprecision.com\/es\/wp-json\/wp\/v2\/pages"}],"about":[{"href":"https:\/\/www.mouldprecision.com\/es\/wp-json\/wp\/v2\/types\/page"}],"author":[{"embeddable":true,"href":"https:\/\/www.mouldprecision.com\/es\/wp-json\/wp\/v2\/users\/2"}],"replies":[{"embeddable":true,"href":"https:\/\/www.mouldprecision.com\/es\/wp-json\/wp\/v2\/comments?post=3664"}],"version-history":[{"count":0,"href":"https:\/\/www.mouldprecision.com\/es\/wp-json\/wp\/v2\/pages\/3664\/revisions"}],"up":[{"embeddable":true,"href":"https:\/\/www.mouldprecision.com\/es\/wp-json\/wp\/v2\/pages\/3658"}],"wp:attachment":[{"href":"https:\/\/www.mouldprecision.com\/es\/wp-json\/wp\/v2\/media?parent=3664"}],"curies":[{"name":"wp","href":"https:\/\/api.w.org\/{rel}","templated":true}]}}