{"id":3663,"date":"2018-08-30T10:41:25","date_gmt":"2018-08-30T10:41:25","guid":{"rendered":"https:\/\/www.mouldprecision.com\/?page_id=3663"},"modified":"2018-09-09T07:11:29","modified_gmt":"2018-09-09T07:11:29","slug":"rapido-molde-fabricacion","status":"publish","type":"page","link":"https:\/\/www.mouldprecision.com\/es\/slider\/rapido-molde-fabricacion.html","title":{"rendered":"R\u00e1pido molde fabricaci\u00f3n"},"content":{"rendered":"<h2>El tiempo es dinero. Cuanto menos tiempo de entrega, m\u00e1s competitivo.<\/h2>\n<p>Somos <a href=\"https:\/\/www.mouldprecision.com\/es\/empresa.html\"><strong>fabricantes de moldes muy r\u00e1pidos en China,<\/strong><\/a> ya que tenemos una SOLUCI\u00d3N para el molde normal y la fabricaci\u00f3n urgente de moldes.<\/p>\n<h2><strong>\u00bf<\/strong><strong>C<\/strong><strong>\u00f3<\/strong><strong>mo ahorrar tiempo como fabricante r<\/strong><strong>\u00e1<\/strong><strong>pido de moldes?<\/strong><\/h2>\n<ul>\n<li>1. Compramos el material primero durante el dise\u00f1o del molde 3D, una vez que realiza el pedido y dice que es urgente. Cuando el dinero llega a nuestro banco, el acero del n\u00facleo y la cavidad se mecaniza en nuestra f\u00e1brica.<\/li>\n<li>2. Aseg\u00farese de que no haya tiempo perdido para esperar la m\u00e1quina, es decir, el acero se mecanizar\u00e1 sin esperar.<\/li>\n<li>3. Se ocupa del riesgo del proyecto. Tal vez necesite comprar acero extra por accidente.<\/li>\n<\/ul>\n<h3><strong>Deja que los proyectos digan:<\/strong><\/h3>\n<h3><em><strong>26 d<\/strong><strong>\u00ed<\/strong><strong>as laborables<\/strong> <strong>de T1 para molde de 550 x 600 mm con 16 deslizadores<\/strong><\/em><\/h3>\n<p>La parte es simple, pero no es un molde peque\u00f1o. Adem\u00e1s, hay 16 unidades deslizadoras. Necesitamos hacer pruebas de moldes en poco tiempo, ya que es muy urgente e importante para el cliente. La clave es asegurarse de que los controles deslizantes se muevan bien y realmente lo haga.<\/p>\n<p>&#8220;Usted es el fabricante de moldes muy r\u00e1pido en China, me gusta&#8221;, dijo Jerry cuando est\u00e1 viendo una prueba de moldes aqu\u00ed.<\/p>\n<style type=\"text\/css\">\n#foogallery-gallery-879 .fg-image { width: 251px; }\n#foogallery-gallery-879 { --fg-gutter: 10px; }<\/style>\n\t\t\t<style type=\"text\/css\">\n#foogallery-gallery-879_1 .fg-image { width: 251px; }\n#foogallery-gallery-879_1 { --fg-gutter: 10px; }<\/style>\n\t\t\t<div class=\"foogallery foogallery-container foogallery-default foogallery-lightbox-foobox fg-left fg-default fg-ready fg-light fg-loading-default fg-loaded-fade-in fg-hover-fade fg-hover-zoom2\" id=\"foogallery-gallery-879_1\" data-foogallery=\"{&quot;item&quot;:{&quot;showCaptionTitle&quot;:false,&quot;showCaptionDescription&quot;:false},&quot;lazy&quot;:true}\" style=\"--fg-title-line-clamp: 0; --fg-description-line-clamp: 0;\" >\n\t<div class=\"fg-item fg-type-image fg-idle\"><figure class=\"fg-item-inner\"><a href=\"https:\/\/www.mouldprecision.com\/wp-content\/uploads\/2018\/08\/fast-1.jpg\" data-attachment-id=\"2304\" data-type=\"image\" class=\"fg-thumb\"><span class=\"fg-image-wrap\"><img decoding=\"async\" width=\"251\" height=\"190\" class=\"skip-lazy fg-image\" data-src-fg=\"https:\/\/www.mouldprecision.com\/wp-content\/uploads\/cache\/2018\/08\/fast-1\/896930243.jpg\" src=\"data:image\/svg+xml,%3Csvg%20xmlns%3D%22http%3A%2F%2Fwww.w3.org%2F2000%2Fsvg%22%20width%3D%22251%22%20height%3D%22190%22%20viewBox%3D%220%200%20251%20190%22%3E%3C%2Fsvg%3E\" loading=\"eager\"><\/span><span class=\"fg-image-overlay\"><\/span><\/a><\/figure><div class=\"fg-loader\"><\/div><\/div><div class=\"fg-item fg-type-image fg-idle\"><figure class=\"fg-item-inner\"><a href=\"https:\/\/www.mouldprecision.com\/wp-content\/uploads\/2018\/08\/fast-2.jpg\" data-attachment-id=\"2305\" data-type=\"image\" class=\"fg-thumb\"><span class=\"fg-image-wrap\"><img decoding=\"async\" width=\"251\" height=\"190\" class=\"skip-lazy fg-image\" data-src-fg=\"https:\/\/www.mouldprecision.com\/wp-content\/uploads\/cache\/2018\/08\/fast-2\/505576552.jpg\" src=\"data:image\/svg+xml,%3Csvg%20xmlns%3D%22http%3A%2F%2Fwww.w3.org%2F2000%2Fsvg%22%20width%3D%22251%22%20height%3D%22190%22%20viewBox%3D%220%200%20251%20190%22%3E%3C%2Fsvg%3E\" loading=\"eager\"><\/span><span class=\"fg-image-overlay\"><\/span><\/a><\/figure><div class=\"fg-loader\"><\/div><\/div><div class=\"fg-item fg-type-image fg-idle\"><figure class=\"fg-item-inner\"><a href=\"https:\/\/www.mouldprecision.com\/wp-content\/uploads\/2018\/08\/fast-3.jpg\" data-attachment-id=\"2306\" data-type=\"image\" class=\"fg-thumb\"><span class=\"fg-image-wrap\"><img decoding=\"async\" width=\"251\" height=\"190\" class=\"skip-lazy fg-image\" data-src-fg=\"https:\/\/www.mouldprecision.com\/wp-content\/uploads\/cache\/2018\/08\/fast-3\/3885286511.jpg\" src=\"data:image\/svg+xml,%3Csvg%20xmlns%3D%22http%3A%2F%2Fwww.w3.org%2F2000%2Fsvg%22%20width%3D%22251%22%20height%3D%22190%22%20viewBox%3D%220%200%20251%20190%22%3E%3C%2Fsvg%3E\" loading=\"eager\"><\/span><span class=\"fg-image-overlay\"><\/span><\/a><\/figure><div class=\"fg-loader\"><\/div><\/div><div class=\"fg-item fg-type-image fg-idle\"><figure class=\"fg-item-inner\"><a href=\"https:\/\/www.mouldprecision.com\/wp-content\/uploads\/2018\/08\/fast-4.jpg\" data-attachment-id=\"2307\" data-type=\"image\" class=\"fg-thumb\"><span class=\"fg-image-wrap\"><img decoding=\"async\" width=\"251\" height=\"190\" class=\"skip-lazy fg-image\" data-src-fg=\"https:\/\/www.mouldprecision.com\/wp-content\/uploads\/cache\/2018\/08\/fast-4\/1217046334.jpg\" src=\"data:image\/svg+xml,%3Csvg%20xmlns%3D%22http%3A%2F%2Fwww.w3.org%2F2000%2Fsvg%22%20width%3D%22251%22%20height%3D%22190%22%20viewBox%3D%220%200%20251%20190%22%3E%3C%2Fsvg%3E\" loading=\"eager\"><\/span><span class=\"fg-image-overlay\"><\/span><\/a><\/figure><div class=\"fg-loader\"><\/div><\/div><div class=\"fg-item fg-type-image fg-idle\"><figure class=\"fg-item-inner\"><a href=\"https:\/\/www.mouldprecision.com\/wp-content\/uploads\/2018\/08\/fast-5.jpg\" data-attachment-id=\"2308\" data-type=\"image\" class=\"fg-thumb\"><span class=\"fg-image-wrap\"><img decoding=\"async\" width=\"251\" height=\"190\" class=\"skip-lazy fg-image\" data-src-fg=\"https:\/\/www.mouldprecision.com\/wp-content\/uploads\/cache\/2018\/08\/fast-5\/1699675485.jpg\" src=\"data:image\/svg+xml,%3Csvg%20xmlns%3D%22http%3A%2F%2Fwww.w3.org%2F2000%2Fsvg%22%20width%3D%22251%22%20height%3D%22190%22%20viewBox%3D%220%200%20251%20190%22%3E%3C%2Fsvg%3E\" loading=\"eager\"><\/span><span class=\"fg-image-overlay\"><\/span><\/a><\/figure><div class=\"fg-loader\"><\/div><\/div><div class=\"fg-item fg-type-image fg-idle\"><figure class=\"fg-item-inner\"><a href=\"https:\/\/www.mouldprecision.com\/wp-content\/uploads\/2018\/08\/fast-6.jpg\" data-attachment-id=\"2309\" data-type=\"image\" class=\"fg-thumb\"><span class=\"fg-image-wrap\"><img decoding=\"async\" width=\"251\" height=\"190\" class=\"skip-lazy fg-image\" data-src-fg=\"https:\/\/www.mouldprecision.com\/wp-content\/uploads\/cache\/2018\/08\/fast-6\/1310363894.jpg\" src=\"data:image\/svg+xml,%3Csvg%20xmlns%3D%22http%3A%2F%2Fwww.w3.org%2F2000%2Fsvg%22%20width%3D%22251%22%20height%3D%22190%22%20viewBox%3D%220%200%20251%20190%22%3E%3C%2Fsvg%3E\" loading=\"eager\"><\/span><span class=\"fg-image-overlay\"><\/span><\/a><\/figure><div class=\"fg-loader\"><\/div><\/div><div class=\"fg-item fg-type-image fg-idle\"><figure class=\"fg-item-inner\"><a href=\"https:\/\/www.mouldprecision.com\/wp-content\/uploads\/2018\/08\/fast-7.jpg\" data-attachment-id=\"2310\" data-type=\"image\" class=\"fg-thumb\"><span class=\"fg-image-wrap\"><img decoding=\"async\" width=\"251\" height=\"190\" class=\"skip-lazy fg-image\" data-src-fg=\"https:\/\/www.mouldprecision.com\/wp-content\/uploads\/cache\/2018\/08\/fast-7\/1900390767.jpg\" src=\"data:image\/svg+xml,%3Csvg%20xmlns%3D%22http%3A%2F%2Fwww.w3.org%2F2000%2Fsvg%22%20width%3D%22251%22%20height%3D%22190%22%20viewBox%3D%220%200%20251%20190%22%3E%3C%2Fsvg%3E\" loading=\"eager\"><\/span><span class=\"fg-image-overlay\"><\/span><\/a><\/figure><div class=\"fg-loader\"><\/div><\/div><div class=\"fg-item fg-type-image fg-idle\"><figure class=\"fg-item-inner\"><a href=\"https:\/\/www.mouldprecision.com\/wp-content\/uploads\/2018\/08\/fast-8.jpg\" data-attachment-id=\"2311\" data-type=\"image\" class=\"fg-thumb\"><span class=\"fg-image-wrap\"><img decoding=\"async\" width=\"251\" height=\"190\" class=\"skip-lazy fg-image\" data-src-fg=\"https:\/\/www.mouldprecision.com\/wp-content\/uploads\/cache\/2018\/08\/fast-8\/230609291.jpg\" src=\"data:image\/svg+xml,%3Csvg%20xmlns%3D%22http%3A%2F%2Fwww.w3.org%2F2000%2Fsvg%22%20width%3D%22251%22%20height%3D%22190%22%20viewBox%3D%220%200%20251%20190%22%3E%3C%2Fsvg%3E\" loading=\"eager\"><\/span><span class=\"fg-image-overlay\"><\/span><\/a><\/figure><div class=\"fg-loader\"><\/div><\/div><div class=\"fg-item fg-type-image fg-idle\"><figure class=\"fg-item-inner\"><a href=\"https:\/\/www.mouldprecision.com\/wp-content\/uploads\/2018\/08\/fast-9.jpg\" data-attachment-id=\"2312\" data-type=\"image\" class=\"fg-thumb\"><span class=\"fg-image-wrap\"><img decoding=\"async\" width=\"251\" height=\"190\" class=\"skip-lazy fg-image\" data-src-fg=\"https:\/\/www.mouldprecision.com\/wp-content\/uploads\/cache\/2018\/08\/fast-9\/4094192012.jpg\" src=\"data:image\/svg+xml,%3Csvg%20xmlns%3D%22http%3A%2F%2Fwww.w3.org%2F2000%2Fsvg%22%20width%3D%22251%22%20height%3D%22190%22%20viewBox%3D%220%200%20251%20190%22%3E%3C%2Fsvg%3E\" loading=\"eager\"><\/span><span class=\"fg-image-overlay\"><\/span><\/a><\/figure><div class=\"fg-loader\"><\/div><\/div><\/div>\n\n<p>No dude en contactar con nosotros si usted tiene proyecto urgente.<\/p>\n<p>&nbsp;<\/p>\n<!-- Begin Yuzo --><div class='yuzo_related_post style-1'  data-version='5.12.89'><!-- without result --><div class='yuzo_clearfixed yuzo__title yuzo__title'><h5>Related Post<\/h5><\/div>\n<\/div>  <!-- End Yuzo :) -->","protected":false},"excerpt":{"rendered":"<p>El tiempo es dinero. Cuanto menos tiempo de entrega, m\u00e1s competitivo. Somos fabricantes de moldes muy r\u00e1pidos en China, ya que tenemos una SOLUCI\u00d3N para el molde normal y la fabricaci\u00f3n urgente de moldes. \u00bfC\u00f3mo ahorrar tiempo como fabricante r\u00e1pido de moldes? 1. Compramos el material primero durante el dise\u00f1o del molde 3D, una vez [&hellip;]<\/p>\n","protected":false},"author":2,"featured_media":2301,"parent":3658,"menu_order":0,"comment_status":"closed","ping_status":"closed","template":"","meta":{"footnotes":""},"class_list":["post-3663","page","type-page","status-publish","has-post-thumbnail","hentry"],"yoast_head":"<!-- This site is optimized with the Yoast SEO plugin v27.2 - https:\/\/yoast.com\/product\/yoast-seo-wordpress\/ -->\n<title>R\u00e1pido molde fabricaci\u00f3n | China mould maker,mould making company &amp; manufacturer<\/title>\n<meta name=\"robots\" content=\"index, follow, max-snippet:-1, max-image-preview:large, max-video-preview:-1\" \/>\n<link rel=\"canonical\" href=\"https:\/\/www.mouldprecision.com\/es\/slider\/rapido-molde-fabricacion.html\" \/>\n<meta property=\"og:locale\" content=\"es_ES\" \/>\n<meta property=\"og:type\" content=\"article\" \/>\n<meta property=\"og:title\" content=\"R\u00e1pido molde fabricaci\u00f3n | China mould maker,mould making company &amp; manufacturer\" \/>\n<meta property=\"og:description\" content=\"El tiempo es dinero. Cuanto menos tiempo de entrega, m\u00e1s competitivo. Somos fabricantes de moldes muy r\u00e1pidos en China, ya que tenemos una SOLUCI\u00d3N para el molde normal y la fabricaci\u00f3n urgente de moldes. \u00bfC\u00f3mo ahorrar tiempo como fabricante r\u00e1pido de moldes? 1. Compramos el material primero durante el dise\u00f1o del molde 3D, una vez [&hellip;]\" \/>\n<meta property=\"og:url\" content=\"https:\/\/www.mouldprecision.com\/es\/slider\/rapido-molde-fabricacion.html\" \/>\n<meta property=\"og:site_name\" content=\"China mould maker,mould making company &amp; manufacturer\" \/>\n<meta property=\"article:modified_time\" content=\"2018-09-09T07:11:29+00:00\" \/>\n<meta property=\"og:image\" content=\"https:\/\/www.mouldprecision.com\/wp-content\/uploads\/2018\/08\/plastic-mould-china.jpg\" \/>\n\t<meta property=\"og:image:width\" content=\"1366\" \/>\n\t<meta property=\"og:image:height\" content=\"426\" \/>\n\t<meta property=\"og:image:type\" content=\"image\/jpeg\" \/>\n<meta name=\"twitter:card\" content=\"summary_large_image\" \/>\n<meta name=\"twitter:label1\" content=\"Tiempo de lectura\" \/>\n\t<meta name=\"twitter:data1\" content=\"1 minute\" \/>\n<script type=\"application\/ld+json\" class=\"yoast-schema-graph\">{\"@context\":\"https:\/\/schema.org\",\"@graph\":[{\"@type\":\"WebPage\",\"@id\":\"https:\/\/www.mouldprecision.com\/es\/slider\/rapido-molde-fabricacion.html\",\"url\":\"https:\/\/www.mouldprecision.com\/es\/slider\/rapido-molde-fabricacion.html\",\"name\":\"R\u00e1pido molde fabricaci\u00f3n | China mould maker,mould making company &amp; manufacturer\",\"isPartOf\":{\"@id\":\"https:\/\/www.mouldprecision.com\/#website\"},\"primaryImageOfPage\":{\"@id\":\"https:\/\/www.mouldprecision.com\/es\/slider\/rapido-molde-fabricacion.html#primaryimage\"},\"image\":{\"@id\":\"https:\/\/www.mouldprecision.com\/es\/slider\/rapido-molde-fabricacion.html#primaryimage\"},\"thumbnailUrl\":\"https:\/\/www.mouldprecision.com\/wp-content\/uploads\/2018\/08\/plastic-mould-china.jpg\",\"datePublished\":\"2018-08-30T10:41:25+00:00\",\"dateModified\":\"2018-09-09T07:11:29+00:00\",\"breadcrumb\":{\"@id\":\"https:\/\/www.mouldprecision.com\/es\/slider\/rapido-molde-fabricacion.html#breadcrumb\"},\"inLanguage\":\"es-ES\",\"potentialAction\":[{\"@type\":\"ReadAction\",\"target\":[\"https:\/\/www.mouldprecision.com\/es\/slider\/rapido-molde-fabricacion.html\"]}]},{\"@type\":\"ImageObject\",\"inLanguage\":\"es-ES\",\"@id\":\"https:\/\/www.mouldprecision.com\/es\/slider\/rapido-molde-fabricacion.html#primaryimage\",\"url\":\"https:\/\/www.mouldprecision.com\/wp-content\/uploads\/2018\/08\/plastic-mould-china.jpg\",\"contentUrl\":\"https:\/\/www.mouldprecision.com\/wp-content\/uploads\/2018\/08\/plastic-mould-china.jpg\",\"width\":1366,\"height\":426,\"caption\":\"plastic mould china\"},{\"@type\":\"BreadcrumbList\",\"@id\":\"https:\/\/www.mouldprecision.com\/es\/slider\/rapido-molde-fabricacion.html#breadcrumb\",\"itemListElement\":[{\"@type\":\"ListItem\",\"position\":1,\"name\":\"Home\",\"item\":\"https:\/\/www.mouldprecision.com\/es\"},{\"@type\":\"ListItem\",\"position\":2,\"name\":\"Slider\",\"item\":\"https:\/\/www.mouldprecision.com\/es\/slider.html\"},{\"@type\":\"ListItem\",\"position\":3,\"name\":\"R\u00e1pido molde fabricaci\u00f3n\"}]},{\"@type\":\"WebSite\",\"@id\":\"https:\/\/www.mouldprecision.com\/#website\",\"url\":\"https:\/\/www.mouldprecision.com\/\",\"name\":\"China mould maker,mould making company &amp; manufacturer\",\"description\":\"\",\"publisher\":{\"@id\":\"https:\/\/www.mouldprecision.com\/#organization\"},\"potentialAction\":[{\"@type\":\"SearchAction\",\"target\":{\"@type\":\"EntryPoint\",\"urlTemplate\":\"https:\/\/www.mouldprecision.com\/?s={search_term_string}\"},\"query-input\":{\"@type\":\"PropertyValueSpecification\",\"valueRequired\":true,\"valueName\":\"search_term_string\"}}],\"inLanguage\":\"es-ES\"},{\"@type\":\"Organization\",\"@id\":\"https:\/\/www.mouldprecision.com\/#organization\",\"name\":\"China mould maker,mould making company &amp; manufacturer\",\"url\":\"https:\/\/www.mouldprecision.com\/\",\"logo\":{\"@type\":\"ImageObject\",\"inLanguage\":\"es-ES\",\"@id\":\"https:\/\/www.mouldprecision.com\/#\/schema\/logo\/image\/\",\"url\":\"https:\/\/www.mouldprecision.com\/wp-content\/uploads\/2018\/08\/MP-logo.png\",\"contentUrl\":\"https:\/\/www.mouldprecision.com\/wp-content\/uploads\/2018\/08\/MP-logo.png\",\"width\":156,\"height\":59,\"caption\":\"China mould maker,mould making company &amp; manufacturer\"},\"image\":{\"@id\":\"https:\/\/www.mouldprecision.com\/#\/schema\/logo\/image\/\"}}]}<\/script>\n<!-- \/ Yoast SEO plugin. -->","yoast_head_json":{"title":"R\u00e1pido molde fabricaci\u00f3n | China mould maker,mould making company &amp; manufacturer","robots":{"index":"index","follow":"follow","max-snippet":"max-snippet:-1","max-image-preview":"max-image-preview:large","max-video-preview":"max-video-preview:-1"},"canonical":"https:\/\/www.mouldprecision.com\/es\/slider\/rapido-molde-fabricacion.html","og_locale":"es_ES","og_type":"article","og_title":"R\u00e1pido molde fabricaci\u00f3n | China mould maker,mould making company &amp; manufacturer","og_description":"El tiempo es dinero. Cuanto menos tiempo de entrega, m\u00e1s competitivo. Somos fabricantes de moldes muy r\u00e1pidos en China, ya que tenemos una SOLUCI\u00d3N para el molde normal y la fabricaci\u00f3n urgente de moldes. \u00bfC\u00f3mo ahorrar tiempo como fabricante r\u00e1pido de moldes? 1. Compramos el material primero durante el dise\u00f1o del molde 3D, una vez [&hellip;]","og_url":"https:\/\/www.mouldprecision.com\/es\/slider\/rapido-molde-fabricacion.html","og_site_name":"China mould maker,mould making company &amp; manufacturer","article_modified_time":"2018-09-09T07:11:29+00:00","og_image":[{"width":1366,"height":426,"url":"https:\/\/www.mouldprecision.com\/wp-content\/uploads\/2018\/08\/plastic-mould-china.jpg","type":"image\/jpeg"}],"twitter_card":"summary_large_image","twitter_misc":{"Tiempo de lectura":"1 minute"},"schema":{"@context":"https:\/\/schema.org","@graph":[{"@type":"WebPage","@id":"https:\/\/www.mouldprecision.com\/es\/slider\/rapido-molde-fabricacion.html","url":"https:\/\/www.mouldprecision.com\/es\/slider\/rapido-molde-fabricacion.html","name":"R\u00e1pido molde fabricaci\u00f3n | China mould maker,mould making company &amp; manufacturer","isPartOf":{"@id":"https:\/\/www.mouldprecision.com\/#website"},"primaryImageOfPage":{"@id":"https:\/\/www.mouldprecision.com\/es\/slider\/rapido-molde-fabricacion.html#primaryimage"},"image":{"@id":"https:\/\/www.mouldprecision.com\/es\/slider\/rapido-molde-fabricacion.html#primaryimage"},"thumbnailUrl":"https:\/\/www.mouldprecision.com\/wp-content\/uploads\/2018\/08\/plastic-mould-china.jpg","datePublished":"2018-08-30T10:41:25+00:00","dateModified":"2018-09-09T07:11:29+00:00","breadcrumb":{"@id":"https:\/\/www.mouldprecision.com\/es\/slider\/rapido-molde-fabricacion.html#breadcrumb"},"inLanguage":"es-ES","potentialAction":[{"@type":"ReadAction","target":["https:\/\/www.mouldprecision.com\/es\/slider\/rapido-molde-fabricacion.html"]}]},{"@type":"ImageObject","inLanguage":"es-ES","@id":"https:\/\/www.mouldprecision.com\/es\/slider\/rapido-molde-fabricacion.html#primaryimage","url":"https:\/\/www.mouldprecision.com\/wp-content\/uploads\/2018\/08\/plastic-mould-china.jpg","contentUrl":"https:\/\/www.mouldprecision.com\/wp-content\/uploads\/2018\/08\/plastic-mould-china.jpg","width":1366,"height":426,"caption":"plastic mould china"},{"@type":"BreadcrumbList","@id":"https:\/\/www.mouldprecision.com\/es\/slider\/rapido-molde-fabricacion.html#breadcrumb","itemListElement":[{"@type":"ListItem","position":1,"name":"Home","item":"https:\/\/www.mouldprecision.com\/es"},{"@type":"ListItem","position":2,"name":"Slider","item":"https:\/\/www.mouldprecision.com\/es\/slider.html"},{"@type":"ListItem","position":3,"name":"R\u00e1pido molde fabricaci\u00f3n"}]},{"@type":"WebSite","@id":"https:\/\/www.mouldprecision.com\/#website","url":"https:\/\/www.mouldprecision.com\/","name":"China mould maker,mould making company &amp; manufacturer","description":"","publisher":{"@id":"https:\/\/www.mouldprecision.com\/#organization"},"potentialAction":[{"@type":"SearchAction","target":{"@type":"EntryPoint","urlTemplate":"https:\/\/www.mouldprecision.com\/?s={search_term_string}"},"query-input":{"@type":"PropertyValueSpecification","valueRequired":true,"valueName":"search_term_string"}}],"inLanguage":"es-ES"},{"@type":"Organization","@id":"https:\/\/www.mouldprecision.com\/#organization","name":"China mould maker,mould making company &amp; manufacturer","url":"https:\/\/www.mouldprecision.com\/","logo":{"@type":"ImageObject","inLanguage":"es-ES","@id":"https:\/\/www.mouldprecision.com\/#\/schema\/logo\/image\/","url":"https:\/\/www.mouldprecision.com\/wp-content\/uploads\/2018\/08\/MP-logo.png","contentUrl":"https:\/\/www.mouldprecision.com\/wp-content\/uploads\/2018\/08\/MP-logo.png","width":156,"height":59,"caption":"China mould maker,mould making company &amp; manufacturer"},"image":{"@id":"https:\/\/www.mouldprecision.com\/#\/schema\/logo\/image\/"}}]}},"_links":{"self":[{"href":"https:\/\/www.mouldprecision.com\/es\/wp-json\/wp\/v2\/pages\/3663","targetHints":{"allow":["GET"]}}],"collection":[{"href":"https:\/\/www.mouldprecision.com\/es\/wp-json\/wp\/v2\/pages"}],"about":[{"href":"https:\/\/www.mouldprecision.com\/es\/wp-json\/wp\/v2\/types\/page"}],"author":[{"embeddable":true,"href":"https:\/\/www.mouldprecision.com\/es\/wp-json\/wp\/v2\/users\/2"}],"replies":[{"embeddable":true,"href":"https:\/\/www.mouldprecision.com\/es\/wp-json\/wp\/v2\/comments?post=3663"}],"version-history":[{"count":0,"href":"https:\/\/www.mouldprecision.com\/es\/wp-json\/wp\/v2\/pages\/3663\/revisions"}],"up":[{"embeddable":true,"href":"https:\/\/www.mouldprecision.com\/es\/wp-json\/wp\/v2\/pages\/3658"}],"wp:featuredmedia":[{"embeddable":true,"href":"https:\/\/www.mouldprecision.com\/es\/wp-json\/wp\/v2\/media\/2301"}],"wp:attachment":[{"href":"https:\/\/www.mouldprecision.com\/es\/wp-json\/wp\/v2\/media?parent=3663"}],"curies":[{"name":"wp","href":"https:\/\/api.w.org\/{rel}","templated":true}]}}