{"id":3659,"date":"2018-08-30T10:30:11","date_gmt":"2018-08-30T10:30:11","guid":{"rendered":"https:\/\/www.mouldprecision.com\/?page_id=3659"},"modified":"2018-09-08T14:51:05","modified_gmt":"2018-09-08T14:51:05","slug":"cta","status":"publish","type":"page","link":"https:\/\/www.mouldprecision.com\/es\/cta.html","title":{"rendered":"CTA"},"content":{"rendered":"<h2>\u00bfQu\u00e9 deber\u00edas hacer?<\/h2>\n<p>El costo de fabricaci\u00f3n del molde aumenta a\u00f1o tras a\u00f1o en China. Pero el cliente quiere un mejor precio.<\/p>\n<p><strong>\u00bfQu\u00e9 deber\u00edas hacer?<\/strong><\/p>\n<h2><strong>\u00a1Aqu\u00ed, te ayudaremos a resolverlo para ser exitoso!<\/strong><\/h2>\n<!-- Begin Yuzo --><div class='yuzo_related_post style-1'  data-version='5.12.89'><!-- without result --><div class='yuzo_clearfixed yuzo__title yuzo__title'><h5>Related Post<\/h5><\/div>\n<\/div>  <!-- End Yuzo :) -->","protected":false},"excerpt":{"rendered":"<p>\u00bfQu\u00e9 deber\u00edas hacer? El costo de fabricaci\u00f3n del molde aumenta a\u00f1o tras a\u00f1o en China. Pero el cliente quiere un mejor precio. \u00bfQu\u00e9 deber\u00edas hacer? \u00a1Aqu\u00ed, te ayudaremos a resolverlo para ser exitoso! Related Post<\/p>\n","protected":false},"author":2,"featured_media":0,"parent":0,"menu_order":0,"comment_status":"closed","ping_status":"closed","template":"","meta":{"footnotes":""},"class_list":["post-3659","page","type-page","status-publish","hentry"],"yoast_head":"<!-- This site is optimized with the Yoast SEO plugin v27.2 - https:\/\/yoast.com\/product\/yoast-seo-wordpress\/ -->\n<title>CTA | China mould maker,mould making company &amp; manufacturer<\/title>\n<meta name=\"description\" content=\"El molde que costo es incrementar a\u00f1o por a\u00f1os en China.Pero el cliente quiere un mejor precio.\u00bfQu\u00e9 puedo hacer?\u00a1Aqui, te ayudaremos a resolver con \u00e9xito!\" \/>\n<meta name=\"robots\" content=\"index, follow, max-snippet:-1, max-image-preview:large, max-video-preview:-1\" \/>\n<link rel=\"canonical\" href=\"https:\/\/www.mouldprecision.com\/es\/cta.html\" \/>\n<meta property=\"og:locale\" content=\"es_ES\" \/>\n<meta property=\"og:type\" content=\"article\" \/>\n<meta property=\"og:title\" content=\"CTA | China mould maker,mould making company &amp; manufacturer\" \/>\n<meta property=\"og:description\" content=\"El molde que costo es incrementar a\u00f1o por a\u00f1os en China.Pero el cliente quiere un mejor precio.\u00bfQu\u00e9 puedo hacer?\u00a1Aqui, te ayudaremos a resolver con \u00e9xito!\" \/>\n<meta property=\"og:url\" content=\"https:\/\/www.mouldprecision.com\/es\/cta.html\" \/>\n<meta property=\"og:site_name\" content=\"China mould maker,mould making company &amp; manufacturer\" \/>\n<meta property=\"article:modified_time\" content=\"2018-09-08T14:51:05+00:00\" \/>\n<meta name=\"twitter:card\" content=\"summary_large_image\" \/>\n<script type=\"application\/ld+json\" class=\"yoast-schema-graph\">{\"@context\":\"https:\/\/schema.org\",\"@graph\":[{\"@type\":\"WebPage\",\"@id\":\"https:\/\/www.mouldprecision.com\/es\/cta.html\",\"url\":\"https:\/\/www.mouldprecision.com\/es\/cta.html\",\"name\":\"CTA | China mould maker,mould making company &amp; manufacturer\",\"isPartOf\":{\"@id\":\"https:\/\/www.mouldprecision.com\/#website\"},\"datePublished\":\"2018-08-30T10:30:11+00:00\",\"dateModified\":\"2018-09-08T14:51:05+00:00\",\"description\":\"El molde que costo es incrementar a\u00f1o por a\u00f1os en China.Pero el cliente quiere un mejor precio.\u00bfQu\u00e9 puedo hacer?\u00a1Aqui, te ayudaremos a resolver con \u00e9xito!\",\"breadcrumb\":{\"@id\":\"https:\/\/www.mouldprecision.com\/es\/cta.html#breadcrumb\"},\"inLanguage\":\"es-ES\",\"potentialAction\":[{\"@type\":\"ReadAction\",\"target\":[\"https:\/\/www.mouldprecision.com\/es\/cta.html\"]}]},{\"@type\":\"BreadcrumbList\",\"@id\":\"https:\/\/www.mouldprecision.com\/es\/cta.html#breadcrumb\",\"itemListElement\":[{\"@type\":\"ListItem\",\"position\":1,\"name\":\"Home\",\"item\":\"https:\/\/www.mouldprecision.com\/es\"},{\"@type\":\"ListItem\",\"position\":2,\"name\":\"CTA\"}]},{\"@type\":\"WebSite\",\"@id\":\"https:\/\/www.mouldprecision.com\/#website\",\"url\":\"https:\/\/www.mouldprecision.com\/\",\"name\":\"China mould maker,mould making company &amp; manufacturer\",\"description\":\"\",\"publisher\":{\"@id\":\"https:\/\/www.mouldprecision.com\/#organization\"},\"potentialAction\":[{\"@type\":\"SearchAction\",\"target\":{\"@type\":\"EntryPoint\",\"urlTemplate\":\"https:\/\/www.mouldprecision.com\/?s={search_term_string}\"},\"query-input\":{\"@type\":\"PropertyValueSpecification\",\"valueRequired\":true,\"valueName\":\"search_term_string\"}}],\"inLanguage\":\"es-ES\"},{\"@type\":\"Organization\",\"@id\":\"https:\/\/www.mouldprecision.com\/#organization\",\"name\":\"China mould maker,mould making company &amp; manufacturer\",\"url\":\"https:\/\/www.mouldprecision.com\/\",\"logo\":{\"@type\":\"ImageObject\",\"inLanguage\":\"es-ES\",\"@id\":\"https:\/\/www.mouldprecision.com\/#\/schema\/logo\/image\/\",\"url\":\"https:\/\/www.mouldprecision.com\/wp-content\/uploads\/2018\/08\/MP-logo.png\",\"contentUrl\":\"https:\/\/www.mouldprecision.com\/wp-content\/uploads\/2018\/08\/MP-logo.png\",\"width\":156,\"height\":59,\"caption\":\"China mould maker,mould making company &amp; manufacturer\"},\"image\":{\"@id\":\"https:\/\/www.mouldprecision.com\/#\/schema\/logo\/image\/\"}}]}<\/script>\n<!-- \/ Yoast SEO plugin. -->","yoast_head_json":{"title":"CTA | China mould maker,mould making company &amp; manufacturer","description":"El molde que costo es incrementar a\u00f1o por a\u00f1os en China.Pero el cliente quiere un mejor precio.\u00bfQu\u00e9 puedo hacer?\u00a1Aqui, te ayudaremos a resolver con \u00e9xito!","robots":{"index":"index","follow":"follow","max-snippet":"max-snippet:-1","max-image-preview":"max-image-preview:large","max-video-preview":"max-video-preview:-1"},"canonical":"https:\/\/www.mouldprecision.com\/es\/cta.html","og_locale":"es_ES","og_type":"article","og_title":"CTA | China mould maker,mould making company &amp; manufacturer","og_description":"El molde que costo es incrementar a\u00f1o por a\u00f1os en China.Pero el cliente quiere un mejor precio.\u00bfQu\u00e9 puedo hacer?\u00a1Aqui, te ayudaremos a resolver con \u00e9xito!","og_url":"https:\/\/www.mouldprecision.com\/es\/cta.html","og_site_name":"China mould maker,mould making company &amp; manufacturer","article_modified_time":"2018-09-08T14:51:05+00:00","twitter_card":"summary_large_image","schema":{"@context":"https:\/\/schema.org","@graph":[{"@type":"WebPage","@id":"https:\/\/www.mouldprecision.com\/es\/cta.html","url":"https:\/\/www.mouldprecision.com\/es\/cta.html","name":"CTA | China mould maker,mould making company &amp; manufacturer","isPartOf":{"@id":"https:\/\/www.mouldprecision.com\/#website"},"datePublished":"2018-08-30T10:30:11+00:00","dateModified":"2018-09-08T14:51:05+00:00","description":"El molde que costo es incrementar a\u00f1o por a\u00f1os en China.Pero el cliente quiere un mejor precio.\u00bfQu\u00e9 puedo hacer?\u00a1Aqui, te ayudaremos a resolver con \u00e9xito!","breadcrumb":{"@id":"https:\/\/www.mouldprecision.com\/es\/cta.html#breadcrumb"},"inLanguage":"es-ES","potentialAction":[{"@type":"ReadAction","target":["https:\/\/www.mouldprecision.com\/es\/cta.html"]}]},{"@type":"BreadcrumbList","@id":"https:\/\/www.mouldprecision.com\/es\/cta.html#breadcrumb","itemListElement":[{"@type":"ListItem","position":1,"name":"Home","item":"https:\/\/www.mouldprecision.com\/es"},{"@type":"ListItem","position":2,"name":"CTA"}]},{"@type":"WebSite","@id":"https:\/\/www.mouldprecision.com\/#website","url":"https:\/\/www.mouldprecision.com\/","name":"China mould maker,mould making company &amp; manufacturer","description":"","publisher":{"@id":"https:\/\/www.mouldprecision.com\/#organization"},"potentialAction":[{"@type":"SearchAction","target":{"@type":"EntryPoint","urlTemplate":"https:\/\/www.mouldprecision.com\/?s={search_term_string}"},"query-input":{"@type":"PropertyValueSpecification","valueRequired":true,"valueName":"search_term_string"}}],"inLanguage":"es-ES"},{"@type":"Organization","@id":"https:\/\/www.mouldprecision.com\/#organization","name":"China mould maker,mould making company &amp; manufacturer","url":"https:\/\/www.mouldprecision.com\/","logo":{"@type":"ImageObject","inLanguage":"es-ES","@id":"https:\/\/www.mouldprecision.com\/#\/schema\/logo\/image\/","url":"https:\/\/www.mouldprecision.com\/wp-content\/uploads\/2018\/08\/MP-logo.png","contentUrl":"https:\/\/www.mouldprecision.com\/wp-content\/uploads\/2018\/08\/MP-logo.png","width":156,"height":59,"caption":"China mould maker,mould making company &amp; manufacturer"},"image":{"@id":"https:\/\/www.mouldprecision.com\/#\/schema\/logo\/image\/"}}]}},"_links":{"self":[{"href":"https:\/\/www.mouldprecision.com\/es\/wp-json\/wp\/v2\/pages\/3659","targetHints":{"allow":["GET"]}}],"collection":[{"href":"https:\/\/www.mouldprecision.com\/es\/wp-json\/wp\/v2\/pages"}],"about":[{"href":"https:\/\/www.mouldprecision.com\/es\/wp-json\/wp\/v2\/types\/page"}],"author":[{"embeddable":true,"href":"https:\/\/www.mouldprecision.com\/es\/wp-json\/wp\/v2\/users\/2"}],"replies":[{"embeddable":true,"href":"https:\/\/www.mouldprecision.com\/es\/wp-json\/wp\/v2\/comments?post=3659"}],"version-history":[{"count":0,"href":"https:\/\/www.mouldprecision.com\/es\/wp-json\/wp\/v2\/pages\/3659\/revisions"}],"wp:attachment":[{"href":"https:\/\/www.mouldprecision.com\/es\/wp-json\/wp\/v2\/media?parent=3659"}],"curies":[{"name":"wp","href":"https:\/\/api.w.org\/{rel}","templated":true}]}}