{"id":3635,"date":"2018-08-30T09:35:46","date_gmt":"2018-08-30T09:35:46","guid":{"rendered":"https:\/\/www.mouldprecision.com\/?page_id=3635"},"modified":"2018-09-08T14:48:37","modified_gmt":"2018-09-08T14:48:37","slug":"proyecto-flujo","status":"publish","type":"page","link":"https:\/\/www.mouldprecision.com\/es\/servicios\/proyecto-flujo.html","title":{"rendered":"Proyecto Flujo"},"content":{"rendered":"<h2><strong>Procedimiento del proyecto<\/strong><\/h2>\n<h3>La buena soluci\u00f3n y el sistema podr\u00edan hacerlo f\u00e1cil y suave.<\/h3>\n<p><img loading=\"lazy\" decoding=\"async\" class=\"alignnone size-medium wp-image-1239\" src=\"https:\/\/www.mouldprecision.com\/wp-content\/uploads\/2018\/08\/project-procedure.jpg\" alt=\"Project Procedure\" width=\"800\" height=\"661\" \/><\/p>\n<p><strong>El proyecto comienza<\/strong> cuando recibimos su RFQ. Le ofrecemos cotizaci\u00f3n despu\u00e9s de confirmar la informaci\u00f3n b\u00e1sica. Tales como acero para n\u00facleo y cavidad, n\u00famero de cavidad, molde de dos placas o tres placas, etc.<\/p>\n<p><strong>DFM se inicia<\/strong> una vez que haga un pedido. Se ofrecer\u00e1 en 1-3 d\u00edas. El dibujo 2D Mold y el dibujo 3D Mould se ofrecer\u00e1n m\u00e1s tarde.<\/p>\n<p><strong>El moho no se realiza<\/strong> hasta que el dibujo de modle est\u00e1 aprobado de los clientes.<\/p>\n<p><strong>El informe semana<\/strong>l se ofrecer\u00e1 el lunes. Es fotos adjuntas. Para que pueda saber cu\u00e1l es el detalle de procesamiento en real.<\/p>\n<p><strong>El informe de prueba y la inspecci<\/strong><strong>\u00f3<\/strong><strong>n de muestra de modle<\/strong> se ofrecer\u00e1n despu\u00e9s de la prueba de molde.<\/p>\n<p><strong>El molde<\/strong> se empacar\u00e1 una vez que se apruebe la muestra antes del env\u00edo.<\/p>\n<!-- Begin Yuzo --><div class='yuzo_related_post style-1'  data-version='5.12.89'><!-- without result --><div class='yuzo_clearfixed yuzo__title yuzo__title'><h5>Related Post<\/h5><\/div>\n<\/div>  <!-- End Yuzo :) -->","protected":false},"excerpt":{"rendered":"<p>Procedimiento del proyecto La buena soluci\u00f3n y el sistema podr\u00edan hacerlo f\u00e1cil y suave. El proyecto comienza cuando recibimos su RFQ. Le ofrecemos cotizaci\u00f3n despu\u00e9s de confirmar la informaci\u00f3n b\u00e1sica. Tales como acero para n\u00facleo y cavidad, n\u00famero de cavidad, molde de dos placas o tres placas, etc. DFM se inicia una vez que haga [&hellip;]<\/p>\n","protected":false},"author":2,"featured_media":0,"parent":3633,"menu_order":0,"comment_status":"closed","ping_status":"closed","template":"","meta":{"footnotes":""},"class_list":["post-3635","page","type-page","status-publish","hentry"],"yoast_head":"<!-- This site is optimized with the Yoast SEO plugin v27.2 - https:\/\/yoast.com\/product\/yoast-seo-wordpress\/ -->\n<title>Proyecto Flujo | China mould maker,mould making company &amp; manufacturer<\/title>\n<meta name=\"description\" content=\"Aqui es proyecto flujo, La buena soluci\u00f3n y el sistema podr\u00edan hacerlo f\u00e1cil y liso.\" \/>\n<meta name=\"robots\" content=\"index, follow, max-snippet:-1, max-image-preview:large, max-video-preview:-1\" \/>\n<link rel=\"canonical\" href=\"https:\/\/www.mouldprecision.com\/es\/servicios\/proyecto-flujo.html\" \/>\n<meta property=\"og:locale\" content=\"es_ES\" \/>\n<meta property=\"og:type\" content=\"article\" \/>\n<meta property=\"og:title\" content=\"Proyecto Flujo | China mould maker,mould making company &amp; manufacturer\" \/>\n<meta property=\"og:description\" content=\"Aqui es proyecto flujo, La buena soluci\u00f3n y el sistema podr\u00edan hacerlo f\u00e1cil y liso.\" \/>\n<meta property=\"og:url\" content=\"https:\/\/www.mouldprecision.com\/es\/servicios\/proyecto-flujo.html\" \/>\n<meta property=\"og:site_name\" content=\"China mould maker,mould making company &amp; manufacturer\" \/>\n<meta property=\"article:modified_time\" content=\"2018-09-08T14:48:37+00:00\" \/>\n<meta property=\"og:image\" content=\"https:\/\/www.mouldprecision.com\/wp-content\/uploads\/2018\/08\/project-procedure.jpg\" \/>\n<meta name=\"twitter:card\" content=\"summary_large_image\" \/>\n<meta name=\"twitter:label1\" content=\"Tiempo de lectura\" \/>\n\t<meta name=\"twitter:data1\" content=\"1 minute\" \/>\n<script type=\"application\/ld+json\" class=\"yoast-schema-graph\">{\"@context\":\"https:\/\/schema.org\",\"@graph\":[{\"@type\":\"WebPage\",\"@id\":\"https:\/\/www.mouldprecision.com\/es\/servicios\/proyecto-flujo.html\",\"url\":\"https:\/\/www.mouldprecision.com\/es\/servicios\/proyecto-flujo.html\",\"name\":\"Proyecto Flujo | China mould maker,mould making company &amp; manufacturer\",\"isPartOf\":{\"@id\":\"https:\/\/www.mouldprecision.com\/#website\"},\"primaryImageOfPage\":{\"@id\":\"https:\/\/www.mouldprecision.com\/es\/servicios\/proyecto-flujo.html#primaryimage\"},\"image\":{\"@id\":\"https:\/\/www.mouldprecision.com\/es\/servicios\/proyecto-flujo.html#primaryimage\"},\"thumbnailUrl\":\"https:\/\/www.mouldprecision.com\/wp-content\/uploads\/2018\/08\/project-procedure.jpg\",\"datePublished\":\"2018-08-30T09:35:46+00:00\",\"dateModified\":\"2018-09-08T14:48:37+00:00\",\"description\":\"Aqui es proyecto flujo, La buena soluci\u00f3n y el sistema podr\u00edan hacerlo f\u00e1cil y liso.\",\"breadcrumb\":{\"@id\":\"https:\/\/www.mouldprecision.com\/es\/servicios\/proyecto-flujo.html#breadcrumb\"},\"inLanguage\":\"es-ES\",\"potentialAction\":[{\"@type\":\"ReadAction\",\"target\":[\"https:\/\/www.mouldprecision.com\/es\/servicios\/proyecto-flujo.html\"]}]},{\"@type\":\"ImageObject\",\"inLanguage\":\"es-ES\",\"@id\":\"https:\/\/www.mouldprecision.com\/es\/servicios\/proyecto-flujo.html#primaryimage\",\"url\":\"https:\/\/www.mouldprecision.com\/wp-content\/uploads\/2018\/08\/project-procedure.jpg\",\"contentUrl\":\"https:\/\/www.mouldprecision.com\/wp-content\/uploads\/2018\/08\/project-procedure.jpg\"},{\"@type\":\"BreadcrumbList\",\"@id\":\"https:\/\/www.mouldprecision.com\/es\/servicios\/proyecto-flujo.html#breadcrumb\",\"itemListElement\":[{\"@type\":\"ListItem\",\"position\":1,\"name\":\"Home\",\"item\":\"https:\/\/www.mouldprecision.com\/es\"},{\"@type\":\"ListItem\",\"position\":2,\"name\":\"Servicios\",\"item\":\"https:\/\/www.mouldprecision.com\/services.html\"},{\"@type\":\"ListItem\",\"position\":3,\"name\":\"Proyecto Flujo\"}]},{\"@type\":\"WebSite\",\"@id\":\"https:\/\/www.mouldprecision.com\/#website\",\"url\":\"https:\/\/www.mouldprecision.com\/\",\"name\":\"China mould maker,mould making company &amp; manufacturer\",\"description\":\"\",\"publisher\":{\"@id\":\"https:\/\/www.mouldprecision.com\/#organization\"},\"potentialAction\":[{\"@type\":\"SearchAction\",\"target\":{\"@type\":\"EntryPoint\",\"urlTemplate\":\"https:\/\/www.mouldprecision.com\/?s={search_term_string}\"},\"query-input\":{\"@type\":\"PropertyValueSpecification\",\"valueRequired\":true,\"valueName\":\"search_term_string\"}}],\"inLanguage\":\"es-ES\"},{\"@type\":\"Organization\",\"@id\":\"https:\/\/www.mouldprecision.com\/#organization\",\"name\":\"China mould maker,mould making company &amp; manufacturer\",\"url\":\"https:\/\/www.mouldprecision.com\/\",\"logo\":{\"@type\":\"ImageObject\",\"inLanguage\":\"es-ES\",\"@id\":\"https:\/\/www.mouldprecision.com\/#\/schema\/logo\/image\/\",\"url\":\"https:\/\/www.mouldprecision.com\/wp-content\/uploads\/2018\/08\/MP-logo.png\",\"contentUrl\":\"https:\/\/www.mouldprecision.com\/wp-content\/uploads\/2018\/08\/MP-logo.png\",\"width\":156,\"height\":59,\"caption\":\"China mould maker,mould making company &amp; manufacturer\"},\"image\":{\"@id\":\"https:\/\/www.mouldprecision.com\/#\/schema\/logo\/image\/\"}}]}<\/script>\n<!-- \/ Yoast SEO plugin. -->","yoast_head_json":{"title":"Proyecto Flujo | China mould maker,mould making company &amp; manufacturer","description":"Aqui es proyecto flujo, La buena soluci\u00f3n y el sistema podr\u00edan hacerlo f\u00e1cil y liso.","robots":{"index":"index","follow":"follow","max-snippet":"max-snippet:-1","max-image-preview":"max-image-preview:large","max-video-preview":"max-video-preview:-1"},"canonical":"https:\/\/www.mouldprecision.com\/es\/servicios\/proyecto-flujo.html","og_locale":"es_ES","og_type":"article","og_title":"Proyecto Flujo | China mould maker,mould making company &amp; manufacturer","og_description":"Aqui es proyecto flujo, La buena soluci\u00f3n y el sistema podr\u00edan hacerlo f\u00e1cil y liso.","og_url":"https:\/\/www.mouldprecision.com\/es\/servicios\/proyecto-flujo.html","og_site_name":"China mould maker,mould making company &amp; manufacturer","article_modified_time":"2018-09-08T14:48:37+00:00","og_image":[{"url":"https:\/\/www.mouldprecision.com\/wp-content\/uploads\/2018\/08\/project-procedure.jpg","type":"","width":"","height":""}],"twitter_card":"summary_large_image","twitter_misc":{"Tiempo de lectura":"1 minute"},"schema":{"@context":"https:\/\/schema.org","@graph":[{"@type":"WebPage","@id":"https:\/\/www.mouldprecision.com\/es\/servicios\/proyecto-flujo.html","url":"https:\/\/www.mouldprecision.com\/es\/servicios\/proyecto-flujo.html","name":"Proyecto Flujo | China mould maker,mould making company &amp; manufacturer","isPartOf":{"@id":"https:\/\/www.mouldprecision.com\/#website"},"primaryImageOfPage":{"@id":"https:\/\/www.mouldprecision.com\/es\/servicios\/proyecto-flujo.html#primaryimage"},"image":{"@id":"https:\/\/www.mouldprecision.com\/es\/servicios\/proyecto-flujo.html#primaryimage"},"thumbnailUrl":"https:\/\/www.mouldprecision.com\/wp-content\/uploads\/2018\/08\/project-procedure.jpg","datePublished":"2018-08-30T09:35:46+00:00","dateModified":"2018-09-08T14:48:37+00:00","description":"Aqui es proyecto flujo, La buena soluci\u00f3n y el sistema podr\u00edan hacerlo f\u00e1cil y liso.","breadcrumb":{"@id":"https:\/\/www.mouldprecision.com\/es\/servicios\/proyecto-flujo.html#breadcrumb"},"inLanguage":"es-ES","potentialAction":[{"@type":"ReadAction","target":["https:\/\/www.mouldprecision.com\/es\/servicios\/proyecto-flujo.html"]}]},{"@type":"ImageObject","inLanguage":"es-ES","@id":"https:\/\/www.mouldprecision.com\/es\/servicios\/proyecto-flujo.html#primaryimage","url":"https:\/\/www.mouldprecision.com\/wp-content\/uploads\/2018\/08\/project-procedure.jpg","contentUrl":"https:\/\/www.mouldprecision.com\/wp-content\/uploads\/2018\/08\/project-procedure.jpg"},{"@type":"BreadcrumbList","@id":"https:\/\/www.mouldprecision.com\/es\/servicios\/proyecto-flujo.html#breadcrumb","itemListElement":[{"@type":"ListItem","position":1,"name":"Home","item":"https:\/\/www.mouldprecision.com\/es"},{"@type":"ListItem","position":2,"name":"Servicios","item":"https:\/\/www.mouldprecision.com\/services.html"},{"@type":"ListItem","position":3,"name":"Proyecto Flujo"}]},{"@type":"WebSite","@id":"https:\/\/www.mouldprecision.com\/#website","url":"https:\/\/www.mouldprecision.com\/","name":"China mould maker,mould making company &amp; manufacturer","description":"","publisher":{"@id":"https:\/\/www.mouldprecision.com\/#organization"},"potentialAction":[{"@type":"SearchAction","target":{"@type":"EntryPoint","urlTemplate":"https:\/\/www.mouldprecision.com\/?s={search_term_string}"},"query-input":{"@type":"PropertyValueSpecification","valueRequired":true,"valueName":"search_term_string"}}],"inLanguage":"es-ES"},{"@type":"Organization","@id":"https:\/\/www.mouldprecision.com\/#organization","name":"China mould maker,mould making company &amp; manufacturer","url":"https:\/\/www.mouldprecision.com\/","logo":{"@type":"ImageObject","inLanguage":"es-ES","@id":"https:\/\/www.mouldprecision.com\/#\/schema\/logo\/image\/","url":"https:\/\/www.mouldprecision.com\/wp-content\/uploads\/2018\/08\/MP-logo.png","contentUrl":"https:\/\/www.mouldprecision.com\/wp-content\/uploads\/2018\/08\/MP-logo.png","width":156,"height":59,"caption":"China mould maker,mould making company &amp; manufacturer"},"image":{"@id":"https:\/\/www.mouldprecision.com\/#\/schema\/logo\/image\/"}}]}},"_links":{"self":[{"href":"https:\/\/www.mouldprecision.com\/es\/wp-json\/wp\/v2\/pages\/3635","targetHints":{"allow":["GET"]}}],"collection":[{"href":"https:\/\/www.mouldprecision.com\/es\/wp-json\/wp\/v2\/pages"}],"about":[{"href":"https:\/\/www.mouldprecision.com\/es\/wp-json\/wp\/v2\/types\/page"}],"author":[{"embeddable":true,"href":"https:\/\/www.mouldprecision.com\/es\/wp-json\/wp\/v2\/users\/2"}],"replies":[{"embeddable":true,"href":"https:\/\/www.mouldprecision.com\/es\/wp-json\/wp\/v2\/comments?post=3635"}],"version-history":[{"count":0,"href":"https:\/\/www.mouldprecision.com\/es\/wp-json\/wp\/v2\/pages\/3635\/revisions"}],"up":[{"embeddable":true,"href":"https:\/\/www.mouldprecision.com\/es\/wp-json\/wp\/v2\/pages\/3633"}],"wp:attachment":[{"href":"https:\/\/www.mouldprecision.com\/es\/wp-json\/wp\/v2\/media?parent=3635"}],"curies":[{"name":"wp","href":"https:\/\/api.w.org\/{rel}","templated":true}]}}