{"id":3633,"date":"2018-08-30T09:36:31","date_gmt":"2018-08-30T09:36:31","guid":{"rendered":"https:\/\/www.mouldprecision.com\/?page_id=3633"},"modified":"2018-09-09T10:35:45","modified_gmt":"2018-09-09T10:35:45","slug":"servicios","status":"publish","type":"page","link":"https:\/\/www.mouldprecision.com\/es\/servicios.html","title":{"rendered":"Servicios"},"content":{"rendered":"<div id=\"pl-3633\"  class=\"panel-layout\" >\n<div id=\"pg-3633-0\"  class=\"panel-grid panel-no-style\" >\n<div id=\"pgc-3633-0-0\"  class=\"panel-grid-cell\"  data-weight=\"1\" >\n<div id=\"panel-3633-0-0-0\" class=\"so-panel widget widget_business-kit-features business-kit-features features-section panel-first-child panel-last-child\" data-index=\"0\" data-style=\"{&quot;background_image_attachment&quot;:false,&quot;background_display&quot;:&quot;tile&quot;}\" >\n\t\t\t<div class=\"features-holder\">\n\n\t\t\t\t\n\t\t\t\t\t<div class=\"section-title\">\n\n\t\t\t\t        <h3 class=\"widget-title\">Services:<\/h3>\n\t\t\t        <\/div>\n\t\t        \t\t        \n\t\t\t\t<div class=\"features-wrapper\">\n\t\t\t\t\t\n\t\t\t\t\t\n\t\t\t\t\t\t\t\t\t\t\t\t\t\t\t\t\t\t\t\t\n\t\t\t\t\t\t\t\t<div class=\"inner-wrapper\">\n\n\t\t\t\t\t\t\t\t\t\t\t\t\t\t\t\t\t\t\t\n\t\t\t\t\t\t\t\t\t\t<div class=\"features-item\">\n\n\t\t\t\t\t\t\t\t\t\t    <div class=\"features-inner\">\n\n\t\t\t\t\t\t\t\t\t\t        <div class=\"feature-icon\">\n\t\t\t\t\t\t\t\t\t\t            <span class=\"icon-pencil\"><\/span>\n\t\t\t\t\t\t\t\t\t\t        <\/div> <!-- .feature-icon -->\n\n\t\t\t\t\t\t\t\t\t\t        <div class=\"features-text-wrap\">\n\t\t\t\t\t\t\t\t\t\t            \n\t\t\t\t\t\t\t\t\t            \t\n\t\t\t\t\t\t\t\t\t\t            <h2><a href=\"https:\/\/www.mouldprecision.com\/es\/faq.html\">FAQ<\/a><\/h2>\n\n\t\t\t\t\t\t\t\t\t\t              \t<p>Preguntas frecuentes - Preguntas frecuentes &nbsp; \u00bfCu\u00e1l es el servicio que ofreces? Moldeo por inyecci\u00f3n de pl\u00e1stico, moldeo por inyecci\u00f3n &amp; mecanizado de precisi\u00f3n \u00a0de pl\u00e1stico \u00bfCu\u00e1l es el producto principal que est\u00e1s haciendo? Molde de...<\/p>\n\t\t\t\t\t\t\t\t\t\t        <\/div>\n\n\t\t\t\t\t\t\t\t\t\t    <\/div> <!-- .features-inner -->\n\n\t\t\t\t\t\t\t\t\t\t<\/div> <!-- .features-item -->\n\n\t\t\t\t\t\t\t\t\t\t\t\t\t\t\t\t\t\t\t\n\t\t\t\t\t\t\t\t\t\t<div class=\"features-item\">\n\n\t\t\t\t\t\t\t\t\t\t    <div class=\"features-inner\">\n\n\t\t\t\t\t\t\t\t\t\t        <div class=\"feature-icon\">\n\t\t\t\t\t\t\t\t\t\t            <span class=\"icon-lightbulb\"><\/span>\n\t\t\t\t\t\t\t\t\t\t        <\/div> <!-- .feature-icon -->\n\n\t\t\t\t\t\t\t\t\t\t        <div class=\"features-text-wrap\">\n\t\t\t\t\t\t\t\t\t\t            \n\t\t\t\t\t\t\t\t\t            \t\n\t\t\t\t\t\t\t\t\t\t            <h2><a href=\"https:\/\/www.mouldprecision.com\/es\/servicios\/molde-diseno.html\">Molde Dise\u00f1o<\/a><\/h2>\n\n\t\t\t\t\t\t\t\t\t\t              \t<p>El gran dise\u00f1o de mold es un medio \u00e9xito del molde de alta calidad. Nuestros ingenieros del molde de la inteligencia le ofrecer\u00e1n la disposici\u00f3n del molde de DFM Moldflow 2D y el dibujo del molde...<\/p>\n\t\t\t\t\t\t\t\t\t\t        <\/div>\n\n\t\t\t\t\t\t\t\t\t\t    <\/div> <!-- .features-inner -->\n\n\t\t\t\t\t\t\t\t\t\t<\/div> <!-- .features-item -->\n\n\t\t\t\t\t\t\t\t\t\t\t\t\t\t\t\t\t\t\t\n\t\t\t\t\t\t\t\t\t\t<div class=\"features-item\">\n\n\t\t\t\t\t\t\t\t\t\t    <div class=\"features-inner\">\n\n\t\t\t\t\t\t\t\t\t\t        <div class=\"feature-icon\">\n\t\t\t\t\t\t\t\t\t\t            <span class=\"icon-tools\"><\/span>\n\t\t\t\t\t\t\t\t\t\t        <\/div> <!-- .feature-icon -->\n\n\t\t\t\t\t\t\t\t\t\t        <div class=\"features-text-wrap\">\n\t\t\t\t\t\t\t\t\t\t            \n\t\t\t\t\t\t\t\t\t            \t\n\t\t\t\t\t\t\t\t\t\t            <h2><a href=\"https:\/\/www.mouldprecision.com\/es\/servicios\/proyecto-flujo.html\">Proyecto Flujo<\/a><\/h2>\n\n\t\t\t\t\t\t\t\t\t\t              \t<p>Procedimiento del proyecto La buena soluci\u00f3n y el sistema podr\u00edan hacerlo f\u00e1cil y suave. El proyecto comienza cuando recibimos su RFQ. Le ofrecemos cotizaci\u00f3n despu\u00e9s de confirmar la informaci\u00f3n b\u00e1sica. Tales como acero para n\u00facleo y...<\/p>\n\t\t\t\t\t\t\t\t\t\t        <\/div>\n\n\t\t\t\t\t\t\t\t\t\t    <\/div> <!-- .features-inner -->\n\n\t\t\t\t\t\t\t\t\t\t<\/div> <!-- .features-item -->\n\n\t\t\t\t\t\t\t\t\t\t\t\t\t\t\t\t\t\t\t\n\t\t\t\t\t\t\t\t\t\t<div class=\"features-item\">\n\n\t\t\t\t\t\t\t\t\t\t    <div class=\"features-inner\">\n\n\t\t\t\t\t\t\t\t\t\t        <div class=\"feature-icon\">\n\t\t\t\t\t\t\t\t\t\t            <span class=\"icon-tools-2\"><\/span>\n\t\t\t\t\t\t\t\t\t\t        <\/div> <!-- .feature-icon -->\n\n\t\t\t\t\t\t\t\t\t\t        <div class=\"features-text-wrap\">\n\t\t\t\t\t\t\t\t\t\t            \n\t\t\t\t\t\t\t\t\t            \t\n\t\t\t\t\t\t\t\t\t\t            <h2><a href=\"https:\/\/www.mouldprecision.com\/es\/servicios\/molde-fabricacion.html\">Molde Fabricaci\u00f3n<\/a><\/h2>\n\n\t\t\t\t\t\t\t\t\t\t              \t<p>Fabricaci\u00f3n de moldes en China, exportaci\u00f3n de moldes a Europa y Am\u00e9rica. Tenemos una experiencia abundante en el servicio de fabricaci\u00f3n de moldes de inyecci\u00f3n de pl\u00e1stico, con los est\u00e1ndares LKM, HASCO o DME, y la...<\/p>\n\t\t\t\t\t\t\t\t\t\t        <\/div>\n\n\t\t\t\t\t\t\t\t\t\t    <\/div> <!-- .features-inner -->\n\n\t\t\t\t\t\t\t\t\t\t<\/div> <!-- .features-item -->\n\n\t\t\t\t\t\t\t\t\t\t\t\t\t\t\t\t\t\t\t\n\t\t\t\t\t\t\t\t\t\t<div class=\"features-item\">\n\n\t\t\t\t\t\t\t\t\t\t    <div class=\"features-inner\">\n\n\t\t\t\t\t\t\t\t\t\t        <div class=\"feature-icon\">\n\t\t\t\t\t\t\t\t\t\t            <span class=\"icon-gears\"><\/span>\n\t\t\t\t\t\t\t\t\t\t        <\/div> <!-- .feature-icon -->\n\n\t\t\t\t\t\t\t\t\t\t        <div class=\"features-text-wrap\">\n\t\t\t\t\t\t\t\t\t\t            \n\t\t\t\t\t\t\t\t\t            \t\n\t\t\t\t\t\t\t\t\t\t            <h2><a href=\"https:\/\/www.mouldprecision.com\/es\/servicios\/plastico-moldeo.html\">Pl\u00e1stico Moldeo<\/a><\/h2>\n\n\t\t\t\t\t\t\t\t\t\t              \t<p>Servicio de moldeo de pl\u00e1stico: Ofrecemos servicios de moldeo de pl\u00e1stico personalizados, cualquier cantidad es bienvenida, y la capacidad es de 60 a 1800 toneladas. Obtendr\u00e1 productos de moldeo de pl\u00e1stico de alta calidad, con servicio...<\/p>\n\t\t\t\t\t\t\t\t\t\t        <\/div>\n\n\t\t\t\t\t\t\t\t\t\t    <\/div> <!-- .features-inner -->\n\n\t\t\t\t\t\t\t\t\t\t<\/div> <!-- .features-item -->\n\n\t\t\t\t\t\t\t\t\t\t\t\t\t\t\t\t\t\t\t\n\t\t\t\t\t\t\t\t\t\t<div class=\"features-item\">\n\n\t\t\t\t\t\t\t\t\t\t    <div class=\"features-inner\">\n\n\t\t\t\t\t\t\t\t\t\t        <div class=\"feature-icon\">\n\t\t\t\t\t\t\t\t\t\t            <span class=\"icon-magnifying-glass\"><\/span>\n\t\t\t\t\t\t\t\t\t\t        <\/div> <!-- .feature-icon -->\n\n\t\t\t\t\t\t\t\t\t\t        <div class=\"features-text-wrap\">\n\t\t\t\t\t\t\t\t\t\t            \n\t\t\t\t\t\t\t\t\t            \t\n\t\t\t\t\t\t\t\t\t\t            <h2><a href=\"https:\/\/www.mouldprecision.com\/es\/calidad-control.html\">Calidad Control<\/a><\/h2>\n\n\t\t\t\t\t\t\t\t\t\t              \t<p>Seguimos la gesti\u00f3n de PDCA. Es una buena soluci\u00f3n y sistema para moldes normales y fabricaci\u00f3n de moldes urgentes. Ofrecemos un Informe Semanal para el control de calidad de fabricaci\u00f3n de moldes y entregas a tiempo....<\/p>\n\t\t\t\t\t\t\t\t\t\t        <\/div>\n\n\t\t\t\t\t\t\t\t\t\t    <\/div> <!-- .features-inner -->\n\n\t\t\t\t\t\t\t\t\t\t<\/div> <!-- .features-item -->\n\n\t\t\t\t\t\t\t\t\t\n\t\t\t\t\t\t\t\t<\/div><!-- .inner-wrapper -->\n\n\t\t\t\t\t\t\t\n\t\t\t\t\t\t\n\t\t\t\t<\/div><!-- .features-wrapper -->\n\n\t\t\t<\/div>\n\n\t\t\t<\/div>\n<\/div>\n<\/div>\n<\/div>\n<!-- Begin Yuzo --><div class='yuzo_related_post style-1'  data-version='5.12.89'><!-- without result --><div class='yuzo_clearfixed yuzo__title yuzo__title'><h5>Related Post<\/h5><\/div>\n<\/div>  <!-- End Yuzo :) -->","protected":false},"excerpt":{"rendered":"<p>Related Post<\/p>\n","protected":false},"author":2,"featured_media":0,"parent":0,"menu_order":0,"comment_status":"closed","ping_status":"closed","template":"templates\/full-width-page.php","meta":{"footnotes":""},"class_list":["post-3633","page","type-page","status-publish","hentry"],"yoast_head":"<!-- This site is optimized with the Yoast SEO plugin v27.2 - https:\/\/yoast.com\/product\/yoast-seo-wordpress\/ -->\n<title>Servicios | China mould maker,mould making company &amp; manufacturer<\/title>\n<meta name=\"description\" content=\"Servicios for Moldflow an\u00e1lisis,Plastico Inyeccion Molde Fabricaci\u00f3n, Custom Inyeccion Moldeo, Alto Precisi\u00f3n Mecanizado.\" \/>\n<meta name=\"robots\" content=\"index, follow, max-snippet:-1, max-image-preview:large, max-video-preview:-1\" \/>\n<link rel=\"canonical\" href=\"https:\/\/www.mouldprecision.com\/services.html\" \/>\n<meta property=\"og:locale\" content=\"es_ES\" \/>\n<meta property=\"og:type\" content=\"article\" \/>\n<meta property=\"og:title\" content=\"Servicios | China mould maker,mould making company &amp; manufacturer\" \/>\n<meta property=\"og:description\" content=\"Servicios for Moldflow an\u00e1lisis,Plastico Inyeccion Molde Fabricaci\u00f3n, Custom Inyeccion Moldeo, Alto Precisi\u00f3n Mecanizado.\" \/>\n<meta property=\"og:url\" content=\"https:\/\/www.mouldprecision.com\/services.html\" \/>\n<meta property=\"og:site_name\" content=\"China mould maker,mould making company &amp; manufacturer\" \/>\n<meta property=\"article:modified_time\" content=\"2018-09-09T10:35:45+00:00\" \/>\n<meta name=\"twitter:card\" content=\"summary_large_image\" \/>\n<script type=\"application\/ld+json\" class=\"yoast-schema-graph\">{\"@context\":\"https:\/\/schema.org\",\"@graph\":[{\"@type\":\"WebPage\",\"@id\":\"https:\/\/www.mouldprecision.com\/services.html\",\"url\":\"https:\/\/www.mouldprecision.com\/services.html\",\"name\":\"Servicios | China mould maker,mould making company &amp; manufacturer\",\"isPartOf\":{\"@id\":\"https:\/\/www.mouldprecision.com\/#website\"},\"datePublished\":\"2018-08-30T09:36:31+00:00\",\"dateModified\":\"2018-09-09T10:35:45+00:00\",\"description\":\"Servicios for Moldflow an\u00e1lisis,Plastico Inyeccion Molde Fabricaci\u00f3n, Custom Inyeccion Moldeo, Alto Precisi\u00f3n Mecanizado.\",\"breadcrumb\":{\"@id\":\"https:\/\/www.mouldprecision.com\/services.html#breadcrumb\"},\"inLanguage\":\"es-ES\",\"potentialAction\":[{\"@type\":\"ReadAction\",\"target\":[\"https:\/\/www.mouldprecision.com\/services.html\"]}]},{\"@type\":\"BreadcrumbList\",\"@id\":\"https:\/\/www.mouldprecision.com\/services.html#breadcrumb\",\"itemListElement\":[{\"@type\":\"ListItem\",\"position\":1,\"name\":\"Home\",\"item\":\"https:\/\/www.mouldprecision.com\/es\"},{\"@type\":\"ListItem\",\"position\":2,\"name\":\"Servicios\"}]},{\"@type\":\"WebSite\",\"@id\":\"https:\/\/www.mouldprecision.com\/#website\",\"url\":\"https:\/\/www.mouldprecision.com\/\",\"name\":\"China mould maker,mould making company &amp; manufacturer\",\"description\":\"\",\"publisher\":{\"@id\":\"https:\/\/www.mouldprecision.com\/#organization\"},\"potentialAction\":[{\"@type\":\"SearchAction\",\"target\":{\"@type\":\"EntryPoint\",\"urlTemplate\":\"https:\/\/www.mouldprecision.com\/?s={search_term_string}\"},\"query-input\":{\"@type\":\"PropertyValueSpecification\",\"valueRequired\":true,\"valueName\":\"search_term_string\"}}],\"inLanguage\":\"es-ES\"},{\"@type\":\"Organization\",\"@id\":\"https:\/\/www.mouldprecision.com\/#organization\",\"name\":\"China mould maker,mould making company &amp; manufacturer\",\"url\":\"https:\/\/www.mouldprecision.com\/\",\"logo\":{\"@type\":\"ImageObject\",\"inLanguage\":\"es-ES\",\"@id\":\"https:\/\/www.mouldprecision.com\/#\/schema\/logo\/image\/\",\"url\":\"https:\/\/www.mouldprecision.com\/wp-content\/uploads\/2018\/08\/MP-logo.png\",\"contentUrl\":\"https:\/\/www.mouldprecision.com\/wp-content\/uploads\/2018\/08\/MP-logo.png\",\"width\":156,\"height\":59,\"caption\":\"China mould maker,mould making company &amp; manufacturer\"},\"image\":{\"@id\":\"https:\/\/www.mouldprecision.com\/#\/schema\/logo\/image\/\"}}]}<\/script>\n<!-- \/ Yoast SEO plugin. -->","yoast_head_json":{"title":"Servicios | China mould maker,mould making company &amp; manufacturer","description":"Servicios for Moldflow an\u00e1lisis,Plastico Inyeccion Molde Fabricaci\u00f3n, Custom Inyeccion Moldeo, Alto Precisi\u00f3n Mecanizado.","robots":{"index":"index","follow":"follow","max-snippet":"max-snippet:-1","max-image-preview":"max-image-preview:large","max-video-preview":"max-video-preview:-1"},"canonical":"https:\/\/www.mouldprecision.com\/services.html","og_locale":"es_ES","og_type":"article","og_title":"Servicios | China mould maker,mould making company &amp; manufacturer","og_description":"Servicios for Moldflow an\u00e1lisis,Plastico Inyeccion Molde Fabricaci\u00f3n, Custom Inyeccion Moldeo, Alto Precisi\u00f3n Mecanizado.","og_url":"https:\/\/www.mouldprecision.com\/services.html","og_site_name":"China mould maker,mould making company &amp; manufacturer","article_modified_time":"2018-09-09T10:35:45+00:00","twitter_card":"summary_large_image","schema":{"@context":"https:\/\/schema.org","@graph":[{"@type":"WebPage","@id":"https:\/\/www.mouldprecision.com\/services.html","url":"https:\/\/www.mouldprecision.com\/services.html","name":"Servicios | China mould maker,mould making company &amp; manufacturer","isPartOf":{"@id":"https:\/\/www.mouldprecision.com\/#website"},"datePublished":"2018-08-30T09:36:31+00:00","dateModified":"2018-09-09T10:35:45+00:00","description":"Servicios for Moldflow an\u00e1lisis,Plastico Inyeccion Molde Fabricaci\u00f3n, Custom Inyeccion Moldeo, Alto Precisi\u00f3n Mecanizado.","breadcrumb":{"@id":"https:\/\/www.mouldprecision.com\/services.html#breadcrumb"},"inLanguage":"es-ES","potentialAction":[{"@type":"ReadAction","target":["https:\/\/www.mouldprecision.com\/services.html"]}]},{"@type":"BreadcrumbList","@id":"https:\/\/www.mouldprecision.com\/services.html#breadcrumb","itemListElement":[{"@type":"ListItem","position":1,"name":"Home","item":"https:\/\/www.mouldprecision.com\/es"},{"@type":"ListItem","position":2,"name":"Servicios"}]},{"@type":"WebSite","@id":"https:\/\/www.mouldprecision.com\/#website","url":"https:\/\/www.mouldprecision.com\/","name":"China mould maker,mould making company &amp; manufacturer","description":"","publisher":{"@id":"https:\/\/www.mouldprecision.com\/#organization"},"potentialAction":[{"@type":"SearchAction","target":{"@type":"EntryPoint","urlTemplate":"https:\/\/www.mouldprecision.com\/?s={search_term_string}"},"query-input":{"@type":"PropertyValueSpecification","valueRequired":true,"valueName":"search_term_string"}}],"inLanguage":"es-ES"},{"@type":"Organization","@id":"https:\/\/www.mouldprecision.com\/#organization","name":"China mould maker,mould making company &amp; manufacturer","url":"https:\/\/www.mouldprecision.com\/","logo":{"@type":"ImageObject","inLanguage":"es-ES","@id":"https:\/\/www.mouldprecision.com\/#\/schema\/logo\/image\/","url":"https:\/\/www.mouldprecision.com\/wp-content\/uploads\/2018\/08\/MP-logo.png","contentUrl":"https:\/\/www.mouldprecision.com\/wp-content\/uploads\/2018\/08\/MP-logo.png","width":156,"height":59,"caption":"China mould maker,mould making company &amp; manufacturer"},"image":{"@id":"https:\/\/www.mouldprecision.com\/#\/schema\/logo\/image\/"}}]}},"_links":{"self":[{"href":"https:\/\/www.mouldprecision.com\/es\/wp-json\/wp\/v2\/pages\/3633","targetHints":{"allow":["GET"]}}],"collection":[{"href":"https:\/\/www.mouldprecision.com\/es\/wp-json\/wp\/v2\/pages"}],"about":[{"href":"https:\/\/www.mouldprecision.com\/es\/wp-json\/wp\/v2\/types\/page"}],"author":[{"embeddable":true,"href":"https:\/\/www.mouldprecision.com\/es\/wp-json\/wp\/v2\/users\/2"}],"replies":[{"embeddable":true,"href":"https:\/\/www.mouldprecision.com\/es\/wp-json\/wp\/v2\/comments?post=3633"}],"version-history":[{"count":0,"href":"https:\/\/www.mouldprecision.com\/es\/wp-json\/wp\/v2\/pages\/3633\/revisions"}],"wp:attachment":[{"href":"https:\/\/www.mouldprecision.com\/es\/wp-json\/wp\/v2\/media?parent=3633"}],"curies":[{"name":"wp","href":"https:\/\/api.w.org\/{rel}","templated":true}]}}