{"id":3617,"date":"2018-08-30T09:14:14","date_gmt":"2018-08-30T09:14:14","guid":{"rendered":"https:\/\/www.mouldprecision.com\/?page_id=3617"},"modified":"2018-10-09T03:02:08","modified_gmt":"2018-10-09T03:02:08","slug":"empresa","status":"publish","type":"page","link":"https:\/\/www.mouldprecision.com\/es\/empresa.html","title":{"rendered":"Empresa"},"content":{"rendered":"<div id=\"pl-34\" class=\"panel-layout\">\n<div id=\"pg-34-0\" class=\"panel-grid panel-no-style\">\n<div id=\"pgc-34-0-0\" class=\"panel-grid-cell\" data-weight=\"1\">\n<div id=\"panel-34-0-0-0\" class=\"so-panel widget widget_sow-editor panel-first-child\" data-index=\"0\">\n<div class=\"so-widget-sow-editor so-widget-sow-editor-base\">\n<div class=\"siteorigin-widget-tinymce textwidget\">\n<p><a href=\"http:\/\/www.mouldprecision.com\/es\"><strong>Molde Precision Co., Ltd.<\/strong><\/a> es un privado<strong> pl\u00e1stico<\/strong>\u00a0<strong>molde<\/strong> <strong>fabricante\u00a0<\/strong>en Dongguan China, foco en la fabricaci\u00f3n pl\u00e1stica del molde de la inyecci\u00f3n, plazo de ejecuci\u00f3n corto de la oferta, <strong>pago eficiente y flexible del coste, <\/strong>para aumentar su competitivo en mercado del molde, sirve para industrias de automoci\u00f3n, electr\u00f3nica, industrial, m\u00e9dica y de empaque desde 2014.<\/p>\n<h2>Usted recibira buena calidad &amp; precio:<\/h2>\n<p><img loading=\"lazy\" decoding=\"async\" class=\"alignright\" src=\"https:\/\/www.mouldprecision.com\/wp-content\/uploads\/2018\/08\/plastic-mould-maker-china.jpg\" alt=\"plastic mould maker china\" width=\"360\" height=\"258\" \/><\/p>\n<ul class=\"pd6\">\n<li><strong>Plastico Inyeccion Molde Fabricaci\u00f3n<\/strong><\/li>\n<li><strong>Alto Precisi\u00f3n Mecanizado<\/strong><\/li>\n<li><strong>Custom Inyeccion Moldeo<\/strong><\/li>\n<\/ul>\n<h2>Usted recibira M\u00e1s competitivo:<\/h2>\n<ul class=\"pd6\">\n<li><strong>15 d\u00edas para T0 de la fabricaci\u00f3n urgente del molde<\/strong><\/li>\n<li><strong>El m\u00e1ximo ahorra el 30% de fabricaci\u00f3n del molde<\/strong><\/li>\n<li><strong>Pague el saldo despu\u00e9s de entregar 60 d\u00edas<\/strong><\/li>\n<\/ul>\n<h2>Usted recibira VIP pago beneficio:<\/h2>\n<ul class=\"pd6\">\n<li style=\"list-style-type: none;\">\n<ul class=\"pd6\">\n<li><strong>Menos que $5.000, 0 con la orden, 100% antes de enviar<\/strong><\/li>\n<li><strong>$5000 a $10.000, el 30% con la orden, el 70% antes de enviar<\/strong><\/li>\n<li><strong>Sobre $10.000, 40% con la orden, el 45% antes de enviar y el 15% en 60 d\u00edas<\/strong><\/li>\n<\/ul>\n<\/li>\n<\/ul>\n<\/div>\n<\/div>\n<\/div>\n<div id=\"panel-34-0-0-1\" class=\"so-panel widget widget_business-kit-counter business-kit-facts facts-counter-section panel-last-child\" data-index=\"1\" data-style=\"{&quot;background_image_attachment&quot;:false,&quot;background_display&quot;:&quot;tile&quot;}\">\t\t\t\n\t\t\t<div class=\"counter-wrapper\">\n\n\t\t\t\t\n\n\t\t\t\t<div class=\"inner-wrapper fact-fourth\">\n\t\t\t\t\t\n\t\t\t\t\t\t\t<div class=\"counter-item counter-one\">\n\t\t\t\t\t\t\t    <div class=\"counter-inner\">\n\t\t\t\t\t\t\t    \t\t\t\t\t\t\t\t    \t\t<div class=\"counter-icon\">\n\t\t\t\t\t\t\t    \t\t\t<span class=\"icon-alarmclock\"><\/span>\n\t\t\t\t\t\t\t    \t\t<\/div>\n\t\t\t\t\t\t\t    \t\t\t\t\t\t\t\t\t       \n\n\t\t\t\t\t\t\t        <div class=\"counter-text-wrap\">\n\t\t\t\t\t\t\t        \t\t\t\t\t\t\t\t        \t\t<span class=\"count\">12<\/span>\n\t\t\t\t\t\t\t        \t\t\n\t\t\t\t\t\t\t        \t\t\t\t\t\t\t\t        \t\t<p>Quote within 12 hours<\/p>\n\t\t\t\t\t\t\t        \t\t\n\t\t\t\t\t\t\t        <\/div> <!-- .counter-text-wrap -->\n\t\t\t\t\t\t\t    <\/div> <!-- .counter-inner -->\n\t\t\t\t\t\t\t<\/div> <!-- .counter-item -->\n\n\t\t\t\t\t\t\t\n\t\t\t\t\t\t\t<div class=\"counter-item counter-two\">\n\t\t\t\t\t\t\t    <div class=\"counter-inner\">\n\t\t\t\t\t\t\t    \t\t\t\t\t\t\t\t    \t\t<div class=\"counter-icon\">\n\t\t\t\t\t\t\t    \t\t\t<span class=\"icon-calendar\"><\/span>\n\t\t\t\t\t\t\t    \t\t<\/div>\n\t\t\t\t\t\t\t    \t\t\t\t\t\t\t\t\t       \n\n\t\t\t\t\t\t\t        <div class=\"counter-text-wrap\">\n\t\t\t\t\t\t\t        \t\t\t\t\t\t\t\t        \t\t<span class=\"count\">15<\/span>\n\t\t\t\t\t\t\t        \t\t\n\t\t\t\t\t\t\t        \t\t\t\t\t\t\t\t        \t\t<p>Fast 15 days for T0<\/p>\n\t\t\t\t\t\t\t        \t\t\n\t\t\t\t\t\t\t        <\/div> <!-- .counter-text-wrap -->\n\t\t\t\t\t\t\t    <\/div> <!-- .counter-inner -->\n\t\t\t\t\t\t\t<\/div> <!-- .counter-item -->\n\n\t\t\t\t\t\t\t\n\t\t\t\t\t\t\t<div class=\"counter-item counter-three\">\n\t\t\t\t\t\t\t    <div class=\"counter-inner\">\n\t\t\t\t\t\t\t    \t\t\t\t\t\t\t\t    \t\t<div class=\"counter-icon\">\n\t\t\t\t\t\t\t    \t\t\t<span class=\"icon-wallet\"><\/span>\n\t\t\t\t\t\t\t    \t\t<\/div>\n\t\t\t\t\t\t\t    \t\t\t\t\t\t\t\t\t       \n\n\t\t\t\t\t\t\t        <div class=\"counter-text-wrap\">\n\t\t\t\t\t\t\t        \t\t\t\t\t\t\t\t        \t\t<span class=\"count\">20<\/span>\n\t\t\t\t\t\t\t        \t\t\n\t\t\t\t\t\t\t        \t\t\t\t\t\t\t\t        \t\t<p>Max save 30% cost<\/p>\n\t\t\t\t\t\t\t        \t\t\n\t\t\t\t\t\t\t        <\/div> <!-- .counter-text-wrap -->\n\t\t\t\t\t\t\t    <\/div> <!-- .counter-inner -->\n\t\t\t\t\t\t\t<\/div> <!-- .counter-item -->\n\n\t\t\t\t\t\t\t\n\t\t\t\t\t\t\t<div class=\"counter-item counter-four\">\n\t\t\t\t\t\t\t    <div class=\"counter-inner\">\n\t\t\t\t\t\t\t    \t\t\t\t\t\t\t\t    \t\t<div class=\"counter-icon\">\n\t\t\t\t\t\t\t    \t\t\t<span class=\"icon-calendar\"><\/span>\n\t\t\t\t\t\t\t    \t\t<\/div>\n\t\t\t\t\t\t\t    \t\t\t\t\t\t\t\t\t       \n\n\t\t\t\t\t\t\t        <div class=\"counter-text-wrap\">\n\t\t\t\t\t\t\t        \t\t\t\t\t\t\t\t        \t\t<span class=\"count\">60<\/span>\n\t\t\t\t\t\t\t        \t\t\n\t\t\t\t\t\t\t        \t\t\t\t\t\t\t\t        \t\t<p>balance in 60 days deliver<\/p>\n\t\t\t\t\t\t\t        \t\t\n\t\t\t\t\t\t\t        <\/div> <!-- .counter-text-wrap -->\n\t\t\t\t\t\t\t    <\/div> <!-- .counter-inner -->\n\t\t\t\t\t\t\t<\/div> <!-- .counter-item -->\n\n\t\t\t\t\t\t\t\t\t\t\t<\/div><!-- .counter-wrapper -->\n\n\t\t\t<\/div><!-- .some-facts -->\n\n\t\t\t<\/div>\n<\/div>\n<\/div>\n<div id=\"pg-34-1\" class=\"panel-grid panel-no-style\">\n<div id=\"pgc-34-1-0\" class=\"panel-grid-cell\" data-weight=\"1\">\n<div id=\"panel-34-1-0-0\" class=\"so-panel widget widget_sow-editor panel-first-child panel-last-child\" data-index=\"2\">\n<div class=\"so-widget-sow-editor so-widget-sow-editor-base\">\n<div class=\"siteorigin-widget-tinymce textwidget\">\n<h2>Tu offshore Plastico Molde\u00a0Fabricante<\/h2>\n<p>Para ser el fabricante pl\u00e1stico de la prioridad del molde en China, estamos trabajando dif\u00edcilmente para. Cuando usted mano a moldear hacer a nosotros, usted est\u00e1 consiguiendo un molde con una reputaci\u00f3n s\u00f3lida detr\u00e1s de \u00e9l.<\/p>\n<p>Somos el <a href=\"https:\/\/www.mouldprecision.com\/es\/slider\/professional-molde-fabricante.html\" target=\"_blank\" rel=\"noopener\"><strong>fabricante profesional del molde en China<\/strong><\/a>, tenemos buena soluci\u00f3n para el <strong>molde normal que hace y el proyecto urgente<\/strong>, solamente 15 d\u00edas para T0 de la <a href=\"https:\/\/www.mouldprecision.com\/es\/slider\/rapido-molde-fabricacion.html\" target=\"_blank\" rel=\"noopener\"><strong>fabricaci\u00f3n r\u00e1pida del molde<\/strong><\/a>. Cu\u00e1l es m\u00e1s, podr\u00edamos\u00a0<a href=\"https:\/\/www.mouldprecision.com\/es\/slider\/max-save-30-molde-fabricacion-costo.html\" target=\"_blank\" rel=\"noopener\"><strong>ahorrar el coste del 30% de la fabricaci\u00f3n del molde.<\/strong> <\/a>La cosa m\u00e1s importante es que aceptamos <strong>paga del balance en 60 d\u00edas<\/strong> despu\u00e9s de entrega para el cliente del VIP.<\/p>\n<p><strong>Base en la capacidad de la fabricaci\u00f3n de Dongguan, <\/strong>Trabajamos dif\u00edcilmente para integrar los elementos de la fabricaci\u00f3n del molde. Talleres de CNC, talleres de EDM, talleres de moldeo por inyecci\u00f3n y f\u00e1bricas profesionales de ensayo de moldes. Es por eso que <strong>podr\u00edamos ofrecer un mejor precio.<\/strong><\/p>\n<p>la <strong>integraci\u00f3n es la mejor soluci\u00f3n<\/strong> para los fabricantes peque\u00f1os y medios del molde, bases en la cooperaci\u00f3n constante con los socios y los empleados. Conseguimos la buena reputaci\u00f3n de clientes. como somos <strong>profesionales, eficientes y responsables<\/strong>.<\/p>\n<\/div>\n<\/div>\n<\/div>\n<\/div>\n<\/div>\n<\/div>\n<!-- Begin Yuzo --><div class='yuzo_related_post style-1'  data-version='5.12.89'><!-- without result --><div class='yuzo_clearfixed yuzo__title yuzo__title'><h5>Related Post<\/h5><\/div>\n<\/div>  <!-- End Yuzo :) -->","protected":false},"excerpt":{"rendered":"<p>Molde Precision Co., Ltd. es un privado pl\u00e1stico\u00a0molde fabricante\u00a0en Dongguan China, foco en la fabricaci\u00f3n pl\u00e1stica del molde de la inyecci\u00f3n, plazo de ejecuci\u00f3n corto de la oferta, pago eficiente y flexible del coste, para aumentar su competitivo en mercado del molde, sirve para industrias de automoci\u00f3n, electr\u00f3nica, industrial, m\u00e9dica y de empaque desde 2014. [&hellip;]<\/p>\n","protected":false},"author":2,"featured_media":2238,"parent":0,"menu_order":0,"comment_status":"closed","ping_status":"closed","template":"","meta":{"footnotes":""},"class_list":["post-3617","page","type-page","status-publish","has-post-thumbnail","hentry"],"yoast_head":"<!-- This site is optimized with the Yoast SEO plugin v27.2 - https:\/\/yoast.com\/product\/yoast-seo-wordpress\/ -->\n<title>Plastico molde\u00a0fabricante China|mouldprecision.com<\/title>\n<meta name=\"description\" content=\"Molde Precision Co., Ltd. es un fabricante pl\u00e1stico privado del molde en Dongguan China, foco en la fabricaci\u00f3n pl\u00e1stica del molde de la inyecci\u00f3n.\" \/>\n<meta name=\"robots\" content=\"index, follow, max-snippet:-1, max-image-preview:large, max-video-preview:-1\" \/>\n<link rel=\"canonical\" href=\"https:\/\/www.mouldprecision.com\/es\/empresa.html\" \/>\n<meta property=\"og:locale\" content=\"es_ES\" \/>\n<meta property=\"og:type\" content=\"article\" \/>\n<meta property=\"og:title\" content=\"Plastico molde\u00a0fabricante China|mouldprecision.com\" \/>\n<meta property=\"og:description\" content=\"Molde Precision Co., Ltd. es un fabricante pl\u00e1stico privado del molde en Dongguan China, foco en la fabricaci\u00f3n pl\u00e1stica del molde de la inyecci\u00f3n.\" \/>\n<meta property=\"og:url\" content=\"https:\/\/www.mouldprecision.com\/es\/empresa.html\" \/>\n<meta property=\"og:site_name\" content=\"China mould maker,mould making company &amp; manufacturer\" \/>\n<meta property=\"article:modified_time\" content=\"2018-10-09T03:02:08+00:00\" \/>\n<meta property=\"og:image\" content=\"https:\/\/www.mouldprecision.com\/wp-content\/uploads\/2018\/08\/plastic-mould-maker-china.jpg\" \/>\n\t<meta property=\"og:image:width\" content=\"488\" \/>\n\t<meta property=\"og:image:height\" content=\"350\" \/>\n\t<meta property=\"og:image:type\" content=\"image\/jpeg\" \/>\n<meta name=\"twitter:card\" content=\"summary_large_image\" \/>\n<meta name=\"twitter:label1\" content=\"Tiempo de lectura\" \/>\n\t<meta name=\"twitter:data1\" content=\"2 minutes\" \/>\n<script type=\"application\/ld+json\" class=\"yoast-schema-graph\">{\"@context\":\"https:\/\/schema.org\",\"@graph\":[{\"@type\":\"WebPage\",\"@id\":\"https:\/\/www.mouldprecision.com\/es\/empresa.html\",\"url\":\"https:\/\/www.mouldprecision.com\/es\/empresa.html\",\"name\":\"Plastico molde\u00a0fabricante China|mouldprecision.com\",\"isPartOf\":{\"@id\":\"https:\/\/www.mouldprecision.com\/#website\"},\"primaryImageOfPage\":{\"@id\":\"https:\/\/www.mouldprecision.com\/es\/empresa.html#primaryimage\"},\"image\":{\"@id\":\"https:\/\/www.mouldprecision.com\/es\/empresa.html#primaryimage\"},\"thumbnailUrl\":\"https:\/\/www.mouldprecision.com\/wp-content\/uploads\/2018\/08\/plastic-mould-maker-china.jpg\",\"datePublished\":\"2018-08-30T09:14:14+00:00\",\"dateModified\":\"2018-10-09T03:02:08+00:00\",\"description\":\"Molde Precision Co., Ltd. es un fabricante pl\u00e1stico privado del molde en Dongguan China, foco en la fabricaci\u00f3n pl\u00e1stica del molde de la inyecci\u00f3n.\",\"breadcrumb\":{\"@id\":\"https:\/\/www.mouldprecision.com\/es\/empresa.html#breadcrumb\"},\"inLanguage\":\"es-ES\",\"potentialAction\":[{\"@type\":\"ReadAction\",\"target\":[\"https:\/\/www.mouldprecision.com\/es\/empresa.html\"]}]},{\"@type\":\"ImageObject\",\"inLanguage\":\"es-ES\",\"@id\":\"https:\/\/www.mouldprecision.com\/es\/empresa.html#primaryimage\",\"url\":\"https:\/\/www.mouldprecision.com\/wp-content\/uploads\/2018\/08\/plastic-mould-maker-china.jpg\",\"contentUrl\":\"https:\/\/www.mouldprecision.com\/wp-content\/uploads\/2018\/08\/plastic-mould-maker-china.jpg\",\"width\":488,\"height\":350,\"caption\":\"China mould maker\"},{\"@type\":\"BreadcrumbList\",\"@id\":\"https:\/\/www.mouldprecision.com\/es\/empresa.html#breadcrumb\",\"itemListElement\":[{\"@type\":\"ListItem\",\"position\":1,\"name\":\"Home\",\"item\":\"https:\/\/www.mouldprecision.com\/es\"},{\"@type\":\"ListItem\",\"position\":2,\"name\":\"Empresa\"}]},{\"@type\":\"WebSite\",\"@id\":\"https:\/\/www.mouldprecision.com\/#website\",\"url\":\"https:\/\/www.mouldprecision.com\/\",\"name\":\"China mould maker,mould making company &amp; manufacturer\",\"description\":\"\",\"publisher\":{\"@id\":\"https:\/\/www.mouldprecision.com\/#organization\"},\"potentialAction\":[{\"@type\":\"SearchAction\",\"target\":{\"@type\":\"EntryPoint\",\"urlTemplate\":\"https:\/\/www.mouldprecision.com\/?s={search_term_string}\"},\"query-input\":{\"@type\":\"PropertyValueSpecification\",\"valueRequired\":true,\"valueName\":\"search_term_string\"}}],\"inLanguage\":\"es-ES\"},{\"@type\":\"Organization\",\"@id\":\"https:\/\/www.mouldprecision.com\/#organization\",\"name\":\"China mould maker,mould making company &amp; manufacturer\",\"url\":\"https:\/\/www.mouldprecision.com\/\",\"logo\":{\"@type\":\"ImageObject\",\"inLanguage\":\"es-ES\",\"@id\":\"https:\/\/www.mouldprecision.com\/#\/schema\/logo\/image\/\",\"url\":\"https:\/\/www.mouldprecision.com\/wp-content\/uploads\/2018\/08\/MP-logo.png\",\"contentUrl\":\"https:\/\/www.mouldprecision.com\/wp-content\/uploads\/2018\/08\/MP-logo.png\",\"width\":156,\"height\":59,\"caption\":\"China mould maker,mould making company &amp; manufacturer\"},\"image\":{\"@id\":\"https:\/\/www.mouldprecision.com\/#\/schema\/logo\/image\/\"}}]}<\/script>\n<!-- \/ Yoast SEO plugin. -->","yoast_head_json":{"title":"Plastico molde\u00a0fabricante China|mouldprecision.com","description":"Molde Precision Co., Ltd. es un fabricante pl\u00e1stico privado del molde en Dongguan China, foco en la fabricaci\u00f3n pl\u00e1stica del molde de la inyecci\u00f3n.","robots":{"index":"index","follow":"follow","max-snippet":"max-snippet:-1","max-image-preview":"max-image-preview:large","max-video-preview":"max-video-preview:-1"},"canonical":"https:\/\/www.mouldprecision.com\/es\/empresa.html","og_locale":"es_ES","og_type":"article","og_title":"Plastico molde\u00a0fabricante China|mouldprecision.com","og_description":"Molde Precision Co., Ltd. es un fabricante pl\u00e1stico privado del molde en Dongguan China, foco en la fabricaci\u00f3n pl\u00e1stica del molde de la inyecci\u00f3n.","og_url":"https:\/\/www.mouldprecision.com\/es\/empresa.html","og_site_name":"China mould maker,mould making company &amp; manufacturer","article_modified_time":"2018-10-09T03:02:08+00:00","og_image":[{"width":488,"height":350,"url":"https:\/\/www.mouldprecision.com\/wp-content\/uploads\/2018\/08\/plastic-mould-maker-china.jpg","type":"image\/jpeg"}],"twitter_card":"summary_large_image","twitter_misc":{"Tiempo de lectura":"2 minutes"},"schema":{"@context":"https:\/\/schema.org","@graph":[{"@type":"WebPage","@id":"https:\/\/www.mouldprecision.com\/es\/empresa.html","url":"https:\/\/www.mouldprecision.com\/es\/empresa.html","name":"Plastico molde\u00a0fabricante China|mouldprecision.com","isPartOf":{"@id":"https:\/\/www.mouldprecision.com\/#website"},"primaryImageOfPage":{"@id":"https:\/\/www.mouldprecision.com\/es\/empresa.html#primaryimage"},"image":{"@id":"https:\/\/www.mouldprecision.com\/es\/empresa.html#primaryimage"},"thumbnailUrl":"https:\/\/www.mouldprecision.com\/wp-content\/uploads\/2018\/08\/plastic-mould-maker-china.jpg","datePublished":"2018-08-30T09:14:14+00:00","dateModified":"2018-10-09T03:02:08+00:00","description":"Molde Precision Co., Ltd. es un fabricante pl\u00e1stico privado del molde en Dongguan China, foco en la fabricaci\u00f3n pl\u00e1stica del molde de la inyecci\u00f3n.","breadcrumb":{"@id":"https:\/\/www.mouldprecision.com\/es\/empresa.html#breadcrumb"},"inLanguage":"es-ES","potentialAction":[{"@type":"ReadAction","target":["https:\/\/www.mouldprecision.com\/es\/empresa.html"]}]},{"@type":"ImageObject","inLanguage":"es-ES","@id":"https:\/\/www.mouldprecision.com\/es\/empresa.html#primaryimage","url":"https:\/\/www.mouldprecision.com\/wp-content\/uploads\/2018\/08\/plastic-mould-maker-china.jpg","contentUrl":"https:\/\/www.mouldprecision.com\/wp-content\/uploads\/2018\/08\/plastic-mould-maker-china.jpg","width":488,"height":350,"caption":"China mould maker"},{"@type":"BreadcrumbList","@id":"https:\/\/www.mouldprecision.com\/es\/empresa.html#breadcrumb","itemListElement":[{"@type":"ListItem","position":1,"name":"Home","item":"https:\/\/www.mouldprecision.com\/es"},{"@type":"ListItem","position":2,"name":"Empresa"}]},{"@type":"WebSite","@id":"https:\/\/www.mouldprecision.com\/#website","url":"https:\/\/www.mouldprecision.com\/","name":"China mould maker,mould making company &amp; manufacturer","description":"","publisher":{"@id":"https:\/\/www.mouldprecision.com\/#organization"},"potentialAction":[{"@type":"SearchAction","target":{"@type":"EntryPoint","urlTemplate":"https:\/\/www.mouldprecision.com\/?s={search_term_string}"},"query-input":{"@type":"PropertyValueSpecification","valueRequired":true,"valueName":"search_term_string"}}],"inLanguage":"es-ES"},{"@type":"Organization","@id":"https:\/\/www.mouldprecision.com\/#organization","name":"China mould maker,mould making company &amp; manufacturer","url":"https:\/\/www.mouldprecision.com\/","logo":{"@type":"ImageObject","inLanguage":"es-ES","@id":"https:\/\/www.mouldprecision.com\/#\/schema\/logo\/image\/","url":"https:\/\/www.mouldprecision.com\/wp-content\/uploads\/2018\/08\/MP-logo.png","contentUrl":"https:\/\/www.mouldprecision.com\/wp-content\/uploads\/2018\/08\/MP-logo.png","width":156,"height":59,"caption":"China mould maker,mould making company &amp; manufacturer"},"image":{"@id":"https:\/\/www.mouldprecision.com\/#\/schema\/logo\/image\/"}}]}},"_links":{"self":[{"href":"https:\/\/www.mouldprecision.com\/es\/wp-json\/wp\/v2\/pages\/3617","targetHints":{"allow":["GET"]}}],"collection":[{"href":"https:\/\/www.mouldprecision.com\/es\/wp-json\/wp\/v2\/pages"}],"about":[{"href":"https:\/\/www.mouldprecision.com\/es\/wp-json\/wp\/v2\/types\/page"}],"author":[{"embeddable":true,"href":"https:\/\/www.mouldprecision.com\/es\/wp-json\/wp\/v2\/users\/2"}],"replies":[{"embeddable":true,"href":"https:\/\/www.mouldprecision.com\/es\/wp-json\/wp\/v2\/comments?post=3617"}],"version-history":[{"count":0,"href":"https:\/\/www.mouldprecision.com\/es\/wp-json\/wp\/v2\/pages\/3617\/revisions"}],"wp:featuredmedia":[{"embeddable":true,"href":"https:\/\/www.mouldprecision.com\/es\/wp-json\/wp\/v2\/media\/2238"}],"wp:attachment":[{"href":"https:\/\/www.mouldprecision.com\/es\/wp-json\/wp\/v2\/media?parent=3617"}],"curies":[{"name":"wp","href":"https:\/\/api.w.org\/{rel}","templated":true}]}}