{"id":3591,"date":"2018-08-30T08:17:07","date_gmt":"2018-08-30T08:17:07","guid":{"rendered":"https:\/\/www.mouldprecision.com\/?page_id=3591"},"modified":"2018-09-08T15:15:59","modified_gmt":"2018-09-08T15:15:59","slug":"plastico-moldeo","status":"publish","type":"page","link":"https:\/\/www.mouldprecision.com\/es\/servicios\/plastico-moldeo.html","title":{"rendered":"Pl\u00e1stico Moldeo"},"content":{"rendered":"<h2><strong>Servicio de moldeo de pl<\/strong><strong>\u00e1<\/strong><strong>stico:<\/strong><\/h2>\n<p>Ofrecemos servicios de moldeo de pl\u00e1stico personalizados, cualquier cantidad es bienvenida, y la capacidad es de <strong>60 a 1800 t<\/strong>oneladas.<\/p>\n<p>Obtendr\u00e1 productos de moldeo de pl\u00e1stico de alta calidad, con servicio de satisfacci\u00f3n de Pl\u00e1stico Seleccionado, Prueba de Muestra gratis, Inspecci\u00f3n Sorpresa y Pintura o Soldadura Ultras\u00f3nica, etc., cuando presente la producci\u00f3n de moldes aqu\u00ed.<\/p>\n<style type=\"text\/css\">\n#foogallery-gallery-701 .fg-image { width: 251px; }\n#foogallery-gallery-701 { --fg-gutter: 10px; }<\/style>\n\t\t\t<style type=\"text\/css\">\n#foogallery-gallery-701_1 .fg-image { width: 251px; }\n#foogallery-gallery-701_1 { --fg-gutter: 10px; }<\/style>\n\t\t\t<div class=\"foogallery foogallery-container foogallery-default foogallery-lightbox-foobox fg-center fg-default fg-ready fg-light fg-hover-scale fg-hover-fade\" id=\"foogallery-gallery-701_1\" data-foogallery=\"{&quot;item&quot;:{&quot;showCaptionTitle&quot;:true,&quot;showCaptionDescription&quot;:true},&quot;lazy&quot;:true}\" style=\"--fg-title-line-clamp: 0; --fg-description-line-clamp: 0;\" >\n\t<div class=\"fg-item fg-type-image fg-idle\"><figure class=\"fg-item-inner\"><a href=\"https:\/\/www.mouldprecision.com\/wp-content\/uploads\/2018\/08\/external-thread-moulded-1.jpg\" data-attachment-id=\"2362\" data-type=\"image\" class=\"fg-thumb\"><span class=\"fg-image-wrap\"><img decoding=\"async\" width=\"251\" height=\"190\" class=\"skip-lazy fg-image\" data-src-fg=\"https:\/\/www.mouldprecision.com\/wp-content\/uploads\/cache\/2018\/08\/external-thread-moulded-1\/114150542.jpg\" src=\"data:image\/svg+xml,%3Csvg%20xmlns%3D%22http%3A%2F%2Fwww.w3.org%2F2000%2Fsvg%22%20width%3D%22251%22%20height%3D%22190%22%20viewBox%3D%220%200%20251%20190%22%3E%3C%2Fsvg%3E\" loading=\"eager\"><\/span><span class=\"fg-image-overlay\"><\/span><\/a><\/figure><div class=\"fg-loader\"><\/div><\/div><div class=\"fg-item fg-type-image fg-idle\"><figure class=\"fg-item-inner\"><a href=\"https:\/\/www.mouldprecision.com\/wp-content\/uploads\/2018\/08\/plastic-moulded-part10-1.jpg\" data-attachment-id=\"2390\" data-type=\"image\" class=\"fg-thumb\"><span class=\"fg-image-wrap\"><img decoding=\"async\" width=\"251\" height=\"190\" class=\"skip-lazy fg-image\" data-src-fg=\"https:\/\/www.mouldprecision.com\/wp-content\/uploads\/cache\/2018\/08\/plastic-moulded-part10-1\/1850472122.jpg\" src=\"data:image\/svg+xml,%3Csvg%20xmlns%3D%22http%3A%2F%2Fwww.w3.org%2F2000%2Fsvg%22%20width%3D%22251%22%20height%3D%22190%22%20viewBox%3D%220%200%20251%20190%22%3E%3C%2Fsvg%3E\" loading=\"eager\"><\/span><span class=\"fg-image-overlay\"><\/span><\/a><\/figure><div class=\"fg-loader\"><\/div><\/div><div class=\"fg-item fg-type-image fg-idle\"><figure class=\"fg-item-inner\"><a href=\"https:\/\/www.mouldprecision.com\/wp-content\/uploads\/2018\/08\/plastic-moulded-part2-1.jpg\" data-attachment-id=\"2382\" data-type=\"image\" class=\"fg-thumb\"><span class=\"fg-image-wrap\"><img decoding=\"async\" width=\"251\" height=\"190\" class=\"skip-lazy fg-image\" data-src-fg=\"https:\/\/www.mouldprecision.com\/wp-content\/uploads\/cache\/2018\/08\/plastic-moulded-part2-1\/4037634199.jpg\" src=\"data:image\/svg+xml,%3Csvg%20xmlns%3D%22http%3A%2F%2Fwww.w3.org%2F2000%2Fsvg%22%20width%3D%22251%22%20height%3D%22190%22%20viewBox%3D%220%200%20251%20190%22%3E%3C%2Fsvg%3E\" loading=\"eager\"><\/span><span class=\"fg-image-overlay\"><\/span><\/a><\/figure><div class=\"fg-loader\"><\/div><\/div><div class=\"fg-item fg-type-image fg-idle\"><figure class=\"fg-item-inner\"><a href=\"https:\/\/www.mouldprecision.com\/wp-content\/uploads\/2018\/08\/plastic-moulded-part9-1.jpg\" data-attachment-id=\"2389\" data-type=\"image\" class=\"fg-thumb\"><span class=\"fg-image-wrap\"><img decoding=\"async\" width=\"251\" height=\"190\" class=\"skip-lazy fg-image\" data-src-fg=\"https:\/\/www.mouldprecision.com\/wp-content\/uploads\/cache\/2018\/08\/plastic-moulded-part9-1\/598985421.jpg\" src=\"data:image\/svg+xml,%3Csvg%20xmlns%3D%22http%3A%2F%2Fwww.w3.org%2F2000%2Fsvg%22%20width%3D%22251%22%20height%3D%22190%22%20viewBox%3D%220%200%20251%20190%22%3E%3C%2Fsvg%3E\" loading=\"eager\"><\/span><span class=\"fg-image-overlay\"><\/span><\/a><\/figure><div class=\"fg-loader\"><\/div><\/div><div class=\"fg-item fg-type-image fg-idle\"><figure class=\"fg-item-inner\"><a href=\"https:\/\/www.mouldprecision.com\/wp-content\/uploads\/2018\/08\/insert-moulded1-1.jpg\" data-attachment-id=\"2368\" data-type=\"image\" class=\"fg-thumb\"><span class=\"fg-image-wrap\"><img decoding=\"async\" width=\"251\" height=\"190\" class=\"skip-lazy fg-image\" data-src-fg=\"https:\/\/www.mouldprecision.com\/wp-content\/uploads\/cache\/2018\/08\/insert-moulded1-1\/578452242.jpg\" src=\"data:image\/svg+xml,%3Csvg%20xmlns%3D%22http%3A%2F%2Fwww.w3.org%2F2000%2Fsvg%22%20width%3D%22251%22%20height%3D%22190%22%20viewBox%3D%220%200%20251%20190%22%3E%3C%2Fsvg%3E\" loading=\"eager\"><\/span><span class=\"fg-image-overlay\"><\/span><\/a><\/figure><div class=\"fg-loader\"><\/div><\/div><div class=\"fg-item fg-type-image fg-idle\"><figure class=\"fg-item-inner\"><a href=\"https:\/\/www.mouldprecision.com\/wp-content\/uploads\/2018\/08\/plastic-moulded-part14.jpg\" data-attachment-id=\"2393\" data-type=\"image\" class=\"fg-thumb\"><span class=\"fg-image-wrap\"><img decoding=\"async\" width=\"251\" height=\"190\" class=\"skip-lazy fg-image\" data-src-fg=\"https:\/\/www.mouldprecision.com\/wp-content\/uploads\/cache\/2018\/08\/plastic-moulded-part14\/3206349181.jpg\" src=\"data:image\/svg+xml,%3Csvg%20xmlns%3D%22http%3A%2F%2Fwww.w3.org%2F2000%2Fsvg%22%20width%3D%22251%22%20height%3D%22190%22%20viewBox%3D%220%200%20251%20190%22%3E%3C%2Fsvg%3E\" loading=\"eager\"><\/span><span class=\"fg-image-overlay\"><\/span><\/a><\/figure><div class=\"fg-loader\"><\/div><\/div><\/div>\n\n<h3><strong>La variedad de material de resina de pl<\/strong><strong>\u00e1<\/strong><strong>stico es:<\/strong><\/h3>\n<h4><strong>Grados generales:<\/strong><\/h4>\n<p>ABS, FR-ABS(Straex VE-0860T, GE FR15U, Chi Mei 757), PC(GE Lexan 925A, Makrolon6555,ChiMei PC122), PC+ABS, PMMA, PP, HIPS, PE(HDPE,MDPE,LDPE).<\/p>\n<h4><strong>Grados de Ingenier<\/strong><strong>\u00ed<\/strong><strong>a:<\/strong><\/h4>\n<p>PA12(Grilamid TR55), PA66(Dupont Zytel Rynite132F,KOPA KN333G30), TPE(GLS CL2242,),TPR,TPU, PPS(Fortron 0220A9 130A64), LCP(Ticona Vectra A700), PEEK(VICTREX 450G), PSU(UDEL P-1700), POM(Ticona Celcon M90), PVDF(Kynar 720, 740, Solef 6010), PET(Eastman Durastar MN631), PBT(Dupont Crastin 6130, LANXESS POCAN B 3235 901510).<\/p>\n<p><a href=\"http:\/\/www.chimeicorp.com\/en-us\/products\/#plastics\"><img loading=\"lazy\" decoding=\"async\" class=\"alignnone size-full wp-image-3417\" src=\"https:\/\/www.mouldprecision.com\/wp-content\/uploads\/2018\/08\/Chimei-logo.jpg\" alt=\"\" width=\"164\" height=\"54\" \/><\/a> <a href=\"http:\/\/www.lgchem.com\"><img loading=\"lazy\" decoding=\"async\" class=\"alignnone size-medium wp-image-3418\" src=\"https:\/\/www.mouldprecision.com\/wp-content\/uploads\/2018\/08\/LG-Chem-logo.jpg\" alt=\"\" width=\"136\" height=\"54\" \/><\/a> <a href=\"http:\/\/www.dupont.com\/products-and-services\/plastics-polymers-resins.html\"><img loading=\"lazy\" decoding=\"async\" class=\"alignnone size-medium wp-image-3419\" src=\"https:\/\/www.mouldprecision.com\/wp-content\/uploads\/2018\/08\/Red_Dupont_JPG_Logo.jpg\" alt=\"\" width=\"150\" height=\"54\" \/><\/a> <a href=\"https:\/\/www.sabic.com\/en\"><img loading=\"lazy\" decoding=\"async\" class=\"alignnone size-medium wp-image-3420\" src=\"https:\/\/www.mouldprecision.com\/wp-content\/uploads\/2018\/08\/sabic-logo.jpg\" alt=\"\" width=\"161\" height=\"54\" \/><\/a><\/p>\n<h4>&#8211;&gt; <a href=\"https:\/\/www.mouldprecision.com\/es\/productos.html\">Productos<\/a><\/h4>\n<!-- Begin Yuzo --><div class='yuzo_related_post style-1'  data-version='5.12.89'><!-- without result --><div class='yuzo_clearfixed yuzo__title yuzo__title'><h5>Related Post<\/h5><\/div>\n<\/div>  <!-- End Yuzo :) -->","protected":false},"excerpt":{"rendered":"<p>Servicio de moldeo de pl\u00e1stico: Ofrecemos servicios de moldeo de pl\u00e1stico personalizados, cualquier cantidad es bienvenida, y la capacidad es de 60 a 1800 toneladas. Obtendr\u00e1 productos de moldeo de pl\u00e1stico de alta calidad, con servicio de satisfacci\u00f3n de Pl\u00e1stico Seleccionado, Prueba de Muestra gratis, Inspecci\u00f3n Sorpresa y Pintura o Soldadura Ultras\u00f3nica, etc., cuando presente [&hellip;]<\/p>\n","protected":false},"author":2,"featured_media":0,"parent":3633,"menu_order":0,"comment_status":"closed","ping_status":"closed","template":"","meta":{"footnotes":""},"class_list":["post-3591","page","type-page","status-publish","hentry"],"yoast_head":"<!-- This site is optimized with the Yoast SEO plugin v27.2 - https:\/\/yoast.com\/product\/yoast-seo-wordpress\/ -->\n<title>Pl\u00e1stico Moldeo | China mould maker,mould making company &amp; manufacturer<\/title>\n<meta name=\"description\" content=\"Ofrecemos servicios de moldeo de pl\u00e1stico personalizado cualquier cantidad es agradable y la capacidad es de 60 a 1800 ton.\" \/>\n<meta name=\"robots\" content=\"index, follow, max-snippet:-1, max-image-preview:large, max-video-preview:-1\" \/>\n<link rel=\"canonical\" href=\"https:\/\/www.mouldprecision.com\/services\/plastic-moulding.html\" \/>\n<meta property=\"og:locale\" content=\"es_ES\" \/>\n<meta property=\"og:type\" content=\"article\" \/>\n<meta property=\"og:title\" content=\"Pl\u00e1stico Moldeo | China mould maker,mould making company &amp; manufacturer\" \/>\n<meta property=\"og:description\" content=\"Ofrecemos servicios de moldeo de pl\u00e1stico personalizado cualquier cantidad es agradable y la capacidad es de 60 a 1800 ton.\" \/>\n<meta property=\"og:url\" content=\"https:\/\/www.mouldprecision.com\/services\/plastic-moulding.html\" \/>\n<meta property=\"og:site_name\" content=\"China mould maker,mould making company &amp; manufacturer\" \/>\n<meta property=\"article:modified_time\" content=\"2018-09-08T15:15:59+00:00\" \/>\n<meta property=\"og:image\" content=\"https:\/\/www.mouldprecision.com\/wp-content\/uploads\/2018\/08\/Chimei-logo.jpg\" \/>\n<meta name=\"twitter:card\" content=\"summary_large_image\" \/>\n<meta name=\"twitter:label1\" content=\"Tiempo de lectura\" \/>\n\t<meta name=\"twitter:data1\" content=\"1 minute\" \/>\n<script type=\"application\/ld+json\" class=\"yoast-schema-graph\">{\"@context\":\"https:\/\/schema.org\",\"@graph\":[{\"@type\":\"WebPage\",\"@id\":\"https:\/\/www.mouldprecision.com\/services\/plastic-moulding.html\",\"url\":\"https:\/\/www.mouldprecision.com\/services\/plastic-moulding.html\",\"name\":\"Pl\u00e1stico Moldeo | China mould maker,mould making company &amp; manufacturer\",\"isPartOf\":{\"@id\":\"https:\/\/www.mouldprecision.com\/#website\"},\"primaryImageOfPage\":{\"@id\":\"https:\/\/www.mouldprecision.com\/services\/plastic-moulding.html#primaryimage\"},\"image\":{\"@id\":\"https:\/\/www.mouldprecision.com\/services\/plastic-moulding.html#primaryimage\"},\"thumbnailUrl\":\"https:\/\/www.mouldprecision.com\/wp-content\/uploads\/2018\/08\/Chimei-logo.jpg\",\"datePublished\":\"2018-08-30T08:17:07+00:00\",\"dateModified\":\"2018-09-08T15:15:59+00:00\",\"description\":\"Ofrecemos servicios de moldeo de pl\u00e1stico personalizado cualquier cantidad es agradable y la capacidad es de 60 a 1800 ton.\",\"breadcrumb\":{\"@id\":\"https:\/\/www.mouldprecision.com\/services\/plastic-moulding.html#breadcrumb\"},\"inLanguage\":\"es-ES\",\"potentialAction\":[{\"@type\":\"ReadAction\",\"target\":[\"https:\/\/www.mouldprecision.com\/services\/plastic-moulding.html\"]}]},{\"@type\":\"ImageObject\",\"inLanguage\":\"es-ES\",\"@id\":\"https:\/\/www.mouldprecision.com\/services\/plastic-moulding.html#primaryimage\",\"url\":\"https:\/\/www.mouldprecision.com\/wp-content\/uploads\/2018\/08\/Chimei-logo.jpg\",\"contentUrl\":\"https:\/\/www.mouldprecision.com\/wp-content\/uploads\/2018\/08\/Chimei-logo.jpg\"},{\"@type\":\"BreadcrumbList\",\"@id\":\"https:\/\/www.mouldprecision.com\/services\/plastic-moulding.html#breadcrumb\",\"itemListElement\":[{\"@type\":\"ListItem\",\"position\":1,\"name\":\"Home\",\"item\":\"https:\/\/www.mouldprecision.com\/es\"},{\"@type\":\"ListItem\",\"position\":2,\"name\":\"Servicios\",\"item\":\"https:\/\/www.mouldprecision.com\/services.html\"},{\"@type\":\"ListItem\",\"position\":3,\"name\":\"Pl\u00e1stico Moldeo\"}]},{\"@type\":\"WebSite\",\"@id\":\"https:\/\/www.mouldprecision.com\/#website\",\"url\":\"https:\/\/www.mouldprecision.com\/\",\"name\":\"China mould maker,mould making company &amp; manufacturer\",\"description\":\"\",\"publisher\":{\"@id\":\"https:\/\/www.mouldprecision.com\/#organization\"},\"potentialAction\":[{\"@type\":\"SearchAction\",\"target\":{\"@type\":\"EntryPoint\",\"urlTemplate\":\"https:\/\/www.mouldprecision.com\/?s={search_term_string}\"},\"query-input\":{\"@type\":\"PropertyValueSpecification\",\"valueRequired\":true,\"valueName\":\"search_term_string\"}}],\"inLanguage\":\"es-ES\"},{\"@type\":\"Organization\",\"@id\":\"https:\/\/www.mouldprecision.com\/#organization\",\"name\":\"China mould maker,mould making company &amp; manufacturer\",\"url\":\"https:\/\/www.mouldprecision.com\/\",\"logo\":{\"@type\":\"ImageObject\",\"inLanguage\":\"es-ES\",\"@id\":\"https:\/\/www.mouldprecision.com\/#\/schema\/logo\/image\/\",\"url\":\"https:\/\/www.mouldprecision.com\/wp-content\/uploads\/2018\/08\/MP-logo.png\",\"contentUrl\":\"https:\/\/www.mouldprecision.com\/wp-content\/uploads\/2018\/08\/MP-logo.png\",\"width\":156,\"height\":59,\"caption\":\"China mould maker,mould making company &amp; manufacturer\"},\"image\":{\"@id\":\"https:\/\/www.mouldprecision.com\/#\/schema\/logo\/image\/\"}}]}<\/script>\n<!-- \/ Yoast SEO plugin. -->","yoast_head_json":{"title":"Pl\u00e1stico Moldeo | China mould maker,mould making company &amp; manufacturer","description":"Ofrecemos servicios de moldeo de pl\u00e1stico personalizado cualquier cantidad es agradable y la capacidad es de 60 a 1800 ton.","robots":{"index":"index","follow":"follow","max-snippet":"max-snippet:-1","max-image-preview":"max-image-preview:large","max-video-preview":"max-video-preview:-1"},"canonical":"https:\/\/www.mouldprecision.com\/services\/plastic-moulding.html","og_locale":"es_ES","og_type":"article","og_title":"Pl\u00e1stico Moldeo | China mould maker,mould making company &amp; manufacturer","og_description":"Ofrecemos servicios de moldeo de pl\u00e1stico personalizado cualquier cantidad es agradable y la capacidad es de 60 a 1800 ton.","og_url":"https:\/\/www.mouldprecision.com\/services\/plastic-moulding.html","og_site_name":"China mould maker,mould making company &amp; manufacturer","article_modified_time":"2018-09-08T15:15:59+00:00","og_image":[{"url":"https:\/\/www.mouldprecision.com\/wp-content\/uploads\/2018\/08\/Chimei-logo.jpg","type":"","width":"","height":""}],"twitter_card":"summary_large_image","twitter_misc":{"Tiempo de lectura":"1 minute"},"schema":{"@context":"https:\/\/schema.org","@graph":[{"@type":"WebPage","@id":"https:\/\/www.mouldprecision.com\/services\/plastic-moulding.html","url":"https:\/\/www.mouldprecision.com\/services\/plastic-moulding.html","name":"Pl\u00e1stico Moldeo | China mould maker,mould making company &amp; manufacturer","isPartOf":{"@id":"https:\/\/www.mouldprecision.com\/#website"},"primaryImageOfPage":{"@id":"https:\/\/www.mouldprecision.com\/services\/plastic-moulding.html#primaryimage"},"image":{"@id":"https:\/\/www.mouldprecision.com\/services\/plastic-moulding.html#primaryimage"},"thumbnailUrl":"https:\/\/www.mouldprecision.com\/wp-content\/uploads\/2018\/08\/Chimei-logo.jpg","datePublished":"2018-08-30T08:17:07+00:00","dateModified":"2018-09-08T15:15:59+00:00","description":"Ofrecemos servicios de moldeo de pl\u00e1stico personalizado cualquier cantidad es agradable y la capacidad es de 60 a 1800 ton.","breadcrumb":{"@id":"https:\/\/www.mouldprecision.com\/services\/plastic-moulding.html#breadcrumb"},"inLanguage":"es-ES","potentialAction":[{"@type":"ReadAction","target":["https:\/\/www.mouldprecision.com\/services\/plastic-moulding.html"]}]},{"@type":"ImageObject","inLanguage":"es-ES","@id":"https:\/\/www.mouldprecision.com\/services\/plastic-moulding.html#primaryimage","url":"https:\/\/www.mouldprecision.com\/wp-content\/uploads\/2018\/08\/Chimei-logo.jpg","contentUrl":"https:\/\/www.mouldprecision.com\/wp-content\/uploads\/2018\/08\/Chimei-logo.jpg"},{"@type":"BreadcrumbList","@id":"https:\/\/www.mouldprecision.com\/services\/plastic-moulding.html#breadcrumb","itemListElement":[{"@type":"ListItem","position":1,"name":"Home","item":"https:\/\/www.mouldprecision.com\/es"},{"@type":"ListItem","position":2,"name":"Servicios","item":"https:\/\/www.mouldprecision.com\/services.html"},{"@type":"ListItem","position":3,"name":"Pl\u00e1stico Moldeo"}]},{"@type":"WebSite","@id":"https:\/\/www.mouldprecision.com\/#website","url":"https:\/\/www.mouldprecision.com\/","name":"China mould maker,mould making company &amp; manufacturer","description":"","publisher":{"@id":"https:\/\/www.mouldprecision.com\/#organization"},"potentialAction":[{"@type":"SearchAction","target":{"@type":"EntryPoint","urlTemplate":"https:\/\/www.mouldprecision.com\/?s={search_term_string}"},"query-input":{"@type":"PropertyValueSpecification","valueRequired":true,"valueName":"search_term_string"}}],"inLanguage":"es-ES"},{"@type":"Organization","@id":"https:\/\/www.mouldprecision.com\/#organization","name":"China mould maker,mould making company &amp; manufacturer","url":"https:\/\/www.mouldprecision.com\/","logo":{"@type":"ImageObject","inLanguage":"es-ES","@id":"https:\/\/www.mouldprecision.com\/#\/schema\/logo\/image\/","url":"https:\/\/www.mouldprecision.com\/wp-content\/uploads\/2018\/08\/MP-logo.png","contentUrl":"https:\/\/www.mouldprecision.com\/wp-content\/uploads\/2018\/08\/MP-logo.png","width":156,"height":59,"caption":"China mould maker,mould making company &amp; manufacturer"},"image":{"@id":"https:\/\/www.mouldprecision.com\/#\/schema\/logo\/image\/"}}]}},"_links":{"self":[{"href":"https:\/\/www.mouldprecision.com\/es\/wp-json\/wp\/v2\/pages\/3591","targetHints":{"allow":["GET"]}}],"collection":[{"href":"https:\/\/www.mouldprecision.com\/es\/wp-json\/wp\/v2\/pages"}],"about":[{"href":"https:\/\/www.mouldprecision.com\/es\/wp-json\/wp\/v2\/types\/page"}],"author":[{"embeddable":true,"href":"https:\/\/www.mouldprecision.com\/es\/wp-json\/wp\/v2\/users\/2"}],"replies":[{"embeddable":true,"href":"https:\/\/www.mouldprecision.com\/es\/wp-json\/wp\/v2\/comments?post=3591"}],"version-history":[{"count":0,"href":"https:\/\/www.mouldprecision.com\/es\/wp-json\/wp\/v2\/pages\/3591\/revisions"}],"up":[{"embeddable":true,"href":"https:\/\/www.mouldprecision.com\/es\/wp-json\/wp\/v2\/pages\/3633"}],"wp:attachment":[{"href":"https:\/\/www.mouldprecision.com\/es\/wp-json\/wp\/v2\/media?parent=3591"}],"curies":[{"name":"wp","href":"https:\/\/api.w.org\/{rel}","templated":true}]}}