{"id":3836,"date":"2018-09-04T13:42:07","date_gmt":"2018-09-04T13:42:07","guid":{"rendered":"https:\/\/www.mouldprecision.com\/?page_id=3836"},"modified":"2018-09-09T07:10:19","modified_gmt":"2018-09-09T07:10:19","slug":"professional-mould-maker","status":"publish","type":"page","link":"https:\/\/www.mouldprecision.com\/de\/slider\/professional-mould-maker.html","title":{"rendered":"Professioneller werkzeugbau"},"content":{"rendered":"<p>Mould Precision Co. Ltd. ist ein <a href=\"https:\/\/www.mouldprecision.com\/de\/unternehmen.html\"><strong>professioneller werkzeugbau<\/strong> <\/a>mit \u00fcber 10 Jahren Erfahrung in der Entwicklung und Herstellung von Formen und exportiert Tausende von Kunststoffspritzgussformen in die ganze Welt.<\/p>\n<h2>Professioneller Service:<\/h2>\n<p>Das wirkliche Problem machen Gesch\u00e4ft mit China Formenbauer ist, dass der Verkauf Englisch ist gut, aber schlecht in der Technik, der Ingenieur ist gut f\u00fcr die Technik, aber schlecht f\u00fcr Englisch entweder. Sie m\u00fcssen viel Geld mit einer gro\u00dfen Fabrik bezahlen, und viel mehr Zeit mit einer kleinen.<\/p>\n<p>F\u00fcr uns kein Problem. Alle unsere Mitarbeiter arbeiten in einer gro\u00dfen Fabrik, wir haben sowohl f\u00fcr den Verkauf als auch f\u00fcr den Ingenieur ausgebildet.<\/p>\n<p>Von <strong><em>Anfrage, Bestellung, Formenbau, Formenbau, Wochenbericht, Formversuch bis zum Versand<\/em> <\/strong>ist alles glatt und gl\u00fccklich. Als professioneller chinesischer Formenbauer ist Easy einfach. Einfach ist Erfolg!<\/p>\n<p>In a word, the mold making is an experience business, whatever mold design, mold manufacturing or shipping.<\/p>\n<h2>F\u00fcr Produktentwickler:<\/h2>\n<p><em>Sie erhalten die beste L\u00f6sung f\u00fcr Prototyping, Formenbau und Formenbau.<\/em><\/p>\n<h2>F\u00fcr Schimmelpilzh\u00e4ndler:<\/h2>\n<p><em>Wir bieten Ihnen einen besseren Preis, gute Qualit\u00e4t und kurze Lieferzeiten f\u00fcr den Formenbau.<\/em><\/p>\n<style type=\"text\/css\">\n#foogallery-gallery-3726 .fg-image { width: 255px; }\n#foogallery-gallery-3726 { --fg-gutter: 10px; }<\/style>\n\t\t\t<style type=\"text\/css\">\n#foogallery-gallery-3726_1 .fg-image { width: 255px; }\n#foogallery-gallery-3726_1 { --fg-gutter: 10px; }<\/style>\n\t\t\t<div class=\"foogallery foogallery-container foogallery-default foogallery-lightbox-foobox fg-center fg-default fg-ready fg-light fg-loaded-fade-in fg-hover-fade\" id=\"foogallery-gallery-3726_1\" data-foogallery=\"{&quot;item&quot;:{&quot;showCaptionTitle&quot;:true,&quot;showCaptionDescription&quot;:false},&quot;lazy&quot;:true}\" style=\"--fg-title-line-clamp: 0; --fg-description-line-clamp: 0;\" >\n\t<div class=\"fg-item fg-type-image fg-idle\"><figure class=\"fg-item-inner\"><a href=\"https:\/\/www.mouldprecision.com\/wp-content\/uploads\/2018\/09\/part116.jpg\" data-caption-title=\"part116\" data-attachment-id=\"5060\" data-type=\"image\" class=\"fg-thumb\"><span class=\"fg-image-wrap\"><img fetchpriority=\"high\" decoding=\"async\" width=\"255\" height=\"200\" class=\"skip-lazy fg-image\" data-src-fg=\"https:\/\/www.mouldprecision.com\/wp-content\/uploads\/cache\/2018\/09\/part116\/3801455083.jpg\" src=\"data:image\/svg+xml,%3Csvg%20xmlns%3D%22http%3A%2F%2Fwww.w3.org%2F2000%2Fsvg%22%20width%3D%22255%22%20height%3D%22200%22%20viewBox%3D%220%200%20255%20200%22%3E%3C%2Fsvg%3E\" loading=\"eager\"><\/span><span class=\"fg-image-overlay\"><\/span><\/a><figcaption class=\"fg-caption\"><div class=\"fg-caption-inner\"><div class=\"fg-caption-title\">part116<\/div><\/div><\/figcaption><\/figure><div class=\"fg-loader\"><\/div><\/div><div class=\"fg-item fg-type-image fg-idle\"><figure class=\"fg-item-inner\"><a href=\"https:\/\/www.mouldprecision.com\/wp-content\/uploads\/2018\/09\/mold-design116.jpg\" data-caption-title=\"mold-design116\" data-attachment-id=\"5058\" data-type=\"image\" class=\"fg-thumb\"><span class=\"fg-image-wrap\"><img decoding=\"async\" width=\"255\" height=\"200\" class=\"skip-lazy fg-image\" data-src-fg=\"https:\/\/www.mouldprecision.com\/wp-content\/uploads\/cache\/2018\/09\/mold-design116\/508853380.jpg\" src=\"data:image\/svg+xml,%3Csvg%20xmlns%3D%22http%3A%2F%2Fwww.w3.org%2F2000%2Fsvg%22%20width%3D%22255%22%20height%3D%22200%22%20viewBox%3D%220%200%20255%20200%22%3E%3C%2Fsvg%3E\" loading=\"eager\"><\/span><span class=\"fg-image-overlay\"><\/span><\/a><figcaption class=\"fg-caption\"><div class=\"fg-caption-inner\"><div class=\"fg-caption-title\">mold-design116<\/div><\/div><\/figcaption><\/figure><div class=\"fg-loader\"><\/div><\/div><div class=\"fg-item fg-type-image fg-idle\"><figure class=\"fg-item-inner\"><a href=\"https:\/\/www.mouldprecision.com\/wp-content\/uploads\/2018\/09\/3D-mold116.jpg\" data-caption-title=\"3D-mold116\" data-attachment-id=\"5056\" data-type=\"image\" class=\"fg-thumb\"><span class=\"fg-image-wrap\"><img decoding=\"async\" width=\"255\" height=\"200\" class=\"skip-lazy fg-image\" data-src-fg=\"https:\/\/www.mouldprecision.com\/wp-content\/uploads\/cache\/2018\/09\/3D-mold116\/813648272.jpg\" src=\"data:image\/svg+xml,%3Csvg%20xmlns%3D%22http%3A%2F%2Fwww.w3.org%2F2000%2Fsvg%22%20width%3D%22255%22%20height%3D%22200%22%20viewBox%3D%220%200%20255%20200%22%3E%3C%2Fsvg%3E\" loading=\"eager\"><\/span><span class=\"fg-image-overlay\"><\/span><\/a><figcaption class=\"fg-caption\"><div class=\"fg-caption-inner\"><div class=\"fg-caption-title\">3D-mold116<\/div><\/div><\/figcaption><\/figure><div class=\"fg-loader\"><\/div><\/div><div class=\"fg-item fg-type-image fg-idle\"><figure class=\"fg-item-inner\"><a href=\"https:\/\/www.mouldprecision.com\/wp-content\/uploads\/2018\/09\/part-sample116.jpg\" data-caption-title=\"part-sample116\" data-attachment-id=\"5061\" data-type=\"image\" class=\"fg-thumb\"><span class=\"fg-image-wrap\"><img decoding=\"async\" width=\"255\" height=\"200\" class=\"skip-lazy fg-image\" data-src-fg=\"https:\/\/www.mouldprecision.com\/wp-content\/uploads\/cache\/2018\/09\/part-sample116\/1585803592.jpg\" src=\"data:image\/svg+xml,%3Csvg%20xmlns%3D%22http%3A%2F%2Fwww.w3.org%2F2000%2Fsvg%22%20width%3D%22255%22%20height%3D%22200%22%20viewBox%3D%220%200%20255%20200%22%3E%3C%2Fsvg%3E\" loading=\"eager\"><\/span><span class=\"fg-image-overlay\"><\/span><\/a><figcaption class=\"fg-caption\"><div class=\"fg-caption-inner\"><div class=\"fg-caption-title\">part-sample116<\/div><\/div><\/figcaption><\/figure><div class=\"fg-loader\"><\/div><\/div><div class=\"fg-item fg-type-image fg-idle\"><figure class=\"fg-item-inner\"><a href=\"https:\/\/www.mouldprecision.com\/wp-content\/uploads\/2018\/09\/mold116.jpg\" data-caption-title=\"mold116\" data-attachment-id=\"5057\" data-type=\"image\" class=\"fg-thumb\"><span class=\"fg-image-wrap\"><img decoding=\"async\" width=\"255\" height=\"200\" class=\"skip-lazy fg-image\" data-src-fg=\"https:\/\/www.mouldprecision.com\/wp-content\/uploads\/cache\/2018\/09\/mold116\/395202434.jpg\" src=\"data:image\/svg+xml,%3Csvg%20xmlns%3D%22http%3A%2F%2Fwww.w3.org%2F2000%2Fsvg%22%20width%3D%22255%22%20height%3D%22200%22%20viewBox%3D%220%200%20255%20200%22%3E%3C%2Fsvg%3E\" loading=\"eager\"><\/span><span class=\"fg-image-overlay\"><\/span><\/a><figcaption class=\"fg-caption\"><div class=\"fg-caption-inner\"><div class=\"fg-caption-title\">mold116<\/div><\/div><\/figcaption><\/figure><div class=\"fg-loader\"><\/div><\/div><div class=\"fg-item fg-type-image fg-idle\"><figure class=\"fg-item-inner\"><a href=\"https:\/\/www.mouldprecision.com\/wp-content\/uploads\/2018\/09\/mold-pack116.jpg\" data-caption-title=\"mold-pack116\" data-attachment-id=\"5059\" data-type=\"image\" class=\"fg-thumb\"><span class=\"fg-image-wrap\"><img decoding=\"async\" width=\"255\" height=\"200\" class=\"skip-lazy fg-image\" data-src-fg=\"https:\/\/www.mouldprecision.com\/wp-content\/uploads\/cache\/2018\/09\/mold-pack116\/1778120646.jpg\" src=\"data:image\/svg+xml,%3Csvg%20xmlns%3D%22http%3A%2F%2Fwww.w3.org%2F2000%2Fsvg%22%20width%3D%22255%22%20height%3D%22200%22%20viewBox%3D%220%200%20255%20200%22%3E%3C%2Fsvg%3E\" loading=\"eager\"><\/span><span class=\"fg-image-overlay\"><\/span><\/a><figcaption class=\"fg-caption\"><div class=\"fg-caption-inner\"><div class=\"fg-caption-title\">mold-pack116<\/div><\/div><\/figcaption><\/figure><div class=\"fg-loader\"><\/div><\/div><\/div>\n\n<p>&nbsp;<\/p>\n<!-- Begin Yuzo --><div class='yuzo_related_post style-1'  data-version='5.12.89'><!-- without result --><div class='yuzo_clearfixed yuzo__title yuzo__title'><h5>Related Post<\/h5><\/div>\n<\/div>  <!-- End Yuzo :) -->","protected":false},"excerpt":{"rendered":"<p>Mould Precision Co. Ltd. ist ein professioneller werkzeugbau mit \u00fcber 10 Jahren Erfahrung in der Entwicklung und Herstellung von Formen und exportiert Tausende von Kunststoffspritzgussformen in die ganze Welt. Professioneller Service: Das wirkliche Problem machen Gesch\u00e4ft mit China Formenbauer ist, dass der Verkauf Englisch ist gut, aber schlecht in der Technik, der Ingenieur ist gut [&hellip;]<\/p>\n","protected":false},"author":2,"featured_media":2302,"parent":3828,"menu_order":0,"comment_status":"closed","ping_status":"closed","template":"","meta":{"footnotes":""},"class_list":["post-3836","page","type-page","status-publish","has-post-thumbnail","hentry"],"yoast_head":"<!-- This site is optimized with the Yoast SEO plugin v27.2 - https:\/\/yoast.com\/product\/yoast-seo-wordpress\/ -->\n<title>Professioneller werkzeugbau | China mould maker,mould making company &amp; manufacturer<\/title>\n<meta name=\"description\" content=\"Mould Precision Co. Ltd. ist ein professioneller werkzeugbau mit \u00fcber 10 Jahren Erfahrung in der Entwicklung und Herstellung von Formen und exportiert Tausende von Kunststoffspritzgussformen in die ganze Welt.\" \/>\n<meta name=\"robots\" content=\"index, follow, max-snippet:-1, max-image-preview:large, max-video-preview:-1\" \/>\n<link rel=\"canonical\" href=\"https:\/\/www.mouldprecision.com\/de\/slider\/professional-mould-maker.html\" \/>\n<meta property=\"og:locale\" content=\"de_DE\" \/>\n<meta property=\"og:type\" content=\"article\" \/>\n<meta property=\"og:title\" content=\"Professioneller werkzeugbau | China mould maker,mould making company &amp; manufacturer\" \/>\n<meta property=\"og:description\" content=\"Mould Precision Co. Ltd. ist ein professioneller werkzeugbau mit \u00fcber 10 Jahren Erfahrung in der Entwicklung und Herstellung von Formen und exportiert Tausende von Kunststoffspritzgussformen in die ganze Welt.\" \/>\n<meta property=\"og:url\" content=\"https:\/\/www.mouldprecision.com\/de\/slider\/professional-mould-maker.html\" \/>\n<meta property=\"og:site_name\" content=\"China mould maker,mould making company &amp; manufacturer\" \/>\n<meta property=\"article:modified_time\" content=\"2018-09-09T07:10:19+00:00\" \/>\n<meta property=\"og:image\" content=\"https:\/\/www.mouldprecision.com\/wp-content\/uploads\/2018\/08\/plastic-mould-maker.jpg\" \/>\n\t<meta property=\"og:image:width\" content=\"1366\" \/>\n\t<meta property=\"og:image:height\" content=\"460\" \/>\n\t<meta property=\"og:image:type\" content=\"image\/jpeg\" \/>\n<meta name=\"twitter:card\" content=\"summary_large_image\" \/>\n<meta name=\"twitter:label1\" content=\"Gesch\u00e4tzte Lesezeit\" \/>\n\t<meta name=\"twitter:data1\" content=\"1 minute\" \/>\n<script type=\"application\/ld+json\" class=\"yoast-schema-graph\">{\"@context\":\"https:\/\/schema.org\",\"@graph\":[{\"@type\":\"WebPage\",\"@id\":\"https:\/\/www.mouldprecision.com\/de\/slider\/professional-mould-maker.html\",\"url\":\"https:\/\/www.mouldprecision.com\/de\/slider\/professional-mould-maker.html\",\"name\":\"Professioneller werkzeugbau | China mould maker,mould making company &amp; manufacturer\",\"isPartOf\":{\"@id\":\"https:\/\/www.mouldprecision.com\/#website\"},\"primaryImageOfPage\":{\"@id\":\"https:\/\/www.mouldprecision.com\/de\/slider\/professional-mould-maker.html#primaryimage\"},\"image\":{\"@id\":\"https:\/\/www.mouldprecision.com\/de\/slider\/professional-mould-maker.html#primaryimage\"},\"thumbnailUrl\":\"https:\/\/www.mouldprecision.com\/wp-content\/uploads\/2018\/08\/plastic-mould-maker.jpg\",\"datePublished\":\"2018-09-04T13:42:07+00:00\",\"dateModified\":\"2018-09-09T07:10:19+00:00\",\"description\":\"Mould Precision Co. Ltd. ist ein professioneller werkzeugbau mit \u00fcber 10 Jahren Erfahrung in der Entwicklung und Herstellung von Formen und exportiert Tausende von Kunststoffspritzgussformen in die ganze Welt.\",\"breadcrumb\":{\"@id\":\"https:\/\/www.mouldprecision.com\/de\/slider\/professional-mould-maker.html#breadcrumb\"},\"inLanguage\":\"de-DE\",\"potentialAction\":[{\"@type\":\"ReadAction\",\"target\":[\"https:\/\/www.mouldprecision.com\/de\/slider\/professional-mould-maker.html\"]}]},{\"@type\":\"ImageObject\",\"inLanguage\":\"de-DE\",\"@id\":\"https:\/\/www.mouldprecision.com\/de\/slider\/professional-mould-maker.html#primaryimage\",\"url\":\"https:\/\/www.mouldprecision.com\/wp-content\/uploads\/2018\/08\/plastic-mould-maker.jpg\",\"contentUrl\":\"https:\/\/www.mouldprecision.com\/wp-content\/uploads\/2018\/08\/plastic-mould-maker.jpg\",\"width\":1366,\"height\":460,\"caption\":\"plastic mould maker\"},{\"@type\":\"BreadcrumbList\",\"@id\":\"https:\/\/www.mouldprecision.com\/de\/slider\/professional-mould-maker.html#breadcrumb\",\"itemListElement\":[{\"@type\":\"ListItem\",\"position\":1,\"name\":\"Home\",\"item\":\"https:\/\/www.mouldprecision.com\/de\"},{\"@type\":\"ListItem\",\"position\":2,\"name\":\"Slider\",\"item\":\"https:\/\/www.mouldprecision.com\/de\/slider.html\"},{\"@type\":\"ListItem\",\"position\":3,\"name\":\"Professioneller werkzeugbau\"}]},{\"@type\":\"WebSite\",\"@id\":\"https:\/\/www.mouldprecision.com\/#website\",\"url\":\"https:\/\/www.mouldprecision.com\/\",\"name\":\"China mould maker,mould making company &amp; manufacturer\",\"description\":\"\",\"publisher\":{\"@id\":\"https:\/\/www.mouldprecision.com\/#organization\"},\"potentialAction\":[{\"@type\":\"SearchAction\",\"target\":{\"@type\":\"EntryPoint\",\"urlTemplate\":\"https:\/\/www.mouldprecision.com\/?s={search_term_string}\"},\"query-input\":{\"@type\":\"PropertyValueSpecification\",\"valueRequired\":true,\"valueName\":\"search_term_string\"}}],\"inLanguage\":\"de-DE\"},{\"@type\":\"Organization\",\"@id\":\"https:\/\/www.mouldprecision.com\/#organization\",\"name\":\"China mould maker,mould making company &amp; manufacturer\",\"url\":\"https:\/\/www.mouldprecision.com\/\",\"logo\":{\"@type\":\"ImageObject\",\"inLanguage\":\"de-DE\",\"@id\":\"https:\/\/www.mouldprecision.com\/#\/schema\/logo\/image\/\",\"url\":\"https:\/\/www.mouldprecision.com\/wp-content\/uploads\/2018\/08\/MP-logo.png\",\"contentUrl\":\"https:\/\/www.mouldprecision.com\/wp-content\/uploads\/2018\/08\/MP-logo.png\",\"width\":156,\"height\":59,\"caption\":\"China mould maker,mould making company &amp; manufacturer\"},\"image\":{\"@id\":\"https:\/\/www.mouldprecision.com\/#\/schema\/logo\/image\/\"}}]}<\/script>\n<!-- \/ Yoast SEO plugin. -->","yoast_head_json":{"title":"Professioneller werkzeugbau | China mould maker,mould making company &amp; manufacturer","description":"Mould Precision Co. Ltd. ist ein professioneller werkzeugbau mit \u00fcber 10 Jahren Erfahrung in der Entwicklung und Herstellung von Formen und exportiert Tausende von Kunststoffspritzgussformen in die ganze Welt.","robots":{"index":"index","follow":"follow","max-snippet":"max-snippet:-1","max-image-preview":"max-image-preview:large","max-video-preview":"max-video-preview:-1"},"canonical":"https:\/\/www.mouldprecision.com\/de\/slider\/professional-mould-maker.html","og_locale":"de_DE","og_type":"article","og_title":"Professioneller werkzeugbau | China mould maker,mould making company &amp; manufacturer","og_description":"Mould Precision Co. Ltd. ist ein professioneller werkzeugbau mit \u00fcber 10 Jahren Erfahrung in der Entwicklung und Herstellung von Formen und exportiert Tausende von Kunststoffspritzgussformen in die ganze Welt.","og_url":"https:\/\/www.mouldprecision.com\/de\/slider\/professional-mould-maker.html","og_site_name":"China mould maker,mould making company &amp; manufacturer","article_modified_time":"2018-09-09T07:10:19+00:00","og_image":[{"width":1366,"height":460,"url":"https:\/\/www.mouldprecision.com\/wp-content\/uploads\/2018\/08\/plastic-mould-maker.jpg","type":"image\/jpeg"}],"twitter_card":"summary_large_image","twitter_misc":{"Gesch\u00e4tzte Lesezeit":"1 minute"},"schema":{"@context":"https:\/\/schema.org","@graph":[{"@type":"WebPage","@id":"https:\/\/www.mouldprecision.com\/de\/slider\/professional-mould-maker.html","url":"https:\/\/www.mouldprecision.com\/de\/slider\/professional-mould-maker.html","name":"Professioneller werkzeugbau | China mould maker,mould making company &amp; manufacturer","isPartOf":{"@id":"https:\/\/www.mouldprecision.com\/#website"},"primaryImageOfPage":{"@id":"https:\/\/www.mouldprecision.com\/de\/slider\/professional-mould-maker.html#primaryimage"},"image":{"@id":"https:\/\/www.mouldprecision.com\/de\/slider\/professional-mould-maker.html#primaryimage"},"thumbnailUrl":"https:\/\/www.mouldprecision.com\/wp-content\/uploads\/2018\/08\/plastic-mould-maker.jpg","datePublished":"2018-09-04T13:42:07+00:00","dateModified":"2018-09-09T07:10:19+00:00","description":"Mould Precision Co. Ltd. ist ein professioneller werkzeugbau mit \u00fcber 10 Jahren Erfahrung in der Entwicklung und Herstellung von Formen und exportiert Tausende von Kunststoffspritzgussformen in die ganze Welt.","breadcrumb":{"@id":"https:\/\/www.mouldprecision.com\/de\/slider\/professional-mould-maker.html#breadcrumb"},"inLanguage":"de-DE","potentialAction":[{"@type":"ReadAction","target":["https:\/\/www.mouldprecision.com\/de\/slider\/professional-mould-maker.html"]}]},{"@type":"ImageObject","inLanguage":"de-DE","@id":"https:\/\/www.mouldprecision.com\/de\/slider\/professional-mould-maker.html#primaryimage","url":"https:\/\/www.mouldprecision.com\/wp-content\/uploads\/2018\/08\/plastic-mould-maker.jpg","contentUrl":"https:\/\/www.mouldprecision.com\/wp-content\/uploads\/2018\/08\/plastic-mould-maker.jpg","width":1366,"height":460,"caption":"plastic mould maker"},{"@type":"BreadcrumbList","@id":"https:\/\/www.mouldprecision.com\/de\/slider\/professional-mould-maker.html#breadcrumb","itemListElement":[{"@type":"ListItem","position":1,"name":"Home","item":"https:\/\/www.mouldprecision.com\/de"},{"@type":"ListItem","position":2,"name":"Slider","item":"https:\/\/www.mouldprecision.com\/de\/slider.html"},{"@type":"ListItem","position":3,"name":"Professioneller werkzeugbau"}]},{"@type":"WebSite","@id":"https:\/\/www.mouldprecision.com\/#website","url":"https:\/\/www.mouldprecision.com\/","name":"China mould maker,mould making company &amp; manufacturer","description":"","publisher":{"@id":"https:\/\/www.mouldprecision.com\/#organization"},"potentialAction":[{"@type":"SearchAction","target":{"@type":"EntryPoint","urlTemplate":"https:\/\/www.mouldprecision.com\/?s={search_term_string}"},"query-input":{"@type":"PropertyValueSpecification","valueRequired":true,"valueName":"search_term_string"}}],"inLanguage":"de-DE"},{"@type":"Organization","@id":"https:\/\/www.mouldprecision.com\/#organization","name":"China mould maker,mould making company &amp; manufacturer","url":"https:\/\/www.mouldprecision.com\/","logo":{"@type":"ImageObject","inLanguage":"de-DE","@id":"https:\/\/www.mouldprecision.com\/#\/schema\/logo\/image\/","url":"https:\/\/www.mouldprecision.com\/wp-content\/uploads\/2018\/08\/MP-logo.png","contentUrl":"https:\/\/www.mouldprecision.com\/wp-content\/uploads\/2018\/08\/MP-logo.png","width":156,"height":59,"caption":"China mould maker,mould making company &amp; manufacturer"},"image":{"@id":"https:\/\/www.mouldprecision.com\/#\/schema\/logo\/image\/"}}]}},"_links":{"self":[{"href":"https:\/\/www.mouldprecision.com\/de\/wp-json\/wp\/v2\/pages\/3836","targetHints":{"allow":["GET"]}}],"collection":[{"href":"https:\/\/www.mouldprecision.com\/de\/wp-json\/wp\/v2\/pages"}],"about":[{"href":"https:\/\/www.mouldprecision.com\/de\/wp-json\/wp\/v2\/types\/page"}],"author":[{"embeddable":true,"href":"https:\/\/www.mouldprecision.com\/de\/wp-json\/wp\/v2\/users\/2"}],"replies":[{"embeddable":true,"href":"https:\/\/www.mouldprecision.com\/de\/wp-json\/wp\/v2\/comments?post=3836"}],"version-history":[{"count":0,"href":"https:\/\/www.mouldprecision.com\/de\/wp-json\/wp\/v2\/pages\/3836\/revisions"}],"up":[{"embeddable":true,"href":"https:\/\/www.mouldprecision.com\/de\/wp-json\/wp\/v2\/pages\/3828"}],"wp:featuredmedia":[{"embeddable":true,"href":"https:\/\/www.mouldprecision.com\/de\/wp-json\/wp\/v2\/media\/2302"}],"wp:attachment":[{"href":"https:\/\/www.mouldprecision.com\/de\/wp-json\/wp\/v2\/media?parent=3836"}],"curies":[{"name":"wp","href":"https:\/\/api.w.org\/{rel}","templated":true}]}}