{"id":3835,"date":"2018-09-04T13:38:59","date_gmt":"2018-09-04T13:38:59","guid":{"rendered":"https:\/\/www.mouldprecision.com\/?page_id=3835"},"modified":"2018-09-09T14:25:37","modified_gmt":"2018-09-09T14:25:37","slug":"sparen-sie-30-formenbau","status":"publish","type":"page","link":"https:\/\/www.mouldprecision.com\/de\/slider\/sparen-sie-30-formenbau.html","title":{"rendered":"Sparen Sie 30% Formenbau"},"content":{"rendered":"<h2>Sparen Sie 30% der Kosten f\u00fcr den Formenbau? Machst du Witze?<\/h2>\n<p>Die meisten Kunden <a href=\"https:\/\/www.mouldprecision.com\/de\/unternehmen.html\"><strong>outsource Schimmel nach China<\/strong><\/a> ist als niedrige Kosten. Die Zeit der Windfall-Profit der Formenbau ist vorbei, die Kosten sind sehr klar. Zudem steigen die Kosten f\u00fcr China von Jahr zu Jahr.<\/p>\n<p><strong>Die Kosten f\u00fcr den Formenbau k\u00f6nnten zwei Teile in Betracht ziehen.<\/strong><\/p>\n<h3>1. Das Projekt selbst<\/h3>\n<p>Betrachten Sie die gleiche Werkzeugzeichnung, nehmen Sie eine einfache Form als Beispiel, ABS-Plattenteil, LKM-Formboden, 150 x 150 mm, ohne Schieber oder Heber, 1 Kavit\u00e4t, Zwei-Platten-Werkzeug, direkter Anschnitt, P20 f\u00fcr Kern und Kavit\u00e4t, normaler Auswerferstift, Kaltkanal, 400# Papiersand zum Polieren. Was ist der Preis?<\/p>\n<p>Es ist Form, die Kosten sind 1500$, der Preis k\u00f6nnte 2000$, 3000$ oder 5000$ sein.<\/p>\n<h3>2. Der Formenbauer selbst<\/h3>\n<p><strong>Die Kostenformel f\u00fcr den Formenbau k\u00f6nnte lauten::<\/strong><br \/>\n<em>COST=30% Formmaterial + 50% Verarbeitung + 10% Design + 10% Sonstiges<\/em><\/p>\n<p>Wir sind keine gro\u00dfe Fabrik, mit nicht vielen Maschinen. Die Kosten f\u00fcr die Bearbeitung und den Fabrikbetrieb betragen 50-60% des Werkzeugbaus. Wie wir alle wissen, sind die Bearbeitungskosten hoch, wenn sie besetzt sind, aber niedrig, wenn sie nicht besetzt sind.<\/p>\n<p>Wir integrieren die Elemente des Formenbaus, die eine gute Maschinenf\u00e4higkeit und einen guten Preis haben.<\/p>\n<p>Wir sparen Kosten f\u00fcr die Bearbeitung und den Fabrikbetrieb. Das ist der Grund, warum wir Ihnen max. 30% der Werkzeugkosten einsparen konnten.<\/p>\n<style type=\"text\/css\">\n#foogallery-gallery-3726 .fg-image { width: 255px; }\n#foogallery-gallery-3726 { --fg-gutter: 10px; }<\/style>\n\t\t\t<style type=\"text\/css\">\n#foogallery-gallery-3726_1 .fg-image { width: 255px; }\n#foogallery-gallery-3726_1 { --fg-gutter: 10px; }<\/style>\n\t\t\t<div class=\"foogallery foogallery-container foogallery-default foogallery-lightbox-foobox fg-center fg-default fg-ready fg-light fg-loaded-fade-in fg-hover-fade\" id=\"foogallery-gallery-3726_1\" data-foogallery=\"{&quot;item&quot;:{&quot;showCaptionTitle&quot;:true,&quot;showCaptionDescription&quot;:false},&quot;lazy&quot;:true}\" style=\"--fg-title-line-clamp: 0; --fg-description-line-clamp: 0;\" >\n\t<div class=\"fg-item fg-type-image fg-idle\"><figure class=\"fg-item-inner\"><a href=\"https:\/\/www.mouldprecision.com\/wp-content\/uploads\/2018\/09\/part116.jpg\" data-caption-title=\"part116\" data-attachment-id=\"5060\" data-type=\"image\" class=\"fg-thumb\"><span class=\"fg-image-wrap\"><img fetchpriority=\"high\" decoding=\"async\" width=\"255\" height=\"200\" class=\"skip-lazy fg-image\" data-src-fg=\"https:\/\/www.mouldprecision.com\/wp-content\/uploads\/cache\/2018\/09\/part116\/3801455083.jpg\" src=\"data:image\/svg+xml,%3Csvg%20xmlns%3D%22http%3A%2F%2Fwww.w3.org%2F2000%2Fsvg%22%20width%3D%22255%22%20height%3D%22200%22%20viewBox%3D%220%200%20255%20200%22%3E%3C%2Fsvg%3E\" loading=\"eager\"><\/span><span class=\"fg-image-overlay\"><\/span><\/a><figcaption class=\"fg-caption\"><div class=\"fg-caption-inner\"><div class=\"fg-caption-title\">part116<\/div><\/div><\/figcaption><\/figure><div class=\"fg-loader\"><\/div><\/div><div class=\"fg-item fg-type-image fg-idle\"><figure class=\"fg-item-inner\"><a href=\"https:\/\/www.mouldprecision.com\/wp-content\/uploads\/2018\/09\/mold-design116.jpg\" data-caption-title=\"mold-design116\" data-attachment-id=\"5058\" data-type=\"image\" class=\"fg-thumb\"><span class=\"fg-image-wrap\"><img decoding=\"async\" width=\"255\" height=\"200\" class=\"skip-lazy fg-image\" data-src-fg=\"https:\/\/www.mouldprecision.com\/wp-content\/uploads\/cache\/2018\/09\/mold-design116\/508853380.jpg\" src=\"data:image\/svg+xml,%3Csvg%20xmlns%3D%22http%3A%2F%2Fwww.w3.org%2F2000%2Fsvg%22%20width%3D%22255%22%20height%3D%22200%22%20viewBox%3D%220%200%20255%20200%22%3E%3C%2Fsvg%3E\" loading=\"eager\"><\/span><span class=\"fg-image-overlay\"><\/span><\/a><figcaption class=\"fg-caption\"><div class=\"fg-caption-inner\"><div class=\"fg-caption-title\">mold-design116<\/div><\/div><\/figcaption><\/figure><div class=\"fg-loader\"><\/div><\/div><div class=\"fg-item fg-type-image fg-idle\"><figure class=\"fg-item-inner\"><a href=\"https:\/\/www.mouldprecision.com\/wp-content\/uploads\/2018\/09\/3D-mold116.jpg\" data-caption-title=\"3D-mold116\" data-attachment-id=\"5056\" data-type=\"image\" class=\"fg-thumb\"><span class=\"fg-image-wrap\"><img decoding=\"async\" width=\"255\" height=\"200\" class=\"skip-lazy fg-image\" data-src-fg=\"https:\/\/www.mouldprecision.com\/wp-content\/uploads\/cache\/2018\/09\/3D-mold116\/813648272.jpg\" src=\"data:image\/svg+xml,%3Csvg%20xmlns%3D%22http%3A%2F%2Fwww.w3.org%2F2000%2Fsvg%22%20width%3D%22255%22%20height%3D%22200%22%20viewBox%3D%220%200%20255%20200%22%3E%3C%2Fsvg%3E\" loading=\"eager\"><\/span><span class=\"fg-image-overlay\"><\/span><\/a><figcaption class=\"fg-caption\"><div class=\"fg-caption-inner\"><div class=\"fg-caption-title\">3D-mold116<\/div><\/div><\/figcaption><\/figure><div class=\"fg-loader\"><\/div><\/div><div class=\"fg-item fg-type-image fg-idle\"><figure class=\"fg-item-inner\"><a href=\"https:\/\/www.mouldprecision.com\/wp-content\/uploads\/2018\/09\/part-sample116.jpg\" data-caption-title=\"part-sample116\" data-attachment-id=\"5061\" data-type=\"image\" class=\"fg-thumb\"><span class=\"fg-image-wrap\"><img decoding=\"async\" width=\"255\" height=\"200\" class=\"skip-lazy fg-image\" data-src-fg=\"https:\/\/www.mouldprecision.com\/wp-content\/uploads\/cache\/2018\/09\/part-sample116\/1585803592.jpg\" src=\"data:image\/svg+xml,%3Csvg%20xmlns%3D%22http%3A%2F%2Fwww.w3.org%2F2000%2Fsvg%22%20width%3D%22255%22%20height%3D%22200%22%20viewBox%3D%220%200%20255%20200%22%3E%3C%2Fsvg%3E\" loading=\"eager\"><\/span><span class=\"fg-image-overlay\"><\/span><\/a><figcaption class=\"fg-caption\"><div class=\"fg-caption-inner\"><div class=\"fg-caption-title\">part-sample116<\/div><\/div><\/figcaption><\/figure><div class=\"fg-loader\"><\/div><\/div><div class=\"fg-item fg-type-image fg-idle\"><figure class=\"fg-item-inner\"><a href=\"https:\/\/www.mouldprecision.com\/wp-content\/uploads\/2018\/09\/mold116.jpg\" data-caption-title=\"mold116\" data-attachment-id=\"5057\" data-type=\"image\" class=\"fg-thumb\"><span class=\"fg-image-wrap\"><img decoding=\"async\" width=\"255\" height=\"200\" class=\"skip-lazy fg-image\" data-src-fg=\"https:\/\/www.mouldprecision.com\/wp-content\/uploads\/cache\/2018\/09\/mold116\/395202434.jpg\" src=\"data:image\/svg+xml,%3Csvg%20xmlns%3D%22http%3A%2F%2Fwww.w3.org%2F2000%2Fsvg%22%20width%3D%22255%22%20height%3D%22200%22%20viewBox%3D%220%200%20255%20200%22%3E%3C%2Fsvg%3E\" loading=\"eager\"><\/span><span class=\"fg-image-overlay\"><\/span><\/a><figcaption class=\"fg-caption\"><div class=\"fg-caption-inner\"><div class=\"fg-caption-title\">mold116<\/div><\/div><\/figcaption><\/figure><div class=\"fg-loader\"><\/div><\/div><div class=\"fg-item fg-type-image fg-idle\"><figure class=\"fg-item-inner\"><a href=\"https:\/\/www.mouldprecision.com\/wp-content\/uploads\/2018\/09\/mold-pack116.jpg\" data-caption-title=\"mold-pack116\" data-attachment-id=\"5059\" data-type=\"image\" class=\"fg-thumb\"><span class=\"fg-image-wrap\"><img decoding=\"async\" width=\"255\" height=\"200\" class=\"skip-lazy fg-image\" data-src-fg=\"https:\/\/www.mouldprecision.com\/wp-content\/uploads\/cache\/2018\/09\/mold-pack116\/1778120646.jpg\" src=\"data:image\/svg+xml,%3Csvg%20xmlns%3D%22http%3A%2F%2Fwww.w3.org%2F2000%2Fsvg%22%20width%3D%22255%22%20height%3D%22200%22%20viewBox%3D%220%200%20255%20200%22%3E%3C%2Fsvg%3E\" loading=\"eager\"><\/span><span class=\"fg-image-overlay\"><\/span><\/a><figcaption class=\"fg-caption\"><div class=\"fg-caption-inner\"><div class=\"fg-caption-title\">mold-pack116<\/div><\/div><\/figcaption><\/figure><div class=\"fg-loader\"><\/div><\/div><\/div>\n\n<!-- Begin Yuzo --><div class='yuzo_related_post style-1'  data-version='5.12.89'><!-- without result --><div class='yuzo_clearfixed yuzo__title yuzo__title'><h5>Related Post<\/h5><\/div>\n<\/div>  <!-- End Yuzo :) -->","protected":false},"excerpt":{"rendered":"<p>Sparen Sie 30% der Kosten f\u00fcr den Formenbau? Machst du Witze? Die meisten Kunden outsource Schimmel nach China ist als niedrige Kosten. Die Zeit der Windfall-Profit der Formenbau ist vorbei, die Kosten sind sehr klar. Zudem steigen die Kosten f\u00fcr China von Jahr zu Jahr. Die Kosten f\u00fcr den Formenbau k\u00f6nnten zwei Teile in Betracht [&hellip;]<\/p>\n","protected":false},"author":2,"featured_media":0,"parent":3828,"menu_order":0,"comment_status":"closed","ping_status":"closed","template":"","meta":{"footnotes":""},"class_list":["post-3835","page","type-page","status-publish","hentry"],"yoast_head":"<!-- This site is optimized with the Yoast SEO plugin v27.2 - https:\/\/yoast.com\/product\/yoast-seo-wordpress\/ -->\n<title>Sparen Sie 30% Formenbau | China mould maker,mould making company &amp; manufacturer<\/title>\n<meta name=\"robots\" content=\"index, follow, max-snippet:-1, max-image-preview:large, max-video-preview:-1\" \/>\n<link rel=\"canonical\" href=\"https:\/\/www.mouldprecision.com\/de\/slider\/sparen-sie-30-formenbau.html\" \/>\n<meta property=\"og:locale\" content=\"de_DE\" \/>\n<meta property=\"og:type\" content=\"article\" \/>\n<meta property=\"og:title\" content=\"Sparen Sie 30% Formenbau | China mould maker,mould making company &amp; manufacturer\" \/>\n<meta property=\"og:description\" content=\"Sparen Sie 30% der Kosten f\u00fcr den Formenbau? Machst du Witze? Die meisten Kunden outsource Schimmel nach China ist als niedrige Kosten. Die Zeit der Windfall-Profit der Formenbau ist vorbei, die Kosten sind sehr klar. Zudem steigen die Kosten f\u00fcr China von Jahr zu Jahr. Die Kosten f\u00fcr den Formenbau k\u00f6nnten zwei Teile in Betracht [&hellip;]\" \/>\n<meta property=\"og:url\" content=\"https:\/\/www.mouldprecision.com\/de\/slider\/sparen-sie-30-formenbau.html\" \/>\n<meta property=\"og:site_name\" content=\"China mould maker,mould making company &amp; manufacturer\" \/>\n<meta property=\"article:modified_time\" content=\"2018-09-09T14:25:37+00:00\" \/>\n<meta name=\"twitter:card\" content=\"summary_large_image\" \/>\n<meta name=\"twitter:label1\" content=\"Gesch\u00e4tzte Lesezeit\" \/>\n\t<meta name=\"twitter:data1\" content=\"1 minute\" \/>\n<script type=\"application\/ld+json\" class=\"yoast-schema-graph\">{\"@context\":\"https:\/\/schema.org\",\"@graph\":[{\"@type\":\"WebPage\",\"@id\":\"https:\/\/www.mouldprecision.com\/de\/slider\/sparen-sie-30-formenbau.html\",\"url\":\"https:\/\/www.mouldprecision.com\/de\/slider\/sparen-sie-30-formenbau.html\",\"name\":\"Sparen Sie 30% Formenbau | China mould maker,mould making company &amp; manufacturer\",\"isPartOf\":{\"@id\":\"https:\/\/www.mouldprecision.com\/#website\"},\"datePublished\":\"2018-09-04T13:38:59+00:00\",\"dateModified\":\"2018-09-09T14:25:37+00:00\",\"breadcrumb\":{\"@id\":\"https:\/\/www.mouldprecision.com\/de\/slider\/sparen-sie-30-formenbau.html#breadcrumb\"},\"inLanguage\":\"de-DE\",\"potentialAction\":[{\"@type\":\"ReadAction\",\"target\":[\"https:\/\/www.mouldprecision.com\/de\/slider\/sparen-sie-30-formenbau.html\"]}]},{\"@type\":\"BreadcrumbList\",\"@id\":\"https:\/\/www.mouldprecision.com\/de\/slider\/sparen-sie-30-formenbau.html#breadcrumb\",\"itemListElement\":[{\"@type\":\"ListItem\",\"position\":1,\"name\":\"Home\",\"item\":\"https:\/\/www.mouldprecision.com\/de\"},{\"@type\":\"ListItem\",\"position\":2,\"name\":\"Slider\",\"item\":\"https:\/\/www.mouldprecision.com\/de\/slider.html\"},{\"@type\":\"ListItem\",\"position\":3,\"name\":\"Sparen Sie 30% Formenbau\"}]},{\"@type\":\"WebSite\",\"@id\":\"https:\/\/www.mouldprecision.com\/#website\",\"url\":\"https:\/\/www.mouldprecision.com\/\",\"name\":\"China mould maker,mould making company &amp; manufacturer\",\"description\":\"\",\"publisher\":{\"@id\":\"https:\/\/www.mouldprecision.com\/#organization\"},\"potentialAction\":[{\"@type\":\"SearchAction\",\"target\":{\"@type\":\"EntryPoint\",\"urlTemplate\":\"https:\/\/www.mouldprecision.com\/?s={search_term_string}\"},\"query-input\":{\"@type\":\"PropertyValueSpecification\",\"valueRequired\":true,\"valueName\":\"search_term_string\"}}],\"inLanguage\":\"de-DE\"},{\"@type\":\"Organization\",\"@id\":\"https:\/\/www.mouldprecision.com\/#organization\",\"name\":\"China mould maker,mould making company &amp; manufacturer\",\"url\":\"https:\/\/www.mouldprecision.com\/\",\"logo\":{\"@type\":\"ImageObject\",\"inLanguage\":\"de-DE\",\"@id\":\"https:\/\/www.mouldprecision.com\/#\/schema\/logo\/image\/\",\"url\":\"https:\/\/www.mouldprecision.com\/wp-content\/uploads\/2018\/08\/MP-logo.png\",\"contentUrl\":\"https:\/\/www.mouldprecision.com\/wp-content\/uploads\/2018\/08\/MP-logo.png\",\"width\":156,\"height\":59,\"caption\":\"China mould maker,mould making company &amp; manufacturer\"},\"image\":{\"@id\":\"https:\/\/www.mouldprecision.com\/#\/schema\/logo\/image\/\"}}]}<\/script>\n<!-- \/ Yoast SEO plugin. -->","yoast_head_json":{"title":"Sparen Sie 30% Formenbau | China mould maker,mould making company &amp; manufacturer","robots":{"index":"index","follow":"follow","max-snippet":"max-snippet:-1","max-image-preview":"max-image-preview:large","max-video-preview":"max-video-preview:-1"},"canonical":"https:\/\/www.mouldprecision.com\/de\/slider\/sparen-sie-30-formenbau.html","og_locale":"de_DE","og_type":"article","og_title":"Sparen Sie 30% Formenbau | China mould maker,mould making company &amp; manufacturer","og_description":"Sparen Sie 30% der Kosten f\u00fcr den Formenbau? Machst du Witze? Die meisten Kunden outsource Schimmel nach China ist als niedrige Kosten. Die Zeit der Windfall-Profit der Formenbau ist vorbei, die Kosten sind sehr klar. Zudem steigen die Kosten f\u00fcr China von Jahr zu Jahr. Die Kosten f\u00fcr den Formenbau k\u00f6nnten zwei Teile in Betracht [&hellip;]","og_url":"https:\/\/www.mouldprecision.com\/de\/slider\/sparen-sie-30-formenbau.html","og_site_name":"China mould maker,mould making company &amp; manufacturer","article_modified_time":"2018-09-09T14:25:37+00:00","twitter_card":"summary_large_image","twitter_misc":{"Gesch\u00e4tzte Lesezeit":"1 minute"},"schema":{"@context":"https:\/\/schema.org","@graph":[{"@type":"WebPage","@id":"https:\/\/www.mouldprecision.com\/de\/slider\/sparen-sie-30-formenbau.html","url":"https:\/\/www.mouldprecision.com\/de\/slider\/sparen-sie-30-formenbau.html","name":"Sparen Sie 30% Formenbau | China mould maker,mould making company &amp; manufacturer","isPartOf":{"@id":"https:\/\/www.mouldprecision.com\/#website"},"datePublished":"2018-09-04T13:38:59+00:00","dateModified":"2018-09-09T14:25:37+00:00","breadcrumb":{"@id":"https:\/\/www.mouldprecision.com\/de\/slider\/sparen-sie-30-formenbau.html#breadcrumb"},"inLanguage":"de-DE","potentialAction":[{"@type":"ReadAction","target":["https:\/\/www.mouldprecision.com\/de\/slider\/sparen-sie-30-formenbau.html"]}]},{"@type":"BreadcrumbList","@id":"https:\/\/www.mouldprecision.com\/de\/slider\/sparen-sie-30-formenbau.html#breadcrumb","itemListElement":[{"@type":"ListItem","position":1,"name":"Home","item":"https:\/\/www.mouldprecision.com\/de"},{"@type":"ListItem","position":2,"name":"Slider","item":"https:\/\/www.mouldprecision.com\/de\/slider.html"},{"@type":"ListItem","position":3,"name":"Sparen Sie 30% Formenbau"}]},{"@type":"WebSite","@id":"https:\/\/www.mouldprecision.com\/#website","url":"https:\/\/www.mouldprecision.com\/","name":"China mould maker,mould making company &amp; manufacturer","description":"","publisher":{"@id":"https:\/\/www.mouldprecision.com\/#organization"},"potentialAction":[{"@type":"SearchAction","target":{"@type":"EntryPoint","urlTemplate":"https:\/\/www.mouldprecision.com\/?s={search_term_string}"},"query-input":{"@type":"PropertyValueSpecification","valueRequired":true,"valueName":"search_term_string"}}],"inLanguage":"de-DE"},{"@type":"Organization","@id":"https:\/\/www.mouldprecision.com\/#organization","name":"China mould maker,mould making company &amp; manufacturer","url":"https:\/\/www.mouldprecision.com\/","logo":{"@type":"ImageObject","inLanguage":"de-DE","@id":"https:\/\/www.mouldprecision.com\/#\/schema\/logo\/image\/","url":"https:\/\/www.mouldprecision.com\/wp-content\/uploads\/2018\/08\/MP-logo.png","contentUrl":"https:\/\/www.mouldprecision.com\/wp-content\/uploads\/2018\/08\/MP-logo.png","width":156,"height":59,"caption":"China mould maker,mould making company &amp; manufacturer"},"image":{"@id":"https:\/\/www.mouldprecision.com\/#\/schema\/logo\/image\/"}}]}},"_links":{"self":[{"href":"https:\/\/www.mouldprecision.com\/de\/wp-json\/wp\/v2\/pages\/3835","targetHints":{"allow":["GET"]}}],"collection":[{"href":"https:\/\/www.mouldprecision.com\/de\/wp-json\/wp\/v2\/pages"}],"about":[{"href":"https:\/\/www.mouldprecision.com\/de\/wp-json\/wp\/v2\/types\/page"}],"author":[{"embeddable":true,"href":"https:\/\/www.mouldprecision.com\/de\/wp-json\/wp\/v2\/users\/2"}],"replies":[{"embeddable":true,"href":"https:\/\/www.mouldprecision.com\/de\/wp-json\/wp\/v2\/comments?post=3835"}],"version-history":[{"count":0,"href":"https:\/\/www.mouldprecision.com\/de\/wp-json\/wp\/v2\/pages\/3835\/revisions"}],"up":[{"embeddable":true,"href":"https:\/\/www.mouldprecision.com\/de\/wp-json\/wp\/v2\/pages\/3828"}],"wp:attachment":[{"href":"https:\/\/www.mouldprecision.com\/de\/wp-json\/wp\/v2\/media?parent=3835"}],"curies":[{"name":"wp","href":"https:\/\/api.w.org\/{rel}","templated":true}]}}