{"id":3834,"date":"2018-09-04T13:36:03","date_gmt":"2018-09-04T13:36:03","guid":{"rendered":"https:\/\/www.mouldprecision.com\/?page_id=3834"},"modified":"2018-09-09T07:10:02","modified_gmt":"2018-09-09T07:10:02","slug":"schneller-formenbauer-in-china","status":"publish","type":"page","link":"https:\/\/www.mouldprecision.com\/de\/slider\/schneller-formenbauer-in-china.html","title":{"rendered":"Schneller formenbauer in China"},"content":{"rendered":"<h2>Zeit ist Geld. Je weniger Vorlaufzeit, desto wettbewerbsf\u00e4higer.<\/h2>\n<p>Wir sind ein sehr schneller <a href=\"https:\/\/www.mouldprecision.com\/de\/unternehmen.html\"><strong>Formenbauer in China<\/strong><\/a>, da wir eine L\u00d6SUNG f\u00fcr den normalen Formenbau haben.<\/p>\n<h3>Wie kann man als schneller Formenbauer Zeit sparen?<\/h3>\n<ul>\n<li>1. Wir kaufen das Material zuerst w\u00e4hrend der 3D-Formenkonstruktion, sobald Sie eine Bestellung aufgeben und sagen, dass es dringend ist. Wenn das Geld in unsere Bank kommt, wird der Stahl aus Kern und Kavit\u00e4t in unserer Fabrik bearbeitet.<\/li>\n<li>2. Stellen Sie sicher, dass es keine Zeitverschwendung gibt, auf die Maschine zu warten, es bedeutet, dass der Stahl bearbeitet wird, ohne zu warten.<\/li>\n<li>3. K\u00fcmmert sich um das Risiko des Projekts. Vielleicht m\u00fcssen Sie extra Stahl f\u00fcr einen Unfall kaufen.<\/li>\n<\/ul>\n<h2>Lassen Sie die Projekte sagen:<\/h2>\n<h3>26 Arbeitstage T0 f\u00fcr 550 x 600 mm Werkzeug mit 16 Schiebern<\/h3>\n<p>Das Teil ist einfach, aber es ist keine kleine Form. Au\u00dferdem gibt es 16 St\u00fcck Schieberegler. Wir m\u00fcssen die Form in sehr kurzer Zeit testen, da es sehr dringend und wichtig f\u00fcr den Kunden ist. Der Schl\u00fcssel ist, dass sich die Slider gut bewegen und das tut es auch wirklich.<\/p>\n<p><em>\u201cDu bist der sehr schnelle Formenbauer in China, das gef\u00e4llt mir&#8221;, sagte Jerry, als er den Schimmelversuch hier drin sieht.&#8221;<\/em><\/p>\n<style type=\"text\/css\">\n#foogallery-gallery-879 .fg-image { width: 251px; }\n#foogallery-gallery-879 { --fg-gutter: 10px; }<\/style>\n\t\t\t<style type=\"text\/css\">\n#foogallery-gallery-879_1 .fg-image { width: 251px; }\n#foogallery-gallery-879_1 { --fg-gutter: 10px; }<\/style>\n\t\t\t<div class=\"foogallery foogallery-container foogallery-default foogallery-lightbox-foobox fg-left fg-default fg-ready fg-light fg-loading-default fg-loaded-fade-in fg-hover-fade fg-hover-zoom2\" id=\"foogallery-gallery-879_1\" data-foogallery=\"{&quot;item&quot;:{&quot;showCaptionTitle&quot;:false,&quot;showCaptionDescription&quot;:false},&quot;lazy&quot;:true}\" style=\"--fg-title-line-clamp: 0; --fg-description-line-clamp: 0;\" >\n\t<div class=\"fg-item fg-type-image fg-idle\"><figure class=\"fg-item-inner\"><a href=\"https:\/\/www.mouldprecision.com\/wp-content\/uploads\/2018\/08\/fast-1.jpg\" data-attachment-id=\"2304\" data-type=\"image\" class=\"fg-thumb\"><span class=\"fg-image-wrap\"><img decoding=\"async\" width=\"251\" height=\"190\" class=\"skip-lazy fg-image\" data-src-fg=\"https:\/\/www.mouldprecision.com\/wp-content\/uploads\/cache\/2018\/08\/fast-1\/896930243.jpg\" src=\"data:image\/svg+xml,%3Csvg%20xmlns%3D%22http%3A%2F%2Fwww.w3.org%2F2000%2Fsvg%22%20width%3D%22251%22%20height%3D%22190%22%20viewBox%3D%220%200%20251%20190%22%3E%3C%2Fsvg%3E\" loading=\"eager\"><\/span><span class=\"fg-image-overlay\"><\/span><\/a><\/figure><div class=\"fg-loader\"><\/div><\/div><div class=\"fg-item fg-type-image fg-idle\"><figure class=\"fg-item-inner\"><a href=\"https:\/\/www.mouldprecision.com\/wp-content\/uploads\/2018\/08\/fast-2.jpg\" data-attachment-id=\"2305\" data-type=\"image\" class=\"fg-thumb\"><span class=\"fg-image-wrap\"><img decoding=\"async\" width=\"251\" height=\"190\" class=\"skip-lazy fg-image\" data-src-fg=\"https:\/\/www.mouldprecision.com\/wp-content\/uploads\/cache\/2018\/08\/fast-2\/505576552.jpg\" src=\"data:image\/svg+xml,%3Csvg%20xmlns%3D%22http%3A%2F%2Fwww.w3.org%2F2000%2Fsvg%22%20width%3D%22251%22%20height%3D%22190%22%20viewBox%3D%220%200%20251%20190%22%3E%3C%2Fsvg%3E\" loading=\"eager\"><\/span><span class=\"fg-image-overlay\"><\/span><\/a><\/figure><div class=\"fg-loader\"><\/div><\/div><div class=\"fg-item fg-type-image fg-idle\"><figure class=\"fg-item-inner\"><a href=\"https:\/\/www.mouldprecision.com\/wp-content\/uploads\/2018\/08\/fast-3.jpg\" data-attachment-id=\"2306\" data-type=\"image\" class=\"fg-thumb\"><span class=\"fg-image-wrap\"><img decoding=\"async\" width=\"251\" height=\"190\" class=\"skip-lazy fg-image\" data-src-fg=\"https:\/\/www.mouldprecision.com\/wp-content\/uploads\/cache\/2018\/08\/fast-3\/3885286511.jpg\" src=\"data:image\/svg+xml,%3Csvg%20xmlns%3D%22http%3A%2F%2Fwww.w3.org%2F2000%2Fsvg%22%20width%3D%22251%22%20height%3D%22190%22%20viewBox%3D%220%200%20251%20190%22%3E%3C%2Fsvg%3E\" loading=\"eager\"><\/span><span class=\"fg-image-overlay\"><\/span><\/a><\/figure><div class=\"fg-loader\"><\/div><\/div><div class=\"fg-item fg-type-image fg-idle\"><figure class=\"fg-item-inner\"><a href=\"https:\/\/www.mouldprecision.com\/wp-content\/uploads\/2018\/08\/fast-4.jpg\" data-attachment-id=\"2307\" data-type=\"image\" class=\"fg-thumb\"><span class=\"fg-image-wrap\"><img decoding=\"async\" width=\"251\" height=\"190\" class=\"skip-lazy fg-image\" data-src-fg=\"https:\/\/www.mouldprecision.com\/wp-content\/uploads\/cache\/2018\/08\/fast-4\/1217046334.jpg\" src=\"data:image\/svg+xml,%3Csvg%20xmlns%3D%22http%3A%2F%2Fwww.w3.org%2F2000%2Fsvg%22%20width%3D%22251%22%20height%3D%22190%22%20viewBox%3D%220%200%20251%20190%22%3E%3C%2Fsvg%3E\" loading=\"eager\"><\/span><span class=\"fg-image-overlay\"><\/span><\/a><\/figure><div class=\"fg-loader\"><\/div><\/div><div class=\"fg-item fg-type-image fg-idle\"><figure class=\"fg-item-inner\"><a href=\"https:\/\/www.mouldprecision.com\/wp-content\/uploads\/2018\/08\/fast-5.jpg\" data-attachment-id=\"2308\" data-type=\"image\" class=\"fg-thumb\"><span class=\"fg-image-wrap\"><img decoding=\"async\" width=\"251\" height=\"190\" class=\"skip-lazy fg-image\" data-src-fg=\"https:\/\/www.mouldprecision.com\/wp-content\/uploads\/cache\/2018\/08\/fast-5\/1699675485.jpg\" src=\"data:image\/svg+xml,%3Csvg%20xmlns%3D%22http%3A%2F%2Fwww.w3.org%2F2000%2Fsvg%22%20width%3D%22251%22%20height%3D%22190%22%20viewBox%3D%220%200%20251%20190%22%3E%3C%2Fsvg%3E\" loading=\"eager\"><\/span><span class=\"fg-image-overlay\"><\/span><\/a><\/figure><div class=\"fg-loader\"><\/div><\/div><div class=\"fg-item fg-type-image fg-idle\"><figure class=\"fg-item-inner\"><a href=\"https:\/\/www.mouldprecision.com\/wp-content\/uploads\/2018\/08\/fast-6.jpg\" data-attachment-id=\"2309\" data-type=\"image\" class=\"fg-thumb\"><span class=\"fg-image-wrap\"><img decoding=\"async\" width=\"251\" height=\"190\" class=\"skip-lazy fg-image\" data-src-fg=\"https:\/\/www.mouldprecision.com\/wp-content\/uploads\/cache\/2018\/08\/fast-6\/1310363894.jpg\" src=\"data:image\/svg+xml,%3Csvg%20xmlns%3D%22http%3A%2F%2Fwww.w3.org%2F2000%2Fsvg%22%20width%3D%22251%22%20height%3D%22190%22%20viewBox%3D%220%200%20251%20190%22%3E%3C%2Fsvg%3E\" loading=\"eager\"><\/span><span class=\"fg-image-overlay\"><\/span><\/a><\/figure><div class=\"fg-loader\"><\/div><\/div><div class=\"fg-item fg-type-image fg-idle\"><figure class=\"fg-item-inner\"><a href=\"https:\/\/www.mouldprecision.com\/wp-content\/uploads\/2018\/08\/fast-7.jpg\" data-attachment-id=\"2310\" data-type=\"image\" class=\"fg-thumb\"><span class=\"fg-image-wrap\"><img decoding=\"async\" width=\"251\" height=\"190\" class=\"skip-lazy fg-image\" data-src-fg=\"https:\/\/www.mouldprecision.com\/wp-content\/uploads\/cache\/2018\/08\/fast-7\/1900390767.jpg\" src=\"data:image\/svg+xml,%3Csvg%20xmlns%3D%22http%3A%2F%2Fwww.w3.org%2F2000%2Fsvg%22%20width%3D%22251%22%20height%3D%22190%22%20viewBox%3D%220%200%20251%20190%22%3E%3C%2Fsvg%3E\" loading=\"eager\"><\/span><span class=\"fg-image-overlay\"><\/span><\/a><\/figure><div class=\"fg-loader\"><\/div><\/div><div class=\"fg-item fg-type-image fg-idle\"><figure class=\"fg-item-inner\"><a href=\"https:\/\/www.mouldprecision.com\/wp-content\/uploads\/2018\/08\/fast-8.jpg\" data-attachment-id=\"2311\" data-type=\"image\" class=\"fg-thumb\"><span class=\"fg-image-wrap\"><img decoding=\"async\" width=\"251\" height=\"190\" class=\"skip-lazy fg-image\" data-src-fg=\"https:\/\/www.mouldprecision.com\/wp-content\/uploads\/cache\/2018\/08\/fast-8\/230609291.jpg\" src=\"data:image\/svg+xml,%3Csvg%20xmlns%3D%22http%3A%2F%2Fwww.w3.org%2F2000%2Fsvg%22%20width%3D%22251%22%20height%3D%22190%22%20viewBox%3D%220%200%20251%20190%22%3E%3C%2Fsvg%3E\" loading=\"eager\"><\/span><span class=\"fg-image-overlay\"><\/span><\/a><\/figure><div class=\"fg-loader\"><\/div><\/div><div class=\"fg-item fg-type-image fg-idle\"><figure class=\"fg-item-inner\"><a href=\"https:\/\/www.mouldprecision.com\/wp-content\/uploads\/2018\/08\/fast-9.jpg\" data-attachment-id=\"2312\" data-type=\"image\" class=\"fg-thumb\"><span class=\"fg-image-wrap\"><img decoding=\"async\" width=\"251\" height=\"190\" class=\"skip-lazy fg-image\" data-src-fg=\"https:\/\/www.mouldprecision.com\/wp-content\/uploads\/cache\/2018\/08\/fast-9\/4094192012.jpg\" src=\"data:image\/svg+xml,%3Csvg%20xmlns%3D%22http%3A%2F%2Fwww.w3.org%2F2000%2Fsvg%22%20width%3D%22251%22%20height%3D%22190%22%20viewBox%3D%220%200%20251%20190%22%3E%3C%2Fsvg%3E\" loading=\"eager\"><\/span><span class=\"fg-image-overlay\"><\/span><\/a><\/figure><div class=\"fg-loader\"><\/div><\/div><\/div>\n\n<p>&nbsp;<\/p>\n<p>&nbsp;<\/p>\n<!-- Begin Yuzo --><div class='yuzo_related_post style-1'  data-version='5.12.89'><!-- without result --><div class='yuzo_clearfixed yuzo__title yuzo__title'><h5>Related Post<\/h5><\/div>\n<\/div>  <!-- End Yuzo :) -->","protected":false},"excerpt":{"rendered":"<p>Zeit ist Geld. Je weniger Vorlaufzeit, desto wettbewerbsf\u00e4higer. Wir sind ein sehr schneller Formenbauer in China, da wir eine L\u00d6SUNG f\u00fcr den normalen Formenbau haben. Wie kann man als schneller Formenbauer Zeit sparen? 1. Wir kaufen das Material zuerst w\u00e4hrend der 3D-Formenkonstruktion, sobald Sie eine Bestellung aufgeben und sagen, dass es dringend ist. Wenn das [&hellip;]<\/p>\n","protected":false},"author":2,"featured_media":2301,"parent":3828,"menu_order":0,"comment_status":"closed","ping_status":"closed","template":"","meta":{"footnotes":""},"class_list":["post-3834","page","type-page","status-publish","has-post-thumbnail","hentry"],"yoast_head":"<!-- This site is optimized with the Yoast SEO plugin v27.2 - https:\/\/yoast.com\/product\/yoast-seo-wordpress\/ -->\n<title>Schneller formenbauer in China | China mould maker,mould making company &amp; manufacturer<\/title>\n<meta name=\"description\" content=\"Wir sind ein sehr schneller Formenbauer in China, da wir eine L\u00d6SUNG f\u00fcr den normalen Formenbau haben.\" \/>\n<meta name=\"robots\" content=\"index, follow, max-snippet:-1, max-image-preview:large, max-video-preview:-1\" \/>\n<link rel=\"canonical\" href=\"https:\/\/www.mouldprecision.com\/de\/slider\/schneller-formenbauer-in-china.html\" \/>\n<meta property=\"og:locale\" content=\"de_DE\" \/>\n<meta property=\"og:type\" content=\"article\" \/>\n<meta property=\"og:title\" content=\"Schneller formenbauer in China | China mould maker,mould making company &amp; manufacturer\" \/>\n<meta property=\"og:description\" content=\"Wir sind ein sehr schneller Formenbauer in China, da wir eine L\u00d6SUNG f\u00fcr den normalen Formenbau haben.\" \/>\n<meta property=\"og:url\" content=\"https:\/\/www.mouldprecision.com\/de\/slider\/schneller-formenbauer-in-china.html\" \/>\n<meta property=\"og:site_name\" content=\"China mould maker,mould making company &amp; manufacturer\" \/>\n<meta property=\"article:modified_time\" content=\"2018-09-09T07:10:02+00:00\" \/>\n<meta property=\"og:image\" content=\"https:\/\/www.mouldprecision.com\/wp-content\/uploads\/2018\/08\/plastic-mould-china.jpg\" \/>\n\t<meta property=\"og:image:width\" content=\"1366\" \/>\n\t<meta property=\"og:image:height\" content=\"426\" \/>\n\t<meta property=\"og:image:type\" content=\"image\/jpeg\" \/>\n<meta name=\"twitter:card\" content=\"summary_large_image\" \/>\n<meta name=\"twitter:label1\" content=\"Gesch\u00e4tzte Lesezeit\" \/>\n\t<meta name=\"twitter:data1\" content=\"1 minute\" \/>\n<script type=\"application\/ld+json\" class=\"yoast-schema-graph\">{\"@context\":\"https:\/\/schema.org\",\"@graph\":[{\"@type\":\"WebPage\",\"@id\":\"https:\/\/www.mouldprecision.com\/de\/slider\/schneller-formenbauer-in-china.html\",\"url\":\"https:\/\/www.mouldprecision.com\/de\/slider\/schneller-formenbauer-in-china.html\",\"name\":\"Schneller formenbauer in China | China mould maker,mould making company &amp; manufacturer\",\"isPartOf\":{\"@id\":\"https:\/\/www.mouldprecision.com\/#website\"},\"primaryImageOfPage\":{\"@id\":\"https:\/\/www.mouldprecision.com\/de\/slider\/schneller-formenbauer-in-china.html#primaryimage\"},\"image\":{\"@id\":\"https:\/\/www.mouldprecision.com\/de\/slider\/schneller-formenbauer-in-china.html#primaryimage\"},\"thumbnailUrl\":\"https:\/\/www.mouldprecision.com\/wp-content\/uploads\/2018\/08\/plastic-mould-china.jpg\",\"datePublished\":\"2018-09-04T13:36:03+00:00\",\"dateModified\":\"2018-09-09T07:10:02+00:00\",\"description\":\"Wir sind ein sehr schneller Formenbauer in China, da wir eine L\u00d6SUNG f\u00fcr den normalen Formenbau haben.\",\"breadcrumb\":{\"@id\":\"https:\/\/www.mouldprecision.com\/de\/slider\/schneller-formenbauer-in-china.html#breadcrumb\"},\"inLanguage\":\"de-DE\",\"potentialAction\":[{\"@type\":\"ReadAction\",\"target\":[\"https:\/\/www.mouldprecision.com\/de\/slider\/schneller-formenbauer-in-china.html\"]}]},{\"@type\":\"ImageObject\",\"inLanguage\":\"de-DE\",\"@id\":\"https:\/\/www.mouldprecision.com\/de\/slider\/schneller-formenbauer-in-china.html#primaryimage\",\"url\":\"https:\/\/www.mouldprecision.com\/wp-content\/uploads\/2018\/08\/plastic-mould-china.jpg\",\"contentUrl\":\"https:\/\/www.mouldprecision.com\/wp-content\/uploads\/2018\/08\/plastic-mould-china.jpg\",\"width\":1366,\"height\":426,\"caption\":\"plastic mould china\"},{\"@type\":\"BreadcrumbList\",\"@id\":\"https:\/\/www.mouldprecision.com\/de\/slider\/schneller-formenbauer-in-china.html#breadcrumb\",\"itemListElement\":[{\"@type\":\"ListItem\",\"position\":1,\"name\":\"Home\",\"item\":\"https:\/\/www.mouldprecision.com\/de\"},{\"@type\":\"ListItem\",\"position\":2,\"name\":\"Slider\",\"item\":\"https:\/\/www.mouldprecision.com\/de\/slider.html\"},{\"@type\":\"ListItem\",\"position\":3,\"name\":\"Schneller formenbauer in China\"}]},{\"@type\":\"WebSite\",\"@id\":\"https:\/\/www.mouldprecision.com\/#website\",\"url\":\"https:\/\/www.mouldprecision.com\/\",\"name\":\"China mould maker,mould making company &amp; manufacturer\",\"description\":\"\",\"publisher\":{\"@id\":\"https:\/\/www.mouldprecision.com\/#organization\"},\"potentialAction\":[{\"@type\":\"SearchAction\",\"target\":{\"@type\":\"EntryPoint\",\"urlTemplate\":\"https:\/\/www.mouldprecision.com\/?s={search_term_string}\"},\"query-input\":{\"@type\":\"PropertyValueSpecification\",\"valueRequired\":true,\"valueName\":\"search_term_string\"}}],\"inLanguage\":\"de-DE\"},{\"@type\":\"Organization\",\"@id\":\"https:\/\/www.mouldprecision.com\/#organization\",\"name\":\"China mould maker,mould making company &amp; manufacturer\",\"url\":\"https:\/\/www.mouldprecision.com\/\",\"logo\":{\"@type\":\"ImageObject\",\"inLanguage\":\"de-DE\",\"@id\":\"https:\/\/www.mouldprecision.com\/#\/schema\/logo\/image\/\",\"url\":\"https:\/\/www.mouldprecision.com\/wp-content\/uploads\/2018\/08\/MP-logo.png\",\"contentUrl\":\"https:\/\/www.mouldprecision.com\/wp-content\/uploads\/2018\/08\/MP-logo.png\",\"width\":156,\"height\":59,\"caption\":\"China mould maker,mould making company &amp; manufacturer\"},\"image\":{\"@id\":\"https:\/\/www.mouldprecision.com\/#\/schema\/logo\/image\/\"}}]}<\/script>\n<!-- \/ Yoast SEO plugin. -->","yoast_head_json":{"title":"Schneller formenbauer in China | China mould maker,mould making company &amp; manufacturer","description":"Wir sind ein sehr schneller Formenbauer in China, da wir eine L\u00d6SUNG f\u00fcr den normalen Formenbau haben.","robots":{"index":"index","follow":"follow","max-snippet":"max-snippet:-1","max-image-preview":"max-image-preview:large","max-video-preview":"max-video-preview:-1"},"canonical":"https:\/\/www.mouldprecision.com\/de\/slider\/schneller-formenbauer-in-china.html","og_locale":"de_DE","og_type":"article","og_title":"Schneller formenbauer in China | China mould maker,mould making company &amp; manufacturer","og_description":"Wir sind ein sehr schneller Formenbauer in China, da wir eine L\u00d6SUNG f\u00fcr den normalen Formenbau haben.","og_url":"https:\/\/www.mouldprecision.com\/de\/slider\/schneller-formenbauer-in-china.html","og_site_name":"China mould maker,mould making company &amp; manufacturer","article_modified_time":"2018-09-09T07:10:02+00:00","og_image":[{"width":1366,"height":426,"url":"https:\/\/www.mouldprecision.com\/wp-content\/uploads\/2018\/08\/plastic-mould-china.jpg","type":"image\/jpeg"}],"twitter_card":"summary_large_image","twitter_misc":{"Gesch\u00e4tzte Lesezeit":"1 minute"},"schema":{"@context":"https:\/\/schema.org","@graph":[{"@type":"WebPage","@id":"https:\/\/www.mouldprecision.com\/de\/slider\/schneller-formenbauer-in-china.html","url":"https:\/\/www.mouldprecision.com\/de\/slider\/schneller-formenbauer-in-china.html","name":"Schneller formenbauer in China | China mould maker,mould making company &amp; manufacturer","isPartOf":{"@id":"https:\/\/www.mouldprecision.com\/#website"},"primaryImageOfPage":{"@id":"https:\/\/www.mouldprecision.com\/de\/slider\/schneller-formenbauer-in-china.html#primaryimage"},"image":{"@id":"https:\/\/www.mouldprecision.com\/de\/slider\/schneller-formenbauer-in-china.html#primaryimage"},"thumbnailUrl":"https:\/\/www.mouldprecision.com\/wp-content\/uploads\/2018\/08\/plastic-mould-china.jpg","datePublished":"2018-09-04T13:36:03+00:00","dateModified":"2018-09-09T07:10:02+00:00","description":"Wir sind ein sehr schneller Formenbauer in China, da wir eine L\u00d6SUNG f\u00fcr den normalen Formenbau haben.","breadcrumb":{"@id":"https:\/\/www.mouldprecision.com\/de\/slider\/schneller-formenbauer-in-china.html#breadcrumb"},"inLanguage":"de-DE","potentialAction":[{"@type":"ReadAction","target":["https:\/\/www.mouldprecision.com\/de\/slider\/schneller-formenbauer-in-china.html"]}]},{"@type":"ImageObject","inLanguage":"de-DE","@id":"https:\/\/www.mouldprecision.com\/de\/slider\/schneller-formenbauer-in-china.html#primaryimage","url":"https:\/\/www.mouldprecision.com\/wp-content\/uploads\/2018\/08\/plastic-mould-china.jpg","contentUrl":"https:\/\/www.mouldprecision.com\/wp-content\/uploads\/2018\/08\/plastic-mould-china.jpg","width":1366,"height":426,"caption":"plastic mould china"},{"@type":"BreadcrumbList","@id":"https:\/\/www.mouldprecision.com\/de\/slider\/schneller-formenbauer-in-china.html#breadcrumb","itemListElement":[{"@type":"ListItem","position":1,"name":"Home","item":"https:\/\/www.mouldprecision.com\/de"},{"@type":"ListItem","position":2,"name":"Slider","item":"https:\/\/www.mouldprecision.com\/de\/slider.html"},{"@type":"ListItem","position":3,"name":"Schneller formenbauer in China"}]},{"@type":"WebSite","@id":"https:\/\/www.mouldprecision.com\/#website","url":"https:\/\/www.mouldprecision.com\/","name":"China mould maker,mould making company &amp; manufacturer","description":"","publisher":{"@id":"https:\/\/www.mouldprecision.com\/#organization"},"potentialAction":[{"@type":"SearchAction","target":{"@type":"EntryPoint","urlTemplate":"https:\/\/www.mouldprecision.com\/?s={search_term_string}"},"query-input":{"@type":"PropertyValueSpecification","valueRequired":true,"valueName":"search_term_string"}}],"inLanguage":"de-DE"},{"@type":"Organization","@id":"https:\/\/www.mouldprecision.com\/#organization","name":"China mould maker,mould making company &amp; manufacturer","url":"https:\/\/www.mouldprecision.com\/","logo":{"@type":"ImageObject","inLanguage":"de-DE","@id":"https:\/\/www.mouldprecision.com\/#\/schema\/logo\/image\/","url":"https:\/\/www.mouldprecision.com\/wp-content\/uploads\/2018\/08\/MP-logo.png","contentUrl":"https:\/\/www.mouldprecision.com\/wp-content\/uploads\/2018\/08\/MP-logo.png","width":156,"height":59,"caption":"China mould maker,mould making company &amp; manufacturer"},"image":{"@id":"https:\/\/www.mouldprecision.com\/#\/schema\/logo\/image\/"}}]}},"_links":{"self":[{"href":"https:\/\/www.mouldprecision.com\/de\/wp-json\/wp\/v2\/pages\/3834","targetHints":{"allow":["GET"]}}],"collection":[{"href":"https:\/\/www.mouldprecision.com\/de\/wp-json\/wp\/v2\/pages"}],"about":[{"href":"https:\/\/www.mouldprecision.com\/de\/wp-json\/wp\/v2\/types\/page"}],"author":[{"embeddable":true,"href":"https:\/\/www.mouldprecision.com\/de\/wp-json\/wp\/v2\/users\/2"}],"replies":[{"embeddable":true,"href":"https:\/\/www.mouldprecision.com\/de\/wp-json\/wp\/v2\/comments?post=3834"}],"version-history":[{"count":0,"href":"https:\/\/www.mouldprecision.com\/de\/wp-json\/wp\/v2\/pages\/3834\/revisions"}],"up":[{"embeddable":true,"href":"https:\/\/www.mouldprecision.com\/de\/wp-json\/wp\/v2\/pages\/3828"}],"wp:featuredmedia":[{"embeddable":true,"href":"https:\/\/www.mouldprecision.com\/de\/wp-json\/wp\/v2\/media\/2301"}],"wp:attachment":[{"href":"https:\/\/www.mouldprecision.com\/de\/wp-json\/wp\/v2\/media?parent=3834"}],"curies":[{"name":"wp","href":"https:\/\/api.w.org\/{rel}","templated":true}]}}