{"id":3830,"date":"2018-09-04T13:10:25","date_gmt":"2018-09-04T13:10:25","guid":{"rendered":"https:\/\/www.mouldprecision.com\/?page_id=3830"},"modified":"2018-09-04T13:10:25","modified_gmt":"2018-09-04T13:10:25","slug":"sagen","status":"publish","type":"page","link":"https:\/\/www.mouldprecision.com\/de\/sagen.html","title":{"rendered":"sagen:"},"content":{"rendered":"\n      <div class=\"tt-testimonials\">\n\n        <div class=\"tt-testimonial-item-main\">\n       \n            \n                    <div class=\"tt-testimonial-item\">\n\n                        <div class=\"tt-testimonial-inner\">\n\n                                                        \n                            <div class=\"tt-testimonial-caption\">\n                                <p>MP machen wirklich einen guten Job f\u00fcr den Formenbau, ich empfehle sie meinen Freunden als Formenbauer in China.<\/p>\n<!-- Begin Yuzo --><div class='yuzo_related_post style-1'  data-version='5.12.89'><!-- without result --><div class='yuzo_clearfixed yuzo__title yuzo__title'><h5>Related Post<\/h5><\/div>\n<\/div>  <!-- End Yuzo :) -->                            <\/div> \n\n                            <div class=\"tt-testimonial-meta\">\n                                <span class=\"tt-testimonial-title\">Ivan Kekic &#8212; Manager(Australia)<\/span>\n                            <\/div>\n\n                        <\/div>\n\n                    <\/div>\n\n            \n                    <div class=\"tt-testimonial-item\">\n\n                        <div class=\"tt-testimonial-inner\">\n\n                                                        \n                            <div class=\"tt-testimonial-caption\">\n                                <p>Sie leisten gute Arbeit. Unsere Pr\u00e4zisionsteile sind gro\u00dfartig. Ich m\u00f6chte weitere Projekte der Pr\u00e4zisionsbearbeitung an MP \u00fcbergeben.They do a good job, our precision machining parts are great. I&#8217;d like to hand more projects of precision machining parts to MP.<\/p>\n<!-- Begin Yuzo --><div class='yuzo_related_post style-1'  data-version='5.12.89'><!-- without result --><div class='yuzo_clearfixed yuzo__title yuzo__title'><h5>Related Post<\/h5><\/div>\n<\/div>  <!-- End Yuzo :) -->                            <\/div> \n\n                            <div class=\"tt-testimonial-meta\">\n                                <span class=\"tt-testimonial-title\">Anton Dwi Gunarto &#8212; PE(USA)<\/span>\n                            <\/div>\n\n                        <\/div>\n\n                    <\/div>\n\n            \n                    <div class=\"tt-testimonial-item\">\n\n                        <div class=\"tt-testimonial-inner\">\n\n                                                        \n                            <div class=\"tt-testimonial-caption\">\n                                <p>Ich suche einen Formenbauer in China bei Google. Ich bin kurz und gl\u00fccklich f\u00fcr ihre Professionalit\u00e4t, Qualit\u00e4t, Preis und Lieferzeit. Ich hoffe, wir k\u00f6nnen bald f\u00fcr das n\u00e4chste Projekt arbeiten.<\/p>\n<!-- Begin Yuzo --><div class='yuzo_related_post style-1'  data-version='5.12.89'><!-- without result --><div class='yuzo_clearfixed yuzo__title yuzo__title'><h5>Related Post<\/h5><\/div>\n<\/div>  <!-- End Yuzo :) -->                            <\/div> \n\n                            <div class=\"tt-testimonial-meta\">\n                                <span class=\"tt-testimonial-title\">Tim Maxwell &#8212; PE(Kanada)<\/span>\n                            <\/div>\n\n                        <\/div>\n\n                    <\/div>\n\n            \n                    <div class=\"tt-testimonial-item\">\n\n                        <div class=\"tt-testimonial-inner\">\n\n                                                        \n                            <div class=\"tt-testimonial-caption\">\n                                <p>Bei der Suche nach &#8220;China Formenbauer&#8221; in Google. Ich bin sehr gl\u00fccklich, sie herauszufinden, guter Preis und gute Qualit\u00e4t mit kurzer Lieferzeit. Wir haben jetzt eine gute und stabile Zusammenarbeit.<\/p>\n<!-- Begin Yuzo --><div class='yuzo_related_post style-1'  data-version='5.12.89'><!-- without result --><div class='yuzo_clearfixed yuzo__title yuzo__title'><h5>Related Post<\/h5><\/div>\n<\/div>  <!-- End Yuzo :) -->                            <\/div> \n\n                            <div class=\"tt-testimonial-meta\">\n                                <span class=\"tt-testimonial-title\">Davide Albiero &#8212; R&#038;D (Italien)<\/span>\n                            <\/div>\n\n                        <\/div>\n\n                    <\/div>\n\n            \n                    <div class=\"tt-testimonial-item\">\n\n                        <div class=\"tt-testimonial-inner\">\n\n                                                        \n                            <div class=\"tt-testimonial-caption\">\n                                <p>Es ist ein professioneller chinesischer Formenbauer. Sie eignen sich sehr gut f\u00fcr ein hervorragendes Formdesign und eine qualitativ hochwertige Formenherstellung. Unsere Zusammenarbeit ist gl\u00fccklich.<\/p>\n<!-- Begin Yuzo --><div class='yuzo_related_post style-1'  data-version='5.12.89'><!-- without result --><div class='yuzo_clearfixed yuzo__title yuzo__title'><h5>Related Post<\/h5><\/div>\n<\/div>  <!-- End Yuzo :) -->                            <\/div> \n\n                            <div class=\"tt-testimonial-meta\">\n                                <span class=\"tt-testimonial-title\">&#8212; CEO(Deutschland)<\/span>\n                            <\/div>\n\n                        <\/div>\n\n                    <\/div>\n\n            \n        <\/div>\n\n      <\/div><!-- .testimonials-widget -->\n\n    \n<!-- Begin Yuzo --><div class='yuzo_related_post style-1'  data-version='5.12.89'><!-- without result --><div class='yuzo_clearfixed yuzo__title yuzo__title'><h5>Related Post<\/h5><\/div>\n<\/div>  <!-- End Yuzo :) -->","protected":false},"excerpt":{"rendered":"<p>Related Post<\/p>\n","protected":false},"author":2,"featured_media":0,"parent":0,"menu_order":0,"comment_status":"closed","ping_status":"closed","template":"templates\/full-width-page.php","meta":{"footnotes":""},"class_list":["post-3830","page","type-page","status-publish","hentry"],"yoast_head":"<!-- This site is optimized with the Yoast SEO plugin v27.2 - https:\/\/yoast.com\/product\/yoast-seo-wordpress\/ -->\n<title>sagen: | China mould maker,mould making company &amp; manufacturer<\/title>\n<meta name=\"robots\" content=\"index, follow, max-snippet:-1, max-image-preview:large, max-video-preview:-1\" \/>\n<link rel=\"canonical\" href=\"https:\/\/www.mouldprecision.com\/de\/sagen.html\" \/>\n<meta property=\"og:locale\" content=\"de_DE\" \/>\n<meta property=\"og:type\" content=\"article\" \/>\n<meta property=\"og:title\" content=\"sagen: | China mould maker,mould making company &amp; manufacturer\" \/>\n<meta property=\"og:description\" content=\"Related Post\" \/>\n<meta property=\"og:url\" content=\"https:\/\/www.mouldprecision.com\/de\/sagen.html\" \/>\n<meta property=\"og:site_name\" content=\"China mould maker,mould making company &amp; manufacturer\" \/>\n<meta name=\"twitter:card\" content=\"summary_large_image\" \/>\n<script type=\"application\/ld+json\" class=\"yoast-schema-graph\">{\"@context\":\"https:\/\/schema.org\",\"@graph\":[{\"@type\":\"WebPage\",\"@id\":\"https:\/\/www.mouldprecision.com\/de\/sagen.html\",\"url\":\"https:\/\/www.mouldprecision.com\/de\/sagen.html\",\"name\":\"sagen: | China mould maker,mould making company &amp; manufacturer\",\"isPartOf\":{\"@id\":\"https:\/\/www.mouldprecision.com\/#website\"},\"datePublished\":\"2018-09-04T13:10:25+00:00\",\"breadcrumb\":{\"@id\":\"https:\/\/www.mouldprecision.com\/de\/sagen.html#breadcrumb\"},\"inLanguage\":\"de-DE\",\"potentialAction\":[{\"@type\":\"ReadAction\",\"target\":[\"https:\/\/www.mouldprecision.com\/de\/sagen.html\"]}]},{\"@type\":\"BreadcrumbList\",\"@id\":\"https:\/\/www.mouldprecision.com\/de\/sagen.html#breadcrumb\",\"itemListElement\":[{\"@type\":\"ListItem\",\"position\":1,\"name\":\"Home\",\"item\":\"https:\/\/www.mouldprecision.com\/de\"},{\"@type\":\"ListItem\",\"position\":2,\"name\":\"sagen:\"}]},{\"@type\":\"WebSite\",\"@id\":\"https:\/\/www.mouldprecision.com\/#website\",\"url\":\"https:\/\/www.mouldprecision.com\/\",\"name\":\"China mould maker,mould making company &amp; manufacturer\",\"description\":\"\",\"publisher\":{\"@id\":\"https:\/\/www.mouldprecision.com\/#organization\"},\"potentialAction\":[{\"@type\":\"SearchAction\",\"target\":{\"@type\":\"EntryPoint\",\"urlTemplate\":\"https:\/\/www.mouldprecision.com\/?s={search_term_string}\"},\"query-input\":{\"@type\":\"PropertyValueSpecification\",\"valueRequired\":true,\"valueName\":\"search_term_string\"}}],\"inLanguage\":\"de-DE\"},{\"@type\":\"Organization\",\"@id\":\"https:\/\/www.mouldprecision.com\/#organization\",\"name\":\"China mould maker,mould making company &amp; manufacturer\",\"url\":\"https:\/\/www.mouldprecision.com\/\",\"logo\":{\"@type\":\"ImageObject\",\"inLanguage\":\"de-DE\",\"@id\":\"https:\/\/www.mouldprecision.com\/#\/schema\/logo\/image\/\",\"url\":\"https:\/\/www.mouldprecision.com\/wp-content\/uploads\/2018\/08\/MP-logo.png\",\"contentUrl\":\"https:\/\/www.mouldprecision.com\/wp-content\/uploads\/2018\/08\/MP-logo.png\",\"width\":156,\"height\":59,\"caption\":\"China mould maker,mould making company &amp; manufacturer\"},\"image\":{\"@id\":\"https:\/\/www.mouldprecision.com\/#\/schema\/logo\/image\/\"}}]}<\/script>\n<!-- \/ Yoast SEO plugin. -->","yoast_head_json":{"title":"sagen: | China mould maker,mould making company &amp; manufacturer","robots":{"index":"index","follow":"follow","max-snippet":"max-snippet:-1","max-image-preview":"max-image-preview:large","max-video-preview":"max-video-preview:-1"},"canonical":"https:\/\/www.mouldprecision.com\/de\/sagen.html","og_locale":"de_DE","og_type":"article","og_title":"sagen: | China mould maker,mould making company &amp; manufacturer","og_description":"Related Post","og_url":"https:\/\/www.mouldprecision.com\/de\/sagen.html","og_site_name":"China mould maker,mould making company &amp; manufacturer","twitter_card":"summary_large_image","schema":{"@context":"https:\/\/schema.org","@graph":[{"@type":"WebPage","@id":"https:\/\/www.mouldprecision.com\/de\/sagen.html","url":"https:\/\/www.mouldprecision.com\/de\/sagen.html","name":"sagen: | China mould maker,mould making company &amp; manufacturer","isPartOf":{"@id":"https:\/\/www.mouldprecision.com\/#website"},"datePublished":"2018-09-04T13:10:25+00:00","breadcrumb":{"@id":"https:\/\/www.mouldprecision.com\/de\/sagen.html#breadcrumb"},"inLanguage":"de-DE","potentialAction":[{"@type":"ReadAction","target":["https:\/\/www.mouldprecision.com\/de\/sagen.html"]}]},{"@type":"BreadcrumbList","@id":"https:\/\/www.mouldprecision.com\/de\/sagen.html#breadcrumb","itemListElement":[{"@type":"ListItem","position":1,"name":"Home","item":"https:\/\/www.mouldprecision.com\/de"},{"@type":"ListItem","position":2,"name":"sagen:"}]},{"@type":"WebSite","@id":"https:\/\/www.mouldprecision.com\/#website","url":"https:\/\/www.mouldprecision.com\/","name":"China mould maker,mould making company &amp; manufacturer","description":"","publisher":{"@id":"https:\/\/www.mouldprecision.com\/#organization"},"potentialAction":[{"@type":"SearchAction","target":{"@type":"EntryPoint","urlTemplate":"https:\/\/www.mouldprecision.com\/?s={search_term_string}"},"query-input":{"@type":"PropertyValueSpecification","valueRequired":true,"valueName":"search_term_string"}}],"inLanguage":"de-DE"},{"@type":"Organization","@id":"https:\/\/www.mouldprecision.com\/#organization","name":"China mould maker,mould making company &amp; manufacturer","url":"https:\/\/www.mouldprecision.com\/","logo":{"@type":"ImageObject","inLanguage":"de-DE","@id":"https:\/\/www.mouldprecision.com\/#\/schema\/logo\/image\/","url":"https:\/\/www.mouldprecision.com\/wp-content\/uploads\/2018\/08\/MP-logo.png","contentUrl":"https:\/\/www.mouldprecision.com\/wp-content\/uploads\/2018\/08\/MP-logo.png","width":156,"height":59,"caption":"China mould maker,mould making company &amp; manufacturer"},"image":{"@id":"https:\/\/www.mouldprecision.com\/#\/schema\/logo\/image\/"}}]}},"_links":{"self":[{"href":"https:\/\/www.mouldprecision.com\/de\/wp-json\/wp\/v2\/pages\/3830","targetHints":{"allow":["GET"]}}],"collection":[{"href":"https:\/\/www.mouldprecision.com\/de\/wp-json\/wp\/v2\/pages"}],"about":[{"href":"https:\/\/www.mouldprecision.com\/de\/wp-json\/wp\/v2\/types\/page"}],"author":[{"embeddable":true,"href":"https:\/\/www.mouldprecision.com\/de\/wp-json\/wp\/v2\/users\/2"}],"replies":[{"embeddable":true,"href":"https:\/\/www.mouldprecision.com\/de\/wp-json\/wp\/v2\/comments?post=3830"}],"version-history":[{"count":0,"href":"https:\/\/www.mouldprecision.com\/de\/wp-json\/wp\/v2\/pages\/3830\/revisions"}],"wp:attachment":[{"href":"https:\/\/www.mouldprecision.com\/de\/wp-json\/wp\/v2\/media?parent=3830"}],"curies":[{"name":"wp","href":"https:\/\/api.w.org\/{rel}","templated":true}]}}