{"id":3823,"date":"2018-09-04T13:07:42","date_gmt":"2018-09-04T13:07:42","guid":{"rendered":"https:\/\/www.mouldprecision.com\/?page_id=3823"},"modified":"2018-09-04T13:07:42","modified_gmt":"2018-09-04T13:07:42","slug":"projektablauf","status":"publish","type":"page","link":"https:\/\/www.mouldprecision.com\/de\/service\/projektablauf.html","title":{"rendered":"Projektablauf"},"content":{"rendered":"<h2><strong>Projektablauf<\/strong><\/h2>\n<h3><strong>Die gute L\u00f6sung und das System k\u00f6nnten es einfach und reibungslos machen.<\/strong><\/h3>\n<p><img loading=\"lazy\" decoding=\"async\" class=\"alignnone size-medium wp-image-1239\" src=\"https:\/\/www.mouldprecision.com\/wp-content\/uploads\/2018\/08\/project-procedure.jpg\" alt=\"Project Procedure\" width=\"800\" height=\"661\" \/><\/p>\n<p><strong>Das Projekt beginnt<\/strong>, wenn wir Ihre Anfrage erhalten. Wir bieten Ihnen ein Angebot nach Best\u00e4tigung der Basisinformationen. Wie z.B. Stahl f\u00fcr Kern und Kavit\u00e4t, Kavit\u00e4tenanzahl, Zweiplatten- oder Dreiplattenform etc.<\/p>\n<p><strong>DFM wird gestartet<\/strong>, sobald eine Bestellung aufgegeben wird. Es wird in 1-3 Tagen angeboten. 2D-Werkzeugzeichnung und 3D-Werkzeugzeichnung werden sp\u00e4ter angeboten.<\/p>\n<p><strong>Die Form<\/strong> wird erst hergestellt, wenn die Zeichnung der Form vom Kunden genehmigt wurde.<\/p>\n<p><strong>Wochenbericht wird<\/strong> am Montag angeboten. Es handelt sich um beiliegende Fotos. Damit Sie wissen, wie die Verarbeitung im Detail aussieht.<\/p>\n<p><strong>Mold Trial Report und Sample Inspection<\/strong> werden nach dem Mold Trial angeboten.<\/p>\n<p><strong>Die Form<\/strong> wird verpackt, sobald das Muster vor dem Versand genehmigt wurde.<\/p>\n<!-- Begin Yuzo --><div class='yuzo_related_post style-1'  data-version='5.12.89'><!-- without result --><div class='yuzo_clearfixed yuzo__title yuzo__title'><h5>Related Post<\/h5><\/div>\n<\/div>  <!-- End Yuzo :) -->","protected":false},"excerpt":{"rendered":"<p>Projektablauf Die gute L\u00f6sung und das System k\u00f6nnten es einfach und reibungslos machen. Das Projekt beginnt, wenn wir Ihre Anfrage erhalten. Wir bieten Ihnen ein Angebot nach Best\u00e4tigung der Basisinformationen. Wie z.B. Stahl f\u00fcr Kern und Kavit\u00e4t, Kavit\u00e4tenanzahl, Zweiplatten- oder Dreiplattenform etc. DFM wird gestartet, sobald eine Bestellung aufgegeben wird. Es wird in 1-3 Tagen [&hellip;]<\/p>\n","protected":false},"author":2,"featured_media":0,"parent":3810,"menu_order":0,"comment_status":"closed","ping_status":"closed","template":"","meta":{"footnotes":""},"class_list":["post-3823","page","type-page","status-publish","hentry"],"yoast_head":"<!-- This site is optimized with the Yoast SEO plugin v27.2 - https:\/\/yoast.com\/product\/yoast-seo-wordpress\/ -->\n<title>Projektablauf | China mould maker,mould making company &amp; manufacturer<\/title>\n<meta name=\"robots\" content=\"index, follow, max-snippet:-1, max-image-preview:large, max-video-preview:-1\" \/>\n<link rel=\"canonical\" href=\"https:\/\/www.mouldprecision.com\/de\/service\/projektablauf.html\" \/>\n<meta property=\"og:locale\" content=\"de_DE\" \/>\n<meta property=\"og:type\" content=\"article\" \/>\n<meta property=\"og:title\" content=\"Projektablauf | China mould maker,mould making company &amp; manufacturer\" \/>\n<meta property=\"og:description\" content=\"Projektablauf Die gute L\u00f6sung und das System k\u00f6nnten es einfach und reibungslos machen. Das Projekt beginnt, wenn wir Ihre Anfrage erhalten. Wir bieten Ihnen ein Angebot nach Best\u00e4tigung der Basisinformationen. Wie z.B. Stahl f\u00fcr Kern und Kavit\u00e4t, Kavit\u00e4tenanzahl, Zweiplatten- oder Dreiplattenform etc. DFM wird gestartet, sobald eine Bestellung aufgegeben wird. Es wird in 1-3 Tagen [&hellip;]\" \/>\n<meta property=\"og:url\" content=\"https:\/\/www.mouldprecision.com\/de\/service\/projektablauf.html\" \/>\n<meta property=\"og:site_name\" content=\"China mould maker,mould making company &amp; manufacturer\" \/>\n<meta property=\"og:image\" content=\"https:\/\/www.mouldprecision.com\/wp-content\/uploads\/2018\/08\/project-procedure.jpg\" \/>\n<meta name=\"twitter:card\" content=\"summary_large_image\" \/>\n<meta name=\"twitter:label1\" content=\"Gesch\u00e4tzte Lesezeit\" \/>\n\t<meta name=\"twitter:data1\" content=\"1 minute\" \/>\n<script type=\"application\/ld+json\" class=\"yoast-schema-graph\">{\"@context\":\"https:\/\/schema.org\",\"@graph\":[{\"@type\":\"WebPage\",\"@id\":\"https:\/\/www.mouldprecision.com\/de\/service\/projektablauf.html\",\"url\":\"https:\/\/www.mouldprecision.com\/de\/service\/projektablauf.html\",\"name\":\"Projektablauf | China mould maker,mould making company &amp; manufacturer\",\"isPartOf\":{\"@id\":\"https:\/\/www.mouldprecision.com\/#website\"},\"primaryImageOfPage\":{\"@id\":\"https:\/\/www.mouldprecision.com\/de\/service\/projektablauf.html#primaryimage\"},\"image\":{\"@id\":\"https:\/\/www.mouldprecision.com\/de\/service\/projektablauf.html#primaryimage\"},\"thumbnailUrl\":\"https:\/\/www.mouldprecision.com\/wp-content\/uploads\/2018\/08\/project-procedure.jpg\",\"datePublished\":\"2018-09-04T13:07:42+00:00\",\"breadcrumb\":{\"@id\":\"https:\/\/www.mouldprecision.com\/de\/service\/projektablauf.html#breadcrumb\"},\"inLanguage\":\"de-DE\",\"potentialAction\":[{\"@type\":\"ReadAction\",\"target\":[\"https:\/\/www.mouldprecision.com\/de\/service\/projektablauf.html\"]}]},{\"@type\":\"ImageObject\",\"inLanguage\":\"de-DE\",\"@id\":\"https:\/\/www.mouldprecision.com\/de\/service\/projektablauf.html#primaryimage\",\"url\":\"https:\/\/www.mouldprecision.com\/wp-content\/uploads\/2018\/08\/project-procedure.jpg\",\"contentUrl\":\"https:\/\/www.mouldprecision.com\/wp-content\/uploads\/2018\/08\/project-procedure.jpg\"},{\"@type\":\"BreadcrumbList\",\"@id\":\"https:\/\/www.mouldprecision.com\/de\/service\/projektablauf.html#breadcrumb\",\"itemListElement\":[{\"@type\":\"ListItem\",\"position\":1,\"name\":\"Home\",\"item\":\"https:\/\/www.mouldprecision.com\/de\"},{\"@type\":\"ListItem\",\"position\":2,\"name\":\"Service\",\"item\":\"https:\/\/www.mouldprecision.com\/de\/service.html\"},{\"@type\":\"ListItem\",\"position\":3,\"name\":\"Projektablauf\"}]},{\"@type\":\"WebSite\",\"@id\":\"https:\/\/www.mouldprecision.com\/#website\",\"url\":\"https:\/\/www.mouldprecision.com\/\",\"name\":\"China mould maker,mould making company &amp; manufacturer\",\"description\":\"\",\"publisher\":{\"@id\":\"https:\/\/www.mouldprecision.com\/#organization\"},\"potentialAction\":[{\"@type\":\"SearchAction\",\"target\":{\"@type\":\"EntryPoint\",\"urlTemplate\":\"https:\/\/www.mouldprecision.com\/?s={search_term_string}\"},\"query-input\":{\"@type\":\"PropertyValueSpecification\",\"valueRequired\":true,\"valueName\":\"search_term_string\"}}],\"inLanguage\":\"de-DE\"},{\"@type\":\"Organization\",\"@id\":\"https:\/\/www.mouldprecision.com\/#organization\",\"name\":\"China mould maker,mould making company &amp; manufacturer\",\"url\":\"https:\/\/www.mouldprecision.com\/\",\"logo\":{\"@type\":\"ImageObject\",\"inLanguage\":\"de-DE\",\"@id\":\"https:\/\/www.mouldprecision.com\/#\/schema\/logo\/image\/\",\"url\":\"https:\/\/www.mouldprecision.com\/wp-content\/uploads\/2018\/08\/MP-logo.png\",\"contentUrl\":\"https:\/\/www.mouldprecision.com\/wp-content\/uploads\/2018\/08\/MP-logo.png\",\"width\":156,\"height\":59,\"caption\":\"China mould maker,mould making company &amp; manufacturer\"},\"image\":{\"@id\":\"https:\/\/www.mouldprecision.com\/#\/schema\/logo\/image\/\"}}]}<\/script>\n<!-- \/ Yoast SEO plugin. -->","yoast_head_json":{"title":"Projektablauf | China mould maker,mould making company &amp; manufacturer","robots":{"index":"index","follow":"follow","max-snippet":"max-snippet:-1","max-image-preview":"max-image-preview:large","max-video-preview":"max-video-preview:-1"},"canonical":"https:\/\/www.mouldprecision.com\/de\/service\/projektablauf.html","og_locale":"de_DE","og_type":"article","og_title":"Projektablauf | China mould maker,mould making company &amp; manufacturer","og_description":"Projektablauf Die gute L\u00f6sung und das System k\u00f6nnten es einfach und reibungslos machen. Das Projekt beginnt, wenn wir Ihre Anfrage erhalten. Wir bieten Ihnen ein Angebot nach Best\u00e4tigung der Basisinformationen. Wie z.B. Stahl f\u00fcr Kern und Kavit\u00e4t, Kavit\u00e4tenanzahl, Zweiplatten- oder Dreiplattenform etc. DFM wird gestartet, sobald eine Bestellung aufgegeben wird. Es wird in 1-3 Tagen [&hellip;]","og_url":"https:\/\/www.mouldprecision.com\/de\/service\/projektablauf.html","og_site_name":"China mould maker,mould making company &amp; manufacturer","og_image":[{"url":"https:\/\/www.mouldprecision.com\/wp-content\/uploads\/2018\/08\/project-procedure.jpg","type":"","width":"","height":""}],"twitter_card":"summary_large_image","twitter_misc":{"Gesch\u00e4tzte Lesezeit":"1 minute"},"schema":{"@context":"https:\/\/schema.org","@graph":[{"@type":"WebPage","@id":"https:\/\/www.mouldprecision.com\/de\/service\/projektablauf.html","url":"https:\/\/www.mouldprecision.com\/de\/service\/projektablauf.html","name":"Projektablauf | China mould maker,mould making company &amp; manufacturer","isPartOf":{"@id":"https:\/\/www.mouldprecision.com\/#website"},"primaryImageOfPage":{"@id":"https:\/\/www.mouldprecision.com\/de\/service\/projektablauf.html#primaryimage"},"image":{"@id":"https:\/\/www.mouldprecision.com\/de\/service\/projektablauf.html#primaryimage"},"thumbnailUrl":"https:\/\/www.mouldprecision.com\/wp-content\/uploads\/2018\/08\/project-procedure.jpg","datePublished":"2018-09-04T13:07:42+00:00","breadcrumb":{"@id":"https:\/\/www.mouldprecision.com\/de\/service\/projektablauf.html#breadcrumb"},"inLanguage":"de-DE","potentialAction":[{"@type":"ReadAction","target":["https:\/\/www.mouldprecision.com\/de\/service\/projektablauf.html"]}]},{"@type":"ImageObject","inLanguage":"de-DE","@id":"https:\/\/www.mouldprecision.com\/de\/service\/projektablauf.html#primaryimage","url":"https:\/\/www.mouldprecision.com\/wp-content\/uploads\/2018\/08\/project-procedure.jpg","contentUrl":"https:\/\/www.mouldprecision.com\/wp-content\/uploads\/2018\/08\/project-procedure.jpg"},{"@type":"BreadcrumbList","@id":"https:\/\/www.mouldprecision.com\/de\/service\/projektablauf.html#breadcrumb","itemListElement":[{"@type":"ListItem","position":1,"name":"Home","item":"https:\/\/www.mouldprecision.com\/de"},{"@type":"ListItem","position":2,"name":"Service","item":"https:\/\/www.mouldprecision.com\/de\/service.html"},{"@type":"ListItem","position":3,"name":"Projektablauf"}]},{"@type":"WebSite","@id":"https:\/\/www.mouldprecision.com\/#website","url":"https:\/\/www.mouldprecision.com\/","name":"China mould maker,mould making company &amp; manufacturer","description":"","publisher":{"@id":"https:\/\/www.mouldprecision.com\/#organization"},"potentialAction":[{"@type":"SearchAction","target":{"@type":"EntryPoint","urlTemplate":"https:\/\/www.mouldprecision.com\/?s={search_term_string}"},"query-input":{"@type":"PropertyValueSpecification","valueRequired":true,"valueName":"search_term_string"}}],"inLanguage":"de-DE"},{"@type":"Organization","@id":"https:\/\/www.mouldprecision.com\/#organization","name":"China mould maker,mould making company &amp; manufacturer","url":"https:\/\/www.mouldprecision.com\/","logo":{"@type":"ImageObject","inLanguage":"de-DE","@id":"https:\/\/www.mouldprecision.com\/#\/schema\/logo\/image\/","url":"https:\/\/www.mouldprecision.com\/wp-content\/uploads\/2018\/08\/MP-logo.png","contentUrl":"https:\/\/www.mouldprecision.com\/wp-content\/uploads\/2018\/08\/MP-logo.png","width":156,"height":59,"caption":"China mould maker,mould making company &amp; manufacturer"},"image":{"@id":"https:\/\/www.mouldprecision.com\/#\/schema\/logo\/image\/"}}]}},"_links":{"self":[{"href":"https:\/\/www.mouldprecision.com\/de\/wp-json\/wp\/v2\/pages\/3823","targetHints":{"allow":["GET"]}}],"collection":[{"href":"https:\/\/www.mouldprecision.com\/de\/wp-json\/wp\/v2\/pages"}],"about":[{"href":"https:\/\/www.mouldprecision.com\/de\/wp-json\/wp\/v2\/types\/page"}],"author":[{"embeddable":true,"href":"https:\/\/www.mouldprecision.com\/de\/wp-json\/wp\/v2\/users\/2"}],"replies":[{"embeddable":true,"href":"https:\/\/www.mouldprecision.com\/de\/wp-json\/wp\/v2\/comments?post=3823"}],"version-history":[{"count":0,"href":"https:\/\/www.mouldprecision.com\/de\/wp-json\/wp\/v2\/pages\/3823\/revisions"}],"up":[{"embeddable":true,"href":"https:\/\/www.mouldprecision.com\/de\/wp-json\/wp\/v2\/pages\/3810"}],"wp:attachment":[{"href":"https:\/\/www.mouldprecision.com\/de\/wp-json\/wp\/v2\/media?parent=3823"}],"curies":[{"name":"wp","href":"https:\/\/api.w.org\/{rel}","templated":true}]}}