{"id":3816,"date":"2018-09-04T12:53:11","date_gmt":"2018-09-04T12:53:11","guid":{"rendered":"https:\/\/www.mouldprecision.com\/?page_id=3816"},"modified":"2018-09-04T12:55:00","modified_gmt":"2018-09-04T12:55:00","slug":"formenbau","status":"publish","type":"page","link":"https:\/\/www.mouldprecision.com\/de\/service\/formenbau.html","title":{"rendered":"Formenbau"},"content":{"rendered":"<h2><strong>Formenbau in China, Export nach Euro &amp; Amerika.<\/strong><\/h2>\n<p>Wir haben reiche Erfahrung in der Herstellung von Kunststoffspritzgussformen, mit LKM-, HASCO- oder DME-Standard und Spezifikation der Kundenanforderungen. 90% der Schimmelpilzexporte nach Euro und Nordamerika.<\/p>\n<h3><strong>Formenbau Service:<\/strong><\/h3>\n<p>Wenn Sie uns den Formenbau anvertrauen, erhalten Sie ein Qualit\u00e4tswerkzeug mit einem soliden Ruf dahinter. Unsere Einrichtung und das Talent unseres Teams k\u00f6nnen nur als innovativ bezeichnet werden &#8211;<strong>\u00a0Intelligent, Kreativ und Reaktionsschnell.<\/strong><\/p>\n<style type=\"text\/css\">\n#foogallery-gallery-633 .fg-image { width: 251px; }\n#foogallery-gallery-633 { --fg-gutter: 10px; }<\/style>\n\t\t\t<style type=\"text\/css\">\n#foogallery-gallery-633_1 .fg-image { width: 251px; }\n#foogallery-gallery-633_1 { --fg-gutter: 10px; }<\/style>\n\t\t\t<div class=\"foogallery foogallery-container foogallery-default foogallery-lightbox-foobox fg-center fg-default fg-ready fg-light fg-hover-scale fg-hover-instant\" id=\"foogallery-gallery-633_1\" data-foogallery=\"{&quot;item&quot;:{&quot;showCaptionTitle&quot;:true,&quot;showCaptionDescription&quot;:false},&quot;lazy&quot;:true}\" style=\"--fg-title-line-clamp: 0; --fg-description-line-clamp: 0;\" >\n\t<div class=\"fg-item fg-type-image fg-idle\"><figure class=\"fg-item-inner\"><a href=\"https:\/\/www.mouldprecision.com\/wp-content\/uploads\/2018\/08\/CNC-machining.jpg\" data-attachment-id=\"2246\" data-type=\"image\" class=\"fg-thumb\"><span class=\"fg-image-wrap\"><img decoding=\"async\" width=\"251\" height=\"190\" class=\"skip-lazy fg-image\" data-src-fg=\"https:\/\/www.mouldprecision.com\/wp-content\/uploads\/cache\/2018\/08\/CNC-machining\/3972012230.jpg\" src=\"data:image\/svg+xml,%3Csvg%20xmlns%3D%22http%3A%2F%2Fwww.w3.org%2F2000%2Fsvg%22%20width%3D%22251%22%20height%3D%22190%22%20viewBox%3D%220%200%20251%20190%22%3E%3C%2Fsvg%3E\" loading=\"eager\"><\/span><span class=\"fg-image-overlay\"><\/span><\/a><\/figure><div class=\"fg-loader\"><\/div><\/div><div class=\"fg-item fg-type-image fg-idle\"><figure class=\"fg-item-inner\"><a href=\"https:\/\/www.mouldprecision.com\/wp-content\/uploads\/2018\/08\/EDM-machining.jpg\" data-attachment-id=\"2247\" data-type=\"image\" class=\"fg-thumb\"><span class=\"fg-image-wrap\"><img decoding=\"async\" width=\"251\" height=\"190\" class=\"skip-lazy fg-image\" data-src-fg=\"https:\/\/www.mouldprecision.com\/wp-content\/uploads\/cache\/2018\/08\/EDM-machining\/1455439027.jpg\" src=\"data:image\/svg+xml,%3Csvg%20xmlns%3D%22http%3A%2F%2Fwww.w3.org%2F2000%2Fsvg%22%20width%3D%22251%22%20height%3D%22190%22%20viewBox%3D%220%200%20251%20190%22%3E%3C%2Fsvg%3E\" loading=\"eager\"><\/span><span class=\"fg-image-overlay\"><\/span><\/a><\/figure><div class=\"fg-loader\"><\/div><\/div><div class=\"fg-item fg-type-image fg-idle\"><figure class=\"fg-item-inner\"><a href=\"https:\/\/www.mouldprecision.com\/wp-content\/uploads\/2018\/08\/plastic-mould-fitting.jpg\" data-attachment-id=\"2251\" data-type=\"image\" class=\"fg-thumb\"><span class=\"fg-image-wrap\"><img decoding=\"async\" width=\"251\" height=\"190\" class=\"skip-lazy fg-image\" data-src-fg=\"https:\/\/www.mouldprecision.com\/wp-content\/uploads\/cache\/2018\/08\/plastic-mould-fitting\/1487514068.jpg\" src=\"data:image\/svg+xml,%3Csvg%20xmlns%3D%22http%3A%2F%2Fwww.w3.org%2F2000%2Fsvg%22%20width%3D%22251%22%20height%3D%22190%22%20viewBox%3D%220%200%20251%20190%22%3E%3C%2Fsvg%3E\" loading=\"eager\"><\/span><span class=\"fg-image-overlay\"><\/span><\/a><\/figure><div class=\"fg-loader\"><\/div><\/div><div class=\"fg-item fg-type-image fg-idle\"><figure class=\"fg-item-inner\"><a href=\"https:\/\/www.mouldprecision.com\/wp-content\/uploads\/2018\/08\/plastic-mould.jpg\" data-attachment-id=\"2250\" data-type=\"image\" class=\"fg-thumb\"><span class=\"fg-image-wrap\"><img decoding=\"async\" width=\"251\" height=\"190\" class=\"skip-lazy fg-image\" data-src-fg=\"https:\/\/www.mouldprecision.com\/wp-content\/uploads\/cache\/2018\/08\/plastic-mould\/2709449950.jpg\" src=\"data:image\/svg+xml,%3Csvg%20xmlns%3D%22http%3A%2F%2Fwww.w3.org%2F2000%2Fsvg%22%20width%3D%22251%22%20height%3D%22190%22%20viewBox%3D%220%200%20251%20190%22%3E%3C%2Fsvg%3E\" loading=\"eager\"><\/span><span class=\"fg-image-overlay\"><\/span><\/a><\/figure><div class=\"fg-loader\"><\/div><\/div><div class=\"fg-item fg-type-image fg-idle\"><figure class=\"fg-item-inner\"><a href=\"https:\/\/www.mouldprecision.com\/wp-content\/uploads\/2018\/08\/mould-packing.jpg\" data-attachment-id=\"3228\" data-type=\"image\" class=\"fg-thumb\"><span class=\"fg-image-wrap\"><img decoding=\"async\" width=\"251\" height=\"190\" class=\"skip-lazy fg-image\" data-src-fg=\"https:\/\/www.mouldprecision.com\/wp-content\/uploads\/cache\/2018\/08\/mould-packing\/539675544.jpg\" src=\"data:image\/svg+xml,%3Csvg%20xmlns%3D%22http%3A%2F%2Fwww.w3.org%2F2000%2Fsvg%22%20width%3D%22251%22%20height%3D%22190%22%20viewBox%3D%220%200%20251%20190%22%3E%3C%2Fsvg%3E\" loading=\"eager\"><\/span><span class=\"fg-image-overlay\"><\/span><\/a><\/figure><div class=\"fg-loader\"><\/div><\/div><div class=\"fg-item fg-type-image fg-idle\"><figure class=\"fg-item-inner\"><a href=\"https:\/\/www.mouldprecision.com\/wp-content\/uploads\/2018\/08\/plastic-mould-plywood.jpg\" data-attachment-id=\"2252\" data-type=\"image\" class=\"fg-thumb\"><span class=\"fg-image-wrap\"><img decoding=\"async\" width=\"251\" height=\"190\" class=\"skip-lazy fg-image\" data-src-fg=\"https:\/\/www.mouldprecision.com\/wp-content\/uploads\/cache\/2018\/08\/plastic-mould-plywood\/2366503643.jpg\" src=\"data:image\/svg+xml,%3Csvg%20xmlns%3D%22http%3A%2F%2Fwww.w3.org%2F2000%2Fsvg%22%20width%3D%22251%22%20height%3D%22190%22%20viewBox%3D%220%200%20251%20190%22%3E%3C%2Fsvg%3E\" loading=\"eager\"><\/span><span class=\"fg-image-overlay\"><\/span><\/a><\/figure><div class=\"fg-loader\"><\/div><\/div><\/div>\n\n<h2>Informationen zum Formenbau:<\/h2>\n<p><strong>Standard: <\/strong>LKM, HSACO, DME<\/p>\n<p><strong>Formenstahl:<\/strong><\/p>\n<ul class=\"pd6\">\n<li><strong>LKM:<\/strong> LKM2344, LKM838H, LKM2311, LKM2312, LKM718H, LKM738H<\/li>\n<li><strong>ASSAB (Schweden):<\/strong> IMPAX718H, STAVAX S136, STAVAX S136H<\/li>\n<li><strong>DAIDO (Japan):<\/strong> PX88, NAK55, NAK80. DC11, DC53<\/li>\n<li><strong>FINKL (America):<\/strong> P20HH, P20LQ, H13<\/li>\n<li><strong>AUBERT &amp; DUVAL (Frankreich):<\/strong> ADC3, SMV3W<\/li>\n<\/ul>\n<p><strong>Schimmelpilzbasis: <\/strong>DME, HASCO, LKM, China<br \/>\n<strong>Standardteile: <\/strong>DME, HASCO, LKM<br \/>\n<strong>Hei\u00dfkanal: <\/strong>Form MASTER, HUSKY, HASCO, DME, YUDO, INCOE<br \/>\n<strong>Polieren\/Textur: <\/strong>SPI, VDI 3400, Werkzeug-TECH, YS<br \/>\n<strong>Geformte Toleranz:<\/strong> 0.01mm<br \/>\n<strong>Form Gr\u00f6\u00dfe:<\/strong> Bis zu 10 Tonnen<br \/>\n<strong>Lieferzeit: <\/strong>2-10 Wochen<\/p>\n<style type=\"text\/css\">\n#foogallery-gallery-1012 .fg-image { width: 251px; }\n#foogallery-gallery-1012 { --fg-gutter: 10px; }<\/style>\n\t\t\t<style type=\"text\/css\">\n#foogallery-gallery-1012_1 .fg-image { width: 251px; }\n#foogallery-gallery-1012_1 { --fg-gutter: 10px; }<\/style>\n\t\t\t<div class=\"foogallery foogallery-container foogallery-default foogallery-lightbox-none fg-center fg-default fg-ready fg-light fg-hover-instant\" id=\"foogallery-gallery-1012_1\" data-foogallery=\"{&quot;item&quot;:{&quot;showCaptionTitle&quot;:false,&quot;showCaptionDescription&quot;:false},&quot;lazy&quot;:true}\" style=\"--fg-title-line-clamp: 0; --fg-description-line-clamp: 0;\" >\n\t<div class=\"fg-item fg-type-image fg-idle\"><figure class=\"fg-item-inner\"><a href=\"https:\/\/www.mouldprecision.com\/wp-content\/uploads\/2018\/08\/weekly-processing-report-1.png\" data-attachment-id=\"2300\" data-type=\"image\" class=\"fg-thumb\"><span class=\"fg-image-wrap\"><img decoding=\"async\" width=\"251\" height=\"43\" class=\"skip-lazy fg-image\" data-src-fg=\"https:\/\/www.mouldprecision.com\/wp-content\/uploads\/2018\/08\/weekly-processing-report-1.png\" src=\"data:image\/svg+xml,%3Csvg%20xmlns%3D%22http%3A%2F%2Fwww.w3.org%2F2000%2Fsvg%22%20width%3D%22251%22%20height%3D%2243%22%20viewBox%3D%220%200%20251%2043%22%3E%3C%2Fsvg%3E\" loading=\"eager\"><\/span><span class=\"fg-image-overlay\"><\/span><\/a><\/figure><div class=\"fg-loader\"><\/div><\/div><div class=\"fg-item fg-type-iframe fg-idle\"><figure class=\"fg-item-inner\"><a href=\"https:\/\/www.mouldprecision.com\/wp-content\/uploads\/2018\/07\/T1_MP1425_2014_12_22.pdf\" data-attachment-id=\"2297\" data-type=\"iframe\" class=\"fg-thumb\"><span class=\"fg-image-wrap\"><img decoding=\"async\" width=\"251\" height=\"43\" class=\"skip-lazy fg-image\" data-src-fg=\"https:\/\/www.mouldprecision.com\/wp-content\/uploads\/2018\/08\/mould-trial-report-1.png\" src=\"data:image\/svg+xml,%3Csvg%20xmlns%3D%22http%3A%2F%2Fwww.w3.org%2F2000%2Fsvg%22%20width%3D%22251%22%20height%3D%2243%22%20viewBox%3D%220%200%20251%2043%22%3E%3C%2Fsvg%3E\" loading=\"eager\"><\/span><span class=\"fg-image-overlay\"><\/span><\/a><\/figure><div class=\"fg-loader\"><\/div><\/div><div class=\"fg-item fg-type-iframe fg-idle\"><figure class=\"fg-item-inner\"><a href=\"https:\/\/www.mouldprecision.com\/wp-content\/uploads\/2018\/07\/MP-Finished-Mold-Checklist.pdf\" data-attachment-id=\"2291\" data-type=\"iframe\" class=\"fg-thumb\"><span class=\"fg-image-wrap\"><img decoding=\"async\" width=\"251\" height=\"43\" class=\"skip-lazy fg-image\" data-src-fg=\"https:\/\/www.mouldprecision.com\/wp-content\/uploads\/2018\/08\/finished-mould-checklist-1.png\" src=\"data:image\/svg+xml,%3Csvg%20xmlns%3D%22http%3A%2F%2Fwww.w3.org%2F2000%2Fsvg%22%20width%3D%22251%22%20height%3D%2243%22%20viewBox%3D%220%200%20251%2043%22%3E%3C%2Fsvg%3E\" loading=\"eager\"><\/span><span class=\"fg-image-overlay\"><\/span><\/a><\/figure><div class=\"fg-loader\"><\/div><\/div><\/div>\n\n<p>Unsere Ingenieure und Formenbauer verf\u00fcgen \u00fcber jahrzehntelange Erfahrung in der Herstellung eng tolerierter, hochkomplexer Formen. Dank dieser <strong>Erfahrung<\/strong>, <strong>Pr\u00e4zision<\/strong> und <strong>Kompetenz<\/strong> k\u00f6nnen wir Formen herstellen &#8211; von einfach bis extrem kompliziert. Wie z.B. Mehrkavit\u00e4tenwerkzeug, Mehrschieberwerkzeug, Ausdrehwerkzeug, Einlegewerkzeug und \u00dcberwerkzeug etc.<\/p>\n<h4><strong>Schimmelpilzprobe<\/strong><\/h4>\n<p>Wir haben hauseigene Formenversuche von 100 Tonnen bis 450 Tonnen Presse. Wir integrieren f\u00fcr spezielle Projekte, wie z.B. <em>PVC, POM-Kunststoff, Klarsichtteile oder gr\u00f6\u00dfere Kunststoffe, eine professionelle Werkzeugversuchsfabrik. <\/em>Alle Kunststoff-Spritzgussformen sind gut organisiert, um sie nach dem Werkzeugversuch einzulagern.<\/p>\n<p><strong>Werkzeugwartung:<\/strong><\/p>\n<p>F\u00fcr einen einfachen und besseren Werkzeugwechsel oder Wartung verpacken wir das Werkzeug gut und liefern es mit 2D\/3D-Konstruktionszeichnungen, NC-Programmierdaten auf CD. EDM-Kupfer, austauschbare Eins\u00e4tze, Verschlei\u00dfteile etc. werden gut verpackt und mit Form ausgeliefert.<\/p>\n<h4>&#8211;&gt;<a href=\"https:\/\/www.mouldprecision.com\/de\/produkt.html\">Produkt<\/a><\/h4>\n<!-- Begin Yuzo --><div class='yuzo_related_post style-1'  data-version='5.12.89'><!-- without result --><div class='yuzo_clearfixed yuzo__title yuzo__title'><h5>Related Post<\/h5><\/div>\n<\/div>  <!-- End Yuzo :) -->","protected":false},"excerpt":{"rendered":"<p>Formenbau in China, Export nach Euro &amp; Amerika. Wir haben reiche Erfahrung in der Herstellung von Kunststoffspritzgussformen, mit LKM-, HASCO- oder DME-Standard und Spezifikation der Kundenanforderungen. 90% der Schimmelpilzexporte nach Euro und Nordamerika. Formenbau Service: Wenn Sie uns den Formenbau anvertrauen, erhalten Sie ein Qualit\u00e4tswerkzeug mit einem soliden Ruf dahinter. Unsere Einrichtung und das Talent [&hellip;]<\/p>\n","protected":false},"author":2,"featured_media":0,"parent":3810,"menu_order":0,"comment_status":"closed","ping_status":"closed","template":"","meta":{"footnotes":""},"class_list":["post-3816","page","type-page","status-publish","hentry"],"yoast_head":"<!-- This site is optimized with the Yoast SEO plugin v27.2 - https:\/\/yoast.com\/product\/yoast-seo-wordpress\/ -->\n<title>Formenbau | China mould maker,mould making company &amp; manufacturer<\/title>\n<meta name=\"description\" content=\"Wir haben reiche Erfahrung in der Herstellung von Kunststoffspritzgussformen, mit LKM-, HASCO- oder DME-Standard und Spezifikation der Kundenanforderungen.\" \/>\n<meta name=\"robots\" content=\"index, follow, max-snippet:-1, max-image-preview:large, max-video-preview:-1\" \/>\n<link rel=\"canonical\" href=\"https:\/\/www.mouldprecision.com\/de\/service\/formenbau.html\" \/>\n<meta property=\"og:locale\" content=\"de_DE\" \/>\n<meta property=\"og:type\" content=\"article\" \/>\n<meta property=\"og:title\" content=\"Formenbau | China mould maker,mould making company &amp; manufacturer\" \/>\n<meta property=\"og:description\" content=\"Wir haben reiche Erfahrung in der Herstellung von Kunststoffspritzgussformen, mit LKM-, HASCO- oder DME-Standard und Spezifikation der Kundenanforderungen.\" \/>\n<meta property=\"og:url\" content=\"https:\/\/www.mouldprecision.com\/de\/service\/formenbau.html\" \/>\n<meta property=\"og:site_name\" content=\"China mould maker,mould making company &amp; manufacturer\" \/>\n<meta property=\"article:modified_time\" content=\"2018-09-04T12:55:00+00:00\" \/>\n<meta name=\"twitter:card\" content=\"summary_large_image\" \/>\n<meta name=\"twitter:label1\" content=\"Gesch\u00e4tzte Lesezeit\" \/>\n\t<meta name=\"twitter:data1\" content=\"1 minute\" \/>\n<script type=\"application\/ld+json\" class=\"yoast-schema-graph\">{\"@context\":\"https:\/\/schema.org\",\"@graph\":[{\"@type\":\"WebPage\",\"@id\":\"https:\/\/www.mouldprecision.com\/de\/service\/formenbau.html\",\"url\":\"https:\/\/www.mouldprecision.com\/de\/service\/formenbau.html\",\"name\":\"Formenbau | China mould maker,mould making company &amp; manufacturer\",\"isPartOf\":{\"@id\":\"https:\/\/www.mouldprecision.com\/#website\"},\"datePublished\":\"2018-09-04T12:53:11+00:00\",\"dateModified\":\"2018-09-04T12:55:00+00:00\",\"description\":\"Wir haben reiche Erfahrung in der Herstellung von Kunststoffspritzgussformen, mit LKM-, HASCO- oder DME-Standard und Spezifikation der Kundenanforderungen.\",\"breadcrumb\":{\"@id\":\"https:\/\/www.mouldprecision.com\/de\/service\/formenbau.html#breadcrumb\"},\"inLanguage\":\"de-DE\",\"potentialAction\":[{\"@type\":\"ReadAction\",\"target\":[\"https:\/\/www.mouldprecision.com\/de\/service\/formenbau.html\"]}]},{\"@type\":\"BreadcrumbList\",\"@id\":\"https:\/\/www.mouldprecision.com\/de\/service\/formenbau.html#breadcrumb\",\"itemListElement\":[{\"@type\":\"ListItem\",\"position\":1,\"name\":\"Home\",\"item\":\"https:\/\/www.mouldprecision.com\/de\"},{\"@type\":\"ListItem\",\"position\":2,\"name\":\"Service\",\"item\":\"https:\/\/www.mouldprecision.com\/de\/service.html\"},{\"@type\":\"ListItem\",\"position\":3,\"name\":\"Formenbau\"}]},{\"@type\":\"WebSite\",\"@id\":\"https:\/\/www.mouldprecision.com\/#website\",\"url\":\"https:\/\/www.mouldprecision.com\/\",\"name\":\"China mould maker,mould making company &amp; manufacturer\",\"description\":\"\",\"publisher\":{\"@id\":\"https:\/\/www.mouldprecision.com\/#organization\"},\"potentialAction\":[{\"@type\":\"SearchAction\",\"target\":{\"@type\":\"EntryPoint\",\"urlTemplate\":\"https:\/\/www.mouldprecision.com\/?s={search_term_string}\"},\"query-input\":{\"@type\":\"PropertyValueSpecification\",\"valueRequired\":true,\"valueName\":\"search_term_string\"}}],\"inLanguage\":\"de-DE\"},{\"@type\":\"Organization\",\"@id\":\"https:\/\/www.mouldprecision.com\/#organization\",\"name\":\"China mould maker,mould making company &amp; manufacturer\",\"url\":\"https:\/\/www.mouldprecision.com\/\",\"logo\":{\"@type\":\"ImageObject\",\"inLanguage\":\"de-DE\",\"@id\":\"https:\/\/www.mouldprecision.com\/#\/schema\/logo\/image\/\",\"url\":\"https:\/\/www.mouldprecision.com\/wp-content\/uploads\/2018\/08\/MP-logo.png\",\"contentUrl\":\"https:\/\/www.mouldprecision.com\/wp-content\/uploads\/2018\/08\/MP-logo.png\",\"width\":156,\"height\":59,\"caption\":\"China mould maker,mould making company &amp; manufacturer\"},\"image\":{\"@id\":\"https:\/\/www.mouldprecision.com\/#\/schema\/logo\/image\/\"}}]}<\/script>\n<!-- \/ Yoast SEO plugin. -->","yoast_head_json":{"title":"Formenbau | China mould maker,mould making company &amp; manufacturer","description":"Wir haben reiche Erfahrung in der Herstellung von Kunststoffspritzgussformen, mit LKM-, HASCO- oder DME-Standard und Spezifikation der Kundenanforderungen.","robots":{"index":"index","follow":"follow","max-snippet":"max-snippet:-1","max-image-preview":"max-image-preview:large","max-video-preview":"max-video-preview:-1"},"canonical":"https:\/\/www.mouldprecision.com\/de\/service\/formenbau.html","og_locale":"de_DE","og_type":"article","og_title":"Formenbau | China mould maker,mould making company &amp; manufacturer","og_description":"Wir haben reiche Erfahrung in der Herstellung von Kunststoffspritzgussformen, mit LKM-, HASCO- oder DME-Standard und Spezifikation der Kundenanforderungen.","og_url":"https:\/\/www.mouldprecision.com\/de\/service\/formenbau.html","og_site_name":"China mould maker,mould making company &amp; manufacturer","article_modified_time":"2018-09-04T12:55:00+00:00","twitter_card":"summary_large_image","twitter_misc":{"Gesch\u00e4tzte Lesezeit":"1 minute"},"schema":{"@context":"https:\/\/schema.org","@graph":[{"@type":"WebPage","@id":"https:\/\/www.mouldprecision.com\/de\/service\/formenbau.html","url":"https:\/\/www.mouldprecision.com\/de\/service\/formenbau.html","name":"Formenbau | China mould maker,mould making company &amp; manufacturer","isPartOf":{"@id":"https:\/\/www.mouldprecision.com\/#website"},"datePublished":"2018-09-04T12:53:11+00:00","dateModified":"2018-09-04T12:55:00+00:00","description":"Wir haben reiche Erfahrung in der Herstellung von Kunststoffspritzgussformen, mit LKM-, HASCO- oder DME-Standard und Spezifikation der Kundenanforderungen.","breadcrumb":{"@id":"https:\/\/www.mouldprecision.com\/de\/service\/formenbau.html#breadcrumb"},"inLanguage":"de-DE","potentialAction":[{"@type":"ReadAction","target":["https:\/\/www.mouldprecision.com\/de\/service\/formenbau.html"]}]},{"@type":"BreadcrumbList","@id":"https:\/\/www.mouldprecision.com\/de\/service\/formenbau.html#breadcrumb","itemListElement":[{"@type":"ListItem","position":1,"name":"Home","item":"https:\/\/www.mouldprecision.com\/de"},{"@type":"ListItem","position":2,"name":"Service","item":"https:\/\/www.mouldprecision.com\/de\/service.html"},{"@type":"ListItem","position":3,"name":"Formenbau"}]},{"@type":"WebSite","@id":"https:\/\/www.mouldprecision.com\/#website","url":"https:\/\/www.mouldprecision.com\/","name":"China mould maker,mould making company &amp; manufacturer","description":"","publisher":{"@id":"https:\/\/www.mouldprecision.com\/#organization"},"potentialAction":[{"@type":"SearchAction","target":{"@type":"EntryPoint","urlTemplate":"https:\/\/www.mouldprecision.com\/?s={search_term_string}"},"query-input":{"@type":"PropertyValueSpecification","valueRequired":true,"valueName":"search_term_string"}}],"inLanguage":"de-DE"},{"@type":"Organization","@id":"https:\/\/www.mouldprecision.com\/#organization","name":"China mould maker,mould making company &amp; manufacturer","url":"https:\/\/www.mouldprecision.com\/","logo":{"@type":"ImageObject","inLanguage":"de-DE","@id":"https:\/\/www.mouldprecision.com\/#\/schema\/logo\/image\/","url":"https:\/\/www.mouldprecision.com\/wp-content\/uploads\/2018\/08\/MP-logo.png","contentUrl":"https:\/\/www.mouldprecision.com\/wp-content\/uploads\/2018\/08\/MP-logo.png","width":156,"height":59,"caption":"China mould maker,mould making company &amp; manufacturer"},"image":{"@id":"https:\/\/www.mouldprecision.com\/#\/schema\/logo\/image\/"}}]}},"_links":{"self":[{"href":"https:\/\/www.mouldprecision.com\/de\/wp-json\/wp\/v2\/pages\/3816","targetHints":{"allow":["GET"]}}],"collection":[{"href":"https:\/\/www.mouldprecision.com\/de\/wp-json\/wp\/v2\/pages"}],"about":[{"href":"https:\/\/www.mouldprecision.com\/de\/wp-json\/wp\/v2\/types\/page"}],"author":[{"embeddable":true,"href":"https:\/\/www.mouldprecision.com\/de\/wp-json\/wp\/v2\/users\/2"}],"replies":[{"embeddable":true,"href":"https:\/\/www.mouldprecision.com\/de\/wp-json\/wp\/v2\/comments?post=3816"}],"version-history":[{"count":0,"href":"https:\/\/www.mouldprecision.com\/de\/wp-json\/wp\/v2\/pages\/3816\/revisions"}],"up":[{"embeddable":true,"href":"https:\/\/www.mouldprecision.com\/de\/wp-json\/wp\/v2\/pages\/3810"}],"wp:attachment":[{"href":"https:\/\/www.mouldprecision.com\/de\/wp-json\/wp\/v2\/media?parent=3816"}],"curies":[{"name":"wp","href":"https:\/\/api.w.org\/{rel}","templated":true}]}}