{"id":3812,"date":"2018-09-04T12:40:03","date_gmt":"2018-09-04T12:40:03","guid":{"rendered":"https:\/\/www.mouldprecision.com\/?page_id=3812"},"modified":"2018-09-04T12:56:49","modified_gmt":"2018-09-04T12:56:49","slug":"maschinenbau","status":"publish","type":"page","link":"https:\/\/www.mouldprecision.com\/de\/service\/maschinenbau.html","title":{"rendered":"Maschinenbau"},"content":{"rendered":"<h3><strong>Gro\u00dfe\u00a0<\/strong><strong>Werkzeugkonstruktion\u00a0<\/strong><strong>ist ein halber Erfolg von hoher Qualit\u00e4t\u00a0<\/strong><strong>Formenbau<\/strong><\/h3>\n<p>Unsere intelligenten Werkzeugingenieure bieten Ihnen <strong>DFM, Moldflow, 2D Mold Layout und 3D Mold Drawing,<\/strong> sie sind erfahrene und erfahrene CAE\/CAD\/CAM-Anwender f\u00fcr den Formenbau und die Spritzgussanalyse.<\/p>\n<p>Bei DFM handelt es sich um eine PPT-Datei, die Informationen \u00fcber die Basisform, wie Werkzeugnummer, Kunststofftyp und -schrumpfung, Kavit\u00e4tenanzahl usw., und Teile-Layout, Teile-Linie, Kufen-Design, Anschnittweg, Auswurfmethode, K\u00fchlungs-Layout und Entl\u00fcftung usw. enth\u00e4lt.<\/p>\n<h3><strong>Vorlaufzeit f\u00fcr die Werkzeugkonstruktion<\/strong><\/h3>\n<div class=\"pd6\">\n<p><strong>1-3 Tage f\u00fcr DFM (Design for Manufacturing, PPT)<\/strong><\/p>\n<p><strong>1-3 Tage f\u00fcr 2D Formenbau,(. DWG)<\/strong><\/p>\n<p><strong>1-3 Tage 3D Formzeichnungen(.STP oder .X-T)<\/strong><\/p>\n<\/div>\n<p>&nbsp;<\/p>\n<style type=\"text\/css\">\n#foogallery-gallery-826 .fg-image { width: 251px; }\n#foogallery-gallery-826 { --fg-gutter: 10px; }<\/style>\n\t\t\t<style type=\"text\/css\">\n#foogallery-gallery-826_1 .fg-image { width: 251px; }\n#foogallery-gallery-826_1 { --fg-gutter: 10px; }<\/style>\n\t\t\t<div class=\"foogallery foogallery-container foogallery-default foogallery-lightbox-foobox fg-center fg-default fg-ready fg-light fg-loaded-fade-in fg-hover-scale fg-hover-fade fg-hover-zoom\" id=\"foogallery-gallery-826_1\" data-foogallery=\"{&quot;item&quot;:{&quot;showCaptionTitle&quot;:true,&quot;showCaptionDescription&quot;:true},&quot;lazy&quot;:true}\" style=\"--fg-title-line-clamp: 0; --fg-description-line-clamp: 0;\" >\n\t<div class=\"fg-item fg-type-image fg-idle\"><figure class=\"fg-item-inner\"><a href=\"https:\/\/www.mouldprecision.com\/wp-content\/uploads\/2018\/08\/mould-design.jpg\" data-attachment-id=\"2245\" data-type=\"image\" class=\"fg-thumb\"><span class=\"fg-image-wrap\"><img decoding=\"async\" width=\"251\" height=\"190\" class=\"skip-lazy fg-image\" data-src-fg=\"https:\/\/www.mouldprecision.com\/wp-content\/uploads\/cache\/2018\/08\/mould-design\/3781705153.jpg\" src=\"data:image\/svg+xml,%3Csvg%20xmlns%3D%22http%3A%2F%2Fwww.w3.org%2F2000%2Fsvg%22%20width%3D%22251%22%20height%3D%22190%22%20viewBox%3D%220%200%20251%20190%22%3E%3C%2Fsvg%3E\" loading=\"eager\"><\/span><span class=\"fg-image-overlay\"><\/span><\/a><\/figure><div class=\"fg-loader\"><\/div><\/div><div class=\"fg-item fg-type-image fg-idle\"><figure class=\"fg-item-inner\"><a href=\"https:\/\/www.mouldprecision.com\/wp-content\/uploads\/2018\/08\/3D-mould-design.jpg\" data-attachment-id=\"2242\" data-type=\"image\" class=\"fg-thumb\"><span class=\"fg-image-wrap\"><img decoding=\"async\" width=\"251\" height=\"190\" class=\"skip-lazy fg-image\" data-src-fg=\"https:\/\/www.mouldprecision.com\/wp-content\/uploads\/cache\/2018\/08\/3D-mould-design\/3570254831.jpg\" src=\"data:image\/svg+xml,%3Csvg%20xmlns%3D%22http%3A%2F%2Fwww.w3.org%2F2000%2Fsvg%22%20width%3D%22251%22%20height%3D%22190%22%20viewBox%3D%220%200%20251%20190%22%3E%3C%2Fsvg%3E\" loading=\"eager\"><\/span><span class=\"fg-image-overlay\"><\/span><\/a><\/figure><div class=\"fg-loader\"><\/div><\/div><div class=\"fg-item fg-type-image fg-idle\"><figure class=\"fg-item-inner\"><a href=\"https:\/\/www.mouldprecision.com\/wp-content\/uploads\/2018\/08\/3D-mould.jpg\" data-attachment-id=\"2241\" data-type=\"image\" class=\"fg-thumb\"><span class=\"fg-image-wrap\"><img decoding=\"async\" width=\"251\" height=\"190\" class=\"skip-lazy fg-image\" data-src-fg=\"https:\/\/www.mouldprecision.com\/wp-content\/uploads\/cache\/2018\/08\/3D-mould\/1241497928.jpg\" src=\"data:image\/svg+xml,%3Csvg%20xmlns%3D%22http%3A%2F%2Fwww.w3.org%2F2000%2Fsvg%22%20width%3D%22251%22%20height%3D%22190%22%20viewBox%3D%220%200%20251%20190%22%3E%3C%2Fsvg%3E\" loading=\"eager\"><\/span><span class=\"fg-image-overlay\"><\/span><\/a><\/figure><div class=\"fg-loader\"><\/div><\/div><\/div>\n\n<p>&nbsp;<\/p>\n<h3><strong>MoldFlow-Analyse:<\/strong><\/h3>\n<p><img loading=\"lazy\" decoding=\"async\" class=\"alignnone size-medium wp-image-2158\" src=\"https:\/\/www.mouldprecision.com\/wp-content\/uploads\/2018\/08\/mold-flow-analysis.gif\" alt=\"Moldflow analysis\" width=\"600\" height=\"303\" \/><\/p>\n<h3>Die Software:<\/h3>\n<ul class=\"pd6\">\n<li>Pro\/ENGINEER (3D-Modellierung)<\/li>\n<li>Unigraphics (3D-Modellierung)<\/li>\n<li>Solidworks (3D-Modellierung)<\/li>\n<li>AutoCAD (2D-Modellierung)<\/li>\n<li>Moldflow Mold Advisor (Kunststoff-Flie\u00df-\/Verformungssimulation)<\/li>\n<li>MasterCAM (CNC-Programmierung)<\/li>\n<li>Unigraphics (CNC-Programmierung)<\/li>\n<li>Geomagic Studio (Beispielscannen)<\/li>\n<\/ul>\n<p>Das Zeichnungsdateiformat: <strong>DWG, DXF und PDF von 2D Zeichnungen, IGES, STEP, STP, X-T, STL etc. f\u00fcr 3D Zeichnungen.<\/strong><\/p>\n<h4>&#8211;&gt;<a href=\"https:\/\/www.mouldprecision.com\/de\/service\/formenbau.html\">Formenbau<\/a><\/h4>\n<!-- Begin Yuzo --><div class='yuzo_related_post style-1'  data-version='5.12.89'><!-- without result --><div class='yuzo_clearfixed yuzo__title yuzo__title'><h5>Related Post<\/h5><\/div>\n<\/div>  <!-- End Yuzo :) -->","protected":false},"excerpt":{"rendered":"<p>Gro\u00dfe\u00a0Werkzeugkonstruktion\u00a0ist ein halber Erfolg von hoher Qualit\u00e4t\u00a0Formenbau Unsere intelligenten Werkzeugingenieure bieten Ihnen DFM, Moldflow, 2D Mold Layout und 3D Mold Drawing, sie sind erfahrene und erfahrene CAE\/CAD\/CAM-Anwender f\u00fcr den Formenbau und die Spritzgussanalyse. Bei DFM handelt es sich um eine PPT-Datei, die Informationen \u00fcber die Basisform, wie Werkzeugnummer, Kunststofftyp und -schrumpfung, Kavit\u00e4tenanzahl usw., und Teile-Layout, [&hellip;]<\/p>\n","protected":false},"author":2,"featured_media":0,"parent":3810,"menu_order":0,"comment_status":"closed","ping_status":"closed","template":"","meta":{"footnotes":""},"class_list":["post-3812","page","type-page","status-publish","hentry"],"yoast_head":"<!-- This site is optimized with the Yoast SEO plugin v27.2 - https:\/\/yoast.com\/product\/yoast-seo-wordpress\/ -->\n<title>Maschinenbau | China mould maker,mould making company &amp; manufacturer<\/title>\n<meta name=\"description\" content=\"Gro\u00dfe\u00a0Werkzeugkonstruktion\u00a0ist ein halber Erfolg von hoher Qualit\u00e4t\u00a0FormenbauUnsere intelligenten Werkzeugingenieure.\" \/>\n<meta name=\"robots\" content=\"index, follow, max-snippet:-1, max-image-preview:large, max-video-preview:-1\" \/>\n<link rel=\"canonical\" href=\"https:\/\/www.mouldprecision.com\/de\/service\/maschinenbau.html\" \/>\n<meta property=\"og:locale\" content=\"de_DE\" \/>\n<meta property=\"og:type\" content=\"article\" \/>\n<meta property=\"og:title\" content=\"Maschinenbau | China mould maker,mould making company &amp; manufacturer\" \/>\n<meta property=\"og:description\" content=\"Gro\u00dfe\u00a0Werkzeugkonstruktion\u00a0ist ein halber Erfolg von hoher Qualit\u00e4t\u00a0FormenbauUnsere intelligenten Werkzeugingenieure.\" \/>\n<meta property=\"og:url\" content=\"https:\/\/www.mouldprecision.com\/de\/service\/maschinenbau.html\" \/>\n<meta property=\"og:site_name\" content=\"China mould maker,mould making company &amp; manufacturer\" \/>\n<meta property=\"article:modified_time\" content=\"2018-09-04T12:56:49+00:00\" \/>\n<meta property=\"og:image\" content=\"https:\/\/www.mouldprecision.com\/wp-content\/uploads\/2018\/08\/mold-flow-analysis.gif\" \/>\n<meta name=\"twitter:card\" content=\"summary_large_image\" \/>\n<meta name=\"twitter:label1\" content=\"Gesch\u00e4tzte Lesezeit\" \/>\n\t<meta name=\"twitter:data1\" content=\"1 minute\" \/>\n<script type=\"application\/ld+json\" class=\"yoast-schema-graph\">{\"@context\":\"https:\/\/schema.org\",\"@graph\":[{\"@type\":\"WebPage\",\"@id\":\"https:\/\/www.mouldprecision.com\/de\/service\/maschinenbau.html\",\"url\":\"https:\/\/www.mouldprecision.com\/de\/service\/maschinenbau.html\",\"name\":\"Maschinenbau | China mould maker,mould making company &amp; manufacturer\",\"isPartOf\":{\"@id\":\"https:\/\/www.mouldprecision.com\/#website\"},\"primaryImageOfPage\":{\"@id\":\"https:\/\/www.mouldprecision.com\/de\/service\/maschinenbau.html#primaryimage\"},\"image\":{\"@id\":\"https:\/\/www.mouldprecision.com\/de\/service\/maschinenbau.html#primaryimage\"},\"thumbnailUrl\":\"https:\/\/www.mouldprecision.com\/wp-content\/uploads\/2018\/08\/mold-flow-analysis.gif\",\"datePublished\":\"2018-09-04T12:40:03+00:00\",\"dateModified\":\"2018-09-04T12:56:49+00:00\",\"description\":\"Gro\u00dfe\u00a0Werkzeugkonstruktion\u00a0ist ein halber Erfolg von hoher Qualit\u00e4t\u00a0FormenbauUnsere intelligenten Werkzeugingenieure.\",\"breadcrumb\":{\"@id\":\"https:\/\/www.mouldprecision.com\/de\/service\/maschinenbau.html#breadcrumb\"},\"inLanguage\":\"de-DE\",\"potentialAction\":[{\"@type\":\"ReadAction\",\"target\":[\"https:\/\/www.mouldprecision.com\/de\/service\/maschinenbau.html\"]}]},{\"@type\":\"ImageObject\",\"inLanguage\":\"de-DE\",\"@id\":\"https:\/\/www.mouldprecision.com\/de\/service\/maschinenbau.html#primaryimage\",\"url\":\"https:\/\/www.mouldprecision.com\/wp-content\/uploads\/2018\/08\/mold-flow-analysis.gif\",\"contentUrl\":\"https:\/\/www.mouldprecision.com\/wp-content\/uploads\/2018\/08\/mold-flow-analysis.gif\"},{\"@type\":\"BreadcrumbList\",\"@id\":\"https:\/\/www.mouldprecision.com\/de\/service\/maschinenbau.html#breadcrumb\",\"itemListElement\":[{\"@type\":\"ListItem\",\"position\":1,\"name\":\"Home\",\"item\":\"https:\/\/www.mouldprecision.com\/de\"},{\"@type\":\"ListItem\",\"position\":2,\"name\":\"Service\",\"item\":\"https:\/\/www.mouldprecision.com\/de\/service.html\"},{\"@type\":\"ListItem\",\"position\":3,\"name\":\"Maschinenbau\"}]},{\"@type\":\"WebSite\",\"@id\":\"https:\/\/www.mouldprecision.com\/#website\",\"url\":\"https:\/\/www.mouldprecision.com\/\",\"name\":\"China mould maker,mould making company &amp; manufacturer\",\"description\":\"\",\"publisher\":{\"@id\":\"https:\/\/www.mouldprecision.com\/#organization\"},\"potentialAction\":[{\"@type\":\"SearchAction\",\"target\":{\"@type\":\"EntryPoint\",\"urlTemplate\":\"https:\/\/www.mouldprecision.com\/?s={search_term_string}\"},\"query-input\":{\"@type\":\"PropertyValueSpecification\",\"valueRequired\":true,\"valueName\":\"search_term_string\"}}],\"inLanguage\":\"de-DE\"},{\"@type\":\"Organization\",\"@id\":\"https:\/\/www.mouldprecision.com\/#organization\",\"name\":\"China mould maker,mould making company &amp; manufacturer\",\"url\":\"https:\/\/www.mouldprecision.com\/\",\"logo\":{\"@type\":\"ImageObject\",\"inLanguage\":\"de-DE\",\"@id\":\"https:\/\/www.mouldprecision.com\/#\/schema\/logo\/image\/\",\"url\":\"https:\/\/www.mouldprecision.com\/wp-content\/uploads\/2018\/08\/MP-logo.png\",\"contentUrl\":\"https:\/\/www.mouldprecision.com\/wp-content\/uploads\/2018\/08\/MP-logo.png\",\"width\":156,\"height\":59,\"caption\":\"China mould maker,mould making company &amp; manufacturer\"},\"image\":{\"@id\":\"https:\/\/www.mouldprecision.com\/#\/schema\/logo\/image\/\"}}]}<\/script>\n<!-- \/ Yoast SEO plugin. -->","yoast_head_json":{"title":"Maschinenbau | China mould maker,mould making company &amp; manufacturer","description":"Gro\u00dfe\u00a0Werkzeugkonstruktion\u00a0ist ein halber Erfolg von hoher Qualit\u00e4t\u00a0FormenbauUnsere intelligenten Werkzeugingenieure.","robots":{"index":"index","follow":"follow","max-snippet":"max-snippet:-1","max-image-preview":"max-image-preview:large","max-video-preview":"max-video-preview:-1"},"canonical":"https:\/\/www.mouldprecision.com\/de\/service\/maschinenbau.html","og_locale":"de_DE","og_type":"article","og_title":"Maschinenbau | China mould maker,mould making company &amp; manufacturer","og_description":"Gro\u00dfe\u00a0Werkzeugkonstruktion\u00a0ist ein halber Erfolg von hoher Qualit\u00e4t\u00a0FormenbauUnsere intelligenten Werkzeugingenieure.","og_url":"https:\/\/www.mouldprecision.com\/de\/service\/maschinenbau.html","og_site_name":"China mould maker,mould making company &amp; manufacturer","article_modified_time":"2018-09-04T12:56:49+00:00","og_image":[{"url":"https:\/\/www.mouldprecision.com\/wp-content\/uploads\/2018\/08\/mold-flow-analysis.gif","type":"","width":"","height":""}],"twitter_card":"summary_large_image","twitter_misc":{"Gesch\u00e4tzte Lesezeit":"1 minute"},"schema":{"@context":"https:\/\/schema.org","@graph":[{"@type":"WebPage","@id":"https:\/\/www.mouldprecision.com\/de\/service\/maschinenbau.html","url":"https:\/\/www.mouldprecision.com\/de\/service\/maschinenbau.html","name":"Maschinenbau | China mould maker,mould making company &amp; manufacturer","isPartOf":{"@id":"https:\/\/www.mouldprecision.com\/#website"},"primaryImageOfPage":{"@id":"https:\/\/www.mouldprecision.com\/de\/service\/maschinenbau.html#primaryimage"},"image":{"@id":"https:\/\/www.mouldprecision.com\/de\/service\/maschinenbau.html#primaryimage"},"thumbnailUrl":"https:\/\/www.mouldprecision.com\/wp-content\/uploads\/2018\/08\/mold-flow-analysis.gif","datePublished":"2018-09-04T12:40:03+00:00","dateModified":"2018-09-04T12:56:49+00:00","description":"Gro\u00dfe\u00a0Werkzeugkonstruktion\u00a0ist ein halber Erfolg von hoher Qualit\u00e4t\u00a0FormenbauUnsere intelligenten Werkzeugingenieure.","breadcrumb":{"@id":"https:\/\/www.mouldprecision.com\/de\/service\/maschinenbau.html#breadcrumb"},"inLanguage":"de-DE","potentialAction":[{"@type":"ReadAction","target":["https:\/\/www.mouldprecision.com\/de\/service\/maschinenbau.html"]}]},{"@type":"ImageObject","inLanguage":"de-DE","@id":"https:\/\/www.mouldprecision.com\/de\/service\/maschinenbau.html#primaryimage","url":"https:\/\/www.mouldprecision.com\/wp-content\/uploads\/2018\/08\/mold-flow-analysis.gif","contentUrl":"https:\/\/www.mouldprecision.com\/wp-content\/uploads\/2018\/08\/mold-flow-analysis.gif"},{"@type":"BreadcrumbList","@id":"https:\/\/www.mouldprecision.com\/de\/service\/maschinenbau.html#breadcrumb","itemListElement":[{"@type":"ListItem","position":1,"name":"Home","item":"https:\/\/www.mouldprecision.com\/de"},{"@type":"ListItem","position":2,"name":"Service","item":"https:\/\/www.mouldprecision.com\/de\/service.html"},{"@type":"ListItem","position":3,"name":"Maschinenbau"}]},{"@type":"WebSite","@id":"https:\/\/www.mouldprecision.com\/#website","url":"https:\/\/www.mouldprecision.com\/","name":"China mould maker,mould making company &amp; manufacturer","description":"","publisher":{"@id":"https:\/\/www.mouldprecision.com\/#organization"},"potentialAction":[{"@type":"SearchAction","target":{"@type":"EntryPoint","urlTemplate":"https:\/\/www.mouldprecision.com\/?s={search_term_string}"},"query-input":{"@type":"PropertyValueSpecification","valueRequired":true,"valueName":"search_term_string"}}],"inLanguage":"de-DE"},{"@type":"Organization","@id":"https:\/\/www.mouldprecision.com\/#organization","name":"China mould maker,mould making company &amp; manufacturer","url":"https:\/\/www.mouldprecision.com\/","logo":{"@type":"ImageObject","inLanguage":"de-DE","@id":"https:\/\/www.mouldprecision.com\/#\/schema\/logo\/image\/","url":"https:\/\/www.mouldprecision.com\/wp-content\/uploads\/2018\/08\/MP-logo.png","contentUrl":"https:\/\/www.mouldprecision.com\/wp-content\/uploads\/2018\/08\/MP-logo.png","width":156,"height":59,"caption":"China mould maker,mould making company &amp; manufacturer"},"image":{"@id":"https:\/\/www.mouldprecision.com\/#\/schema\/logo\/image\/"}}]}},"_links":{"self":[{"href":"https:\/\/www.mouldprecision.com\/de\/wp-json\/wp\/v2\/pages\/3812","targetHints":{"allow":["GET"]}}],"collection":[{"href":"https:\/\/www.mouldprecision.com\/de\/wp-json\/wp\/v2\/pages"}],"about":[{"href":"https:\/\/www.mouldprecision.com\/de\/wp-json\/wp\/v2\/types\/page"}],"author":[{"embeddable":true,"href":"https:\/\/www.mouldprecision.com\/de\/wp-json\/wp\/v2\/users\/2"}],"replies":[{"embeddable":true,"href":"https:\/\/www.mouldprecision.com\/de\/wp-json\/wp\/v2\/comments?post=3812"}],"version-history":[{"count":0,"href":"https:\/\/www.mouldprecision.com\/de\/wp-json\/wp\/v2\/pages\/3812\/revisions"}],"up":[{"embeddable":true,"href":"https:\/\/www.mouldprecision.com\/de\/wp-json\/wp\/v2\/pages\/3810"}],"wp:attachment":[{"href":"https:\/\/www.mouldprecision.com\/de\/wp-json\/wp\/v2\/media?parent=3812"}],"curies":[{"name":"wp","href":"https:\/\/api.w.org\/{rel}","templated":true}]}}