{"id":3803,"date":"2018-09-04T12:12:14","date_gmt":"2018-09-04T12:12:14","guid":{"rendered":"https:\/\/www.mouldprecision.com\/?page_id=3803"},"modified":"2018-09-04T12:12:14","modified_gmt":"2018-09-04T12:12:14","slug":"datenschutz-politik","status":"publish","type":"page","link":"https:\/\/www.mouldprecision.com\/de\/datenschutz-politik.html","title":{"rendered":"Datenschutz &#8211; politik"},"content":{"rendered":"<h1>Datenschutz &#8211; politik<\/h1>\n<p>Effective date: August 03, 2018<\/p>\n<p>Mould Precision Co., Ltd. (&#8220;us&#8221;, &#8220;we&#8221;, or &#8220;our&#8221;) operates the www.mouldprecision.com website (the &#8220;Service&#8221;).<\/p>\n<p>diese seite informiert sie unsere politiken in bezug auf die erfassung, verwendung und offenlegung personenbezogener daten, wenn sie unseren service nutzen und welche m\u00f6glichkeiten sie haben, damit diese daten.diese datenschutzerkl\u00e4rung f\u00fcr schimmelpilze pr\u00e4zision co., ltd. ist ein freeprivacypolicy.com.<\/p>\n<p>wir nutzen ihre daten zu liefern und den dienst zu verbessern.durch die nutzung der services, stimmen sie der sammlung und nutzung von informationen im einklang mit dieser politik.sofern nicht anders festgelegt, die in diesen datenschutzrichtlinien, begriffen, die in diesen datenschutzrichtlinien haben die gleiche bedeutung wie in unseren allgemeinen gesch\u00e4ftsbedingungen f\u00fcr www.mouldprecision.com<\/p>\n<p>informationen sammeln und nutzen<br \/>\nwir sammeln verschiedene arten von informationen f\u00fcr verschiedene zwecke zu sichern und verbessern unseren service f\u00fcr sie.<\/p>\n<p>arten von daten<br \/>\npers\u00f6nliche daten<br \/>\nw\u00e4hrend unseren service nutzen k\u00f6nnen, m\u00f6chten wir sie bitten, uns mit einigen pers\u00f6nlichen informationen verwendet werden kann, sie zu identifizieren oder zu kontaktieren (&#8220;pers\u00f6nliche daten&#8221;).pers\u00f6nlich identifizierbare informationen k\u00f6nnen auch, aber nicht nur.<\/p>\n<ul>\n<li>e &#8211; mail &#8211; adresse<\/li>\n<li>vorname und nachname<\/li>\n<li>cookies und nutzungsdaten<\/li>\n<\/ul>\n<p>nutzungsdaten<br \/>\nwir k\u00f6nnen auch informationen wie der service ist zug\u00e4nglich und verwendet (&#8220;personenbezogenen daten&#8221;).diese nutzungsdaten k\u00f6nnen informationen wie ip &#8211; adresse ihres computers (z.b. ip &#8211; adresse), browser &#8211; typ, browser &#8211; version, die seiten unseres services, die sie besuchen, die zeit und das datum ihres besuchs, die zeit auf diesen seiten, einzigartiges ger\u00e4t identifikatoren und anderen diagnostischen daten.<\/p>\n<p>tracking &#8211; cookies daten<br \/>\nwir verwenden cookies und \u00e4hnliche tracking &#8211; technologien zu verfolgen, die aktivit\u00e4ten auf unseren service und sie bestimmte informationen.<\/p>\n<p>cookies sind kleine dateien, mit mengen von daten wie z.b. ein anonymer unique identifier.cookies in ihrem browser eine website und auf ihrem ger\u00e4t gespeichert.tracking &#8211; technologien auch wirkliche, tags und skripte zu sammeln und informationen zu verbessern und zu analysieren und zu unserem service.<\/p>\n<p>sie k\u00f6nnen ihren browser anweisen, alle cookies ablehnt oder anzeigt, wenn ein cookie gesendet wird.wenn sie keine cookies akzeptieren, k\u00f6nnen sie nicht nutzen k\u00f6nnen, um einige teile unseres dienstes.<\/p>\n<p>beispiele von cookies verwenden wir:<\/p>\n<ul>\n<li><strong>Session Cookies.<\/strong> We use Session Cookies to operate our Service.<\/li>\n<li><strong>Preference Cookies.<\/strong> We use Preference Cookies to remember your preferences and various settings.<\/li>\n<li><strong>Security Cookies.<\/strong> We use Security Cookies for security purposes.<\/li>\n<\/ul>\n<h2>Use of Data<\/h2>\n<p>Mould Precision Co., Ltd. uses the collected data for various purposes:<\/p>\n<ul>\n<li>To provide and maintain the Service<\/li>\n<li>To notify you about changes to our Service<\/li>\n<li>To allow you to participate in interactive features of our Service when you choose to do so<\/li>\n<li>To provide customer care and support<\/li>\n<li>To provide analysis or valuable information so that we can improve the Service<\/li>\n<li>To monitor the usage of the Service<\/li>\n<li>To detect, prevent and address technical issues<\/li>\n<\/ul>\n<h2>Transfer Of Data<\/h2>\n<p>Your information, including Personal Data, may be transferred to \u2014 and maintained on \u2014 computers located outside of your state, province, country or other governmental jurisdiction where the data protection laws may differ than those from your jurisdiction.<\/p>\n<p>If you are located outside China and choose to provide information to us, please note that we transfer the data, including Personal Data, to China and process it there.<\/p>\n<p>Your consent to this Privacy Policy followed by your submission of such information represents your agreement to that transfer.<\/p>\n<p>Mould Precision Co., Ltd. will take all steps reasonably necessary to ensure that your data is treated securely and in accordance with this Privacy Policy and no transfer of your Personal Data will take place to an organization or a country unless there are adequate controls in place including the security of your data and other personal information.<\/p>\n<h2>Disclosure Of Data<\/h2>\n<h3>Legal Requirements<\/h3>\n<p>Mould Precision Co., Ltd. may disclose your Personal Data in the good faith belief that such action is necessary to:<\/p>\n<ul>\n<li>To comply with a legal obligation<\/li>\n<li>To protect and defend the rights or property of Mould Precision Co., Ltd.<\/li>\n<li>To prevent or investigate possible wrongdoing in connection with the Service<\/li>\n<li>To protect the personal safety of users of the Service or the public<\/li>\n<li>To protect against legal liability<\/li>\n<\/ul>\n<h2>Security Of Data<\/h2>\n<p>The security of your data is important to us, but remember that no method of transmission over the Internet, or method of electronic storage is 100% secure. While we strive to use commercially acceptable means to protect your Personal Data, we cannot guarantee its absolute security.<\/p>\n<h2>Service Providers<\/h2>\n<p>We may employ third party companies and individuals to facilitate our Service (&#8220;Service Providers&#8221;), to provide the Service on our behalf, to perform Service-related services or to assist us in analyzing how our Service is used.<\/p>\n<p>These third parties have access to your Personal Data only to perform these tasks on our behalf and are obligated not to disclose or use it for any other purpose.<\/p>\n<h3>Analytics<\/h3>\n<p>We may use third-party Service Providers to monitor and analyze the use of our Service.<\/p>\n<ul>\n<li><strong>Google Analytics<\/strong>Google Analytics is a web analytics service offered by Google that tracks and reports website traffic. Google uses the data collected to track and monitor the use of our Service. This data is shared with other Google services. Google may use the collected data to contextualize and personalize the ads of its own advertising network.You can opt-out of having made your activity on the Service available to Google Analytics by installing the Google Analytics opt-out browser add-on. The add-on prevents the Google Analytics JavaScript (ga.js, analytics.js, and dc.js) from sharing information with Google Analytics about visits activity.For more information on the privacy practices of Google, please visit the Google Privacy &amp; Terms web page: https:\/\/policies.google.com\/privacy?hl=en<\/li>\n<\/ul>\n<h2>Links To Other Sites<\/h2>\n<p>Our Service may contain links to other sites that are not operated by us. If you click on a third party link, you will be directed to that third party&#8217;s site. We strongly advise you to review the Privacy Policy of every site you visit.<\/p>\n<p>We have no control over and assume no responsibility for the content, privacy policies or practices of any third party sites or services.<\/p>\n<h2>Children&#8217;s Privacy<\/h2>\n<p>Our Service does not address anyone under the age of 18 (&#8220;Children&#8221;).<\/p>\n<p>We do not knowingly collect personally identifiable information from anyone under the age of 18. If you are a parent or guardian and you are aware that your Children has provided us with Personal Data, please contact us. If we become aware that we have collected Personal Data from children without verification of parental consent, we take steps to remove that information from our servers.<\/p>\n<h2>Changes To This Privacy Policy<\/h2>\n<p>We may update our Privacy Policy from time to time. We will notify you of any changes by posting the new Privacy Policy on this page.<\/p>\n<p>We will let you know via email and\/or a prominent notice on our Service, prior to the change becoming effective and update the &#8220;effective date&#8221; at the top of this Privacy Policy.<\/p>\n<p>You are advised to review this Privacy Policy periodically for any changes. Changes to this Privacy Policy are effective when they are posted on this page.<\/p>\n<h2>Contact Us<\/h2>\n<p>If you have any questions about this Privacy Policy, please contact us:<\/p>\n<ul>\n<li>By email: <span \n                data-original-string='\/7D7EjVxaFcMuK0nwjG2kg==3b7SXZqfZIGsrTq3+2Fh\/VfbBUtwekuSYKffW3Z8+1vEVw='\n                class='apbct-email-encoder'\n                title='Dieser Kontakt wurde von Anti-Spam by CleanTalk verschl\u00fcsselt. Klicken Sie hier, um ihn zu entschl\u00fcsseln. Um die Entschl\u00fcsselung abzuschlie\u00dfen, stellen Sie sicher, dass JavaScript in Ihrem Browser aktiviert ist.'>sa<span class=\"apbct-blur\">***<\/span>@<span class=\"apbct-blur\">************<\/span>on.com<\/span><\/li>\n<li>By visiting this page on our website:\u00a0https:\/\/www.mouldprecision.com\/privacy-policy.html<\/li>\n<\/ul>\n<!-- Begin Yuzo --><div class='yuzo_related_post style-1'  data-version='5.12.89'><!-- without result --><div class='yuzo_clearfixed yuzo__title yuzo__title'><h5>Related Post<\/h5><\/div>\n<\/div>  <!-- End Yuzo :) -->","protected":false},"excerpt":{"rendered":"<p>Datenschutz &#8211; politik Effective date: August 03, 2018 Mould Precision Co., Ltd. (&#8220;us&#8221;, &#8220;we&#8221;, or &#8220;our&#8221;) operates the www.mouldprecision.com website (the &#8220;Service&#8221;). diese seite informiert sie unsere politiken in bezug auf die erfassung, verwendung und offenlegung personenbezogener daten, wenn sie unseren service nutzen und welche m\u00f6glichkeiten sie haben, damit diese daten.diese datenschutzerkl\u00e4rung f\u00fcr schimmelpilze pr\u00e4zision [&hellip;]<\/p>\n","protected":false},"author":2,"featured_media":0,"parent":0,"menu_order":0,"comment_status":"closed","ping_status":"closed","template":"","meta":{"footnotes":""},"class_list":["post-3803","page","type-page","status-publish","hentry"],"yoast_head":"<!-- This site is optimized with the Yoast SEO plugin v27.2 - https:\/\/yoast.com\/product\/yoast-seo-wordpress\/ -->\n<title>Datenschutz - politik | China mould maker,mould making company &amp; manufacturer<\/title>\n<meta name=\"robots\" content=\"index, follow, max-snippet:-1, max-image-preview:large, max-video-preview:-1\" \/>\n<link rel=\"canonical\" href=\"https:\/\/www.mouldprecision.com\/de\/datenschutz-politik.html\" \/>\n<meta property=\"og:locale\" content=\"de_DE\" \/>\n<meta property=\"og:type\" content=\"article\" \/>\n<meta property=\"og:title\" content=\"Datenschutz - politik | China mould maker,mould making company &amp; manufacturer\" \/>\n<meta property=\"og:description\" content=\"Datenschutz &#8211; politik Effective date: August 03, 2018 Mould Precision Co., Ltd. (&#8220;us&#8221;, &#8220;we&#8221;, or &#8220;our&#8221;) operates the www.mouldprecision.com website (the &#8220;Service&#8221;). diese seite informiert sie unsere politiken in bezug auf die erfassung, verwendung und offenlegung personenbezogener daten, wenn sie unseren service nutzen und welche m\u00f6glichkeiten sie haben, damit diese daten.diese datenschutzerkl\u00e4rung f\u00fcr schimmelpilze pr\u00e4zision [&hellip;]\" \/>\n<meta property=\"og:url\" content=\"https:\/\/www.mouldprecision.com\/de\/datenschutz-politik.html\" \/>\n<meta property=\"og:site_name\" content=\"China mould maker,mould making company &amp; manufacturer\" \/>\n<meta name=\"twitter:card\" content=\"summary_large_image\" \/>\n<meta name=\"twitter:label1\" content=\"Gesch\u00e4tzte Lesezeit\" \/>\n\t<meta name=\"twitter:data1\" content=\"6 minutes\" \/>\n<script type=\"application\/ld+json\" class=\"yoast-schema-graph\">{\"@context\":\"https:\/\/schema.org\",\"@graph\":[{\"@type\":\"WebPage\",\"@id\":\"https:\/\/www.mouldprecision.com\/de\/datenschutz-politik.html\",\"url\":\"https:\/\/www.mouldprecision.com\/de\/datenschutz-politik.html\",\"name\":\"Datenschutz - politik | China mould maker,mould making company &amp; manufacturer\",\"isPartOf\":{\"@id\":\"https:\/\/www.mouldprecision.com\/#website\"},\"datePublished\":\"2018-09-04T12:12:14+00:00\",\"breadcrumb\":{\"@id\":\"https:\/\/www.mouldprecision.com\/de\/datenschutz-politik.html#breadcrumb\"},\"inLanguage\":\"de-DE\",\"potentialAction\":[{\"@type\":\"ReadAction\",\"target\":[\"https:\/\/www.mouldprecision.com\/de\/datenschutz-politik.html\"]}]},{\"@type\":\"BreadcrumbList\",\"@id\":\"https:\/\/www.mouldprecision.com\/de\/datenschutz-politik.html#breadcrumb\",\"itemListElement\":[{\"@type\":\"ListItem\",\"position\":1,\"name\":\"Home\",\"item\":\"https:\/\/www.mouldprecision.com\/de\"},{\"@type\":\"ListItem\",\"position\":2,\"name\":\"Datenschutz &#8211; politik\"}]},{\"@type\":\"WebSite\",\"@id\":\"https:\/\/www.mouldprecision.com\/#website\",\"url\":\"https:\/\/www.mouldprecision.com\/\",\"name\":\"China mould maker,mould making company &amp; manufacturer\",\"description\":\"\",\"publisher\":{\"@id\":\"https:\/\/www.mouldprecision.com\/#organization\"},\"potentialAction\":[{\"@type\":\"SearchAction\",\"target\":{\"@type\":\"EntryPoint\",\"urlTemplate\":\"https:\/\/www.mouldprecision.com\/?s={search_term_string}\"},\"query-input\":{\"@type\":\"PropertyValueSpecification\",\"valueRequired\":true,\"valueName\":\"search_term_string\"}}],\"inLanguage\":\"de-DE\"},{\"@type\":\"Organization\",\"@id\":\"https:\/\/www.mouldprecision.com\/#organization\",\"name\":\"China mould maker,mould making company &amp; manufacturer\",\"url\":\"https:\/\/www.mouldprecision.com\/\",\"logo\":{\"@type\":\"ImageObject\",\"inLanguage\":\"de-DE\",\"@id\":\"https:\/\/www.mouldprecision.com\/#\/schema\/logo\/image\/\",\"url\":\"https:\/\/www.mouldprecision.com\/wp-content\/uploads\/2018\/08\/MP-logo.png\",\"contentUrl\":\"https:\/\/www.mouldprecision.com\/wp-content\/uploads\/2018\/08\/MP-logo.png\",\"width\":156,\"height\":59,\"caption\":\"China mould maker,mould making company &amp; manufacturer\"},\"image\":{\"@id\":\"https:\/\/www.mouldprecision.com\/#\/schema\/logo\/image\/\"}}]}<\/script>\n<!-- \/ Yoast SEO plugin. -->","yoast_head_json":{"title":"Datenschutz - politik | China mould maker,mould making company &amp; manufacturer","robots":{"index":"index","follow":"follow","max-snippet":"max-snippet:-1","max-image-preview":"max-image-preview:large","max-video-preview":"max-video-preview:-1"},"canonical":"https:\/\/www.mouldprecision.com\/de\/datenschutz-politik.html","og_locale":"de_DE","og_type":"article","og_title":"Datenschutz - politik | China mould maker,mould making company &amp; manufacturer","og_description":"Datenschutz &#8211; politik Effective date: August 03, 2018 Mould Precision Co., Ltd. (&#8220;us&#8221;, &#8220;we&#8221;, or &#8220;our&#8221;) operates the www.mouldprecision.com website (the &#8220;Service&#8221;). diese seite informiert sie unsere politiken in bezug auf die erfassung, verwendung und offenlegung personenbezogener daten, wenn sie unseren service nutzen und welche m\u00f6glichkeiten sie haben, damit diese daten.diese datenschutzerkl\u00e4rung f\u00fcr schimmelpilze pr\u00e4zision [&hellip;]","og_url":"https:\/\/www.mouldprecision.com\/de\/datenschutz-politik.html","og_site_name":"China mould maker,mould making company &amp; manufacturer","twitter_card":"summary_large_image","twitter_misc":{"Gesch\u00e4tzte Lesezeit":"6 minutes"},"schema":{"@context":"https:\/\/schema.org","@graph":[{"@type":"WebPage","@id":"https:\/\/www.mouldprecision.com\/de\/datenschutz-politik.html","url":"https:\/\/www.mouldprecision.com\/de\/datenschutz-politik.html","name":"Datenschutz - politik | China mould maker,mould making company &amp; manufacturer","isPartOf":{"@id":"https:\/\/www.mouldprecision.com\/#website"},"datePublished":"2018-09-04T12:12:14+00:00","breadcrumb":{"@id":"https:\/\/www.mouldprecision.com\/de\/datenschutz-politik.html#breadcrumb"},"inLanguage":"de-DE","potentialAction":[{"@type":"ReadAction","target":["https:\/\/www.mouldprecision.com\/de\/datenschutz-politik.html"]}]},{"@type":"BreadcrumbList","@id":"https:\/\/www.mouldprecision.com\/de\/datenschutz-politik.html#breadcrumb","itemListElement":[{"@type":"ListItem","position":1,"name":"Home","item":"https:\/\/www.mouldprecision.com\/de"},{"@type":"ListItem","position":2,"name":"Datenschutz &#8211; politik"}]},{"@type":"WebSite","@id":"https:\/\/www.mouldprecision.com\/#website","url":"https:\/\/www.mouldprecision.com\/","name":"China mould maker,mould making company &amp; manufacturer","description":"","publisher":{"@id":"https:\/\/www.mouldprecision.com\/#organization"},"potentialAction":[{"@type":"SearchAction","target":{"@type":"EntryPoint","urlTemplate":"https:\/\/www.mouldprecision.com\/?s={search_term_string}"},"query-input":{"@type":"PropertyValueSpecification","valueRequired":true,"valueName":"search_term_string"}}],"inLanguage":"de-DE"},{"@type":"Organization","@id":"https:\/\/www.mouldprecision.com\/#organization","name":"China mould maker,mould making company &amp; manufacturer","url":"https:\/\/www.mouldprecision.com\/","logo":{"@type":"ImageObject","inLanguage":"de-DE","@id":"https:\/\/www.mouldprecision.com\/#\/schema\/logo\/image\/","url":"https:\/\/www.mouldprecision.com\/wp-content\/uploads\/2018\/08\/MP-logo.png","contentUrl":"https:\/\/www.mouldprecision.com\/wp-content\/uploads\/2018\/08\/MP-logo.png","width":156,"height":59,"caption":"China mould maker,mould making company &amp; manufacturer"},"image":{"@id":"https:\/\/www.mouldprecision.com\/#\/schema\/logo\/image\/"}}]}},"_links":{"self":[{"href":"https:\/\/www.mouldprecision.com\/de\/wp-json\/wp\/v2\/pages\/3803","targetHints":{"allow":["GET"]}}],"collection":[{"href":"https:\/\/www.mouldprecision.com\/de\/wp-json\/wp\/v2\/pages"}],"about":[{"href":"https:\/\/www.mouldprecision.com\/de\/wp-json\/wp\/v2\/types\/page"}],"author":[{"embeddable":true,"href":"https:\/\/www.mouldprecision.com\/de\/wp-json\/wp\/v2\/users\/2"}],"replies":[{"embeddable":true,"href":"https:\/\/www.mouldprecision.com\/de\/wp-json\/wp\/v2\/comments?post=3803"}],"version-history":[{"count":0,"href":"https:\/\/www.mouldprecision.com\/de\/wp-json\/wp\/v2\/pages\/3803\/revisions"}],"wp:attachment":[{"href":"https:\/\/www.mouldprecision.com\/de\/wp-json\/wp\/v2\/media?parent=3803"}],"curies":[{"name":"wp","href":"https:\/\/api.w.org\/{rel}","templated":true}]}}