{"id":3795,"date":"2018-09-04T11:11:04","date_gmt":"2018-09-04T11:11:04","guid":{"rendered":"https:\/\/www.mouldprecision.com\/?page_id=3795"},"modified":"2018-09-04T13:24:17","modified_gmt":"2018-09-04T13:24:17","slug":"home","status":"publish","type":"page","link":"https:\/\/www.mouldprecision.com\/de","title":{"rendered":"Startseite"},"content":{"rendered":"<div id=\"pl-34\" class=\"panel-layout\">\n<div id=\"pg-34-0\" class=\"panel-grid panel-no-style\">\n<div id=\"pgc-34-0-0\" class=\"panel-grid-cell\" data-weight=\"1\">\n<div id=\"panel-34-0-0-0\" class=\"so-panel widget widget_sow-editor panel-first-child\" data-index=\"0\">\n<div class=\"so-widget-sow-editor so-widget-sow-editor-base\">\n<div class=\"siteorigin-widget-tinymce textwidget\">\n<p><strong>Mould Precision Co, Ltd.<\/strong> ist ein privater <strong>Hersteller<\/strong> von <strong>Kunststoffformen<\/strong> in Dongguan China, der sich auf die Herstellung von <strong>Kunststoffspritzgussformen<\/strong> spezialisiert hat, bietet kurze Lieferzeiten, kosteneffiziente und flexible Bezahlung, um Ihre Wettbewerbsf\u00e4higkeit im Formenbau zu erh\u00f6hen, und bedient seit 2014 die Branchen Automotive, Elektronik, Industrie, Medizin und Verpackung.<\/p>\n<h3>Sie erhalten gute Qualit\u00e4t &amp; Preis f\u00fcr:<\/h3>\n<p><img loading=\"lazy\" decoding=\"async\" class=\"alignright\" src=\"https:\/\/www.mouldprecision.com\/wp-content\/uploads\/2018\/08\/plastic-mould-maker-china.jpg\" alt=\"plastic mould maker china\" width=\"360\" height=\"258\" \/><\/p>\n<ul class=\"pd6\">\n<li><em>Kunststoff-Spritzgussformenbau<\/em><\/li>\n<li><em>Hochpr\u00e4zise Bearbeitung<\/em><\/li>\n<li><em>Kundenspezifisches Spritzgie\u00dfen<\/em><\/li>\n<\/ul>\n<h3>Sie werden wettbewerbsf\u00e4higer durch:<\/h3>\n<ul class=\"pd6\">\n<li><em>15 Tage T0 f\u00fcr dringenden Formenbau<\/em><\/li>\n<li><em>Maximale Einsparung von 30% des Werkzeugbaus<\/em><\/li>\n<li><em>Restzahlung nach Lieferung 60 Tage<\/em><\/li>\n<\/ul>\n<h3>Sie erhalten einen VIP-Zahlungsvorteil:<\/h3>\n<ul class=\"pd6\">\n<li><em>Weniger als 5.000 $, 0 bei Bestellung, 100% vor dem Versand<\/em><\/li>\n<li><em>5000 $ bis 10.000 $, 30% bei Bestellung, 70% vor dem Versand<\/em><\/li>\n<li><em>\u00dcber 10.000 $, 40% bei Bestellung, 45% vor Versand und 15% in 60 Tagen<\/em><\/li>\n<\/ul>\n<\/div>\n<\/div>\n<\/div>\n<div id=\"panel-34-0-0-1\" class=\"so-panel widget widget_business-kit-counter business-kit-facts facts-counter-section panel-last-child\" data-index=\"1\" data-style=\"{&quot;background_image_attachment&quot;:false,&quot;background_display&quot;:&quot;tile&quot;}\">\t\t\t\n\t\t\t<div class=\"counter-wrapper\">\n\n\t\t\t\t\n\n\t\t\t\t<div class=\"inner-wrapper fact-fourth\">\n\t\t\t\t\t\n\t\t\t\t\t\t\t<div class=\"counter-item counter-one\">\n\t\t\t\t\t\t\t    <div class=\"counter-inner\">\n\t\t\t\t\t\t\t    \t\t\t\t\t\t\t\t    \t\t<div class=\"counter-icon\">\n\t\t\t\t\t\t\t    \t\t\t<span class=\"icon-alarmclock\"><\/span>\n\t\t\t\t\t\t\t    \t\t<\/div>\n\t\t\t\t\t\t\t    \t\t\t\t\t\t\t\t\t       \n\n\t\t\t\t\t\t\t        <div class=\"counter-text-wrap\">\n\t\t\t\t\t\t\t        \t\t\t\t\t\t\t\t        \t\t<span class=\"count\">12<\/span>\n\t\t\t\t\t\t\t        \t\t\n\t\t\t\t\t\t\t        \t\t\t\t\t\t\t\t        \t\t<p>Quote within 12 hours<\/p>\n\t\t\t\t\t\t\t        \t\t\n\t\t\t\t\t\t\t        <\/div> <!-- .counter-text-wrap -->\n\t\t\t\t\t\t\t    <\/div> <!-- .counter-inner -->\n\t\t\t\t\t\t\t<\/div> <!-- .counter-item -->\n\n\t\t\t\t\t\t\t\n\t\t\t\t\t\t\t<div class=\"counter-item counter-two\">\n\t\t\t\t\t\t\t    <div class=\"counter-inner\">\n\t\t\t\t\t\t\t    \t\t\t\t\t\t\t\t    \t\t<div class=\"counter-icon\">\n\t\t\t\t\t\t\t    \t\t\t<span class=\"icon-calendar\"><\/span>\n\t\t\t\t\t\t\t    \t\t<\/div>\n\t\t\t\t\t\t\t    \t\t\t\t\t\t\t\t\t       \n\n\t\t\t\t\t\t\t        <div class=\"counter-text-wrap\">\n\t\t\t\t\t\t\t        \t\t\t\t\t\t\t\t        \t\t<span class=\"count\">15<\/span>\n\t\t\t\t\t\t\t        \t\t\n\t\t\t\t\t\t\t        \t\t\t\t\t\t\t\t        \t\t<p>Fast 15 days for T0<\/p>\n\t\t\t\t\t\t\t        \t\t\n\t\t\t\t\t\t\t        <\/div> <!-- .counter-text-wrap -->\n\t\t\t\t\t\t\t    <\/div> <!-- .counter-inner -->\n\t\t\t\t\t\t\t<\/div> <!-- .counter-item -->\n\n\t\t\t\t\t\t\t\n\t\t\t\t\t\t\t<div class=\"counter-item counter-three\">\n\t\t\t\t\t\t\t    <div class=\"counter-inner\">\n\t\t\t\t\t\t\t    \t\t\t\t\t\t\t\t    \t\t<div class=\"counter-icon\">\n\t\t\t\t\t\t\t    \t\t\t<span class=\"icon-wallet\"><\/span>\n\t\t\t\t\t\t\t    \t\t<\/div>\n\t\t\t\t\t\t\t    \t\t\t\t\t\t\t\t\t       \n\n\t\t\t\t\t\t\t        <div class=\"counter-text-wrap\">\n\t\t\t\t\t\t\t        \t\t\t\t\t\t\t\t        \t\t<span class=\"count\">20<\/span>\n\t\t\t\t\t\t\t        \t\t\n\t\t\t\t\t\t\t        \t\t\t\t\t\t\t\t        \t\t<p>Max save 30% cost<\/p>\n\t\t\t\t\t\t\t        \t\t\n\t\t\t\t\t\t\t        <\/div> <!-- .counter-text-wrap -->\n\t\t\t\t\t\t\t    <\/div> <!-- .counter-inner -->\n\t\t\t\t\t\t\t<\/div> <!-- .counter-item -->\n\n\t\t\t\t\t\t\t\n\t\t\t\t\t\t\t<div class=\"counter-item counter-four\">\n\t\t\t\t\t\t\t    <div class=\"counter-inner\">\n\t\t\t\t\t\t\t    \t\t\t\t\t\t\t\t    \t\t<div class=\"counter-icon\">\n\t\t\t\t\t\t\t    \t\t\t<span class=\"icon-calendar\"><\/span>\n\t\t\t\t\t\t\t    \t\t<\/div>\n\t\t\t\t\t\t\t    \t\t\t\t\t\t\t\t\t       \n\n\t\t\t\t\t\t\t        <div class=\"counter-text-wrap\">\n\t\t\t\t\t\t\t        \t\t\t\t\t\t\t\t        \t\t<span class=\"count\">60<\/span>\n\t\t\t\t\t\t\t        \t\t\n\t\t\t\t\t\t\t        \t\t\t\t\t\t\t\t        \t\t<p>balance in 60 days deliver<\/p>\n\t\t\t\t\t\t\t        \t\t\n\t\t\t\t\t\t\t        <\/div> <!-- .counter-text-wrap -->\n\t\t\t\t\t\t\t    <\/div> <!-- .counter-inner -->\n\t\t\t\t\t\t\t<\/div> <!-- .counter-item -->\n\n\t\t\t\t\t\t\t\t\t\t\t<\/div><!-- .counter-wrapper -->\n\n\t\t\t<\/div><!-- .some-facts -->\n\n\t\t\t<\/div>\n<\/div>\n<\/div>\n<div id=\"pg-34-1\" class=\"panel-grid panel-no-style\">\n<div id=\"pgc-34-1-0\" class=\"panel-grid-cell\" data-weight=\"1\">\n<div id=\"panel-34-1-0-0\" class=\"so-panel widget widget_sow-editor panel-first-child panel-last-child\" data-index=\"2\">\n<div class=\"so-widget-sow-editor so-widget-sow-editor-base\">\n<div class=\"siteorigin-widget-tinymce textwidget\">\n<h2>Ihr Hersteller von Offshore-Kunststoffformen<\/h2>\n<p>Um der bevorzugte Hersteller von Kunststoffformen in China zu sein, arbeiten wir hart daran. Wenn Sie uns den Formenbau \u00fcberlassen, bekommen Sie eine Form mit einem soliden Ruf dahinter.<\/p>\n<p>Wir sind der <strong>professionelle Formenbauer in China<\/strong>, haben eine gute L\u00f6sung f\u00fcr den normalen Formenbau und dringende Projekte, <strong>nur 15 Tage T0 f\u00fcr den schnellen Formenbau<\/strong>. Dar\u00fcber hinaus konnten wir <strong>30% der Kosten f\u00fcr den Formenbau einsparen<\/strong>. Das Wichtigste ist, dass wir die Restzahlung innerhalb von 60 Tagen nach der Lieferung f\u00fcr VIP-Kunden akzeptieren.<\/p>\n<p>Basierend auf Dongguan Manufacturing Capability arbeiten wir hart daran, die Elemente des Formenbaus zu integrieren. CNC-Werkst\u00e4tten, Erodierwerkst\u00e4tten, Spritzgie\u00dfwerkst\u00e4tten und professionelle Werkzeugversuchsfabriken. <em><strong>Das ist der Grund, warum wir einen besseren Preis anbieten k\u00f6nnen.<\/strong><\/em><\/p>\n<p><strong>Die Integration<\/strong> ist die beste L\u00f6sung f\u00fcr kleine und mittlere Formenbauer, basierend auf einer stetigen Zusammenarbeit mit Partnern und Mitarbeitern. Wir haben einen guten Ruf bei unseren Kunden, denn wir sind <strong>Professionell<\/strong>, <strong>Effizient<\/strong> und <strong>Verantwortungsbewusst<\/strong>.<\/p>\n<\/div>\n<\/div>\n<\/div>\n<\/div>\n<\/div>\n<\/div>\n<!-- Begin Yuzo --><div class='yuzo_related_post style-1'  data-version='5.12.89'><!-- without result --><div class='yuzo_clearfixed yuzo__title yuzo__title'><h5>Related Post<\/h5><\/div>\n<\/div>  <!-- End Yuzo :) -->","protected":false},"excerpt":{"rendered":"<p>Mould Precision Co, Ltd. ist ein privater Hersteller von Kunststoffformen in Dongguan China, der sich auf die Herstellung von Kunststoffspritzgussformen spezialisiert hat, bietet kurze Lieferzeiten, kosteneffiziente und flexible Bezahlung, um Ihre Wettbewerbsf\u00e4higkeit im Formenbau zu erh\u00f6hen, und bedient seit 2014 die Branchen Automotive, Elektronik, Industrie, Medizin und Verpackung. Sie erhalten gute Qualit\u00e4t &amp; Preis f\u00fcr: [&hellip;]<\/p>\n","protected":false},"author":2,"featured_media":0,"parent":0,"menu_order":0,"comment_status":"closed","ping_status":"closed","template":"templates\/home.php","meta":{"footnotes":""},"class_list":["post-3795","page","type-page","status-publish","hentry"],"yoast_head":"<!-- This site is optimized with the Yoast SEO plugin v27.2 - https:\/\/yoast.com\/product\/yoast-seo-wordpress\/ -->\n<title>Startseite | China mould maker,mould making company &amp; manufacturer<\/title>\n<meta name=\"robots\" content=\"index, follow, max-snippet:-1, max-image-preview:large, max-video-preview:-1\" \/>\n<link rel=\"canonical\" href=\"https:\/\/www.mouldprecision.com\/de\" \/>\n<meta property=\"og:locale\" content=\"de_DE\" \/>\n<meta property=\"og:type\" content=\"article\" \/>\n<meta property=\"og:title\" content=\"Startseite | China mould maker,mould making company &amp; manufacturer\" \/>\n<meta property=\"og:description\" content=\"Mould Precision Co, Ltd. ist ein privater Hersteller von Kunststoffformen in Dongguan China, der sich auf die Herstellung von Kunststoffspritzgussformen spezialisiert hat, bietet kurze Lieferzeiten, kosteneffiziente und flexible Bezahlung, um Ihre Wettbewerbsf\u00e4higkeit im Formenbau zu erh\u00f6hen, und bedient seit 2014 die Branchen Automotive, Elektronik, Industrie, Medizin und Verpackung. Sie erhalten gute Qualit\u00e4t &amp; Preis f\u00fcr: [&hellip;]\" \/>\n<meta property=\"og:url\" content=\"https:\/\/www.mouldprecision.com\/de\" \/>\n<meta property=\"og:site_name\" content=\"China mould maker,mould making company &amp; manufacturer\" \/>\n<meta property=\"article:modified_time\" content=\"2018-09-04T13:24:17+00:00\" \/>\n<meta property=\"og:image\" content=\"https:\/\/www.mouldprecision.com\/wp-content\/uploads\/2018\/08\/plastic-mould-maker-china.jpg\" \/>\n<meta name=\"twitter:card\" content=\"summary_large_image\" \/>\n<meta name=\"twitter:label1\" content=\"Gesch\u00e4tzte Lesezeit\" \/>\n\t<meta name=\"twitter:data1\" content=\"1 minute\" \/>\n<script type=\"application\/ld+json\" class=\"yoast-schema-graph\">{\"@context\":\"https:\/\/schema.org\",\"@graph\":[{\"@type\":\"WebPage\",\"@id\":\"https:\/\/www.mouldprecision.com\/de\",\"url\":\"https:\/\/www.mouldprecision.com\/de\",\"name\":\"Startseite | China mould maker,mould making company &amp; manufacturer\",\"isPartOf\":{\"@id\":\"https:\/\/www.mouldprecision.com\/#website\"},\"primaryImageOfPage\":{\"@id\":\"https:\/\/www.mouldprecision.com\/de#primaryimage\"},\"image\":{\"@id\":\"https:\/\/www.mouldprecision.com\/de#primaryimage\"},\"thumbnailUrl\":\"https:\/\/www.mouldprecision.com\/wp-content\/uploads\/2018\/08\/plastic-mould-maker-china.jpg\",\"datePublished\":\"2018-09-04T11:11:04+00:00\",\"dateModified\":\"2018-09-04T13:24:17+00:00\",\"breadcrumb\":{\"@id\":\"https:\/\/www.mouldprecision.com\/de#breadcrumb\"},\"inLanguage\":\"de-DE\",\"potentialAction\":[{\"@type\":\"ReadAction\",\"target\":[\"https:\/\/www.mouldprecision.com\/de\"]}]},{\"@type\":\"ImageObject\",\"inLanguage\":\"de-DE\",\"@id\":\"https:\/\/www.mouldprecision.com\/de#primaryimage\",\"url\":\"https:\/\/www.mouldprecision.com\/wp-content\/uploads\/2018\/08\/plastic-mould-maker-china.jpg\",\"contentUrl\":\"https:\/\/www.mouldprecision.com\/wp-content\/uploads\/2018\/08\/plastic-mould-maker-china.jpg\"},{\"@type\":\"BreadcrumbList\",\"@id\":\"https:\/\/www.mouldprecision.com\/de#breadcrumb\",\"itemListElement\":[{\"@type\":\"ListItem\",\"position\":1,\"name\":\"Home\",\"item\":\"https:\/\/www.mouldprecision.com\/de\"},{\"@type\":\"ListItem\",\"position\":2,\"name\":\"Startseite\"}]},{\"@type\":\"WebSite\",\"@id\":\"https:\/\/www.mouldprecision.com\/#website\",\"url\":\"https:\/\/www.mouldprecision.com\/\",\"name\":\"China mould maker,mould making company &amp; manufacturer\",\"description\":\"\",\"publisher\":{\"@id\":\"https:\/\/www.mouldprecision.com\/#organization\"},\"potentialAction\":[{\"@type\":\"SearchAction\",\"target\":{\"@type\":\"EntryPoint\",\"urlTemplate\":\"https:\/\/www.mouldprecision.com\/?s={search_term_string}\"},\"query-input\":{\"@type\":\"PropertyValueSpecification\",\"valueRequired\":true,\"valueName\":\"search_term_string\"}}],\"inLanguage\":\"de-DE\"},{\"@type\":\"Organization\",\"@id\":\"https:\/\/www.mouldprecision.com\/#organization\",\"name\":\"China mould maker,mould making company &amp; manufacturer\",\"url\":\"https:\/\/www.mouldprecision.com\/\",\"logo\":{\"@type\":\"ImageObject\",\"inLanguage\":\"de-DE\",\"@id\":\"https:\/\/www.mouldprecision.com\/#\/schema\/logo\/image\/\",\"url\":\"https:\/\/www.mouldprecision.com\/wp-content\/uploads\/2018\/08\/MP-logo.png\",\"contentUrl\":\"https:\/\/www.mouldprecision.com\/wp-content\/uploads\/2018\/08\/MP-logo.png\",\"width\":156,\"height\":59,\"caption\":\"China mould maker,mould making company &amp; manufacturer\"},\"image\":{\"@id\":\"https:\/\/www.mouldprecision.com\/#\/schema\/logo\/image\/\"}}]}<\/script>\n<!-- \/ Yoast SEO plugin. -->","yoast_head_json":{"title":"Startseite | China mould maker,mould making company &amp; manufacturer","robots":{"index":"index","follow":"follow","max-snippet":"max-snippet:-1","max-image-preview":"max-image-preview:large","max-video-preview":"max-video-preview:-1"},"canonical":"https:\/\/www.mouldprecision.com\/de","og_locale":"de_DE","og_type":"article","og_title":"Startseite | China mould maker,mould making company &amp; manufacturer","og_description":"Mould Precision Co, Ltd. ist ein privater Hersteller von Kunststoffformen in Dongguan China, der sich auf die Herstellung von Kunststoffspritzgussformen spezialisiert hat, bietet kurze Lieferzeiten, kosteneffiziente und flexible Bezahlung, um Ihre Wettbewerbsf\u00e4higkeit im Formenbau zu erh\u00f6hen, und bedient seit 2014 die Branchen Automotive, Elektronik, Industrie, Medizin und Verpackung. Sie erhalten gute Qualit\u00e4t &amp; Preis f\u00fcr: [&hellip;]","og_url":"https:\/\/www.mouldprecision.com\/de","og_site_name":"China mould maker,mould making company &amp; manufacturer","article_modified_time":"2018-09-04T13:24:17+00:00","og_image":[{"url":"https:\/\/www.mouldprecision.com\/wp-content\/uploads\/2018\/08\/plastic-mould-maker-china.jpg","type":"","width":"","height":""}],"twitter_card":"summary_large_image","twitter_misc":{"Gesch\u00e4tzte Lesezeit":"1 minute"},"schema":{"@context":"https:\/\/schema.org","@graph":[{"@type":"WebPage","@id":"https:\/\/www.mouldprecision.com\/de","url":"https:\/\/www.mouldprecision.com\/de","name":"Startseite | China mould maker,mould making company &amp; manufacturer","isPartOf":{"@id":"https:\/\/www.mouldprecision.com\/#website"},"primaryImageOfPage":{"@id":"https:\/\/www.mouldprecision.com\/de#primaryimage"},"image":{"@id":"https:\/\/www.mouldprecision.com\/de#primaryimage"},"thumbnailUrl":"https:\/\/www.mouldprecision.com\/wp-content\/uploads\/2018\/08\/plastic-mould-maker-china.jpg","datePublished":"2018-09-04T11:11:04+00:00","dateModified":"2018-09-04T13:24:17+00:00","breadcrumb":{"@id":"https:\/\/www.mouldprecision.com\/de#breadcrumb"},"inLanguage":"de-DE","potentialAction":[{"@type":"ReadAction","target":["https:\/\/www.mouldprecision.com\/de"]}]},{"@type":"ImageObject","inLanguage":"de-DE","@id":"https:\/\/www.mouldprecision.com\/de#primaryimage","url":"https:\/\/www.mouldprecision.com\/wp-content\/uploads\/2018\/08\/plastic-mould-maker-china.jpg","contentUrl":"https:\/\/www.mouldprecision.com\/wp-content\/uploads\/2018\/08\/plastic-mould-maker-china.jpg"},{"@type":"BreadcrumbList","@id":"https:\/\/www.mouldprecision.com\/de#breadcrumb","itemListElement":[{"@type":"ListItem","position":1,"name":"Home","item":"https:\/\/www.mouldprecision.com\/de"},{"@type":"ListItem","position":2,"name":"Startseite"}]},{"@type":"WebSite","@id":"https:\/\/www.mouldprecision.com\/#website","url":"https:\/\/www.mouldprecision.com\/","name":"China mould maker,mould making company &amp; manufacturer","description":"","publisher":{"@id":"https:\/\/www.mouldprecision.com\/#organization"},"potentialAction":[{"@type":"SearchAction","target":{"@type":"EntryPoint","urlTemplate":"https:\/\/www.mouldprecision.com\/?s={search_term_string}"},"query-input":{"@type":"PropertyValueSpecification","valueRequired":true,"valueName":"search_term_string"}}],"inLanguage":"de-DE"},{"@type":"Organization","@id":"https:\/\/www.mouldprecision.com\/#organization","name":"China mould maker,mould making company &amp; manufacturer","url":"https:\/\/www.mouldprecision.com\/","logo":{"@type":"ImageObject","inLanguage":"de-DE","@id":"https:\/\/www.mouldprecision.com\/#\/schema\/logo\/image\/","url":"https:\/\/www.mouldprecision.com\/wp-content\/uploads\/2018\/08\/MP-logo.png","contentUrl":"https:\/\/www.mouldprecision.com\/wp-content\/uploads\/2018\/08\/MP-logo.png","width":156,"height":59,"caption":"China mould maker,mould making company &amp; manufacturer"},"image":{"@id":"https:\/\/www.mouldprecision.com\/#\/schema\/logo\/image\/"}}]}},"_links":{"self":[{"href":"https:\/\/www.mouldprecision.com\/de\/wp-json\/wp\/v2\/pages\/3795","targetHints":{"allow":["GET"]}}],"collection":[{"href":"https:\/\/www.mouldprecision.com\/de\/wp-json\/wp\/v2\/pages"}],"about":[{"href":"https:\/\/www.mouldprecision.com\/de\/wp-json\/wp\/v2\/types\/page"}],"author":[{"embeddable":true,"href":"https:\/\/www.mouldprecision.com\/de\/wp-json\/wp\/v2\/users\/2"}],"replies":[{"embeddable":true,"href":"https:\/\/www.mouldprecision.com\/de\/wp-json\/wp\/v2\/comments?post=3795"}],"version-history":[{"count":0,"href":"https:\/\/www.mouldprecision.com\/de\/wp-json\/wp\/v2\/pages\/3795\/revisions"}],"wp:attachment":[{"href":"https:\/\/www.mouldprecision.com\/de\/wp-json\/wp\/v2\/media?parent=3795"}],"curies":[{"name":"wp","href":"https:\/\/api.w.org\/{rel}","templated":true}]}}