{"id":3773,"date":"2018-09-04T10:27:21","date_gmt":"2018-09-04T10:27:21","guid":{"rendered":"https:\/\/www.mouldprecision.com\/?page_id=3773"},"modified":"2018-10-12T14:49:57","modified_gmt":"2018-10-12T14:49:57","slug":"kontakt","status":"publish","type":"page","link":"https:\/\/www.mouldprecision.com\/de\/kontakt.html","title":{"rendered":"Kontakt"},"content":{"rendered":"<div id=\"contact\">\n<h1>Kontakt<\/h1>\n<p>Um die Priorit\u00e4t China Formenbau Partner zu sein, arbeiten wir f\u00fcr. Bitte senden Sie uns Zeichnungen von .pdf,.dxf oder.stp etc. mit den erforderlichen Angaben, wir werden Ihnen innerhalb von 12 Stunden ein Angebot unterbreiten.<\/p>\n<h3>Mould Precision Co., Ltd.<\/h3>\n<p><strong>Factory Add:<\/strong><br \/>\nNo.15 Chuangxing Road, Shangsha Community, Chang&#8217;an Town, Dongguan, China<\/p>\n<p><strong>Contact:<\/strong><br \/>\nLuis Lu,\u00a0Marketing Manager<br \/>\n<a href=\"mailto:lu**@************on.com\" data-original-string=\"i9C0SsTYpHX4gVWBIkmAcw==3b7aBjIo+fLoypzXKD9Q6MLpGpv34jno78jJH5LNLi2DTQ=\" title=\"Dieser Kontakt wurde von Anti-Spam by CleanTalk verschl\u00fcsselt. Klicken Sie hier, um ihn zu entschl\u00fcsseln. Um die Entschl\u00fcsselung abzuschlie\u00dfen, stellen Sie sicher, dass JavaScript in Ihrem Browser aktiviert ist.\"><span \n                data-original-string='JMaCtMErkzkF\/80bRm0y1w==3b7QffVfgo1u\/6t6uIpjO31N8HLmKSug227ZQGurnq9BdE='\n                class='apbct-email-encoder'\n                title='Dieser Kontakt wurde von Anti-Spam by CleanTalk verschl\u00fcsselt. Klicken Sie hier, um ihn zu entschl\u00fcsseln. Um die Entschl\u00fcsselung abzuschlie\u00dfen, stellen Sie sicher, dass JavaScript in Ihrem Browser aktiviert ist.'>lu<span class=\"apbct-blur\">**<\/span>@<span class=\"apbct-blur\">************<\/span>on.com<\/span><\/a><br \/>\n[baidu_map id=&#8221;map_1530071641&#8243; zl=&#8221;11&#8243; nm=&#8221;0&#8243; w=&#8221;90%&#8221; h=&#8221;390px&#8221; lat=&#8221;22.804689675463848&#8243; lon=&#8221;113.76051018598365&#8243; biz_name=&#8221;Mould Precision Co., Ltd.&#8221; address=&#8221;Dongguan China&#8221; email=&#8221;<span \n                data-original-string='5w5I35AwFBDJvtUQFBcomQ==3b76cwqtCXNIcYPNcfKR2Jq60KoCwQBYHvjwBWRAjI+7oM='\n                class='apbct-email-encoder'\n                title='Dieser Kontakt wurde von Anti-Spam by CleanTalk verschl\u00fcsselt. Klicken Sie hier, um ihn zu entschl\u00fcsseln. Um die Entschl\u00fcsselung abzuschlie\u00dfen, stellen Sie sicher, dass JavaScript in Ihrem Browser aktiviert ist.'>sa<span class=\"apbct-blur\">***<\/span>@<span class=\"apbct-blur\">************<\/span>on.com<\/span>&#8221; phone=&#8221;+86 157 1195 4950&#8243;]\n<\/div>\n<div id=\"contact1\">\n\n<div class=\"wpcf7 no-js\" id=\"wpcf7-f3774-o1\" lang=\"en-US\" dir=\"ltr\" data-wpcf7-id=\"3774\">\n<div class=\"screen-reader-response\"><p role=\"status\" aria-live=\"polite\" aria-atomic=\"true\"><\/p> <ul><\/ul><\/div>\n<form action=\"\/de\/wp-json\/wp\/v2\/pages\/3773#wpcf7-f3774-o1\" method=\"post\" class=\"wpcf7-form init\" aria-label=\"Contact form\" enctype=\"multipart\/form-data\" novalidate=\"novalidate\" data-status=\"init\">\n<fieldset class=\"hidden-fields-container\"><input type=\"hidden\" name=\"_wpcf7\" value=\"3774\" \/><input type=\"hidden\" name=\"_wpcf7_version\" value=\"6.1.5\" \/><input type=\"hidden\" name=\"_wpcf7_locale\" value=\"en_US\" \/><input type=\"hidden\" name=\"_wpcf7_unit_tag\" value=\"wpcf7-f3774-o1\" \/><input type=\"hidden\" name=\"_wpcf7_container_post\" value=\"0\" \/><input type=\"hidden\" name=\"_wpcf7_posted_data_hash\" value=\"\" \/>\n<\/fieldset>\n<p><label> Name<br \/>\n<span class=\"wpcf7-form-control-wrap\" data-name=\"your-name\"><input size=\"40\" maxlength=\"400\" class=\"wpcf7-form-control wpcf7-text wpcf7-validates-as-required\" aria-required=\"true\" aria-invalid=\"false\" value=\"\" type=\"text\" name=\"your-name\" \/><\/span> <\/label>\n<\/p>\n<p><label> E-mail<br \/>\n<span class=\"wpcf7-form-control-wrap\" data-name=\"your-email\"><input size=\"40\" maxlength=\"400\" class=\"wpcf7-form-control wpcf7-email wpcf7-validates-as-required wpcf7-text wpcf7-validates-as-email\" aria-required=\"true\" aria-invalid=\"false\" value=\"\" type=\"email\" name=\"your-email\" \/><\/span> <\/label>\n<\/p>\n<p><label> Firma<br \/>\n<span class=\"wpcf7-form-control-wrap\" data-name=\"your-company\"><input size=\"40\" maxlength=\"400\" class=\"wpcf7-form-control wpcf7-text wpcf7-validates-as-required\" aria-required=\"true\" aria-invalid=\"false\" value=\"\" type=\"text\" name=\"your-company\" \/><\/span> <\/label>\n<\/p>\n<p><label> Betreff<br \/>\n<span class=\"wpcf7-form-control-wrap\" data-name=\"your-subject\"><input size=\"40\" maxlength=\"400\" class=\"wpcf7-form-control wpcf7-text\" aria-invalid=\"false\" value=\"\" type=\"text\" name=\"your-subject\" \/><\/span> <\/label>\n<\/p>\n<p><label> Tu mensaje<br \/>\n<span class=\"wpcf7-form-control-wrap\" data-name=\"your-message\"><textarea cols=\"40\" rows=\"10\" maxlength=\"2000\" class=\"wpcf7-form-control wpcf7-textarea\" aria-invalid=\"false\" name=\"your-message\"><\/textarea><\/span> <\/label><br \/>\n<span class=\"wpcf7-form-control-wrap\" data-name=\"file-848\"><input size=\"40\" class=\"wpcf7-form-control wpcf7-file\" accept=\".zip,.rar,.pdf,.jpg,.jpeg,.dwg,.dwf,.doc,.docx,.xlsx,.ppt,.pptx,.igs,.x-t,.stp,.step\" aria-invalid=\"false\" type=\"file\" name=\"file-848\" \/><\/span>\n<\/p>\n<p><input class=\"wpcf7-form-control wpcf7-submit has-spinner\" type=\"submit\" value=\"Senden\" \/>\n<\/p><input type=\"hidden\" id=\"ct_checkjs_cf7_ccc0aa1b81bf81e16c676ddb977c5881\" name=\"ct_checkjs_cf7\" value=\"0\" \/><script >setTimeout(function(){var ct_input_name = \"ct_checkjs_cf7_ccc0aa1b81bf81e16c676ddb977c5881\";if (document.getElementById(ct_input_name) !== null) {var ct_input_value = document.getElementById(ct_input_name).value;document.getElementById(ct_input_name).value = document.getElementById(ct_input_name).value.replace(ct_input_value, '8f6f8f34404c3dc4bec04e032e2185f9c857fbb43cc2a16d6d7e8f7e28bc77ae');}}, 1000);<\/script><input\n                    class=\"apbct_special_field apbct_email_id__wp_contact_form_7\"\n                    name=\"apbct__email_id__wp_contact_form_7\"\n                    aria-label=\"apbct__label_id__wp_contact_form_7\"\n                    type=\"text\" size=\"30\" maxlength=\"200\" autocomplete=\"off\"\n                    value=\"\"\n                \/><div class=\"wpcf7-response-output\" aria-hidden=\"true\"><\/div>\n<\/form>\n<\/div>\n\n<\/div>\n<!-- Begin Yuzo --><div class='yuzo_related_post style-1'  data-version='5.12.89'><!-- without result --><div class='yuzo_clearfixed yuzo__title yuzo__title'><h5>Related Post<\/h5><\/div>\n<\/div>  <!-- End Yuzo :) -->","protected":false},"excerpt":{"rendered":"<p>Kontakt Um die Priorit\u00e4t China Formenbau Partner zu sein, arbeiten wir f\u00fcr. Bitte senden Sie uns Zeichnungen von .pdf,.dxf oder.stp etc. mit den erforderlichen Angaben, wir werden Ihnen innerhalb von 12 Stunden ein Angebot unterbreiten. Mould Precision Co., Ltd. Factory Add: No.15 Chuangxing Road, Shangsha Community, Chang&#8217;an Town, Dongguan, China Contact: Luis Lu,\u00a0Marketing Manager lu**@************on.com [&hellip;]<\/p>\n","protected":false},"author":2,"featured_media":0,"parent":0,"menu_order":0,"comment_status":"closed","ping_status":"closed","template":"templates\/full-width-page.php","meta":{"footnotes":""},"class_list":["post-3773","page","type-page","status-publish","hentry"],"yoast_head":"<!-- This site is optimized with the Yoast SEO plugin v27.2 - https:\/\/yoast.com\/product\/yoast-seo-wordpress\/ -->\n<title>Kontakt | China mould maker,mould making company &amp; manufacturer<\/title>\n<meta name=\"description\" content=\"Um die Priorit\u00e4t China Formenbau Partner zu sein, arbeiten wir f\u00fcr. Bitte senden Sie uns Zeichnungen von .pdf,.dxf oder.stp etc. mit den erforderlichen Angaben.\" \/>\n<meta name=\"robots\" content=\"index, follow, max-snippet:-1, max-image-preview:large, max-video-preview:-1\" \/>\n<link rel=\"canonical\" href=\"https:\/\/www.mouldprecision.com\/de\/kontakt.html\" \/>\n<meta property=\"og:locale\" content=\"de_DE\" \/>\n<meta property=\"og:type\" content=\"article\" \/>\n<meta property=\"og:title\" content=\"Kontakt | China mould maker,mould making company &amp; manufacturer\" \/>\n<meta property=\"og:description\" content=\"Um die Priorit\u00e4t China Formenbau Partner zu sein, arbeiten wir f\u00fcr. Bitte senden Sie uns Zeichnungen von .pdf,.dxf oder.stp etc. mit den erforderlichen Angaben.\" \/>\n<meta property=\"og:url\" content=\"https:\/\/www.mouldprecision.com\/de\/kontakt.html\" \/>\n<meta property=\"og:site_name\" content=\"China mould maker,mould making company &amp; manufacturer\" \/>\n<meta property=\"article:modified_time\" content=\"2018-10-12T14:49:57+00:00\" \/>\n<meta name=\"twitter:card\" content=\"summary_large_image\" \/>\n<script type=\"application\/ld+json\" class=\"yoast-schema-graph\">{\"@context\":\"https:\/\/schema.org\",\"@graph\":[{\"@type\":\"WebPage\",\"@id\":\"https:\/\/www.mouldprecision.com\/de\/kontakt.html\",\"url\":\"https:\/\/www.mouldprecision.com\/de\/kontakt.html\",\"name\":\"Kontakt | China mould maker,mould making company &amp; manufacturer\",\"isPartOf\":{\"@id\":\"https:\/\/www.mouldprecision.com\/#website\"},\"datePublished\":\"2018-09-04T10:27:21+00:00\",\"dateModified\":\"2018-10-12T14:49:57+00:00\",\"description\":\"Um die Priorit\u00e4t China Formenbau Partner zu sein, arbeiten wir f\u00fcr. Bitte senden Sie uns Zeichnungen von .pdf,.dxf oder.stp etc. mit den erforderlichen Angaben.\",\"breadcrumb\":{\"@id\":\"https:\/\/www.mouldprecision.com\/de\/kontakt.html#breadcrumb\"},\"inLanguage\":\"de-DE\",\"potentialAction\":[{\"@type\":\"ReadAction\",\"target\":[\"https:\/\/www.mouldprecision.com\/de\/kontakt.html\"]}]},{\"@type\":\"BreadcrumbList\",\"@id\":\"https:\/\/www.mouldprecision.com\/de\/kontakt.html#breadcrumb\",\"itemListElement\":[{\"@type\":\"ListItem\",\"position\":1,\"name\":\"Home\",\"item\":\"https:\/\/www.mouldprecision.com\/de\"},{\"@type\":\"ListItem\",\"position\":2,\"name\":\"Kontakt\"}]},{\"@type\":\"WebSite\",\"@id\":\"https:\/\/www.mouldprecision.com\/#website\",\"url\":\"https:\/\/www.mouldprecision.com\/\",\"name\":\"China mould maker,mould making company &amp; manufacturer\",\"description\":\"\",\"publisher\":{\"@id\":\"https:\/\/www.mouldprecision.com\/#organization\"},\"potentialAction\":[{\"@type\":\"SearchAction\",\"target\":{\"@type\":\"EntryPoint\",\"urlTemplate\":\"https:\/\/www.mouldprecision.com\/?s={search_term_string}\"},\"query-input\":{\"@type\":\"PropertyValueSpecification\",\"valueRequired\":true,\"valueName\":\"search_term_string\"}}],\"inLanguage\":\"de-DE\"},{\"@type\":\"Organization\",\"@id\":\"https:\/\/www.mouldprecision.com\/#organization\",\"name\":\"China mould maker,mould making company &amp; manufacturer\",\"url\":\"https:\/\/www.mouldprecision.com\/\",\"logo\":{\"@type\":\"ImageObject\",\"inLanguage\":\"de-DE\",\"@id\":\"https:\/\/www.mouldprecision.com\/#\/schema\/logo\/image\/\",\"url\":\"https:\/\/www.mouldprecision.com\/wp-content\/uploads\/2018\/08\/MP-logo.png\",\"contentUrl\":\"https:\/\/www.mouldprecision.com\/wp-content\/uploads\/2018\/08\/MP-logo.png\",\"width\":156,\"height\":59,\"caption\":\"China mould maker,mould making company &amp; manufacturer\"},\"image\":{\"@id\":\"https:\/\/www.mouldprecision.com\/#\/schema\/logo\/image\/\"}}]}<\/script>\n<!-- \/ Yoast SEO plugin. -->","yoast_head_json":{"title":"Kontakt | China mould maker,mould making company &amp; manufacturer","description":"Um die Priorit\u00e4t China Formenbau Partner zu sein, arbeiten wir f\u00fcr. Bitte senden Sie uns Zeichnungen von .pdf,.dxf oder.stp etc. mit den erforderlichen Angaben.","robots":{"index":"index","follow":"follow","max-snippet":"max-snippet:-1","max-image-preview":"max-image-preview:large","max-video-preview":"max-video-preview:-1"},"canonical":"https:\/\/www.mouldprecision.com\/de\/kontakt.html","og_locale":"de_DE","og_type":"article","og_title":"Kontakt | China mould maker,mould making company &amp; manufacturer","og_description":"Um die Priorit\u00e4t China Formenbau Partner zu sein, arbeiten wir f\u00fcr. Bitte senden Sie uns Zeichnungen von .pdf,.dxf oder.stp etc. mit den erforderlichen Angaben.","og_url":"https:\/\/www.mouldprecision.com\/de\/kontakt.html","og_site_name":"China mould maker,mould making company &amp; manufacturer","article_modified_time":"2018-10-12T14:49:57+00:00","twitter_card":"summary_large_image","schema":{"@context":"https:\/\/schema.org","@graph":[{"@type":"WebPage","@id":"https:\/\/www.mouldprecision.com\/de\/kontakt.html","url":"https:\/\/www.mouldprecision.com\/de\/kontakt.html","name":"Kontakt | China mould maker,mould making company &amp; manufacturer","isPartOf":{"@id":"https:\/\/www.mouldprecision.com\/#website"},"datePublished":"2018-09-04T10:27:21+00:00","dateModified":"2018-10-12T14:49:57+00:00","description":"Um die Priorit\u00e4t China Formenbau Partner zu sein, arbeiten wir f\u00fcr. Bitte senden Sie uns Zeichnungen von .pdf,.dxf oder.stp etc. mit den erforderlichen Angaben.","breadcrumb":{"@id":"https:\/\/www.mouldprecision.com\/de\/kontakt.html#breadcrumb"},"inLanguage":"de-DE","potentialAction":[{"@type":"ReadAction","target":["https:\/\/www.mouldprecision.com\/de\/kontakt.html"]}]},{"@type":"BreadcrumbList","@id":"https:\/\/www.mouldprecision.com\/de\/kontakt.html#breadcrumb","itemListElement":[{"@type":"ListItem","position":1,"name":"Home","item":"https:\/\/www.mouldprecision.com\/de"},{"@type":"ListItem","position":2,"name":"Kontakt"}]},{"@type":"WebSite","@id":"https:\/\/www.mouldprecision.com\/#website","url":"https:\/\/www.mouldprecision.com\/","name":"China mould maker,mould making company &amp; manufacturer","description":"","publisher":{"@id":"https:\/\/www.mouldprecision.com\/#organization"},"potentialAction":[{"@type":"SearchAction","target":{"@type":"EntryPoint","urlTemplate":"https:\/\/www.mouldprecision.com\/?s={search_term_string}"},"query-input":{"@type":"PropertyValueSpecification","valueRequired":true,"valueName":"search_term_string"}}],"inLanguage":"de-DE"},{"@type":"Organization","@id":"https:\/\/www.mouldprecision.com\/#organization","name":"China mould maker,mould making company &amp; manufacturer","url":"https:\/\/www.mouldprecision.com\/","logo":{"@type":"ImageObject","inLanguage":"de-DE","@id":"https:\/\/www.mouldprecision.com\/#\/schema\/logo\/image\/","url":"https:\/\/www.mouldprecision.com\/wp-content\/uploads\/2018\/08\/MP-logo.png","contentUrl":"https:\/\/www.mouldprecision.com\/wp-content\/uploads\/2018\/08\/MP-logo.png","width":156,"height":59,"caption":"China mould maker,mould making company &amp; manufacturer"},"image":{"@id":"https:\/\/www.mouldprecision.com\/#\/schema\/logo\/image\/"}}]}},"_links":{"self":[{"href":"https:\/\/www.mouldprecision.com\/de\/wp-json\/wp\/v2\/pages\/3773","targetHints":{"allow":["GET"]}}],"collection":[{"href":"https:\/\/www.mouldprecision.com\/de\/wp-json\/wp\/v2\/pages"}],"about":[{"href":"https:\/\/www.mouldprecision.com\/de\/wp-json\/wp\/v2\/types\/page"}],"author":[{"embeddable":true,"href":"https:\/\/www.mouldprecision.com\/de\/wp-json\/wp\/v2\/users\/2"}],"replies":[{"embeddable":true,"href":"https:\/\/www.mouldprecision.com\/de\/wp-json\/wp\/v2\/comments?post=3773"}],"version-history":[{"count":0,"href":"https:\/\/www.mouldprecision.com\/de\/wp-json\/wp\/v2\/pages\/3773\/revisions"}],"wp:attachment":[{"href":"https:\/\/www.mouldprecision.com\/de\/wp-json\/wp\/v2\/media?parent=3773"}],"curies":[{"name":"wp","href":"https:\/\/api.w.org\/{rel}","templated":true}]}}