{"id":3772,"date":"2018-09-04T12:28:23","date_gmt":"2018-09-04T12:28:23","guid":{"rendered":"https:\/\/www.mouldprecision.com\/?page_id=3772"},"modified":"2018-09-04T12:28:23","modified_gmt":"2018-09-04T12:28:23","slug":"qualitaet-kontrolle","status":"publish","type":"page","link":"https:\/\/www.mouldprecision.com\/de\/qualitaet-kontrolle.html","title":{"rendered":"Qualit\u00e4t kontrolle"},"content":{"rendered":"<div id=\"pl-48\" class=\"panel-layout\">\n<div id=\"pg-48-0\" class=\"panel-grid panel-no-style\">\n<div id=\"pgc-48-0-0\" class=\"panel-grid-cell\" data-weight=\"1\">\n<div id=\"panel-48-0-0-0\" class=\"so-panel widget widget_sow-editor panel-first-child\" data-index=\"0\">\n<div class=\"so-widget-sow-editor so-widget-sow-editor-base\">\n<div class=\"siteorigin-widget-tinymce textwidget\">\n<p>Wir folgen dem PDCA-Management. Es ist eine gute L\u00f6sung und ein System f\u00fcr den normalen Formen- und Eilformenbau. Wir bieten einen Wochenbericht f\u00fcr die Qualit\u00e4tskontrolle im Formenbau und die termingerechte Lieferung.<\/p>\n<p><img loading=\"lazy\" decoding=\"async\" class=\"alignnone size-medium wp-image-1808\" src=\"https:\/\/www.mouldprecision.com\/wp-content\/uploads\/2018\/08\/PDCA.jpg\" alt=\"PDCA for mould making quality control\" width=\"650\" height=\"177\" \/><\/p>\n<p>Die vier Phasen sind::<\/p>\n<ul>\n<li><strong>Planen: <\/strong>Identifizieren und analysieren Sie das Problem oder die Gelegenheit, entwickeln Sie Hypothesen dar\u00fcber, was die Probleme sein k\u00f6nnen, und entscheiden Sie, welche Sie testen m\u00f6chten.<\/li>\n<li><strong>Do:<\/strong> Testen Sie die m\u00f6gliche L\u00f6sung, idealerweise im kleinen Ma\u00dfstab, und messen Sie die Ergebnisse.<\/li>\n<li><strong>Pr\u00fcfen\/Studieren:<\/strong> Studieren Sie das Ergebnis, messen Sie die Effektivit\u00e4t und entscheiden Sie, ob die Hypothese unterst\u00fctzt wird oder nicht.<\/li>\n<li><strong>Act:<\/strong> Wenn die L\u00f6sung erfolgreich war, implementieren Sie sie.<\/li>\n<\/ul>\n<p>Gute Qualit\u00e4t ist in jedem Detail, jedem Schritt, Formenbau, Materialeinkauf &amp; -pr\u00fcfung, Bearbeitung &amp; Montage etc.<\/p>\n<p><strong>Inspektionsmaschinen und Werkzeuge:<\/strong><\/p>\n<div class=\"pd6\">\n<ul>\n<li>1 Satz CMM<\/li>\n<li>1 Satz Optischer Messprojektor<\/li>\n<li>H\u00e4rtepr\u00fcfger\u00e4t<\/li>\n<li>Messschieber, Mikrometer, Dick\/D\u00fcnn-Messdorn, Schraubenlehre<\/li>\n<li>Werkzeugmacher Mikroskop, H\u00f6henmeister, Oberfl\u00e4chenplatte<\/li>\n<\/ul>\n<\/div>\n<style type=\"text\/css\">\n#foogallery-gallery-1028 .fg-image { width: 251px; }\n#foogallery-gallery-1028 { --fg-gutter: 10px; }<\/style>\n\t\t\t<style type=\"text\/css\">\n#foogallery-gallery-1028_1 .fg-image { width: 251px; }\n#foogallery-gallery-1028_1 { --fg-gutter: 10px; }<\/style>\n\t\t\t<div class=\"foogallery foogallery-container foogallery-default foogallery-lightbox-foobox fg-center fg-default fg-ready fg-light fg-loaded-fade-in fg-caption-hover fg-hover-fade\" id=\"foogallery-gallery-1028_1\" data-foogallery=\"{&quot;item&quot;:{&quot;showCaptionTitle&quot;:true,&quot;showCaptionDescription&quot;:false},&quot;lazy&quot;:true}\" style=\"--fg-title-line-clamp: 0; --fg-description-line-clamp: 0;\" >\n\t<div class=\"fg-item fg-type-image fg-idle\"><figure class=\"fg-item-inner\"><a href=\"https:\/\/www.mouldprecision.com\/wp-content\/uploads\/2018\/08\/LKM-steel-certification.jpg\" data-caption-title=\"steel-certification\" data-attachment-id=\"2299\" data-type=\"image\" class=\"fg-thumb\"><span class=\"fg-image-wrap\"><img decoding=\"async\" width=\"251\" height=\"190\" class=\"skip-lazy fg-image\" data-src-fg=\"https:\/\/www.mouldprecision.com\/wp-content\/uploads\/2018\/08\/steel-certification.png\" src=\"data:image\/svg+xml,%3Csvg%20xmlns%3D%22http%3A%2F%2Fwww.w3.org%2F2000%2Fsvg%22%20width%3D%22251%22%20height%3D%22190%22%20viewBox%3D%220%200%20251%20190%22%3E%3C%2Fsvg%3E\" loading=\"eager\"><\/span><span class=\"fg-image-overlay\"><\/span><\/a><figcaption class=\"fg-caption\"><div class=\"fg-caption-inner\"><div class=\"fg-caption-title\">steel-certification<\/div><\/div><\/figcaption><\/figure><div class=\"fg-loader\"><\/div><\/div><div class=\"fg-item fg-type-iframe fg-idle\"><figure class=\"fg-item-inner\"><a href=\"https:\/\/www.mouldprecision.com\/wp-content\/uploads\/2018\/07\/T1_MP1425_2014_12_22.pdf\" data-caption-title=\"mould-trial-report\" data-attachment-id=\"2297\" data-type=\"iframe\" class=\"fg-thumb\"><span class=\"fg-image-wrap\"><img decoding=\"async\" width=\"251\" height=\"190\" class=\"skip-lazy fg-image\" data-src-fg=\"https:\/\/www.mouldprecision.com\/wp-content\/uploads\/2018\/08\/mould-trial-report-1.png\" src=\"data:image\/svg+xml,%3Csvg%20xmlns%3D%22http%3A%2F%2Fwww.w3.org%2F2000%2Fsvg%22%20width%3D%22251%22%20height%3D%22190%22%20viewBox%3D%220%200%20251%20190%22%3E%3C%2Fsvg%3E\" loading=\"eager\"><\/span><span class=\"fg-image-overlay\"><\/span><\/a><figcaption class=\"fg-caption\"><div class=\"fg-caption-inner\"><div class=\"fg-caption-title\">mould-trial-report<\/div><\/div><\/figcaption><\/figure><div class=\"fg-loader\"><\/div><\/div><div class=\"fg-item fg-type-iframe fg-idle\"><figure class=\"fg-item-inner\"><a href=\"https:\/\/www.mouldprecision.com\/wp-content\/uploads\/2018\/07\/MP-Finished-Mold-Checklist.pdf\" data-caption-title=\"finished-mould-checklist\" data-attachment-id=\"2291\" data-type=\"iframe\" class=\"fg-thumb\"><span class=\"fg-image-wrap\"><img decoding=\"async\" width=\"251\" height=\"190\" class=\"skip-lazy fg-image\" data-src-fg=\"https:\/\/www.mouldprecision.com\/wp-content\/uploads\/2018\/08\/finished-mould-checklist-1.png\" src=\"data:image\/svg+xml,%3Csvg%20xmlns%3D%22http%3A%2F%2Fwww.w3.org%2F2000%2Fsvg%22%20width%3D%22251%22%20height%3D%22190%22%20viewBox%3D%220%200%20251%20190%22%3E%3C%2Fsvg%3E\" loading=\"eager\"><\/span><span class=\"fg-image-overlay\"><\/span><\/a><figcaption class=\"fg-caption\"><div class=\"fg-caption-inner\"><div class=\"fg-caption-title\">finished-mould-checklist<\/div><\/div><\/figcaption><\/figure><div class=\"fg-loader\"><\/div><\/div><div class=\"fg-item fg-type-image fg-idle\"><figure class=\"fg-item-inner\"><a href=\"https:\/\/www.mouldprecision.com\/wp-content\/uploads\/2018\/08\/3MM-inspection.jpg\" data-caption-title=\"3MM-inspection\" data-attachment-id=\"2290\" data-type=\"image\" class=\"fg-thumb\"><span class=\"fg-image-wrap\"><img decoding=\"async\" width=\"251\" height=\"190\" class=\"skip-lazy fg-image\" data-src-fg=\"https:\/\/www.mouldprecision.com\/wp-content\/uploads\/cache\/2018\/08\/3MM-inspection\/384997435.jpg\" src=\"data:image\/svg+xml,%3Csvg%20xmlns%3D%22http%3A%2F%2Fwww.w3.org%2F2000%2Fsvg%22%20width%3D%22251%22%20height%3D%22190%22%20viewBox%3D%220%200%20251%20190%22%3E%3C%2Fsvg%3E\" loading=\"eager\"><\/span><span class=\"fg-image-overlay\"><\/span><\/a><figcaption class=\"fg-caption\"><div class=\"fg-caption-inner\"><div class=\"fg-caption-title\">3MM-inspection<\/div><\/div><\/figcaption><\/figure><div class=\"fg-loader\"><\/div><\/div><div class=\"fg-item fg-type-image fg-idle\"><figure class=\"fg-item-inner\"><a href=\"https:\/\/www.mouldprecision.com\/wp-content\/uploads\/2018\/08\/heat-treatment.jpg\" data-caption-title=\"heat-treatment\" data-attachment-id=\"2292\" data-type=\"image\" class=\"fg-thumb\"><span class=\"fg-image-wrap\"><img decoding=\"async\" width=\"251\" height=\"190\" class=\"skip-lazy fg-image\" data-src-fg=\"https:\/\/www.mouldprecision.com\/wp-content\/uploads\/cache\/2018\/08\/heat-treatment-1\/2997920157.jpg\" src=\"data:image\/svg+xml,%3Csvg%20xmlns%3D%22http%3A%2F%2Fwww.w3.org%2F2000%2Fsvg%22%20width%3D%22251%22%20height%3D%22190%22%20viewBox%3D%220%200%20251%20190%22%3E%3C%2Fsvg%3E\" loading=\"eager\"><\/span><span class=\"fg-image-overlay\"><\/span><\/a><figcaption class=\"fg-caption\"><div class=\"fg-caption-inner\"><div class=\"fg-caption-title\">heat-treatment<\/div><\/div><\/figcaption><\/figure><div class=\"fg-loader\"><\/div><\/div><div class=\"fg-item fg-type-iframe fg-idle\"><figure class=\"fg-item-inner\"><a href=\"https:\/\/www.mouldprecision.com\/wp-content\/uploads\/2018\/07\/MP-1425-weekly-reportR2.pdf\" data-caption-title=\"mould-quality-control\" data-attachment-id=\"2296\" data-type=\"iframe\" class=\"fg-thumb\"><span class=\"fg-image-wrap\"><img decoding=\"async\" width=\"251\" height=\"190\" class=\"skip-lazy fg-image\" data-src-fg=\"https:\/\/www.mouldprecision.com\/wp-content\/uploads\/cache\/2018\/08\/mould-quality-control\/410346183.jpg\" src=\"data:image\/svg+xml,%3Csvg%20xmlns%3D%22http%3A%2F%2Fwww.w3.org%2F2000%2Fsvg%22%20width%3D%22251%22%20height%3D%22190%22%20viewBox%3D%220%200%20251%20190%22%3E%3C%2Fsvg%3E\" loading=\"eager\"><\/span><span class=\"fg-image-overlay\"><\/span><\/a><figcaption class=\"fg-caption\"><div class=\"fg-caption-inner\"><div class=\"fg-caption-title\">mould-quality-control<\/div><\/div><\/figcaption><\/figure><div class=\"fg-loader\"><\/div><\/div><\/div>\n\n<p><strong>Inspektionsinhalt:<\/strong><\/p>\n<div class=\"pd6\">\n<ul>\n<li>Kundenspezifikationsblatt Check<\/li>\n<li>Design Steuerung optimieren<\/li>\n<li>Werkzeugstahl H\u00e4rtepr\u00fcfung<\/li>\n<li>Pr\u00fcfung von Formelektroden<\/li>\n<li>Formkern und Hohlraumstahl Dimensionskontrolle<\/li>\n<li>Werkzeug-Vormontage-Inspektion<\/li>\n<li>Mold Trial Report und Musterpr\u00fcfung<\/li>\n<li>Endkontrolle der Form vor dem Versand<\/li>\n<li>Inspektion von Formverpackungen<\/li>\n<\/ul>\n<\/div>\n<h3>Qualit\u00e4t der partner:<\/h3>\n<\/div>\n<\/div>\n<\/div>\n<div id=\"panel-48-0-0-1\" class=\"so-panel widget widget_theme-toolkit-partners theme_toolkit_partners panel-last-child\" data-index=\"1\" data-style=\"{&quot;background_image_attachment&quot;:false,&quot;background_display&quot;:&quot;tile&quot;}\">\n                <div class=\"tt-partners-wrap\">\n\n                    \n      <div class=\"tt-partners\">\n\n        <div class=\"inner-wrapper\">\n\n            <div class=\"tt-partners-main\">\n\n                \n                    <div class=\"tt-partners-item\">\n                    \n                        <div class=\"tt-partners-thumb\">\n                            <img loading=\"lazy\" decoding=\"async\" width=\"234\" height=\"100\" src=\"https:\/\/www.mouldprecision.com\/wp-content\/uploads\/2018\/08\/partner-1.png\" class=\"attachment-full size-full wp-post-image\" alt=\"partner\" \/>                        <\/div>\n                        \n                    <\/div>\n\n                    \n                    <div class=\"tt-partners-item\">\n                    \n                        <div class=\"tt-partners-thumb\">\n                            <img loading=\"lazy\" decoding=\"async\" width=\"234\" height=\"100\" src=\"https:\/\/www.mouldprecision.com\/wp-content\/uploads\/2018\/08\/partner-2.png\" class=\"attachment-full size-full wp-post-image\" alt=\"partner\" \/>                        <\/div>\n                        \n                    <\/div>\n\n                    \n                    <div class=\"tt-partners-item\">\n                    \n                        <div class=\"tt-partners-thumb\">\n                            <img loading=\"lazy\" decoding=\"async\" width=\"234\" height=\"100\" src=\"https:\/\/www.mouldprecision.com\/wp-content\/uploads\/2018\/08\/partner-3.png\" class=\"attachment-full size-full wp-post-image\" alt=\"partner\" \/>                        <\/div>\n                        \n                    <\/div>\n\n                    \n                    <div class=\"tt-partners-item\">\n                    \n                        <div class=\"tt-partners-thumb\">\n                            <img loading=\"lazy\" decoding=\"async\" width=\"234\" height=\"100\" src=\"https:\/\/www.mouldprecision.com\/wp-content\/uploads\/2018\/08\/partner-4.png\" class=\"attachment-full size-full wp-post-image\" alt=\"partner\" \/>                        <\/div>\n                        \n                    <\/div>\n\n                    \n                    <div class=\"tt-partners-item\">\n                    \n                        <div class=\"tt-partners-thumb\">\n                            <img loading=\"lazy\" decoding=\"async\" width=\"234\" height=\"100\" src=\"https:\/\/www.mouldprecision.com\/wp-content\/uploads\/2018\/08\/partner-5.png\" class=\"attachment-full size-full wp-post-image\" alt=\"partner\" \/>                        <\/div>\n                        \n                    <\/div>\n\n                    \n                    <div class=\"tt-partners-item\">\n                    \n                        <div class=\"tt-partners-thumb\">\n                            <img loading=\"lazy\" decoding=\"async\" width=\"234\" height=\"100\" src=\"https:\/\/www.mouldprecision.com\/wp-content\/uploads\/2018\/08\/partner-6.png\" class=\"attachment-full size-full wp-post-image\" alt=\"partner\" \/>                        <\/div>\n                        \n                    <\/div>\n\n                    \n            <\/div>\n\n        <\/div><!-- .inner-wrapper -->\n\n      <\/div><!-- .tt-partners-widget -->\n\n                    \n                <\/div>\n\n                <\/div>\n<\/div>\n<\/div>\n<\/div>\n<!-- Begin Yuzo --><div class='yuzo_related_post style-1'  data-version='5.12.89'><!-- without result --><div class='yuzo_clearfixed yuzo__title yuzo__title'><h5>Related Post<\/h5><\/div>\n<\/div>  <!-- End Yuzo :) -->","protected":false},"excerpt":{"rendered":"<p>Wir folgen dem PDCA-Management. Es ist eine gute L\u00f6sung und ein System f\u00fcr den normalen Formen- und Eilformenbau. Wir bieten einen Wochenbericht f\u00fcr die Qualit\u00e4tskontrolle im Formenbau und die termingerechte Lieferung. Die vier Phasen sind:: Planen: Identifizieren und analysieren Sie das Problem oder die Gelegenheit, entwickeln Sie Hypothesen dar\u00fcber, was die Probleme sein k\u00f6nnen, und [&hellip;]<\/p>\n","protected":false},"author":2,"featured_media":0,"parent":0,"menu_order":0,"comment_status":"closed","ping_status":"closed","template":"","meta":{"footnotes":""},"class_list":["post-3772","page","type-page","status-publish","hentry"],"yoast_head":"<!-- This site is optimized with the Yoast SEO plugin v27.2 - https:\/\/yoast.com\/product\/yoast-seo-wordpress\/ -->\n<title>Qualit\u00e4t kontrolle | China mould maker,mould making company &amp; manufacturer<\/title>\n<meta name=\"robots\" content=\"index, follow, max-snippet:-1, max-image-preview:large, max-video-preview:-1\" \/>\n<link rel=\"canonical\" href=\"https:\/\/www.mouldprecision.com\/de\/qualitaet-kontrolle.html\" \/>\n<meta property=\"og:locale\" content=\"de_DE\" \/>\n<meta property=\"og:type\" content=\"article\" \/>\n<meta property=\"og:title\" content=\"Qualit\u00e4t kontrolle | China mould maker,mould making company &amp; manufacturer\" \/>\n<meta property=\"og:description\" content=\"Wir folgen dem PDCA-Management. Es ist eine gute L\u00f6sung und ein System f\u00fcr den normalen Formen- und Eilformenbau. Wir bieten einen Wochenbericht f\u00fcr die Qualit\u00e4tskontrolle im Formenbau und die termingerechte Lieferung. Die vier Phasen sind:: Planen: Identifizieren und analysieren Sie das Problem oder die Gelegenheit, entwickeln Sie Hypothesen dar\u00fcber, was die Probleme sein k\u00f6nnen, und [&hellip;]\" \/>\n<meta property=\"og:url\" content=\"https:\/\/www.mouldprecision.com\/de\/qualitaet-kontrolle.html\" \/>\n<meta property=\"og:site_name\" content=\"China mould maker,mould making company &amp; manufacturer\" \/>\n<meta property=\"og:image\" content=\"https:\/\/www.mouldprecision.com\/wp-content\/uploads\/2018\/08\/PDCA.jpg\" \/>\n<meta name=\"twitter:card\" content=\"summary_large_image\" \/>\n<meta name=\"twitter:label1\" content=\"Gesch\u00e4tzte Lesezeit\" \/>\n\t<meta name=\"twitter:data1\" content=\"1 minute\" \/>\n<script type=\"application\/ld+json\" class=\"yoast-schema-graph\">{\"@context\":\"https:\/\/schema.org\",\"@graph\":[{\"@type\":\"WebPage\",\"@id\":\"https:\/\/www.mouldprecision.com\/de\/qualitaet-kontrolle.html\",\"url\":\"https:\/\/www.mouldprecision.com\/de\/qualitaet-kontrolle.html\",\"name\":\"Qualit\u00e4t kontrolle | China mould maker,mould making company &amp; manufacturer\",\"isPartOf\":{\"@id\":\"https:\/\/www.mouldprecision.com\/#website\"},\"primaryImageOfPage\":{\"@id\":\"https:\/\/www.mouldprecision.com\/de\/qualitaet-kontrolle.html#primaryimage\"},\"image\":{\"@id\":\"https:\/\/www.mouldprecision.com\/de\/qualitaet-kontrolle.html#primaryimage\"},\"thumbnailUrl\":\"https:\/\/www.mouldprecision.com\/wp-content\/uploads\/2018\/08\/PDCA.jpg\",\"datePublished\":\"2018-09-04T12:28:23+00:00\",\"breadcrumb\":{\"@id\":\"https:\/\/www.mouldprecision.com\/de\/qualitaet-kontrolle.html#breadcrumb\"},\"inLanguage\":\"de-DE\",\"potentialAction\":[{\"@type\":\"ReadAction\",\"target\":[\"https:\/\/www.mouldprecision.com\/de\/qualitaet-kontrolle.html\"]}]},{\"@type\":\"ImageObject\",\"inLanguage\":\"de-DE\",\"@id\":\"https:\/\/www.mouldprecision.com\/de\/qualitaet-kontrolle.html#primaryimage\",\"url\":\"https:\/\/www.mouldprecision.com\/wp-content\/uploads\/2018\/08\/PDCA.jpg\",\"contentUrl\":\"https:\/\/www.mouldprecision.com\/wp-content\/uploads\/2018\/08\/PDCA.jpg\"},{\"@type\":\"BreadcrumbList\",\"@id\":\"https:\/\/www.mouldprecision.com\/de\/qualitaet-kontrolle.html#breadcrumb\",\"itemListElement\":[{\"@type\":\"ListItem\",\"position\":1,\"name\":\"Home\",\"item\":\"https:\/\/www.mouldprecision.com\/de\"},{\"@type\":\"ListItem\",\"position\":2,\"name\":\"Qualit\u00e4t kontrolle\"}]},{\"@type\":\"WebSite\",\"@id\":\"https:\/\/www.mouldprecision.com\/#website\",\"url\":\"https:\/\/www.mouldprecision.com\/\",\"name\":\"China mould maker,mould making company &amp; manufacturer\",\"description\":\"\",\"publisher\":{\"@id\":\"https:\/\/www.mouldprecision.com\/#organization\"},\"potentialAction\":[{\"@type\":\"SearchAction\",\"target\":{\"@type\":\"EntryPoint\",\"urlTemplate\":\"https:\/\/www.mouldprecision.com\/?s={search_term_string}\"},\"query-input\":{\"@type\":\"PropertyValueSpecification\",\"valueRequired\":true,\"valueName\":\"search_term_string\"}}],\"inLanguage\":\"de-DE\"},{\"@type\":\"Organization\",\"@id\":\"https:\/\/www.mouldprecision.com\/#organization\",\"name\":\"China mould maker,mould making company &amp; manufacturer\",\"url\":\"https:\/\/www.mouldprecision.com\/\",\"logo\":{\"@type\":\"ImageObject\",\"inLanguage\":\"de-DE\",\"@id\":\"https:\/\/www.mouldprecision.com\/#\/schema\/logo\/image\/\",\"url\":\"https:\/\/www.mouldprecision.com\/wp-content\/uploads\/2018\/08\/MP-logo.png\",\"contentUrl\":\"https:\/\/www.mouldprecision.com\/wp-content\/uploads\/2018\/08\/MP-logo.png\",\"width\":156,\"height\":59,\"caption\":\"China mould maker,mould making company &amp; manufacturer\"},\"image\":{\"@id\":\"https:\/\/www.mouldprecision.com\/#\/schema\/logo\/image\/\"}}]}<\/script>\n<!-- \/ Yoast SEO plugin. -->","yoast_head_json":{"title":"Qualit\u00e4t kontrolle | China mould maker,mould making company &amp; manufacturer","robots":{"index":"index","follow":"follow","max-snippet":"max-snippet:-1","max-image-preview":"max-image-preview:large","max-video-preview":"max-video-preview:-1"},"canonical":"https:\/\/www.mouldprecision.com\/de\/qualitaet-kontrolle.html","og_locale":"de_DE","og_type":"article","og_title":"Qualit\u00e4t kontrolle | China mould maker,mould making company &amp; manufacturer","og_description":"Wir folgen dem PDCA-Management. Es ist eine gute L\u00f6sung und ein System f\u00fcr den normalen Formen- und Eilformenbau. Wir bieten einen Wochenbericht f\u00fcr die Qualit\u00e4tskontrolle im Formenbau und die termingerechte Lieferung. Die vier Phasen sind:: Planen: Identifizieren und analysieren Sie das Problem oder die Gelegenheit, entwickeln Sie Hypothesen dar\u00fcber, was die Probleme sein k\u00f6nnen, und [&hellip;]","og_url":"https:\/\/www.mouldprecision.com\/de\/qualitaet-kontrolle.html","og_site_name":"China mould maker,mould making company &amp; manufacturer","og_image":[{"url":"https:\/\/www.mouldprecision.com\/wp-content\/uploads\/2018\/08\/PDCA.jpg","type":"","width":"","height":""}],"twitter_card":"summary_large_image","twitter_misc":{"Gesch\u00e4tzte Lesezeit":"1 minute"},"schema":{"@context":"https:\/\/schema.org","@graph":[{"@type":"WebPage","@id":"https:\/\/www.mouldprecision.com\/de\/qualitaet-kontrolle.html","url":"https:\/\/www.mouldprecision.com\/de\/qualitaet-kontrolle.html","name":"Qualit\u00e4t kontrolle | China mould maker,mould making company &amp; manufacturer","isPartOf":{"@id":"https:\/\/www.mouldprecision.com\/#website"},"primaryImageOfPage":{"@id":"https:\/\/www.mouldprecision.com\/de\/qualitaet-kontrolle.html#primaryimage"},"image":{"@id":"https:\/\/www.mouldprecision.com\/de\/qualitaet-kontrolle.html#primaryimage"},"thumbnailUrl":"https:\/\/www.mouldprecision.com\/wp-content\/uploads\/2018\/08\/PDCA.jpg","datePublished":"2018-09-04T12:28:23+00:00","breadcrumb":{"@id":"https:\/\/www.mouldprecision.com\/de\/qualitaet-kontrolle.html#breadcrumb"},"inLanguage":"de-DE","potentialAction":[{"@type":"ReadAction","target":["https:\/\/www.mouldprecision.com\/de\/qualitaet-kontrolle.html"]}]},{"@type":"ImageObject","inLanguage":"de-DE","@id":"https:\/\/www.mouldprecision.com\/de\/qualitaet-kontrolle.html#primaryimage","url":"https:\/\/www.mouldprecision.com\/wp-content\/uploads\/2018\/08\/PDCA.jpg","contentUrl":"https:\/\/www.mouldprecision.com\/wp-content\/uploads\/2018\/08\/PDCA.jpg"},{"@type":"BreadcrumbList","@id":"https:\/\/www.mouldprecision.com\/de\/qualitaet-kontrolle.html#breadcrumb","itemListElement":[{"@type":"ListItem","position":1,"name":"Home","item":"https:\/\/www.mouldprecision.com\/de"},{"@type":"ListItem","position":2,"name":"Qualit\u00e4t kontrolle"}]},{"@type":"WebSite","@id":"https:\/\/www.mouldprecision.com\/#website","url":"https:\/\/www.mouldprecision.com\/","name":"China mould maker,mould making company &amp; manufacturer","description":"","publisher":{"@id":"https:\/\/www.mouldprecision.com\/#organization"},"potentialAction":[{"@type":"SearchAction","target":{"@type":"EntryPoint","urlTemplate":"https:\/\/www.mouldprecision.com\/?s={search_term_string}"},"query-input":{"@type":"PropertyValueSpecification","valueRequired":true,"valueName":"search_term_string"}}],"inLanguage":"de-DE"},{"@type":"Organization","@id":"https:\/\/www.mouldprecision.com\/#organization","name":"China mould maker,mould making company &amp; manufacturer","url":"https:\/\/www.mouldprecision.com\/","logo":{"@type":"ImageObject","inLanguage":"de-DE","@id":"https:\/\/www.mouldprecision.com\/#\/schema\/logo\/image\/","url":"https:\/\/www.mouldprecision.com\/wp-content\/uploads\/2018\/08\/MP-logo.png","contentUrl":"https:\/\/www.mouldprecision.com\/wp-content\/uploads\/2018\/08\/MP-logo.png","width":156,"height":59,"caption":"China mould maker,mould making company &amp; manufacturer"},"image":{"@id":"https:\/\/www.mouldprecision.com\/#\/schema\/logo\/image\/"}}]}},"_links":{"self":[{"href":"https:\/\/www.mouldprecision.com\/de\/wp-json\/wp\/v2\/pages\/3772","targetHints":{"allow":["GET"]}}],"collection":[{"href":"https:\/\/www.mouldprecision.com\/de\/wp-json\/wp\/v2\/pages"}],"about":[{"href":"https:\/\/www.mouldprecision.com\/de\/wp-json\/wp\/v2\/types\/page"}],"author":[{"embeddable":true,"href":"https:\/\/www.mouldprecision.com\/de\/wp-json\/wp\/v2\/users\/2"}],"replies":[{"embeddable":true,"href":"https:\/\/www.mouldprecision.com\/de\/wp-json\/wp\/v2\/comments?post=3772"}],"version-history":[{"count":0,"href":"https:\/\/www.mouldprecision.com\/de\/wp-json\/wp\/v2\/pages\/3772\/revisions"}],"wp:attachment":[{"href":"https:\/\/www.mouldprecision.com\/de\/wp-json\/wp\/v2\/media?parent=3772"}],"curies":[{"name":"wp","href":"https:\/\/api.w.org\/{rel}","templated":true}]}}